{"id":293,"date":"2020-09-08T11:29:54","date_gmt":"2020-09-08T11:29:54","guid":{"rendered":"http:\/\/forbabyboss.com\/?page_id=293"},"modified":"2020-09-08T11:29:59","modified_gmt":"2020-09-08T11:29:59","slug":"vraceni-penez-za-zruseni","status":"publish","type":"page","link":"https:\/\/forbabyboss.com\/cs\/cancellation-refunds\/","title":{"rendered":"Zru\u0161en\u00ed a vr\u00e1cen\u00ed pen\u011bz"},"content":{"rendered":"<p>Vr\u00e1cen\u00ed zbo\u017e\u00ed&nbsp;<\/p>\n\n\n\n<p>Na\u0161e podm\u00ednky plat\u00ed 30 dn\u00ed od obdr\u017een\u00ed va\u0161\u00ed objedn\u00e1vky. Pokud od obdr\u017een\u00ed va\u0161\u00ed objedn\u00e1vky uplynulo 30 dn\u00ed, bohu\u017eel v\u00e1m nem\u016f\u017eeme nab\u00eddnout vr\u00e1cen\u00ed pen\u011bz ani v\u00fdm\u011bnu zbo\u017e\u00ed.&nbsp;<\/p>\n\n\n\n<p>Abyste m\u011bli n\u00e1rok na vr\u00e1cen\u00ed zbo\u017e\u00ed, mus\u00ed b\u00fdt va\u0161e zbo\u017e\u00ed nepou\u017eit\u00e9 a ve stejn\u00e9m stavu, v jak\u00e9m jste jej obdr\u017eeli. Mus\u00ed b\u00fdt tak\u00e9 v origin\u00e1ln\u00edm balen\u00ed.&nbsp;<\/p>\n\n\n\n<p>N\u011bkolik druh\u016f zbo\u017e\u00ed je z vr\u00e1cen\u00ed vy\u0148ato. Zbo\u017e\u00ed podl\u00e9haj\u00edc\u00ed rychl\u00e9 zk\u00e1ze, jako jsou potraviny, kv\u011btiny, noviny nebo \u010dasopisy, nelze vr\u00e1tit. Tak\u00e9 nep\u0159ij\u00edm\u00e1me produkty, kter\u00e9 jsou intimn\u00edm nebo hygienick\u00fdm zbo\u017e\u00edm, nebezpe\u010dn\u00fdmi materi\u00e1ly nebo ho\u0159lav\u00fdmi kapalinami \u010di plyny.&nbsp;<\/p>\n\n\n\n<p>Pro dokon\u010den\u00ed vr\u00e1cen\u00ed zbo\u017e\u00ed pot\u0159ebujeme \u00fa\u010dtenku nebo doklad o koupi.&nbsp;<\/p>\n\n\n\n<p>Pros\u00edm, nepos\u00edlejte sv\u016fj n\u00e1kup zp\u011bt v\u00fdrobci.&nbsp;<\/p>\n\n\n\n<p>Existuj\u00ed ur\u010dit\u00e9 situace, kdy jsou poskytnuty pouze \u010d\u00e1ste\u010dn\u00e9 n\u00e1hrady (pokud je to relevantn\u00ed)&nbsp;<\/p>\n\n\n\n<p>\u2013 Jak\u00e1koli polo\u017eka, kter\u00e1 nen\u00ed v p\u016fvodn\u00edm stavu, je po\u0161kozena nebo j\u00ed chyb\u00ed jej\u00ed \u010d\u00e1sti z d\u016fvod\u016f, kter\u00e9 nebyly na\u0161\u00ed chybou&nbsp;<\/p>\n\n\n\n<p>\u2013&nbsp;<\/p>\n\n\n\n<p>Jak\u00e9koli zbo\u017e\u00ed vr\u00e1cen\u00e9 v\u00edce ne\u017e 30 dn\u00ed po doru\u010den\u00ed, kter\u00e9 vykazuje zjevn\u00e9 zn\u00e1mky pou\u017e\u00edv\u00e1n\u00ed.&nbsp;<\/p>\n\n\n\n<p>Vr\u00e1cen\u00ed pen\u011bz (pokud je to relevantn\u00ed)&nbsp;<\/p>\n\n\n\n<p>Jakmile obdr\u017e\u00edme a zkontrolujeme va\u0161i vr\u00e1cenou polo\u017eku, za\u0161leme v\u00e1m e-mail s ozn\u00e1men\u00edm, \u017ee jsme va\u0161i vr\u00e1cenou polo\u017eku obdr\u017eeli. Tak\u00e9 v\u00e1s budeme informovat o schv\u00e1len\u00ed nebo zam\u00edtnut\u00ed va\u0161\u00ed \u017e\u00e1dosti o vr\u00e1cen\u00ed pen\u011bz.&nbsp;<\/p>\n\n\n\n<p>Pokud budete schv\u00e1leni, bude va\u0161e vr\u00e1cen\u00ed pen\u011bz zpracov\u00e1no a kredit bude automaticky p\u0159ips\u00e1n na va\u0161i kreditn\u00ed kartu nebo p\u016fvodn\u00ed zp\u016fsob platby do ur\u010dit\u00e9ho po\u010dtu dn\u016f.&nbsp;<\/p>\n\n\n\n<p>Pozdn\u00ed nebo chyb\u011bj\u00edc\u00ed vr\u00e1cen\u00ed pen\u011bz (pokud je to relevantn\u00ed)&nbsp;<\/p>\n\n\n\n<p>Pokud jste je\u0161t\u011b neobdr\u017eeli vr\u00e1cen\u00ed pen\u011bz, nejprve znovu zkontrolujte sv\u016fj bankovn\u00ed \u00fa\u010det.&nbsp;<\/p>\n\n\n\n<p>Pak kontaktujte spole\u010dnost, kter\u00e1 v\u00e1m vydala kreditn\u00ed kartu. Ofici\u00e1ln\u00ed za\u00fa\u010dtov\u00e1n\u00ed vr\u00e1cen\u00e9 \u010d\u00e1stky m\u016f\u017ee n\u011bjakou dobu trvat.&nbsp;<\/p>\n\n\n\n<p>D\u00e1le kontaktujte svou banku. P\u0159ed zasl\u00e1n\u00edm vr\u00e1cen\u00e9 platby je \u010dasto pot\u0159eba ur\u010dit\u00e1 doba na zpracov\u00e1n\u00ed.&nbsp;<\/p>\n\n\n\n<p>Pokud jste v\u0161e v\u00fd\u0161e uveden\u00e9 ud\u011blali a st\u00e1le jste neobdr\u017eeli vr\u00e1cen\u00ed pen\u011bz, kontaktujte n\u00e1s pros\u00edm na adrese support@forbabyboss.com.&nbsp;&nbsp;<\/p>\n\n\n\n<p>Zbo\u017e\u00ed ve slev\u011b (pokud je k dispozici)&nbsp;<\/p>\n\n\n\n<p>Vr\u00e1cen\u00ed pen\u011bz je mo\u017en\u00e9 pouze za b\u011b\u017enou cenu, zlevn\u011bn\u00e9 zbo\u017e\u00ed bohu\u017eel nelze vr\u00e1tit.&nbsp;<\/p>\n\n\n\n<p>V\u00fdm\u011bny (pokud existuj\u00ed)&nbsp;<\/p>\n\n\n\n<p>Zbo\u017e\u00ed vym\u011b\u0148ujeme pouze v p\u0159\u00edpad\u011b, \u017ee je vadn\u00e9 nebo po\u0161kozen\u00e9. Pokud pot\u0159ebujete zbo\u017e\u00ed vym\u011bnit za stejn\u00e9, po\u0161lete n\u00e1m e-mail na adresu support@forbabyboss.com.<\/p>\n\n\n\n<p>D\u00e1rky&nbsp;<\/p>\n\n\n\n<p>Pokud byla polo\u017eka p\u0159i n\u00e1kupu ozna\u010dena jako d\u00e1rek a byla v\u00e1m odesl\u00e1na p\u0159\u00edmo, obdr\u017e\u00edte d\u00e1rkov\u00fd kredit v hodnot\u011b vr\u00e1cen\u00e9ho zbo\u017e\u00ed. Po obdr\u017een\u00ed vr\u00e1cen\u00e9 polo\u017eky v\u00e1m bude po\u0161tou zasl\u00e1n d\u00e1rkov\u00fd certifik\u00e1t.&nbsp;<\/p>\n\n\n\n<p>Pokud polo\u017eka nebyla p\u0159i n\u00e1kupu ozna\u010dena jako d\u00e1rek, nebo si d\u00e1rce nechal objedn\u00e1vku zaslat k sob\u011b, aby v\u00e1m ji dal pozd\u011bji, vr\u00e1t\u00edme pen\u00edze d\u00e1rci a on se dozv\u00ed o va\u0161em vr\u00e1cen\u00ed.&nbsp;<\/p>\n\n\n\n<p>Doprava&nbsp;<\/p>\n\n\n\n<p>Chcete-li produkt vr\u00e1tit, za\u0161lete n\u00e1m jej zp\u011bt po\u0161tou. Pro v\u00edce informac\u00ed n\u00e1m napi\u0161te na support@forbabyboss.com.<\/p>\n\n\n\n<p>N\u00e1klady na dopravu p\u0159i vr\u00e1cen\u00ed zbo\u017e\u00ed uhrad\u00edte sami. N\u00e1klady na dopravu jsou nevratn\u00e9. Pokud obdr\u017e\u00edte vr\u00e1cen\u00ed pen\u011bz, budou n\u00e1klady na zp\u00e1te\u010dn\u00ed dopravu ode\u010dteny od va\u0161\u00ed vr\u00e1cen\u00e9 \u010d\u00e1stky.&nbsp;<\/p>\n\n\n\n<p>V z\u00e1vislosti na m\u00edst\u011b va\u0161eho bydli\u0161t\u011b se m\u016f\u017ee doba, za kterou v\u00e1mi vym\u011bn\u011bn\u00fd produkt doraz\u00ed, li\u0161it.&nbsp;<\/p>","protected":false},"excerpt":{"rendered":"<p>Returns&nbsp; Our policy lasts 30 days after you receive your order. If 30 days have gone by since receiving your order, unfortunately we can\u2019t offer you a refund or exchange.&nbsp; To be eligible for a return, your item must be unused and in the same condition that you received it. It must also be in [&#8230;]\n","protected":false},"author":1,"featured_media":0,"parent":0,"menu_order":0,"comment_status":"closed","ping_status":"closed","template":"","meta":{"footnotes":""},"class_list":["post-293","page","type-page","status-publish","hentry"],"yoast_head":"<!-- This site is optimized with the Yoast SEO plugin v27.5 - https:\/\/yoast.com\/product\/yoast-seo-wordpress\/ -->\n<title>Cancellation &amp; Refunds - For Baby Boss<\/title>\n<meta name=\"robots\" content=\"index, follow, max-snippet:-1, max-image-preview:large, max-video-preview:-1\" \/>\n<link rel=\"canonical\" href=\"https:\/\/forbabyboss.com\/cs\/vraceni-penez-za-zruseni\/\" \/>\n<meta property=\"og:locale\" content=\"cs_CZ\" \/>\n<meta property=\"og:type\" content=\"article\" \/>\n<meta property=\"og:title\" content=\"Cancellation &amp; Refunds - For Baby Boss\" \/>\n<meta property=\"og:description\" content=\"Returns&nbsp; Our policy lasts 30 days after you receive your order. If 30 days have gone by since receiving your order, unfortunately we can\u2019t offer you a refund or exchange.&nbsp; To be eligible for a return, your item must be unused and in the same condition that you received it. It must also be in [...]\" \/>\n<meta property=\"og:url\" content=\"https:\/\/forbabyboss.com\/cs\/vraceni-penez-za-zruseni\/\" \/>\n<meta property=\"og:site_name\" content=\"For Baby Boss\" \/>\n<meta property=\"article:modified_time\" content=\"2020-09-08T11:29:59+00:00\" \/>\n<meta name=\"twitter:card\" content=\"summary_large_image\" \/>\n<meta name=\"twitter:label1\" content=\"Odhadovan\u00e1 doba \u010dten\u00ed\" \/>\n\t<meta name=\"twitter:data1\" content=\"3 minuty\" \/>\n<script type=\"application\/ld+json\" class=\"yoast-schema-graph\">{\"@context\":\"https:\\\/\\\/schema.org\",\"@graph\":[{\"@type\":\"WebPage\",\"@id\":\"https:\\\/\\\/forbabyboss.com\\\/cancellation-refunds\\\/\",\"url\":\"https:\\\/\\\/forbabyboss.com\\\/cancellation-refunds\\\/\",\"name\":\"Cancellation & Refunds - For Baby Boss\",\"isPartOf\":{\"@id\":\"https:\\\/\\\/powderblue-seahorse-496884.hostingersite.com\\\/#website\"},\"datePublished\":\"2020-09-08T11:29:54+00:00\",\"dateModified\":\"2020-09-08T11:29:59+00:00\",\"breadcrumb\":{\"@id\":\"https:\\\/\\\/forbabyboss.com\\\/cancellation-refunds\\\/#breadcrumb\"},\"inLanguage\":\"cs\",\"potentialAction\":[{\"@type\":\"ReadAction\",\"target\":[\"https:\\\/\\\/forbabyboss.com\\\/cancellation-refunds\\\/\"]}]},{\"@type\":\"BreadcrumbList\",\"@id\":\"https:\\\/\\\/forbabyboss.com\\\/cancellation-refunds\\\/#breadcrumb\",\"itemListElement\":[{\"@type\":\"ListItem\",\"position\":1,\"name\":\"Home\",\"item\":\"https:\\\/\\\/forbabyboss.com\\\/\"},{\"@type\":\"ListItem\",\"position\":2,\"name\":\"Cancellation &#038; Refunds\"}]},{\"@type\":\"WebSite\",\"@id\":\"https:\\\/\\\/powderblue-seahorse-496884.hostingersite.com\\\/#website\",\"url\":\"https:\\\/\\\/powderblue-seahorse-496884.hostingersite.com\\\/\",\"name\":\"For Baby Boss\",\"description\":\"Beautiful gifts and accessories for your baby boss\",\"potentialAction\":[{\"@type\":\"SearchAction\",\"target\":{\"@type\":\"EntryPoint\",\"urlTemplate\":\"https:\\\/\\\/powderblue-seahorse-496884.hostingersite.com\\\/?s={search_term_string}\"},\"query-input\":{\"@type\":\"PropertyValueSpecification\",\"valueRequired\":true,\"valueName\":\"search_term_string\"}}],\"inLanguage\":\"cs\"}]}<\/script>\n<!-- \/ Yoast SEO plugin. -->","yoast_head_json":{"title":"Storno a vr\u00e1cen\u00ed pen\u011bz - Pro Baby Boss","robots":{"index":"index","follow":"follow","max-snippet":"max-snippet:-1","max-image-preview":"max-image-preview:large","max-video-preview":"max-video-preview:-1"},"canonical":"https:\/\/forbabyboss.com\/cs\/vraceni-penez-za-zruseni\/","og_locale":"cs_CZ","og_type":"article","og_title":"Cancellation & Refunds - For Baby Boss","og_description":"Returns&nbsp; Our policy lasts 30 days after you receive your order. If 30 days have gone by since receiving your order, unfortunately we can\u2019t offer you a refund or exchange.&nbsp; To be eligible for a return, your item must be unused and in the same condition that you received it. It must also be in [...]","og_url":"https:\/\/forbabyboss.com\/cs\/vraceni-penez-za-zruseni\/","og_site_name":"For Baby Boss","article_modified_time":"2020-09-08T11:29:59+00:00","twitter_card":"summary_large_image","twitter_misc":{"Odhadovan\u00e1 doba \u010dten\u00ed":"3 minuty"},"schema":{"@context":"https:\/\/schema.org","@graph":[{"@type":"WebPage","@id":"https:\/\/forbabyboss.com\/cancellation-refunds\/","url":"https:\/\/forbabyboss.com\/cancellation-refunds\/","name":"Storno a vr\u00e1cen\u00ed pen\u011bz - Pro Baby Boss","isPartOf":{"@id":"https:\/\/powderblue-seahorse-496884.hostingersite.com\/#website"},"datePublished":"2020-09-08T11:29:54+00:00","dateModified":"2020-09-08T11:29:59+00:00","breadcrumb":{"@id":"https:\/\/forbabyboss.com\/cancellation-refunds\/#breadcrumb"},"inLanguage":"cs","potentialAction":[{"@type":"ReadAction","target":["https:\/\/forbabyboss.com\/cancellation-refunds\/"]}]},{"@type":"BreadcrumbList","@id":"https:\/\/forbabyboss.com\/cancellation-refunds\/#breadcrumb","itemListElement":[{"@type":"ListItem","position":1,"name":"Home","item":"https:\/\/forbabyboss.com\/"},{"@type":"ListItem","position":2,"name":"Cancellation &#038; Refunds"}]},{"@type":"WebSite","@id":"https:\/\/powderblue-seahorse-496884.hostingersite.com\/#website","url":"https:\/\/powderblue-seahorse-496884.hostingersite.com\/","name":"Pro Baby Boss","description":"Kr\u00e1sn\u00e9 d\u00e1rky a dopl\u0148ky pro va\u0161eho \u0161\u00e9fa","potentialAction":[{"@type":"SearchAction","target":{"@type":"EntryPoint","urlTemplate":"https:\/\/powderblue-seahorse-496884.hostingersite.com\/?s={search_term_string}"},"query-input":{"@type":"PropertyValueSpecification","valueRequired":true,"valueName":"search_term_string"}}],"inLanguage":"cs"}]}},"_links":{"self":[{"href":"https:\/\/forbabyboss.com\/cs\/wp-json\/wp\/v2\/pages\/293","targetHints":{"allow":["GET"]}}],"collection":[{"href":"https:\/\/forbabyboss.com\/cs\/wp-json\/wp\/v2\/pages"}],"about":[{"href":"https:\/\/forbabyboss.com\/cs\/wp-json\/wp\/v2\/types\/page"}],"author":[{"embeddable":true,"href":"https:\/\/forbabyboss.com\/cs\/wp-json\/wp\/v2\/users\/1"}],"replies":[{"embeddable":true,"href":"https:\/\/forbabyboss.com\/cs\/wp-json\/wp\/v2\/comments?post=293"}],"version-history":[{"count":0,"href":"https:\/\/forbabyboss.com\/cs\/wp-json\/wp\/v2\/pages\/293\/revisions"}],"wp:attachment":[{"href":"https:\/\/forbabyboss.com\/cs\/wp-json\/wp\/v2\/media?parent=293"}],"curies":[{"name":"wp","href":"https:\/\/api.w.org\/{rel}","templated":true}]}}