{"id":763,"date":"2020-11-03T07:03:28","date_gmt":"2020-11-03T07:03:28","guid":{"rendered":"http:\/\/forbabyboss.com\/?page_id=763"},"modified":"2020-11-03T07:38:12","modified_gmt":"2020-11-03T07:38:12","slug":"o-fbb","status":"publish","type":"page","link":"https:\/\/forbabyboss.com\/cs\/about-fbb\/","title":{"rendered":"O spole\u010dnosti FBB"},"content":{"rendered":"<div class=\"banner has-hover\" id=\"banner-1346027846\">\n          <div class=\"banner-inner fill\">\n        <div class=\"banner-bg fill\" >\n            <img loading=\"lazy\" decoding=\"async\" width=\"1020\" height=\"388\" src=\"https:\/\/forbabyboss.com\/wp-content\/uploads\/2020\/11\/for-baby-boss-cover-photo-1400x533.png\" class=\"bg attachment-large size-large\" alt=\"\" \/>                        <div class=\"overlay\"><\/div>            \n                    <\/div>\n\t\t\n        <div class=\"banner-layers container\">\n            <div class=\"fill banner-link\"><\/div>            \n\n   <div id=\"text-box-2061880525\" class=\"text-box banner-layer x50 md-x50 lg-x50 y70 md-y70 lg-y70 res-text\">\n                                <div class=\"text-box-content text dark\">\n              \n              <div class=\"text-inner text-center\">\n                  \n\n<h3 class=\"uppercase\">o pro \u0161\u00e9fa miminka<\/h3>\n<p>\u00a0<\/p>\n\n              <\/div>\n           <\/div>\n                            \n<style>\n#text-box-2061880525 {\n  width: 60%;\n}\n#text-box-2061880525 .text-box-content {\n  font-size: 100%;\n}\n<\/style>\n    <\/div>\n \n\n        <\/div>\n      <\/div>\n\n            \n<style>\n#banner-1346027846 {\n  padding-top: 507px;\n}\n#banner-1346027846 .overlay {\n  background-color: rgba(0, 0, 0, 0.17);\n}\n<\/style>\n  <\/div>\n\n\n<div class=\"is-divider divider clearfix\" ><\/div>\n\n<p><span style=\"font-size: 105%;\"><strong>Pro Baby Boss<\/strong> je web v\u011bnovan\u00fd nab\u00eddce nejlep\u0161\u00edch produkt\u016f pro va\u0161e d\u00edt\u011b za dostupnou cenu. Na\u0161e produkty poch\u00e1zej\u00ed z cel\u00e9ho sv\u011bta s <strong>zam\u011b\u0159it se na<\/strong> <span style=\"color: #e14d43;\"><strong>kvalitn\u00ed<\/strong><\/span>, <strong><span style=\"color: #e14d43;\">bezpe\u010dnost<\/span><\/strong> a <span style=\"color: #e14d43;\"><strong>ceny<\/strong><\/span>. Zam\u011b\u0159ujeme se na mobilitu miminek, <strong>D\u011btsk\u00e9 nosi\u010de<\/strong>, <strong>D\u011btsk\u00e9 ko\u010d\u00e1rky<\/strong> a <strong>Ko\u010d\u00e1rky<\/strong> stejn\u011b jako <strong>D\u011btsk\u00e1 hn\u00edzda<\/strong>. Budeme i nad\u00e1le p\u0159id\u00e1vat dal\u0161\u00ed skv\u011bl\u00e9 produkty a varianty v\u0161ech na\u0161ich produkt\u016f, tak\u017ee pros\u00edm i nad\u00e1le nav\u0161t\u011bvujte n\u00e1\u0161 obchod pro dal\u0161\u00ed skv\u011bl\u00e9 d\u011btsk\u00e9 produkty.<\/span><\/p>\n\n  \n    <div class=\"row large-columns-3 medium-columns- small-columns-2 row-small slider row-slider slider-nav-reveal\"  data-flickity-options='{&quot;imagesLoaded&quot;: true, &quot;groupCells&quot;: &quot;100%&quot;, &quot;dragThreshold&quot; : 5, &quot;cellAlign&quot;: &quot;left&quot;,&quot;wrapAround&quot;: true,&quot;prevNextButtons&quot;: true,&quot;percentPosition&quot;: true,&quot;pageDots&quot;: false, &quot;rightToLeft&quot;: false, &quot;autoPlay&quot; : false}' >\n\n  <div class=\"product-category col\" >\n            <div class=\"col-inner\">\n              <a aria-label=\"Nav\u0161tivte kategorii produktu 2 in 1 Prams\" href=\"https:\/\/forbabyboss.com\/cs\/product-category\/2-in-1\/\" data-no-translation-aria-label=\"\">                <div class=\"box box-category has-hover box-badge hover-dark\">\n                <div class=\"box-image\" >\n                  <div class=\"\" >\n                  <img loading=\"lazy\" decoding=\"async\" src=\"https:\/\/forbabyboss.com\/wp-content\/uploads\/2021\/01\/2-in-1-prams-300x300.png\" alt=\"Ko\u010d\u00e1rky 2 v 1\" width=\"300\" height=\"300\" \/>                                                      <\/div>\n                <\/div>\n                <div class=\"box-text text-center\" >\n                  <div class=\"box-text-inner\">\n                      <h5 class=\"uppercase header-title\">\n                              Ko\u010d\u00e1rky 2 v 1                      <\/h5>\n                                            \n                  <\/div>\n                <\/div>\n                <\/div>\n            <\/a>            <\/div>\n            <\/div><div class=\"product-category col\" >\n            <div class=\"col-inner\">\n              <a aria-label=\"Nav\u0161tivte kategorii produktu 3 in 1 Prams\" href=\"https:\/\/forbabyboss.com\/cs\/product-category\/3-in-1\/\" data-no-translation-aria-label=\"\">                <div class=\"box box-category has-hover box-badge hover-dark\">\n                <div class=\"box-image\" >\n                  <div class=\"\" >\n                  <img loading=\"lazy\" decoding=\"async\" src=\"https:\/\/forbabyboss.com\/wp-content\/uploads\/2021\/01\/3-in-1-prams-300x300.png\" alt=\"Ko\u010d\u00e1rky 3 v 1\" width=\"300\" height=\"300\" \/>                                                      <\/div>\n                <\/div>\n                <div class=\"box-text text-center\" >\n                  <div class=\"box-text-inner\">\n                      <h5 class=\"uppercase header-title\">\n                              Ko\u010d\u00e1rky 3 v 1                      <\/h5>\n                                            \n                  <\/div>\n                <\/div>\n                <\/div>\n            <\/a>            <\/div>\n            <\/div><div class=\"product-category col\" >\n            <div class=\"col-inner\">\n              <a aria-label=\"Nav\u0161tivte kategorii produktu 4 in 1 Pram\" href=\"https:\/\/forbabyboss.com\/cs\/product-category\/4-in-1-pram\/\" data-no-translation-aria-label=\"\">                <div class=\"box box-category has-hover box-badge hover-dark\">\n                <div class=\"box-image\" >\n                  <div class=\"\" >\n                  <img loading=\"lazy\" decoding=\"async\" src=\"https:\/\/forbabyboss.com\/wp-content\/uploads\/woocommerce-placeholder-300x300.png\" alt=\"Ko\u010d\u00e1rek 4 v 1\" width=\"300\" height=\"300\" \/>                                                      <\/div>\n                <\/div>\n                <div class=\"box-text text-center\" >\n                  <div class=\"box-text-inner\">\n                      <h5 class=\"uppercase header-title\">\n                              Ko\u010d\u00e1rek 4 v 1                      <\/h5>\n                                            \n                  <\/div>\n                <\/div>\n                <\/div>\n            <\/a>            <\/div>\n            <\/div><div class=\"product-category col\" >\n            <div class=\"col-inner\">\n              <a aria-label=\"Nav\u0161tivte kategorii produktu Baby Carriers\" href=\"https:\/\/forbabyboss.com\/cs\/product-category\/baby-carriers\/\" data-no-translation-aria-label=\"\">                <div class=\"box box-category has-hover box-badge hover-dark\">\n                <div class=\"box-image\" >\n                  <div class=\"\" >\n                  <img loading=\"lazy\" decoding=\"async\" src=\"https:\/\/forbabyboss.com\/wp-content\/uploads\/2020\/10\/baby-carrier-300x300.png\" alt=\"D\u011btsk\u00e9 nosi\u010de\" width=\"300\" height=\"300\" \/>                                                      <\/div>\n                <\/div>\n                <div class=\"box-text text-center\" >\n                  <div class=\"box-text-inner\">\n                      <h5 class=\"uppercase header-title\">\n                              D\u011btsk\u00e9 nosi\u010de                      <\/h5>\n                                            \n                  <\/div>\n                <\/div>\n                <\/div>\n            <\/a>            <\/div>\n            <\/div><div class=\"product-category col\" >\n            <div class=\"col-inner\">\n              <a aria-label=\"Nav\u0161tivte kategorii produktu Babylux\" href=\"https:\/\/forbabyboss.com\/cs\/product-category\/babylux\/\" data-no-translation-aria-label=\"\">                <div class=\"box box-category has-hover box-badge hover-dark\">\n                <div class=\"box-image\" >\n                  <div class=\"\" >\n                  <img loading=\"lazy\" decoding=\"async\" src=\"https:\/\/forbabyboss.com\/wp-content\/uploads\/woocommerce-placeholder-300x300.png\" alt=\"Babylux\" width=\"300\" height=\"300\" \/>                                                      <\/div>\n                <\/div>\n                <div class=\"box-text text-center\" >\n                  <div class=\"box-text-inner\">\n                      <h5 class=\"uppercase header-title\">\n                              Babylux                      <\/h5>\n                                            \n                  <\/div>\n                <\/div>\n                <\/div>\n            <\/a>            <\/div>\n            <\/div><div class=\"product-category col\" >\n            <div class=\"col-inner\">\n              <a aria-label=\"Nav\u0161tivte kategorii produktu Back in Stock\" href=\"https:\/\/forbabyboss.com\/cs\/product-category\/back-in-stock\/\" data-no-translation-aria-label=\"\">                <div class=\"box box-category has-hover box-badge hover-dark\">\n                <div class=\"box-image\" >\n                  <div class=\"\" >\n                  <img loading=\"lazy\" decoding=\"async\" src=\"https:\/\/forbabyboss.com\/wp-content\/uploads\/woocommerce-placeholder-300x300.png\" alt=\"Zp\u011bt na sklad\u011b\" width=\"300\" height=\"300\" \/>                                                      <\/div>\n                <\/div>\n                <div class=\"box-text text-center\" >\n                  <div class=\"box-text-inner\">\n                      <h5 class=\"uppercase header-title\">\n                              Zp\u011bt na sklad\u011b                      <\/h5>\n                                            \n                  <\/div>\n                <\/div>\n                <\/div>\n            <\/a>            <\/div>\n            <\/div><div class=\"product-category col\" >\n            <div class=\"col-inner\">\n              <a aria-label=\"Nav\u0161tivte kategorii produktu Burgundy\" href=\"https:\/\/forbabyboss.com\/cs\/product-category\/burgundy\/\" data-no-translation-aria-label=\"\">                <div class=\"box box-category has-hover box-badge hover-dark\">\n                <div class=\"box-image\" >\n                  <div class=\"\" >\n                  <img loading=\"lazy\" decoding=\"async\" src=\"https:\/\/forbabyboss.com\/wp-content\/uploads\/woocommerce-placeholder-300x300.png\" alt=\"Burgundsko\" width=\"300\" height=\"300\" \/>                                                      <\/div>\n                <\/div>\n                <div class=\"box-text text-center\" >\n                  <div class=\"box-text-inner\">\n                      <h5 class=\"uppercase header-title\">\n                              Burgundsko                      <\/h5>\n                                            \n                  <\/div>\n                <\/div>\n                <\/div>\n            <\/a>            <\/div>\n            <\/div><div class=\"product-category col\" >\n            <div class=\"col-inner\">\n              <a aria-label=\"Nav\u0161tivte kategorii produktu Colour\" href=\"https:\/\/forbabyboss.com\/cs\/product-category\/colour\/\" data-no-translation-aria-label=\"\">                <div class=\"box box-category has-hover box-badge hover-dark\">\n                <div class=\"box-image\" >\n                  <div class=\"\" >\n                  <img loading=\"lazy\" decoding=\"async\" src=\"https:\/\/forbabyboss.com\/wp-content\/uploads\/woocommerce-placeholder-300x300.png\" alt=\"Barva\" width=\"300\" height=\"300\" \/>                                                      <\/div>\n                <\/div>\n                <div class=\"box-text text-center\" >\n                  <div class=\"box-text-inner\">\n                      <h5 class=\"uppercase header-title\">\n                              Barva                      <\/h5>\n                                            \n                  <\/div>\n                <\/div>\n                <\/div>\n            <\/a>            <\/div>\n            <\/div><div class=\"product-category col\" >\n            <div class=\"col-inner\">\n              <a aria-label=\"Nav\u0161tivte kategorii produktu Gold Collection\" href=\"https:\/\/forbabyboss.com\/cs\/product-category\/gold-collection\/\" data-no-translation-aria-label=\"\">                <div class=\"box box-category has-hover box-badge hover-dark\">\n                <div class=\"box-image\" >\n                  <div class=\"\" >\n                  <img loading=\"lazy\" decoding=\"async\" src=\"https:\/\/forbabyboss.com\/wp-content\/uploads\/2021\/02\/Gold-Collection-300x300.png\" alt=\"Zlat\u00e1 kolekce\" width=\"300\" height=\"300\" \/>                                                      <\/div>\n                <\/div>\n                <div class=\"box-text text-center\" >\n                  <div class=\"box-text-inner\">\n                      <h5 class=\"uppercase header-title\">\n                              Zlat\u00e1 kolekce                      <\/h5>\n                                            \n                  <\/div>\n                <\/div>\n                <\/div>\n            <\/a>            <\/div>\n            <\/div><div class=\"product-category col\" >\n            <div class=\"col-inner\">\n              <a aria-label=\"Nav\u0161tivte kategorii produktu Kunert\" href=\"https:\/\/forbabyboss.com\/cs\/product-category\/kunert\/\" data-no-translation-aria-label=\"\">                <div class=\"box box-category has-hover box-badge hover-dark\">\n                <div class=\"box-image\" >\n                  <div class=\"\" >\n                  <img loading=\"lazy\" decoding=\"async\" src=\"https:\/\/forbabyboss.com\/wp-content\/uploads\/woocommerce-placeholder-300x300.png\" alt=\"Kunert\" width=\"300\" height=\"300\" \/>                                                      <\/div>\n                <\/div>\n                <div class=\"box-text text-center\" >\n                  <div class=\"box-text-inner\">\n                      <h5 class=\"uppercase header-title\">\n                              Kunert                      <\/h5>\n                                            \n                  <\/div>\n                <\/div>\n                <\/div>\n            <\/a>            <\/div>\n            <\/div><div class=\"product-category col\" >\n            <div class=\"col-inner\">\n              <a aria-label=\"Nav\u0161tivte kategorii produktu New Collection\" href=\"https:\/\/forbabyboss.com\/cs\/product-category\/new-collection\/\" data-no-translation-aria-label=\"\">                <div class=\"box box-category has-hover box-badge hover-dark\">\n                <div class=\"box-image\" >\n                  <div class=\"\" >\n                  <img loading=\"lazy\" decoding=\"async\" src=\"https:\/\/forbabyboss.com\/wp-content\/uploads\/2021\/01\/new-collection-300x300.png\" alt=\"Nov\u00e1 kolekce\" width=\"300\" height=\"300\" \/>                                                      <\/div>\n                <\/div>\n                <div class=\"box-text text-center\" >\n                  <div class=\"box-text-inner\">\n                      <h5 class=\"uppercase header-title\">\n                              Nov\u00e1 kolekce                      <\/h5>\n                                            \n                  <\/div>\n                <\/div>\n                <\/div>\n            <\/a>            <\/div>\n            <\/div><div class=\"product-category col\" >\n            <div class=\"col-inner\">\n              <a aria-label=\"Nav\u0161tivte kategorii produktu Prams\" href=\"https:\/\/forbabyboss.com\/cs\/product-category\/prams\/\" data-no-translation-aria-label=\"\">                <div class=\"box box-category has-hover box-badge hover-dark\">\n                <div class=\"box-image\" >\n                  <div class=\"\" >\n                  <img loading=\"lazy\" decoding=\"async\" src=\"https:\/\/forbabyboss.com\/wp-content\/uploads\/2020\/10\/baby-pram-300x300.png\" alt=\"Ko\u010d\u00e1rky\" width=\"300\" height=\"300\" \/>                                                      <\/div>\n                <\/div>\n                <div class=\"box-text text-center\" >\n                  <div class=\"box-text-inner\">\n                      <h5 class=\"uppercase header-title\">\n                              Ko\u010d\u00e1rky                      <\/h5>\n                                            \n                  <\/div>\n                <\/div>\n                <\/div>\n            <\/a>            <\/div>\n            <\/div><div class=\"product-category col\" >\n            <div class=\"col-inner\">\n              <a aria-label=\"Nav\u0161tivte kategorii produktu Price\" href=\"https:\/\/forbabyboss.com\/cs\/product-category\/price\/\" data-no-translation-aria-label=\"\">                <div class=\"box box-category has-hover box-badge hover-dark\">\n                <div class=\"box-image\" >\n                  <div class=\"\" >\n                  <img loading=\"lazy\" decoding=\"async\" src=\"https:\/\/forbabyboss.com\/wp-content\/uploads\/woocommerce-placeholder-300x300.png\" alt=\"Cena\" width=\"300\" height=\"300\" \/>                                                      <\/div>\n                <\/div>\n                <div class=\"box-text text-center\" >\n                  <div class=\"box-text-inner\">\n                      <h5 class=\"uppercase header-title\">\n                              Cena                      <\/h5>\n                                            \n                  <\/div>\n                <\/div>\n                <\/div>\n            <\/a>            <\/div>\n            <\/div><div class=\"product-category col\" >\n            <div class=\"col-inner\">\n              <a aria-label=\"Nav\u0161tivte kategorii produktu Push Chairs\" href=\"https:\/\/forbabyboss.com\/cs\/product-category\/push-chairs\/\" data-no-translation-aria-label=\"\">                <div class=\"box box-category has-hover box-badge hover-dark\">\n                <div class=\"box-image\" >\n                  <div class=\"\" >\n                  <img loading=\"lazy\" decoding=\"async\" src=\"https:\/\/forbabyboss.com\/wp-content\/uploads\/woocommerce-placeholder-300x300.png\" alt=\"\u017didle Push\" width=\"300\" height=\"300\" \/>                                                      <\/div>\n                <\/div>\n                <div class=\"box-text text-center\" >\n                  <div class=\"box-text-inner\">\n                      <h5 class=\"uppercase header-title\">\n                              \u017didle Push                      <\/h5>\n                                            \n                  <\/div>\n                <\/div>\n                <\/div>\n            <\/a>            <\/div>\n            <\/div><div class=\"product-category col\" >\n            <div class=\"col-inner\">\n              <a aria-label=\"Nav\u0161tivte kategorii produktu Stroller\" href=\"https:\/\/forbabyboss.com\/cs\/product-category\/stroller\/\" data-no-translation-aria-label=\"\">                <div class=\"box box-category has-hover box-badge hover-dark\">\n                <div class=\"box-image\" >\n                  <div class=\"\" >\n                  <img loading=\"lazy\" decoding=\"async\" src=\"https:\/\/forbabyboss.com\/wp-content\/uploads\/woocommerce-placeholder-300x300.png\" alt=\"Ko\u010d\u00e1rek\" width=\"300\" height=\"300\" \/>                                                      <\/div>\n                <\/div>\n                <div class=\"box-text text-center\" >\n                  <div class=\"box-text-inner\">\n                      <h5 class=\"uppercase header-title\">\n                              Ko\u010d\u00e1rek                      <\/h5>\n                                            \n                  <\/div>\n                <\/div>\n                <\/div>\n            <\/a>            <\/div>\n            <\/div><\/div>","protected":false},"excerpt":{"rendered":"<p>For Baby Boss is a site dedicated to offering the best products for your baby at an affordable rate. Our products are sourced globally with a focus on quality, safety and pricing. We focus on Baby mobility, Baby Carriers, Baby Prams and Strollers as well as Baby Nests. We will keep on adding more great [&#8230;]\n","protected":false},"author":1,"featured_media":0,"parent":0,"menu_order":0,"comment_status":"closed","ping_status":"closed","template":"","meta":{"footnotes":""},"class_list":["post-763","page","type-page","status-publish","hentry"],"yoast_head":"<!-- This site is optimized with the Yoast SEO plugin v27.5 - https:\/\/yoast.com\/product\/yoast-seo-wordpress\/ -->\n<title>About FBB - For Baby Boss<\/title>\n<meta name=\"robots\" content=\"index, follow, max-snippet:-1, max-image-preview:large, max-video-preview:-1\" \/>\n<link rel=\"canonical\" href=\"https:\/\/forbabyboss.com\/cs\/o-fbb\/\" \/>\n<meta property=\"og:locale\" content=\"cs_CZ\" \/>\n<meta property=\"og:type\" content=\"article\" \/>\n<meta property=\"og:title\" content=\"About FBB - For Baby Boss\" \/>\n<meta property=\"og:description\" content=\"For Baby Boss is a site dedicated to offering the best products for your baby at an affordable rate. Our products are sourced globally with a focus on quality, safety and pricing. We focus on Baby mobility, Baby Carriers, Baby Prams and Strollers as well as Baby Nests. We will keep on adding more great [...]\" \/>\n<meta property=\"og:url\" content=\"https:\/\/forbabyboss.com\/cs\/o-fbb\/\" \/>\n<meta property=\"og:site_name\" content=\"For Baby Boss\" \/>\n<meta property=\"article:modified_time\" content=\"2020-11-03T07:38:12+00:00\" \/>\n<meta name=\"twitter:card\" content=\"summary_large_image\" \/>\n<meta name=\"twitter:label1\" content=\"Odhadovan\u00e1 doba \u010dten\u00ed\" \/>\n\t<meta name=\"twitter:data1\" content=\"1 minuta\" \/>\n<script type=\"application\/ld+json\" class=\"yoast-schema-graph\">{\"@context\":\"https:\\\/\\\/schema.org\",\"@graph\":[{\"@type\":\"WebPage\",\"@id\":\"https:\\\/\\\/forbabyboss.com\\\/about-fbb\\\/\",\"url\":\"https:\\\/\\\/forbabyboss.com\\\/about-fbb\\\/\",\"name\":\"About FBB - For Baby Boss\",\"isPartOf\":{\"@id\":\"https:\\\/\\\/powderblue-seahorse-496884.hostingersite.com\\\/#website\"},\"datePublished\":\"2020-11-03T07:03:28+00:00\",\"dateModified\":\"2020-11-03T07:38:12+00:00\",\"breadcrumb\":{\"@id\":\"https:\\\/\\\/forbabyboss.com\\\/about-fbb\\\/#breadcrumb\"},\"inLanguage\":\"cs\",\"potentialAction\":[{\"@type\":\"ReadAction\",\"target\":[\"https:\\\/\\\/forbabyboss.com\\\/about-fbb\\\/\"]}]},{\"@type\":\"BreadcrumbList\",\"@id\":\"https:\\\/\\\/forbabyboss.com\\\/about-fbb\\\/#breadcrumb\",\"itemListElement\":[{\"@type\":\"ListItem\",\"position\":1,\"name\":\"Home\",\"item\":\"https:\\\/\\\/forbabyboss.com\\\/\"},{\"@type\":\"ListItem\",\"position\":2,\"name\":\"About FBB\"}]},{\"@type\":\"WebSite\",\"@id\":\"https:\\\/\\\/powderblue-seahorse-496884.hostingersite.com\\\/#website\",\"url\":\"https:\\\/\\\/powderblue-seahorse-496884.hostingersite.com\\\/\",\"name\":\"For Baby Boss\",\"description\":\"Beautiful gifts and accessories for your baby boss\",\"potentialAction\":[{\"@type\":\"SearchAction\",\"target\":{\"@type\":\"EntryPoint\",\"urlTemplate\":\"https:\\\/\\\/powderblue-seahorse-496884.hostingersite.com\\\/?s={search_term_string}\"},\"query-input\":{\"@type\":\"PropertyValueSpecification\",\"valueRequired\":true,\"valueName\":\"search_term_string\"}}],\"inLanguage\":\"cs\"}]}<\/script>\n<!-- \/ Yoast SEO plugin. -->","yoast_head_json":{"title":"O FBB - Pro \u0161\u00e9fa miminek","robots":{"index":"index","follow":"follow","max-snippet":"max-snippet:-1","max-image-preview":"max-image-preview:large","max-video-preview":"max-video-preview:-1"},"canonical":"https:\/\/forbabyboss.com\/cs\/o-fbb\/","og_locale":"cs_CZ","og_type":"article","og_title":"About FBB - For Baby Boss","og_description":"For Baby Boss is a site dedicated to offering the best products for your baby at an affordable rate. Our products are sourced globally with a focus on quality, safety and pricing. We focus on Baby mobility, Baby Carriers, Baby Prams and Strollers as well as Baby Nests. We will keep on adding more great [...]","og_url":"https:\/\/forbabyboss.com\/cs\/o-fbb\/","og_site_name":"For Baby Boss","article_modified_time":"2020-11-03T07:38:12+00:00","twitter_card":"summary_large_image","twitter_misc":{"Odhadovan\u00e1 doba \u010dten\u00ed":"1 minuta"},"schema":{"@context":"https:\/\/schema.org","@graph":[{"@type":"WebPage","@id":"https:\/\/forbabyboss.com\/about-fbb\/","url":"https:\/\/forbabyboss.com\/about-fbb\/","name":"O FBB - Pro \u0161\u00e9fa miminek","isPartOf":{"@id":"https:\/\/powderblue-seahorse-496884.hostingersite.com\/#website"},"datePublished":"2020-11-03T07:03:28+00:00","dateModified":"2020-11-03T07:38:12+00:00","breadcrumb":{"@id":"https:\/\/forbabyboss.com\/about-fbb\/#breadcrumb"},"inLanguage":"cs","potentialAction":[{"@type":"ReadAction","target":["https:\/\/forbabyboss.com\/about-fbb\/"]}]},{"@type":"BreadcrumbList","@id":"https:\/\/forbabyboss.com\/about-fbb\/#breadcrumb","itemListElement":[{"@type":"ListItem","position":1,"name":"Home","item":"https:\/\/forbabyboss.com\/"},{"@type":"ListItem","position":2,"name":"About FBB"}]},{"@type":"WebSite","@id":"https:\/\/powderblue-seahorse-496884.hostingersite.com\/#website","url":"https:\/\/powderblue-seahorse-496884.hostingersite.com\/","name":"Pro Baby Boss","description":"Kr\u00e1sn\u00e9 d\u00e1rky a dopl\u0148ky pro va\u0161eho \u0161\u00e9fa","potentialAction":[{"@type":"SearchAction","target":{"@type":"EntryPoint","urlTemplate":"https:\/\/powderblue-seahorse-496884.hostingersite.com\/?s={search_term_string}"},"query-input":{"@type":"PropertyValueSpecification","valueRequired":true,"valueName":"search_term_string"}}],"inLanguage":"cs"}]}},"_links":{"self":[{"href":"https:\/\/forbabyboss.com\/cs\/wp-json\/wp\/v2\/pages\/763","targetHints":{"allow":["GET"]}}],"collection":[{"href":"https:\/\/forbabyboss.com\/cs\/wp-json\/wp\/v2\/pages"}],"about":[{"href":"https:\/\/forbabyboss.com\/cs\/wp-json\/wp\/v2\/types\/page"}],"author":[{"embeddable":true,"href":"https:\/\/forbabyboss.com\/cs\/wp-json\/wp\/v2\/users\/1"}],"replies":[{"embeddable":true,"href":"https:\/\/forbabyboss.com\/cs\/wp-json\/wp\/v2\/comments?post=763"}],"version-history":[{"count":0,"href":"https:\/\/forbabyboss.com\/cs\/wp-json\/wp\/v2\/pages\/763\/revisions"}],"wp:attachment":[{"href":"https:\/\/forbabyboss.com\/cs\/wp-json\/wp\/v2\/media?parent=763"}],"curies":[{"name":"wp","href":"https:\/\/api.w.org\/{rel}","templated":true}]}}