{"id":1275,"date":"2020-12-29T10:55:53","date_gmt":"2020-12-29T10:55:53","guid":{"rendered":"http:\/\/forbabyboss.com\/?post_type=product&#038;p=1275"},"modified":"2026-02-21T13:31:42","modified_gmt":"2026-02-21T13:31:42","slug":"3-in-1-stroller-urban-style-pushchair-buggy-travel-baby-pram-with-car-seat-in-sandy-beige","status":"publish","type":"product","link":"https:\/\/forbabyboss.com\/cs\/product\/3-in-1-stroller-urban-style-pushchair-buggy-travel-baby-pram-with-car-seat-in-sandy-beige\/","title":{"rendered":"Ko\u010d\u00e1rek 3 v 1 Urban Style Pushchair Buggy Travel Baby ko\u010d\u00e1rek s autoseda\u010dkou v p\u00edskov\u011b b\u00e9\u017eov\u00e9 barv\u011b"},"content":{"rendered":"<p><iframe loading=\"lazy\" title=\"GD Urbano Travel System Pram 3 in 1 - 3 in 1 Pram set with car seat included.\" width=\"1020\" height=\"574\" src=\"https:\/\/www.youtube.com\/embed\/zS5XG8yZEwg?feature=oembed&#038;enablejsapi=1&#038;origin=http:\/\/forbabyboss.com\" frameborder=\"0\" allow=\"accelerometer; autoplay; clipboard-write; encrypted-media; gyroscope; picture-in-picture; web-share\" allowfullscreen><\/iframe><\/p>\n<p style=\"text-align: center;\"><span style=\"color: #d83131;\"><strong>COMES WITH<\/strong><\/span><\/p>\n<p><a href=\"http:\/\/forbabyboss.com\/wp-content\/uploads\/2021\/01\/comes-1.jpg\"><img loading=\"lazy\" decoding=\"async\" class=\"size-full wp-image-2059 aligncenter\" src=\"http:\/\/forbabyboss.com\/wp-content\/uploads\/2021\/01\/comes-1.jpg\" alt=\"\" width=\"567\" height=\"227\" \/><\/a><a href=\"http:\/\/forbabyboss.com\/wp-content\/uploads\/2021\/01\/comes-with-2.jpg\"><img loading=\"lazy\" decoding=\"async\" class=\"size-full wp-image-2058 aligncenter\" src=\"http:\/\/forbabyboss.com\/wp-content\/uploads\/2021\/01\/comes-with-2.jpg\" sizes=\"auto, (max-width: 755px) 100vw, 755px\" srcset=\"http:\/\/forbabyboss.com\/wp-content\/uploads\/2021\/01\/comes-with-2.jpg 755w, http:\/\/forbabyboss.com\/wp-content\/uploads\/2021\/01\/comes-with-2-600x179.jpg 600w\" alt=\"\" width=\"755\" height=\"225\" \/><\/a><\/p>\n<p>&nbsp;<\/p>\n<p><span style=\"color: #e14d43;\"><strong>3 in 1 Baby Pram Travel System<\/strong><\/span><br \/>\n<strong>All you need in one Stroller set. From Pram and Baby Pushchair as well as a car seat to shopping bag and play tray. Save your time and money with no need to watch dozens of different listings. Our set contains everything your child needs for safe and comfortable travel. All the extras worth 40 pounds for FREE!<\/strong><\/p>\n<p><span style=\"color: #d83131;\"><strong>Front swivel wheels-lockable<\/strong><\/span><br \/>\n<strong>With front swivel wheels it is easy to manoeuvre the pram, take tight corners or do shopping in a mall. If you want to make a trip to the countryside you can always lock front wheels which makes walking on hard terrain easy.<\/strong><\/p>\n<p><a href=\"http:\/\/forbabyboss.com\/wp-content\/uploads\/2020\/12\/3in1-Car-seat-Pushchair-Buggy-Urbano-GaGaDumi-Travel-Baby-Pram-11.jpg\"><img loading=\"lazy\" decoding=\"async\" class=\"aligncenter size-medium wp-image-1210\" src=\"http:\/\/forbabyboss.com\/wp-content\/uploads\/2020\/12\/3in1-Car-seat-Pushchair-Buggy-Urbano-GaGaDumi-Travel-Baby-Pram-11-446x400.jpg\" alt=\"\" width=\"446\" height=\"400\" srcset=\"https:\/\/forbabyboss.com\/wp-content\/uploads\/2020\/12\/3in1-Car-seat-Pushchair-Buggy-Urbano-GaGaDumi-Travel-Baby-Pram-11-446x400.jpg 446w, https:\/\/forbabyboss.com\/wp-content\/uploads\/2020\/12\/3in1-Car-seat-Pushchair-Buggy-Urbano-GaGaDumi-Travel-Baby-Pram-11-891x800.jpg 891w, https:\/\/forbabyboss.com\/wp-content\/uploads\/2020\/12\/3in1-Car-seat-Pushchair-Buggy-Urbano-GaGaDumi-Travel-Baby-Pram-11-768x689.jpg 768w, https:\/\/forbabyboss.com\/wp-content\/uploads\/2020\/12\/3in1-Car-seat-Pushchair-Buggy-Urbano-GaGaDumi-Travel-Baby-Pram-11-600x539.jpg 600w, https:\/\/forbabyboss.com\/wp-content\/uploads\/2020\/12\/3in1-Car-seat-Pushchair-Buggy-Urbano-GaGaDumi-Travel-Baby-Pram-11.jpg 1200w\" sizes=\"auto, (max-width: 446px) 100vw, 446px\" \/><\/a><\/p>\n<p><span style=\"color: #e14d43;\"><strong>Durable and light chassis-easy to fold<\/strong><\/span><br \/>\n<strong>Finest components and EU origin make this pram durable and safe meeting your expectations with its compact size and easy folding.<\/strong><\/p>\n<p><strong>You can also fold chassis with wheels attached.<\/strong><\/p>\n<p><a href=\"http:\/\/forbabyboss.com\/wp-content\/uploads\/2020\/12\/3in1-Car-seat-Pushchair-Buggy-Urbano-GaGaDumi-Travel-Baby-Pram-1.jpg\"><img loading=\"lazy\" decoding=\"async\" class=\"aligncenter size-medium wp-image-1216\" src=\"http:\/\/forbabyboss.com\/wp-content\/uploads\/2020\/12\/3in1-Car-seat-Pushchair-Buggy-Urbano-GaGaDumi-Travel-Baby-Pram-1-313x400.jpg\" alt=\"\" width=\"313\" height=\"400\" srcset=\"https:\/\/forbabyboss.com\/wp-content\/uploads\/2020\/12\/3in1-Car-seat-Pushchair-Buggy-Urbano-GaGaDumi-Travel-Baby-Pram-1-313x400.jpg 313w, https:\/\/forbabyboss.com\/wp-content\/uploads\/2020\/12\/3in1-Car-seat-Pushchair-Buggy-Urbano-GaGaDumi-Travel-Baby-Pram-1-627x800.jpg 627w, https:\/\/forbabyboss.com\/wp-content\/uploads\/2020\/12\/3in1-Car-seat-Pushchair-Buggy-Urbano-GaGaDumi-Travel-Baby-Pram-1-768x980.jpg 768w, https:\/\/forbabyboss.com\/wp-content\/uploads\/2020\/12\/3in1-Car-seat-Pushchair-Buggy-Urbano-GaGaDumi-Travel-Baby-Pram-1-600x766.jpg 600w, https:\/\/forbabyboss.com\/wp-content\/uploads\/2020\/12\/3in1-Car-seat-Pushchair-Buggy-Urbano-GaGaDumi-Travel-Baby-Pram-1.jpg 1000w\" sizes=\"auto, (max-width: 313px) 100vw, 313px\" \/><\/a><\/p>\n<p><span style=\"color: #e14d43;\"><strong>Reversible handle<\/strong><\/span><br \/>\n<strong>Reversible handle. This unique solution makes walking comfortable for both you and your child. With reversible handle you can look at your child (face to face mode) or let the baby explore their new world (forward facing mode).<\/strong><\/p>\n<p>&nbsp;<\/p>\n<p><span style=\"color: #e14d43;\"><strong>Bezpe\u010dnost<\/strong><\/span><br \/>\n<strong>For us your child safety always comes first. That is why our prams are made in EU according to the latest standards and norms.<\/strong><\/p>\n<p><strong>Car seat standard ECE R44\/04<\/strong><\/p>\n<p><a href=\"http:\/\/forbabyboss.com\/wp-content\/uploads\/2020\/12\/3in1-Car-seat-Pushchair-Buggy-Urbano-GaGaDumi-Travel-Baby-Pram-10.jpg\"><img loading=\"lazy\" decoding=\"async\" class=\"aligncenter size-medium wp-image-1241\" src=\"http:\/\/forbabyboss.com\/wp-content\/uploads\/2020\/12\/3in1-Car-seat-Pushchair-Buggy-Urbano-GaGaDumi-Travel-Baby-Pram-10-533x400.jpg\" alt=\"\" width=\"533\" height=\"400\" srcset=\"https:\/\/forbabyboss.com\/wp-content\/uploads\/2020\/12\/3in1-Car-seat-Pushchair-Buggy-Urbano-GaGaDumi-Travel-Baby-Pram-10-533x400.jpg 533w, https:\/\/forbabyboss.com\/wp-content\/uploads\/2020\/12\/3in1-Car-seat-Pushchair-Buggy-Urbano-GaGaDumi-Travel-Baby-Pram-10-1067x800.jpg 1067w, https:\/\/forbabyboss.com\/wp-content\/uploads\/2020\/12\/3in1-Car-seat-Pushchair-Buggy-Urbano-GaGaDumi-Travel-Baby-Pram-10-768x576.jpg 768w, https:\/\/forbabyboss.com\/wp-content\/uploads\/2020\/12\/3in1-Car-seat-Pushchair-Buggy-Urbano-GaGaDumi-Travel-Baby-Pram-10.jpg 1200w\" sizes=\"auto, (max-width: 533px) 100vw, 533px\" \/><\/a><\/p>\n<p><span style=\"color: #e14d43;\"><strong>Nakupov\u00e1n\u00ed<\/strong><\/span><\/p>\n<p><strong>With the large basket underneath plus extra bag you can easily take your little one for the first shopping.<\/strong><\/p>\n<p><span style=\"color: #e14d43;\"><strong>Car Seat<\/strong><\/span><br \/>\n<strong>Highest safety standard ECE R44\/04-Made in European Union<\/strong><\/p>\n<p><strong>Up to 10 kgs<\/strong><\/p>\n<p><strong>3 points safety belts (adjustable). Adjustable handle. Interrior pad, leg cover and sunshade included in the set! All worth 45 pounds for FREE!<\/strong><\/p>\n<p><strong>Suitable from birth up to 11 kgs<\/strong><\/p>\n<p><a href=\"http:\/\/forbabyboss.com\/wp-content\/uploads\/2020\/12\/3in1-Car-seat-Pushchair-Buggy-Urbano-GaGaDumi-Travel-Baby-Pram-8.jpg\"><img loading=\"lazy\" decoding=\"async\" class=\"aligncenter size-medium wp-image-1239\" src=\"http:\/\/forbabyboss.com\/wp-content\/uploads\/2020\/12\/3in1-Car-seat-Pushchair-Buggy-Urbano-GaGaDumi-Travel-Baby-Pram-8-533x400.jpg\" alt=\"\" width=\"533\" height=\"400\" srcset=\"https:\/\/forbabyboss.com\/wp-content\/uploads\/2020\/12\/3in1-Car-seat-Pushchair-Buggy-Urbano-GaGaDumi-Travel-Baby-Pram-8-533x400.jpg 533w, https:\/\/forbabyboss.com\/wp-content\/uploads\/2020\/12\/3in1-Car-seat-Pushchair-Buggy-Urbano-GaGaDumi-Travel-Baby-Pram-8-1067x800.jpg 1067w, https:\/\/forbabyboss.com\/wp-content\/uploads\/2020\/12\/3in1-Car-seat-Pushchair-Buggy-Urbano-GaGaDumi-Travel-Baby-Pram-8-768x576.jpg 768w, https:\/\/forbabyboss.com\/wp-content\/uploads\/2020\/12\/3in1-Car-seat-Pushchair-Buggy-Urbano-GaGaDumi-Travel-Baby-Pram-8.jpg 1200w\" sizes=\"auto, (max-width: 533px) 100vw, 533px\" \/><\/a><\/p>\n<p><span style=\"color: #e14d43;\"><strong>Suspension<\/strong><\/span><br \/>\n<strong>With independent spring shock absorbers your child won&#8217;t wake up even on a bumpy road.<\/strong><\/p>\n<p><a href=\"http:\/\/forbabyboss.com\/wp-content\/uploads\/2020\/12\/3in1-Car-seat-Pushchair-Buggy-Urbano-GaGaDumi-Travel-Baby-Pram-6.jpg\"><img loading=\"lazy\" decoding=\"async\" class=\"aligncenter size-medium wp-image-1237\" src=\"http:\/\/forbabyboss.com\/wp-content\/uploads\/2020\/12\/3in1-Car-seat-Pushchair-Buggy-Urbano-GaGaDumi-Travel-Baby-Pram-6-533x400.jpg\" alt=\"\" width=\"533\" height=\"400\" srcset=\"https:\/\/forbabyboss.com\/wp-content\/uploads\/2020\/12\/3in1-Car-seat-Pushchair-Buggy-Urbano-GaGaDumi-Travel-Baby-Pram-6-533x400.jpg 533w, https:\/\/forbabyboss.com\/wp-content\/uploads\/2020\/12\/3in1-Car-seat-Pushchair-Buggy-Urbano-GaGaDumi-Travel-Baby-Pram-6-1067x800.jpg 1067w, https:\/\/forbabyboss.com\/wp-content\/uploads\/2020\/12\/3in1-Car-seat-Pushchair-Buggy-Urbano-GaGaDumi-Travel-Baby-Pram-6-768x576.jpg 768w, https:\/\/forbabyboss.com\/wp-content\/uploads\/2020\/12\/3in1-Car-seat-Pushchair-Buggy-Urbano-GaGaDumi-Travel-Baby-Pram-6.jpg 1200w\" sizes=\"auto, (max-width: 533px) 100vw, 533px\" \/><\/a><\/p>\n<p><span style=\"color: #e14d43;\"><strong>Great ventilation for summer<\/strong><\/span><\/p>\n<p><strong>With a big ventilation window and a small one at the top your child will feel comfortable on most hot days. All ventilation windows are equipped with a mosquito net.<\/strong><\/p>\n<p><a href=\"http:\/\/forbabyboss.com\/wp-content\/uploads\/2020\/12\/3in1-Car-seat-Pushchair-Buggy-Urbano-GaGaDumi-Travel-Baby-Pram-2.jpg\"><img loading=\"lazy\" decoding=\"async\" class=\"aligncenter size-medium wp-image-1232\" src=\"http:\/\/forbabyboss.com\/wp-content\/uploads\/2020\/12\/3in1-Car-seat-Pushchair-Buggy-Urbano-GaGaDumi-Travel-Baby-Pram-2-533x400.jpg\" alt=\"\" width=\"533\" height=\"400\" srcset=\"https:\/\/forbabyboss.com\/wp-content\/uploads\/2020\/12\/3in1-Car-seat-Pushchair-Buggy-Urbano-GaGaDumi-Travel-Baby-Pram-2-533x400.jpg 533w, https:\/\/forbabyboss.com\/wp-content\/uploads\/2020\/12\/3in1-Car-seat-Pushchair-Buggy-Urbano-GaGaDumi-Travel-Baby-Pram-2-1067x800.jpg 1067w, https:\/\/forbabyboss.com\/wp-content\/uploads\/2020\/12\/3in1-Car-seat-Pushchair-Buggy-Urbano-GaGaDumi-Travel-Baby-Pram-2-768x576.jpg 768w, https:\/\/forbabyboss.com\/wp-content\/uploads\/2020\/12\/3in1-Car-seat-Pushchair-Buggy-Urbano-GaGaDumi-Travel-Baby-Pram-2.jpg 1200w\" sizes=\"auto, (max-width: 533px) 100vw, 533px\" \/><\/a><\/p>\n<p><span style=\"color: #e14d43;\"><strong>Play tray and safety barrier<\/strong><\/span><br \/>\n<strong>Depending on your needs, in a sport mode, you can use a safety barrier or play tray.<\/strong><\/p>\n<p><a href=\"http:\/\/forbabyboss.com\/wp-content\/uploads\/2020\/12\/3in1-Car-seat-Pushchair-Buggy-Urbano-GaGaDumi-Travel-Baby-Pram-3.png\"><img loading=\"lazy\" decoding=\"async\" class=\"aligncenter size-medium wp-image-1255\" src=\"http:\/\/forbabyboss.com\/wp-content\/uploads\/2020\/12\/3in1-Car-seat-Pushchair-Buggy-Urbano-GaGaDumi-Travel-Baby-Pram-3-533x400.png\" alt=\"\" width=\"533\" height=\"400\" srcset=\"https:\/\/forbabyboss.com\/wp-content\/uploads\/2020\/12\/3in1-Car-seat-Pushchair-Buggy-Urbano-GaGaDumi-Travel-Baby-Pram-3-533x400.png 533w, https:\/\/forbabyboss.com\/wp-content\/uploads\/2020\/12\/3in1-Car-seat-Pushchair-Buggy-Urbano-GaGaDumi-Travel-Baby-Pram-3-1067x800.png 1067w, https:\/\/forbabyboss.com\/wp-content\/uploads\/2020\/12\/3in1-Car-seat-Pushchair-Buggy-Urbano-GaGaDumi-Travel-Baby-Pram-3-768x576.png 768w, https:\/\/forbabyboss.com\/wp-content\/uploads\/2020\/12\/3in1-Car-seat-Pushchair-Buggy-Urbano-GaGaDumi-Travel-Baby-Pram-3.png 1200w\" sizes=\"auto, (max-width: 533px) 100vw, 533px\" \/><\/a><\/p>\n<p><a href=\"http:\/\/forbabyboss.com\/wp-content\/uploads\/2020\/12\/guaranteed-checkout.png\"><img loading=\"lazy\" decoding=\"async\" class=\"alignleft size-full wp-image-1885\" src=\"http:\/\/forbabyboss.com\/wp-content\/uploads\/2020\/12\/guaranteed-checkout.png\" alt=\"\" width=\"750\" height=\"276\" srcset=\"https:\/\/forbabyboss.com\/wp-content\/uploads\/2020\/12\/guaranteed-checkout.png 750w, https:\/\/forbabyboss.com\/wp-content\/uploads\/2020\/12\/guaranteed-checkout-600x221.png 600w\" sizes=\"auto, (max-width: 750px) 100vw, 750px\" \/><\/a><\/p>","protected":false},"excerpt":{"rendered":"<p><img loading=\"lazy\" decoding=\"async\" class=\"size-full wp-image-586 aligncenter\" src=\"http:\/\/forbabyboss.com\/wp-content\/uploads\/2020\/09\/Reviews-2.png\" alt=\"\" width=\"275\" height=\"45\" \/><\/p>\n<p style=\"text-align: center;\"><span style=\"font-size: 120%;\"><span style=\"font-size: 130%;\"><strong>Ulo\u017eit<\/strong><\/span><strong><span style=\"color: #e14d43;\"><span style=\"font-size: 130%;\"> 10%<\/span>\u00a0<\/span><\/strong>p\u0159i n\u00e1kupu\u00a0<strong>DENN\u011a<\/strong>!<\/span><\/p>\n<p style=\"text-align: center;\"><span style=\"font-size: 120%;\"><span style=\"color: #000080;\"><strong>Dod\u00e1vka<\/strong><\/span> \u2013 4<strong>\u00a0days<\/strong><\/span><\/p>","protected":false},"featured_media":1993,"template":"","meta":[],"product_brand":[580],"product_cat":[334,130,347],"product_tag":[144,140,143,145,171,142,161,162,330],"class_list":{"0":"post-1275","1":"product","2":"type-product","3":"status-publish","4":"has-post-thumbnail","6":"product_brand-ggd","7":"product_cat-200-to-300","8":"product_cat-prams","9":"product_cat-prams-under-300","10":"product_tag-baby-buggy","11":"product_tag-baby-pram","12":"product_tag-baby-stroller","13":"product_tag-buggy","14":"product_tag-pram","15":"product_tag-pushchair","16":"product_tag-stroller","17":"product_tag-travel-system","18":"product_tag-urbano","20":"first","21":"instock","22":"sale","23":"shipping-taxable","24":"purchasable","25":"product-type-simple"},"yoast_head":"<!-- This site is optimized with the Yoast SEO plugin v27.0 - https:\/\/yoast.com\/product\/yoast-seo-wordpress\/ -->\n<title>3 in 1 Stroller Urban Style Pushchair Buggy Travel Baby Pram with Car Seat In Sandy Beige - For Baby Boss<\/title>\n<meta name=\"description\" content=\"3 in 1 Urban Style Pushchair Buggy Travel Baby Pram with Car Seat In Sandy Beige\" \/>\n<meta name=\"robots\" content=\"index, follow, max-snippet:-1, max-image-preview:large, max-video-preview:-1\" \/>\n<link rel=\"canonical\" href=\"https:\/\/forbabyboss.com\/cs\/product\/3-in-1-stroller-urban-style-pushchair-buggy-travel-baby-pram-with-car-seat-in-sandy-beige\/\" \/>\n<meta property=\"og:locale\" content=\"cs_CZ\" \/>\n<meta property=\"og:type\" content=\"article\" \/>\n<meta property=\"og:title\" content=\"3 in 1 Stroller Urban Style Pushchair Buggy Travel Baby Pram with Car Seat In Sandy Beige - For Baby Boss\" \/>\n<meta property=\"og:description\" content=\"3 in 1 Urban Style Pushchair Buggy Travel Baby Pram with Car Seat In Sandy Beige\" \/>\n<meta property=\"og:url\" content=\"https:\/\/forbabyboss.com\/cs\/product\/3-in-1-stroller-urban-style-pushchair-buggy-travel-baby-pram-with-car-seat-in-sandy-beige\/\" \/>\n<meta property=\"og:site_name\" content=\"For Baby Boss\" \/>\n<meta property=\"article:modified_time\" content=\"2026-02-21T13:31:42+00:00\" \/>\n<meta property=\"og:image\" content=\"https:\/\/forbabyboss.com\/wp-content\/uploads\/2020\/12\/3-in-1-Urban-Style-Pushchair-Buggy-Travel-Baby-Pram-with-Car-Seat-In-Sandy-Beige-Main.jpg\" \/>\n\t<meta property=\"og:image:width\" content=\"1200\" \/>\n\t<meta property=\"og:image:height\" content=\"1077\" \/>\n\t<meta property=\"og:image:type\" content=\"image\/jpeg\" \/>\n<meta name=\"twitter:card\" content=\"summary_large_image\" \/>\n<meta name=\"twitter:label1\" content=\"Odhadovan\u00e1 doba \u010dten\u00ed\" \/>\n\t<meta name=\"twitter:data1\" content=\"4 minuty\" \/>\n<script type=\"application\/ld+json\" class=\"yoast-schema-graph\">{\"@context\":\"https:\/\/schema.org\",\"@graph\":[{\"@type\":\"WebPage\",\"@id\":\"https:\/\/forbabyboss.com\/product\/3-in-1-stroller-urban-style-pushchair-buggy-travel-baby-pram-with-car-seat-in-sandy-beige\/\",\"url\":\"https:\/\/forbabyboss.com\/product\/3-in-1-stroller-urban-style-pushchair-buggy-travel-baby-pram-with-car-seat-in-sandy-beige\/\",\"name\":\"3 in 1 Stroller Urban Style Pushchair Buggy Travel Baby Pram with Car Seat In Sandy Beige - For Baby Boss\",\"isPartOf\":{\"@id\":\"https:\/\/powderblue-seahorse-496884.hostingersite.com\/#website\"},\"primaryImageOfPage\":{\"@id\":\"https:\/\/forbabyboss.com\/product\/3-in-1-stroller-urban-style-pushchair-buggy-travel-baby-pram-with-car-seat-in-sandy-beige\/#primaryimage\"},\"image\":{\"@id\":\"https:\/\/forbabyboss.com\/product\/3-in-1-stroller-urban-style-pushchair-buggy-travel-baby-pram-with-car-seat-in-sandy-beige\/#primaryimage\"},\"thumbnailUrl\":\"https:\/\/forbabyboss.com\/wp-content\/uploads\/2020\/12\/3-in-1-Urban-Style-Pushchair-Buggy-Travel-Baby-Pram-with-Car-Seat-In-Sandy-Beige-Main.jpg\",\"datePublished\":\"2020-12-29T10:55:53+00:00\",\"dateModified\":\"2026-02-21T13:31:42+00:00\",\"description\":\"3 in 1 Urban Style Pushchair Buggy Travel Baby Pram with Car Seat In Sandy Beige\",\"breadcrumb\":{\"@id\":\"https:\/\/forbabyboss.com\/product\/3-in-1-stroller-urban-style-pushchair-buggy-travel-baby-pram-with-car-seat-in-sandy-beige\/#breadcrumb\"},\"inLanguage\":\"cs\",\"potentialAction\":[{\"@type\":\"ReadAction\",\"target\":[\"https:\/\/forbabyboss.com\/product\/3-in-1-stroller-urban-style-pushchair-buggy-travel-baby-pram-with-car-seat-in-sandy-beige\/\"]}]},{\"@type\":\"ImageObject\",\"inLanguage\":\"cs\",\"@id\":\"https:\/\/forbabyboss.com\/product\/3-in-1-stroller-urban-style-pushchair-buggy-travel-baby-pram-with-car-seat-in-sandy-beige\/#primaryimage\",\"url\":\"https:\/\/forbabyboss.com\/wp-content\/uploads\/2020\/12\/3-in-1-Urban-Style-Pushchair-Buggy-Travel-Baby-Pram-with-Car-Seat-In-Sandy-Beige-Main.jpg\",\"contentUrl\":\"https:\/\/forbabyboss.com\/wp-content\/uploads\/2020\/12\/3-in-1-Urban-Style-Pushchair-Buggy-Travel-Baby-Pram-with-Car-Seat-In-Sandy-Beige-Main.jpg\",\"width\":1200,\"height\":1077},{\"@type\":\"BreadcrumbList\",\"@id\":\"https:\/\/forbabyboss.com\/product\/3-in-1-stroller-urban-style-pushchair-buggy-travel-baby-pram-with-car-seat-in-sandy-beige\/#breadcrumb\",\"itemListElement\":[{\"@type\":\"ListItem\",\"position\":1,\"name\":\"Home\",\"item\":\"https:\/\/forbabyboss.com\/\"},{\"@type\":\"ListItem\",\"position\":2,\"name\":\"Shop\",\"item\":\"https:\/\/forbabyboss.com\/shop\/\"},{\"@type\":\"ListItem\",\"position\":3,\"name\":\"3 in 1 Stroller Urban Style Pushchair Buggy Travel Baby Pram with Car Seat In Sandy Beige\"}]},{\"@type\":\"WebSite\",\"@id\":\"https:\/\/powderblue-seahorse-496884.hostingersite.com\/#website\",\"url\":\"https:\/\/powderblue-seahorse-496884.hostingersite.com\/\",\"name\":\"For Baby Boss\",\"description\":\"Beautiful gifts and accessories for your baby boss\",\"potentialAction\":[{\"@type\":\"SearchAction\",\"target\":{\"@type\":\"EntryPoint\",\"urlTemplate\":\"https:\/\/powderblue-seahorse-496884.hostingersite.com\/?s={search_term_string}\"},\"query-input\":{\"@type\":\"PropertyValueSpecification\",\"valueRequired\":true,\"valueName\":\"search_term_string\"}}],\"inLanguage\":\"cs\"}]}<\/script>\n<!-- \/ Yoast SEO plugin. -->","yoast_head_json":{"title":"3 in 1 Stroller Urban Style Pushchair Buggy Travel Baby Pram with Car Seat In Sandy Beige - For Baby Boss","description":"3 in 1 Urban Style Pushchair Buggy Travel Baby Pram with Car Seat In Sandy Beige","robots":{"index":"index","follow":"follow","max-snippet":"max-snippet:-1","max-image-preview":"max-image-preview:large","max-video-preview":"max-video-preview:-1"},"canonical":"https:\/\/forbabyboss.com\/cs\/product\/3-in-1-stroller-urban-style-pushchair-buggy-travel-baby-pram-with-car-seat-in-sandy-beige\/","og_locale":"cs_CZ","og_type":"article","og_title":"3 in 1 Stroller Urban Style Pushchair Buggy Travel Baby Pram with Car Seat In Sandy Beige - For Baby Boss","og_description":"3 in 1 Urban Style Pushchair Buggy Travel Baby Pram with Car Seat In Sandy Beige","og_url":"https:\/\/forbabyboss.com\/cs\/product\/3-in-1-stroller-urban-style-pushchair-buggy-travel-baby-pram-with-car-seat-in-sandy-beige\/","og_site_name":"For Baby Boss","article_modified_time":"2026-02-21T13:31:42+00:00","og_image":[{"width":1200,"height":1077,"url":"https:\/\/forbabyboss.com\/wp-content\/uploads\/2020\/12\/3-in-1-Urban-Style-Pushchair-Buggy-Travel-Baby-Pram-with-Car-Seat-In-Sandy-Beige-Main.jpg","type":"image\/jpeg"}],"twitter_card":"summary_large_image","twitter_misc":{"Odhadovan\u00e1 doba \u010dten\u00ed":"4 minuty"},"schema":{"@context":"https:\/\/schema.org","@graph":[{"@type":"WebPage","@id":"https:\/\/forbabyboss.com\/product\/3-in-1-stroller-urban-style-pushchair-buggy-travel-baby-pram-with-car-seat-in-sandy-beige\/","url":"https:\/\/forbabyboss.com\/product\/3-in-1-stroller-urban-style-pushchair-buggy-travel-baby-pram-with-car-seat-in-sandy-beige\/","name":"3 in 1 Stroller Urban Style Pushchair Buggy Travel Baby Pram with Car Seat In Sandy Beige - For Baby Boss","isPartOf":{"@id":"https:\/\/powderblue-seahorse-496884.hostingersite.com\/#website"},"primaryImageOfPage":{"@id":"https:\/\/forbabyboss.com\/product\/3-in-1-stroller-urban-style-pushchair-buggy-travel-baby-pram-with-car-seat-in-sandy-beige\/#primaryimage"},"image":{"@id":"https:\/\/forbabyboss.com\/product\/3-in-1-stroller-urban-style-pushchair-buggy-travel-baby-pram-with-car-seat-in-sandy-beige\/#primaryimage"},"thumbnailUrl":"https:\/\/forbabyboss.com\/wp-content\/uploads\/2020\/12\/3-in-1-Urban-Style-Pushchair-Buggy-Travel-Baby-Pram-with-Car-Seat-In-Sandy-Beige-Main.jpg","datePublished":"2020-12-29T10:55:53+00:00","dateModified":"2026-02-21T13:31:42+00:00","description":"3 in 1 Urban Style Pushchair Buggy Travel Baby Pram with Car Seat In Sandy Beige","breadcrumb":{"@id":"https:\/\/forbabyboss.com\/product\/3-in-1-stroller-urban-style-pushchair-buggy-travel-baby-pram-with-car-seat-in-sandy-beige\/#breadcrumb"},"inLanguage":"cs","potentialAction":[{"@type":"ReadAction","target":["https:\/\/forbabyboss.com\/product\/3-in-1-stroller-urban-style-pushchair-buggy-travel-baby-pram-with-car-seat-in-sandy-beige\/"]}]},{"@type":"ImageObject","inLanguage":"cs","@id":"https:\/\/forbabyboss.com\/product\/3-in-1-stroller-urban-style-pushchair-buggy-travel-baby-pram-with-car-seat-in-sandy-beige\/#primaryimage","url":"https:\/\/forbabyboss.com\/wp-content\/uploads\/2020\/12\/3-in-1-Urban-Style-Pushchair-Buggy-Travel-Baby-Pram-with-Car-Seat-In-Sandy-Beige-Main.jpg","contentUrl":"https:\/\/forbabyboss.com\/wp-content\/uploads\/2020\/12\/3-in-1-Urban-Style-Pushchair-Buggy-Travel-Baby-Pram-with-Car-Seat-In-Sandy-Beige-Main.jpg","width":1200,"height":1077},{"@type":"BreadcrumbList","@id":"https:\/\/forbabyboss.com\/product\/3-in-1-stroller-urban-style-pushchair-buggy-travel-baby-pram-with-car-seat-in-sandy-beige\/#breadcrumb","itemListElement":[{"@type":"ListItem","position":1,"name":"Home","item":"https:\/\/forbabyboss.com\/"},{"@type":"ListItem","position":2,"name":"Shop","item":"https:\/\/forbabyboss.com\/shop\/"},{"@type":"ListItem","position":3,"name":"3 in 1 Stroller Urban Style Pushchair Buggy Travel Baby Pram with Car Seat In Sandy Beige"}]},{"@type":"WebSite","@id":"https:\/\/powderblue-seahorse-496884.hostingersite.com\/#website","url":"https:\/\/powderblue-seahorse-496884.hostingersite.com\/","name":"Pro Baby Boss","description":"Kr\u00e1sn\u00e9 d\u00e1rky a dopl\u0148ky pro va\u0161eho \u0161\u00e9fa","potentialAction":[{"@type":"SearchAction","target":{"@type":"EntryPoint","urlTemplate":"https:\/\/powderblue-seahorse-496884.hostingersite.com\/?s={search_term_string}"},"query-input":{"@type":"PropertyValueSpecification","valueRequired":true,"valueName":"search_term_string"}}],"inLanguage":"cs"}]}},"_links":{"self":[{"href":"https:\/\/forbabyboss.com\/cs\/wp-json\/wp\/v2\/product\/1275","targetHints":{"allow":["GET"]}}],"collection":[{"href":"https:\/\/forbabyboss.com\/cs\/wp-json\/wp\/v2\/product"}],"about":[{"href":"https:\/\/forbabyboss.com\/cs\/wp-json\/wp\/v2\/types\/product"}],"wp:featuredmedia":[{"embeddable":true,"href":"https:\/\/forbabyboss.com\/cs\/wp-json\/wp\/v2\/media\/1993"}],"wp:attachment":[{"href":"https:\/\/forbabyboss.com\/cs\/wp-json\/wp\/v2\/media?parent=1275"}],"wp:term":[{"taxonomy":"product_brand","embeddable":true,"href":"https:\/\/forbabyboss.com\/cs\/wp-json\/wp\/v2\/product_brand?post=1275"},{"taxonomy":"product_cat","embeddable":true,"href":"https:\/\/forbabyboss.com\/cs\/wp-json\/wp\/v2\/product_cat?post=1275"},{"taxonomy":"product_tag","embeddable":true,"href":"https:\/\/forbabyboss.com\/cs\/wp-json\/wp\/v2\/product_tag?post=1275"}],"curies":[{"name":"wp","href":"https:\/\/api.w.org\/{rel}","templated":true}]}}