{"id":3646,"date":"2022-09-18T08:44:30","date_gmt":"2022-09-18T08:44:30","guid":{"rendered":"http:\/\/forbabyboss.com\/?post_type=product&#038;p=3646"},"modified":"2023-10-03T00:08:57","modified_gmt":"2023-10-03T00:08:57","slug":"lehky-kocarek-a-sportovni-kocarek-v-cernem-a-zlatem-provedeni","status":"publish","type":"product","link":"https:\/\/forbabyboss.com\/cs\/product\/black-and-gold-lightweight-stroller-pram-and-pushchair\/","title":{"rendered":"\u010cerno-zlat\u00fd lehk\u00fd ko\u010d\u00e1rek a ko\u010d\u00e1rek"},"content":{"rendered":"<div class=\"span12\">\n<div class=\"row\">\n<div class=\"span12\">\n<div class=\"span12\" style=\"text-align: justify;\">\n<p><strong><span style=\"color: #e14d43;\"><span style=\"font-family: Arial; font-size: medium;\">Pohodln\u00e9 Sl<\/span><span style=\"font-family: Arial; font-size: medium;\">Spac\u00ed prostor\u00a0<\/span><\/span><\/strong><\/p>\n<h4><span style=\"font-family: Arial; font-size: medium; color: #000000;\"><span style=\"color: #000000; font-family: Arial; font-size: medium;\"><b>Op\u011bradlo ko\u010d\u00e1rku umo\u017e\u0148uje t\u0159i nastaven\u00ed \u00fahlu. Zata\u017een\u00edm za popruh lze snadno vyrovnat sedadlo a nechat d\u00edt\u011b usnout. Rozm\u011bry sedadla jsou: 36 cm * 81 cm (v\u010detn\u011b op\u011brky nohou).<\/b><\/span><\/span><\/h4>\n<div><strong><span style=\"color: #e14d43;\"><span style=\"font-size: 14.4px;\">Lehk\u00e9 a snadn\u00e9 skl\u00e1d\u00e1n\u00ed<\/span><\/span><\/strong><\/div>\n<div>\n<div><span style=\"color: #000000;\"><span style=\"color: #000000;\"><b>Lehk\u00fd a p\u0159enosn\u00fd, skl\u00e1dac\u00ed jednou rukou, konstrukce s oj\u00ed, kompaktn\u00ed rozm\u011bry (60 cm * 48 cm * 26 cm)<\/b><span style=\"font-size: 14.4px;\"><b>), snadn\u00e9<\/b><\/span><b> k p\u0159en\u00e1\u0161en\u00ed, skv\u011bl\u00e9 do letadla, lze um\u00edstit do kufru jak\u00e9hokoli auta nebo t\u00e1hnout s v\u00fdsuvnou rukojet\u00ed.<\/b><\/span><\/span><\/div>\n<div><\/div>\n<div>\n<div><strong><span style=\"color: #e14d43;\">Bezpe\u010dnostn\u00ed ochrana<\/span><\/strong><\/div>\n<div><span style=\"color: #000000;\"><span style=\"color: #000000;\"><b>S p\u011btibodov\u00fdm bezpe\u010dnostn\u00edm p\u00e1sem (v\u00fd\u0161kov\u011b nastaviteln\u00fd<\/b><span style=\"font-size: 14.4px;\"><b>), otev\u00edrateln\u00e9<\/b><\/span><b> d\u011btsk\u00e9 madlo, ka\u017ed\u00fd ko\u010d\u00e1rek byl tlakov\u011b testov\u00e1n, aby byla zaji\u0161t\u011bna bezpe\u010dnost ka\u017ed\u00e9ho d\u00edt\u011bte.<\/b><\/span><\/span><\/div>\n<div><\/div>\n<div>\n<div><strong><span style=\"color: #e14d43;\">Tich\u00e9 a n\u00e1razuvzdorn\u00e9 kolo<\/span><\/strong><\/div>\n<div><strong><span style=\"color: #000000;\">V\u0161echna kola maj\u00ed tlumic\u00ed pru\u017einy, kter\u00e9 chr\u00e1n\u00ed d\u00edt\u011b p\u0159ed n\u00e1razy. Zaji\u0161\u0165uj\u00ed ovladatelnost a snadnou ovladatelnost v jak\u00e9mkoli ter\u00e9nu.<\/span><\/strong><\/div>\n<\/div>\n<div><\/div>\n<div>\n<p><span style=\"color: #e14d43;\"><strong>P\u0159\u00edslu\u0161enstv\u00ed zahrnut\u00e9 v cen\u011b<\/strong><strong>\u00a0uvolnit:<\/strong><\/span><\/p>\n<div><strong><span style=\"color: #000000;\">1. \u00dalo\u017en\u00fd vak<\/span><\/strong><\/div>\n<div><strong><span style=\"color: #000000;\">2. Chladic\u00ed podlo\u017eka pod sed\u00e1k z pam\u011b\u0165ov\u00e9 p\u011bny<\/span><\/strong><\/div>\n<div><strong><span style=\"color: #000000;\">3. S\u00ed\u0165 proti kom\u00e1r\u016fm<\/span><\/strong><\/div>\n<div><strong><span style=\"color: #000000;\">4. Dr\u017e\u00e1k na lahve<\/span><\/strong><\/div>\n<div><strong><span style=\"color: #000000;\">5. Pl\u00e1\u0161t\u011bnka<\/span><\/strong><\/div>\n<div><strong><span style=\"color: #000000;\">6. N\u00e1vod k pou\u017eit\u00ed<\/span><\/strong><\/div>\n<\/div>\n<div><strong><span style=\"color: #000000;\">7. Vr\u00e1cen\u00ed pen\u011bz\u00a0<\/span><\/strong><span style=\"color: #000000;\"><span style=\"font-size: 14.4px;\"><b>z\u00e1ruka<\/b><\/span><\/span><\/div>\n<div><span style=\"color: #000000;\">\u00a0<\/span><\/div>\n<div>\n<p><strong><span style=\"color: #000000; font-family: Arial;\"><span style=\"color: #e14d43;\">Funkce<\/span>:<\/span><\/strong><\/p>\n<ul>\n<li style=\"text-align: justify;\"><strong><span style=\"font-family: Arial; font-size: medium; color: #000000;\">Vhodn\u00e9 pro miminka od 0 m\u011bs\u00edc\u016f do hmotnosti 15 kg (cca 2 roky)<\/span><\/strong><\/li>\n<li style=\"text-align: justify;\"><span style=\"font-family: Arial; font-size: medium; color: #000000;\"><span style=\"color: #000000; font-family: Arial; font-size: medium;\"><b>Nastaviteln\u00e1 op\u011brka nohou pro miminko je vhodn\u00e1 pro ka\u017edou f\u00e1zi r\u016fstu d\u00edt\u011bte.<\/b><\/span><\/span><\/li>\n<li style=\"text-align: justify;\"><strong><span style=\"color: #000000;\">Pohodln\u00e1 KO\u017dEN\u00c1 rukoje\u0165<\/span><\/strong><\/li>\n<li style=\"text-align: justify;\"><strong><span style=\"font-family: Arial; font-size: medium; color: #000000;\">N\u00edzk\u00e1 hmotnost a mal\u00fd objem ve slo\u017een\u00e9m stavu, velmi snadn\u00e9 p\u0159en\u00e1\u0161en\u00ed a skladov\u00e1n\u00ed.<\/span><\/strong><\/li>\n<li style=\"text-align: justify;\"><strong><span style=\"color: #000000;\">Celkov\u00e1 konstrukce syst\u00e9mu odpru\u017een\u00ed A++.<\/span><\/strong><\/li>\n<li style=\"text-align: justify;\"><strong><span style=\"font-family: Arial; font-size: medium; color: #000000;\">Velk\u00fd \u00falo\u017en\u00fd ko\u0161.<\/span><\/strong><\/li>\n<li style=\"text-align: justify;\"><strong><span style=\"font-family: Arial; font-size: medium; color: #000000;\">Zadn\u00ed brzdy.<\/span><\/strong><\/li>\n<li style=\"text-align: justify;\"><strong><span style=\"font-family: Arial; font-size: medium; color: #000000;\">5bodov\u00fd postroj.<\/span><\/strong><\/li>\n<li style=\"text-align: justify;\"><strong><span style=\"font-family: Arial; font-size: medium; color: #000000;\">Konstrukce proti sk\u0159\u00edpnut\u00ed pro ochranu prst\u016f<\/span><\/strong><\/li>\n<li style=\"text-align: justify;\"><strong><span style=\"font-family: Arial; font-size: medium; color: #000000;\">UV ochrana a vod\u011bodoln\u00e1 st\u0159\u00ed\u0161ka, nastaviteln\u00e1 do 3 poloh<\/span><\/strong><\/li>\n<li style=\"text-align: justify;\"><strong><span style=\"font-family: Arial; font-size: medium; color: #000000;\">R\u00e1m z leteck\u00e9 hlin\u00edkov\u00e9 slitiny, pevn\u00fd a odoln\u00fd.<\/span><\/strong><\/li>\n<li style=\"text-align: justify;\"><strong><span style=\"font-family: Arial; font-size: medium; color: #000000;\">Oto\u010dn\u00e9 p\u0159edn\u00ed kolo o 360 stup\u0148\u016f.<\/span><\/strong><\/li>\n<li style=\"text-align: justify;\"><span style=\"font-family: Arial; font-size: medium; color: #000000;\"><span style=\"color: #000000; font-family: Arial; font-size: medium;\"><b>Snadn\u00e9 slo\u017een\u00ed a rozlo\u017een\u00ed b\u011bhem 2 sekund.<\/b><\/span><\/span><\/li>\n<li style=\"text-align: justify;\"><strong><span style=\"font-family: Arial; font-size: medium; color: #000000;\">Dvojit\u011b odpru\u017een\u00e1 kola<\/span><\/strong><\/li>\n<li style=\"text-align: justify;\"><span style=\"font-family: Arial; font-size: medium; color: #000000;\"><strong>Ekologicky \u0161etrn\u00e9 materi\u00e1ly<\/strong>.<\/span><\/li>\n<\/ul>\n<p style=\"text-align: justify;\"><strong><span style=\"color: #000000; font-family: Arial;\"><span style=\"color: #e14d43;\">Specifikace<\/span>:<\/span><\/strong><\/p>\n<ul>\n<li style=\"text-align: justify;\"><strong><span style=\"font-family: Arial; font-size: medium; color: #000000;\">Materi\u00e1l: Uhl\u00edkov\u00e1 ocel + plast + EVA guma + k\u016f\u017ee<\/span><\/strong><\/li>\n<li style=\"text-align: justify;\"><strong><span style=\"font-family: Arial; font-size: medium; color: #000000;\">Barva: \u010cern\u00e1, \u0160ed\u00e1, Modr\u00e1, R\u016f\u017eov\u00e1, B\u00e9\u017eov\u00e1<\/span><\/strong><\/li>\n<li style=\"text-align: justify;\"><strong><span style=\"font-family: Arial; font-size: medium; color: #000000;\">Celkov\u00e9 rozm\u011bry: 98 x 66 x 36 (cm)<\/span><\/strong><\/li>\n<li style=\"text-align: justify;\"><strong><span style=\"font-family: Arial; font-size: medium; color: #000000;\">Nosnost: 15 kg<\/span><\/strong><\/li>\n<li style=\"text-align: justify;\"><strong><span style=\"font-family: Arial; font-size: medium; color: #000000;\">\u010cist\u00e1 hmotnost: 8,0 kg<\/span><\/strong><\/li>\n<\/ul>\n<h4><a href=\"http:\/\/forbabyboss.com\/wp-content\/uploads\/2022\/09\/checkout.png\"><img loading=\"lazy\" decoding=\"async\" class=\"alignnone size-full wp-image-5965\" src=\"http:\/\/forbabyboss.com\/wp-content\/uploads\/2022\/09\/checkout.png\" alt=\"\" width=\"750\" height=\"276\" srcset=\"https:\/\/forbabyboss.com\/wp-content\/uploads\/2022\/09\/checkout.png 750w, https:\/\/forbabyboss.com\/wp-content\/uploads\/2022\/09\/checkout-600x221.png 600w\" sizes=\"auto, (max-width: 750px) 100vw, 750px\" \/><\/a><\/h4>\n<\/div>\n<\/div>\n<\/div>\n<\/div>\n<\/div>\n<\/div>\n<\/div>","protected":false},"excerpt":{"rendered":"<p style=\"text-align: center;\"><a href=\"http:\/\/forbabyboss.com\/wp-content\/uploads\/2022\/09\/Star-Rating-5.png\"><img loading=\"lazy\" decoding=\"async\" class=\"alignnone size-full wp-image-5973\" src=\"http:\/\/forbabyboss.com\/wp-content\/uploads\/2022\/09\/Star-Rating-5.png\" alt=\"\" width=\"275\" height=\"45\" \/><\/a><\/p>\n<p style=\"text-align: center;\"><strong><span style=\"color: #e14d43;\">GARANCE SHODU CEN<\/span><\/strong><\/p>\n<p style=\"text-align: center;\"><span style=\"font-weight: 400; color: #333399;\">Doprava zdarma<\/span><span style=\"font-weight: 400;\"><span style=\"color: #333399;\"> \u2013<\/span> 2 \u2013 7 dn\u00ed<\/span><\/p>\n<p style=\"text-align: center;\"><strong>D\u00e1rek zdarma k n\u00e1kupu nad 100 GBP<\/strong><\/p>","protected":false},"featured_media":3648,"template":"","meta":[],"product_brand":[],"product_cat":[334,207,305,208,130,209,211],"product_tag":[171],"class_list":{"0":"post-3646","1":"product","2":"type-product","3":"status-publish","4":"has-post-thumbnail","6":"product_cat-200-to-300","7":"product_cat-black","8":"product_cat-colour","9":"product_cat-gold","10":"product_cat-prams","11":"product_cat-push-chairs","12":"product_cat-stroller","13":"product_tag-pram","15":"first","16":"instock","17":"sale","18":"shipping-taxable","19":"purchasable","20":"product-type-simple"},"yoast_head":"<!-- This site is optimized with the Yoast SEO plugin v27.5 - https:\/\/yoast.com\/product\/yoast-seo-wordpress\/ -->\n<title>Black and Gold Lightweight Stroller Pram and Pushchair - For Baby Boss<\/title>\n<meta name=\"description\" content=\"Black and Gold Lightweight Stroller Pram and Pushchair\" \/>\n<meta name=\"robots\" content=\"index, follow, max-snippet:-1, max-image-preview:large, max-video-preview:-1\" \/>\n<link rel=\"canonical\" href=\"https:\/\/forbabyboss.com\/cs\/product\/lehky-kocarek-a-sportovni-kocarek-v-cernem-a-zlatem-provedeni\/\" \/>\n<meta property=\"og:locale\" content=\"cs_CZ\" \/>\n<meta property=\"og:type\" content=\"article\" \/>\n<meta property=\"og:title\" content=\"Black and Gold Lightweight Stroller Pram and Pushchair - For Baby Boss\" \/>\n<meta property=\"og:description\" content=\"Black and Gold Lightweight Stroller Pram and Pushchair\" \/>\n<meta property=\"og:url\" content=\"https:\/\/forbabyboss.com\/cs\/product\/lehky-kocarek-a-sportovni-kocarek-v-cernem-a-zlatem-provedeni\/\" \/>\n<meta property=\"og:site_name\" content=\"For Baby Boss\" \/>\n<meta property=\"article:modified_time\" content=\"2023-10-03T00:08:57+00:00\" \/>\n<meta property=\"og:image\" content=\"https:\/\/forbabyboss.com\/wp-content\/uploads\/2022\/09\/BABY-PRAM-TROLLEY-PULL-CHILDRENS-PUSHCHAIR-BUGGY-STROLLER-LIGHTWEIGHT-UK-BLACK_Main.jpg\" \/>\n\t<meta property=\"og:image:width\" content=\"1600\" \/>\n\t<meta property=\"og:image:height\" content=\"1600\" \/>\n\t<meta property=\"og:image:type\" content=\"image\/jpeg\" \/>\n<meta name=\"twitter:card\" content=\"summary_large_image\" \/>\n<meta name=\"twitter:label1\" content=\"Odhadovan\u00e1 doba \u010dten\u00ed\" \/>\n\t<meta name=\"twitter:data1\" content=\"2 minuty\" \/>\n<script type=\"application\/ld+json\" class=\"yoast-schema-graph\">{\"@context\":\"https:\\\/\\\/schema.org\",\"@graph\":[{\"@type\":\"WebPage\",\"@id\":\"https:\\\/\\\/forbabyboss.com\\\/product\\\/black-and-gold-lightweight-stroller-pram-and-pushchair\\\/\",\"url\":\"https:\\\/\\\/forbabyboss.com\\\/product\\\/black-and-gold-lightweight-stroller-pram-and-pushchair\\\/\",\"name\":\"Black and Gold Lightweight Stroller Pram and Pushchair - For Baby Boss\",\"isPartOf\":{\"@id\":\"https:\\\/\\\/powderblue-seahorse-496884.hostingersite.com\\\/#website\"},\"primaryImageOfPage\":{\"@id\":\"https:\\\/\\\/forbabyboss.com\\\/product\\\/black-and-gold-lightweight-stroller-pram-and-pushchair\\\/#primaryimage\"},\"image\":{\"@id\":\"https:\\\/\\\/forbabyboss.com\\\/product\\\/black-and-gold-lightweight-stroller-pram-and-pushchair\\\/#primaryimage\"},\"thumbnailUrl\":\"https:\\\/\\\/forbabyboss.com\\\/wp-content\\\/uploads\\\/2022\\\/09\\\/BABY-PRAM-TROLLEY-PULL-CHILDRENS-PUSHCHAIR-BUGGY-STROLLER-LIGHTWEIGHT-UK-BLACK_Main.jpg\",\"datePublished\":\"2022-09-18T08:44:30+00:00\",\"dateModified\":\"2023-10-03T00:08:57+00:00\",\"description\":\"Black and Gold Lightweight Stroller Pram and Pushchair\",\"breadcrumb\":{\"@id\":\"https:\\\/\\\/forbabyboss.com\\\/product\\\/black-and-gold-lightweight-stroller-pram-and-pushchair\\\/#breadcrumb\"},\"inLanguage\":\"cs\",\"potentialAction\":[{\"@type\":\"ReadAction\",\"target\":[\"https:\\\/\\\/forbabyboss.com\\\/product\\\/black-and-gold-lightweight-stroller-pram-and-pushchair\\\/\"]}]},{\"@type\":\"ImageObject\",\"inLanguage\":\"cs\",\"@id\":\"https:\\\/\\\/forbabyboss.com\\\/product\\\/black-and-gold-lightweight-stroller-pram-and-pushchair\\\/#primaryimage\",\"url\":\"https:\\\/\\\/forbabyboss.com\\\/wp-content\\\/uploads\\\/2022\\\/09\\\/BABY-PRAM-TROLLEY-PULL-CHILDRENS-PUSHCHAIR-BUGGY-STROLLER-LIGHTWEIGHT-UK-BLACK_Main.jpg\",\"contentUrl\":\"https:\\\/\\\/forbabyboss.com\\\/wp-content\\\/uploads\\\/2022\\\/09\\\/BABY-PRAM-TROLLEY-PULL-CHILDRENS-PUSHCHAIR-BUGGY-STROLLER-LIGHTWEIGHT-UK-BLACK_Main.jpg\",\"width\":1600,\"height\":1600,\"caption\":\"BABY PRAM TROLLEY PULL CHILDRENS PUSHCHAIR BUGGY STROLLER LIGHTWEIGHT UK - BLACK\"},{\"@type\":\"BreadcrumbList\",\"@id\":\"https:\\\/\\\/forbabyboss.com\\\/product\\\/black-and-gold-lightweight-stroller-pram-and-pushchair\\\/#breadcrumb\",\"itemListElement\":[{\"@type\":\"ListItem\",\"position\":1,\"name\":\"Home\",\"item\":\"https:\\\/\\\/forbabyboss.com\\\/\"},{\"@type\":\"ListItem\",\"position\":2,\"name\":\"Shop\",\"item\":\"https:\\\/\\\/forbabyboss.com\\\/shop\\\/\"},{\"@type\":\"ListItem\",\"position\":3,\"name\":\"Black and Gold Lightweight Stroller Pram and Pushchair\"}]},{\"@type\":\"WebSite\",\"@id\":\"https:\\\/\\\/powderblue-seahorse-496884.hostingersite.com\\\/#website\",\"url\":\"https:\\\/\\\/powderblue-seahorse-496884.hostingersite.com\\\/\",\"name\":\"For Baby Boss\",\"description\":\"Beautiful gifts and accessories for your baby boss\",\"potentialAction\":[{\"@type\":\"SearchAction\",\"target\":{\"@type\":\"EntryPoint\",\"urlTemplate\":\"https:\\\/\\\/powderblue-seahorse-496884.hostingersite.com\\\/?s={search_term_string}\"},\"query-input\":{\"@type\":\"PropertyValueSpecification\",\"valueRequired\":true,\"valueName\":\"search_term_string\"}}],\"inLanguage\":\"cs\"}]}<\/script>\n<!-- \/ Yoast SEO plugin. -->","yoast_head_json":{"title":"\u010cerno-zlat\u00fd lehk\u00fd ko\u010d\u00e1rek a ko\u010d\u00e1rek - pro Baby Boss","description":"\u010cerno-zlat\u00fd lehk\u00fd ko\u010d\u00e1rek a ko\u010d\u00e1rek","robots":{"index":"index","follow":"follow","max-snippet":"max-snippet:-1","max-image-preview":"max-image-preview:large","max-video-preview":"max-video-preview:-1"},"canonical":"https:\/\/forbabyboss.com\/cs\/product\/lehky-kocarek-a-sportovni-kocarek-v-cernem-a-zlatem-provedeni\/","og_locale":"cs_CZ","og_type":"article","og_title":"Black and Gold Lightweight Stroller Pram and Pushchair - For Baby Boss","og_description":"Black and Gold Lightweight Stroller Pram and Pushchair","og_url":"https:\/\/forbabyboss.com\/cs\/product\/lehky-kocarek-a-sportovni-kocarek-v-cernem-a-zlatem-provedeni\/","og_site_name":"For Baby Boss","article_modified_time":"2023-10-03T00:08:57+00:00","og_image":[{"width":1600,"height":1600,"url":"https:\/\/forbabyboss.com\/wp-content\/uploads\/2022\/09\/BABY-PRAM-TROLLEY-PULL-CHILDRENS-PUSHCHAIR-BUGGY-STROLLER-LIGHTWEIGHT-UK-BLACK_Main.jpg","type":"image\/jpeg"}],"twitter_card":"summary_large_image","twitter_misc":{"Odhadovan\u00e1 doba \u010dten\u00ed":"2 minuty"},"schema":{"@context":"https:\/\/schema.org","@graph":[{"@type":"WebPage","@id":"https:\/\/forbabyboss.com\/product\/black-and-gold-lightweight-stroller-pram-and-pushchair\/","url":"https:\/\/forbabyboss.com\/product\/black-and-gold-lightweight-stroller-pram-and-pushchair\/","name":"\u010cerno-zlat\u00fd lehk\u00fd ko\u010d\u00e1rek a ko\u010d\u00e1rek - pro Baby Boss","isPartOf":{"@id":"https:\/\/powderblue-seahorse-496884.hostingersite.com\/#website"},"primaryImageOfPage":{"@id":"https:\/\/forbabyboss.com\/product\/black-and-gold-lightweight-stroller-pram-and-pushchair\/#primaryimage"},"image":{"@id":"https:\/\/forbabyboss.com\/product\/black-and-gold-lightweight-stroller-pram-and-pushchair\/#primaryimage"},"thumbnailUrl":"https:\/\/forbabyboss.com\/wp-content\/uploads\/2022\/09\/BABY-PRAM-TROLLEY-PULL-CHILDRENS-PUSHCHAIR-BUGGY-STROLLER-LIGHTWEIGHT-UK-BLACK_Main.jpg","datePublished":"2022-09-18T08:44:30+00:00","dateModified":"2023-10-03T00:08:57+00:00","description":"\u010cerno-zlat\u00fd lehk\u00fd ko\u010d\u00e1rek a ko\u010d\u00e1rek","breadcrumb":{"@id":"https:\/\/forbabyboss.com\/product\/black-and-gold-lightweight-stroller-pram-and-pushchair\/#breadcrumb"},"inLanguage":"cs","potentialAction":[{"@type":"ReadAction","target":["https:\/\/forbabyboss.com\/product\/black-and-gold-lightweight-stroller-pram-and-pushchair\/"]}]},{"@type":"ImageObject","inLanguage":"cs","@id":"https:\/\/forbabyboss.com\/product\/black-and-gold-lightweight-stroller-pram-and-pushchair\/#primaryimage","url":"https:\/\/forbabyboss.com\/wp-content\/uploads\/2022\/09\/BABY-PRAM-TROLLEY-PULL-CHILDRENS-PUSHCHAIR-BUGGY-STROLLER-LIGHTWEIGHT-UK-BLACK_Main.jpg","contentUrl":"https:\/\/forbabyboss.com\/wp-content\/uploads\/2022\/09\/BABY-PRAM-TROLLEY-PULL-CHILDRENS-PUSHCHAIR-BUGGY-STROLLER-LIGHTWEIGHT-UK-BLACK_Main.jpg","width":1600,"height":1600,"caption":"BABY PRAM TROLLEY PULL CHILDRENS PUSHCHAIR BUGGY STROLLER LIGHTWEIGHT UK - BLACK"},{"@type":"BreadcrumbList","@id":"https:\/\/forbabyboss.com\/product\/black-and-gold-lightweight-stroller-pram-and-pushchair\/#breadcrumb","itemListElement":[{"@type":"ListItem","position":1,"name":"Home","item":"https:\/\/forbabyboss.com\/"},{"@type":"ListItem","position":2,"name":"Shop","item":"https:\/\/forbabyboss.com\/shop\/"},{"@type":"ListItem","position":3,"name":"Black and Gold Lightweight Stroller Pram and Pushchair"}]},{"@type":"WebSite","@id":"https:\/\/powderblue-seahorse-496884.hostingersite.com\/#website","url":"https:\/\/powderblue-seahorse-496884.hostingersite.com\/","name":"Pro Baby Boss","description":"Kr\u00e1sn\u00e9 d\u00e1rky a dopl\u0148ky pro va\u0161eho \u0161\u00e9fa","potentialAction":[{"@type":"SearchAction","target":{"@type":"EntryPoint","urlTemplate":"https:\/\/powderblue-seahorse-496884.hostingersite.com\/?s={search_term_string}"},"query-input":{"@type":"PropertyValueSpecification","valueRequired":true,"valueName":"search_term_string"}}],"inLanguage":"cs"}]}},"_links":{"self":[{"href":"https:\/\/forbabyboss.com\/cs\/wp-json\/wp\/v2\/product\/3646","targetHints":{"allow":["GET"]}}],"collection":[{"href":"https:\/\/forbabyboss.com\/cs\/wp-json\/wp\/v2\/product"}],"about":[{"href":"https:\/\/forbabyboss.com\/cs\/wp-json\/wp\/v2\/types\/product"}],"wp:featuredmedia":[{"embeddable":true,"href":"https:\/\/forbabyboss.com\/cs\/wp-json\/wp\/v2\/media\/3648"}],"wp:attachment":[{"href":"https:\/\/forbabyboss.com\/cs\/wp-json\/wp\/v2\/media?parent=3646"}],"wp:term":[{"taxonomy":"product_brand","embeddable":true,"href":"https:\/\/forbabyboss.com\/cs\/wp-json\/wp\/v2\/product_brand?post=3646"},{"taxonomy":"product_cat","embeddable":true,"href":"https:\/\/forbabyboss.com\/cs\/wp-json\/wp\/v2\/product_cat?post=3646"},{"taxonomy":"product_tag","embeddable":true,"href":"https:\/\/forbabyboss.com\/cs\/wp-json\/wp\/v2\/product_tag?post=3646"}],"curies":[{"name":"wp","href":"https:\/\/api.w.org\/{rel}","templated":true}]}}