{"id":4057,"date":"2022-09-07T10:02:34","date_gmt":"2022-09-07T10:02:34","guid":{"rendered":"http:\/\/forbabyboss.com\/?post_type=product&#038;p=4057"},"modified":"2026-02-21T15:01:19","modified_gmt":"2026-02-21T15:01:19","slug":"detsky-kocarek-2021-4v1-v-tyrkysove-barve","status":"publish","type":"product","link":"https:\/\/forbabyboss.com\/cs\/product\/baby-pram-2021-pushchair-4in1-in-turqoise\/","title":{"rendered":"D\u011btsk\u00fd ko\u010d\u00e1rek 2021 4v1 v tyrkysov\u00e9 barv\u011b"},"content":{"rendered":"<p style=\"text-align: justify;\"><strong><span style=\"color: #282828; font-size: 100%;\">Bexa Air byla navr\u017eena speci\u00e1ln\u011b pro rodi\u010de, kte\u0159\u00ed hledaj\u00ed produkt, kter\u00fd budou pou\u017e\u00edvat po dlouhou dobu. V z\u00e1vislosti na pot\u0159eb\u00e1ch a v\u011bku d\u00edt\u011bte m\u016f\u017ee Bexa Air slou\u017eit jako ko\u010d\u00e1rek nebo sportovn\u00ed ko\u010d\u00e1rek. Lehk\u00fd hlin\u00edkov\u00fd r\u00e1m usnad\u0148uje jeho ovl\u00e1d\u00e1n\u00ed. Je navr\u017eena pro p\u0159epravu va\u0161eho d\u00edt\u011bte nebo batolete ve velmi pohodln\u00e9m stavu. \u010c\u00e1st ko\u010d\u00e1rku je vyrobena z nejkvalitn\u011bj\u0161\u00edch impregnovan\u00fdch materi\u00e1l\u016f, kter\u00e9 jsou vhodn\u00e9 pro d\u011bti.<\/span><\/strong><\/p>\n<p style=\"text-align: justify;\"><strong><span style=\"color: #282828; font-size: 100%;\">Ko\u010d\u00e1rky Bexa Air jsou kompletn\u011b navr\u017eeny a vyrobeny v Evrop\u011b a jsou vyrobeny pouze z vysoce kvalitn\u00edch materi\u00e1l\u016f.<span style=\"font-family: 'Josefin Sans', Tahoma, sans-serif, Arial;\">Bexa Air byla navr\u017eena speci\u00e1ln\u011b pro rodi\u010de, kte\u0159\u00ed hledaj\u00ed produkt, kter\u00fd budou pou\u017e\u00edvat po dlouhou dobu. V z\u00e1vislosti na pot\u0159eb\u00e1ch a v\u011bku d\u00edt\u011bte m\u016f\u017ee Bexa Air slou\u017eit jako ko\u010d\u00e1rek nebo sportovn\u00ed ko\u010d\u00e1rek. Lehk\u00fd hlin\u00edkov\u00fd r\u00e1m usnad\u0148uje jeho ovl\u00e1d\u00e1n\u00ed. Je navr\u017eena pro p\u0159epravu va\u0161eho d\u00edt\u011bte nebo batolete ve velmi pohodln\u00e9m stavu. \u010c\u00e1st ko\u010d\u00e1rku je vyrobena z nejkvalitn\u011bj\u0161\u00edch impregnovan\u00fdch materi\u00e1l\u016f, kter\u00e9 jsou vhodn\u00e9 pro d\u011bti.<\/span><\/span><\/strong><\/p>\n<p style=\"text-align: justify;\"><strong><span style=\"color: #282828; font-family: 'Josefin Sans', Tahoma, sans-serif, Arial; font-size: 100%;\">Ko\u010d\u00e1rky Bexa Air jsou kompletn\u011b navr\u017eeny a vyrobeny v Evrop\u011b a jsou vyrobeny pouze z vysoce kvalitn\u00edch materi\u00e1l\u016f.<\/span><\/strong><\/p>\n<p style=\"text-align: justify;\"><strong><span style=\"font-size: 100%; color: #282828;\">Navr\u017eeno pro pohodlnou p\u0159epravu va\u0161eho d\u00edt\u011bte nebo batolete od narozen\u00ed do 3 let nebo 0-15 kg.<\/span><\/strong><\/p>\n<p style=\"text-align: justify;\"><strong><span style=\"color: #282828; font-size: 100%;\">Vyrobeno v Evrop\u011b z vysoce kvalitn\u00edch materi\u00e1l\u016f, lehk\u00fd hlin\u00edkov\u00fd r\u00e1m, modern\u00ed design.<br \/>\n<\/span><\/strong><\/p>\n<p style=\"text-align: justify;\" align=\"center\"><strong><span style=\"font-size: 100%; color: #282828;\">Evropsk\u00e1 certifikace EN 1888:2012. Lehk\u00fd hlin\u00edkov\u00fd r\u00e1m s nastaviteln\u00fdm tlumi\u010dem n\u00e1raz\u016f usnad\u0148uje \u0159\u00edzen\u00ed. \u010c\u00e1st ko\u010d\u00e1rku je vyrobena z nejkvalitn\u011bj\u0161\u00edch impregnovan\u00fdch materi\u00e1l\u016f, vhodn\u00fdch pro d\u011bti. Materi\u00e1ly neblednou, jsou vod\u011bodoln\u00e9 a zaji\u0161\u0165uj\u00ed ide\u00e1ln\u00ed teplotu vzduchu v z\u00e1vislosti na pov\u011btrnostn\u00edch podm\u00ednk\u00e1ch. Odn\u00edmateln\u00fd vnit\u0159ek a potah jsou vypln\u011bny hypoalergenn\u00ed bavlnou.<\/span><\/strong><\/p>\n<p style=\"text-align: justify;\" align=\"center\"><strong><span style=\"color: #282828;\"><span style=\"font-size: medium;\"><span style=\"color: #e14d43;\">Specifikace produktu<\/span>:<\/span><span style=\"font-size: medium;\">\u00a0<\/span><\/span><\/strong><\/p>\n<p style=\"text-align: justify;\"><strong><span style=\"color: #282828;\">\u2013 mo\u017enost p\u0159en\u00e1\u0161en\u00ed gondoly za madlo v kabin\u011b;<\/span><\/strong><\/p>\n<p style=\"text-align: justify;\"><strong><span style=\"color: #282828;\">\u2013 spodn\u00ed \u010d\u00e1st gondoly je vyrobena z plastu;<\/span><\/strong><\/p>\n<p style=\"text-align: justify;\"><strong><span style=\"color: #282828;\">-gondola pota\u017een\u00e1 eko k\u016f\u017e\u00ed;<\/span><\/strong><\/p>\n<p style=\"text-align: justify;\"><strong><span style=\"color: #282828;\">\u2013 batoh pro maminku;<\/span><\/strong><\/p>\n<p style=\"text-align: justify;\"><strong><span style=\"color: #282828;\">- prostorn\u00e1 gondola s ventilac\u00ed;<\/span><\/strong><\/p>\n<p style=\"text-align: justify;\"><strong><span style=\"color: #282828;\">\u2013 rozlo\u017een\u00fd r\u00e1m 78x58x99-115 cm;<\/span><\/strong><\/p>\n<p style=\"text-align: justify;\"><strong><span style=\"color: #282828;\">\u2013 vn\u011bj\u0161\u00ed nastaven\u00ed op\u011brky zad v gondole a ko\u010d\u00e1rku;<\/span><\/strong><\/p>\n<p style=\"text-align: justify;\"><strong><span style=\"color: #282828;\">\u2013 slo\u017een\u00fd r\u00e1m 78x58x30 cm; bez kole\u010dek 72x50x30 cm;<\/span><\/strong><\/p>\n<p style=\"text-align: justify;\"><strong><span style=\"color: #282828;\">\u2013 odn\u00edmateln\u00e1 v\u00fdstelka interi\u00e9ru gondoly;<\/span><\/strong><\/p>\n<p style=\"text-align: justify;\"><strong><span style=\"color: #282828;\">-vnit\u0159ek gondoly 76x35x22 cm;<\/span><\/strong><\/p>\n<p style=\"text-align: justify;\"><strong><span style=\"color: #282828;\">\u2013 matrace s kokosem 75 cm x 35 cm;<\/span><\/strong><\/p>\n<p style=\"text-align: justify;\"><strong><span style=\"color: #282828;\">-hmotnost r\u00e1mu s koly cca 9 kg;<\/span><\/strong><\/p>\n<p style=\"text-align: justify;\"><strong><span style=\"color: #282828;\">\u2013 v\u00edcestup\u0148ov\u00e1 regulace kabiny;<\/span><\/strong><\/p>\n<p style=\"text-align: justify;\"><strong><span style=\"color: #282828;\">\u2013 12\u201c zadn\u00edch, 10\u201d p\u0159edn\u00edch gelov\u00fdch kol;<\/span><\/strong><\/p>\n<p style=\"text-align: justify;\"><strong><span style=\"color: #282828;\">\u2013 v\u00fd\u0161ka dna gondoly od zem\u011b 61 cm;<\/span><\/strong><\/p>\n<p style=\"text-align: justify;\"><strong><span style=\"color: #282828;\">-hmotnost gondoly je cca 5 kg;<\/span><\/strong><\/p>\n<p style=\"text-align: justify;\"><strong><span style=\"color: #282828;\">-sedadlo ko\u010d\u00e1rku 34\u00d726 cm, op\u011brka nohou 17 cm, op\u011bradlo 47 cm;<\/span><\/strong><\/p>\n<p style=\"text-align: justify;\"><strong><span style=\"color: #282828;\">\u2013 hmotnost ko\u010d\u00e1rku cca 4 kg;<\/span><\/strong><\/p>\n<p><strong><span style=\"color: #282828;\"><span style=\"color: #e14d43;\">Pohodln\u00e1 autoseda\u010dka<\/span>:<\/span><\/strong><\/p>\n<p><strong><span style=\"font-size: medium; color: #282828;\">Skupina 0-13 kg:<\/span><\/strong><\/p>\n<p><strong><span style=\"font-size: medium; color: #282828;\">Evropsk\u00e1 homologace ECE R44\/04<\/span><\/strong><\/p>\n<p><strong><span style=\"font-size: medium; color: #282828;\">Mont\u00e1\u017e na z\u00e1kladnu r\u00e1mu pomoc\u00ed adapt\u00e9r\u016f<\/span><\/strong><\/p>\n<p><strong><span style=\"font-size: medium; color: #282828;\">3bodov\u00fd p\u00e1s<\/span><\/strong><\/p>\n<p><strong><span style=\"font-size: medium; color: #282828;\">P\u0159\u00eddavn\u00e1 vlo\u017eka pro novorozence<\/span><\/strong><\/p>\n<p><strong><span style=\"font-size: medium; color: #282828;\">potah na autoseda\u010dku<\/span><\/strong><\/p>\n<p><strong><span style=\"font-size: medium; color: #282828;\">Nastaviteln\u00e1 rukoje\u0165 pro p\u0159en\u00e1\u0161en\u00ed<\/span><\/strong><\/p>\n<p><strong><span style=\"font-size: medium; color: #282828;\">Odn\u00edmateln\u00fd kryt kapuce<\/span><\/strong><\/p>\n<p><strong><span style=\"font-size: medium; color: #282828;\">V\u00fd\u0161kov\u011b nastaviteln\u00e9 bezpe\u010dnostn\u00ed p\u00e1sy<\/span><\/strong><\/p>\n<p><strong><span style=\"font-size: medium; color: #282828;\">Re\u017eim sm\u011b\u0159uj\u00edc\u00ed dop\u0159edu nebo dozadu<\/span><\/strong><\/p>\n<p><strong><span style=\"font-size: medium; color: #282828;\">Vybaveno syst\u00e9mem ISOFIX*<\/span><\/strong><\/p>\n<p><strong><span style=\"color: #282828;\"><span style=\"font-size: medium;\"><span style=\"color: #e14d43;\">Z\u00c1KLADNA SOFIX<\/span>*<\/span><\/span><\/strong><\/p>\n<p><strong><span style=\"font-size: medium; color: #282828;\">Barva: \u010cern\u00e1\/\u0160ed\u00e1<\/span><\/strong><\/p>\n<p><strong><span style=\"font-size: medium; color: #282828;\">Vhodn\u00e9 od narozen\u00ed<\/span><\/strong><\/p>\n<p><strong><span style=\"font-size: medium; color: #282828;\">Upev\u0148uje se p\u0159\u00edmo k podvozku vozidla pomoc\u00ed \u00fachyt\u016f ISOFIX.<\/span><\/strong><\/p>\n<p><strong><span style=\"font-size: medium; color: #282828;\">Lze tak\u00e9 zajistit pomoc\u00ed bezpe\u010dnostn\u00edho p\u00e1su vozidla<\/span><\/strong><\/p>\n<p><strong><span style=\"font-size: medium; color: #282828;\">Kompatibiln\u00ed s autoseda\u010dkami<\/span><\/strong><\/p>\n<p><strong><span style=\"font-size: medium; color: #282828;\">Snadn\u00e1 instalace<\/span><\/strong><\/p>\n<p><strong><span style=\"font-size: medium; color: #282828;\">Bezpe\u010dn\u00e9 a zabezpe\u010den\u00e9<\/span><\/strong><\/p>\n<p><strong><span style=\"font-size: medium; color: #282828;\">Minimalizuje rozruch<\/span><\/strong><\/p>\n<p><strong><span style=\"font-size: medium; color: #282828;\">Sni\u017euje pravd\u011bpodobnost probuzen\u00ed d\u00edt\u011bte p\u0159i p\u0159esunu z auta dom\u016f<\/span><\/strong><\/p>\n<p><strong><span style=\"font-size: medium; color: #282828;\">Podp\u016frn\u00e1 noha poskytuje maxim\u00e1ln\u00ed stabilitu, bezpe\u010dnost a snadno se nastavuje pro co nejlep\u0161\u00ed padnut\u00ed<\/span><\/strong><\/p>\n<p><strong><span style=\"font-size: medium; color: #282828;\">Barevn\u00e9 indik\u00e1tory potvrzuj\u00ed spr\u00e1vnou instalaci z\u00e1kladny do vozidla<\/span><\/strong><\/p>\n<p style=\"text-align: left;\" align=\"center\"><strong><span style=\"font-size: medium; color: #282828;\"><span style=\"color: #e14d43;\">Cena v cen\u011b<\/span>:<br \/>\n<\/span><\/strong><\/p>\n<p><strong><span style=\"color: #282828;\">Sada 2 v 1 obsahuje: \u010dern\u00fd hlin\u00edkov\u00fd r\u00e1m s dvojit\u00fdm tlumen\u00edm n\u00e1raz\u016f,\u00a0<\/span><\/strong><\/p>\n<p><strong><span style=\"color: #282828;\">gelov\u00e1 kola,<\/span><\/strong><\/p>\n<p><strong><span style=\"color: #282828;\">n\u00e1kupn\u00ed ko\u0161\u00edk se zap\u00edn\u00e1 zipem;\u00a0<\/span><\/strong><\/p>\n<p><strong><span style=\"color: #282828;\">gondola s krytem,\u00a0<\/span><\/strong><\/p>\n<p><strong><span style=\"color: #282828;\">ko\u010d\u00e1rek s krytem na nohy;<\/span><\/strong><\/p>\n<p><strong><span style=\"color: #282828;\">praktick\u00fd batoh na p\u0159\u00edslu\u0161enstv\u00ed;\u00a0<\/span><\/strong><\/p>\n<p><strong><span style=\"color: #282828;\">pl\u00e1\u0161t\u011bnka; moskyti\u00e9ra;<\/span><\/strong><\/p>\n<p style=\"text-align: left;\" align=\"center\"><strong><span style=\"font-size: medium; color: #282828;\">Z\u00e1kladna Isofix (voliteln\u00e9)<\/span><\/strong><\/p>\n<p><strong><span style=\"font-size: medium; color: #282828;\">24m\u011bs\u00ed\u010dn\u00ed z\u00e1ruka<\/span><\/strong><\/p>\n<p><a href=\"http:\/\/forbabyboss.com\/wp-content\/uploads\/2022\/09\/checkout.png\"><img loading=\"lazy\" decoding=\"async\" class=\"alignnone size-full wp-image-5965\" src=\"http:\/\/forbabyboss.com\/wp-content\/uploads\/2022\/09\/checkout.png\" alt=\"\" width=\"750\" height=\"276\" srcset=\"https:\/\/forbabyboss.com\/wp-content\/uploads\/2022\/09\/checkout.png 750w, https:\/\/forbabyboss.com\/wp-content\/uploads\/2022\/09\/checkout-600x221.png 600w\" sizes=\"auto, (max-width: 750px) 100vw, 750px\" \/><\/a><\/p>","protected":false},"excerpt":{"rendered":"<p><a href=\"http:\/\/forbabyboss.com\/wp-content\/uploads\/2022\/09\/Star-Rating-5.png\"><img loading=\"lazy\" decoding=\"async\" class=\"alignnone wp-image-5973 aligncenter\" src=\"http:\/\/forbabyboss.com\/wp-content\/uploads\/2022\/09\/Star-Rating-5.png\" alt=\"\" width=\"299\" height=\"49\" \/><\/a><\/p>\n<p style=\"text-align: center;\"><span style=\"color: #e14d43; font-size: 115%;\"><strong>GARANCE SHODU CEN<\/strong><\/span><\/p>\n<p style=\"text-align: center;\"><span style=\"font-size: 115%;\"><span style=\"color: #003366;\">Doprava zdarma\u00a0<\/span>\u2013 2 \u2013 7 dn\u00ed<\/span><\/p>\n<p style=\"text-align: center;\"><span style=\"color: #008000; font-size: 115%;\"><strong>D\u00e1rek zdarma k n\u00e1kupu nad 100 GBP<\/strong><\/span><\/p>","protected":false},"featured_media":4058,"template":"","meta":[],"product_brand":[587],"product_cat":[340,157,156,197,213,305,158,130,209,211],"product_tag":[200,199],"class_list":{"0":"post-4057","1":"product","2":"type-product","3":"status-publish","4":"has-post-thumbnail","6":"product_brand-bexa","7":"product_cat-800-to-900","8":"product_cat-2-in-1","9":"product_cat-3-in-1","10":"product_cat-4-in-1-pram","11":"product_cat-blue","12":"product_cat-colour","13":"product_cat-new-collection","14":"product_cat-prams","15":"product_cat-push-chairs","16":"product_cat-stroller","17":"product_tag-4-in-1-pram","18":"product_tag-prams","20":"first","21":"instock","22":"sale","23":"shipping-taxable","24":"purchasable","25":"product-type-simple"},"yoast_head":"<!-- This site is optimized with the Yoast SEO plugin v27.6 - https:\/\/yoast.com\/product\/yoast-seo-wordpress\/ -->\n<title>Baby Pram 2021 Pushchair 4in1 in Turqoise - For Baby Boss<\/title>\n<meta name=\"description\" content=\"Baby Pram 2021 Pushchair 4in1 in Turqoise\" \/>\n<meta name=\"robots\" content=\"index, follow, max-snippet:-1, max-image-preview:large, max-video-preview:-1\" \/>\n<link rel=\"canonical\" href=\"https:\/\/forbabyboss.com\/cs\/product\/detsky-kocarek-2021-4v1-v-tyrkysove-barve\/\" \/>\n<meta property=\"og:locale\" content=\"cs_CZ\" \/>\n<meta property=\"og:type\" content=\"article\" \/>\n<meta property=\"og:title\" content=\"Baby Pram 2021 Pushchair 4in1 in Turqoise - For Baby Boss\" \/>\n<meta property=\"og:description\" content=\"Baby Pram 2021 Pushchair 4in1 in Turqoise\" \/>\n<meta property=\"og:url\" content=\"https:\/\/forbabyboss.com\/cs\/product\/detsky-kocarek-2021-4v1-v-tyrkysove-barve\/\" \/>\n<meta property=\"og:site_name\" content=\"For Baby Boss\" \/>\n<meta property=\"article:modified_time\" content=\"2026-02-21T15:01:19+00:00\" \/>\n<meta property=\"og:image\" content=\"https:\/\/forbabyboss.com\/wp-content\/uploads\/2022\/09\/Baby-Pram-Bexa-AIR-2021-Pushchair-Buggy-Stroller-Car-Seat-Travel-System-4in1-Turqoise.jpg\" \/>\n\t<meta property=\"og:image:width\" content=\"1020\" \/>\n\t<meta property=\"og:image:height\" content=\"1020\" \/>\n\t<meta property=\"og:image:type\" content=\"image\/jpeg\" \/>\n<meta name=\"twitter:card\" content=\"summary_large_image\" \/>\n<meta name=\"twitter:label1\" content=\"Odhadovan\u00e1 doba \u010dten\u00ed\" \/>\n\t<meta name=\"twitter:data1\" content=\"3 minuty\" \/>\n<script type=\"application\/ld+json\" class=\"yoast-schema-graph\">{\"@context\":\"https:\\\/\\\/schema.org\",\"@graph\":[{\"@type\":\"WebPage\",\"@id\":\"https:\\\/\\\/forbabyboss.com\\\/product\\\/baby-pram-2021-pushchair-4in1-in-turqoise\\\/\",\"url\":\"https:\\\/\\\/forbabyboss.com\\\/product\\\/baby-pram-2021-pushchair-4in1-in-turqoise\\\/\",\"name\":\"Baby Pram 2021 Pushchair 4in1 in Turqoise - For Baby Boss\",\"isPartOf\":{\"@id\":\"https:\\\/\\\/powderblue-seahorse-496884.hostingersite.com\\\/#website\"},\"primaryImageOfPage\":{\"@id\":\"https:\\\/\\\/forbabyboss.com\\\/product\\\/baby-pram-2021-pushchair-4in1-in-turqoise\\\/#primaryimage\"},\"image\":{\"@id\":\"https:\\\/\\\/forbabyboss.com\\\/product\\\/baby-pram-2021-pushchair-4in1-in-turqoise\\\/#primaryimage\"},\"thumbnailUrl\":\"https:\\\/\\\/forbabyboss.com\\\/wp-content\\\/uploads\\\/2022\\\/09\\\/Baby-Pram-Bexa-AIR-2021-Pushchair-Buggy-Stroller-Car-Seat-Travel-System-4in1-Turqoise.jpg\",\"datePublished\":\"2022-09-07T10:02:34+00:00\",\"dateModified\":\"2026-02-21T15:01:19+00:00\",\"description\":\"Baby Pram 2021 Pushchair 4in1 in Turqoise\",\"breadcrumb\":{\"@id\":\"https:\\\/\\\/forbabyboss.com\\\/product\\\/baby-pram-2021-pushchair-4in1-in-turqoise\\\/#breadcrumb\"},\"inLanguage\":\"cs\",\"potentialAction\":[{\"@type\":\"ReadAction\",\"target\":[\"https:\\\/\\\/forbabyboss.com\\\/product\\\/baby-pram-2021-pushchair-4in1-in-turqoise\\\/\"]}]},{\"@type\":\"ImageObject\",\"inLanguage\":\"cs\",\"@id\":\"https:\\\/\\\/forbabyboss.com\\\/product\\\/baby-pram-2021-pushchair-4in1-in-turqoise\\\/#primaryimage\",\"url\":\"https:\\\/\\\/forbabyboss.com\\\/wp-content\\\/uploads\\\/2022\\\/09\\\/Baby-Pram-Bexa-AIR-2021-Pushchair-Buggy-Stroller-Car-Seat-Travel-System-4in1-Turqoise.jpg\",\"contentUrl\":\"https:\\\/\\\/forbabyboss.com\\\/wp-content\\\/uploads\\\/2022\\\/09\\\/Baby-Pram-Bexa-AIR-2021-Pushchair-Buggy-Stroller-Car-Seat-Travel-System-4in1-Turqoise.jpg\",\"width\":1020,\"height\":1020},{\"@type\":\"BreadcrumbList\",\"@id\":\"https:\\\/\\\/forbabyboss.com\\\/product\\\/baby-pram-2021-pushchair-4in1-in-turqoise\\\/#breadcrumb\",\"itemListElement\":[{\"@type\":\"ListItem\",\"position\":1,\"name\":\"Home\",\"item\":\"https:\\\/\\\/forbabyboss.com\\\/\"},{\"@type\":\"ListItem\",\"position\":2,\"name\":\"Shop\",\"item\":\"https:\\\/\\\/forbabyboss.com\\\/shop\\\/\"},{\"@type\":\"ListItem\",\"position\":3,\"name\":\"Baby Pram 2021 Pushchair 4in1 in Turqoise\"}]},{\"@type\":\"WebSite\",\"@id\":\"https:\\\/\\\/powderblue-seahorse-496884.hostingersite.com\\\/#website\",\"url\":\"https:\\\/\\\/powderblue-seahorse-496884.hostingersite.com\\\/\",\"name\":\"For Baby Boss\",\"description\":\"Beautiful gifts and accessories for your baby boss\",\"potentialAction\":[{\"@type\":\"SearchAction\",\"target\":{\"@type\":\"EntryPoint\",\"urlTemplate\":\"https:\\\/\\\/powderblue-seahorse-496884.hostingersite.com\\\/?s={search_term_string}\"},\"query-input\":{\"@type\":\"PropertyValueSpecification\",\"valueRequired\":true,\"valueName\":\"search_term_string\"}}],\"inLanguage\":\"cs\"}]}<\/script>\n<!-- \/ Yoast SEO plugin. -->","yoast_head_json":{"title":"D\u011btsk\u00fd ko\u010d\u00e1rek 2021 4v1 v tyrkysov\u00e9 barv\u011b - pro Baby Boss","description":"D\u011btsk\u00fd ko\u010d\u00e1rek 2021 4v1 v tyrkysov\u00e9 barv\u011b","robots":{"index":"index","follow":"follow","max-snippet":"max-snippet:-1","max-image-preview":"max-image-preview:large","max-video-preview":"max-video-preview:-1"},"canonical":"https:\/\/forbabyboss.com\/cs\/product\/detsky-kocarek-2021-4v1-v-tyrkysove-barve\/","og_locale":"cs_CZ","og_type":"article","og_title":"Baby Pram 2021 Pushchair 4in1 in Turqoise - For Baby Boss","og_description":"Baby Pram 2021 Pushchair 4in1 in Turqoise","og_url":"https:\/\/forbabyboss.com\/cs\/product\/detsky-kocarek-2021-4v1-v-tyrkysove-barve\/","og_site_name":"For Baby Boss","article_modified_time":"2026-02-21T15:01:19+00:00","og_image":[{"width":1020,"height":1020,"url":"https:\/\/forbabyboss.com\/wp-content\/uploads\/2022\/09\/Baby-Pram-Bexa-AIR-2021-Pushchair-Buggy-Stroller-Car-Seat-Travel-System-4in1-Turqoise.jpg","type":"image\/jpeg"}],"twitter_card":"summary_large_image","twitter_misc":{"Odhadovan\u00e1 doba \u010dten\u00ed":"3 minuty"},"schema":{"@context":"https:\/\/schema.org","@graph":[{"@type":"WebPage","@id":"https:\/\/forbabyboss.com\/product\/baby-pram-2021-pushchair-4in1-in-turqoise\/","url":"https:\/\/forbabyboss.com\/product\/baby-pram-2021-pushchair-4in1-in-turqoise\/","name":"D\u011btsk\u00fd ko\u010d\u00e1rek 2021 4v1 v tyrkysov\u00e9 barv\u011b - pro Baby Boss","isPartOf":{"@id":"https:\/\/powderblue-seahorse-496884.hostingersite.com\/#website"},"primaryImageOfPage":{"@id":"https:\/\/forbabyboss.com\/product\/baby-pram-2021-pushchair-4in1-in-turqoise\/#primaryimage"},"image":{"@id":"https:\/\/forbabyboss.com\/product\/baby-pram-2021-pushchair-4in1-in-turqoise\/#primaryimage"},"thumbnailUrl":"https:\/\/forbabyboss.com\/wp-content\/uploads\/2022\/09\/Baby-Pram-Bexa-AIR-2021-Pushchair-Buggy-Stroller-Car-Seat-Travel-System-4in1-Turqoise.jpg","datePublished":"2022-09-07T10:02:34+00:00","dateModified":"2026-02-21T15:01:19+00:00","description":"D\u011btsk\u00fd ko\u010d\u00e1rek 2021 4v1 v tyrkysov\u00e9 barv\u011b","breadcrumb":{"@id":"https:\/\/forbabyboss.com\/product\/baby-pram-2021-pushchair-4in1-in-turqoise\/#breadcrumb"},"inLanguage":"cs","potentialAction":[{"@type":"ReadAction","target":["https:\/\/forbabyboss.com\/product\/baby-pram-2021-pushchair-4in1-in-turqoise\/"]}]},{"@type":"ImageObject","inLanguage":"cs","@id":"https:\/\/forbabyboss.com\/product\/baby-pram-2021-pushchair-4in1-in-turqoise\/#primaryimage","url":"https:\/\/forbabyboss.com\/wp-content\/uploads\/2022\/09\/Baby-Pram-Bexa-AIR-2021-Pushchair-Buggy-Stroller-Car-Seat-Travel-System-4in1-Turqoise.jpg","contentUrl":"https:\/\/forbabyboss.com\/wp-content\/uploads\/2022\/09\/Baby-Pram-Bexa-AIR-2021-Pushchair-Buggy-Stroller-Car-Seat-Travel-System-4in1-Turqoise.jpg","width":1020,"height":1020},{"@type":"BreadcrumbList","@id":"https:\/\/forbabyboss.com\/product\/baby-pram-2021-pushchair-4in1-in-turqoise\/#breadcrumb","itemListElement":[{"@type":"ListItem","position":1,"name":"Home","item":"https:\/\/forbabyboss.com\/"},{"@type":"ListItem","position":2,"name":"Shop","item":"https:\/\/forbabyboss.com\/shop\/"},{"@type":"ListItem","position":3,"name":"Baby Pram 2021 Pushchair 4in1 in Turqoise"}]},{"@type":"WebSite","@id":"https:\/\/powderblue-seahorse-496884.hostingersite.com\/#website","url":"https:\/\/powderblue-seahorse-496884.hostingersite.com\/","name":"Pro Baby Boss","description":"Kr\u00e1sn\u00e9 d\u00e1rky a dopl\u0148ky pro va\u0161eho \u0161\u00e9fa","potentialAction":[{"@type":"SearchAction","target":{"@type":"EntryPoint","urlTemplate":"https:\/\/powderblue-seahorse-496884.hostingersite.com\/?s={search_term_string}"},"query-input":{"@type":"PropertyValueSpecification","valueRequired":true,"valueName":"search_term_string"}}],"inLanguage":"cs"}]}},"_links":{"self":[{"href":"https:\/\/forbabyboss.com\/cs\/wp-json\/wp\/v2\/product\/4057","targetHints":{"allow":["GET"]}}],"collection":[{"href":"https:\/\/forbabyboss.com\/cs\/wp-json\/wp\/v2\/product"}],"about":[{"href":"https:\/\/forbabyboss.com\/cs\/wp-json\/wp\/v2\/types\/product"}],"wp:featuredmedia":[{"embeddable":true,"href":"https:\/\/forbabyboss.com\/cs\/wp-json\/wp\/v2\/media\/4058"}],"wp:attachment":[{"href":"https:\/\/forbabyboss.com\/cs\/wp-json\/wp\/v2\/media?parent=4057"}],"wp:term":[{"taxonomy":"product_brand","embeddable":true,"href":"https:\/\/forbabyboss.com\/cs\/wp-json\/wp\/v2\/product_brand?post=4057"},{"taxonomy":"product_cat","embeddable":true,"href":"https:\/\/forbabyboss.com\/cs\/wp-json\/wp\/v2\/product_cat?post=4057"},{"taxonomy":"product_tag","embeddable":true,"href":"https:\/\/forbabyboss.com\/cs\/wp-json\/wp\/v2\/product_tag?post=4057"}],"curies":[{"name":"wp","href":"https:\/\/api.w.org\/{rel}","templated":true}]}}