{"id":4208,"date":"2022-09-08T08:28:57","date_gmt":"2022-09-08T08:28:57","guid":{"rendered":"http:\/\/forbabyboss.com\/?post_type=product&#038;p=4208"},"modified":"2026-02-21T15:21:58","modified_gmt":"2026-02-21T15:21:58","slug":"rada-detskych-kocarku-2-0-bexa-kocarek-buggy-autosedacka-cestovni-system-4v1-lo6","status":"publish","type":"product","link":"https:\/\/forbabyboss.com\/cs\/product\/baby-pram-line-2-0-bexa-pushchair-buggy-stroller-car-seat-4in1-travel-system-lo6\/","title":{"rendered":"D\u011btsk\u00fd ko\u010d\u00e1rek s ko\u010d\u00e1rkem 4v1 cestovn\u00ed syst\u00e9m \u2013 LO6"},"content":{"rendered":"<p style=\"text-align: justify;\" align=\"center\"><strong><span style=\"font-size: medium; color: #282828;\">Line 2.0 je modern\u00ed multifunk\u010dn\u00ed cestovn\u00ed syst\u00e9m s ko\u010d\u00e1rkem ur\u010den\u00fd pro rodi\u010de, kte\u0159\u00ed hledaj\u00ed produkt, kter\u00fd budou pou\u017e\u00edvat po dlouhou dobu. V z\u00e1vislosti na pot\u0159eb\u00e1ch a v\u011bku d\u00edt\u011bte funguje Line 2.0 jako ko\u010d\u00e1rek nebo sportovn\u00ed ko\u010d\u00e1rek. Je navr\u017een pro pohodlnou p\u0159epravu va\u0161eho d\u00edt\u011bte nebo batolete od narozen\u00ed do 3 let nebo 0-15 kg.<\/span><\/strong><\/p>\n<p style=\"text-align: justify;\" align=\"center\"><strong><span style=\"color: #282828;\"><span style=\"font-size: medium;\">Vyrobeno v Evrop\u011b z vysoce kvalitn\u00edch materi\u00e1l\u016f, lehk\u00fd hlin\u00edkov\u00fd r\u00e1m, modern\u00ed design.<\/span><span style=\"font-size: medium;\"><br \/>\n<\/span><\/span><\/strong><\/p>\n<div style=\"text-align: justify;\" align=\"center\">\n<p><strong><span style=\"font-size: medium; color: #282828;\">Evropsk\u00e9 schv\u00e1len\u00ed EN 1888:2012<\/span><\/strong><\/p>\n<p><strong><span style=\"font-size: medium; color: #282828;\">Hlin\u00edkov\u00fd, lehk\u00fd r\u00e1m s nastaviteln\u00fdm tlumi\u010dem usnad\u0148uje \u0159\u00edzen\u00ed.<\/span><\/strong><\/p>\n<p><strong><span style=\"font-size: medium; color: #282828;\">\u010c\u00e1st ko\u010d\u00e1rku je vyrobena z nejkvalitn\u011bj\u0161\u00edch impregnovan\u00fdch materi\u00e1l\u016f, vhodn\u00fdch pro d\u011bti. Materi\u00e1ly neblednou, jsou vod\u011bodoln\u00e9 a zaji\u0161\u0165uj\u00ed ide\u00e1ln\u00ed teplotu vzduchu v z\u00e1vislosti na pov\u011btrnostn\u00edch podm\u00ednk\u00e1ch. Odn\u00edmateln\u00fd vnit\u0159ek a potah jsou vypln\u011bny hypoalergenn\u00ed bavlnou.<\/span><\/strong><\/p>\n<p>&nbsp;<\/p>\n<\/div>\n<h3 style=\"text-align: justify;\"><strong><span style=\"color: #282828;\"><span style=\"color: #e14d43;\">Vlastnosti produktu<\/span>:<\/span><\/strong><\/h3>\n<ul>\n<li style=\"text-align: justify;\"><strong><span style=\"font-size: medium; color: #282828;\">Cestovn\u00ed syst\u00e9m 2 v 1 nebo 3 v 1<br \/>\n<\/span><\/strong><\/li>\n<li style=\"text-align: justify;\"><strong><span style=\"font-size: medium; color: #282828;\">Pevn\u00fd lehk\u00fd hlin\u00edkov\u00fd r\u00e1m<\/span><\/strong><\/li>\n<li style=\"text-align: justify;\"><strong><span style=\"font-size: medium; color: #282828;\">Snadno skl\u00e1dac\u00ed, po slo\u017een\u00ed mal\u00e1 velikost<\/span><\/strong><\/li>\n<\/ul>\n<h3><strong><span style=\"font-size: 100%; color: #282828;\"><span style=\"color: #e14d43;\">Ko\u010d\u00e1rek<\/span>:<\/span><\/strong><\/h3>\n<p><strong><span style=\"font-size: medium; color: #282828;\">Nastaviteln\u00e1 kapuce \/ Luxusn\u00ed ko\u017eenkov\u00e1 pod\u0161\u00edvka \/ Nastaviteln\u00e1 rukoje\u0165 pro p\u0159en\u00e1\u0161en\u00ed<\/span><\/strong><\/p>\n<p><strong><span style=\"color: #282828;\">Vnit\u0159n\u00ed materi\u00e1l vyroben\u00fd z vysoce kvalitn\u00ed bavlny a semi\u0161e vhodn\u00e9 pro d\u011bti, prody\u0161n\u00fd<\/span><\/strong><\/p>\n<p><strong><span style=\"color: #282828;\">Uzamykateln\u00e1, oto\u010dn\u00e1 o 360\u00b0, p\u011bnov\u00e1\/gelov\u00e1 kole\u010dka, p\u0159edn\u00ed s lo\u017eisky,<\/span><\/strong><\/p>\n<p><strong><span style=\"color: #282828;\">centr\u00e1ln\u00ed brzda \u201cstop &amp; go\u201d;<\/span><\/strong><\/p>\n<p><strong><span style=\"color: #282828;\">Sn\u00edmateln\u00e1 kapuce pro lep\u0161\u00ed ochranu ve st\u00ednu v sedac\u00ed jednotce;<\/span><\/strong><\/p>\n<p><strong><span style=\"color: #282828;\">korbi\u010dka vybaven\u00e1 3bodov\u00fdm nastaven\u00edm op\u011bradla<\/span><\/strong><\/p>\n<p><strong><span style=\"color: #282828;\">odv\u011btr\u00e1van\u00e1 korbi\u010dka a st\u0159\u00ed\u0161ka sedadla;<\/span><\/strong><\/p>\n<p><strong><span style=\"color: #282828;\">3bodov\u00e1 nastaviteln\u00e1 rukoje\u0165 pota\u017een\u00e1 eko k\u016f\u017e\u00ed;<\/span><\/strong><\/p>\n<p><strong><span style=\"color: #282828;\">syst\u00e9m sm\u011b\u0159uj\u00edc\u00ed dop\u0159edu i dozadu,<\/span><\/strong><\/p>\n<p><strong><span style=\"color: #282828;\">Panel pro rodi\u010de s moskyti\u00e9rou po cel\u00e9m obvodu<\/span><\/strong><\/p>\n<h4><strong><span style=\"font-size: medium; color: #282828;\"><span style=\"color: #e14d43;\">Ko\u010d\u00e1rek<\/span>:<\/span><\/strong><\/h4>\n<p><strong><span style=\"color: #282828;\">Vybaveno nastavitelnou op\u011brkou nohou a op\u011bradlem;<\/span><\/strong><\/p>\n<p><strong><span style=\"color: #282828;\">Nastaviteln\u00e9 do polohy zcela vle\u017ee,<\/span><\/strong><\/p>\n<p><strong><span style=\"color: #282828;\">V\u00edce poloh sklopen\u00ed<\/span><\/strong><\/p>\n<p><strong><span style=\"color: #282828;\">Oto\u010dn\u00e9 sedadlo pro re\u017eim sledov\u00e1n\u00ed rodi\u010d\u016f<\/span><\/strong><\/p>\n<p><strong><span style=\"color: #282828;\">P\u011btibodov\u00fd p\u00e1s<\/span><\/strong><\/p>\n<p><strong><span style=\"color: #282828;\">Odn\u00edmateln\u00fd n\u00e1razn\u00edk<\/span><\/strong><\/p>\n<p><strong><span style=\"color: #282828;\">N\u00e1no\u017en\u00edk je sou\u010d\u00e1st\u00ed balen\u00ed<\/span><\/strong><\/p>\n<p style=\"text-align: justify;\" align=\"center\"><strong><span style=\"font-size: medium; color: #282828;\"><span style=\"color: #e14d43;\">Pohodln\u00e1 autoseda\u010dka<\/span>:<br \/>\n<\/span><\/strong><\/p>\n<div style=\"text-align: justify;\" align=\"center\">\n<p><strong><span style=\"font-size: medium; color: #282828;\">K dispozici jsou pouze \u010dern\u00e9 nebo \u0161ed\u00e9 autoseda\u010dky Kite. Dejte n\u00e1m pros\u00edm v\u011bd\u011bt, jakou barvu m\u00e1te r\u00e1di.<br \/>\nSkupina 0-13 kg:<\/span><\/strong><\/p>\n<p><strong><span style=\"font-size: medium; color: #282828;\">Evropsk\u00e1 homologace ECE R44\/04<\/span><\/strong><\/p>\n<p><strong><span style=\"font-size: medium; color: #282828;\">Mont\u00e1\u017e na z\u00e1kladnu r\u00e1mu pomoc\u00ed adapt\u00e9r\u016f<\/span><\/strong><\/p>\n<p><strong><span style=\"font-size: medium; color: #282828;\">3bodov\u00fd p\u00e1s<\/span><\/strong><\/p>\n<p><strong><span style=\"font-size: medium; color: #282828;\">P\u0159\u00eddavn\u00e1 vlo\u017eka pro novorozence<\/span><\/strong><\/p>\n<p><strong><span style=\"font-size: medium; color: #282828;\">potah na autoseda\u010dku<\/span><\/strong><\/p>\n<p><strong><span style=\"font-size: medium; color: #282828;\">Nastaviteln\u00e1 rukoje\u0165 pro p\u0159en\u00e1\u0161en\u00ed<\/span><\/strong><\/p>\n<p><strong><span style=\"font-size: medium; color: #282828;\">Odn\u00edmateln\u00fd kryt kapuce<\/span><\/strong><\/p>\n<p><strong><span style=\"font-size: medium; color: #282828;\">V\u00fd\u0161kov\u011b nastaviteln\u00e9 bezpe\u010dnostn\u00ed p\u00e1sy<\/span><\/strong><\/p>\n<p><strong><span style=\"font-size: medium; color: #282828;\">Re\u017eim sm\u011b\u0159uj\u00edc\u00ed dop\u0159edu nebo dozadu<\/span><\/strong><\/p>\n<p><strong><span style=\"font-size: medium; color: #282828;\">Vybaveno syst\u00e9mem ISOFIX*<\/span><\/strong><\/p>\n<p><strong><span style=\"font-size: medium; color: #282828;\">*Z\u00c1KLADNA ISOFIX \u2013 voliteln\u011b<\/span><\/strong><\/p>\n<h3><strong><span style=\"color: #282828;\"><span style=\"font-size: medium;\">Z\u00c1KLADNA ISOFIX*<\/span><\/span><\/strong><\/h3>\n<p><strong><span style=\"font-size: medium; color: #282828;\">Barva: \u010cern\u00e1\/\u0160ed\u00e1<\/span><\/strong><\/p>\n<p><strong><span style=\"font-size: medium; color: #282828;\">Vhodn\u00e9 od narozen\u00ed<\/span><\/strong><\/p>\n<p><strong><span style=\"font-size: medium; color: #282828;\">Upev\u0148uje se p\u0159\u00edmo k podvozku vozidla pomoc\u00ed \u00fachyt\u016f ISOFIX.<\/span><\/strong><\/p>\n<p><strong><span style=\"font-size: medium; color: #282828;\">Lze tak\u00e9 zajistit pomoc\u00ed bezpe\u010dnostn\u00edho p\u00e1su vozidla<\/span><\/strong><\/p>\n<p><strong><span style=\"font-size: medium; color: #282828;\">Kompatibiln\u00ed s autoseda\u010dkami<\/span><\/strong><\/p>\n<p><strong><span style=\"font-size: medium; color: #282828;\">Snadn\u00e1 instalace<\/span><\/strong><\/p>\n<p><strong><span style=\"font-size: medium; color: #282828;\">Bezpe\u010dn\u00e9 a zabezpe\u010den\u00e9<\/span><\/strong><\/p>\n<p><strong><span style=\"font-size: medium; color: #282828;\">Minimalizuje rozruch<\/span><\/strong><\/p>\n<p><strong><span style=\"font-size: medium; color: #282828;\">Sni\u017euje pravd\u011bpodobnost probuzen\u00ed d\u00edt\u011bte p\u0159i p\u0159esunu z auta dom\u016f<\/span><\/strong><\/p>\n<p><strong><span style=\"font-size: medium; color: #282828;\">Podp\u016frn\u00e1 noha poskytuje maxim\u00e1ln\u00ed stabilitu, bezpe\u010dnost a snadno se nastavuje pro co nejlep\u0161\u00ed padnut\u00ed<\/span><\/strong><\/p>\n<p><strong><span style=\"font-size: medium; color: #282828;\">Barevn\u00e9 indik\u00e1tory potvrzuj\u00ed spr\u00e1vnou instalaci z\u00e1kladny do vozidla<\/span><\/strong><\/p>\n<\/div>\n<h3 style=\"text-align: justify;\" align=\"center\"><strong><span style=\"color: #e14d43;\">Cena v cen\u011b<\/span>:<\/strong><\/h3>\n<div style=\"text-align: justify;\" align=\"center\">\n<p><strong><span style=\"font-size: medium; color: #282828;\">Pevn\u00fd r\u00e1m + 4 p\u011bnov\u00e1\/gelov\u00e1 kole\u010dka (gumov\u00e9 j\u00e1dro)<\/span><\/strong><\/p>\n<p><strong><span style=\"color: #282828;\">P\u0159enosn\u00e1 korba<\/span><\/strong><\/p>\n<p><strong><span style=\"color: #282828;\">Ko\u010d\u00e1rek<\/span><\/strong><\/p>\n<p><strong><span style=\"color: #282828;\">Potah a matrace<\/span><\/strong><\/p>\n<p><strong><span style=\"color: #282828;\">Kryt na nohy \u2013 Fusak<\/span><\/strong><\/p>\n<p><strong><span style=\"color: #282828;\">Autoseda\u010dka (varianta 3 v 1)<\/span><\/strong><\/p>\n<p><strong><span style=\"color: #282828;\">\u00a0Odn\u00edmateln\u00e1 st\u0159\u00ed\u0161ka a potah na autoseda\u010dku (varianta 3 v 1)<\/span><\/strong><\/p>\n<p><strong><span style=\"color: #282828;\">Odn\u00edmateln\u00fd n\u00e1razn\u00edk<\/span><\/strong><\/p>\n<p><strong><span style=\"color: #282828;\">Pl\u00e1\u0161t\u011bnka<\/span><\/strong><\/p>\n<p><strong><span style=\"color: #282828;\">Moskyti\u00e9ra<\/span><\/strong><\/p>\n<p><strong><span style=\"color: #282828;\">Ta\u0161ka na p\u0159\u00edslu\u0161enstv\u00ed s p\u0159ebalovac\u00ed podlo\u017ekou a ramenn\u00edm popruhem<\/span><\/strong><\/p>\n<p><strong><span style=\"color: #282828;\">N\u00e1kupn\u00ed ko\u0161\u00edk<\/span><\/strong><\/p>\n<p><strong><span style=\"color: #282828;\">Z\u00e1kladna Isofix (voliteln\u00e9)<\/span><\/strong><\/p>\n<p><strong><span style=\"color: #282828;\">Z\u00e1ruka 24 m\u011bs\u00edc\u016f<\/span><\/strong><\/p>\n<\/div>\n<h3 style=\"text-align: justify;\" align=\"center\"><strong><span style=\"font-size: medium; color: #282828;\"><span style=\"font-size: large;\"><span style=\"color: #e14d43;\">Technick\u00e9 specifikace<\/span>:<\/span><\/span><\/strong><\/h3>\n<div style=\"text-align: justify;\" align=\"center\">\n<p><strong><span style=\"color: #282828;\">-mo\u017enost p\u0159en\u00e1\u0161en\u00ed korbi\u010dky za rukoje\u0165 v boxu;<\/span><\/strong><\/p>\n<p><strong><span style=\"color: #282828;\">\u2013 dno korbi\u010dky ze d\u0159eva<\/span><\/strong><\/p>\n<p><strong><span style=\"color: #282828;\">\u2013 prostorn\u00e1 korbi\u010dka s odv\u011btr\u00e1v\u00e1n\u00edm v ko\u010d\u00e1rku;<\/span><\/strong><\/p>\n<p><strong><span style=\"color: #282828;\">\u2013 ok\u00e9nko v krytu korbi\u010dky;<\/span><\/strong><\/p>\n<p><strong><span style=\"color: #282828;\">\u2013 moskyti\u00e9ra integrovan\u00e1 s budkou v korbi\u010dce a ko\u010d\u00e1rku;<\/span><\/strong><\/p>\n<p><strong><span style=\"color: #282828;\">\u2013 rozlo\u017een\u00fd r\u00e1m 78x58x99-115 cm;<\/span><\/strong><\/p>\n<p><strong><span style=\"color: #282828;\">-vnit\u0159n\u00ed op\u011bradlo;<\/span><\/strong><\/p>\n<p><strong><span style=\"color: #282828;\">\u2013 slo\u017een\u00fd r\u00e1m 78x58x30 cm; bez kole\u010dek 72x50x30 cm;<\/span><\/strong><\/p>\n<p><strong><span style=\"color: #282828;\">\u2013 odn\u00edmateln\u00e1 pod\u0161\u00edvka uvnit\u0159 korbi\u010dky;<\/span><\/strong><\/p>\n<p><strong><span style=\"color: #282828;\">\u2013 vnit\u0159n\u00ed rozm\u011bry korby 76x34x21 cm;<\/span><\/strong><\/p>\n<p><strong><span style=\"color: #282828;\">\u2013 matrace;<\/span><\/strong><\/p>\n<p><strong><span style=\"color: #282828;\">\u2013 hmotnost r\u00e1mu s koly cca 9 kg;\u00a0<\/span><\/strong><\/p>\n<p><strong><span style=\"color: #282828;\">\u2013 v\u00edcestup\u0148ov\u00e1 regulace kabiny;<\/span><\/strong><\/p>\n<p><strong><span style=\"color: #282828;\">\u2013 12\u201c zadn\u00edch, 10\u201d p\u0159edn\u00edch gelov\u00fdch kol;<\/span><\/strong><\/p>\n<p><strong><span style=\"color: #282828;\">\u2013 v\u00fd\u0161ka dna korby je 66 cm;<\/span><\/strong><\/p>\n<p><strong><span style=\"color: #282828;\">\u2013 hmotnost korbi\u010dky je cca 4,8 kg; sed\u00e1k ko\u010d\u00e1rku 34\u00d726 cm, op\u011brka nohou 17 cm, op\u011brka zad 47 cm; hmotnost ko\u010d\u00e1rku cca 4,8 kg;<\/span><\/strong><\/p>\n<p><strong><a href=\"http:\/\/forbabyboss.com\/wp-content\/uploads\/2022\/09\/checkout.png\"><img loading=\"lazy\" decoding=\"async\" class=\"alignnone size-full wp-image-5965\" src=\"http:\/\/forbabyboss.com\/wp-content\/uploads\/2022\/09\/checkout.png\" alt=\"\" width=\"750\" height=\"276\" srcset=\"https:\/\/forbabyboss.com\/wp-content\/uploads\/2022\/09\/checkout.png 750w, https:\/\/forbabyboss.com\/wp-content\/uploads\/2022\/09\/checkout-600x221.png 600w\" sizes=\"auto, (max-width: 750px) 100vw, 750px\" \/><\/a><\/strong><\/p>\n<\/div>\n<div style=\"text-align: justify;\" align=\"center\"><\/div>\n<p>&nbsp;<\/p>","protected":false},"excerpt":{"rendered":"<p><a href=\"http:\/\/forbabyboss.com\/wp-content\/uploads\/2022\/09\/Star-Rating-5.png\"><img loading=\"lazy\" decoding=\"async\" class=\"alignnone wp-image-5973 aligncenter\" src=\"http:\/\/forbabyboss.com\/wp-content\/uploads\/2022\/09\/Star-Rating-5.png\" alt=\"\" width=\"299\" height=\"49\" \/><\/a><\/p>\n<p style=\"text-align: center;\"><span style=\"color: #e14d43; font-size: 115%;\"><strong>GARANCE SHODU CEN<\/strong><\/span><\/p>\n<p style=\"text-align: center;\"><span style=\"font-size: 115%;\"><span style=\"color: #003366;\">Doprava zdarma\u00a0<\/span>\u2013 2 \u2013 7 dn\u00ed<\/span><\/p>\n<p style=\"text-align: center;\"><span style=\"color: #008000; font-size: 115%;\"><strong>D\u00e1rek zdarma k n\u00e1kupu nad 100 GBP<\/strong><\/span><\/p>","protected":false},"featured_media":4211,"template":"","meta":[],"product_brand":[587],"product_cat":[339,156,197,207,305,130,209,211],"product_tag":[163,200,171],"class_list":{"0":"post-4208","1":"product","2":"type-product","3":"status-publish","4":"has-post-thumbnail","6":"product_brand-bexa","7":"product_cat-700-to-800","8":"product_cat-3-in-1","9":"product_cat-4-in-1-pram","10":"product_cat-black","11":"product_cat-colour","12":"product_cat-prams","13":"product_cat-push-chairs","14":"product_cat-stroller","15":"product_tag-3-in-1-prams","16":"product_tag-4-in-1-pram","17":"product_tag-pram","19":"first","20":"instock","21":"sale","22":"shipping-taxable","23":"purchasable","24":"product-type-simple"},"yoast_head":"<!-- This site is optimized with the Yoast SEO plugin v27.6 - https:\/\/yoast.com\/product\/yoast-seo-wordpress\/ -->\n<title>Baby Pram Pushchair Stroller 4in1 Travel System - LO6 - For Baby Boss<\/title>\n<meta name=\"description\" content=\"Baby Pram Pushchair Stroller 4in1 Travel System - LO6\" \/>\n<meta name=\"robots\" content=\"index, follow, max-snippet:-1, max-image-preview:large, max-video-preview:-1\" \/>\n<link rel=\"canonical\" href=\"https:\/\/forbabyboss.com\/cs\/product\/rada-detskych-kocarku-2-0-bexa-kocarek-buggy-autosedacka-cestovni-system-4v1-lo6\/\" \/>\n<meta property=\"og:locale\" content=\"cs_CZ\" \/>\n<meta property=\"og:type\" content=\"article\" \/>\n<meta property=\"og:title\" content=\"Baby Pram Pushchair Stroller 4in1 Travel System - LO6 - For Baby Boss\" \/>\n<meta property=\"og:description\" content=\"Baby Pram Pushchair Stroller 4in1 Travel System - LO6\" \/>\n<meta property=\"og:url\" content=\"https:\/\/forbabyboss.com\/cs\/product\/rada-detskych-kocarku-2-0-bexa-kocarek-buggy-autosedacka-cestovni-system-4v1-lo6\/\" \/>\n<meta property=\"og:site_name\" content=\"For Baby Boss\" \/>\n<meta property=\"article:modified_time\" content=\"2026-02-21T15:21:58+00:00\" \/>\n<meta property=\"og:image\" content=\"https:\/\/forbabyboss.com\/wp-content\/uploads\/2022\/09\/Baby-Pram-Line-2.0-bexa-Pushchair-Buggy-Stroller-Car-Seat-4in1-Travel-System-LO6_main.jpg\" \/>\n\t<meta property=\"og:image:width\" content=\"1020\" \/>\n\t<meta property=\"og:image:height\" content=\"1020\" \/>\n\t<meta property=\"og:image:type\" content=\"image\/jpeg\" \/>\n<meta name=\"twitter:card\" content=\"summary_large_image\" \/>\n<meta name=\"twitter:label1\" content=\"Odhadovan\u00e1 doba \u010dten\u00ed\" \/>\n\t<meta name=\"twitter:data1\" content=\"3 minuty\" \/>\n<script type=\"application\/ld+json\" class=\"yoast-schema-graph\">{\"@context\":\"https:\\\/\\\/schema.org\",\"@graph\":[{\"@type\":\"WebPage\",\"@id\":\"https:\\\/\\\/forbabyboss.com\\\/product\\\/baby-pram-line-2-0-bexa-pushchair-buggy-stroller-car-seat-4in1-travel-system-lo6\\\/\",\"url\":\"https:\\\/\\\/forbabyboss.com\\\/product\\\/baby-pram-line-2-0-bexa-pushchair-buggy-stroller-car-seat-4in1-travel-system-lo6\\\/\",\"name\":\"Baby Pram Pushchair Stroller 4in1 Travel System - LO6 - For Baby Boss\",\"isPartOf\":{\"@id\":\"https:\\\/\\\/powderblue-seahorse-496884.hostingersite.com\\\/#website\"},\"primaryImageOfPage\":{\"@id\":\"https:\\\/\\\/forbabyboss.com\\\/product\\\/baby-pram-line-2-0-bexa-pushchair-buggy-stroller-car-seat-4in1-travel-system-lo6\\\/#primaryimage\"},\"image\":{\"@id\":\"https:\\\/\\\/forbabyboss.com\\\/product\\\/baby-pram-line-2-0-bexa-pushchair-buggy-stroller-car-seat-4in1-travel-system-lo6\\\/#primaryimage\"},\"thumbnailUrl\":\"https:\\\/\\\/forbabyboss.com\\\/wp-content\\\/uploads\\\/2022\\\/09\\\/Baby-Pram-Line-2.0-bexa-Pushchair-Buggy-Stroller-Car-Seat-4in1-Travel-System-LO6_main.jpg\",\"datePublished\":\"2022-09-08T08:28:57+00:00\",\"dateModified\":\"2026-02-21T15:21:58+00:00\",\"description\":\"Baby Pram Pushchair Stroller 4in1 Travel System - LO6\",\"breadcrumb\":{\"@id\":\"https:\\\/\\\/forbabyboss.com\\\/product\\\/baby-pram-line-2-0-bexa-pushchair-buggy-stroller-car-seat-4in1-travel-system-lo6\\\/#breadcrumb\"},\"inLanguage\":\"cs\",\"potentialAction\":[{\"@type\":\"ReadAction\",\"target\":[\"https:\\\/\\\/forbabyboss.com\\\/product\\\/baby-pram-line-2-0-bexa-pushchair-buggy-stroller-car-seat-4in1-travel-system-lo6\\\/\"]}]},{\"@type\":\"ImageObject\",\"inLanguage\":\"cs\",\"@id\":\"https:\\\/\\\/forbabyboss.com\\\/product\\\/baby-pram-line-2-0-bexa-pushchair-buggy-stroller-car-seat-4in1-travel-system-lo6\\\/#primaryimage\",\"url\":\"https:\\\/\\\/forbabyboss.com\\\/wp-content\\\/uploads\\\/2022\\\/09\\\/Baby-Pram-Line-2.0-bexa-Pushchair-Buggy-Stroller-Car-Seat-4in1-Travel-System-LO6_main.jpg\",\"contentUrl\":\"https:\\\/\\\/forbabyboss.com\\\/wp-content\\\/uploads\\\/2022\\\/09\\\/Baby-Pram-Line-2.0-bexa-Pushchair-Buggy-Stroller-Car-Seat-4in1-Travel-System-LO6_main.jpg\",\"width\":1020,\"height\":1020},{\"@type\":\"BreadcrumbList\",\"@id\":\"https:\\\/\\\/forbabyboss.com\\\/product\\\/baby-pram-line-2-0-bexa-pushchair-buggy-stroller-car-seat-4in1-travel-system-lo6\\\/#breadcrumb\",\"itemListElement\":[{\"@type\":\"ListItem\",\"position\":1,\"name\":\"Home\",\"item\":\"https:\\\/\\\/forbabyboss.com\\\/\"},{\"@type\":\"ListItem\",\"position\":2,\"name\":\"Shop\",\"item\":\"https:\\\/\\\/forbabyboss.com\\\/shop\\\/\"},{\"@type\":\"ListItem\",\"position\":3,\"name\":\"Baby Pram Pushchair Stroller 4in1 Travel System &#8211; LO6\"}]},{\"@type\":\"WebSite\",\"@id\":\"https:\\\/\\\/powderblue-seahorse-496884.hostingersite.com\\\/#website\",\"url\":\"https:\\\/\\\/powderblue-seahorse-496884.hostingersite.com\\\/\",\"name\":\"For Baby Boss\",\"description\":\"Beautiful gifts and accessories for your baby boss\",\"potentialAction\":[{\"@type\":\"SearchAction\",\"target\":{\"@type\":\"EntryPoint\",\"urlTemplate\":\"https:\\\/\\\/powderblue-seahorse-496884.hostingersite.com\\\/?s={search_term_string}\"},\"query-input\":{\"@type\":\"PropertyValueSpecification\",\"valueRequired\":true,\"valueName\":\"search_term_string\"}}],\"inLanguage\":\"cs\"}]}<\/script>\n<!-- \/ Yoast SEO plugin. -->","yoast_head_json":{"title":"D\u011btsk\u00fd ko\u010d\u00e1rek s ko\u010d\u00e1rkem 4v1 cestovn\u00ed syst\u00e9m - LO6 - pro Baby Boss","description":"D\u011btsk\u00fd ko\u010d\u00e1rek, cestovn\u00ed syst\u00e9m 4v1 - LO6","robots":{"index":"index","follow":"follow","max-snippet":"max-snippet:-1","max-image-preview":"max-image-preview:large","max-video-preview":"max-video-preview:-1"},"canonical":"https:\/\/forbabyboss.com\/cs\/product\/rada-detskych-kocarku-2-0-bexa-kocarek-buggy-autosedacka-cestovni-system-4v1-lo6\/","og_locale":"cs_CZ","og_type":"article","og_title":"Baby Pram Pushchair Stroller 4in1 Travel System - LO6 - For Baby Boss","og_description":"Baby Pram Pushchair Stroller 4in1 Travel System - LO6","og_url":"https:\/\/forbabyboss.com\/cs\/product\/rada-detskych-kocarku-2-0-bexa-kocarek-buggy-autosedacka-cestovni-system-4v1-lo6\/","og_site_name":"For Baby Boss","article_modified_time":"2026-02-21T15:21:58+00:00","og_image":[{"width":1020,"height":1020,"url":"https:\/\/forbabyboss.com\/wp-content\/uploads\/2022\/09\/Baby-Pram-Line-2.0-bexa-Pushchair-Buggy-Stroller-Car-Seat-4in1-Travel-System-LO6_main.jpg","type":"image\/jpeg"}],"twitter_card":"summary_large_image","twitter_misc":{"Odhadovan\u00e1 doba \u010dten\u00ed":"3 minuty"},"schema":{"@context":"https:\/\/schema.org","@graph":[{"@type":"WebPage","@id":"https:\/\/forbabyboss.com\/product\/baby-pram-line-2-0-bexa-pushchair-buggy-stroller-car-seat-4in1-travel-system-lo6\/","url":"https:\/\/forbabyboss.com\/product\/baby-pram-line-2-0-bexa-pushchair-buggy-stroller-car-seat-4in1-travel-system-lo6\/","name":"D\u011btsk\u00fd ko\u010d\u00e1rek s ko\u010d\u00e1rkem 4v1 cestovn\u00ed syst\u00e9m - LO6 - pro Baby Boss","isPartOf":{"@id":"https:\/\/powderblue-seahorse-496884.hostingersite.com\/#website"},"primaryImageOfPage":{"@id":"https:\/\/forbabyboss.com\/product\/baby-pram-line-2-0-bexa-pushchair-buggy-stroller-car-seat-4in1-travel-system-lo6\/#primaryimage"},"image":{"@id":"https:\/\/forbabyboss.com\/product\/baby-pram-line-2-0-bexa-pushchair-buggy-stroller-car-seat-4in1-travel-system-lo6\/#primaryimage"},"thumbnailUrl":"https:\/\/forbabyboss.com\/wp-content\/uploads\/2022\/09\/Baby-Pram-Line-2.0-bexa-Pushchair-Buggy-Stroller-Car-Seat-4in1-Travel-System-LO6_main.jpg","datePublished":"2022-09-08T08:28:57+00:00","dateModified":"2026-02-21T15:21:58+00:00","description":"D\u011btsk\u00fd ko\u010d\u00e1rek, cestovn\u00ed syst\u00e9m 4v1 - LO6","breadcrumb":{"@id":"https:\/\/forbabyboss.com\/product\/baby-pram-line-2-0-bexa-pushchair-buggy-stroller-car-seat-4in1-travel-system-lo6\/#breadcrumb"},"inLanguage":"cs","potentialAction":[{"@type":"ReadAction","target":["https:\/\/forbabyboss.com\/product\/baby-pram-line-2-0-bexa-pushchair-buggy-stroller-car-seat-4in1-travel-system-lo6\/"]}]},{"@type":"ImageObject","inLanguage":"cs","@id":"https:\/\/forbabyboss.com\/product\/baby-pram-line-2-0-bexa-pushchair-buggy-stroller-car-seat-4in1-travel-system-lo6\/#primaryimage","url":"https:\/\/forbabyboss.com\/wp-content\/uploads\/2022\/09\/Baby-Pram-Line-2.0-bexa-Pushchair-Buggy-Stroller-Car-Seat-4in1-Travel-System-LO6_main.jpg","contentUrl":"https:\/\/forbabyboss.com\/wp-content\/uploads\/2022\/09\/Baby-Pram-Line-2.0-bexa-Pushchair-Buggy-Stroller-Car-Seat-4in1-Travel-System-LO6_main.jpg","width":1020,"height":1020},{"@type":"BreadcrumbList","@id":"https:\/\/forbabyboss.com\/product\/baby-pram-line-2-0-bexa-pushchair-buggy-stroller-car-seat-4in1-travel-system-lo6\/#breadcrumb","itemListElement":[{"@type":"ListItem","position":1,"name":"Home","item":"https:\/\/forbabyboss.com\/"},{"@type":"ListItem","position":2,"name":"Shop","item":"https:\/\/forbabyboss.com\/shop\/"},{"@type":"ListItem","position":3,"name":"Baby Pram Pushchair Stroller 4in1 Travel System &#8211; LO6"}]},{"@type":"WebSite","@id":"https:\/\/powderblue-seahorse-496884.hostingersite.com\/#website","url":"https:\/\/powderblue-seahorse-496884.hostingersite.com\/","name":"Pro Baby Boss","description":"Kr\u00e1sn\u00e9 d\u00e1rky a dopl\u0148ky pro va\u0161eho \u0161\u00e9fa","potentialAction":[{"@type":"SearchAction","target":{"@type":"EntryPoint","urlTemplate":"https:\/\/powderblue-seahorse-496884.hostingersite.com\/?s={search_term_string}"},"query-input":{"@type":"PropertyValueSpecification","valueRequired":true,"valueName":"search_term_string"}}],"inLanguage":"cs"}]}},"_links":{"self":[{"href":"https:\/\/forbabyboss.com\/cs\/wp-json\/wp\/v2\/product\/4208","targetHints":{"allow":["GET"]}}],"collection":[{"href":"https:\/\/forbabyboss.com\/cs\/wp-json\/wp\/v2\/product"}],"about":[{"href":"https:\/\/forbabyboss.com\/cs\/wp-json\/wp\/v2\/types\/product"}],"wp:featuredmedia":[{"embeddable":true,"href":"https:\/\/forbabyboss.com\/cs\/wp-json\/wp\/v2\/media\/4211"}],"wp:attachment":[{"href":"https:\/\/forbabyboss.com\/cs\/wp-json\/wp\/v2\/media?parent=4208"}],"wp:term":[{"taxonomy":"product_brand","embeddable":true,"href":"https:\/\/forbabyboss.com\/cs\/wp-json\/wp\/v2\/product_brand?post=4208"},{"taxonomy":"product_cat","embeddable":true,"href":"https:\/\/forbabyboss.com\/cs\/wp-json\/wp\/v2\/product_cat?post=4208"},{"taxonomy":"product_tag","embeddable":true,"href":"https:\/\/forbabyboss.com\/cs\/wp-json\/wp\/v2\/product_tag?post=4208"}],"curies":[{"name":"wp","href":"https:\/\/api.w.org\/{rel}","templated":true}]}}