{"id":4267,"date":"2022-09-08T09:37:09","date_gmt":"2022-09-08T09:37:09","guid":{"rendered":"http:\/\/forbabyboss.com\/?post_type=product&#038;p=4267"},"modified":"2026-02-21T15:36:00","modified_gmt":"2026-02-21T15:36:00","slug":"kocarek-detsky-kocarek-premiovy-cestovni-system-autosedacka-4v1-08","status":"publish","type":"product","link":"https:\/\/forbabyboss.com\/cs\/product\/pushchair-baby-pram-premium-travel-system-4in1-car-seat-08\/","title":{"rendered":"Ko\u010d\u00e1rek s ko\u010d\u00e1rkem Premium Travel System 4v1 Autoseda\u010dka \u2013 08"},"content":{"rendered":"<p style=\"text-align: justify;\"><strong><span style=\"color: #282828;\">Gondola s m\u00f3dn\u00ed konstrukc\u00ed dostupnou ve 3 barevn\u00fdch variant\u00e1ch: zlat\u00e9, st\u0159\u00edbrn\u00e9 a \u010dern\u00e9. Je lehk\u00e1 a snadno se pou\u017e\u00edv\u00e1. Designov\u00e1, odoln\u00e1 konstrukce z hlin\u00edku s odn\u00edmateln\u00fdmi kole\u010dky, tak\u017ee m\u016f\u017eete ko\u010d\u00e1rek kompletn\u011b rozebrat pro mal\u00e9 rozm\u011bry. R\u00e1m s bo\u010dn\u00edmi \u0159eza\u010dkami, dostupn\u00fd ve 2 barv\u00e1ch \u2013 st\u0159\u00edbrno-\u010dern\u00e9 a zlato-\u010dern\u00e9. Snadn\u00fd a praktick\u00fd syst\u00e9m skl\u00e1d\u00e1n\u00ed r\u00e1mu na malou velikost \u2013 do polohy \u201c0\u201d. 3 p\u00e1ry tlumi\u010d\u016f s nastavitelnou tvrdost\u00ed odpru\u017een\u00ed, kter\u00e9 zvy\u0161uj\u00ed pohodl\u00ed j\u00edzdy va\u0161eho d\u00edt\u011bte. \u010caloun\u011bn\u00ed kabinky gondoly a sed\u00e1ku m\u00e1 velk\u00e9, praktick\u00e9 odv\u011btr\u00e1v\u00e1n\u00ed a v\u00fdklopnou slune\u010dn\u00ed st\u0159\u00ed\u0161ku. Extr\u00e9mn\u011b prostorn\u00e1 a pohodln\u00e1 gondola (d\u00e9lka 85 cm) s intuitivn\u00edm a pohodln\u00fdm syst\u00e9mem zved\u00e1n\u00ed op\u011brky hlavy a odv\u011btr\u00e1v\u00e1n\u00edm ve spodn\u00ed \u010d\u00e1sti.<\/span><\/strong><\/p>\n<p style=\"text-align: justify;\"><strong><span style=\"color: #282828;\"><span style=\"color: #e14d43;\">Existuj\u00ed \u010dty\u0159i mo\u017enosti, ze kter\u00fdch si m\u016f\u017eete vybrat<\/span>:\u00a0<\/span><\/strong><\/p>\n<p style=\"text-align: justify;\" align=\"center\"><strong><span style=\"font-family: Arial; color: #282828;\">\u2013 stylov\u00fd r\u00e1m s korbou (viz dal\u0161\u00ed aukce)<\/span><\/strong><\/p>\n<p style=\"text-align: justify;\" align=\"center\"><strong><span style=\"font-family: Arial; color: #282828;\">\u2013 Varianta 2 v 1, kter\u00e1 zahrnuje r\u00e1m, korbi\u010dku a ko\u010d\u00e1rek<\/span><\/strong><\/p>\n<p style=\"text-align: justify;\" align=\"center\"><strong><span style=\"font-family: Arial; color: #282828;\">\u2013 Varianta 3 v 1, kter\u00e1 zahrnuje r\u00e1m, korbi\u010dku, ko\u010d\u00e1rek a autoseda\u010dku<\/span><\/strong><\/p>\n<p style=\"text-align: justify;\" align=\"center\"><strong><span style=\"color: #282828;\"><span style=\"font-family: Arial;\">\u2013\u00a0\u00a0<\/span><span style=\"font-family: Arial;\">Varianta 4 v 1, kter\u00e1 zahrnuje v\u0161e v\u00fd\u0161e uveden\u00e9 se z\u00e1kladnou ISOFIX, kter\u00e1 poskytuje stabilitu a bezpe\u010dnost va\u0161eho d\u00edt\u011bte b\u011bhem cestov\u00e1n\u00ed v aut\u011b.<\/span><\/span><\/strong><\/p>\n<h3 style=\"text-align: justify;\" align=\"center\"><strong><span style=\"font-family: Arial; color: #282828;\"><span style=\"color: #e14d43;\">Vlastnosti produktu<\/span>:<\/span><\/strong><\/h3>\n<p style=\"text-align: justify;\" align=\"center\"><strong><span style=\"font-family: Arial; color: #282828;\">\u2013 Elegantn\u00ed, lehk\u00e1 a odoln\u00e1 konstrukce z hlin\u00edku s v\u00fdsuvn\u00fdmi \u201cosami\u201d, tak\u017ee m\u016f\u017eete v\u0161echna kola kompletn\u011b demontovat<\/span><\/strong><\/p>\n<p style=\"text-align: justify;\" align=\"center\"><strong><span style=\"font-family: Arial; color: #282828;\">\u2013 Stylov\u00fd \u010dern\u00fd r\u00e1m<\/span><\/strong><\/p>\n<p style=\"text-align: justify;\" align=\"center\"><strong><span style=\"font-family: Arial; color: #282828;\">\u2013 Snadn\u00fd a praktick\u00fd skl\u00e1dac\u00ed syst\u00e9m pro mal\u00e9 velikosti \u2013 a\u017e do polohy \u201c0\u201d<\/span><\/strong><\/p>\n<p style=\"text-align: justify;\" align=\"center\"><strong><span style=\"font-family: Arial; color: #282828;\">\u2013 P\u011bnov\u00e1 (gelov\u00e1) kola, kter\u00e1 jsou stejn\u011b m\u011bkk\u00e1 jako nafukovac\u00ed (nelze je prop\u00edchnout), a poskytuj\u00ed tak va\u0161emu d\u00edt\u011bti velmi vysok\u00fd j\u00edzdn\u00ed komfort<\/span><\/strong><\/p>\n<p style=\"text-align: justify;\" align=\"center\"><strong><span style=\"font-family: Arial; color: #282828;\">\u2013 Kola oto\u010dn\u00e1 o 360 stup\u0148\u016f<\/span><\/strong><\/p>\n<p style=\"text-align: justify;\" align=\"center\"><strong><span style=\"font-family: Arial; color: #282828;\">\u2013 Syst\u00e9m proti ot\u0159es\u016fm<\/span><\/strong><\/p>\n<p style=\"text-align: justify;\" align=\"center\"><strong><span style=\"font-family: Arial; color: #282828;\">\u2013 Nastaviteln\u00e1 rukoje\u0165, kter\u00e1 umo\u017e\u0148uje p\u0159izp\u016fsoben\u00ed jej\u00ed v\u00fd\u0161ky v\u00fd\u0161ce rodi\u010de<\/span><\/strong><\/p>\n<p style=\"text-align: justify;\" align=\"center\"><strong><span style=\"font-family: Arial; color: #282828;\">\u2013 Z\u00e1ruka 24 m\u011bs\u00edc\u016f<\/span><\/strong><\/p>\n<p style=\"text-align: justify;\" align=\"center\"><strong><span style=\"font-family: Arial; color: #282828;\">\u2013 Zadn\u00ed okno pro v\u011btr\u00e1n\u00ed<\/span><\/strong><\/p>\n<p style=\"text-align: justify;\" align=\"center\"><strong><span style=\"font-family: Arial; color: #282828;\">\u2013 Extr\u00e9mn\u011b prostorn\u00e1 a pohodln\u00e1 korbi\u010dka (d\u00e9lka 85 cm) s intuitivn\u00edm a pohodln\u00fdm syst\u00e9mem zved\u00e1n\u00ed op\u011brky hlavy a ventila\u010dn\u00ed funkc\u00ed ve spodn\u00ed \u010d\u00e1sti<\/span><\/strong><\/p>\n<p style=\"text-align: justify;\" align=\"center\"><strong><span style=\"font-family: Arial; color: #282828;\">\u2013 P\u0159\u00eddavn\u00e1 guma na spodn\u00ed stran\u011b korbi\u010dky, kter\u00e1 zabra\u0148uje klouz\u00e1n\u00ed a chr\u00e1n\u00ed p\u0159ed po\u0161kr\u00e1b\u00e1n\u00edm<\/span><\/strong><\/p>\n<p style=\"text-align: justify;\" align=\"center\"><strong><span style=\"font-family: Arial; color: #282828;\">\u2013 5bodov\u00fd p\u00e1s<\/span><\/strong><\/p>\n<p style=\"text-align: justify;\" align=\"center\"><strong><span style=\"font-family: Arial; color: #282828;\">\u2013 Syst\u00e9m sm\u011b\u0159uj\u00edc\u00ed dop\u0159edu i dozadu<\/span><\/strong><\/p>\n<h3 style=\"text-align: left;\" align=\"center\"><span style=\"color: #e14d43;\"><b>Cena v cen\u011b:<\/b><\/span><\/h3>\n<p style=\"text-align: justify;\" align=\"center\"><strong><span style=\"font-family: Arial; color: #282828;\">\u2013 Pl\u00e1\u0161t\u011bnka<\/span><\/strong><\/p>\n<p style=\"text-align: justify;\" align=\"center\"><strong><span style=\"font-family: Arial; color: #282828;\">\u2013 Moskyti\u00e9ra<\/span><\/strong><\/p>\n<p style=\"text-align: justify;\" align=\"center\"><strong><span style=\"font-family: Arial; color: #282828;\">\u2013 hrnek<\/span><\/strong><\/p>\n<p style=\"text-align: justify;\" align=\"center\"><strong><span style=\"font-family: Arial; color: #282828;\">\u2013 N\u00e1kupn\u00ed ko\u0161\u00edk<\/span><\/strong><\/p>\n<p style=\"text-align: justify;\" align=\"center\"><strong><span style=\"font-family: Arial; color: #282828;\">\u2013 Ta\u0161ka<\/span><\/strong><\/p>\n<p style=\"text-align: justify;\" align=\"center\"><strong><span style=\"font-family: Arial; color: #282828;\">\u2013 Kryt na nohy<\/span><\/strong><\/p>\n<p style=\"text-align: justify;\" align=\"center\"><strong><span style=\"font-family: Arial; color: #282828;\">\u2013 Fusak na nohy<\/span><\/strong><\/p>\n<p style=\"text-align: justify;\" align=\"center\"><strong><span style=\"font-family: Arial; color: #282828;\">\u2013 Rukavice<\/span><\/strong><\/p>\n<p style=\"text-align: justify;\" align=\"center\"><strong><span style=\"font-family: Arial; color: #282828;\">\u2013 Odn\u00edmateln\u00fd interi\u00e9r<\/span><\/strong><\/p>\n<p style=\"text-align: justify;\" align=\"center\"><strong><span style=\"font-family: Arial; color: #282828;\">\u2013 Nastaviteln\u00e9 op\u011bradlo<\/span><\/strong><\/p>\n<p style=\"text-align: justify;\" align=\"center\"><strong><span style=\"font-family: Arial; color: #282828;\">\u2013 4 gelov\u00e1 kole\u010dka<\/span><\/strong><\/p>\n<p style=\"text-align: justify;\" align=\"center\"><strong><span style=\"color: #282828;\"><span style=\"font-family: Arial;\">\u2013 Autoseda\u010dka 0-13 kg (voliteln\u00e9)<\/span>\u00a0<\/span><\/strong><\/p>\n<h3 style=\"text-align: justify;\" align=\"center\"><span style=\"color: #e14d43;\"><strong>Z\u00c1KLADNA ISOFIX:<\/strong><\/span><\/h3>\n<p style=\"text-align: justify;\" align=\"center\"><strong><span style=\"font-family: Arial; color: #282828;\">\u2022 Barva: \u010cern\u00e1<\/span><\/strong><\/p>\n<p style=\"text-align: justify;\" align=\"center\"><strong><span style=\"font-family: Arial; color: #282828;\">\u2022 Vhodn\u00e9 od narozen\u00ed<\/span><\/strong><\/p>\n<p style=\"text-align: justify;\" align=\"center\"><strong><span style=\"font-family: Arial; color: #282828;\">\u2022 Upev\u0148uje se p\u0159\u00edmo k podvozku vozu pomoc\u00ed \u00fachytn\u00fdch bod\u016f ISOFIX.<\/span><\/strong><\/p>\n<p style=\"text-align: justify;\" align=\"center\"><strong><span style=\"font-family: Arial; color: #282828;\">\u2022 Lze tak\u00e9 zajistit bezpe\u010dnostn\u00edm p\u00e1sem vozidla<\/span><\/strong><\/p>\n<p style=\"text-align: justify;\" align=\"center\"><strong><span style=\"font-family: Arial; color: #282828;\">\u2022 Snadn\u00e1 instalace<\/span><\/strong><\/p>\n<p style=\"text-align: justify;\" align=\"center\"><strong><span style=\"font-family: Arial; color: #282828;\">\u2022 Bezpe\u010dn\u00e9 a zabezpe\u010den\u00e9<\/span><\/strong><\/p>\n<p style=\"text-align: justify;\" align=\"center\"><strong><span style=\"font-family: Arial; color: #282828;\">\u2022 Minimalizuje rozruch<\/span><\/strong><\/p>\n<p style=\"text-align: justify;\" align=\"center\"><strong><span style=\"font-family: Arial; color: #282828;\">\u2022 Sni\u017euje pravd\u011bpodobnost probuzen\u00ed d\u00edt\u011bte p\u0159i p\u0159esunu z auta dom\u016f<\/span><\/strong><\/p>\n<p style=\"text-align: justify;\" align=\"center\"><strong><span style=\"font-family: Arial; color: #282828;\">\u2022 Podp\u016frn\u00e1 noha poskytuje maxim\u00e1ln\u00ed stabilitu, bezpe\u010dnost a snadno se nastavuje pro co nejlep\u0161\u00ed padnut\u00ed<\/span><\/strong><\/p>\n<p style=\"text-align: justify;\" align=\"center\"><strong><span style=\"font-family: Arial; color: #282828;\">\u2022 Barevn\u00e9 indik\u00e1tory potvrzuj\u00ed spr\u00e1vnou instalaci z\u00e1kladny do vozidla<\/span><\/strong><\/p>\n<h3 style=\"text-align: justify;\" align=\"center\"><span style=\"color: #e14d43;\"><strong><span style=\"font-size: 120%;\"><span style=\"font-family: Arial;\">ROZM\u011aRY<span style=\"color: #000000;\">:<\/span><\/span><\/span><\/strong><\/span><\/h3>\n<h4 style=\"text-align: justify;\" align=\"center\"><strong><span style=\"font-family: Arial; color: #282828;\"><span style=\"color: #e14d43;\">P\u0159enosn\u00e1 korba<span style=\"color: #000000;\">:<\/span><\/span><br \/>\n\u2022 hmotnost \u2013 3,5 kg<br \/>\n\u2022 celkov\u00e1 hmotnost ko\u010d\u00e1rku \u2013 15 kg<br \/>\n\u2022 r\u00e1m s korbou: V. 125,5 cm x \u0160. 60 cm x D. 98 cm<\/span><\/strong><\/h4>\n<p><strong><span style=\"color: #282828;\"><span style=\"color: #e14d43;\">Ko\u010d\u00e1rek<\/span>:<\/span><\/strong><br \/>\n<strong><span style=\"color: #282828;\">\u2022 hmotnost \u2013 5,5 kg<\/span><\/strong><br \/>\n<strong><span style=\"color: #282828;\">\u2022 Sed\u00e1k: \u0160. 36 cm x D. 84 cm<\/span><\/strong><\/p>\n<p><span style=\"color: #e14d43;\"><strong>Autoseda\u010dka<span style=\"color: #000000;\">:<\/span><\/strong><\/span><br \/>\n<strong><span style=\"color: #282828;\">\u2022 Hmotnost: 3,3 kg<\/span><\/strong><br \/>\n<strong><span style=\"color: #282828;\">\u2022 pro d\u011bti o hmotnosti 0\u201313 kg<\/span><\/strong><\/p>\n<p><span style=\"color: #e14d43;\"><strong>R\u00e1m<span style=\"color: #000000;\">:<\/span><\/strong><\/span><br \/>\n<strong><span style=\"color: #282828;\">\u2022 hmotnost \u2013 6 kg<\/span><\/strong><br \/>\n<strong><span style=\"color: #282828;\">\u2022 rozlo\u017een\u00fd 98 x 60 x 125,5 cm<\/span><\/strong><br \/>\n<strong><span style=\"color: #282828;\">\u2022 zav\u0159en\u00e9 82,5 x 40,5 cm<\/span><\/strong><\/p>\n<p><a href=\"http:\/\/forbabyboss.com\/wp-content\/uploads\/2022\/09\/checkout.png\"><img loading=\"lazy\" decoding=\"async\" class=\"alignnone size-full wp-image-5965\" src=\"http:\/\/forbabyboss.com\/wp-content\/uploads\/2022\/09\/checkout.png\" alt=\"\" width=\"750\" height=\"276\" srcset=\"https:\/\/forbabyboss.com\/wp-content\/uploads\/2022\/09\/checkout.png 750w, https:\/\/forbabyboss.com\/wp-content\/uploads\/2022\/09\/checkout-600x221.png 600w\" sizes=\"auto, (max-width: 750px) 100vw, 750px\" \/><\/a><\/p>","protected":false},"excerpt":{"rendered":"<p><a href=\"http:\/\/forbabyboss.com\/wp-content\/uploads\/2022\/09\/Star-Rating-5.png\"><img loading=\"lazy\" decoding=\"async\" class=\"alignnone wp-image-5973 aligncenter\" src=\"http:\/\/forbabyboss.com\/wp-content\/uploads\/2022\/09\/Star-Rating-5.png\" alt=\"\" width=\"299\" height=\"49\" \/><\/a><\/p>\n<p style=\"text-align: center;\"><span style=\"color: #e14d43; font-size: 115%;\"><strong>GARANCE SHODU CEN<\/strong><\/span><\/p>\n<p style=\"text-align: center;\"><span style=\"font-size: 115%;\"><span style=\"color: #003366;\">Doprava zdarma\u00a0<\/span>\u2013 2 \u2013 7 dn\u00ed<\/span><\/p>\n<p style=\"text-align: center;\"><span style=\"color: #008000; font-size: 115%;\"><strong>D\u00e1rek zdarma k n\u00e1kupu nad 100 GBP<\/strong><\/span><\/p>","protected":false},"featured_media":4270,"template":"","meta":[],"product_brand":[577],"product_cat":[340,156,197,305,130,209,221,211],"product_tag":[163,200,199],"class_list":{"0":"post-4267","1":"product","2":"type-product","3":"status-publish","4":"has-post-thumbnail","6":"product_brand-kunert","7":"product_cat-800-to-900","8":"product_cat-3-in-1","9":"product_cat-4-in-1-pram","10":"product_cat-colour","11":"product_cat-prams","12":"product_cat-push-chairs","13":"product_cat-silver-colour","14":"product_cat-stroller","15":"product_tag-3-in-1-prams","16":"product_tag-4-in-1-pram","17":"product_tag-prams","19":"first","20":"instock","21":"sale","22":"shipping-taxable","23":"purchasable","24":"product-type-simple"},"yoast_head":"<!-- This site is optimized with the Yoast SEO plugin v27.5 - https:\/\/yoast.com\/product\/yoast-seo-wordpress\/ -->\n<title>Pushchair Baby Pram Premium Travel System 4in1 Car Seat - 08 - For Baby Boss<\/title>\n<meta name=\"description\" content=\"Pushchair Baby Pram Premium Travel System 4in1 Car Seat - 08\" \/>\n<meta name=\"robots\" content=\"index, follow, max-snippet:-1, max-image-preview:large, max-video-preview:-1\" \/>\n<link rel=\"canonical\" href=\"https:\/\/forbabyboss.com\/cs\/product\/kocarek-detsky-kocarek-premiovy-cestovni-system-autosedacka-4v1-08\/\" \/>\n<meta property=\"og:locale\" content=\"cs_CZ\" \/>\n<meta property=\"og:type\" content=\"article\" \/>\n<meta property=\"og:title\" content=\"Pushchair Baby Pram Premium Travel System 4in1 Car Seat - 08 - For Baby Boss\" \/>\n<meta property=\"og:description\" content=\"Pushchair Baby Pram Premium Travel System 4in1 Car Seat - 08\" \/>\n<meta property=\"og:url\" content=\"https:\/\/forbabyboss.com\/cs\/product\/kocarek-detsky-kocarek-premiovy-cestovni-system-autosedacka-4v1-08\/\" \/>\n<meta property=\"og:site_name\" content=\"For Baby Boss\" \/>\n<meta property=\"article:modified_time\" content=\"2026-02-21T15:36:00+00:00\" \/>\n<meta property=\"og:image\" content=\"https:\/\/forbabyboss.com\/wp-content\/uploads\/2022\/09\/Baby-Pram-Pushchair-Paradise-Euforia-Premium-Travel-System-4in1-Car-Seat-08_MAIN.jpg\" \/>\n\t<meta property=\"og:image:width\" content=\"1020\" \/>\n\t<meta property=\"og:image:height\" content=\"1125\" \/>\n\t<meta property=\"og:image:type\" content=\"image\/jpeg\" \/>\n<meta name=\"twitter:card\" content=\"summary_large_image\" \/>\n<meta name=\"twitter:label1\" content=\"Odhadovan\u00e1 doba \u010dten\u00ed\" \/>\n\t<meta name=\"twitter:data1\" content=\"3 minuty\" \/>\n<script type=\"application\/ld+json\" class=\"yoast-schema-graph\">{\"@context\":\"https:\\\/\\\/schema.org\",\"@graph\":[{\"@type\":\"WebPage\",\"@id\":\"https:\\\/\\\/forbabyboss.com\\\/product\\\/pushchair-baby-pram-premium-travel-system-4in1-car-seat-08\\\/\",\"url\":\"https:\\\/\\\/forbabyboss.com\\\/product\\\/pushchair-baby-pram-premium-travel-system-4in1-car-seat-08\\\/\",\"name\":\"Pushchair Baby Pram Premium Travel System 4in1 Car Seat - 08 - For Baby Boss\",\"isPartOf\":{\"@id\":\"https:\\\/\\\/powderblue-seahorse-496884.hostingersite.com\\\/#website\"},\"primaryImageOfPage\":{\"@id\":\"https:\\\/\\\/forbabyboss.com\\\/product\\\/pushchair-baby-pram-premium-travel-system-4in1-car-seat-08\\\/#primaryimage\"},\"image\":{\"@id\":\"https:\\\/\\\/forbabyboss.com\\\/product\\\/pushchair-baby-pram-premium-travel-system-4in1-car-seat-08\\\/#primaryimage\"},\"thumbnailUrl\":\"https:\\\/\\\/forbabyboss.com\\\/wp-content\\\/uploads\\\/2022\\\/09\\\/Baby-Pram-Pushchair-Paradise-Euforia-Premium-Travel-System-4in1-Car-Seat-08_MAIN.jpg\",\"datePublished\":\"2022-09-08T09:37:09+00:00\",\"dateModified\":\"2026-02-21T15:36:00+00:00\",\"description\":\"Pushchair Baby Pram Premium Travel System 4in1 Car Seat - 08\",\"breadcrumb\":{\"@id\":\"https:\\\/\\\/forbabyboss.com\\\/product\\\/pushchair-baby-pram-premium-travel-system-4in1-car-seat-08\\\/#breadcrumb\"},\"inLanguage\":\"cs\",\"potentialAction\":[{\"@type\":\"ReadAction\",\"target\":[\"https:\\\/\\\/forbabyboss.com\\\/product\\\/pushchair-baby-pram-premium-travel-system-4in1-car-seat-08\\\/\"]}]},{\"@type\":\"ImageObject\",\"inLanguage\":\"cs\",\"@id\":\"https:\\\/\\\/forbabyboss.com\\\/product\\\/pushchair-baby-pram-premium-travel-system-4in1-car-seat-08\\\/#primaryimage\",\"url\":\"https:\\\/\\\/forbabyboss.com\\\/wp-content\\\/uploads\\\/2022\\\/09\\\/Baby-Pram-Pushchair-Paradise-Euforia-Premium-Travel-System-4in1-Car-Seat-08_MAIN.jpg\",\"contentUrl\":\"https:\\\/\\\/forbabyboss.com\\\/wp-content\\\/uploads\\\/2022\\\/09\\\/Baby-Pram-Pushchair-Paradise-Euforia-Premium-Travel-System-4in1-Car-Seat-08_MAIN.jpg\",\"width\":1020,\"height\":1125},{\"@type\":\"BreadcrumbList\",\"@id\":\"https:\\\/\\\/forbabyboss.com\\\/product\\\/pushchair-baby-pram-premium-travel-system-4in1-car-seat-08\\\/#breadcrumb\",\"itemListElement\":[{\"@type\":\"ListItem\",\"position\":1,\"name\":\"Home\",\"item\":\"https:\\\/\\\/forbabyboss.com\\\/\"},{\"@type\":\"ListItem\",\"position\":2,\"name\":\"Shop\",\"item\":\"https:\\\/\\\/forbabyboss.com\\\/shop\\\/\"},{\"@type\":\"ListItem\",\"position\":3,\"name\":\"Pushchair Baby Pram Premium Travel System 4in1 Car Seat &#8211; 08\"}]},{\"@type\":\"WebSite\",\"@id\":\"https:\\\/\\\/powderblue-seahorse-496884.hostingersite.com\\\/#website\",\"url\":\"https:\\\/\\\/powderblue-seahorse-496884.hostingersite.com\\\/\",\"name\":\"For Baby Boss\",\"description\":\"Beautiful gifts and accessories for your baby boss\",\"potentialAction\":[{\"@type\":\"SearchAction\",\"target\":{\"@type\":\"EntryPoint\",\"urlTemplate\":\"https:\\\/\\\/powderblue-seahorse-496884.hostingersite.com\\\/?s={search_term_string}\"},\"query-input\":{\"@type\":\"PropertyValueSpecification\",\"valueRequired\":true,\"valueName\":\"search_term_string\"}}],\"inLanguage\":\"cs\"}]}<\/script>\n<!-- \/ Yoast SEO plugin. -->","yoast_head_json":{"title":"Ko\u010d\u00e1rek s ko\u010d\u00e1rkem Premium Travel System 4v1 Autoseda\u010dka - 08 - Pro Baby Boss","description":"Ko\u010d\u00e1rek, ko\u010d\u00e1rek Premium Travel System, autoseda\u010dka 4v1 - 08","robots":{"index":"index","follow":"follow","max-snippet":"max-snippet:-1","max-image-preview":"max-image-preview:large","max-video-preview":"max-video-preview:-1"},"canonical":"https:\/\/forbabyboss.com\/cs\/product\/kocarek-detsky-kocarek-premiovy-cestovni-system-autosedacka-4v1-08\/","og_locale":"cs_CZ","og_type":"article","og_title":"Pushchair Baby Pram Premium Travel System 4in1 Car Seat - 08 - For Baby Boss","og_description":"Pushchair Baby Pram Premium Travel System 4in1 Car Seat - 08","og_url":"https:\/\/forbabyboss.com\/cs\/product\/kocarek-detsky-kocarek-premiovy-cestovni-system-autosedacka-4v1-08\/","og_site_name":"For Baby Boss","article_modified_time":"2026-02-21T15:36:00+00:00","og_image":[{"width":1020,"height":1125,"url":"https:\/\/forbabyboss.com\/wp-content\/uploads\/2022\/09\/Baby-Pram-Pushchair-Paradise-Euforia-Premium-Travel-System-4in1-Car-Seat-08_MAIN.jpg","type":"image\/jpeg"}],"twitter_card":"summary_large_image","twitter_misc":{"Odhadovan\u00e1 doba \u010dten\u00ed":"3 minuty"},"schema":{"@context":"https:\/\/schema.org","@graph":[{"@type":"WebPage","@id":"https:\/\/forbabyboss.com\/product\/pushchair-baby-pram-premium-travel-system-4in1-car-seat-08\/","url":"https:\/\/forbabyboss.com\/product\/pushchair-baby-pram-premium-travel-system-4in1-car-seat-08\/","name":"Ko\u010d\u00e1rek s ko\u010d\u00e1rkem Premium Travel System 4v1 Autoseda\u010dka - 08 - Pro Baby Boss","isPartOf":{"@id":"https:\/\/powderblue-seahorse-496884.hostingersite.com\/#website"},"primaryImageOfPage":{"@id":"https:\/\/forbabyboss.com\/product\/pushchair-baby-pram-premium-travel-system-4in1-car-seat-08\/#primaryimage"},"image":{"@id":"https:\/\/forbabyboss.com\/product\/pushchair-baby-pram-premium-travel-system-4in1-car-seat-08\/#primaryimage"},"thumbnailUrl":"https:\/\/forbabyboss.com\/wp-content\/uploads\/2022\/09\/Baby-Pram-Pushchair-Paradise-Euforia-Premium-Travel-System-4in1-Car-Seat-08_MAIN.jpg","datePublished":"2022-09-08T09:37:09+00:00","dateModified":"2026-02-21T15:36:00+00:00","description":"Ko\u010d\u00e1rek, ko\u010d\u00e1rek Premium Travel System, autoseda\u010dka 4v1 - 08","breadcrumb":{"@id":"https:\/\/forbabyboss.com\/product\/pushchair-baby-pram-premium-travel-system-4in1-car-seat-08\/#breadcrumb"},"inLanguage":"cs","potentialAction":[{"@type":"ReadAction","target":["https:\/\/forbabyboss.com\/product\/pushchair-baby-pram-premium-travel-system-4in1-car-seat-08\/"]}]},{"@type":"ImageObject","inLanguage":"cs","@id":"https:\/\/forbabyboss.com\/product\/pushchair-baby-pram-premium-travel-system-4in1-car-seat-08\/#primaryimage","url":"https:\/\/forbabyboss.com\/wp-content\/uploads\/2022\/09\/Baby-Pram-Pushchair-Paradise-Euforia-Premium-Travel-System-4in1-Car-Seat-08_MAIN.jpg","contentUrl":"https:\/\/forbabyboss.com\/wp-content\/uploads\/2022\/09\/Baby-Pram-Pushchair-Paradise-Euforia-Premium-Travel-System-4in1-Car-Seat-08_MAIN.jpg","width":1020,"height":1125},{"@type":"BreadcrumbList","@id":"https:\/\/forbabyboss.com\/product\/pushchair-baby-pram-premium-travel-system-4in1-car-seat-08\/#breadcrumb","itemListElement":[{"@type":"ListItem","position":1,"name":"Home","item":"https:\/\/forbabyboss.com\/"},{"@type":"ListItem","position":2,"name":"Shop","item":"https:\/\/forbabyboss.com\/shop\/"},{"@type":"ListItem","position":3,"name":"Pushchair Baby Pram Premium Travel System 4in1 Car Seat &#8211; 08"}]},{"@type":"WebSite","@id":"https:\/\/powderblue-seahorse-496884.hostingersite.com\/#website","url":"https:\/\/powderblue-seahorse-496884.hostingersite.com\/","name":"Pro Baby Boss","description":"Kr\u00e1sn\u00e9 d\u00e1rky a dopl\u0148ky pro va\u0161eho \u0161\u00e9fa","potentialAction":[{"@type":"SearchAction","target":{"@type":"EntryPoint","urlTemplate":"https:\/\/powderblue-seahorse-496884.hostingersite.com\/?s={search_term_string}"},"query-input":{"@type":"PropertyValueSpecification","valueRequired":true,"valueName":"search_term_string"}}],"inLanguage":"cs"}]}},"_links":{"self":[{"href":"https:\/\/forbabyboss.com\/cs\/wp-json\/wp\/v2\/product\/4267","targetHints":{"allow":["GET"]}}],"collection":[{"href":"https:\/\/forbabyboss.com\/cs\/wp-json\/wp\/v2\/product"}],"about":[{"href":"https:\/\/forbabyboss.com\/cs\/wp-json\/wp\/v2\/types\/product"}],"wp:featuredmedia":[{"embeddable":true,"href":"https:\/\/forbabyboss.com\/cs\/wp-json\/wp\/v2\/media\/4270"}],"wp:attachment":[{"href":"https:\/\/forbabyboss.com\/cs\/wp-json\/wp\/v2\/media?parent=4267"}],"wp:term":[{"taxonomy":"product_brand","embeddable":true,"href":"https:\/\/forbabyboss.com\/cs\/wp-json\/wp\/v2\/product_brand?post=4267"},{"taxonomy":"product_cat","embeddable":true,"href":"https:\/\/forbabyboss.com\/cs\/wp-json\/wp\/v2\/product_cat?post=4267"},{"taxonomy":"product_tag","embeddable":true,"href":"https:\/\/forbabyboss.com\/cs\/wp-json\/wp\/v2\/product_tag?post=4267"}],"curies":[{"name":"wp","href":"https:\/\/api.w.org\/{rel}","templated":true}]}}