{"id":4285,"date":"2022-09-21T15:42:58","date_gmt":"2022-09-21T15:42:58","guid":{"rendered":"http:\/\/forbabyboss.com\/?post_type=product&#038;p=4285"},"modified":"2023-10-03T11:14:48","modified_gmt":"2023-10-03T11:14:48","slug":"kocarek-s-kocarkem-z-eko-kuze-cestovni-system-4v1-autosedacka-iso-fx-08","status":"publish","type":"product","link":"https:\/\/forbabyboss.com\/cs\/product\/eco-leather-pram-stroller-travel-system-4-in1-car-seat-iso-fx-08\/","title":{"rendered":"Cestovn\u00ed syst\u00e9m 4v1 pro ko\u010d\u00e1rek z ekok\u016f\u017ee, autoseda\u010dka ISO \u2013 FX 08"},"content":{"rendered":"<p style=\"text-align: justify;\" align=\"center\"><strong><span style=\"font-size: medium; color: #000000;\">Vyrobeno v Evrop\u011b z vysoce kvalitn\u00edch materi\u00e1l\u016f, lehk\u00fd hlin\u00edkov\u00fd r\u00e1m, modern\u00ed design.<br \/>\n<\/span><\/strong><\/p>\n<p style=\"text-align: justify;\" align=\"center\"><strong><span style=\"font-family: Arial; color: #000000;\">FX je multifunk\u010dn\u00ed cestovn\u00ed syst\u00e9m pro d\u011bti 2v1 \/ 3v1 \/ 4v1. Je to skv\u011bl\u00e1 kombinace minimalismu a univerz\u00e1ln\u00ed funk\u010dnosti v 21. stolet\u00ed.<\/span><\/strong><\/p>\n<p style=\"text-align: justify;\" align=\"center\"><strong><span style=\"font-family: Arial; color: #000000;\">Tento cestovn\u00ed syst\u00e9m vypad\u00e1 mimo\u0159\u00e1dn\u011b stylov\u011b a jeho mal\u00e1, ale stabiln\u00ed kole\u010dka pln\u011b odpov\u00eddaj\u00ed nejnov\u011bj\u0161\u00edm trend\u016fm v evropsk\u00e9m designu. Byl navr\u017een pro rodi\u010de, kte\u0159\u00ed hledaj\u00ed produkt, kter\u00fd bude dlouhodob\u011b pou\u017e\u00edv\u00e1n. Lehk\u00fd hlin\u00edkov\u00fd r\u00e1m s nastaviteln\u00fdm tlumi\u010dem usnad\u0148uje j\u00edzdu.<\/span><\/strong><\/p>\n<h3 style=\"text-align: justify;\" align=\"center\"><strong><span style=\"color: #000000; font-size: 115%;\"><span style=\"font-family: Arial;\"><span style=\"color: #e14d43;\">Sada obsahuje<\/span>:\u00a0<\/span><\/span><\/strong><\/h3>\n<p style=\"text-align: justify;\" align=\"center\"><strong><span style=\"color: #000000; font-family: Arial;\">ruk\u00e1vn\u00edky, potah na nohy, dr\u017e\u00e1k na n\u00e1poje a mnoho dal\u0161\u00edho. Pod\u00edvejte se!<\/span><\/strong><\/p>\n<p style=\"text-align: justify;\" align=\"center\"><strong><span style=\"font-family: Arial; color: #000000;\">Existuj\u00ed mo\u017enosti, ze kter\u00fdch si m\u016f\u017eete vybrat:\u00a0<\/span><\/strong><\/p>\n<p style=\"text-align: justify;\" align=\"center\"><strong><span style=\"font-family: Arial; color: #000000;\">\u2013 Varianta 2 v 1, kter\u00e1 zahrnuje r\u00e1m, korbi\u010dku a ko\u010d\u00e1rek (viz na\u0161e dal\u0161\u00ed nab\u00eddky)<\/span><\/strong><\/p>\n<p style=\"text-align: justify;\" align=\"center\"><strong><span style=\"font-family: Arial; color: #000000;\">\u2013 Varianta 3 v 1, kter\u00e1 zahrnuje r\u00e1m, korbi\u010dku, ko\u010d\u00e1rek a autoseda\u010dku (viz na\u0161e dal\u0161\u00ed nab\u00eddky)<\/span><\/strong><\/p>\n<p style=\"text-align: justify;\" align=\"center\"><strong><span style=\"color: #000000;\"><span style=\"font-family: Arial;\">\u2013\u00a0 \u00a0<\/span><span style=\"font-family: Arial;\">Varianta 4 v 1, kter\u00e1 zahrnuje v\u0161e v\u00fd\u0161e uveden\u00e9 se z\u00e1kladnou ISOFIX, kter\u00e1 poskytuje stabilitu a bezpe\u010dnost va\u0161eho d\u00edt\u011bte b\u011bhem cestov\u00e1n\u00ed v aut\u011b.<\/span><\/span><\/strong><\/p>\n<h3 style=\"text-align: justify;\" align=\"center\"><strong><span style=\"font-family: Arial; color: #000000;\"><span style=\"color: #e14d43;\">Vlastnosti produktu<\/span>:<\/span><\/strong><\/h3>\n<p style=\"text-align: justify;\" align=\"center\"><strong><span style=\"font-family: Arial; color: #000000;\">\u2013 Elegantn\u00ed, lehk\u00e1 a odoln\u00e1 konstrukce z hlin\u00edku<\/span><\/strong><\/p>\n<p style=\"text-align: justify;\" align=\"center\"><strong><span style=\"font-family: Arial; color: #000000;\">\u2013 Stylov\u00fd r\u00e1m<\/span><\/strong><\/p>\n<p style=\"text-align: justify;\" align=\"center\"><strong><span style=\"font-family: Arial; color: #000000;\">\u2013 Snadn\u00fd a praktick\u00fd skl\u00e1dac\u00ed syst\u00e9m \u2013 a\u017e do polohy \u201c0\u201d<\/span><\/strong><\/p>\n<p style=\"text-align: justify;\" align=\"center\"><strong><span style=\"font-family: Arial; color: #000000;\">\u2013 Nastaviteln\u00e9 op\u011bradlo<\/span><\/strong><\/p>\n<p style=\"text-align: justify;\" align=\"center\"><strong><span style=\"font-family: Arial; color: #000000;\">\u2013 P\u011bnov\u00e1 (gelov\u00e1) kola, kter\u00e1 jsou stejn\u011b m\u011bkk\u00e1 jako nafukovac\u00ed (ale nedaj\u00ed se prop\u00edchnout), a poskytuj\u00ed va\u0161emu d\u00edt\u011bti velmi vysok\u00fd j\u00edzdn\u00ed komfort<\/span><\/strong><\/p>\n<p style=\"text-align: justify;\" align=\"center\"><strong><span style=\"font-family: Arial; color: #000000;\">\u2013 Kola oto\u010dn\u00e1 o 360 stup\u0148\u016f<\/span><\/strong><\/p>\n<p style=\"text-align: justify;\" align=\"center\"><strong><span style=\"font-family: Arial; color: #000000;\">\u2013 Syst\u00e9m proti ot\u0159es\u016fm<\/span><\/strong><\/p>\n<p style=\"text-align: justify;\" align=\"center\"><strong><span style=\"font-family: Arial; color: #000000;\">\u2013 Nastaviteln\u00e1 rukoje\u0165, kter\u00e1 umo\u017e\u0148uje p\u0159izp\u016fsobit jej\u00ed v\u00fd\u0161ku v\u00fd\u0161ce rodi\u010de<\/span><\/strong><\/p>\n<h3 style=\"text-align: justify;\" align=\"center\"><strong><span style=\"font-size: large; color: #000000;\"><span style=\"color: #e14d43;\">Cena v cen\u011b<\/span>:<\/span><\/strong><\/h3>\n<p style=\"text-align: justify;\" align=\"center\"><strong><span style=\"font-family: Arial; color: #000000;\">- Hlin\u00edkov\u00fd r\u00e1m<\/span><\/strong><\/p>\n<p style=\"text-align: justify;\" align=\"center\"><strong><span style=\"font-family: Arial; color: #000000;\">\u2013 4 p\u011bnov\u00e1\/gelov\u00e1 kole\u010dka<\/span><\/strong><\/p>\n<p style=\"text-align: justify;\" align=\"center\"><strong><span style=\"font-family: Arial; color: #000000;\">\u2013 P\u0159enosn\u00e1 korba<\/span><\/strong><\/p>\n<p style=\"text-align: justify;\" align=\"center\"><strong><span style=\"font-family: Arial; color: #000000;\">\u2013 Ko\u010d\u00e1rek<\/span><\/strong><\/p>\n<p style=\"text-align: justify;\" align=\"center\"><strong><span style=\"font-family: Arial; color: #000000;\">\u2013 Pl\u00e1\u0161t\u011bnka<\/span><\/strong><\/p>\n<p style=\"text-align: justify;\" align=\"center\"><strong><span style=\"font-family: Arial; color: #000000;\">\u2013 Moskyti\u00e9ra<\/span><\/strong><\/p>\n<p style=\"text-align: justify;\" align=\"center\"><strong><span style=\"font-family: Arial; color: #000000;\">\u2013 Ta\u0161ka<\/span><\/strong><\/p>\n<p style=\"text-align: justify;\" align=\"center\"><strong><span style=\"font-family: Arial; color: #000000;\">\u2013 N\u00e1kupn\u00ed ko\u0161\u00edk<\/span><\/strong><\/p>\n<p style=\"text-align: justify;\" align=\"center\"><strong><span style=\"font-family: Arial; color: #000000;\">\u2013 Fusak na nohy<\/span><\/strong><\/p>\n<p style=\"text-align: justify;\" align=\"center\"><strong><span style=\"font-family: Arial; color: #000000;\">\u2013 Rukavice<\/span><\/strong><\/p>\n<p style=\"text-align: justify;\" align=\"center\"><strong><span style=\"font-family: Arial; color: #000000;\">\u2013 Hrnek<\/span><\/strong><\/p>\n<p style=\"text-align: justify;\" align=\"center\"><strong><span style=\"font-family: Arial; color: #000000;\">\u2013 Z\u00e1ruka 24 m\u011bs\u00edc\u016f<\/span><\/strong><\/p>\n<p style=\"text-align: justify;\" align=\"center\"><strong><span style=\"font-family: Arial; color: #000000;\">\u2013 *Autoseda\u010dka KITE (voliteln\u00e9)<\/span><\/strong><\/p>\n<p style=\"text-align: justify;\" align=\"center\"><strong><span style=\"font-family: Arial; color: #000000;\">\u2013 *Z\u00e1kladna ISOFIX (voliteln\u00e9)<\/span><\/strong><\/p>\n<h3 style=\"text-align: justify;\" align=\"center\"><strong><span style=\"font-family: Arial; font-size: large; color: #000000;\"><span style=\"color: #e14d43;\">Autoseda\u010dka KITE<\/span>*<\/span><\/strong><\/h3>\n<p style=\"text-align: justify;\" align=\"center\"><strong><span style=\"font-family: Arial; color: #000000;\">Skupina 0-13 kg<\/span><\/strong><\/p>\n<p style=\"text-align: justify;\" align=\"center\"><strong><span style=\"font-family: Arial; color: #000000;\">Evropsk\u00e1 homologace ECE R44\/04<\/span><\/strong><\/p>\n<p style=\"text-align: justify;\" align=\"center\"><strong><span style=\"font-family: Arial; color: #000000;\">Mont\u00e1\u017e na r\u00e1m ko\u010d\u00e1rku pomoc\u00ed adapt\u00e9r\u016f<\/span><\/strong><\/p>\n<p style=\"text-align: justify;\" align=\"center\"><strong><span style=\"font-family: Arial; color: #000000;\">3bodov\u00fd p\u00e1s<\/span><\/strong><\/p>\n<p style=\"text-align: justify;\" align=\"center\"><strong><span style=\"font-family: Arial; color: #000000;\">P\u0159\u00eddavn\u00e1 vlo\u017eka pro novorozence<\/span><\/strong><\/p>\n<p style=\"text-align: justify;\" align=\"center\"><strong><span style=\"font-family: Arial; color: #000000;\">Kryt na nohy<\/span><\/strong><\/p>\n<p style=\"text-align: justify;\" align=\"center\"><strong><span style=\"font-family: Arial; color: #000000;\">Nastaviteln\u00e1 rukoje\u0165 pro p\u0159en\u00e1\u0161en\u00ed<\/span><\/strong><\/p>\n<p style=\"text-align: justify;\" align=\"center\"><strong><span style=\"font-family: Arial; color: #000000;\">Odn\u00edmateln\u00fd kryt kapuce<\/span><\/strong><\/p>\n<p style=\"text-align: justify;\" align=\"center\"><strong><span style=\"font-family: Arial; color: #000000;\">V\u00fd\u0161kov\u011b nastaviteln\u00e9 bezpe\u010dnostn\u00ed p\u00e1sy<\/span><\/strong><\/p>\n<p style=\"text-align: justify;\" align=\"center\"><strong><span style=\"font-family: Arial; color: #000000;\">Re\u017eim sm\u011b\u0159uj\u00edc\u00ed dop\u0159edu nebo dozadu<\/span><\/strong><\/p>\n<h3 style=\"font-weight: 400;\"><strong><span style=\"color: #000000;\"><span style=\"font-size: 115%;\"><span style=\"color: #e14d43;\">ROZM\u011aRY<\/span>:<\/span><\/span><\/strong><\/h3>\n<h4 style=\"font-weight: 400;\"><strong><span style=\"font-size: 115%; color: #e14d43;\">P\u0159enosn\u00e1 korba<\/span><\/strong><\/h4>\n<p style=\"font-weight: 400;\"><strong><span style=\"color: #000000;\">d\u00e9lka 84 cm<\/span><\/strong><\/p>\n<p style=\"font-weight: 400;\"><strong><span style=\"color: #000000;\">v\u00fd\u0161ka 58 cm<\/span><\/strong><\/p>\n<p style=\"font-weight: 400;\"><strong><span style=\"color: #000000;\">\u0161\u00ed\u0159ka 36 cm<\/span><\/strong><\/p>\n<h4 style=\"font-weight: 400;\"><strong><span style=\"font-size: 115%; color: #e14d43;\">Autoseda\u010dka<\/span><\/strong><\/h4>\n<ul>\n<li style=\"font-weight: 400;\"><strong><span style=\"color: #000000;\">Hmotnost: 3,3 kg<\/span><\/strong><\/li>\n<li style=\"font-weight: 400;\"><strong><span style=\"color: #000000;\">pro d\u011bti o hmotnosti 0-13 kg<\/span><\/strong><\/li>\n<\/ul>\n<h4 style=\"font-weight: 400;\"><strong><span style=\"font-size: 115%; color: #e14d43;\">R\u00e1m<\/span><\/strong><\/h4>\n<ul>\n<li style=\"font-weight: 400;\"><strong><span style=\"color: #000000;\">hmotnost \u2013 6 kg<\/span><\/strong><\/li>\n<li style=\"font-weight: 400;\"><strong><span style=\"color: #000000;\">otev\u0159en\u00fd 98 x 60 x 125,5 cm<\/span><\/strong><\/li>\n<li style=\"font-weight: 400;\"><strong><span style=\"color: #000000;\">zav\u0159en\u00e9 82,5 x 40,5 cm<\/span><\/strong><\/li>\n<\/ul>\n<p align=\"center\"><a href=\"http:\/\/forbabyboss.com\/wp-content\/uploads\/2022\/09\/checkout.png\"><img loading=\"lazy\" decoding=\"async\" class=\"alignnone size-full wp-image-5965\" src=\"http:\/\/forbabyboss.com\/wp-content\/uploads\/2022\/09\/checkout.png\" alt=\"\" width=\"750\" height=\"276\" srcset=\"https:\/\/forbabyboss.com\/wp-content\/uploads\/2022\/09\/checkout.png 750w, https:\/\/forbabyboss.com\/wp-content\/uploads\/2022\/09\/checkout-600x221.png 600w\" sizes=\"auto, (max-width: 750px) 100vw, 750px\" \/><\/a><\/p>","protected":false},"excerpt":{"rendered":"<p><a href=\"http:\/\/forbabyboss.com\/wp-content\/uploads\/2022\/09\/Star-Rating-5.png\"><img loading=\"lazy\" decoding=\"async\" class=\"alignnone wp-image-5973 aligncenter\" src=\"http:\/\/forbabyboss.com\/wp-content\/uploads\/2022\/09\/Star-Rating-5.png\" alt=\"\" width=\"299\" height=\"49\" \/><\/a><\/p>\n<p style=\"text-align: center;\"><span style=\"color: #e14d43; font-size: 115%;\"><strong>GARANCE SHODU CEN<\/strong><\/span><\/p>\n<p style=\"text-align: center;\"><span style=\"font-size: 115%;\"><span style=\"color: #003366;\">Doprava zdarma\u00a0<\/span>\u2013 2 \u2013 7 dn\u00ed<\/span><\/p>\n<p style=\"text-align: center;\"><span style=\"color: #008000; font-size: 115%;\"><strong>D\u00e1rek zdarma k n\u00e1kupu nad 100 GBP<\/strong><\/span><\/p>","protected":false},"featured_media":4291,"template":"","meta":[],"product_brand":[],"product_cat":[340,157,156,197,305,130,209,211,229],"product_tag":[163,200,171],"class_list":{"0":"post-4285","1":"product","2":"type-product","3":"status-publish","4":"has-post-thumbnail","6":"product_cat-800-to-900","7":"product_cat-2-in-1","8":"product_cat-3-in-1","9":"product_cat-4-in-1-pram","10":"product_cat-colour","11":"product_cat-prams","12":"product_cat-push-chairs","13":"product_cat-stroller","14":"product_cat-white","15":"product_tag-3-in-1-prams","16":"product_tag-4-in-1-pram","17":"product_tag-pram","19":"first","20":"instock","21":"sale","22":"shipping-taxable","23":"purchasable","24":"product-type-simple"},"yoast_head":"<!-- This site is optimized with the Yoast SEO plugin v27.5 - https:\/\/yoast.com\/product\/yoast-seo-wordpress\/ -->\n<title>Eco-Leather Pram Stroller Travel system 4 in1 Car Seat ISO - FX 08 - For Baby Boss<\/title>\n<meta name=\"description\" content=\"Eco-Leather Pram Stroller Travel system 4 in1 Car Seat ISO - FX 08\" \/>\n<meta name=\"robots\" content=\"index, follow, max-snippet:-1, max-image-preview:large, max-video-preview:-1\" \/>\n<link rel=\"canonical\" href=\"https:\/\/forbabyboss.com\/cs\/product\/kocarek-s-kocarkem-z-eko-kuze-cestovni-system-4v1-autosedacka-iso-fx-08\/\" \/>\n<meta property=\"og:locale\" content=\"cs_CZ\" \/>\n<meta property=\"og:type\" content=\"article\" \/>\n<meta property=\"og:title\" content=\"Eco-Leather Pram Stroller Travel system 4 in1 Car Seat ISO - FX 08 - For Baby Boss\" \/>\n<meta property=\"og:description\" content=\"Eco-Leather Pram Stroller Travel system 4 in1 Car Seat ISO - FX 08\" \/>\n<meta property=\"og:url\" content=\"https:\/\/forbabyboss.com\/cs\/product\/kocarek-s-kocarkem-z-eko-kuze-cestovni-system-4v1-autosedacka-iso-fx-08\/\" \/>\n<meta property=\"og:site_name\" content=\"For Baby Boss\" \/>\n<meta property=\"article:modified_time\" content=\"2023-10-03T11:14:48+00:00\" \/>\n<meta property=\"og:image\" content=\"https:\/\/forbabyboss.com\/wp-content\/uploads\/2022\/09\/Paradise-Baby-FX-eco-leather-Pram-Stroller-Travel-system-4-in1-Car-Seat-ISO-FX-08-eco-leather_main.jpg\" \/>\n\t<meta property=\"og:image:width\" content=\"1200\" \/>\n\t<meta property=\"og:image:height\" content=\"1372\" \/>\n\t<meta property=\"og:image:type\" content=\"image\/jpeg\" \/>\n<meta name=\"twitter:card\" content=\"summary_large_image\" \/>\n<meta name=\"twitter:label1\" content=\"Odhadovan\u00e1 doba \u010dten\u00ed\" \/>\n\t<meta name=\"twitter:data1\" content=\"2 minuty\" \/>\n<script type=\"application\/ld+json\" class=\"yoast-schema-graph\">{\"@context\":\"https:\\\/\\\/schema.org\",\"@graph\":[{\"@type\":\"WebPage\",\"@id\":\"https:\\\/\\\/forbabyboss.com\\\/product\\\/eco-leather-pram-stroller-travel-system-4-in1-car-seat-iso-fx-08\\\/\",\"url\":\"https:\\\/\\\/forbabyboss.com\\\/product\\\/eco-leather-pram-stroller-travel-system-4-in1-car-seat-iso-fx-08\\\/\",\"name\":\"Eco-Leather Pram Stroller Travel system 4 in1 Car Seat ISO - FX 08 - For Baby Boss\",\"isPartOf\":{\"@id\":\"https:\\\/\\\/powderblue-seahorse-496884.hostingersite.com\\\/#website\"},\"primaryImageOfPage\":{\"@id\":\"https:\\\/\\\/forbabyboss.com\\\/product\\\/eco-leather-pram-stroller-travel-system-4-in1-car-seat-iso-fx-08\\\/#primaryimage\"},\"image\":{\"@id\":\"https:\\\/\\\/forbabyboss.com\\\/product\\\/eco-leather-pram-stroller-travel-system-4-in1-car-seat-iso-fx-08\\\/#primaryimage\"},\"thumbnailUrl\":\"https:\\\/\\\/forbabyboss.com\\\/wp-content\\\/uploads\\\/2022\\\/09\\\/Paradise-Baby-FX-eco-leather-Pram-Stroller-Travel-system-4-in1-Car-Seat-ISO-FX-08-eco-leather_main.jpg\",\"datePublished\":\"2022-09-21T15:42:58+00:00\",\"dateModified\":\"2023-10-03T11:14:48+00:00\",\"description\":\"Eco-Leather Pram Stroller Travel system 4 in1 Car Seat ISO - FX 08\",\"breadcrumb\":{\"@id\":\"https:\\\/\\\/forbabyboss.com\\\/product\\\/eco-leather-pram-stroller-travel-system-4-in1-car-seat-iso-fx-08\\\/#breadcrumb\"},\"inLanguage\":\"cs\",\"potentialAction\":[{\"@type\":\"ReadAction\",\"target\":[\"https:\\\/\\\/forbabyboss.com\\\/product\\\/eco-leather-pram-stroller-travel-system-4-in1-car-seat-iso-fx-08\\\/\"]}]},{\"@type\":\"ImageObject\",\"inLanguage\":\"cs\",\"@id\":\"https:\\\/\\\/forbabyboss.com\\\/product\\\/eco-leather-pram-stroller-travel-system-4-in1-car-seat-iso-fx-08\\\/#primaryimage\",\"url\":\"https:\\\/\\\/forbabyboss.com\\\/wp-content\\\/uploads\\\/2022\\\/09\\\/Paradise-Baby-FX-eco-leather-Pram-Stroller-Travel-system-4-in1-Car-Seat-ISO-FX-08-eco-leather_main.jpg\",\"contentUrl\":\"https:\\\/\\\/forbabyboss.com\\\/wp-content\\\/uploads\\\/2022\\\/09\\\/Paradise-Baby-FX-eco-leather-Pram-Stroller-Travel-system-4-in1-Car-Seat-ISO-FX-08-eco-leather_main.jpg\",\"width\":1200,\"height\":1372},{\"@type\":\"BreadcrumbList\",\"@id\":\"https:\\\/\\\/forbabyboss.com\\\/product\\\/eco-leather-pram-stroller-travel-system-4-in1-car-seat-iso-fx-08\\\/#breadcrumb\",\"itemListElement\":[{\"@type\":\"ListItem\",\"position\":1,\"name\":\"Home\",\"item\":\"https:\\\/\\\/forbabyboss.com\\\/\"},{\"@type\":\"ListItem\",\"position\":2,\"name\":\"Shop\",\"item\":\"https:\\\/\\\/forbabyboss.com\\\/shop\\\/\"},{\"@type\":\"ListItem\",\"position\":3,\"name\":\"Eco-Leather Pram Stroller Travel system 4 in1 Car Seat ISO &#8211; FX 08\"}]},{\"@type\":\"WebSite\",\"@id\":\"https:\\\/\\\/powderblue-seahorse-496884.hostingersite.com\\\/#website\",\"url\":\"https:\\\/\\\/powderblue-seahorse-496884.hostingersite.com\\\/\",\"name\":\"For Baby Boss\",\"description\":\"Beautiful gifts and accessories for your baby boss\",\"potentialAction\":[{\"@type\":\"SearchAction\",\"target\":{\"@type\":\"EntryPoint\",\"urlTemplate\":\"https:\\\/\\\/powderblue-seahorse-496884.hostingersite.com\\\/?s={search_term_string}\"},\"query-input\":{\"@type\":\"PropertyValueSpecification\",\"valueRequired\":true,\"valueName\":\"search_term_string\"}}],\"inLanguage\":\"cs\"}]}<\/script>\n<!-- \/ Yoast SEO plugin. -->","yoast_head_json":{"title":"Cestovn\u00ed syst\u00e9m 4v1 pro ko\u010d\u00e1rek z ekok\u016f\u017ee, autoseda\u010dka ISO - FX 08 - pro Baby Boss","description":"Cestovn\u00ed syst\u00e9m 4v1 pro ko\u010d\u00e1rek z ekok\u016f\u017ee, autoseda\u010dka ISO - FX 08","robots":{"index":"index","follow":"follow","max-snippet":"max-snippet:-1","max-image-preview":"max-image-preview:large","max-video-preview":"max-video-preview:-1"},"canonical":"https:\/\/forbabyboss.com\/cs\/product\/kocarek-s-kocarkem-z-eko-kuze-cestovni-system-4v1-autosedacka-iso-fx-08\/","og_locale":"cs_CZ","og_type":"article","og_title":"Eco-Leather Pram Stroller Travel system 4 in1 Car Seat ISO - FX 08 - For Baby Boss","og_description":"Eco-Leather Pram Stroller Travel system 4 in1 Car Seat ISO - FX 08","og_url":"https:\/\/forbabyboss.com\/cs\/product\/kocarek-s-kocarkem-z-eko-kuze-cestovni-system-4v1-autosedacka-iso-fx-08\/","og_site_name":"For Baby Boss","article_modified_time":"2023-10-03T11:14:48+00:00","og_image":[{"width":1200,"height":1372,"url":"https:\/\/forbabyboss.com\/wp-content\/uploads\/2022\/09\/Paradise-Baby-FX-eco-leather-Pram-Stroller-Travel-system-4-in1-Car-Seat-ISO-FX-08-eco-leather_main.jpg","type":"image\/jpeg"}],"twitter_card":"summary_large_image","twitter_misc":{"Odhadovan\u00e1 doba \u010dten\u00ed":"2 minuty"},"schema":{"@context":"https:\/\/schema.org","@graph":[{"@type":"WebPage","@id":"https:\/\/forbabyboss.com\/product\/eco-leather-pram-stroller-travel-system-4-in1-car-seat-iso-fx-08\/","url":"https:\/\/forbabyboss.com\/product\/eco-leather-pram-stroller-travel-system-4-in1-car-seat-iso-fx-08\/","name":"Cestovn\u00ed syst\u00e9m 4v1 pro ko\u010d\u00e1rek z ekok\u016f\u017ee, autoseda\u010dka ISO - FX 08 - pro Baby Boss","isPartOf":{"@id":"https:\/\/powderblue-seahorse-496884.hostingersite.com\/#website"},"primaryImageOfPage":{"@id":"https:\/\/forbabyboss.com\/product\/eco-leather-pram-stroller-travel-system-4-in1-car-seat-iso-fx-08\/#primaryimage"},"image":{"@id":"https:\/\/forbabyboss.com\/product\/eco-leather-pram-stroller-travel-system-4-in1-car-seat-iso-fx-08\/#primaryimage"},"thumbnailUrl":"https:\/\/forbabyboss.com\/wp-content\/uploads\/2022\/09\/Paradise-Baby-FX-eco-leather-Pram-Stroller-Travel-system-4-in1-Car-Seat-ISO-FX-08-eco-leather_main.jpg","datePublished":"2022-09-21T15:42:58+00:00","dateModified":"2023-10-03T11:14:48+00:00","description":"Cestovn\u00ed syst\u00e9m 4v1 pro ko\u010d\u00e1rek z ekok\u016f\u017ee, autoseda\u010dka ISO - FX 08","breadcrumb":{"@id":"https:\/\/forbabyboss.com\/product\/eco-leather-pram-stroller-travel-system-4-in1-car-seat-iso-fx-08\/#breadcrumb"},"inLanguage":"cs","potentialAction":[{"@type":"ReadAction","target":["https:\/\/forbabyboss.com\/product\/eco-leather-pram-stroller-travel-system-4-in1-car-seat-iso-fx-08\/"]}]},{"@type":"ImageObject","inLanguage":"cs","@id":"https:\/\/forbabyboss.com\/product\/eco-leather-pram-stroller-travel-system-4-in1-car-seat-iso-fx-08\/#primaryimage","url":"https:\/\/forbabyboss.com\/wp-content\/uploads\/2022\/09\/Paradise-Baby-FX-eco-leather-Pram-Stroller-Travel-system-4-in1-Car-Seat-ISO-FX-08-eco-leather_main.jpg","contentUrl":"https:\/\/forbabyboss.com\/wp-content\/uploads\/2022\/09\/Paradise-Baby-FX-eco-leather-Pram-Stroller-Travel-system-4-in1-Car-Seat-ISO-FX-08-eco-leather_main.jpg","width":1200,"height":1372},{"@type":"BreadcrumbList","@id":"https:\/\/forbabyboss.com\/product\/eco-leather-pram-stroller-travel-system-4-in1-car-seat-iso-fx-08\/#breadcrumb","itemListElement":[{"@type":"ListItem","position":1,"name":"Home","item":"https:\/\/forbabyboss.com\/"},{"@type":"ListItem","position":2,"name":"Shop","item":"https:\/\/forbabyboss.com\/shop\/"},{"@type":"ListItem","position":3,"name":"Eco-Leather Pram Stroller Travel system 4 in1 Car Seat ISO &#8211; FX 08"}]},{"@type":"WebSite","@id":"https:\/\/powderblue-seahorse-496884.hostingersite.com\/#website","url":"https:\/\/powderblue-seahorse-496884.hostingersite.com\/","name":"Pro Baby Boss","description":"Kr\u00e1sn\u00e9 d\u00e1rky a dopl\u0148ky pro va\u0161eho \u0161\u00e9fa","potentialAction":[{"@type":"SearchAction","target":{"@type":"EntryPoint","urlTemplate":"https:\/\/powderblue-seahorse-496884.hostingersite.com\/?s={search_term_string}"},"query-input":{"@type":"PropertyValueSpecification","valueRequired":true,"valueName":"search_term_string"}}],"inLanguage":"cs"}]}},"_links":{"self":[{"href":"https:\/\/forbabyboss.com\/cs\/wp-json\/wp\/v2\/product\/4285","targetHints":{"allow":["GET"]}}],"collection":[{"href":"https:\/\/forbabyboss.com\/cs\/wp-json\/wp\/v2\/product"}],"about":[{"href":"https:\/\/forbabyboss.com\/cs\/wp-json\/wp\/v2\/types\/product"}],"wp:featuredmedia":[{"embeddable":true,"href":"https:\/\/forbabyboss.com\/cs\/wp-json\/wp\/v2\/media\/4291"}],"wp:attachment":[{"href":"https:\/\/forbabyboss.com\/cs\/wp-json\/wp\/v2\/media?parent=4285"}],"wp:term":[{"taxonomy":"product_brand","embeddable":true,"href":"https:\/\/forbabyboss.com\/cs\/wp-json\/wp\/v2\/product_brand?post=4285"},{"taxonomy":"product_cat","embeddable":true,"href":"https:\/\/forbabyboss.com\/cs\/wp-json\/wp\/v2\/product_cat?post=4285"},{"taxonomy":"product_tag","embeddable":true,"href":"https:\/\/forbabyboss.com\/cs\/wp-json\/wp\/v2\/product_tag?post=4285"}],"curies":[{"name":"wp","href":"https:\/\/api.w.org\/{rel}","templated":true}]}}