{"id":4317,"date":"2022-09-21T16:07:54","date_gmt":"2022-09-21T16:07:54","guid":{"rendered":"http:\/\/forbabyboss.com\/?post_type=product&#038;p=4317"},"modified":"2023-10-02T22:16:18","modified_gmt":"2023-10-02T22:16:18","slug":"cestovni-system-4v1-pro-kocarek-ideal-2020-ido1","status":"publish","type":"product","link":"https:\/\/forbabyboss.com\/cs\/product\/ideal-2020-pushchair-travel-system-4in1-ido1\/","title":{"rendered":"Cestovn\u00ed syst\u00e9m pro ko\u010d\u00e1rek IDEAL 2020 4v1 - IDO1"},"content":{"rendered":"<p style=\"text-align: justify;\" align=\"center\"><span style=\"color: #282828;\"><strong><span style=\"font-size: medium;\">IDEAL 2020 je modern\u00ed multifunk\u010dn\u00ed cestovn\u00ed syst\u00e9m s ko\u010d\u00e1rkem ur\u010den\u00fd pro rodi\u010de, kte\u0159\u00ed hledaj\u00ed produkt, kter\u00fd budou pou\u017e\u00edvat po dlouhou dobu. V z\u00e1vislosti na pot\u0159eb\u00e1ch a v\u011bku d\u00edt\u011bte funguje IDEAL 2020 jako ko\u010d\u00e1rek nebo sportovn\u00ed ko\u010d\u00e1rek. Je navr\u017een pro pohodlnou p\u0159epravu va\u0161eho d\u00edt\u011bte nebo batolete od narozen\u00ed do 3 let nebo 0-15 kg.<\/span><\/strong><\/span><\/p>\n<p style=\"text-align: justify;\" align=\"center\"><span style=\"color: #282828;\"><strong><span style=\"font-size: medium;\">Vyrobeno v Evrop\u011b z vysoce kvalitn\u00edch materi\u00e1l\u016f, lehk\u00fd hlin\u00edkov\u00fd r\u00e1m, modern\u00ed design.<\/span><span style=\"font-size: medium;\"><br \/>\n<\/span><\/strong><\/span><\/p>\n<div style=\"text-align: justify;\" align=\"center\">\n<p><span style=\"color: #282828;\"><strong><span style=\"font-size: medium;\">Evropsk\u00e9 schv\u00e1len\u00ed EN 1888:2012<\/span><\/strong><\/span><\/p>\n<p><span style=\"color: #282828;\"><strong><span style=\"font-size: medium;\">Hlin\u00edkov\u00fd, lehk\u00fd r\u00e1m s nastaviteln\u00fdm tlumi\u010dem usnad\u0148uje \u0159\u00edzen\u00ed.<\/span><\/strong><\/span><\/p>\n<p><span style=\"color: #282828;\"><strong><span style=\"font-size: medium;\">\u010c\u00e1st ko\u010d\u00e1rku je vyrobena z nejkvalitn\u011bj\u0161\u00edch impregnovan\u00fdch materi\u00e1l\u016f, vhodn\u00fdch pro d\u011bti. Materi\u00e1ly neblednou, jsou vod\u011bodoln\u00e9 a zaji\u0161\u0165uj\u00ed ide\u00e1ln\u00ed teplotu vzduchu v z\u00e1vislosti na pov\u011btrnostn\u00edch podm\u00ednk\u00e1ch. Odn\u00edmateln\u00fd vnit\u0159ek a potah jsou vypln\u011bny hypoalergenn\u00ed bavlnou.<\/span><\/strong><\/span><\/p>\n<\/div>\n<p style=\"text-align: justify;\" align=\"center\"><span style=\"color: #282828;\"><strong><span style=\"font-size: medium;\"><span style=\"color: #e14d43;\">Vlastnosti produktu<\/span>:<br \/>\n<\/span><\/strong><\/span><\/p>\n<ul>\n<li style=\"text-align: justify;\"><span style=\"color: #282828;\"><strong><span style=\"font-size: medium;\">Cestovn\u00ed syst\u00e9m 2 v 1 nebo 3 v 1<br \/>\n<\/span><\/strong><\/span><\/li>\n<li style=\"text-align: justify;\"><span style=\"color: #282828;\"><strong><span style=\"font-size: medium;\">Pevn\u00fd lehk\u00fd B\u00cdL\u00dd hlin\u00edkov\u00fd r\u00e1m<\/span><\/strong><\/span><\/li>\n<li style=\"text-align: justify;\"><span style=\"color: #282828;\"><strong><span style=\"font-size: medium;\">Snadno skl\u00e1dac\u00ed, po slo\u017een\u00ed mal\u00e1 velikost<\/span><\/strong><\/span><\/li>\n<\/ul>\n<p style=\"text-align: justify;\" align=\"center\"><span style=\"color: #282828;\"><strong><span style=\"font-size: medium;\"><span style=\"color: #e14d43;\">Ko\u010d\u00e1rek<\/span>:<br \/>\n<\/span><\/strong><\/span><\/p>\n<div style=\"text-align: justify;\" align=\"center\">\n<p><span style=\"color: #282828;\"><strong><span style=\"font-size: medium;\">Nastaviteln\u00e1 kapuce \/ Luxusn\u00ed ko\u017eenkov\u00e1 pod\u0161\u00edvka \/ Nastaviteln\u00e1 rukoje\u0165 pro p\u0159en\u00e1\u0161en\u00ed<\/span><\/strong><\/span><\/p>\n<p><span style=\"color: #282828;\"><strong><span style=\"font-size: medium;\">Vnit\u0159n\u00ed materi\u00e1l vyroben\u00fd z vysoce kvalitn\u00ed bavlny a semi\u0161e vhodn\u00e9 pro d\u011bti, prody\u0161n\u00fd<\/span><\/strong><\/span><\/p>\n<p><span style=\"color: #282828;\"><strong><span style=\"font-size: medium;\">Uzamykateln\u00e1, oto\u010dn\u00e1 o 360\u00b0, p\u011bnov\u00e1\/gelov\u00e1 kole\u010dka, p\u0159edn\u00ed s lo\u017eisky,<\/span><\/strong><\/span><\/p>\n<p><span style=\"color: #282828;\"><strong><span style=\"font-size: medium;\">centr\u00e1ln\u00ed brzda \u201cstop &amp; go\u201d;<\/span><\/strong><\/span><\/p>\n<p><span style=\"color: #282828;\"><strong><span style=\"font-size: medium;\">Sn\u00edmateln\u00e1 kapuce pro lep\u0161\u00ed ochranu ve st\u00ednu v sedac\u00ed jednotce;<\/span><\/strong><\/span><\/p>\n<p><span style=\"color: #282828;\"><strong><span style=\"font-size: medium;\">korbi\u010dka vybaven\u00e1 3bodov\u00fdm nastaven\u00edm op\u011bradla<\/span><\/strong><\/span><\/p>\n<p><span style=\"color: #282828;\"><strong><span style=\"font-size: medium;\">odv\u011btr\u00e1van\u00e1 korbi\u010dka a st\u0159\u00ed\u0161ka sedadla;<\/span><\/strong><\/span><\/p>\n<p><span style=\"color: #282828;\"><strong><span style=\"font-size: medium;\">3bodov\u00e1 nastaviteln\u00e1 rukoje\u0165 pota\u017een\u00e1 eko k\u016f\u017e\u00ed;<\/span><\/strong><\/span><\/p>\n<p><span style=\"color: #282828;\"><strong><span style=\"font-size: medium;\">syst\u00e9m sm\u011b\u0159uj\u00edc\u00ed dop\u0159edu i dozadu,<\/span><\/strong><\/span><\/p>\n<p><span style=\"color: #282828;\"><strong><span style=\"font-size: medium;\">Panel pro rodi\u010de s moskyti\u00e9rou po cel\u00e9m obvodu<\/span><\/strong><\/span><\/p>\n<\/div>\n<div style=\"text-align: justify;\" align=\"center\">\n<p><span style=\"color: #282828;\"><strong><span style=\"font-size: medium;\"><span style=\"color: #e14d43;\">Ko\u010d\u00e1rek<\/span>:<\/span><\/strong><\/span><\/p>\n<p><span style=\"color: #282828;\"><strong>Vybaveno nastavitelnou op\u011brkou nohou a op\u011bradlem;<\/strong><\/span><\/p>\n<p><span style=\"color: #282828;\"><strong>Nastaviteln\u00e9 do polohy zcela vle\u017ee,<\/strong><\/span><\/p>\n<p><span style=\"color: #282828;\"><strong>V\u00edce poloh sklopen\u00ed<\/strong><\/span><\/p>\n<p><span style=\"color: #282828;\"><strong>Oto\u010dn\u00e9 sedadlo pro re\u017eim sledov\u00e1n\u00ed rodi\u010d\u016f<\/strong><\/span><\/p>\n<p><span style=\"color: #282828;\"><strong>P\u011btibodov\u00fd p\u00e1s<\/strong><\/span><\/p>\n<p><span style=\"color: #282828;\"><strong>Odn\u00edmateln\u00fd n\u00e1razn\u00edk<\/strong><\/span><\/p>\n<p><span style=\"color: #282828;\"><strong>N\u00e1no\u017en\u00edk je sou\u010d\u00e1st\u00ed balen\u00ed<\/strong><\/span><\/p>\n<\/div>\n<div style=\"text-align: justify;\" align=\"center\"><span style=\"color: #282828;\"><strong><span style=\"font-size: medium;\"><span style=\"color: #e14d43;\">Pohodln\u00e1 autoseda\u010dka<\/span>:<\/span><\/strong><\/span><\/div>\n<div style=\"text-align: justify;\" align=\"center\">\n<p><span style=\"color: #282828;\"><strong><span style=\"font-size: medium;\">Skupina 0-13 kg:<\/span><\/strong><\/span><\/p>\n<p><span style=\"color: #282828;\"><strong>Evropsk\u00e1 homologace ECE R44\/04<\/strong><\/span><\/p>\n<p><span style=\"color: #282828;\"><strong>Mont\u00e1\u017e na z\u00e1kladnu r\u00e1mu pomoc\u00ed adapt\u00e9r\u016f<\/strong><\/span><\/p>\n<p><span style=\"color: #282828;\"><strong>3bodov\u00fd p\u00e1s<\/strong><\/span><\/p>\n<p><span style=\"color: #282828;\"><strong>P\u0159\u00eddavn\u00e1 vlo\u017eka pro novorozence<\/strong><\/span><\/p>\n<p><span style=\"color: #282828;\"><strong>potah na autoseda\u010dku<\/strong><\/span><\/p>\n<p><span style=\"color: #282828;\"><strong>Nastaviteln\u00e1 rukoje\u0165 pro p\u0159en\u00e1\u0161en\u00ed<\/strong><\/span><\/p>\n<p><span style=\"color: #282828;\"><strong>Odn\u00edmateln\u00fd kryt kapuce<\/strong><\/span><\/p>\n<p><span style=\"color: #282828;\"><strong>V\u00fd\u0161kov\u011b nastaviteln\u00e9 bezpe\u010dnostn\u00ed p\u00e1sy<\/strong><\/span><\/p>\n<p><span style=\"color: #282828;\"><strong>Re\u017eim sm\u011b\u0159uj\u00edc\u00ed dop\u0159edu nebo dozadu<\/strong><\/span><\/p>\n<p><span style=\"color: #282828;\"><strong>Vybaveno syst\u00e9mem ISOFIX*<\/strong><\/span><\/p>\n<p><span style=\"color: #282828;\"><strong>*Z\u00c1KLADNA ISOFIX \u2013 voliteln\u011b<\/strong><\/span><\/p>\n<p><span style=\"color: #282828;\"><strong><span style=\"color: #e14d43;\">Z\u00e1kladna ISOFIX<\/span>*<\/strong><\/span><\/p>\n<p><span style=\"color: #282828;\"><strong>Barva: \u010cern\u00e1\/\u0160ed\u00e1<\/strong><\/span><\/p>\n<p><span style=\"color: #282828;\"><strong>Vhodn\u00e9 od narozen\u00ed<\/strong><\/span><\/p>\n<p><span style=\"color: #282828;\"><strong>Upev\u0148uje se p\u0159\u00edmo k podvozku vozidla pomoc\u00ed \u00fachyt\u016f ISOFIX.<\/strong><\/span><\/p>\n<p><span style=\"color: #282828;\"><strong>Lze tak\u00e9 zajistit pomoc\u00ed bezpe\u010dnostn\u00edho p\u00e1su vozidla<\/strong><\/span><\/p>\n<p><span style=\"color: #282828;\"><strong>Kompatibiln\u00ed s autoseda\u010dkami<\/strong><\/span><\/p>\n<p><span style=\"color: #282828;\"><strong>Snadn\u00e1 instalace<\/strong><\/span><\/p>\n<p><span style=\"color: #282828;\"><strong>Bezpe\u010dn\u00e9 a zabezpe\u010den\u00e9<\/strong><\/span><\/p>\n<p><span style=\"color: #282828;\"><strong>Minimalizuje rozruch<\/strong><\/span><\/p>\n<p><span style=\"color: #282828;\"><strong>Sni\u017euje pravd\u011bpodobnost probuzen\u00ed d\u00edt\u011bte p\u0159i p\u0159esunu z auta dom\u016f<\/strong><\/span><\/p>\n<p><span style=\"color: #282828;\"><strong>Podp\u016frn\u00e1 noha poskytuje maxim\u00e1ln\u00ed stabilitu, bezpe\u010dnost a snadno se nastavuje pro co nejlep\u0161\u00ed padnut\u00ed<\/strong><\/span><\/p>\n<p><span style=\"color: #282828;\"><strong>Barevn\u00e9 indik\u00e1tory potvrzuj\u00ed spr\u00e1vnou instalaci z\u00e1kladny do vozidla<\/strong><\/span><\/p>\n<\/div>\n<div style=\"text-align: justify;\" align=\"center\">\n<p style=\"text-align: left;\" align=\"center\"><span style=\"color: #282828;\"><strong><span style=\"font-size: medium;\"><span style=\"font-size: large;\"><span style=\"color: #e14d43;\">Cena v cen\u011b<\/span>:<\/span><br \/>\n<\/span><\/strong><\/span><\/p>\n<div style=\"text-align: left;\" align=\"center\">\n<p><span style=\"color: #282828; font-size: 100%;\"><strong>Pevn\u00fd r\u00e1m + 4 p\u011bnov\u00e1\/gelov\u00e1 kole\u010dka (gumov\u00e9 j\u00e1dro)<\/strong><\/span><\/p>\n<p><span style=\"color: #282828; font-size: 100%;\"><strong>P\u0159enosn\u00e1 korba<\/strong><\/span><\/p>\n<p><span style=\"color: #282828; font-size: 100%;\"><strong>Ko\u010d\u00e1rek<\/strong><\/span><\/p>\n<p><span style=\"color: #282828; font-size: 100%;\"><strong>Potah a matrace<\/strong><\/span><\/p>\n<p><span style=\"color: #282828; font-size: 100%;\"><strong>Kryt na nohy \u2013 Fusak<\/strong><\/span><\/p>\n<p><span style=\"color: #282828; font-size: 100%;\"><strong>Autoseda\u010dka (varianta 3 v 1)<\/strong><\/span><\/p>\n<p><span style=\"color: #282828; font-size: 100%;\"><strong>\u00a0Odn\u00edmateln\u00e1 st\u0159\u00ed\u0161ka a potah na autoseda\u010dku (varianta 3 v 1)<\/strong><\/span><\/p>\n<p><span style=\"color: #282828; font-size: 100%;\"><strong>Odn\u00edmateln\u00fd n\u00e1razn\u00edk<\/strong><\/span><\/p>\n<p><span style=\"color: #282828; font-size: 100%;\"><strong>Pl\u00e1\u0161t\u011bnka<\/strong><\/span><\/p>\n<p><span style=\"color: #282828; font-size: 100%;\"><strong>Moskyti\u00e9ra<\/strong><\/span><\/p>\n<p><span style=\"color: #282828; font-size: 100%;\"><strong>Ta\u0161ka na p\u0159\u00edslu\u0161enstv\u00ed s p\u0159ebalovac\u00ed podlo\u017ekou a ramenn\u00edm popruhem<\/strong><\/span><\/p>\n<p><span style=\"color: #282828; font-size: 100%;\"><strong>N\u00e1kupn\u00ed ko\u0161\u00edk<\/strong><\/span><\/p>\n<p><span style=\"color: #282828; font-size: 100%;\"><strong>Z\u00e1kladna Isofix (voliteln\u00e9)<\/strong><\/span><\/p>\n<p><span style=\"color: #282828; font-size: 100%;\"><strong>Z\u00e1ruka 24 m\u011bs\u00edc\u016f<\/strong><\/span><\/p>\n<\/div>\n<h3 style=\"text-align: left;\" align=\"center\"><span style=\"color: #e14d43;\"><strong>Rozm\u011bry<\/strong><\/span><\/h3>\n<div style=\"text-align: left;\" align=\"center\">\n<p><span style=\"color: #282828;\"><strong><span style=\"font-size: medium;\"><span style=\"color: #e14d43;\">P\u0159enosn\u00e1 korba<\/span><br \/>\n\u2013 hmotnost \u2013 3,5 kg<br \/>\n\u2013 celkov\u00e1 hmotnost ko\u010d\u00e1rku \u2013 12 kg<br \/>\n\u2013 r\u00e1m s korbou: V. 126 cm x \u0160. 59,5 cm x D. 100 cm<br \/>\n\u2013 Vnit\u0159n\u00ed rozm\u011bry: \u0160. 35 cm x D. 85 cm x H. 24 cm<br \/>\n<\/span><\/strong><\/span><\/p>\n<p><span style=\"color: #282828;\"><strong><span style=\"font-size: medium;\"><span style=\"color: #e14d43;\">Ko\u010d\u00e1rek:<\/span><br \/>\n\u2013 r\u00e1m s koly: 13,0 kg<br \/>\n\u2013 Op\u00e9kac\u00ed jednotka: \u0160. 34 cm x D. 50 cm x H. 25 cm<br \/>\n<\/span><\/strong><\/span><\/p>\n<p><span style=\"color: #282828;\"><strong><span style=\"font-size: medium;\"><span style=\"color: #e14d43;\">Autoseda\u010dka<\/span><br \/>\nHmotnost: 2,5 kg<br \/>\n\u2013 autoseda\u010dka s r\u00e1mem a kole\u010dky: 11,0 kg<br \/>\n\u2013 r\u00e1m s autoseda\u010dkou: V. 108 cm x \u0160. 63 cm x D. 84 cm<br \/>\n<\/span><\/strong><\/span><\/p>\n<p><span style=\"color: #282828;\"><strong><span style=\"font-size: medium;\"><span style=\"color: #e14d43;\">R\u00e1m<\/span><br \/>\n\u2013 r\u00e1m s koly: 8,5 kg<br \/>\n\u2013 Pr\u016fm\u011br kol: p\u0159edn\u00ed 25 cm, zadn\u00ed 30 cm<\/span><\/strong><\/span><\/p>\n<\/div>\n<\/div>\n<p>&nbsp;<\/p>\n<p><a href=\"http:\/\/forbabyboss.com\/wp-content\/uploads\/2022\/09\/checkout.png\"><img loading=\"lazy\" decoding=\"async\" class=\"alignnone size-full wp-image-5965\" src=\"http:\/\/forbabyboss.com\/wp-content\/uploads\/2022\/09\/checkout.png\" alt=\"\" width=\"750\" height=\"276\" srcset=\"https:\/\/forbabyboss.com\/wp-content\/uploads\/2022\/09\/checkout.png 750w, https:\/\/forbabyboss.com\/wp-content\/uploads\/2022\/09\/checkout-600x221.png 600w\" sizes=\"auto, (max-width: 750px) 100vw, 750px\" \/><\/a><\/p>","protected":false},"excerpt":{"rendered":"<p><a href=\"http:\/\/forbabyboss.com\/wp-content\/uploads\/2022\/09\/Star-Rating-5.png\"><img loading=\"lazy\" decoding=\"async\" class=\"alignnone wp-image-5973 aligncenter\" src=\"http:\/\/forbabyboss.com\/wp-content\/uploads\/2022\/09\/Star-Rating-5.png\" alt=\"\" width=\"299\" height=\"49\" \/><\/a><\/p>\n<p style=\"text-align: center;\"><span style=\"color: #e14d43; font-size: 115%;\"><strong>GARANCE SHODU CEN<\/strong><\/span><\/p>\n<p style=\"text-align: center;\"><span style=\"font-size: 115%;\"><span style=\"color: #003366;\">Doprava zdarma\u00a0<\/span>\u2013 2 \u2013 7 dn\u00ed<\/span><\/p>\n<p style=\"text-align: center;\"><span style=\"color: #008000; font-size: 115%;\"><strong>D\u00e1rek zdarma k n\u00e1kupu nad 100 GBP<\/strong><\/span><\/p>","protected":false},"featured_media":4323,"template":"","meta":[],"product_brand":[],"product_cat":[340,157,156,197,207,305,303,130,209,211],"product_tag":[200,171],"class_list":{"0":"post-4317","1":"product","2":"type-product","3":"status-publish","4":"has-post-thumbnail","6":"product_cat-800-to-900","7":"product_cat-2-in-1","8":"product_cat-3-in-1","9":"product_cat-4-in-1-pram","10":"product_cat-black","11":"product_cat-colour","12":"product_cat-pattern","13":"product_cat-prams","14":"product_cat-push-chairs","15":"product_cat-stroller","16":"product_tag-4-in-1-pram","17":"product_tag-pram","19":"first","20":"instock","21":"sale","22":"shipping-taxable","23":"purchasable","24":"product-type-simple"},"yoast_head":"<!-- This site is optimized with the Yoast SEO plugin v27.5 - https:\/\/yoast.com\/product\/yoast-seo-wordpress\/ -->\n<title>IDEAL 2020 Pushchair Travel System 4in1- IDO1 - For Baby Boss<\/title>\n<meta name=\"description\" content=\"IDEAL 2020 Pushchair Travel System 4in1- IDO1\" \/>\n<meta name=\"robots\" content=\"index, follow, max-snippet:-1, max-image-preview:large, max-video-preview:-1\" \/>\n<link rel=\"canonical\" href=\"https:\/\/forbabyboss.com\/cs\/product\/cestovni-system-4v1-pro-kocarek-ideal-2020-ido1\/\" \/>\n<meta property=\"og:locale\" content=\"cs_CZ\" \/>\n<meta property=\"og:type\" content=\"article\" \/>\n<meta property=\"og:title\" content=\"IDEAL 2020 Pushchair Travel System 4in1- IDO1 - For Baby Boss\" \/>\n<meta property=\"og:description\" content=\"IDEAL 2020 Pushchair Travel System 4in1- IDO1\" \/>\n<meta property=\"og:url\" content=\"https:\/\/forbabyboss.com\/cs\/product\/cestovni-system-4v1-pro-kocarek-ideal-2020-ido1\/\" \/>\n<meta property=\"og:site_name\" content=\"For Baby Boss\" \/>\n<meta property=\"article:modified_time\" content=\"2023-10-02T22:16:18+00:00\" \/>\n<meta property=\"og:image\" content=\"https:\/\/forbabyboss.com\/wp-content\/uploads\/2022\/09\/Baby-Pram-Bexa-IDEAL-2020-Pushchair-Buggy-Stroller-Car-Seat-Travel-System-4in1-IDO1_MAIN.jpg\" \/>\n\t<meta property=\"og:image:width\" content=\"1020\" \/>\n\t<meta property=\"og:image:height\" content=\"1020\" \/>\n\t<meta property=\"og:image:type\" content=\"image\/jpeg\" \/>\n<meta name=\"twitter:card\" content=\"summary_large_image\" \/>\n<meta name=\"twitter:label1\" content=\"Odhadovan\u00e1 doba \u010dten\u00ed\" \/>\n\t<meta name=\"twitter:data1\" content=\"3 minuty\" \/>\n<script type=\"application\/ld+json\" class=\"yoast-schema-graph\">{\"@context\":\"https:\\\/\\\/schema.org\",\"@graph\":[{\"@type\":\"WebPage\",\"@id\":\"https:\\\/\\\/forbabyboss.com\\\/product\\\/ideal-2020-pushchair-travel-system-4in1-ido1\\\/\",\"url\":\"https:\\\/\\\/forbabyboss.com\\\/product\\\/ideal-2020-pushchair-travel-system-4in1-ido1\\\/\",\"name\":\"IDEAL 2020 Pushchair Travel System 4in1- IDO1 - For Baby Boss\",\"isPartOf\":{\"@id\":\"https:\\\/\\\/powderblue-seahorse-496884.hostingersite.com\\\/#website\"},\"primaryImageOfPage\":{\"@id\":\"https:\\\/\\\/forbabyboss.com\\\/product\\\/ideal-2020-pushchair-travel-system-4in1-ido1\\\/#primaryimage\"},\"image\":{\"@id\":\"https:\\\/\\\/forbabyboss.com\\\/product\\\/ideal-2020-pushchair-travel-system-4in1-ido1\\\/#primaryimage\"},\"thumbnailUrl\":\"https:\\\/\\\/forbabyboss.com\\\/wp-content\\\/uploads\\\/2022\\\/09\\\/Baby-Pram-Bexa-IDEAL-2020-Pushchair-Buggy-Stroller-Car-Seat-Travel-System-4in1-IDO1_MAIN.jpg\",\"datePublished\":\"2022-09-21T16:07:54+00:00\",\"dateModified\":\"2023-10-02T22:16:18+00:00\",\"description\":\"IDEAL 2020 Pushchair Travel System 4in1- IDO1\",\"breadcrumb\":{\"@id\":\"https:\\\/\\\/forbabyboss.com\\\/product\\\/ideal-2020-pushchair-travel-system-4in1-ido1\\\/#breadcrumb\"},\"inLanguage\":\"cs\",\"potentialAction\":[{\"@type\":\"ReadAction\",\"target\":[\"https:\\\/\\\/forbabyboss.com\\\/product\\\/ideal-2020-pushchair-travel-system-4in1-ido1\\\/\"]}]},{\"@type\":\"ImageObject\",\"inLanguage\":\"cs\",\"@id\":\"https:\\\/\\\/forbabyboss.com\\\/product\\\/ideal-2020-pushchair-travel-system-4in1-ido1\\\/#primaryimage\",\"url\":\"https:\\\/\\\/forbabyboss.com\\\/wp-content\\\/uploads\\\/2022\\\/09\\\/Baby-Pram-Bexa-IDEAL-2020-Pushchair-Buggy-Stroller-Car-Seat-Travel-System-4in1-IDO1_MAIN.jpg\",\"contentUrl\":\"https:\\\/\\\/forbabyboss.com\\\/wp-content\\\/uploads\\\/2022\\\/09\\\/Baby-Pram-Bexa-IDEAL-2020-Pushchair-Buggy-Stroller-Car-Seat-Travel-System-4in1-IDO1_MAIN.jpg\",\"width\":1020,\"height\":1020},{\"@type\":\"BreadcrumbList\",\"@id\":\"https:\\\/\\\/forbabyboss.com\\\/product\\\/ideal-2020-pushchair-travel-system-4in1-ido1\\\/#breadcrumb\",\"itemListElement\":[{\"@type\":\"ListItem\",\"position\":1,\"name\":\"Home\",\"item\":\"https:\\\/\\\/forbabyboss.com\\\/\"},{\"@type\":\"ListItem\",\"position\":2,\"name\":\"Shop\",\"item\":\"https:\\\/\\\/forbabyboss.com\\\/shop\\\/\"},{\"@type\":\"ListItem\",\"position\":3,\"name\":\"IDEAL 2020 Pushchair Travel System 4in1- IDO1\"}]},{\"@type\":\"WebSite\",\"@id\":\"https:\\\/\\\/powderblue-seahorse-496884.hostingersite.com\\\/#website\",\"url\":\"https:\\\/\\\/powderblue-seahorse-496884.hostingersite.com\\\/\",\"name\":\"For Baby Boss\",\"description\":\"Beautiful gifts and accessories for your baby boss\",\"potentialAction\":[{\"@type\":\"SearchAction\",\"target\":{\"@type\":\"EntryPoint\",\"urlTemplate\":\"https:\\\/\\\/powderblue-seahorse-496884.hostingersite.com\\\/?s={search_term_string}\"},\"query-input\":{\"@type\":\"PropertyValueSpecification\",\"valueRequired\":true,\"valueName\":\"search_term_string\"}}],\"inLanguage\":\"cs\"}]}<\/script>\n<!-- \/ Yoast SEO plugin. -->","yoast_head_json":{"title":"Cestovn\u00ed syst\u00e9m ko\u010d\u00e1rku IDEAL 2020 4v1 - IDO1 - Pro Baby Boss","description":"Cestovn\u00ed syst\u00e9m pro ko\u010d\u00e1rek IDEAL 2020 4v1 - IDO1","robots":{"index":"index","follow":"follow","max-snippet":"max-snippet:-1","max-image-preview":"max-image-preview:large","max-video-preview":"max-video-preview:-1"},"canonical":"https:\/\/forbabyboss.com\/cs\/product\/cestovni-system-4v1-pro-kocarek-ideal-2020-ido1\/","og_locale":"cs_CZ","og_type":"article","og_title":"IDEAL 2020 Pushchair Travel System 4in1- IDO1 - For Baby Boss","og_description":"IDEAL 2020 Pushchair Travel System 4in1- IDO1","og_url":"https:\/\/forbabyboss.com\/cs\/product\/cestovni-system-4v1-pro-kocarek-ideal-2020-ido1\/","og_site_name":"For Baby Boss","article_modified_time":"2023-10-02T22:16:18+00:00","og_image":[{"width":1020,"height":1020,"url":"https:\/\/forbabyboss.com\/wp-content\/uploads\/2022\/09\/Baby-Pram-Bexa-IDEAL-2020-Pushchair-Buggy-Stroller-Car-Seat-Travel-System-4in1-IDO1_MAIN.jpg","type":"image\/jpeg"}],"twitter_card":"summary_large_image","twitter_misc":{"Odhadovan\u00e1 doba \u010dten\u00ed":"3 minuty"},"schema":{"@context":"https:\/\/schema.org","@graph":[{"@type":"WebPage","@id":"https:\/\/forbabyboss.com\/product\/ideal-2020-pushchair-travel-system-4in1-ido1\/","url":"https:\/\/forbabyboss.com\/product\/ideal-2020-pushchair-travel-system-4in1-ido1\/","name":"Cestovn\u00ed syst\u00e9m ko\u010d\u00e1rku IDEAL 2020 4v1 - IDO1 - Pro Baby Boss","isPartOf":{"@id":"https:\/\/powderblue-seahorse-496884.hostingersite.com\/#website"},"primaryImageOfPage":{"@id":"https:\/\/forbabyboss.com\/product\/ideal-2020-pushchair-travel-system-4in1-ido1\/#primaryimage"},"image":{"@id":"https:\/\/forbabyboss.com\/product\/ideal-2020-pushchair-travel-system-4in1-ido1\/#primaryimage"},"thumbnailUrl":"https:\/\/forbabyboss.com\/wp-content\/uploads\/2022\/09\/Baby-Pram-Bexa-IDEAL-2020-Pushchair-Buggy-Stroller-Car-Seat-Travel-System-4in1-IDO1_MAIN.jpg","datePublished":"2022-09-21T16:07:54+00:00","dateModified":"2023-10-02T22:16:18+00:00","description":"Cestovn\u00ed syst\u00e9m pro ko\u010d\u00e1rek IDEAL 2020 4v1 - IDO1","breadcrumb":{"@id":"https:\/\/forbabyboss.com\/product\/ideal-2020-pushchair-travel-system-4in1-ido1\/#breadcrumb"},"inLanguage":"cs","potentialAction":[{"@type":"ReadAction","target":["https:\/\/forbabyboss.com\/product\/ideal-2020-pushchair-travel-system-4in1-ido1\/"]}]},{"@type":"ImageObject","inLanguage":"cs","@id":"https:\/\/forbabyboss.com\/product\/ideal-2020-pushchair-travel-system-4in1-ido1\/#primaryimage","url":"https:\/\/forbabyboss.com\/wp-content\/uploads\/2022\/09\/Baby-Pram-Bexa-IDEAL-2020-Pushchair-Buggy-Stroller-Car-Seat-Travel-System-4in1-IDO1_MAIN.jpg","contentUrl":"https:\/\/forbabyboss.com\/wp-content\/uploads\/2022\/09\/Baby-Pram-Bexa-IDEAL-2020-Pushchair-Buggy-Stroller-Car-Seat-Travel-System-4in1-IDO1_MAIN.jpg","width":1020,"height":1020},{"@type":"BreadcrumbList","@id":"https:\/\/forbabyboss.com\/product\/ideal-2020-pushchair-travel-system-4in1-ido1\/#breadcrumb","itemListElement":[{"@type":"ListItem","position":1,"name":"Home","item":"https:\/\/forbabyboss.com\/"},{"@type":"ListItem","position":2,"name":"Shop","item":"https:\/\/forbabyboss.com\/shop\/"},{"@type":"ListItem","position":3,"name":"IDEAL 2020 Pushchair Travel System 4in1- IDO1"}]},{"@type":"WebSite","@id":"https:\/\/powderblue-seahorse-496884.hostingersite.com\/#website","url":"https:\/\/powderblue-seahorse-496884.hostingersite.com\/","name":"Pro Baby Boss","description":"Kr\u00e1sn\u00e9 d\u00e1rky a dopl\u0148ky pro va\u0161eho \u0161\u00e9fa","potentialAction":[{"@type":"SearchAction","target":{"@type":"EntryPoint","urlTemplate":"https:\/\/powderblue-seahorse-496884.hostingersite.com\/?s={search_term_string}"},"query-input":{"@type":"PropertyValueSpecification","valueRequired":true,"valueName":"search_term_string"}}],"inLanguage":"cs"}]}},"_links":{"self":[{"href":"https:\/\/forbabyboss.com\/cs\/wp-json\/wp\/v2\/product\/4317","targetHints":{"allow":["GET"]}}],"collection":[{"href":"https:\/\/forbabyboss.com\/cs\/wp-json\/wp\/v2\/product"}],"about":[{"href":"https:\/\/forbabyboss.com\/cs\/wp-json\/wp\/v2\/types\/product"}],"wp:featuredmedia":[{"embeddable":true,"href":"https:\/\/forbabyboss.com\/cs\/wp-json\/wp\/v2\/media\/4323"}],"wp:attachment":[{"href":"https:\/\/forbabyboss.com\/cs\/wp-json\/wp\/v2\/media?parent=4317"}],"wp:term":[{"taxonomy":"product_brand","embeddable":true,"href":"https:\/\/forbabyboss.com\/cs\/wp-json\/wp\/v2\/product_brand?post=4317"},{"taxonomy":"product_cat","embeddable":true,"href":"https:\/\/forbabyboss.com\/cs\/wp-json\/wp\/v2\/product_cat?post=4317"},{"taxonomy":"product_tag","embeddable":true,"href":"https:\/\/forbabyboss.com\/cs\/wp-json\/wp\/v2\/product_tag?post=4317"}],"curies":[{"name":"wp","href":"https:\/\/api.w.org\/{rel}","templated":true}]}}