{"id":4440,"date":"2022-09-08T13:17:08","date_gmt":"2022-09-08T13:17:08","guid":{"rendered":"http:\/\/forbabyboss.com\/?post_type=product&#038;p=4440"},"modified":"2026-02-21T16:05:12","modified_gmt":"2026-02-21T16:05:12","slug":"baby-pram-flavio-travel-system-4in1-09","status":"publish","type":"product","link":"https:\/\/forbabyboss.com\/cs\/product\/baby-pram-flavio-travel-system-4in1-09\/","title":{"rendered":"Baby Pram Flavio Travel System 4in1- 09"},"content":{"rendered":"<h3><strong><span style=\"color: #e14d43;\">Exclusive Companion For Comfortable Experience<\/span><\/strong><\/h3>\n<p style=\"text-align: justify;\" align=\"center\"><strong><span style=\"color: #e14d43;\"><span style=\"font-family: Arial;\">One of the Lightest\u00a0 Foldable Carrycots\u00a0<\/span><\/span><\/strong><\/p>\n<p style=\"text-align: justify;\" align=\"center\"><strong><span style=\"font-family: Arial;\">The Flavio stroller carrycot weighs only 2.9 kg, making it one of the lightest in its category. The EPP material used in this model is not only lightweight, strong, waterproof, and 100% recyclable \u2013 this material also perfectly isolates heat. Thanks to the foldable carrycot, it\u2019s never a problem to transport it.<\/span><\/strong><\/p>\n<p style=\"text-align: justify;\" align=\"center\"><span style=\"color: #e14d43;\"><strong><span style=\"font-family: Arial;\">But that\u2019s not all!<\/span><\/strong><\/span><\/p>\n<p style=\"text-align: justify;\" align=\"center\"><strong><span style=\"font-family: Arial;\">The ability to mount the Flavio carrycot on two levels means that you can adapt the stroller to your height, always having quick and convenient access to your child. Detaching the carrycot is extremely easy \u2013 you can do it in two ways: either by releasing the locks in the frame or by pressing the release buttons in the carrycot. In addition, you are able to adjust the hood in two ways: by pressing the carrying handle of the carrycot or by holding two buttons inside. Choose which is more convenient for you!<\/span><\/strong><\/p>\n<p style=\"text-align: justify;\" align=\"center\"><strong><span style=\"font-family: Arial;\">Standard upholstery is not enough for you? Choose Flavio Pro \u2013 where carrycot and seat unit is fully covered with eco-leather.<\/span><\/strong><\/p>\n<p style=\"text-align: justify;\" align=\"center\"><strong><span style=\"font-family: Arial;\"><span style=\"color: #e14d43;\">PRICE INCLUDED<\/span>:<\/span><\/strong><\/p>\n<p style=\"text-align: justify;\" align=\"center\"><strong><span style=\"font-family: Arial;\">\u2013 Aluminium frame<\/span><\/strong><\/p>\n<p style=\"text-align: justify;\" align=\"center\"><strong><span style=\"font-family: Arial;\">\u2013 4 wheels<\/span><\/strong><\/p>\n<p style=\"text-align: justify;\" align=\"center\"><strong><span style=\"font-family: Arial;\">\u2013 Carrycot<\/span><\/strong><\/p>\n<p style=\"text-align: justify;\" align=\"center\"><strong><span style=\"font-family: Arial;\">\u2013 Pram cover and mattress<\/span><\/strong><\/p>\n<p style=\"text-align: justify;\" align=\"center\"><strong><span style=\"font-family: Arial;\">\u2013 Rain cover<\/span><\/strong><\/p>\n<p style=\"text-align: justify;\" align=\"center\"><strong><span style=\"font-family: Arial;\">\u2013 Mosquito net<\/span><\/strong><\/p>\n<p style=\"text-align: justify;\" align=\"center\"><strong><span style=\"font-family: Arial;\">\u2013 Modern bag<\/span><\/strong><\/p>\n<p style=\"text-align: justify;\" align=\"center\"><strong><span style=\"font-family: Arial;\">\u2013 Shopping basket<\/span><\/strong><\/p>\n<p style=\"text-align: justify;\" align=\"center\"><strong><span style=\"font-family: Arial;\">\u2013 Cup holder<\/span><\/strong><\/p>\n<p style=\"text-align: justify;\" align=\"center\"><strong><span style=\"font-family: Arial;\">\u2013 24 months warranty<\/span><\/strong><\/p>\n<p style=\"text-align: justify;\" align=\"center\"><strong><span style=\"font-family: Arial;\">\u2013 Pushchair<\/span><\/strong><\/p>\n<p style=\"text-align: justify;\" align=\"center\"><strong><span style=\"font-family: Arial;\">\u2013 *Car Seat (optional)<\/span><\/strong><\/p>\n<p style=\"text-align: justify;\" align=\"center\"><strong><span style=\"font-family: Arial;\">&#8211; *Isofix base (optional_<\/span><\/strong><\/p>\n<div><strong>Folded fits into the space: 75x59x36cm<\/strong><\/div>\n<div><\/div>\n<div><strong>*Dimensions: length, width, height, weight.<\/strong><\/div>\n<div><\/div>\n<div><a href=\"http:\/\/forbabyboss.com\/wp-content\/uploads\/2022\/09\/checkout.png\"><img loading=\"lazy\" decoding=\"async\" class=\"alignnone size-full wp-image-5965\" src=\"http:\/\/forbabyboss.com\/wp-content\/uploads\/2022\/09\/checkout.png\" alt=\"\" width=\"750\" height=\"276\" srcset=\"https:\/\/forbabyboss.com\/wp-content\/uploads\/2022\/09\/checkout.png 750w, https:\/\/forbabyboss.com\/wp-content\/uploads\/2022\/09\/checkout-600x221.png 600w\" sizes=\"auto, (max-width: 750px) 100vw, 750px\" \/><\/a><\/div>\n<div align=\"center\"><strong>\u00a0<\/strong><\/div>\n<div align=\"center\"><\/div>","protected":false},"excerpt":{"rendered":"<p><a href=\"http:\/\/forbabyboss.com\/wp-content\/uploads\/2022\/09\/Star-Rating-5.png\"><img loading=\"lazy\" decoding=\"async\" class=\"alignnone size-full wp-image-5973 aligncenter\" src=\"http:\/\/forbabyboss.com\/wp-content\/uploads\/2022\/09\/Star-Rating-5.png\" alt=\"\" width=\"275\" height=\"45\" \/><\/a><\/p>\n<p style=\"text-align: center;\"><span style=\"color: #ed1c24; font-size: 120%;\"><b>PRICE MATCH GUARANTEE<\/b><\/span><\/p>\n<p style=\"text-align: center;\"><span style=\"font-size: 115%;\"><span style=\"font-weight: 400; color: #4f4fa7;\">Free Delivery<\/span><span style=\"font-weight: 400;\"> \u2013 2 \u2013 7 days<\/span><\/span><\/p>\n<p style=\"text-align: center;\"><strong><span style=\"color: #29606b;\">Free gift with purchases over \u00a3100<\/span><\/strong><\/p>","protected":false},"featured_media":4452,"template":"","meta":[],"product_brand":[583],"product_cat":[339,157,156,197,305,130,209,221,211],"product_tag":[],"class_list":{"0":"post-4440","1":"product","2":"type-product","3":"status-publish","4":"has-post-thumbnail","6":"product_brand-bebetto","7":"product_cat-700-to-800","8":"product_cat-2-in-1","9":"product_cat-3-in-1","10":"product_cat-4-in-1-pram","11":"product_cat-colour","12":"product_cat-prams","13":"product_cat-push-chairs","14":"product_cat-silver-colour","15":"product_cat-stroller","17":"first","18":"instock","19":"sale","20":"shipping-taxable","21":"purchasable","22":"product-type-simple"},"yoast_head":"<!-- This site is optimized with the Yoast SEO plugin v27.0 - https:\/\/yoast.com\/product\/yoast-seo-wordpress\/ -->\n<title>Baby Pram Flavio Travel System 4in1- 09 - For Baby Boss<\/title>\n<meta name=\"description\" content=\"Baby Pram Flavio Travel System 4in1- 09\" \/>\n<meta name=\"robots\" content=\"index, follow, max-snippet:-1, max-image-preview:large, max-video-preview:-1\" \/>\n<link rel=\"canonical\" href=\"https:\/\/forbabyboss.com\/cs\/product\/baby-pram-flavio-travel-system-4in1-09\/\" \/>\n<meta property=\"og:locale\" content=\"cs_CZ\" \/>\n<meta property=\"og:type\" content=\"article\" \/>\n<meta property=\"og:title\" content=\"Baby Pram Flavio Travel System 4in1- 09 - For Baby Boss\" \/>\n<meta property=\"og:description\" content=\"Baby Pram Flavio Travel System 4in1- 09\" \/>\n<meta property=\"og:url\" content=\"https:\/\/forbabyboss.com\/cs\/product\/baby-pram-flavio-travel-system-4in1-09\/\" \/>\n<meta property=\"og:site_name\" content=\"For Baby Boss\" \/>\n<meta property=\"article:modified_time\" content=\"2026-02-21T16:05:12+00:00\" \/>\n<meta property=\"og:image\" content=\"https:\/\/forbabyboss.com\/wp-content\/uploads\/2022\/09\/Baby-Pram-Pushchair-Bebetto-Flavio-Travel-System-2in1-3in1-4in1-Car-Seat-09_main.png\" \/>\n\t<meta property=\"og:image:width\" content=\"1000\" \/>\n\t<meta property=\"og:image:height\" content=\"1000\" \/>\n\t<meta property=\"og:image:type\" content=\"image\/png\" \/>\n<meta name=\"twitter:card\" content=\"summary_large_image\" \/>\n<meta name=\"twitter:label1\" content=\"Odhadovan\u00e1 doba \u010dten\u00ed\" \/>\n\t<meta name=\"twitter:data1\" content=\"2 minuty\" \/>\n<script type=\"application\/ld+json\" class=\"yoast-schema-graph\">{\"@context\":\"https:\/\/schema.org\",\"@graph\":[{\"@type\":\"WebPage\",\"@id\":\"https:\/\/forbabyboss.com\/product\/baby-pram-flavio-travel-system-4in1-09\/\",\"url\":\"https:\/\/forbabyboss.com\/product\/baby-pram-flavio-travel-system-4in1-09\/\",\"name\":\"Baby Pram Flavio Travel System 4in1- 09 - For Baby Boss\",\"isPartOf\":{\"@id\":\"https:\/\/powderblue-seahorse-496884.hostingersite.com\/#website\"},\"primaryImageOfPage\":{\"@id\":\"https:\/\/forbabyboss.com\/product\/baby-pram-flavio-travel-system-4in1-09\/#primaryimage\"},\"image\":{\"@id\":\"https:\/\/forbabyboss.com\/product\/baby-pram-flavio-travel-system-4in1-09\/#primaryimage\"},\"thumbnailUrl\":\"https:\/\/forbabyboss.com\/wp-content\/uploads\/2022\/09\/Baby-Pram-Pushchair-Bebetto-Flavio-Travel-System-2in1-3in1-4in1-Car-Seat-09_main.png\",\"datePublished\":\"2022-09-08T13:17:08+00:00\",\"dateModified\":\"2026-02-21T16:05:12+00:00\",\"description\":\"Baby Pram Flavio Travel System 4in1- 09\",\"breadcrumb\":{\"@id\":\"https:\/\/forbabyboss.com\/product\/baby-pram-flavio-travel-system-4in1-09\/#breadcrumb\"},\"inLanguage\":\"cs\",\"potentialAction\":[{\"@type\":\"ReadAction\",\"target\":[\"https:\/\/forbabyboss.com\/product\/baby-pram-flavio-travel-system-4in1-09\/\"]}]},{\"@type\":\"ImageObject\",\"inLanguage\":\"cs\",\"@id\":\"https:\/\/forbabyboss.com\/product\/baby-pram-flavio-travel-system-4in1-09\/#primaryimage\",\"url\":\"https:\/\/forbabyboss.com\/wp-content\/uploads\/2022\/09\/Baby-Pram-Pushchair-Bebetto-Flavio-Travel-System-2in1-3in1-4in1-Car-Seat-09_main.png\",\"contentUrl\":\"https:\/\/forbabyboss.com\/wp-content\/uploads\/2022\/09\/Baby-Pram-Pushchair-Bebetto-Flavio-Travel-System-2in1-3in1-4in1-Car-Seat-09_main.png\",\"width\":1000,\"height\":1000},{\"@type\":\"BreadcrumbList\",\"@id\":\"https:\/\/forbabyboss.com\/product\/baby-pram-flavio-travel-system-4in1-09\/#breadcrumb\",\"itemListElement\":[{\"@type\":\"ListItem\",\"position\":1,\"name\":\"Home\",\"item\":\"https:\/\/forbabyboss.com\/\"},{\"@type\":\"ListItem\",\"position\":2,\"name\":\"Shop\",\"item\":\"https:\/\/forbabyboss.com\/shop\/\"},{\"@type\":\"ListItem\",\"position\":3,\"name\":\"Baby Pram Flavio Travel System 4in1- 09\"}]},{\"@type\":\"WebSite\",\"@id\":\"https:\/\/powderblue-seahorse-496884.hostingersite.com\/#website\",\"url\":\"https:\/\/powderblue-seahorse-496884.hostingersite.com\/\",\"name\":\"For Baby Boss\",\"description\":\"Beautiful gifts and accessories for your baby boss\",\"potentialAction\":[{\"@type\":\"SearchAction\",\"target\":{\"@type\":\"EntryPoint\",\"urlTemplate\":\"https:\/\/powderblue-seahorse-496884.hostingersite.com\/?s={search_term_string}\"},\"query-input\":{\"@type\":\"PropertyValueSpecification\",\"valueRequired\":true,\"valueName\":\"search_term_string\"}}],\"inLanguage\":\"cs\"}]}<\/script>\n<!-- \/ Yoast SEO plugin. -->","yoast_head_json":{"title":"Baby Pram Flavio Travel System 4in1- 09 - For Baby Boss","description":"Baby Pram Flavio Travel System 4in1- 09","robots":{"index":"index","follow":"follow","max-snippet":"max-snippet:-1","max-image-preview":"max-image-preview:large","max-video-preview":"max-video-preview:-1"},"canonical":"https:\/\/forbabyboss.com\/cs\/product\/baby-pram-flavio-travel-system-4in1-09\/","og_locale":"cs_CZ","og_type":"article","og_title":"Baby Pram Flavio Travel System 4in1- 09 - For Baby Boss","og_description":"Baby Pram Flavio Travel System 4in1- 09","og_url":"https:\/\/forbabyboss.com\/cs\/product\/baby-pram-flavio-travel-system-4in1-09\/","og_site_name":"For Baby Boss","article_modified_time":"2026-02-21T16:05:12+00:00","og_image":[{"width":1000,"height":1000,"url":"https:\/\/forbabyboss.com\/wp-content\/uploads\/2022\/09\/Baby-Pram-Pushchair-Bebetto-Flavio-Travel-System-2in1-3in1-4in1-Car-Seat-09_main.png","type":"image\/png"}],"twitter_card":"summary_large_image","twitter_misc":{"Odhadovan\u00e1 doba \u010dten\u00ed":"2 minuty"},"schema":{"@context":"https:\/\/schema.org","@graph":[{"@type":"WebPage","@id":"https:\/\/forbabyboss.com\/product\/baby-pram-flavio-travel-system-4in1-09\/","url":"https:\/\/forbabyboss.com\/product\/baby-pram-flavio-travel-system-4in1-09\/","name":"Baby Pram Flavio Travel System 4in1- 09 - For Baby Boss","isPartOf":{"@id":"https:\/\/powderblue-seahorse-496884.hostingersite.com\/#website"},"primaryImageOfPage":{"@id":"https:\/\/forbabyboss.com\/product\/baby-pram-flavio-travel-system-4in1-09\/#primaryimage"},"image":{"@id":"https:\/\/forbabyboss.com\/product\/baby-pram-flavio-travel-system-4in1-09\/#primaryimage"},"thumbnailUrl":"https:\/\/forbabyboss.com\/wp-content\/uploads\/2022\/09\/Baby-Pram-Pushchair-Bebetto-Flavio-Travel-System-2in1-3in1-4in1-Car-Seat-09_main.png","datePublished":"2022-09-08T13:17:08+00:00","dateModified":"2026-02-21T16:05:12+00:00","description":"Baby Pram Flavio Travel System 4in1- 09","breadcrumb":{"@id":"https:\/\/forbabyboss.com\/product\/baby-pram-flavio-travel-system-4in1-09\/#breadcrumb"},"inLanguage":"cs","potentialAction":[{"@type":"ReadAction","target":["https:\/\/forbabyboss.com\/product\/baby-pram-flavio-travel-system-4in1-09\/"]}]},{"@type":"ImageObject","inLanguage":"cs","@id":"https:\/\/forbabyboss.com\/product\/baby-pram-flavio-travel-system-4in1-09\/#primaryimage","url":"https:\/\/forbabyboss.com\/wp-content\/uploads\/2022\/09\/Baby-Pram-Pushchair-Bebetto-Flavio-Travel-System-2in1-3in1-4in1-Car-Seat-09_main.png","contentUrl":"https:\/\/forbabyboss.com\/wp-content\/uploads\/2022\/09\/Baby-Pram-Pushchair-Bebetto-Flavio-Travel-System-2in1-3in1-4in1-Car-Seat-09_main.png","width":1000,"height":1000},{"@type":"BreadcrumbList","@id":"https:\/\/forbabyboss.com\/product\/baby-pram-flavio-travel-system-4in1-09\/#breadcrumb","itemListElement":[{"@type":"ListItem","position":1,"name":"Home","item":"https:\/\/forbabyboss.com\/"},{"@type":"ListItem","position":2,"name":"Shop","item":"https:\/\/forbabyboss.com\/shop\/"},{"@type":"ListItem","position":3,"name":"Baby Pram Flavio Travel System 4in1- 09"}]},{"@type":"WebSite","@id":"https:\/\/powderblue-seahorse-496884.hostingersite.com\/#website","url":"https:\/\/powderblue-seahorse-496884.hostingersite.com\/","name":"Pro Baby Boss","description":"Kr\u00e1sn\u00e9 d\u00e1rky a dopl\u0148ky pro va\u0161eho \u0161\u00e9fa","potentialAction":[{"@type":"SearchAction","target":{"@type":"EntryPoint","urlTemplate":"https:\/\/powderblue-seahorse-496884.hostingersite.com\/?s={search_term_string}"},"query-input":{"@type":"PropertyValueSpecification","valueRequired":true,"valueName":"search_term_string"}}],"inLanguage":"cs"}]}},"_links":{"self":[{"href":"https:\/\/forbabyboss.com\/cs\/wp-json\/wp\/v2\/product\/4440","targetHints":{"allow":["GET"]}}],"collection":[{"href":"https:\/\/forbabyboss.com\/cs\/wp-json\/wp\/v2\/product"}],"about":[{"href":"https:\/\/forbabyboss.com\/cs\/wp-json\/wp\/v2\/types\/product"}],"wp:featuredmedia":[{"embeddable":true,"href":"https:\/\/forbabyboss.com\/cs\/wp-json\/wp\/v2\/media\/4452"}],"wp:attachment":[{"href":"https:\/\/forbabyboss.com\/cs\/wp-json\/wp\/v2\/media?parent=4440"}],"wp:term":[{"taxonomy":"product_brand","embeddable":true,"href":"https:\/\/forbabyboss.com\/cs\/wp-json\/wp\/v2\/product_brand?post=4440"},{"taxonomy":"product_cat","embeddable":true,"href":"https:\/\/forbabyboss.com\/cs\/wp-json\/wp\/v2\/product_cat?post=4440"},{"taxonomy":"product_tag","embeddable":true,"href":"https:\/\/forbabyboss.com\/cs\/wp-json\/wp\/v2\/product_tag?post=4440"}],"curies":[{"name":"wp","href":"https:\/\/api.w.org\/{rel}","templated":true}]}}