{"id":4478,"date":"2022-09-22T11:30:43","date_gmt":"2022-09-22T11:30:43","guid":{"rendered":"http:\/\/forbabyboss.com\/?post_type=product&#038;p=4478"},"modified":"2022-10-12T09:03:06","modified_gmt":"2022-10-12T09:03:06","slug":"stribrna-198-tutis-uno-cestovni-system-kocarku-4v1","status":"publish","type":"product","link":"https:\/\/forbabyboss.com\/cs\/product\/silver-198-tutis-uno-stroller-travel-system-4in1\/","title":{"rendered":"Silver 198 Tutis Uno cestovn\u00ed syst\u00e9m ko\u010d\u00e1rku 4v1"},"content":{"rendered":"<h2 style=\"text-align: justify;\"><span style=\"color: #e14d43;\"><strong><span style=\"font-size: medium;\">V\u00e1\u0161 rodinn\u00fd spole\u010dn\u00edk<\/span><\/strong><\/span><\/h2>\n<p style=\"text-align: justify;\"><span style=\"color: #282828;\"><strong>Ocen\u011bn\u00fd a milovan\u00fd tis\u00edci rodin \u2013 Tutis Uno p\u0159edstavuje kolekci 2. generace s je\u0161t\u011b v\u00edce funkcemi! T\u00fdm in\u017een\u00fdr\u016f Tutis shrom\u00e1\u017edil recenze od z\u00e1kazn\u00edk\u016f, analyzoval je a vylep\u0161il ko\u010d\u00e1rek Uno. P\u0159edstavujeme v\u00e1m Tutis Uno+ \u2013 ko\u010d\u00e1rek va\u0161ich sn\u016f: bezpe\u010dn\u00fd, odoln\u00fd a jemn\u00fd pro rodi\u010de i d\u011bti.<\/strong><\/span><\/p>\n<p style=\"text-align: justify;\"><span style=\"color: #282828;\"><strong>Extr\u00e9mn\u011b obratn\u00fd a kompaktn\u00ed podvozek Uno je pohodln\u00fd a praktick\u00fd pro ka\u017edodenn\u00ed dobrodru\u017estv\u00ed ve m\u011bst\u011b i v p\u0159\u00edrod\u011b. Korbi\u010dka Tutis Uno+ vynik\u00e1 svou bezpe\u010dnost\u00ed a lehkost\u00ed.<\/strong><\/span><\/p>\n<p style=\"font-weight: 400; text-align: justify;\"><span style=\"color: #e14d43;\"><strong>Ultralehk\u00e1 a tepeln\u00e1 korbi\u010dka<\/strong><\/span><\/p>\n<p style=\"font-weight: 400; text-align: justify;\"><span style=\"color: #282828;\"><strong>ARCEL\u2122 \u2013 speci\u00e1ln\u00ed kombinace polyethylenov\u00fdch materi\u00e1l\u016f byla vynalezena exkluzivn\u011b pro korbi\u010dky TUTIS, aby byla zaji\u0161t\u011bna v\u00fdjime\u010dn\u00e1 lehkost a pevnost.<\/strong><\/span><\/p>\n<p style=\"font-weight: 400; text-align: justify;\"><span style=\"color: #e14d43;\"><strong>Kompaktn\u00ed skl\u00e1dac\u00ed r\u00e1m<\/strong><\/span><\/p>\n<p style=\"font-weight: 400; text-align: justify;\"><span style=\"color: #282828;\"><strong>D\u00edky sofistikovan\u00e9 konstrukci se podvozek ko\u010d\u00e1rku kompaktn\u011b skl\u00e1d\u00e1, rychle a snadno. Slo\u017een\u00fd ko\u010d\u00e1rek se snadno vejde do kufru nebo doma.<\/strong><\/span><\/p>\n<p style=\"font-weight: 400; text-align: justify;\"><span style=\"color: #e14d43;\"><strong>Prostorn\u00e1 sedac\u00ed jednotka<\/strong><\/span><\/p>\n<p style=\"font-weight: 400; text-align: justify;\"><span style=\"color: #282828;\"><strong>Sedac\u00ed jednotka a spolehliv\u00e9 \u0161it\u00ed jsou optimalizov\u00e1ny do nejmen\u0161\u00edho detailu a protihlukov\u00e1 st\u0159\u00ed\u0161ka se d\u00e1 pln\u011b st\u00e1hnout dol\u016f a vytvo\u0159it tak o\u00e1zu pro mimo\u0159\u00e1dn\u011b pohodln\u00e9 cestov\u00e1n\u00ed.<\/strong><\/span><\/p>\n<h3 style=\"text-align: justify;\" align=\"center\"><span style=\"color: #282828;\"><strong><span style=\"font-size: large;\"><span style=\"color: #e14d43;\">Cena v cen\u011b<\/span>:<\/span><\/strong><\/span><\/h3>\n<p style=\"text-align: justify;\" align=\"center\"><span style=\"color: #282828;\"><strong><span style=\"font-family: Arial;\">1. P\u0159enosn\u00e1 korba<\/span><\/strong><\/span><\/p>\n<p style=\"text-align: justify;\" align=\"center\"><span style=\"color: #282828;\"><strong><span style=\"font-family: Arial;\">2. Sedadlo<\/span><\/strong><\/span><\/p>\n<p style=\"text-align: justify;\" align=\"center\"><span style=\"color: #282828;\"><strong><span style=\"font-family: Arial;\">3. Sportovn\u00ed podvozek<\/span><\/strong><\/span><\/p>\n<p style=\"text-align: justify;\" align=\"center\"><span style=\"color: #282828;\"><strong><span style=\"font-family: Arial;\">4. Ochrana proti de\u0161ti<\/span><\/strong><\/span><\/p>\n<p style=\"text-align: justify;\" align=\"center\"><span style=\"color: #282828;\"><strong><span style=\"font-family: Arial;\">5. Ta\u0161ka pro matku s lo\u017en\u00edm pr\u00e1dlem<\/span><\/strong><\/span><\/p>\n<p style=\"text-align: justify;\" align=\"center\"><span style=\"color: #282828;\"><strong><span style=\"font-family: Arial;\">6. Dr\u017e\u00e1k na kel\u00edmky<\/span><\/strong><\/span><\/p>\n<p style=\"text-align: justify;\" align=\"center\"><span style=\"color: #282828;\"><strong><span style=\"font-family: Arial;\">7. N\u00e1kupn\u00ed ko\u0161\u00edk<\/span><\/strong><\/span><\/p>\n<p style=\"text-align: justify;\" align=\"center\"><span style=\"color: #282828;\"><strong><span style=\"font-family: Arial;\">8. Kryt na korbu<\/span><\/strong><\/span><\/p>\n<p style=\"text-align: justify;\" align=\"center\"><span style=\"color: #282828;\"><strong><span style=\"font-family: Arial;\">9. Kryt sedac\u00ed jednotky<\/span><\/strong><\/span><\/p>\n<p style=\"text-align: justify;\" align=\"center\"><span style=\"color: #282828;\"><strong><span style=\"font-family: Arial;\">10. Ochrann\u00e1 rukoje\u0165 sedac\u00ed jednotky<\/span><\/strong><\/span><\/p>\n<p style=\"text-align: justify;\" align=\"center\"><span style=\"color: #282828;\"><strong><span style=\"font-family: Arial;\">11. Moskyti\u00e9ra<\/span><\/strong><\/span><\/p>\n<p style=\"text-align: justify;\" align=\"center\"><span style=\"color: #282828;\"><strong><span style=\"font-family: Arial;\">12. Matrace<\/span><\/strong><\/span><\/p>\n<h3 style=\"text-align: justify;\" align=\"center\"><span style=\"color: #e14d43;\"><strong><span style=\"font-size: large;\">Pohodln\u00e1 autoseda\u010dka<\/span><\/strong><\/span><\/h3>\n<p><span style=\"color: #282828;\"><strong><span style=\"font-size: medium;\">Skupina 0-13 kg:<br \/>\n<\/span><\/strong><\/span><\/p>\n<p><span style=\"color: #282828;\"><strong><span style=\"font-size: medium;\">Evropsk\u00e1 homologace ECE R44\/04<br \/>\n<\/span><\/strong><\/span><\/p>\n<p><span style=\"color: #282828;\"><strong><span style=\"font-size: medium;\">Mont\u00e1\u017e na voz\u00edk pomoc\u00ed adapt\u00e9ru<br \/>\n<\/span><\/strong><\/span><\/p>\n<p><span style=\"color: #282828;\"><strong><span style=\"font-size: medium;\">3bodov\u00fd p\u00e1s<br \/>\n<\/span><\/strong><\/span><\/p>\n<p><span style=\"color: #282828;\"><strong><span style=\"font-size: medium;\">P\u0159\u00eddavn\u00e1 vlo\u017eka pro novorozence<\/span><\/strong><\/span><\/p>\n<p><span style=\"color: #282828;\"><strong><span style=\"font-size: medium;\">Nastaviteln\u00e1 rukoje\u0165 pro p\u0159en\u00e1\u0161en\u00ed<br \/>\n<\/span><\/strong><\/span><\/p>\n<p><span style=\"color: #282828;\"><strong><span style=\"font-size: medium;\">Odn\u00edmateln\u00fd kryt kapuce<br \/>\n<\/span><\/strong><\/span><\/p>\n<p><span style=\"color: #282828;\"><strong><span style=\"font-size: medium;\">V\u00fd\u0161kov\u011b nastaviteln\u00e9 bezpe\u010dnostn\u00ed p\u00e1sy<br \/>\n<\/span><\/strong><\/span><\/p>\n<p><span style=\"color: #282828;\"><strong><span style=\"font-size: medium;\">Re\u017eim sm\u011b\u0159uj\u00edc\u00ed dop\u0159edu nebo dozadu\u00a0<\/span><\/strong><\/span><\/p>\n<p><span style=\"color: #282828;\"><strong><span style=\"font-size: medium;\">Vybaveno syst\u00e9mem ISOFIX (voliteln\u00e9)<\/span><\/strong><\/span><\/p>\n<h3 style=\"text-align: justify;\" align=\"center\"><span style=\"color: #e14d43;\"><strong>Z\u00e1kladna Isofix:<\/strong><\/span><\/h3>\n<p style=\"text-align: justify;\" align=\"center\"><span style=\"color: #282828;\"><strong><span style=\"font-family: Arial;\">\u2022 Barva: \u010cern\u00e1<\/span><\/strong><\/span><\/p>\n<p style=\"text-align: justify;\" align=\"center\"><span style=\"color: #282828;\"><strong><span style=\"font-family: Arial;\">\u2022 Vhodn\u00e9 od narozen\u00ed<\/span><\/strong><\/span><\/p>\n<p style=\"text-align: justify;\" align=\"center\"><span style=\"color: #282828;\"><strong><span style=\"font-family: Arial;\">\u2022 Upev\u0148uje se p\u0159\u00edmo k podvozku vozu pomoc\u00ed \u00fachytn\u00fdch bod\u016f ISOFIX.<\/span><\/strong><\/span><\/p>\n<p style=\"text-align: justify;\" align=\"center\"><span style=\"color: #282828;\"><strong><span style=\"font-family: Arial;\">\u2022 Lze tak\u00e9 zajistit bezpe\u010dnostn\u00edm p\u00e1sem vozidla<\/span><\/strong><\/span><\/p>\n<p style=\"text-align: justify;\" align=\"center\"><span style=\"color: #282828;\"><strong><span style=\"font-family: Arial;\">\u2022 Kompatibiln\u00ed s autoseda\u010dkami Tutis<\/span><\/strong><\/span><\/p>\n<p style=\"text-align: justify;\" align=\"center\"><span style=\"color: #282828;\"><strong><span style=\"font-family: Arial;\">\u2022 Snadn\u00e1 instalace<\/span><\/strong><\/span><\/p>\n<p style=\"text-align: justify;\" align=\"center\"><span style=\"color: #282828;\"><strong><span style=\"font-family: Arial;\">\u2022 Bezpe\u010dn\u00e9 a zabezpe\u010den\u00e9<\/span><\/strong><\/span><\/p>\n<p style=\"text-align: justify;\" align=\"center\"><span style=\"color: #282828;\"><strong><span style=\"font-family: Arial;\">\u2022 Minimalizuje rozruch<\/span><\/strong><\/span><\/p>\n<p style=\"text-align: justify;\" align=\"center\"><span style=\"color: #282828;\"><strong><span style=\"font-family: Arial;\">\u2022 Sni\u017euje pravd\u011bpodobnost probuzen\u00ed d\u00edt\u011bte p\u0159i p\u0159esunu z auta dom\u016f<\/span><\/strong><\/span><\/p>\n<p style=\"text-align: justify;\" align=\"center\"><span style=\"color: #282828;\"><strong><span style=\"font-family: Arial;\">\u2022 Podp\u016frn\u00e1 noha poskytuje maxim\u00e1ln\u00ed stabilitu, bezpe\u010dnost a snadno se nastavuje pro co nejlep\u0161\u00ed padnut\u00ed<\/span><\/strong><\/span><\/p>\n<p style=\"text-align: justify;\" align=\"center\"><span style=\"color: #282828;\"><strong><span style=\"font-family: Arial;\">\u2022 Barevn\u00e9 indik\u00e1tory potvrzuj\u00ed spr\u00e1vnou instalaci z\u00e1kladny do vozidla<\/span><\/strong><\/span><\/p>\n<h3 style=\"text-align: justify;\" align=\"center\"><span style=\"color: #e14d43;\"><strong><span style=\"font-family: Arial;\">Rozm\u011bry, hmotnost<\/span><\/strong><\/span><\/h3>\n<p style=\"text-align: justify;\"><span style=\"color: #282828;\"><strong>Vnit\u0159n\u00ed rozm\u011bry \/ hmotnost korby ko\u010d\u00e1rku: 84 \u00d7 38 cm \/ 3,75 kg<\/strong><\/span><\/p>\n<p style=\"text-align: justify;\"><span style=\"color: #282828;\"><strong>Vnit\u0159n\u00ed rozm\u011bry \/ hmotnost sedac\u00ed jednotky: 95 \u00d7 38 cm \/ 4,8 kg<\/strong><\/span><\/p>\n<p style=\"text-align: justify;\"><span style=\"color: #282828;\"><strong>Vnit\u0159n\u00ed rozm\u011bry \/ hmotnost autoseda\u010dky: 71 \u00d7 31,5 cm \/ 3,2 kg<\/strong><\/span><\/p>\n<p style=\"text-align: justify;\"><span style=\"color: #282828;\"><strong>Podvozek + kola: 7,8 kg<\/strong><\/span><\/p>\n<p style=\"text-align: justify;\"><span style=\"color: #282828;\"><strong>Slo\u017een\u00fd se vejde do prostoru: 80x61x34 cm<\/strong><\/span><\/p>\n<p style=\"text-align: justify;\"><span style=\"color: #282828;\"><strong>*Rozm\u011bry: d\u00e9lka, \u0161\u00ed\u0159ka, v\u00fd\u0161ka, hmotnost.<\/strong><\/span><\/p>\n<p>&nbsp;<\/p>\n<p><a href=\"http:\/\/forbabyboss.com\/wp-content\/uploads\/2022\/09\/checkout.png\"><img loading=\"lazy\" decoding=\"async\" class=\"alignnone size-full wp-image-5965\" src=\"http:\/\/forbabyboss.com\/wp-content\/uploads\/2022\/09\/checkout.png\" alt=\"\" width=\"750\" height=\"276\" srcset=\"https:\/\/forbabyboss.com\/wp-content\/uploads\/2022\/09\/checkout.png 750w, https:\/\/forbabyboss.com\/wp-content\/uploads\/2022\/09\/checkout-600x221.png 600w\" sizes=\"auto, (max-width: 750px) 100vw, 750px\" \/><\/a><\/p>\n<p style=\"text-align: justify;\" align=\"center\">","protected":false},"excerpt":{"rendered":"<p style=\"text-align: center;\"><a href=\"http:\/\/forbabyboss.com\/wp-content\/uploads\/2022\/09\/Star-Rating-5.png\"><img loading=\"lazy\" decoding=\"async\" class=\"alignnone size-full wp-image-5973\" src=\"http:\/\/forbabyboss.com\/wp-content\/uploads\/2022\/09\/Star-Rating-5.png\" alt=\"\" width=\"275\" height=\"45\" \/><\/a><\/p>\n<p style=\"text-align: center;\"><span style=\"color: #ed1c24; font-size: 120%;\"><b>GARANCE SHODU CEN<\/b><\/span><\/p>\n<p style=\"text-align: center;\"><span style=\"font-size: 115%;\"><span style=\"font-weight: 400; color: #4f4fa7;\">Doprava zdarma<\/span><span style=\"font-weight: 400;\"> \u2013 2 \u2013 7 dn\u00ed<\/span><\/span><\/p>\n<p style=\"text-align: center;\"><strong><span style=\"color: #29606b;\">D\u00e1rek zdarma k n\u00e1kupu nad 100 GBP<\/span><\/strong><\/p>","protected":false},"featured_media":4481,"template":"","meta":[],"product_brand":[],"product_cat":[197,207,305,130,211],"product_tag":[200,171],"class_list":{"0":"post-4478","1":"product","2":"type-product","3":"status-publish","4":"has-post-thumbnail","6":"product_cat-4-in-1-pram","7":"product_cat-black","8":"product_cat-colour","9":"product_cat-prams","10":"product_cat-stroller","11":"product_tag-4-in-1-pram","12":"product_tag-pram","14":"first","15":"instock","16":"sale","17":"shipping-taxable","18":"purchasable","19":"product-type-simple"},"yoast_head":"<!-- This site is optimized with the Yoast SEO plugin v27.5 - https:\/\/yoast.com\/product\/yoast-seo-wordpress\/ -->\n<title>Silver 198 Tutis Uno Stroller Travel System 4in1 - For Baby Boss<\/title>\n<meta name=\"description\" content=\"Silver 198 Tutis Uno Stroller Travel System 4in1\" \/>\n<meta name=\"robots\" content=\"index, follow, max-snippet:-1, max-image-preview:large, max-video-preview:-1\" \/>\n<link rel=\"canonical\" href=\"https:\/\/forbabyboss.com\/cs\/product\/stribrna-198-tutis-uno-cestovni-system-kocarku-4v1\/\" \/>\n<meta property=\"og:locale\" content=\"cs_CZ\" \/>\n<meta property=\"og:type\" content=\"article\" \/>\n<meta property=\"og:title\" content=\"Silver 198 Tutis Uno Stroller Travel System 4in1 - For Baby Boss\" \/>\n<meta property=\"og:description\" content=\"Silver 198 Tutis Uno Stroller Travel System 4in1\" \/>\n<meta property=\"og:url\" content=\"https:\/\/forbabyboss.com\/cs\/product\/stribrna-198-tutis-uno-cestovni-system-kocarku-4v1\/\" \/>\n<meta property=\"og:site_name\" content=\"For Baby Boss\" \/>\n<meta property=\"article:modified_time\" content=\"2022-10-12T09:03:06+00:00\" \/>\n<meta property=\"og:image\" content=\"https:\/\/forbabyboss.com\/wp-content\/uploads\/2022\/09\/Baby-Pram-Pushchair-Tutis-UNO3-Silver-198Travel-System-2in1-3in1-4in1-Car-Seat_Main.jpg\" \/>\n\t<meta property=\"og:image:width\" content=\"1020\" \/>\n\t<meta property=\"og:image:height\" content=\"1020\" \/>\n\t<meta property=\"og:image:type\" content=\"image\/jpeg\" \/>\n<meta name=\"twitter:card\" content=\"summary_large_image\" \/>\n<meta name=\"twitter:label1\" content=\"Odhadovan\u00e1 doba \u010dten\u00ed\" \/>\n\t<meta name=\"twitter:data1\" content=\"2 minuty\" \/>\n<script type=\"application\/ld+json\" class=\"yoast-schema-graph\">{\"@context\":\"https:\\\/\\\/schema.org\",\"@graph\":[{\"@type\":\"WebPage\",\"@id\":\"https:\\\/\\\/forbabyboss.com\\\/product\\\/silver-198-tutis-uno-stroller-travel-system-4in1\\\/\",\"url\":\"https:\\\/\\\/forbabyboss.com\\\/product\\\/silver-198-tutis-uno-stroller-travel-system-4in1\\\/\",\"name\":\"Silver 198 Tutis Uno Stroller Travel System 4in1 - For Baby Boss\",\"isPartOf\":{\"@id\":\"https:\\\/\\\/powderblue-seahorse-496884.hostingersite.com\\\/#website\"},\"primaryImageOfPage\":{\"@id\":\"https:\\\/\\\/forbabyboss.com\\\/product\\\/silver-198-tutis-uno-stroller-travel-system-4in1\\\/#primaryimage\"},\"image\":{\"@id\":\"https:\\\/\\\/forbabyboss.com\\\/product\\\/silver-198-tutis-uno-stroller-travel-system-4in1\\\/#primaryimage\"},\"thumbnailUrl\":\"https:\\\/\\\/forbabyboss.com\\\/wp-content\\\/uploads\\\/2022\\\/09\\\/Baby-Pram-Pushchair-Tutis-UNO3-Silver-198Travel-System-2in1-3in1-4in1-Car-Seat_Main.jpg\",\"datePublished\":\"2022-09-22T11:30:43+00:00\",\"dateModified\":\"2022-10-12T09:03:06+00:00\",\"description\":\"Silver 198 Tutis Uno Stroller Travel System 4in1\",\"breadcrumb\":{\"@id\":\"https:\\\/\\\/forbabyboss.com\\\/product\\\/silver-198-tutis-uno-stroller-travel-system-4in1\\\/#breadcrumb\"},\"inLanguage\":\"cs\",\"potentialAction\":[{\"@type\":\"ReadAction\",\"target\":[\"https:\\\/\\\/forbabyboss.com\\\/product\\\/silver-198-tutis-uno-stroller-travel-system-4in1\\\/\"]}]},{\"@type\":\"ImageObject\",\"inLanguage\":\"cs\",\"@id\":\"https:\\\/\\\/forbabyboss.com\\\/product\\\/silver-198-tutis-uno-stroller-travel-system-4in1\\\/#primaryimage\",\"url\":\"https:\\\/\\\/forbabyboss.com\\\/wp-content\\\/uploads\\\/2022\\\/09\\\/Baby-Pram-Pushchair-Tutis-UNO3-Silver-198Travel-System-2in1-3in1-4in1-Car-Seat_Main.jpg\",\"contentUrl\":\"https:\\\/\\\/forbabyboss.com\\\/wp-content\\\/uploads\\\/2022\\\/09\\\/Baby-Pram-Pushchair-Tutis-UNO3-Silver-198Travel-System-2in1-3in1-4in1-Car-Seat_Main.jpg\",\"width\":1020,\"height\":1020},{\"@type\":\"BreadcrumbList\",\"@id\":\"https:\\\/\\\/forbabyboss.com\\\/product\\\/silver-198-tutis-uno-stroller-travel-system-4in1\\\/#breadcrumb\",\"itemListElement\":[{\"@type\":\"ListItem\",\"position\":1,\"name\":\"Home\",\"item\":\"https:\\\/\\\/forbabyboss.com\\\/\"},{\"@type\":\"ListItem\",\"position\":2,\"name\":\"Shop\",\"item\":\"https:\\\/\\\/forbabyboss.com\\\/shop\\\/\"},{\"@type\":\"ListItem\",\"position\":3,\"name\":\"Silver 198 Tutis Uno Stroller Travel System 4in1\"}]},{\"@type\":\"WebSite\",\"@id\":\"https:\\\/\\\/powderblue-seahorse-496884.hostingersite.com\\\/#website\",\"url\":\"https:\\\/\\\/powderblue-seahorse-496884.hostingersite.com\\\/\",\"name\":\"For Baby Boss\",\"description\":\"Beautiful gifts and accessories for your baby boss\",\"potentialAction\":[{\"@type\":\"SearchAction\",\"target\":{\"@type\":\"EntryPoint\",\"urlTemplate\":\"https:\\\/\\\/powderblue-seahorse-496884.hostingersite.com\\\/?s={search_term_string}\"},\"query-input\":{\"@type\":\"PropertyValueSpecification\",\"valueRequired\":true,\"valueName\":\"search_term_string\"}}],\"inLanguage\":\"cs\"}]}<\/script>\n<!-- \/ Yoast SEO plugin. -->","yoast_head_json":{"title":"Cestovn\u00ed syst\u00e9m ko\u010d\u00e1rku Silver 198 Tutis Uno 4v1 - pro Baby Boss","description":"Silver 198 Tutis Uno cestovn\u00ed syst\u00e9m ko\u010d\u00e1rku 4v1","robots":{"index":"index","follow":"follow","max-snippet":"max-snippet:-1","max-image-preview":"max-image-preview:large","max-video-preview":"max-video-preview:-1"},"canonical":"https:\/\/forbabyboss.com\/cs\/product\/stribrna-198-tutis-uno-cestovni-system-kocarku-4v1\/","og_locale":"cs_CZ","og_type":"article","og_title":"Silver 198 Tutis Uno Stroller Travel System 4in1 - For Baby Boss","og_description":"Silver 198 Tutis Uno Stroller Travel System 4in1","og_url":"https:\/\/forbabyboss.com\/cs\/product\/stribrna-198-tutis-uno-cestovni-system-kocarku-4v1\/","og_site_name":"For Baby Boss","article_modified_time":"2022-10-12T09:03:06+00:00","og_image":[{"width":1020,"height":1020,"url":"https:\/\/forbabyboss.com\/wp-content\/uploads\/2022\/09\/Baby-Pram-Pushchair-Tutis-UNO3-Silver-198Travel-System-2in1-3in1-4in1-Car-Seat_Main.jpg","type":"image\/jpeg"}],"twitter_card":"summary_large_image","twitter_misc":{"Odhadovan\u00e1 doba \u010dten\u00ed":"2 minuty"},"schema":{"@context":"https:\/\/schema.org","@graph":[{"@type":"WebPage","@id":"https:\/\/forbabyboss.com\/product\/silver-198-tutis-uno-stroller-travel-system-4in1\/","url":"https:\/\/forbabyboss.com\/product\/silver-198-tutis-uno-stroller-travel-system-4in1\/","name":"Cestovn\u00ed syst\u00e9m ko\u010d\u00e1rku Silver 198 Tutis Uno 4v1 - pro Baby Boss","isPartOf":{"@id":"https:\/\/powderblue-seahorse-496884.hostingersite.com\/#website"},"primaryImageOfPage":{"@id":"https:\/\/forbabyboss.com\/product\/silver-198-tutis-uno-stroller-travel-system-4in1\/#primaryimage"},"image":{"@id":"https:\/\/forbabyboss.com\/product\/silver-198-tutis-uno-stroller-travel-system-4in1\/#primaryimage"},"thumbnailUrl":"https:\/\/forbabyboss.com\/wp-content\/uploads\/2022\/09\/Baby-Pram-Pushchair-Tutis-UNO3-Silver-198Travel-System-2in1-3in1-4in1-Car-Seat_Main.jpg","datePublished":"2022-09-22T11:30:43+00:00","dateModified":"2022-10-12T09:03:06+00:00","description":"Silver 198 Tutis Uno cestovn\u00ed syst\u00e9m ko\u010d\u00e1rku 4v1","breadcrumb":{"@id":"https:\/\/forbabyboss.com\/product\/silver-198-tutis-uno-stroller-travel-system-4in1\/#breadcrumb"},"inLanguage":"cs","potentialAction":[{"@type":"ReadAction","target":["https:\/\/forbabyboss.com\/product\/silver-198-tutis-uno-stroller-travel-system-4in1\/"]}]},{"@type":"ImageObject","inLanguage":"cs","@id":"https:\/\/forbabyboss.com\/product\/silver-198-tutis-uno-stroller-travel-system-4in1\/#primaryimage","url":"https:\/\/forbabyboss.com\/wp-content\/uploads\/2022\/09\/Baby-Pram-Pushchair-Tutis-UNO3-Silver-198Travel-System-2in1-3in1-4in1-Car-Seat_Main.jpg","contentUrl":"https:\/\/forbabyboss.com\/wp-content\/uploads\/2022\/09\/Baby-Pram-Pushchair-Tutis-UNO3-Silver-198Travel-System-2in1-3in1-4in1-Car-Seat_Main.jpg","width":1020,"height":1020},{"@type":"BreadcrumbList","@id":"https:\/\/forbabyboss.com\/product\/silver-198-tutis-uno-stroller-travel-system-4in1\/#breadcrumb","itemListElement":[{"@type":"ListItem","position":1,"name":"Home","item":"https:\/\/forbabyboss.com\/"},{"@type":"ListItem","position":2,"name":"Shop","item":"https:\/\/forbabyboss.com\/shop\/"},{"@type":"ListItem","position":3,"name":"Silver 198 Tutis Uno Stroller Travel System 4in1"}]},{"@type":"WebSite","@id":"https:\/\/powderblue-seahorse-496884.hostingersite.com\/#website","url":"https:\/\/powderblue-seahorse-496884.hostingersite.com\/","name":"Pro Baby Boss","description":"Kr\u00e1sn\u00e9 d\u00e1rky a dopl\u0148ky pro va\u0161eho \u0161\u00e9fa","potentialAction":[{"@type":"SearchAction","target":{"@type":"EntryPoint","urlTemplate":"https:\/\/powderblue-seahorse-496884.hostingersite.com\/?s={search_term_string}"},"query-input":{"@type":"PropertyValueSpecification","valueRequired":true,"valueName":"search_term_string"}}],"inLanguage":"cs"}]}},"_links":{"self":[{"href":"https:\/\/forbabyboss.com\/cs\/wp-json\/wp\/v2\/product\/4478","targetHints":{"allow":["GET"]}}],"collection":[{"href":"https:\/\/forbabyboss.com\/cs\/wp-json\/wp\/v2\/product"}],"about":[{"href":"https:\/\/forbabyboss.com\/cs\/wp-json\/wp\/v2\/types\/product"}],"wp:featuredmedia":[{"embeddable":true,"href":"https:\/\/forbabyboss.com\/cs\/wp-json\/wp\/v2\/media\/4481"}],"wp:attachment":[{"href":"https:\/\/forbabyboss.com\/cs\/wp-json\/wp\/v2\/media?parent=4478"}],"wp:term":[{"taxonomy":"product_brand","embeddable":true,"href":"https:\/\/forbabyboss.com\/cs\/wp-json\/wp\/v2\/product_brand?post=4478"},{"taxonomy":"product_cat","embeddable":true,"href":"https:\/\/forbabyboss.com\/cs\/wp-json\/wp\/v2\/product_cat?post=4478"},{"taxonomy":"product_tag","embeddable":true,"href":"https:\/\/forbabyboss.com\/cs\/wp-json\/wp\/v2\/product_tag?post=4478"}],"curies":[{"name":"wp","href":"https:\/\/api.w.org\/{rel}","templated":true}]}}