{"id":4540,"date":"2022-09-09T07:52:11","date_gmt":"2022-09-09T07:52:11","guid":{"rendered":"http:\/\/forbabyboss.com\/?post_type=product&#038;p=4540"},"modified":"2026-02-21T16:12:28","modified_gmt":"2026-02-21T16:12:28","slug":"detsky-kocarek-bebetto-nico-kocarek-estilo-05","status":"publish","type":"product","link":"https:\/\/forbabyboss.com\/cs\/product\/baby-pushchair-bebetto-nico-stroller-estilo-05\/","title":{"rendered":"D\u011btsk\u00fd ko\u010d\u00e1rek Bebetto Nico Ko\u010d\u00e1rek \u2013 Estilo 05"},"content":{"rendered":"<h2 style=\"text-align: justify;\" align=\"center\"><strong><span style=\"color: #e14d43; font-family: Arial;\">Ko\u010d\u00e1rek Bebetto Nico<\/span><\/strong><\/h2>\n<h3 style=\"text-align: justify;\" align=\"center\"><strong><span style=\"color: #e14d43;\"><span style=\"font-family: Arial;\">Pro\u010d zrovna Niko?<\/span><\/span><\/strong><\/h3>\n<p style=\"text-align: justify;\" align=\"center\"><strong><span style=\"font-family: Arial; color: #000000;\">Nov\u00e1 seda\u010dka Project, n\u00edzk\u00e1 hmotnost a leskl\u00e9 barvy p\u0159itahuj\u00ed pozornost, co\u017e z n\u00ed d\u011bl\u00e1 skv\u011blou volbu pro ty, kte\u0159\u00ed oce\u0148uj\u00ed funk\u010dnost a design. Vyberte si svou obl\u00edbenou barvu a bu\u010fte spokojeni se sv\u00fdm funk\u010dn\u00edm ko\u010d\u00e1rkem!<\/span><\/strong><\/p>\n<h4 style=\"text-align: justify;\" align=\"center\"><strong><span style=\"font-size: medium; color: #000000;\">Vyrobeno v Evrop\u011b z vysoce kvalitn\u00edch materi\u00e1l\u016f, lehk\u00fd hlin\u00edkov\u00fd r\u00e1m, modern\u00ed design.<br \/>\n<\/span><\/strong><\/h4>\n<h4 style=\"text-align: justify;\" align=\"center\"><strong><span style=\"color: #e14d43;\"><span style=\"font-family: Arial;\">Pohodln\u00e9 sedadlo \u2013 jednotka<\/span><\/span><\/strong><\/h4>\n<p style=\"text-align: justify;\" align=\"center\"><strong><span style=\"font-family: Arial; color: #000000;\">Nico m\u00e1 sedadlo, kter\u00e9 d\u00edt\u011bti umo\u017e\u0148uje zaujmout pohodlnou polohu. Nastaviteln\u00e1 st\u0159\u00ed\u0161ka chr\u00e1n\u00ed d\u00edt\u011b p\u0159ed v\u011btrem a sluncem. Odn\u00edmateln\u00e1 st\u0159\u00ed\u0161ka je skv\u011bl\u00e1 na proch\u00e1zky ve v\u011btrn\u00fdch dnech. Pohodln\u00e9 op\u011btovn\u00e9 p\u0159ipevn\u011bn\u00ed seda\u010dky usnad\u0148uje jej\u00ed nastaven\u00ed po sm\u011bru j\u00edzdy nebo proti sm\u011bru j\u00edzdy. Nov\u00fd zp\u016fsob odn\u00edm\u00e1n\u00ed z\u00e1brany je u\u017eite\u010dn\u00fd p\u0159i usazov\u00e1n\u00ed d\u00edt\u011bte do ko\u010d\u00e1rku. D\u00edky kole\u010dk\u016fm Flexy Wheels se nemus\u00edte starat o tlak v pneumatik\u00e1ch \u2013 v\u017edy maj\u00ed stabiln\u00ed tvar. Jejich hmotnost a flexibilita se neli\u0161\u00ed od nahu\u0161t\u011bn\u00fdch kol.<\/span><\/strong><\/p>\n<h4 style=\"text-align: justify;\" align=\"center\"><strong><span style=\"color: #e14d43;\"><span style=\"font-family: Arial;\">R\u00e1m tlum\u00edc\u00ed n\u00e1razy<\/span><\/span><\/strong><\/h4>\n<p style=\"text-align: justify;\" align=\"center\"><strong><span style=\"font-family: Arial; color: #000000;\">Nico je vybaven tlumi\u010di, kter\u00e9 minimalizuj\u00ed vibrace p\u0159i ch\u016fzi po zpevn\u011bn\u00e9m povrchu. SAS je syst\u00e9m tlumen\u00ed n\u00e1raz\u016f a DMS chr\u00e1n\u00ed kola p\u0159ed zablokov\u00e1n\u00edm p\u0159i p\u0159ekon\u00e1v\u00e1n\u00ed p\u0159ek\u00e1\u017eek. R\u00e1m lze slo\u017eit s p\u0159ipojenou sedac\u00ed jednotkou, co\u017e je velmi praktick\u00e9 p\u0159i skladov\u00e1n\u00ed a p\u0159eprav\u011b ko\u010d\u00e1rku.<\/span><\/strong><\/p>\n<p><strong><span style=\"color: #e14d43;\"><span style=\"font-family: Arial;\">\u00a0Autoseda\u010dky na r\u00e1mu<\/span><\/span><\/strong><\/p>\n<p style=\"text-align: justify;\" align=\"center\"><strong><span style=\"font-family: Arial; color: #000000;\">Ko\u010d\u00e1rky Babette jsou kompatibiln\u00ed s adapt\u00e9ry Bobostello, kter\u00e9 umo\u017e\u0148uj\u00ed instalaci autoseda\u010dky na t\u00e9m\u011b\u0159 ka\u017edou zna\u010dku s r\u00e1mem Bebetto. Syst\u00e9m redukce v\u016fle a nastaven\u00ed \u00fahlu sklonu \u2013 to jsou skute\u010dn\u011b inovativn\u00ed prvky, kter\u00e9 v\u00e1m umo\u017e\u0148uj\u00ed p\u0159epravovat d\u00edt\u011b v optim\u00e1ln\u00ed poloze (vle\u017ee \u2013 pro d\u00edt\u011b do 6 m\u011bs\u00edc\u016f a vsed\u011b \u2013 pro d\u00edt\u011b, kter\u00e9 um\u00ed samostatn\u011b sed\u011bt).<\/span><\/strong><\/p>\n<p><strong><span style=\"color: #e14d43;\"><span style=\"font-family: Arial;\">\u00a0Skl\u00e1dac\u00ed sedadlo Unite s r\u00e1mem<\/span><\/span><\/strong><\/p>\n<p style=\"text-align: justify;\" align=\"center\"><strong><span style=\"font-family: Arial; color: #000000;\">Ko\u010d\u00e1rek Nico m\u016f\u017eete slo\u017eit i se seda\u010dkou \u2013 ani\u017e byste ji museli odd\u011blovat. Ale to nen\u00ed v\u0161e! Seda\u010dku lze p\u0159ipevnit \u010delem k sob\u011b nebo od sebe. D\u00edky tomu m\u016f\u017eete ko\u010d\u00e1rek pohodln\u011b a rychle slo\u017eit \u2013 a\u0165 u\u017e jdete s kojencem nebo t\u0159\u00edlet\u00fdm d\u00edt\u011btem.<\/span><\/strong><\/p>\n<div style=\"text-align: justify;\"><strong><span style=\"color: #e14d43;\">Cena v cen\u011b:<\/span><\/strong><\/div>\n<div>\n<div style=\"text-align: justify;\"><strong><span style=\"color: #000000;\">\u00a0<\/span><\/strong><\/div>\n<div>\n<div style=\"text-align: justify;\"><strong><span style=\"font-family: Arial; color: #000000;\">\u2022 Hlin\u00edkov\u00fd r\u00e1m<\/span><\/strong><\/div>\n<div style=\"text-align: justify;\"><strong><span style=\"font-family: Arial; color: #000000;\">\u2022 4 kola<\/span><\/strong><\/div>\n<div style=\"text-align: justify;\"><strong><span style=\"font-family: Arial; color: #000000;\">\u2022 Ko\u010d\u00e1rek + nastaviteln\u00e1 st\u0159\u00ed\u0161ka<\/span><\/strong><\/div>\n<div style=\"text-align: justify;\"><strong><span style=\"font-family: Arial; color: #000000;\">\u2022 Kryt na nohy<\/span><\/strong><\/div>\n<div style=\"text-align: justify;\"><strong><span style=\"font-family: Arial; color: #000000;\">\u2022 N\u00e1kupn\u00ed ko\u0161\u00edk<\/span><\/strong><\/div>\n<div style=\"text-align: justify;\"><strong><span style=\"font-family: Arial; color: #000000;\">\u2022 24m\u011bs\u00ed\u010dn\u00ed z\u00e1ruka\u00a0<\/span><\/strong><\/div>\n<div><\/div>\n<div><a href=\"http:\/\/forbabyboss.com\/wp-content\/uploads\/2022\/09\/checkout.png\"><img loading=\"lazy\" decoding=\"async\" class=\"alignnone size-full wp-image-5965\" src=\"http:\/\/forbabyboss.com\/wp-content\/uploads\/2022\/09\/checkout.png\" alt=\"\" width=\"750\" height=\"276\" srcset=\"https:\/\/forbabyboss.com\/wp-content\/uploads\/2022\/09\/checkout.png 750w, https:\/\/forbabyboss.com\/wp-content\/uploads\/2022\/09\/checkout-600x221.png 600w\" sizes=\"auto, (max-width: 750px) 100vw, 750px\" \/><\/a><\/div>\n<\/div>\n<\/div>","protected":false},"excerpt":{"rendered":"<p><a href=\"http:\/\/forbabyboss.com\/wp-content\/uploads\/2022\/09\/Star-Rating-5.png\"><img loading=\"lazy\" decoding=\"async\" class=\"alignnone size-full wp-image-5973 aligncenter\" src=\"http:\/\/forbabyboss.com\/wp-content\/uploads\/2022\/09\/Star-Rating-5.png\" alt=\"\" width=\"275\" height=\"45\" \/><\/a><\/p>\n<p style=\"text-align: center;\"><span style=\"color: #ed1c24; font-size: 120%;\"><b>GARANCE SHODU CEN<\/b><\/span><\/p>\n<p style=\"text-align: center;\"><span style=\"font-size: 115%;\"><span style=\"font-weight: 400; color: #4f4fa7;\">Doprava zdarma<\/span><span style=\"font-weight: 400;\"> \u2013 2 \u2013 7 dn\u00ed<\/span><\/span><\/p>\n<p style=\"text-align: center;\"><strong><span style=\"color: #29606b;\">D\u00e1rek zdarma k n\u00e1kupu nad 100 GBP<\/span><\/strong><\/p>","protected":false},"featured_media":4542,"template":"","meta":[],"product_brand":[583],"product_cat":[336,339,305,130,209,221,211],"product_tag":[171],"class_list":{"0":"post-4540","1":"product","2":"type-product","3":"status-publish","4":"has-post-thumbnail","6":"product_brand-bebetto","7":"product_cat-400-to-500","8":"product_cat-700-to-800","9":"product_cat-colour","10":"product_cat-prams","11":"product_cat-push-chairs","12":"product_cat-silver-colour","13":"product_cat-stroller","14":"product_tag-pram","16":"first","17":"instock","18":"sale","19":"shipping-taxable","20":"purchasable","21":"product-type-simple"},"yoast_head":"<!-- This site is optimized with the Yoast SEO plugin v27.5 - https:\/\/yoast.com\/product\/yoast-seo-wordpress\/ -->\n<title>Baby Pushchair Bebetto Nico Stroller - Estilo 05 - For Baby Boss<\/title>\n<meta name=\"description\" content=\"Baby Pushchair Bebetto Nico Stroller - Estilo 05\" \/>\n<meta name=\"robots\" content=\"index, follow, max-snippet:-1, max-image-preview:large, max-video-preview:-1\" \/>\n<link rel=\"canonical\" href=\"https:\/\/forbabyboss.com\/cs\/product\/detsky-kocarek-bebetto-nico-kocarek-estilo-05\/\" \/>\n<meta property=\"og:locale\" content=\"cs_CZ\" \/>\n<meta property=\"og:type\" content=\"article\" \/>\n<meta property=\"og:title\" content=\"Baby Pushchair Bebetto Nico Stroller - Estilo 05 - For Baby Boss\" \/>\n<meta property=\"og:description\" content=\"Baby Pushchair Bebetto Nico Stroller - Estilo 05\" \/>\n<meta property=\"og:url\" content=\"https:\/\/forbabyboss.com\/cs\/product\/detsky-kocarek-bebetto-nico-kocarek-estilo-05\/\" \/>\n<meta property=\"og:site_name\" content=\"For Baby Boss\" \/>\n<meta property=\"article:modified_time\" content=\"2026-02-21T16:12:28+00:00\" \/>\n<meta property=\"og:image\" content=\"https:\/\/forbabyboss.com\/wp-content\/uploads\/2022\/09\/Baby-Pushchair-Bebetto-Nico-Estilo-Stroller-Buggie-accessories-Estilo-05_MAIN.jpg\" \/>\n\t<meta property=\"og:image:width\" content=\"1000\" \/>\n\t<meta property=\"og:image:height\" content=\"1000\" \/>\n\t<meta property=\"og:image:type\" content=\"image\/jpeg\" \/>\n<meta name=\"twitter:card\" content=\"summary_large_image\" \/>\n<meta name=\"twitter:label1\" content=\"Odhadovan\u00e1 doba \u010dten\u00ed\" \/>\n\t<meta name=\"twitter:data1\" content=\"2 minuty\" \/>\n<script type=\"application\/ld+json\" class=\"yoast-schema-graph\">{\"@context\":\"https:\\\/\\\/schema.org\",\"@graph\":[{\"@type\":\"WebPage\",\"@id\":\"https:\\\/\\\/forbabyboss.com\\\/product\\\/baby-pushchair-bebetto-nico-stroller-estilo-05\\\/\",\"url\":\"https:\\\/\\\/forbabyboss.com\\\/product\\\/baby-pushchair-bebetto-nico-stroller-estilo-05\\\/\",\"name\":\"Baby Pushchair Bebetto Nico Stroller - Estilo 05 - For Baby Boss\",\"isPartOf\":{\"@id\":\"https:\\\/\\\/powderblue-seahorse-496884.hostingersite.com\\\/#website\"},\"primaryImageOfPage\":{\"@id\":\"https:\\\/\\\/forbabyboss.com\\\/product\\\/baby-pushchair-bebetto-nico-stroller-estilo-05\\\/#primaryimage\"},\"image\":{\"@id\":\"https:\\\/\\\/forbabyboss.com\\\/product\\\/baby-pushchair-bebetto-nico-stroller-estilo-05\\\/#primaryimage\"},\"thumbnailUrl\":\"https:\\\/\\\/forbabyboss.com\\\/wp-content\\\/uploads\\\/2022\\\/09\\\/Baby-Pushchair-Bebetto-Nico-Estilo-Stroller-Buggie-accessories-Estilo-05_MAIN.jpg\",\"datePublished\":\"2022-09-09T07:52:11+00:00\",\"dateModified\":\"2026-02-21T16:12:28+00:00\",\"description\":\"Baby Pushchair Bebetto Nico Stroller - Estilo 05\",\"breadcrumb\":{\"@id\":\"https:\\\/\\\/forbabyboss.com\\\/product\\\/baby-pushchair-bebetto-nico-stroller-estilo-05\\\/#breadcrumb\"},\"inLanguage\":\"cs\",\"potentialAction\":[{\"@type\":\"ReadAction\",\"target\":[\"https:\\\/\\\/forbabyboss.com\\\/product\\\/baby-pushchair-bebetto-nico-stroller-estilo-05\\\/\"]}]},{\"@type\":\"ImageObject\",\"inLanguage\":\"cs\",\"@id\":\"https:\\\/\\\/forbabyboss.com\\\/product\\\/baby-pushchair-bebetto-nico-stroller-estilo-05\\\/#primaryimage\",\"url\":\"https:\\\/\\\/forbabyboss.com\\\/wp-content\\\/uploads\\\/2022\\\/09\\\/Baby-Pushchair-Bebetto-Nico-Estilo-Stroller-Buggie-accessories-Estilo-05_MAIN.jpg\",\"contentUrl\":\"https:\\\/\\\/forbabyboss.com\\\/wp-content\\\/uploads\\\/2022\\\/09\\\/Baby-Pushchair-Bebetto-Nico-Estilo-Stroller-Buggie-accessories-Estilo-05_MAIN.jpg\",\"width\":1000,\"height\":1000},{\"@type\":\"BreadcrumbList\",\"@id\":\"https:\\\/\\\/forbabyboss.com\\\/product\\\/baby-pushchair-bebetto-nico-stroller-estilo-05\\\/#breadcrumb\",\"itemListElement\":[{\"@type\":\"ListItem\",\"position\":1,\"name\":\"Home\",\"item\":\"https:\\\/\\\/forbabyboss.com\\\/\"},{\"@type\":\"ListItem\",\"position\":2,\"name\":\"Shop\",\"item\":\"https:\\\/\\\/forbabyboss.com\\\/shop\\\/\"},{\"@type\":\"ListItem\",\"position\":3,\"name\":\"Baby Pushchair Bebetto Nico Stroller &#8211; Estilo 05\"}]},{\"@type\":\"WebSite\",\"@id\":\"https:\\\/\\\/powderblue-seahorse-496884.hostingersite.com\\\/#website\",\"url\":\"https:\\\/\\\/powderblue-seahorse-496884.hostingersite.com\\\/\",\"name\":\"For Baby Boss\",\"description\":\"Beautiful gifts and accessories for your baby boss\",\"potentialAction\":[{\"@type\":\"SearchAction\",\"target\":{\"@type\":\"EntryPoint\",\"urlTemplate\":\"https:\\\/\\\/powderblue-seahorse-496884.hostingersite.com\\\/?s={search_term_string}\"},\"query-input\":{\"@type\":\"PropertyValueSpecification\",\"valueRequired\":true,\"valueName\":\"search_term_string\"}}],\"inLanguage\":\"cs\"}]}<\/script>\n<!-- \/ Yoast SEO plugin. -->","yoast_head_json":{"title":"D\u011btsk\u00fd ko\u010d\u00e1rek Bebetto Nico - Styl 05 - Pro Baby Boss","description":"D\u011btsk\u00fd ko\u010d\u00e1rek Bebetto Nico Ko\u010d\u00e1rek - Estilo 05","robots":{"index":"index","follow":"follow","max-snippet":"max-snippet:-1","max-image-preview":"max-image-preview:large","max-video-preview":"max-video-preview:-1"},"canonical":"https:\/\/forbabyboss.com\/cs\/product\/detsky-kocarek-bebetto-nico-kocarek-estilo-05\/","og_locale":"cs_CZ","og_type":"article","og_title":"Baby Pushchair Bebetto Nico Stroller - Estilo 05 - For Baby Boss","og_description":"Baby Pushchair Bebetto Nico Stroller - Estilo 05","og_url":"https:\/\/forbabyboss.com\/cs\/product\/detsky-kocarek-bebetto-nico-kocarek-estilo-05\/","og_site_name":"For Baby Boss","article_modified_time":"2026-02-21T16:12:28+00:00","og_image":[{"width":1000,"height":1000,"url":"https:\/\/forbabyboss.com\/wp-content\/uploads\/2022\/09\/Baby-Pushchair-Bebetto-Nico-Estilo-Stroller-Buggie-accessories-Estilo-05_MAIN.jpg","type":"image\/jpeg"}],"twitter_card":"summary_large_image","twitter_misc":{"Odhadovan\u00e1 doba \u010dten\u00ed":"2 minuty"},"schema":{"@context":"https:\/\/schema.org","@graph":[{"@type":"WebPage","@id":"https:\/\/forbabyboss.com\/product\/baby-pushchair-bebetto-nico-stroller-estilo-05\/","url":"https:\/\/forbabyboss.com\/product\/baby-pushchair-bebetto-nico-stroller-estilo-05\/","name":"D\u011btsk\u00fd ko\u010d\u00e1rek Bebetto Nico - Styl 05 - Pro Baby Boss","isPartOf":{"@id":"https:\/\/powderblue-seahorse-496884.hostingersite.com\/#website"},"primaryImageOfPage":{"@id":"https:\/\/forbabyboss.com\/product\/baby-pushchair-bebetto-nico-stroller-estilo-05\/#primaryimage"},"image":{"@id":"https:\/\/forbabyboss.com\/product\/baby-pushchair-bebetto-nico-stroller-estilo-05\/#primaryimage"},"thumbnailUrl":"https:\/\/forbabyboss.com\/wp-content\/uploads\/2022\/09\/Baby-Pushchair-Bebetto-Nico-Estilo-Stroller-Buggie-accessories-Estilo-05_MAIN.jpg","datePublished":"2022-09-09T07:52:11+00:00","dateModified":"2026-02-21T16:12:28+00:00","description":"D\u011btsk\u00fd ko\u010d\u00e1rek Bebetto Nico Ko\u010d\u00e1rek - Estilo 05","breadcrumb":{"@id":"https:\/\/forbabyboss.com\/product\/baby-pushchair-bebetto-nico-stroller-estilo-05\/#breadcrumb"},"inLanguage":"cs","potentialAction":[{"@type":"ReadAction","target":["https:\/\/forbabyboss.com\/product\/baby-pushchair-bebetto-nico-stroller-estilo-05\/"]}]},{"@type":"ImageObject","inLanguage":"cs","@id":"https:\/\/forbabyboss.com\/product\/baby-pushchair-bebetto-nico-stroller-estilo-05\/#primaryimage","url":"https:\/\/forbabyboss.com\/wp-content\/uploads\/2022\/09\/Baby-Pushchair-Bebetto-Nico-Estilo-Stroller-Buggie-accessories-Estilo-05_MAIN.jpg","contentUrl":"https:\/\/forbabyboss.com\/wp-content\/uploads\/2022\/09\/Baby-Pushchair-Bebetto-Nico-Estilo-Stroller-Buggie-accessories-Estilo-05_MAIN.jpg","width":1000,"height":1000},{"@type":"BreadcrumbList","@id":"https:\/\/forbabyboss.com\/product\/baby-pushchair-bebetto-nico-stroller-estilo-05\/#breadcrumb","itemListElement":[{"@type":"ListItem","position":1,"name":"Home","item":"https:\/\/forbabyboss.com\/"},{"@type":"ListItem","position":2,"name":"Shop","item":"https:\/\/forbabyboss.com\/shop\/"},{"@type":"ListItem","position":3,"name":"Baby Pushchair Bebetto Nico Stroller &#8211; Estilo 05"}]},{"@type":"WebSite","@id":"https:\/\/powderblue-seahorse-496884.hostingersite.com\/#website","url":"https:\/\/powderblue-seahorse-496884.hostingersite.com\/","name":"Pro Baby Boss","description":"Kr\u00e1sn\u00e9 d\u00e1rky a dopl\u0148ky pro va\u0161eho \u0161\u00e9fa","potentialAction":[{"@type":"SearchAction","target":{"@type":"EntryPoint","urlTemplate":"https:\/\/powderblue-seahorse-496884.hostingersite.com\/?s={search_term_string}"},"query-input":{"@type":"PropertyValueSpecification","valueRequired":true,"valueName":"search_term_string"}}],"inLanguage":"cs"}]}},"_links":{"self":[{"href":"https:\/\/forbabyboss.com\/cs\/wp-json\/wp\/v2\/product\/4540","targetHints":{"allow":["GET"]}}],"collection":[{"href":"https:\/\/forbabyboss.com\/cs\/wp-json\/wp\/v2\/product"}],"about":[{"href":"https:\/\/forbabyboss.com\/cs\/wp-json\/wp\/v2\/types\/product"}],"wp:featuredmedia":[{"embeddable":true,"href":"https:\/\/forbabyboss.com\/cs\/wp-json\/wp\/v2\/media\/4542"}],"wp:attachment":[{"href":"https:\/\/forbabyboss.com\/cs\/wp-json\/wp\/v2\/media?parent=4540"}],"wp:term":[{"taxonomy":"product_brand","embeddable":true,"href":"https:\/\/forbabyboss.com\/cs\/wp-json\/wp\/v2\/product_brand?post=4540"},{"taxonomy":"product_cat","embeddable":true,"href":"https:\/\/forbabyboss.com\/cs\/wp-json\/wp\/v2\/product_cat?post=4540"},{"taxonomy":"product_tag","embeddable":true,"href":"https:\/\/forbabyboss.com\/cs\/wp-json\/wp\/v2\/product_tag?post=4540"}],"curies":[{"name":"wp","href":"https:\/\/api.w.org\/{rel}","templated":true}]}}