{"id":4807,"date":"2022-09-10T09:38:06","date_gmt":"2022-09-10T09:38:06","guid":{"rendered":"http:\/\/forbabyboss.com\/?post_type=product&#038;p=4807"},"modified":"2026-02-21T16:29:27","modified_gmt":"2026-02-21T16:29:27","slug":"detsky-kocarek-bebetto-nitello-system-4v1-13","status":"publish","type":"product","link":"https:\/\/forbabyboss.com\/cs\/product\/baby-pushchair-bebetto-nitello-system-4in1-13\/","title":{"rendered":"D\u011btsk\u00fd ko\u010d\u00e1rek Bebetto Nitello System 4v1 \u2013 13"},"content":{"rendered":"<h4 style=\"text-align: justify;\" align=\"center\"><strong><span style=\"font-family: Arial; color: #e14d43;\">PRO\u010c NITELLO?<\/span><\/strong><\/h4>\n<p style=\"text-align: justify;\" align=\"center\"><strong><span style=\"font-family: Arial; color: #808080;\">Korbi\u010dka je standardn\u00ed verze, kter\u00e1 se vyzna\u010duje atraktivn\u00edmi vzory na st\u0159\u00ed\u0161ce, kter\u00e9 dokonale lad\u00ed s \u0161edou nebo \u010dernou l\u00e1tkou dna korbi\u010dky. St\u0159\u00ed\u0161ku korbi\u010dky lze \u0161iroce otev\u0159\u00edt, aby chr\u00e1nila va\u0161e d\u00edt\u011b p\u0159ed sluncem, de\u0161t\u011bm nebo v\u011btrem. Nastaviteln\u00e9 op\u011bradlo umo\u017e\u0148uje zm\u011bnit polohu d\u00edt\u011bte. Matrace m\u00e1 vod\u011bodolnou vlo\u017eku. Potah m\u00e1 zap\u00edn\u00e1n\u00ed na zip, kter\u00e9 usnad\u0148uje jeho \u010di\u0161t\u011bn\u00ed.<\/span><\/strong><\/p>\n<p style=\"text-align: justify;\" align=\"center\"><strong><span style=\"font-family: Arial; color: #808080;\">Vyrobeno v Evrop\u011b z vysoce kvalitn\u00edch materi\u00e1l\u016f, lehk\u00fd ko\u010d\u00e1rek navr\u017een\u00fd v modern\u00edm stylu.<\/span><\/strong><\/p>\n<h4 style=\"text-align: justify;\" align=\"center\"><strong><span style=\"font-family: Arial; color: #808080;\"><span style=\"color: #e14d43;\">CENA V CEN\u011a<\/span> :<\/span><\/strong><\/h4>\n<p style=\"text-align: justify;\" align=\"center\"><strong><span style=\"font-family: Arial; color: #808080;\">\u2013 Hlin\u00edkov\u00fd r\u00e1m<\/span><\/strong><\/p>\n<p style=\"text-align: justify;\" align=\"center\"><strong><span style=\"font-family: Arial; color: #808080;\">\u2013 4 kola<\/span><\/strong><\/p>\n<p style=\"text-align: justify;\" align=\"center\"><strong><span style=\"font-family: Arial; color: #808080;\">\u2013 P\u0159enosn\u00e1 korba<\/span><\/strong><\/p>\n<p style=\"text-align: justify;\" align=\"center\"><strong><span style=\"font-family: Arial; color: #808080;\">\u2013 Potah na ko\u010d\u00e1rek a matrace<\/span><\/strong><\/p>\n<p style=\"text-align: justify;\" align=\"center\"><strong><span style=\"font-family: Arial; color: #808080;\">\u2013 Pl\u00e1\u0161t\u011bnka<\/span><\/strong><\/p>\n<p style=\"text-align: justify;\" align=\"center\"><strong><span style=\"font-family: Arial; color: #808080;\">\u2013 Moskyti\u00e9ra<\/span><\/strong><\/p>\n<p style=\"text-align: justify;\" align=\"center\"><strong><span style=\"font-family: Arial; color: #808080;\">\u2013 Modern\u00ed ta\u0161ka<\/span><\/strong><\/p>\n<p style=\"text-align: justify;\" align=\"center\"><strong><span style=\"font-family: Arial; color: #808080;\">\u2013 N\u00e1kupn\u00ed ko\u0161\u00edk<\/span><\/strong><\/p>\n<p style=\"text-align: justify;\" align=\"center\"><strong><span style=\"font-family: Arial; color: #808080;\">\u2013 Dr\u017e\u00e1k na poh\u00e1r<\/span><\/strong><\/p>\n<p style=\"text-align: justify;\" align=\"center\"><strong><span style=\"font-family: Arial; color: #808080;\">\u2013 Z\u00e1ruka 24 m\u011bs\u00edc\u016f<\/span><\/strong><\/p>\n<p style=\"text-align: justify;\" align=\"center\"><strong><span style=\"font-family: Arial; color: #808080;\">\u2013 Ko\u010d\u00e1rek<\/span><\/strong><\/p>\n<p style=\"text-align: justify;\" align=\"center\"><strong><span style=\"font-family: Arial; color: #808080;\">\u2013 *Autoseda\u010dka (voliteln\u00e9)<\/span><\/strong><\/p>\n<p style=\"text-align: justify;\" align=\"center\"><strong><span style=\"font-family: Arial; color: #808080;\">\u2013 *Z\u00e1kladna Isofix (voliteln\u00e9)<\/span><\/strong><\/p>\n<div><strong><span style=\"color: #808080;\">Slo\u017een\u00fd se vejde do prostoru: 75x59x36cm<\/span><\/strong><\/div>\n<div><\/div>\n<div><strong><span style=\"color: #808080;\">*Rozm\u011bry: d\u00e9lka, \u0161\u00ed\u0159ka, v\u00fd\u0161ka, hmotnost.<\/span><\/strong><\/div>\n<div><\/div>\n<div><strong><img decoding=\"async\" src=\"https:\/\/i.ebayimg.com\/images\/g\/JE0AAOSwXUpilzy9\/s-l1600.png\" alt=\"Obr\u00e1zek 7 - D\u011btsk\u00fd ko\u010d\u00e1rek Bebetto Nitello Cestovn\u00ed syst\u00e9m 2v1 3v1 4v1 Autoseda\u010dka\" \/><\/strong><\/div>\n<div><\/div>\n<div><strong><img decoding=\"async\" src=\"https:\/\/i.ebayimg.com\/images\/g\/IO0AAOSwSo9ilzy-\/s-l1600.png\" alt=\"Obr\u00e1zek 8 - D\u011btsk\u00fd ko\u010d\u00e1rek Bebetto Nitello Cestovn\u00ed syst\u00e9m 2v1 3v1 4v1 Autoseda\u010dka\" \/><\/strong><\/div>\n<div><\/div>\n<div><\/div>\n<div style=\"text-align: left;\"><a href=\"http:\/\/forbabyboss.com\/wp-content\/uploads\/2022\/09\/checkout.png\"><img loading=\"lazy\" decoding=\"async\" class=\"size-full wp-image-5965 alignleft\" src=\"http:\/\/forbabyboss.com\/wp-content\/uploads\/2022\/09\/checkout.png\" alt=\"\" width=\"750\" height=\"276\" srcset=\"https:\/\/forbabyboss.com\/wp-content\/uploads\/2022\/09\/checkout.png 750w, https:\/\/forbabyboss.com\/wp-content\/uploads\/2022\/09\/checkout-600x221.png 600w\" sizes=\"auto, (max-width: 750px) 100vw, 750px\" \/><\/a><\/div>","protected":false},"excerpt":{"rendered":"<p><a href=\"http:\/\/forbabyboss.com\/wp-content\/uploads\/2022\/09\/Star-Rating-5.png\"><img loading=\"lazy\" decoding=\"async\" class=\"alignnone size-full wp-image-5973 aligncenter\" src=\"http:\/\/forbabyboss.com\/wp-content\/uploads\/2022\/09\/Star-Rating-5.png\" alt=\"\" width=\"275\" height=\"45\" \/><\/a><\/p>\n<p style=\"text-align: center;\"><span style=\"color: #ed1c24; font-size: 120%;\"><b>GARANCE SHODU CEN<\/b><\/span><\/p>\n<p style=\"text-align: center;\"><span style=\"font-size: 115%;\"><span style=\"font-weight: 400; color: #4f4fa7;\">Doprava zdarma<\/span><span style=\"font-weight: 400;\"> \u2013 2 \u2013 7 dn\u00ed<\/span><\/span><\/p>\n<p style=\"text-align: center;\"><strong><span style=\"color: #29606b;\">D\u00e1rek zdarma k n\u00e1kupu nad 100 GBP<\/span><\/strong><\/p>","protected":false},"featured_media":4809,"template":"","meta":[],"product_brand":[583],"product_cat":[339,157,156,197,305,215,130,211],"product_tag":[163,200,199],"class_list":{"0":"post-4807","1":"product","2":"type-product","3":"status-publish","4":"has-post-thumbnail","6":"product_brand-bebetto","7":"product_cat-700-to-800","8":"product_cat-2-in-1","9":"product_cat-3-in-1","10":"product_cat-4-in-1-pram","11":"product_cat-colour","12":"product_cat-pink","13":"product_cat-prams","14":"product_cat-stroller","15":"product_tag-3-in-1-prams","16":"product_tag-4-in-1-pram","17":"product_tag-prams","19":"first","20":"instock","21":"sale","22":"shipping-taxable","23":"purchasable","24":"product-type-simple"},"yoast_head":"<!-- This site is optimized with the Yoast SEO plugin v27.5 - https:\/\/yoast.com\/product\/yoast-seo-wordpress\/ -->\n<title>Baby Pushchair Bebetto Nitello System 4in1 - 13 - For Baby Boss<\/title>\n<meta name=\"description\" content=\"Baby Pushchair Bebetto Nitello System 4in1 - 13\" \/>\n<meta name=\"robots\" content=\"index, follow, max-snippet:-1, max-image-preview:large, max-video-preview:-1\" \/>\n<link rel=\"canonical\" href=\"https:\/\/forbabyboss.com\/cs\/product\/detsky-kocarek-bebetto-nitello-system-4v1-13\/\" \/>\n<meta property=\"og:locale\" content=\"cs_CZ\" \/>\n<meta property=\"og:type\" content=\"article\" \/>\n<meta property=\"og:title\" content=\"Baby Pushchair Bebetto Nitello System 4in1 - 13 - For Baby Boss\" \/>\n<meta property=\"og:description\" content=\"Baby Pushchair Bebetto Nitello System 4in1 - 13\" \/>\n<meta property=\"og:url\" content=\"https:\/\/forbabyboss.com\/cs\/product\/detsky-kocarek-bebetto-nitello-system-4v1-13\/\" \/>\n<meta property=\"og:site_name\" content=\"For Baby Boss\" \/>\n<meta property=\"article:modified_time\" content=\"2026-02-21T16:29:27+00:00\" \/>\n<meta property=\"og:image\" content=\"https:\/\/forbabyboss.com\/wp-content\/uploads\/2022\/09\/Baby-Pram-Pushchair-Bebetto-Nitello-Travel-System-2in1-3in1-4in1-Car-Seat-4in13in1isofix-base-13_main.png\" \/>\n\t<meta property=\"og:image:width\" content=\"1000\" \/>\n\t<meta property=\"og:image:height\" content=\"1000\" \/>\n\t<meta property=\"og:image:type\" content=\"image\/png\" \/>\n<meta name=\"twitter:card\" content=\"summary_large_image\" \/>\n<meta name=\"twitter:label1\" content=\"Odhadovan\u00e1 doba \u010dten\u00ed\" \/>\n\t<meta name=\"twitter:data1\" content=\"2 minuty\" \/>\n<script type=\"application\/ld+json\" class=\"yoast-schema-graph\">{\"@context\":\"https:\\\/\\\/schema.org\",\"@graph\":[{\"@type\":\"WebPage\",\"@id\":\"https:\\\/\\\/forbabyboss.com\\\/product\\\/baby-pushchair-bebetto-nitello-system-4in1-13\\\/\",\"url\":\"https:\\\/\\\/forbabyboss.com\\\/product\\\/baby-pushchair-bebetto-nitello-system-4in1-13\\\/\",\"name\":\"Baby Pushchair Bebetto Nitello System 4in1 - 13 - For Baby Boss\",\"isPartOf\":{\"@id\":\"https:\\\/\\\/powderblue-seahorse-496884.hostingersite.com\\\/#website\"},\"primaryImageOfPage\":{\"@id\":\"https:\\\/\\\/forbabyboss.com\\\/product\\\/baby-pushchair-bebetto-nitello-system-4in1-13\\\/#primaryimage\"},\"image\":{\"@id\":\"https:\\\/\\\/forbabyboss.com\\\/product\\\/baby-pushchair-bebetto-nitello-system-4in1-13\\\/#primaryimage\"},\"thumbnailUrl\":\"https:\\\/\\\/forbabyboss.com\\\/wp-content\\\/uploads\\\/2022\\\/09\\\/Baby-Pram-Pushchair-Bebetto-Nitello-Travel-System-2in1-3in1-4in1-Car-Seat-4in13in1isofix-base-13_main.png\",\"datePublished\":\"2022-09-10T09:38:06+00:00\",\"dateModified\":\"2026-02-21T16:29:27+00:00\",\"description\":\"Baby Pushchair Bebetto Nitello System 4in1 - 13\",\"breadcrumb\":{\"@id\":\"https:\\\/\\\/forbabyboss.com\\\/product\\\/baby-pushchair-bebetto-nitello-system-4in1-13\\\/#breadcrumb\"},\"inLanguage\":\"cs\",\"potentialAction\":[{\"@type\":\"ReadAction\",\"target\":[\"https:\\\/\\\/forbabyboss.com\\\/product\\\/baby-pushchair-bebetto-nitello-system-4in1-13\\\/\"]}]},{\"@type\":\"ImageObject\",\"inLanguage\":\"cs\",\"@id\":\"https:\\\/\\\/forbabyboss.com\\\/product\\\/baby-pushchair-bebetto-nitello-system-4in1-13\\\/#primaryimage\",\"url\":\"https:\\\/\\\/forbabyboss.com\\\/wp-content\\\/uploads\\\/2022\\\/09\\\/Baby-Pram-Pushchair-Bebetto-Nitello-Travel-System-2in1-3in1-4in1-Car-Seat-4in13in1isofix-base-13_main.png\",\"contentUrl\":\"https:\\\/\\\/forbabyboss.com\\\/wp-content\\\/uploads\\\/2022\\\/09\\\/Baby-Pram-Pushchair-Bebetto-Nitello-Travel-System-2in1-3in1-4in1-Car-Seat-4in13in1isofix-base-13_main.png\",\"width\":1000,\"height\":1000},{\"@type\":\"BreadcrumbList\",\"@id\":\"https:\\\/\\\/forbabyboss.com\\\/product\\\/baby-pushchair-bebetto-nitello-system-4in1-13\\\/#breadcrumb\",\"itemListElement\":[{\"@type\":\"ListItem\",\"position\":1,\"name\":\"Home\",\"item\":\"https:\\\/\\\/forbabyboss.com\\\/\"},{\"@type\":\"ListItem\",\"position\":2,\"name\":\"Shop\",\"item\":\"https:\\\/\\\/forbabyboss.com\\\/shop\\\/\"},{\"@type\":\"ListItem\",\"position\":3,\"name\":\"Baby Pushchair Bebetto Nitello System 4in1 &#8211; 13\"}]},{\"@type\":\"WebSite\",\"@id\":\"https:\\\/\\\/powderblue-seahorse-496884.hostingersite.com\\\/#website\",\"url\":\"https:\\\/\\\/powderblue-seahorse-496884.hostingersite.com\\\/\",\"name\":\"For Baby Boss\",\"description\":\"Beautiful gifts and accessories for your baby boss\",\"potentialAction\":[{\"@type\":\"SearchAction\",\"target\":{\"@type\":\"EntryPoint\",\"urlTemplate\":\"https:\\\/\\\/powderblue-seahorse-496884.hostingersite.com\\\/?s={search_term_string}\"},\"query-input\":{\"@type\":\"PropertyValueSpecification\",\"valueRequired\":true,\"valueName\":\"search_term_string\"}}],\"inLanguage\":\"cs\"}]}<\/script>\n<!-- \/ Yoast SEO plugin. -->","yoast_head_json":{"title":"D\u011btsk\u00fd ko\u010d\u00e1rek Bebetto Nitello System 4v1 - 13 - Pro Baby Boss","description":"D\u011btsk\u00fd ko\u010d\u00e1rek Bebetto Nitello System 4v1 - 13","robots":{"index":"index","follow":"follow","max-snippet":"max-snippet:-1","max-image-preview":"max-image-preview:large","max-video-preview":"max-video-preview:-1"},"canonical":"https:\/\/forbabyboss.com\/cs\/product\/detsky-kocarek-bebetto-nitello-system-4v1-13\/","og_locale":"cs_CZ","og_type":"article","og_title":"Baby Pushchair Bebetto Nitello System 4in1 - 13 - For Baby Boss","og_description":"Baby Pushchair Bebetto Nitello System 4in1 - 13","og_url":"https:\/\/forbabyboss.com\/cs\/product\/detsky-kocarek-bebetto-nitello-system-4v1-13\/","og_site_name":"For Baby Boss","article_modified_time":"2026-02-21T16:29:27+00:00","og_image":[{"width":1000,"height":1000,"url":"https:\/\/forbabyboss.com\/wp-content\/uploads\/2022\/09\/Baby-Pram-Pushchair-Bebetto-Nitello-Travel-System-2in1-3in1-4in1-Car-Seat-4in13in1isofix-base-13_main.png","type":"image\/png"}],"twitter_card":"summary_large_image","twitter_misc":{"Odhadovan\u00e1 doba \u010dten\u00ed":"2 minuty"},"schema":{"@context":"https:\/\/schema.org","@graph":[{"@type":"WebPage","@id":"https:\/\/forbabyboss.com\/product\/baby-pushchair-bebetto-nitello-system-4in1-13\/","url":"https:\/\/forbabyboss.com\/product\/baby-pushchair-bebetto-nitello-system-4in1-13\/","name":"D\u011btsk\u00fd ko\u010d\u00e1rek Bebetto Nitello System 4v1 - 13 - Pro Baby Boss","isPartOf":{"@id":"https:\/\/powderblue-seahorse-496884.hostingersite.com\/#website"},"primaryImageOfPage":{"@id":"https:\/\/forbabyboss.com\/product\/baby-pushchair-bebetto-nitello-system-4in1-13\/#primaryimage"},"image":{"@id":"https:\/\/forbabyboss.com\/product\/baby-pushchair-bebetto-nitello-system-4in1-13\/#primaryimage"},"thumbnailUrl":"https:\/\/forbabyboss.com\/wp-content\/uploads\/2022\/09\/Baby-Pram-Pushchair-Bebetto-Nitello-Travel-System-2in1-3in1-4in1-Car-Seat-4in13in1isofix-base-13_main.png","datePublished":"2022-09-10T09:38:06+00:00","dateModified":"2026-02-21T16:29:27+00:00","description":"D\u011btsk\u00fd ko\u010d\u00e1rek Bebetto Nitello System 4v1 - 13","breadcrumb":{"@id":"https:\/\/forbabyboss.com\/product\/baby-pushchair-bebetto-nitello-system-4in1-13\/#breadcrumb"},"inLanguage":"cs","potentialAction":[{"@type":"ReadAction","target":["https:\/\/forbabyboss.com\/product\/baby-pushchair-bebetto-nitello-system-4in1-13\/"]}]},{"@type":"ImageObject","inLanguage":"cs","@id":"https:\/\/forbabyboss.com\/product\/baby-pushchair-bebetto-nitello-system-4in1-13\/#primaryimage","url":"https:\/\/forbabyboss.com\/wp-content\/uploads\/2022\/09\/Baby-Pram-Pushchair-Bebetto-Nitello-Travel-System-2in1-3in1-4in1-Car-Seat-4in13in1isofix-base-13_main.png","contentUrl":"https:\/\/forbabyboss.com\/wp-content\/uploads\/2022\/09\/Baby-Pram-Pushchair-Bebetto-Nitello-Travel-System-2in1-3in1-4in1-Car-Seat-4in13in1isofix-base-13_main.png","width":1000,"height":1000},{"@type":"BreadcrumbList","@id":"https:\/\/forbabyboss.com\/product\/baby-pushchair-bebetto-nitello-system-4in1-13\/#breadcrumb","itemListElement":[{"@type":"ListItem","position":1,"name":"Home","item":"https:\/\/forbabyboss.com\/"},{"@type":"ListItem","position":2,"name":"Shop","item":"https:\/\/forbabyboss.com\/shop\/"},{"@type":"ListItem","position":3,"name":"Baby Pushchair Bebetto Nitello System 4in1 &#8211; 13"}]},{"@type":"WebSite","@id":"https:\/\/powderblue-seahorse-496884.hostingersite.com\/#website","url":"https:\/\/powderblue-seahorse-496884.hostingersite.com\/","name":"Pro Baby Boss","description":"Kr\u00e1sn\u00e9 d\u00e1rky a dopl\u0148ky pro va\u0161eho \u0161\u00e9fa","potentialAction":[{"@type":"SearchAction","target":{"@type":"EntryPoint","urlTemplate":"https:\/\/powderblue-seahorse-496884.hostingersite.com\/?s={search_term_string}"},"query-input":{"@type":"PropertyValueSpecification","valueRequired":true,"valueName":"search_term_string"}}],"inLanguage":"cs"}]}},"_links":{"self":[{"href":"https:\/\/forbabyboss.com\/cs\/wp-json\/wp\/v2\/product\/4807","targetHints":{"allow":["GET"]}}],"collection":[{"href":"https:\/\/forbabyboss.com\/cs\/wp-json\/wp\/v2\/product"}],"about":[{"href":"https:\/\/forbabyboss.com\/cs\/wp-json\/wp\/v2\/types\/product"}],"wp:featuredmedia":[{"embeddable":true,"href":"https:\/\/forbabyboss.com\/cs\/wp-json\/wp\/v2\/media\/4809"}],"wp:attachment":[{"href":"https:\/\/forbabyboss.com\/cs\/wp-json\/wp\/v2\/media?parent=4807"}],"wp:term":[{"taxonomy":"product_brand","embeddable":true,"href":"https:\/\/forbabyboss.com\/cs\/wp-json\/wp\/v2\/product_brand?post=4807"},{"taxonomy":"product_cat","embeddable":true,"href":"https:\/\/forbabyboss.com\/cs\/wp-json\/wp\/v2\/product_cat?post=4807"},{"taxonomy":"product_tag","embeddable":true,"href":"https:\/\/forbabyboss.com\/cs\/wp-json\/wp\/v2\/product_tag?post=4807"}],"curies":[{"name":"wp","href":"https:\/\/api.w.org\/{rel}","templated":true}]}}