{"id":5219,"date":"2022-09-11T14:16:40","date_gmt":"2022-09-11T14:16:40","guid":{"rendered":"http:\/\/forbabyboss.com\/?post_type=product&#038;p=5219"},"modified":"2026-02-21T12:42:16","modified_gmt":"2026-02-21T12:42:16","slug":"luxusni-utulny-skladaci-kocarek-3-v-1-pro-novorozence-a-batolata-v-cervene-barve","status":"publish","type":"product","link":"https:\/\/forbabyboss.com\/cs\/product\/3-in-1-luxury-cosy-folding-pushchair-for-newborns-toddlers-in-red\/","title":{"rendered":"Luxusn\u00ed pohodln\u00fd skl\u00e1dac\u00ed ko\u010d\u00e1rek 3 v 1 pro novorozence a batolata v \u010derven\u00e9 barv\u011b"},"content":{"rendered":"<h1><strong><span style=\"font-size: 190%; color: #e14d43;\">Stylov\u00fd ko\u010d\u00e1rek \u2013 kompatibiln\u00ed cestovn\u00ed syst\u00e9m<\/span><\/strong><\/h1>\n<p style=\"text-align: justify;\"><span style=\"color: #282828;\"><strong>D\u011btsk\u00fd ko\u010d\u00e1rek zahrnuje podvozek, hlubokou korbi\u010dku, ko\u010d\u00e1rek, st\u0159\u00ed\u0161ku, loketn\u00ed op\u011brky, potahy na sedadlo, prostornou ta\u0161ku, n\u00e1kupn\u00ed ko\u0161\u00edk, podlo\u017eky pod nohy, pl\u00e1\u0161t\u011bnku, moskyti\u00e9ru, bezpe\u010dnostn\u00ed madlo, p\u0159ebalovac\u00ed podlo\u017eku, dr\u017e\u00e1k na n\u00e1poje a prody\u0161nou a hypoalergenn\u00ed matraci. Od 6 m\u011bs\u00edc\u016f jej m\u016f\u017eete pou\u017e\u00edvat jako ko\u010d\u00e1rek. Ko\u010d\u00e1rek m\u00e1 oto\u010dn\u00e9 sedadlo, kter\u00e9 lze pou\u017e\u00edvat ob\u011bma sm\u011bry. Prodlou\u017een\u00e1 st\u0159\u00ed\u0161ka m\u00e1 syst\u00e9m odpuzuj\u00edc\u00ed tekutiny. Nav\u00edc m\u00e1 slune\u010dn\u00ed clonu s ochranou UVA 30+. Ko\u010d\u00e1rek jsme navrhli tak, aby podporoval rodi\u010de a d\u011bti od narozen\u00ed do 3 let. Je dob\u0159e p\u0159izp\u016fsoben pot\u0159eb\u00e1m va\u0161eho rostouc\u00edho d\u00edt\u011bte \u2013 za\u010d\u00edn\u00e1te s hlubokou korbi\u010dkou s r\u00e1mem ko\u010d\u00e1rku. Jakmile se rozhodnete, \u017ee d\u00edt\u011b je dostate\u010dn\u011b velk\u00e9 a p\u0159ipraven\u00e9 sed\u011bt b\u011bhem proch\u00e1zek, namontujete pohodlnou seda\u010dku proti sm\u011bru nebo proti sm\u011bru j\u00edzdy. M\u016f\u017eete si p\u0159\u00e1t n\u011bco v\u00edc?<\/strong><\/span><\/p>\n<p style=\"text-align: justify;\"><span style=\"color: #282828;\"><strong>Na\u0161e d\u011btsk\u00e9 ko\u010d\u00e1rky zahrnuj\u00ed v\u0161echny inovativn\u00ed technologie.<\/strong><\/span><br \/>\n<span style=\"color: #282828;\"><strong>Korbi\u010dku, sportovn\u00ed seda\u010dku a autoseda\u010dku lze p\u0159ipevnit proti sm\u011bru j\u00edzdy i proti sm\u011bru j\u00edzdy. Odpru\u017een\u00ed je prvek, kter\u00fd je zodpov\u011bdn\u00fd za j\u00edzdu bez n\u00e1raz\u016f. Zajist\u00ed va\u0161emu d\u00edt\u011bti klidn\u00fd sp\u00e1nek.<\/strong><\/span><br \/>\n<span style=\"color: #282828;\"><strong>Syst\u00e9m Shock Stop pou\u017e\u00edvan\u00fd v na\u0161ich ko\u010d\u00e1rc\u00edch sni\u017euje nep\u0159\u00edjemn\u00e9 vibrace. Skl\u00e1d\u00e1 se ze dvou prvk\u016f: odpru\u017een\u00ed zadn\u00edch kol a dodate\u010dn\u00e9ho bo\u010dn\u00edho odpru\u017een\u00ed. Ko\u010d\u00e1rek je p\u0159ipraven k pou\u017eit\u00ed prakticky ihned po vybalen\u00ed (sta\u010d\u00ed rozlo\u017eit r\u00e1m, nasadit kole\u010dka a p\u0159ipevnit korbu) \u2013 nemus\u00edte \u0161roubovat ani jeden \u0161roub.<\/strong><\/span><\/p>\n<p style=\"text-align: justify;\"><span style=\"color: #282828;\"><strong>Ko\u010d\u00e1rek je vybaven velk\u00fdm n\u00e1kupn\u00edm ko\u0161\u00edkem, nastavitelnou rukojet\u00ed z ekok\u016f\u017ee a ochranou proti slunci.<\/strong><\/span><br \/>\n<span style=\"color: #282828;\"><strong>Centr\u00e1ln\u00ed brzda se snadno pou\u017e\u00edv\u00e1 \u2013 lze ji zapnout nebo vypnout jedin\u00fdm pohybem.<\/strong><\/span><\/p>\n<p style=\"text-align: justify;\"><span style=\"color: #282828;\"><strong>Skl\u00e1dac\u00ed a odv\u011btr\u00e1van\u00e1 st\u0159\u00ed\u0161ka korbi\u010dky. Prostorn\u00e1 ta\u0161ka na zip \u2013 m\u016f\u017eete ji p\u0159ipevnit na r\u00e1m ko\u010d\u00e1rku nebo si ji vz\u00edt s sebou.<\/strong><\/span><\/p>\n<p style=\"text-align: justify;\"><span style=\"color: #282828;\"><strong>Re\u017eim po sm\u011bru j\u00edzdy a proti sm\u011bru j\u00edzdy.<\/strong><\/span><br \/>\n<span style=\"color: #282828;\"><strong>Odoln\u00e1 a snadno \u010distiteln\u00e1 op\u011brka nohou.<\/strong><\/span><\/p>\n<p style=\"text-align: justify;\"><span style=\"color: #282828;\"><strong>Korbi\u010dka je vybavena m\u011bkkou a pohodlnou pratelnou matrac\u00ed a nastaviteln\u00fdm op\u011bradlem.<\/strong><\/span><\/p>\n<p style=\"text-align: justify;\"><span style=\"color: #282828;\"><strong>Vysoce kvalitn\u00ed povrchov\u00e1 \u00faprava z eko k\u016f\u017ee.<\/strong><\/span><\/p>\n<p style=\"text-align: justify;\"><span style=\"color: #282828;\"><strong>Odpru\u017een\u00ed zadn\u00edch kol m\u00e1 t\u0159\u00edstup\u0148ov\u00e9 nastaven\u00ed tvrdosti a vyva\u017euje hmotnost ko\u010d\u00e1rku, tak\u017ee ko\u010d\u00e1rek hladce jezd\u00ed po hrbolat\u00fdch silnic\u00edch.<\/strong><\/span><\/p>\n<h1><strong><span style=\"font-size: 160%; color: #e14d43;\">N\u00e1\u0161 ko\u010d\u00e1rek 3 v 1 je dob\u0159e navr\u017een\u00fd cestovn\u00ed syst\u00e9m.<\/span><\/strong><\/h1>\n<h3 style=\"text-align: justify;\"><strong><span style=\"color: #e14d43;\">Vlastnosti:<\/span><\/strong><\/h3>\n<p style=\"text-align: justify;\"><span style=\"color: #282828;\"><strong>- re\u017eim po sm\u011bru j\u00edzdy a proti sm\u011bru j\u00edzdy<\/strong><\/span><br \/>\n<span style=\"color: #282828;\"><strong>- autoseda\u010dka p\u0159ipevniteln\u00e1 na podvozek<\/strong><\/span><br \/>\n<span style=\"color: #282828;\"><strong>- v\u011btrac\u00ed ok\u00e9nko v zadn\u00ed \u010d\u00e1sti kapuce<\/strong><\/span><br \/>\n<span style=\"color: #282828;\"><strong>-gondola m\u00e1 m\u011bkkou pod\u0161\u00edvku, kterou lze vyjmout a vyprat<\/strong><\/span><br \/>\n<span style=\"color: #282828;\"><strong>- kryt gondoly lze zvednout a vytvo\u0159it tak lapa\u010d v\u011btru<\/strong><\/span><br \/>\n<span style=\"color: #282828;\"><strong>- prodlou\u017een\u00e1, odn\u00edmateln\u00e1 kapuce<\/strong><\/span><br \/>\n<span style=\"color: #282828;\"><strong>- p\u011btibodov\u00fd bezpe\u010dnostn\u00ed p\u00e1s<\/strong><\/span><br \/>\n<span style=\"color: #282828;\"><strong>-laminovan\u00e1 op\u011brka nohou<\/strong><\/span><br \/>\n<span style=\"color: #282828;\"><strong>- v\u00edce\u00farov\u0148ov\u00e1 nastaviteln\u00e1 rukoje\u0165<\/strong><\/span><br \/>\n<span style=\"color: #282828;\"><strong>- nastaviteln\u00e9 odpru\u017een\u00ed<\/strong><\/span><br \/>\n<span style=\"color: #282828;\"><strong>- robustn\u00ed r\u00e1m<\/strong><\/span><br \/>\n<span style=\"color: #282828;\"><strong>- nastaviteln\u00e9 nohy a op\u011bradlo<\/strong><\/span><br \/>\n<span style=\"color: #282828;\"><strong>-centr\u00e1ln\u00ed brzda EASY STOP<\/strong><\/span><br \/>\n<span style=\"color: #282828;\"><strong>- velk\u00fd n\u00e1kupn\u00ed ko\u0161\u00edk<\/strong><\/span><br \/>\n<span style=\"color: #282828;\"><strong>Vhodnost pro ko\u010d\u00e1rek 0-3 roky<\/strong><\/span><br \/>\n<span style=\"color: #282828;\"><strong>Autoseda\u010dka do 10 kg<\/strong><\/span><\/p>\n<h3 style=\"text-align: justify;\"><strong><span style=\"color: #e14d43;\">Vlastnosti autoseda\u010dky:<\/span><\/strong><\/h3>\n<p style=\"text-align: justify;\"><span style=\"color: #282828;\"><strong>-p\u0159\u00eddavn\u00e1 vlo\u017eka pro kojence<\/strong><\/span><br \/>\n<span style=\"color: #282828;\"><strong>- nastaviteln\u00e1 rukoje\u0165<\/strong><\/span><br \/>\n<span style=\"color: #282828;\"><strong>- odn\u00edmateln\u00fd kryt nohou<\/strong><\/span><br \/>\n<span style=\"color: #282828;\"><strong>- odn\u00edmateln\u00e1 kapuce<\/strong><\/span><br \/>\n<span style=\"color: #282828;\"><strong>- t\u0159\u00edbodov\u00e9 bezpe\u010dnostn\u00ed p\u00e1sy<\/strong><\/span><br \/>\n<span style=\"color: #282828;\"><strong>-mo\u017enost kol\u00e9bky<\/strong><\/span><\/p>\n<h3 style=\"text-align: justify;\"><strong><span style=\"color: #e14d43;\">Sada obsahuje:<\/span><\/strong><\/h3>\n<p style=\"text-align: justify;\"><span style=\"color: #282828;\"><strong>-r\u00e1m s rukojet\u00ed z ekok\u016f\u017ee<\/strong><\/span><br \/>\n<span style=\"color: #282828;\"><strong>-gondola s nastaviteln\u00fdm op\u011bradlem<\/strong><\/span><br \/>\n<span style=\"color: #282828;\"><strong>-seda\u010dka<\/strong><\/span><br \/>\n<span style=\"color: #282828;\"><strong>- dva kryty na nohy (na ko\u010d\u00e1rek a gondolu)<\/strong><\/span><br \/>\n<span style=\"color: #282828;\"><strong>- multifunk\u010dn\u00ed autoseda\u010dka s adapt\u00e9ry<\/strong><\/span><br \/>\n<span style=\"color: #282828;\"><strong>-pl\u00e1\u0161t\u011bnka<\/strong><\/span><br \/>\n<span style=\"color: #282828;\"><strong>- s\u00ed\u0165 proti kom\u00e1r\u016fm<\/strong><\/span><br \/>\n<span style=\"color: #282828;\"><strong>-ta\u0161ka a p\u0159ebalovac\u00ed podlo\u017eka<\/strong><\/span><br \/>\n<span style=\"color: #282828;\"><strong>- m\u011bkk\u00e1, gelov\u00e1 kole\u010dka odoln\u00e1 proti funk\u010dnosti (do ka\u017ed\u00e9ho ter\u00e9nu)<\/strong><\/span><br \/>\n<span style=\"color: #282828;\"><strong>- rukoje\u0165 na lahev<\/strong><\/span><br \/>\n<span style=\"color: #282828;\"><strong>- velk\u00e1 kapsa na zadn\u00ed stran\u011b ta\u0161ky a dv\u011b mal\u00e9 po stran\u00e1ch<\/strong><\/span><\/p>\n<p style=\"text-align: justify;\"><span style=\"color: #282828;\"><strong>Slo\u017een\u00fd r\u00e1m s koly (d\u00e9lka x \u0161\u00ed\u0159ka x v\u00fd\u0161ka): 85x60x40cm<\/strong><\/span><br \/>\n<span style=\"color: #282828;\"><strong>Sestaven\u00fd ko\u010d\u00e1rek (v\u00fd\u0161ka x \u0161\u00ed\u0159ka x d\u00e9lka): 115x60x95cm<\/strong><\/span><br \/>\n<span style=\"color: #282828;\"><strong>Vnit\u0159n\u00ed rozm\u011bry gondoly (\u0161\u00ed\u0159ka x d\u00e9lka x v\u00fd\u0161ka): 36x80x20cm<\/strong><\/span><br \/>\n<span style=\"color: #282828;\"><strong>Vnit\u0159n\u00ed rozm\u011bry ko\u010d\u00e1rku (\u0161\u00ed\u0159ka x d\u00e9lka op\u011bradla x d\u00e9lka sed\u00e1ku x d\u00e9lka podno\u017eky): 34x48x26x23 cm<\/strong><\/span><br \/>\n<span style=\"color: #282828;\"><strong>R\u00e1m s kole\u010dky: 10 kg<\/strong><\/span><br \/>\n<span style=\"color: #282828;\"><strong>Ko\u010d\u00e1rek: 15 kg<\/strong><\/span><br \/>\n<span style=\"color: #282828;\"><strong>Hlubok\u00fd ko\u010d\u00e1rek: 16 kg<\/strong><\/span><br \/>\n<span style=\"color: #282828;\"><strong>Rozsah regulace rukojeti: 70 cm a\u017e 115 cm<\/strong><\/span><br \/>\n<span style=\"color: #282828;\"><strong>Ko\u010d\u00e1rek: Bezpe\u010dnostn\u00ed certifikace EN 1888:2018<\/strong><\/span><br \/>\n<span style=\"color: #282828;\"><strong>Autoseda\u010dka s certifikac\u00ed ECE 44-04 pro bezpe\u010dnost<\/strong><\/span><br \/>\n<span style=\"color: #282828;\"><strong>12m\u011bs\u00ed\u010dn\u00ed z\u00e1ruka<\/strong><\/span><\/p>\n<p><strong><a href=\"http:\/\/forbabyboss.com\/wp-content\/uploads\/2022\/09\/checkout.png\"><img loading=\"lazy\" decoding=\"async\" class=\"alignnone wp-image-5965\" src=\"http:\/\/forbabyboss.com\/wp-content\/uploads\/2022\/09\/checkout.png\" alt=\"\" width=\"973\" height=\"358\" srcset=\"https:\/\/forbabyboss.com\/wp-content\/uploads\/2022\/09\/checkout.png 750w, https:\/\/forbabyboss.com\/wp-content\/uploads\/2022\/09\/checkout-600x221.png 600w\" sizes=\"auto, (max-width: 973px) 100vw, 973px\" \/><\/a><\/strong><\/p>","protected":false},"excerpt":{"rendered":"<p><a href=\"http:\/\/forbabyboss.com\/wp-content\/uploads\/2022\/09\/Star-Rating-5.png\"><img loading=\"lazy\" decoding=\"async\" class=\"alignnone size-full wp-image-5973 aligncenter\" src=\"http:\/\/forbabyboss.com\/wp-content\/uploads\/2022\/09\/Star-Rating-5.png\" alt=\"\" width=\"275\" height=\"45\" \/><\/a><\/p>\n<p style=\"text-align: center;\"><span style=\"color: #ed1c24; font-size: 120%;\"><b>GARANCE SHODU CEN<\/b><\/span><\/p>\n<p style=\"text-align: center;\"><span style=\"font-size: 115%;\"><span style=\"font-weight: 400; color: #4f4fa7;\">Doprava zdarma<\/span><span style=\"font-weight: 400;\"> \u2013 2 \u2013 7 dn\u00ed<\/span><\/span><\/p>\n<p style=\"text-align: center;\"><strong><span style=\"color: #29606b;\">D\u00e1rek zdarma k n\u00e1kupu nad 100 GBP<\/span><\/strong><\/p>","protected":false},"featured_media":5221,"template":"","meta":[],"product_brand":[370],"product_cat":[337,339,156,305,208,130,211],"product_tag":[202,199],"class_list":{"0":"post-5219","1":"product","2":"type-product","3":"status-publish","4":"has-post-thumbnail","6":"product_brand-babylux","7":"product_cat-500-to-600","8":"product_cat-700-to-800","9":"product_cat-3-in-1","10":"product_cat-colour","11":"product_cat-gold","12":"product_cat-prams","13":"product_cat-stroller","14":"product_tag-3-in-1-pram","15":"product_tag-prams","17":"first","18":"instock","19":"sale","20":"shipping-taxable","21":"purchasable","22":"product-type-simple"},"yoast_head":"<!-- This site is optimized with the Yoast SEO plugin v27.6 - https:\/\/yoast.com\/product\/yoast-seo-wordpress\/ -->\n<title>3 in 1 Luxury Cosy Folding Pushchair For Newborns &amp; Toddlers in Red - For Baby Boss<\/title>\n<meta name=\"description\" content=\"3 in 1 Luxury Cosy Folding Pushchair For Newborns &amp; Toddlers in Red\" \/>\n<meta name=\"robots\" content=\"index, follow, max-snippet:-1, max-image-preview:large, max-video-preview:-1\" \/>\n<link rel=\"canonical\" href=\"https:\/\/forbabyboss.com\/cs\/product\/luxusni-utulny-skladaci-kocarek-3-v-1-pro-novorozence-a-batolata-v-cervene-barve\/\" \/>\n<meta property=\"og:locale\" content=\"cs_CZ\" \/>\n<meta property=\"og:type\" content=\"article\" \/>\n<meta property=\"og:title\" content=\"3 in 1 Luxury Cosy Folding Pushchair For Newborns &amp; Toddlers in Red - For Baby Boss\" \/>\n<meta property=\"og:description\" content=\"3 in 1 Luxury Cosy Folding Pushchair For Newborns &amp; Toddlers in Red\" \/>\n<meta property=\"og:url\" content=\"https:\/\/forbabyboss.com\/cs\/product\/luxusni-utulny-skladaci-kocarek-3-v-1-pro-novorozence-a-batolata-v-cervene-barve\/\" \/>\n<meta property=\"og:site_name\" content=\"For Baby Boss\" \/>\n<meta property=\"article:modified_time\" content=\"2026-02-21T12:42:16+00:00\" \/>\n<meta property=\"og:image\" content=\"https:\/\/forbabyboss.com\/wp-content\/uploads\/2022\/09\/Pram-Buggy-Luxury-Cosy-Folding-Pushchair-For-Newborns-Toddlers-Travel-Set-Red_main-800x800.png\" \/>\n\t<meta property=\"og:image:width\" content=\"800\" \/>\n\t<meta property=\"og:image:height\" content=\"800\" \/>\n\t<meta property=\"og:image:type\" content=\"image\/png\" \/>\n<meta name=\"twitter:card\" content=\"summary_large_image\" \/>\n<meta name=\"twitter:label1\" content=\"Odhadovan\u00e1 doba \u010dten\u00ed\" \/>\n\t<meta name=\"twitter:data1\" content=\"3 minuty\" \/>\n<script type=\"application\/ld+json\" class=\"yoast-schema-graph\">{\"@context\":\"https:\\\/\\\/schema.org\",\"@graph\":[{\"@type\":\"WebPage\",\"@id\":\"https:\\\/\\\/forbabyboss.com\\\/product\\\/3-in-1-luxury-cosy-folding-pushchair-for-newborns-toddlers-in-red\\\/\",\"url\":\"https:\\\/\\\/forbabyboss.com\\\/product\\\/3-in-1-luxury-cosy-folding-pushchair-for-newborns-toddlers-in-red\\\/\",\"name\":\"3 in 1 Luxury Cosy Folding Pushchair For Newborns & Toddlers in Red - For Baby Boss\",\"isPartOf\":{\"@id\":\"https:\\\/\\\/powderblue-seahorse-496884.hostingersite.com\\\/#website\"},\"primaryImageOfPage\":{\"@id\":\"https:\\\/\\\/forbabyboss.com\\\/product\\\/3-in-1-luxury-cosy-folding-pushchair-for-newborns-toddlers-in-red\\\/#primaryimage\"},\"image\":{\"@id\":\"https:\\\/\\\/forbabyboss.com\\\/product\\\/3-in-1-luxury-cosy-folding-pushchair-for-newborns-toddlers-in-red\\\/#primaryimage\"},\"thumbnailUrl\":\"https:\\\/\\\/forbabyboss.com\\\/wp-content\\\/uploads\\\/2022\\\/09\\\/Pram-Buggy-Luxury-Cosy-Folding-Pushchair-For-Newborns-Toddlers-Travel-Set-Red_main.png\",\"datePublished\":\"2022-09-11T14:16:40+00:00\",\"dateModified\":\"2026-02-21T12:42:16+00:00\",\"description\":\"3 in 1 Luxury Cosy Folding Pushchair For Newborns & Toddlers in Red\",\"breadcrumb\":{\"@id\":\"https:\\\/\\\/forbabyboss.com\\\/product\\\/3-in-1-luxury-cosy-folding-pushchair-for-newborns-toddlers-in-red\\\/#breadcrumb\"},\"inLanguage\":\"cs\",\"potentialAction\":[{\"@type\":\"ReadAction\",\"target\":[\"https:\\\/\\\/forbabyboss.com\\\/product\\\/3-in-1-luxury-cosy-folding-pushchair-for-newborns-toddlers-in-red\\\/\"]}]},{\"@type\":\"ImageObject\",\"inLanguage\":\"cs\",\"@id\":\"https:\\\/\\\/forbabyboss.com\\\/product\\\/3-in-1-luxury-cosy-folding-pushchair-for-newborns-toddlers-in-red\\\/#primaryimage\",\"url\":\"https:\\\/\\\/forbabyboss.com\\\/wp-content\\\/uploads\\\/2022\\\/09\\\/Pram-Buggy-Luxury-Cosy-Folding-Pushchair-For-Newborns-Toddlers-Travel-Set-Red_main.png\",\"contentUrl\":\"https:\\\/\\\/forbabyboss.com\\\/wp-content\\\/uploads\\\/2022\\\/09\\\/Pram-Buggy-Luxury-Cosy-Folding-Pushchair-For-Newborns-Toddlers-Travel-Set-Red_main.png\",\"width\":1600,\"height\":1600},{\"@type\":\"BreadcrumbList\",\"@id\":\"https:\\\/\\\/forbabyboss.com\\\/product\\\/3-in-1-luxury-cosy-folding-pushchair-for-newborns-toddlers-in-red\\\/#breadcrumb\",\"itemListElement\":[{\"@type\":\"ListItem\",\"position\":1,\"name\":\"Home\",\"item\":\"https:\\\/\\\/forbabyboss.com\\\/\"},{\"@type\":\"ListItem\",\"position\":2,\"name\":\"Shop\",\"item\":\"https:\\\/\\\/forbabyboss.com\\\/shop\\\/\"},{\"@type\":\"ListItem\",\"position\":3,\"name\":\"3 in 1 Luxury Cosy Folding Pushchair For Newborns &#038; Toddlers in Red\"}]},{\"@type\":\"WebSite\",\"@id\":\"https:\\\/\\\/powderblue-seahorse-496884.hostingersite.com\\\/#website\",\"url\":\"https:\\\/\\\/powderblue-seahorse-496884.hostingersite.com\\\/\",\"name\":\"For Baby Boss\",\"description\":\"Beautiful gifts and accessories for your baby boss\",\"potentialAction\":[{\"@type\":\"SearchAction\",\"target\":{\"@type\":\"EntryPoint\",\"urlTemplate\":\"https:\\\/\\\/powderblue-seahorse-496884.hostingersite.com\\\/?s={search_term_string}\"},\"query-input\":{\"@type\":\"PropertyValueSpecification\",\"valueRequired\":true,\"valueName\":\"search_term_string\"}}],\"inLanguage\":\"cs\"}]}<\/script>\n<!-- \/ Yoast SEO plugin. -->","yoast_head_json":{"title":"Luxusn\u00ed pohodln\u00fd skl\u00e1dac\u00ed ko\u010d\u00e1rek 3 v 1 pro novorozence a batolata v \u010derven\u00e9 barv\u011b - pro Baby Boss","description":"Luxusn\u00ed pohodln\u00fd skl\u00e1dac\u00ed ko\u010d\u00e1rek 3 v 1 pro novorozence a batolata v \u010derven\u00e9 barv\u011b","robots":{"index":"index","follow":"follow","max-snippet":"max-snippet:-1","max-image-preview":"max-image-preview:large","max-video-preview":"max-video-preview:-1"},"canonical":"https:\/\/forbabyboss.com\/cs\/product\/luxusni-utulny-skladaci-kocarek-3-v-1-pro-novorozence-a-batolata-v-cervene-barve\/","og_locale":"cs_CZ","og_type":"article","og_title":"3 in 1 Luxury Cosy Folding Pushchair For Newborns & Toddlers in Red - For Baby Boss","og_description":"3 in 1 Luxury Cosy Folding Pushchair For Newborns & Toddlers in Red","og_url":"https:\/\/forbabyboss.com\/cs\/product\/luxusni-utulny-skladaci-kocarek-3-v-1-pro-novorozence-a-batolata-v-cervene-barve\/","og_site_name":"For Baby Boss","article_modified_time":"2026-02-21T12:42:16+00:00","og_image":[{"width":800,"height":800,"url":"https:\/\/forbabyboss.com\/wp-content\/uploads\/2022\/09\/Pram-Buggy-Luxury-Cosy-Folding-Pushchair-For-Newborns-Toddlers-Travel-Set-Red_main-800x800.png","type":"image\/png"}],"twitter_card":"summary_large_image","twitter_misc":{"Odhadovan\u00e1 doba \u010dten\u00ed":"3 minuty"},"schema":{"@context":"https:\/\/schema.org","@graph":[{"@type":"WebPage","@id":"https:\/\/forbabyboss.com\/product\/3-in-1-luxury-cosy-folding-pushchair-for-newborns-toddlers-in-red\/","url":"https:\/\/forbabyboss.com\/product\/3-in-1-luxury-cosy-folding-pushchair-for-newborns-toddlers-in-red\/","name":"Luxusn\u00ed pohodln\u00fd skl\u00e1dac\u00ed ko\u010d\u00e1rek 3 v 1 pro novorozence a batolata v \u010derven\u00e9 barv\u011b - pro Baby Boss","isPartOf":{"@id":"https:\/\/powderblue-seahorse-496884.hostingersite.com\/#website"},"primaryImageOfPage":{"@id":"https:\/\/forbabyboss.com\/product\/3-in-1-luxury-cosy-folding-pushchair-for-newborns-toddlers-in-red\/#primaryimage"},"image":{"@id":"https:\/\/forbabyboss.com\/product\/3-in-1-luxury-cosy-folding-pushchair-for-newborns-toddlers-in-red\/#primaryimage"},"thumbnailUrl":"https:\/\/forbabyboss.com\/wp-content\/uploads\/2022\/09\/Pram-Buggy-Luxury-Cosy-Folding-Pushchair-For-Newborns-Toddlers-Travel-Set-Red_main.png","datePublished":"2022-09-11T14:16:40+00:00","dateModified":"2026-02-21T12:42:16+00:00","description":"Luxusn\u00ed pohodln\u00fd skl\u00e1dac\u00ed ko\u010d\u00e1rek 3 v 1 pro novorozence a batolata v \u010derven\u00e9 barv\u011b","breadcrumb":{"@id":"https:\/\/forbabyboss.com\/product\/3-in-1-luxury-cosy-folding-pushchair-for-newborns-toddlers-in-red\/#breadcrumb"},"inLanguage":"cs","potentialAction":[{"@type":"ReadAction","target":["https:\/\/forbabyboss.com\/product\/3-in-1-luxury-cosy-folding-pushchair-for-newborns-toddlers-in-red\/"]}]},{"@type":"ImageObject","inLanguage":"cs","@id":"https:\/\/forbabyboss.com\/product\/3-in-1-luxury-cosy-folding-pushchair-for-newborns-toddlers-in-red\/#primaryimage","url":"https:\/\/forbabyboss.com\/wp-content\/uploads\/2022\/09\/Pram-Buggy-Luxury-Cosy-Folding-Pushchair-For-Newborns-Toddlers-Travel-Set-Red_main.png","contentUrl":"https:\/\/forbabyboss.com\/wp-content\/uploads\/2022\/09\/Pram-Buggy-Luxury-Cosy-Folding-Pushchair-For-Newborns-Toddlers-Travel-Set-Red_main.png","width":1600,"height":1600},{"@type":"BreadcrumbList","@id":"https:\/\/forbabyboss.com\/product\/3-in-1-luxury-cosy-folding-pushchair-for-newborns-toddlers-in-red\/#breadcrumb","itemListElement":[{"@type":"ListItem","position":1,"name":"Home","item":"https:\/\/forbabyboss.com\/"},{"@type":"ListItem","position":2,"name":"Shop","item":"https:\/\/forbabyboss.com\/shop\/"},{"@type":"ListItem","position":3,"name":"3 in 1 Luxury Cosy Folding Pushchair For Newborns &#038; Toddlers in Red"}]},{"@type":"WebSite","@id":"https:\/\/powderblue-seahorse-496884.hostingersite.com\/#website","url":"https:\/\/powderblue-seahorse-496884.hostingersite.com\/","name":"Pro Baby Boss","description":"Kr\u00e1sn\u00e9 d\u00e1rky a dopl\u0148ky pro va\u0161eho \u0161\u00e9fa","potentialAction":[{"@type":"SearchAction","target":{"@type":"EntryPoint","urlTemplate":"https:\/\/powderblue-seahorse-496884.hostingersite.com\/?s={search_term_string}"},"query-input":{"@type":"PropertyValueSpecification","valueRequired":true,"valueName":"search_term_string"}}],"inLanguage":"cs"}]}},"_links":{"self":[{"href":"https:\/\/forbabyboss.com\/cs\/wp-json\/wp\/v2\/product\/5219","targetHints":{"allow":["GET"]}}],"collection":[{"href":"https:\/\/forbabyboss.com\/cs\/wp-json\/wp\/v2\/product"}],"about":[{"href":"https:\/\/forbabyboss.com\/cs\/wp-json\/wp\/v2\/types\/product"}],"wp:featuredmedia":[{"embeddable":true,"href":"https:\/\/forbabyboss.com\/cs\/wp-json\/wp\/v2\/media\/5221"}],"wp:attachment":[{"href":"https:\/\/forbabyboss.com\/cs\/wp-json\/wp\/v2\/media?parent=5219"}],"wp:term":[{"taxonomy":"product_brand","embeddable":true,"href":"https:\/\/forbabyboss.com\/cs\/wp-json\/wp\/v2\/product_brand?post=5219"},{"taxonomy":"product_cat","embeddable":true,"href":"https:\/\/forbabyboss.com\/cs\/wp-json\/wp\/v2\/product_cat?post=5219"},{"taxonomy":"product_tag","embeddable":true,"href":"https:\/\/forbabyboss.com\/cs\/wp-json\/wp\/v2\/product_tag?post=5219"}],"curies":[{"name":"wp","href":"https:\/\/api.w.org\/{rel}","templated":true}]}}