{"id":5251,"date":"2022-09-11T15:18:58","date_gmt":"2022-09-11T15:18:58","guid":{"rendered":"http:\/\/forbabyboss.com\/?post_type=product&#038;p=5251"},"modified":"2026-02-21T12:38:49","modified_gmt":"2026-02-21T12:38:49","slug":"detsky-kocarek-3v1-lehky-cestovni-system-isofixova-zakladna-v-sedo-zlatem-ramu","status":"publish","type":"product","link":"https:\/\/forbabyboss.com\/cs\/product\/baby-pram-3in1-lightweight-travel-system-pushchair-isofix-base-in-grey-gold-frame\/","title":{"rendered":"D\u011btsk\u00fd ko\u010d\u00e1rek 3v1 Lehk\u00fd cestovn\u00ed syst\u00e9m s Isofixovou z\u00e1kladnou v \u0161edo-zlat\u00e9m r\u00e1mu"},"content":{"rendered":"<div style=\"width: 1020px;\" class=\"wp-video\"><video class=\"wp-video-shortcode\" id=\"video-5251-1\" width=\"1020\" height=\"574\" preload=\"metadata\" controls=\"controls\"><source type=\"video\/mp4\" src=\"http:\/\/forbabyboss.com\/wp-content\/uploads\/2022\/09\/Baby-Buggy-Pram-Lightweight-Folding-3-in-1-Travel-System-Pushchair-Isofix-Base.mp4?_=1\" \/><a href=\"http:\/\/forbabyboss.com\/wp-content\/uploads\/2022\/09\/Baby-Buggy-Pram-Lightweight-Folding-3-in-1-Travel-System-Pushchair-Isofix-Base.mp4\">http:\/\/forbabyboss.com\/wp-content\/uploads\/2022\/09\/Baby-Buggy-Pram-Lightweight-Folding-3-in-1-Travel-System-Pushchair-Isofix-Base.mp4<\/a><\/video><\/div>\n<p>&nbsp;<\/p>\n<h1><\/h1>\n<p style=\"text-align: justify;\"><strong><span style=\"color: #282828;\"><span style=\"color: #e14d43;\">Lavado Premium<\/span> \u2013 modern\u00ed a funk\u010dn\u00ed d\u011btsk\u00fd ko\u010d\u00e1rek, kter\u00fd poskytuje v\u011bt\u0161\u00ed pot\u011b\u0161en\u00ed p\u0159i ch\u016fzi a inovativn\u00ed design dod\u00e1v\u00e1 pocit jedine\u010dnosti. Ko\u010d\u00e1rek je vhodn\u00fd pro d\u011bti od 6 do 36 m\u011bs\u00edc\u016f. Lehk\u00fd r\u00e1m a praktick\u00e9 konstruk\u010dn\u00ed \u0159e\u0161en\u00ed \u010din\u00ed pou\u017e\u00edv\u00e1n\u00ed ko\u010d\u00e1rku je\u0161t\u011b pohodln\u011bj\u0161\u00edm.<\/span><\/strong><\/p>\n<p style=\"text-align: justify;\"><strong><span style=\"color: #282828;\">\u2022 Jednol\u016f\u017ekov\u00fd ko\u010d\u00e1rek pro d\u011bti o hmotnosti 1 a\u017e 15 kg<\/span><\/strong><br \/>\n<strong><span style=\"color: #282828;\">\u2022 M\u00e1 certifikaci TUV NORD, kter\u00e1 zaru\u010duje nejvy\u0161\u0161\u00ed kvalitu a bezpe\u010dnost pro va\u0161e d\u00edt\u011b.<\/span><\/strong><br \/>\n<strong><span style=\"color: #282828;\">\u2022 Ko\u010d\u00e1rek spl\u0148uje nejnov\u011bj\u0161\u00ed p\u0159\u00edsnou bezpe\u010dnostn\u00ed normu EN 1888-1:2018<\/span><\/strong><\/p>\n<h4 style=\"text-align: justify;\"><span style=\"color: #e14d43;\"><strong>Sada obsahuje:<br \/>\n<\/strong><\/span><strong><span style=\"color: #282828;\">\u2022r\u00e1m ko\u010d\u00e1rku<\/span><\/strong><br \/>\n<strong><span style=\"color: #282828;\">\u2022 korbi\u010dka<\/span><\/strong><br \/>\n<strong><span style=\"color: #282828;\">\u2022 sportovn\u00ed sedadlo<\/span><\/strong><br \/>\n<strong><span style=\"color: #282828;\">\u2022 ta\u0161ka p\u0159es rameno<\/span><\/strong><br \/>\n<strong><span style=\"color: #282828;\">\u2022 de\u0161tn\u00edk<\/span><\/strong><br \/>\n<strong><span style=\"color: #282828;\">\u2022 p\u0159ebalovac\u00ed podlo\u017eka<\/span><\/strong><br \/>\n<strong><span style=\"color: #282828;\">\u2022 dr\u017e\u00e1k na n\u00e1poje<\/span><\/strong><br \/>\n<strong><span style=\"color: #282828;\">\u2022 kokosov\u00e1 matrace<\/span><\/strong><br \/>\n<strong><span style=\"color: #282828;\">\u2022 pl\u00e1\u0161t\u011bnka<\/span><\/strong><br \/>\n<strong><span style=\"color: #282828;\">\u2022 kryt proti hmyzu<\/span><\/strong><br \/>\n<strong><span style=\"color: #282828;\">\u2022 n\u00e1kupn\u00ed ko\u0161\u00edk<\/span><\/strong><br \/>\n<strong><span style=\"color: #282828;\">\u2022autoseda\u010dka (pouze v sad\u011b 3 v 1)<\/span><\/strong><\/h4>\n<p style=\"text-align: justify;\"><span style=\"color: #e14d43;\"><strong>R\u00e1m Prame:<br \/>\n<\/strong><\/span><strong><span style=\"color: #282828;\">\u2022hlin\u00edkov\u00fd r\u00e1m \u2013 lehk\u00fd a odoln\u00fd<\/span><\/strong><br \/>\n<strong><span style=\"color: #282828;\">\u2022 oto\u010dn\u00e1, bezprobl\u00e9mov\u00e1 gelov\u00e1 kole\u010dka \u2013 nehroz\u00ed prop\u00edchnut\u00ed<\/span><\/strong><br \/>\n<strong><span style=\"color: #282828;\">\u2022 lo\u017eiska v kole\u010dk\u00e1ch usnad\u0148uj\u00ed tla\u010den\u00ed ko\u010d\u00e1rku<\/span><\/strong><br \/>\n<strong><span style=\"color: #282828;\">\u2022 nastaviteln\u00e1 v\u00fd\u0161ka rukojeti pota\u017een\u00e9 ekok\u016f\u017e\u00ed<\/span><\/strong><br \/>\n<strong><span style=\"color: #282828;\">\u2022 tlumen\u00e9 zadn\u00ed odpru\u017een\u00ed \u2013 poskytuje pohodl\u00ed p\u0159i ka\u017ed\u00e9 ch\u016fzi<\/span><\/strong><br \/>\n<strong><span style=\"color: #282828;\">\u2022kompaktn\u00ed velikost po slo\u017een\u00ed<\/span><\/strong><br \/>\n<strong><span style=\"color: #282828;\">\u2022 jednoduch\u00fd syst\u00e9m pro p\u0159ipevn\u011bn\u00ed a odepnut\u00ed korbi\u010dky, sportovn\u00ed seda\u010dky a autoseda\u010dky<\/span><\/strong><br \/>\n<strong><span style=\"color: #282828;\">\u2022 vybaven centr\u00e1ln\u00ed brzdou pro stabilitu \u2022 dodate\u010dn\u00e9 bo\u010dn\u00ed odpru\u017een\u00ed r\u00e1mu ko\u010d\u00e1rku umo\u017e\u0148uje aretaci, co\u017e umo\u017e\u0148uje je\u0161t\u011b lep\u0161\u00ed tlumen\u00ed n\u00e1raz\u016f p\u0159i tla\u010den\u00ed a p\u0159\u00edjemn\u00e9 houp\u00e1n\u00ed va\u0161eho d\u00edt\u011bte<\/span><\/strong><\/p>\n<h3 style=\"text-align: justify;\"><span style=\"color: #e14d43;\"><strong>P\u0159enosn\u00e1 korba:<br \/>\n<\/strong><\/span><strong style=\"color: #555555; font-size: 14.4px;\"><span style=\"color: #282828;\">\u2022 velk\u00e1 korbi\u010dka, kterou lze pou\u017e\u00edt jako kol\u00e9bku<br \/>\n<\/span><\/strong><strong style=\"color: #555555; font-size: 14.4px;\"><span style=\"color: #282828;\">\u2022 vybavena odn\u00edmateln\u00fdm krytem nohou \u2013 chr\u00e1n\u00ed va\u0161e d\u00edt\u011b p\u0159ed nep\u0159\u00edzniv\u00fdm po\u010das\u00edm<br \/>\n<\/span><\/strong><strong style=\"color: #555555; font-size: 14.4px;\"><span style=\"color: #282828;\">\u2022 ergonomick\u00e1 rukoje\u0165 pota\u017een\u00e1 ekok\u016f\u017e\u00ed \u2013 usnad\u0148uje p\u0159en\u00e1\u0161en\u00ed korbi\u010dky<br \/>\n<\/span><\/strong><strong style=\"color: #555555; font-size: 14.4px;\"><span style=\"color: #282828;\">\u2022 elastick\u00e1 matrace a m\u011bkk\u00e9 polstrov\u00e1n\u00ed korbi\u010dky<br \/>\n<\/span><\/strong><strong style=\"color: #555555; font-size: 14.4px;\"><span style=\"color: #282828;\">\u2022 nastaviteln\u00e1 op\u011brka hlavy<br \/>\n<\/span><\/strong><strong style=\"color: #555555; font-size: 14.4px;\"><span style=\"color: #282828;\">\u2022 v\u011btr\u00e1n\u00ed v prostoru korbi\u010dky zaji\u0161\u0165uje \u010derstv\u00fd vzduch a zabra\u0148uje p\u0159eh\u0159\u00e1t\u00ed d\u00edt\u011bte<\/span><\/strong><\/h3>\n<h3 style=\"text-align: justify;\"><span style=\"color: #e14d43;\"><strong>Sportovn\u00ed sedadlo:<br \/>\n<\/strong><\/span><strong style=\"color: #555555; font-size: 14.4px;\"><span style=\"color: #282828;\">\u2022 mo\u017en\u00e1 je instalace vp\u0159edu i vzadu<br \/>\n<\/span><\/strong><strong style=\"color: #555555; font-size: 14.4px;\"><span style=\"color: #282828;\">\u2022 p\u011btibodov\u00e9 nastaviteln\u00e9 bezpe\u010dnostn\u00ed p\u00e1sy<br \/>\n<\/span><\/strong><strong style=\"color: #555555; font-size: 14.4px;\"><span style=\"color: #282828;\">\u2022 odn\u00edmateln\u00e1 bari\u00e9ra pota\u017een\u00e1 ekok\u016f\u017e\u00ed<br \/>\n<\/span><\/strong><strong style=\"color: #555555; font-size: 14.4px;\"><span style=\"color: #282828;\">\u2022 praktick\u00e1 nastaviteln\u00e1 op\u011brka nohou<br \/>\n<\/span><\/strong><strong style=\"color: #555555; font-size: 14.4px;\"><span style=\"color: #282828;\">\u2022 v\u011btrac\u00ed ok\u00e9nko na zadn\u00ed stran\u011b st\u0159\u00ed\u0161ky<br \/>\n<\/span><\/strong><strong style=\"color: #555555; font-size: 14.4px;\"><span style=\"color: #282828;\">\u2022kompaktn\u00ed velikost po slo\u017een\u00ed<br \/>\n<\/span><\/strong><strong style=\"color: #555555; font-size: 14.4px;\"><span style=\"color: #282828;\">\u2022 nastaven\u00ed op\u011brky zad \u2013 a\u017e do vodorovn\u00e9 polohy, nejzdrav\u011bj\u0161\u00ed polohy pro va\u0161e d\u00edt\u011b p\u0159i span\u00ed<br \/>\n<\/span><\/strong><strong style=\"color: #555555; font-size: 14.4px;\"><span style=\"color: #282828;\">\u2022 nastaviteln\u00e1 st\u0159\u00ed\u0161ka, kterou lze odejmout<br \/>\n<\/span><\/strong><strong style=\"color: #555555; font-size: 14.4px;\"><span style=\"color: #282828;\">\u2022 odn\u00edmateln\u00fd kryt nohou \u2013 chr\u00e1n\u00ed va\u0161e d\u00edt\u011b p\u0159ed nep\u0159\u00edzniv\u00fdm po\u010das\u00edm<\/span><\/strong><\/h3>\n<h3 style=\"text-align: justify;\"><span style=\"color: #e14d43;\"><strong>Autoseda\u010dka:<\/strong><\/span><\/h3>\n<p style=\"text-align: justify;\"><strong><span style=\"color: #282828;\">\u2022v\u010detn\u011b snadno pou\u017eiteln\u00fdch adapt\u00e9r\u016f pro rychlou mont\u00e1\u017e a demont\u00e1\u017e z r\u00e1mu ko\u010d\u00e1rku<\/span><\/strong><br \/>\n<strong><span style=\"color: #282828;\">\u2022 t\u0159\u00edbodov\u00e9 bezpe\u010dnostn\u00ed p\u00e1sy<\/span><\/strong><br \/>\n<strong><span style=\"color: #282828;\">\u2022 odn\u00edmateln\u00e1 st\u0159\u00ed\u0161ka s krytem nohou \u2022 vlo\u017eka pro kojence, kter\u00e1 umo\u017e\u0148uje pou\u017e\u00edvat d\u011btskou autoseda\u010dku od prvn\u00edch okam\u017eik\u016f \u017eivota d\u00edt\u011bte<\/span><\/strong><br \/>\n<strong><span style=\"color: #282828;\">\u2022 funkce uzamykateln\u00e9 kol\u00e9bky<\/span><\/strong><br \/>\n<strong><span style=\"color: #282828;\">\u2022 nastaviteln\u00e1 rukoje\u0165 usnad\u0148uje p\u0159en\u00e1\u0161en\u00ed autoseda\u010dky, kter\u00e1 v\u00e1\u017e\u00ed pouze 3 kg<\/span><\/strong><br \/>\n<strong><span style=\"color: #282828;\">\u2022 p\u0159izp\u016fsobeno pro p\u0159epravu d\u011bt\u00ed v aut\u011b, homologace ECE R44\/04<\/span><\/strong><\/p>\n<h3 style=\"text-align: justify;\"><span style=\"color: #e14d43;\"><strong>Nav\u00edc:<\/strong><\/span><\/h3>\n<p style=\"text-align: justify;\"><strong><span style=\"color: #282828;\">\u2022 velk\u00e1 ramenn\u00ed ta\u0161ka na zip, kterou lze p\u0159ipevnit na r\u00e1m ko\u010d\u00e1rku<\/span><\/strong><br \/>\n<strong><span style=\"color: #282828;\">\u2022 antialergenn\u00ed kokosov\u00e1 matrace<\/span><\/strong><\/p>\n<p style=\"text-align: justify;\"><strong><span style=\"color: #282828;\">Antialergick\u00e1 kokosov\u00e1 matrace<\/span><\/strong><br \/>\n<strong><span style=\"color: #282828;\">Matrace je vyrobena z kokosov\u00e9ho vl\u00e1kna, kter\u00e9 poskytuje stabiln\u00ed oporu. D\u00edky speci\u00e1ln\u00edmu v\u00fdrobn\u00edmu procesu z\u016fst\u00e1v\u00e1 pru\u017en\u00e1 a odoln\u00e1.<\/span><\/strong><\/p>\n<p style=\"text-align: justify;\"><span style=\"color: #e14d43;\"><strong>Nav\u00edc:<\/strong><\/span><\/p>\n<p style=\"text-align: justify;\"><strong><span style=\"color: #282828;\">\u2022 Zaji\u0161\u0165uje spr\u00e1vnou cirkulaci vzduchu<\/span><\/strong><br \/>\n<strong><span style=\"color: #282828;\">\u2022 M\u00e1 pozitivn\u00ed vliv na vytvo\u0159en\u00ed vhodn\u00e9ho mikroklimatu pro ochranu poko\u017eky va\u0161eho d\u00edt\u011bte<\/span><\/strong><br \/>\n<strong><span style=\"color: #282828;\">\u2022 M\u011bkk\u00fd bavln\u011bn\u00fd potah m\u016f\u017eete sundat a pr\u00e1t p\u0159i 30\u201340 stupn\u00edch.<\/span><\/strong><br \/>\n<strong><span style=\"color: #282828;\">\u2022 Tlou\u0161\u0165ka cca 2,5 cm poskytne va\u0161emu d\u00edt\u011bti stabiln\u00ed oporu a pohodl\u00ed p\u0159i pou\u017e\u00edv\u00e1n\u00ed v jak\u00e9mkoli ter\u00e9nu<\/span><\/strong><br \/>\n<strong><span style=\"color: #282828;\">\u2022 Rozm\u011bry: 73 x 35 x 2,5 cm<\/span><\/strong><\/p>\n<p style=\"text-align: justify;\"><strong><span style=\"color: #282828;\"><a style=\"color: #282828;\" href=\"http:\/\/forbabyboss.com\/wp-content\/uploads\/2022\/09\/Baby-Buggy-Pram-Lightweight-Folding-3-in-1-Travel-System-Pushchair-Isofix-Base-Black-Gold-frame_1.png\"><img loading=\"lazy\" decoding=\"async\" class=\"alignnone size-full wp-image-5240\" src=\"http:\/\/forbabyboss.com\/wp-content\/uploads\/2022\/09\/Baby-Buggy-Pram-Lightweight-Folding-3-in-1-Travel-System-Pushchair-Isofix-Base-Black-Gold-frame_1.png\" alt=\"\" width=\"1600\" height=\"1233\" srcset=\"https:\/\/forbabyboss.com\/wp-content\/uploads\/2022\/09\/Baby-Buggy-Pram-Lightweight-Folding-3-in-1-Travel-System-Pushchair-Isofix-Base-Black-Gold-frame_1.png 1600w, https:\/\/forbabyboss.com\/wp-content\/uploads\/2022\/09\/Baby-Buggy-Pram-Lightweight-Folding-3-in-1-Travel-System-Pushchair-Isofix-Base-Black-Gold-frame_1-519x400.png 519w, https:\/\/forbabyboss.com\/wp-content\/uploads\/2022\/09\/Baby-Buggy-Pram-Lightweight-Folding-3-in-1-Travel-System-Pushchair-Isofix-Base-Black-Gold-frame_1-1038x800.png 1038w, https:\/\/forbabyboss.com\/wp-content\/uploads\/2022\/09\/Baby-Buggy-Pram-Lightweight-Folding-3-in-1-Travel-System-Pushchair-Isofix-Base-Black-Gold-frame_1-768x592.png 768w, https:\/\/forbabyboss.com\/wp-content\/uploads\/2022\/09\/Baby-Buggy-Pram-Lightweight-Folding-3-in-1-Travel-System-Pushchair-Isofix-Base-Black-Gold-frame_1-1536x1184.png 1536w, https:\/\/forbabyboss.com\/wp-content\/uploads\/2022\/09\/Baby-Buggy-Pram-Lightweight-Folding-3-in-1-Travel-System-Pushchair-Isofix-Base-Black-Gold-frame_1-600x462.png 600w\" sizes=\"auto, (max-width: 1600px) 100vw, 1600px\" \/><\/a><\/span><\/strong><\/p>\n<p>&nbsp;<\/p>\n<p><strong><a href=\"http:\/\/forbabyboss.com\/wp-content\/uploads\/2022\/09\/checkout.png\"><img loading=\"lazy\" decoding=\"async\" class=\"alignnone wp-image-5965\" src=\"http:\/\/forbabyboss.com\/wp-content\/uploads\/2022\/09\/checkout.png\" alt=\"\" width=\"1038\" height=\"382\" srcset=\"https:\/\/forbabyboss.com\/wp-content\/uploads\/2022\/09\/checkout.png 750w, https:\/\/forbabyboss.com\/wp-content\/uploads\/2022\/09\/checkout-600x221.png 600w\" sizes=\"auto, (max-width: 1038px) 100vw, 1038px\" \/><\/a><\/strong><\/p>\n<p style=\"text-align: justify;\">","protected":false},"excerpt":{"rendered":"<p><a href=\"http:\/\/forbabyboss.com\/wp-content\/uploads\/2022\/09\/Star-Rating-5.png\"><img loading=\"lazy\" decoding=\"async\" class=\"alignnone size-full wp-image-5973 aligncenter\" src=\"http:\/\/forbabyboss.com\/wp-content\/uploads\/2022\/09\/Star-Rating-5.png\" alt=\"\" width=\"275\" height=\"45\" \/><\/a><\/p>\n<p style=\"text-align: center;\"><span style=\"color: #ed1c24; font-size: 120%;\"><b>GARANCE SHODU CEN<\/b><\/span><\/p>\n<p style=\"text-align: center;\"><span style=\"font-size: 115%;\"><span style=\"font-weight: 400; color: #4f4fa7;\">Doprava zdarma<\/span><span style=\"font-weight: 400;\"> \u2013 2 \u2013 7 dn\u00ed<\/span><\/span><\/p>\n<p style=\"text-align: center;\"><strong><span style=\"color: #29606b;\">D\u00e1rek zdarma k n\u00e1kupu nad 100 GBP<\/span><\/strong><\/p>","protected":false},"featured_media":5252,"template":"","meta":[],"product_brand":[577],"product_cat":[339,156,305,208,210,303,130,211],"product_tag":[],"class_list":{"0":"post-5251","1":"product","2":"type-product","3":"status-publish","4":"has-post-thumbnail","6":"product_brand-kunert","7":"product_cat-700-to-800","8":"product_cat-3-in-1","9":"product_cat-colour","10":"product_cat-gold","11":"product_cat-grey","12":"product_cat-pattern","13":"product_cat-prams","14":"product_cat-stroller","16":"first","17":"instock","18":"sale","19":"shipping-taxable","20":"purchasable","21":"product-type-simple"},"yoast_head":"<!-- This site is optimized with the Yoast SEO plugin v27.5 - https:\/\/yoast.com\/product\/yoast-seo-wordpress\/ -->\n<title>Baby Pram 3in1 Lightweight Travel System Pushchair Isofix base in grey gold frame - For Baby Boss<\/title>\n<meta name=\"description\" content=\"Baby Pram 3in1 Lightweight Travel System Pushchair Isofix base in grey gold frame\" \/>\n<meta name=\"robots\" content=\"index, follow, max-snippet:-1, max-image-preview:large, max-video-preview:-1\" \/>\n<link rel=\"canonical\" href=\"https:\/\/forbabyboss.com\/cs\/product\/detsky-kocarek-3v1-lehky-cestovni-system-isofixova-zakladna-v-sedo-zlatem-ramu\/\" \/>\n<meta property=\"og:locale\" content=\"cs_CZ\" \/>\n<meta property=\"og:type\" content=\"article\" \/>\n<meta property=\"og:title\" content=\"Baby Pram 3in1 Lightweight Travel System Pushchair Isofix base in grey gold frame - For Baby Boss\" \/>\n<meta property=\"og:description\" content=\"Baby Pram 3in1 Lightweight Travel System Pushchair Isofix base in grey gold frame\" \/>\n<meta property=\"og:url\" content=\"https:\/\/forbabyboss.com\/cs\/product\/detsky-kocarek-3v1-lehky-cestovni-system-isofixova-zakladna-v-sedo-zlatem-ramu\/\" \/>\n<meta property=\"og:site_name\" content=\"For Baby Boss\" \/>\n<meta property=\"article:modified_time\" content=\"2026-02-21T12:38:49+00:00\" \/>\n<meta property=\"og:image\" content=\"https:\/\/forbabyboss.com\/wp-content\/uploads\/2022\/09\/Baby-Buggy-Pram-Lightweight-Folding-3-in-1-Travel-System-Pushchair-Isofix-Base-Grey-Gold-Frame.png\" \/>\n\t<meta property=\"og:image:width\" content=\"1309\" \/>\n\t<meta property=\"og:image:height\" content=\"900\" \/>\n\t<meta property=\"og:image:type\" content=\"image\/png\" \/>\n<meta name=\"twitter:card\" content=\"summary_large_image\" \/>\n<meta name=\"twitter:label1\" content=\"Odhadovan\u00e1 doba \u010dten\u00ed\" \/>\n\t<meta name=\"twitter:data1\" content=\"3 minuty\" \/>\n<script type=\"application\/ld+json\" class=\"yoast-schema-graph\">{\"@context\":\"https:\\\/\\\/schema.org\",\"@graph\":[{\"@type\":\"WebPage\",\"@id\":\"https:\\\/\\\/forbabyboss.com\\\/product\\\/baby-pram-3in1-lightweight-travel-system-pushchair-isofix-base-in-grey-gold-frame\\\/\",\"url\":\"https:\\\/\\\/forbabyboss.com\\\/product\\\/baby-pram-3in1-lightweight-travel-system-pushchair-isofix-base-in-grey-gold-frame\\\/\",\"name\":\"Baby Pram 3in1 Lightweight Travel System Pushchair Isofix base in grey gold frame - For Baby Boss\",\"isPartOf\":{\"@id\":\"https:\\\/\\\/powderblue-seahorse-496884.hostingersite.com\\\/#website\"},\"primaryImageOfPage\":{\"@id\":\"https:\\\/\\\/forbabyboss.com\\\/product\\\/baby-pram-3in1-lightweight-travel-system-pushchair-isofix-base-in-grey-gold-frame\\\/#primaryimage\"},\"image\":{\"@id\":\"https:\\\/\\\/forbabyboss.com\\\/product\\\/baby-pram-3in1-lightweight-travel-system-pushchair-isofix-base-in-grey-gold-frame\\\/#primaryimage\"},\"thumbnailUrl\":\"https:\\\/\\\/forbabyboss.com\\\/wp-content\\\/uploads\\\/2022\\\/09\\\/Baby-Buggy-Pram-Lightweight-Folding-3-in-1-Travel-System-Pushchair-Isofix-Base-Grey-Gold-Frame.png\",\"datePublished\":\"2022-09-11T15:18:58+00:00\",\"dateModified\":\"2026-02-21T12:38:49+00:00\",\"description\":\"Baby Pram 3in1 Lightweight Travel System Pushchair Isofix base in grey gold frame\",\"breadcrumb\":{\"@id\":\"https:\\\/\\\/forbabyboss.com\\\/product\\\/baby-pram-3in1-lightweight-travel-system-pushchair-isofix-base-in-grey-gold-frame\\\/#breadcrumb\"},\"inLanguage\":\"cs\",\"potentialAction\":[{\"@type\":\"ReadAction\",\"target\":[\"https:\\\/\\\/forbabyboss.com\\\/product\\\/baby-pram-3in1-lightweight-travel-system-pushchair-isofix-base-in-grey-gold-frame\\\/\"]}]},{\"@type\":\"ImageObject\",\"inLanguage\":\"cs\",\"@id\":\"https:\\\/\\\/forbabyboss.com\\\/product\\\/baby-pram-3in1-lightweight-travel-system-pushchair-isofix-base-in-grey-gold-frame\\\/#primaryimage\",\"url\":\"https:\\\/\\\/forbabyboss.com\\\/wp-content\\\/uploads\\\/2022\\\/09\\\/Baby-Buggy-Pram-Lightweight-Folding-3-in-1-Travel-System-Pushchair-Isofix-Base-Grey-Gold-Frame.png\",\"contentUrl\":\"https:\\\/\\\/forbabyboss.com\\\/wp-content\\\/uploads\\\/2022\\\/09\\\/Baby-Buggy-Pram-Lightweight-Folding-3-in-1-Travel-System-Pushchair-Isofix-Base-Grey-Gold-Frame.png\",\"width\":1309,\"height\":900},{\"@type\":\"BreadcrumbList\",\"@id\":\"https:\\\/\\\/forbabyboss.com\\\/product\\\/baby-pram-3in1-lightweight-travel-system-pushchair-isofix-base-in-grey-gold-frame\\\/#breadcrumb\",\"itemListElement\":[{\"@type\":\"ListItem\",\"position\":1,\"name\":\"Home\",\"item\":\"https:\\\/\\\/forbabyboss.com\\\/\"},{\"@type\":\"ListItem\",\"position\":2,\"name\":\"Shop\",\"item\":\"https:\\\/\\\/forbabyboss.com\\\/shop\\\/\"},{\"@type\":\"ListItem\",\"position\":3,\"name\":\"Baby Pram 3in1 Lightweight Travel System Pushchair Isofix base in grey gold frame\"}]},{\"@type\":\"WebSite\",\"@id\":\"https:\\\/\\\/powderblue-seahorse-496884.hostingersite.com\\\/#website\",\"url\":\"https:\\\/\\\/powderblue-seahorse-496884.hostingersite.com\\\/\",\"name\":\"For Baby Boss\",\"description\":\"Beautiful gifts and accessories for your baby boss\",\"potentialAction\":[{\"@type\":\"SearchAction\",\"target\":{\"@type\":\"EntryPoint\",\"urlTemplate\":\"https:\\\/\\\/powderblue-seahorse-496884.hostingersite.com\\\/?s={search_term_string}\"},\"query-input\":{\"@type\":\"PropertyValueSpecification\",\"valueRequired\":true,\"valueName\":\"search_term_string\"}}],\"inLanguage\":\"cs\"}]}<\/script>\n<!-- \/ Yoast SEO plugin. -->","yoast_head_json":{"title":"D\u011btsk\u00fd ko\u010d\u00e1rek 3v1 Lehk\u00fd cestovn\u00ed syst\u00e9m s Isofixovou z\u00e1kladnou v \u0161edo-zlat\u00e9m r\u00e1mu - Pro Baby Boss","description":"D\u011btsk\u00fd ko\u010d\u00e1rek 3v1 Lehk\u00fd cestovn\u00ed syst\u00e9m s Isofixovou z\u00e1kladnou v \u0161edo-zlat\u00e9m r\u00e1mu","robots":{"index":"index","follow":"follow","max-snippet":"max-snippet:-1","max-image-preview":"max-image-preview:large","max-video-preview":"max-video-preview:-1"},"canonical":"https:\/\/forbabyboss.com\/cs\/product\/detsky-kocarek-3v1-lehky-cestovni-system-isofixova-zakladna-v-sedo-zlatem-ramu\/","og_locale":"cs_CZ","og_type":"article","og_title":"Baby Pram 3in1 Lightweight Travel System Pushchair Isofix base in grey gold frame - For Baby Boss","og_description":"Baby Pram 3in1 Lightweight Travel System Pushchair Isofix base in grey gold frame","og_url":"https:\/\/forbabyboss.com\/cs\/product\/detsky-kocarek-3v1-lehky-cestovni-system-isofixova-zakladna-v-sedo-zlatem-ramu\/","og_site_name":"For Baby Boss","article_modified_time":"2026-02-21T12:38:49+00:00","og_image":[{"width":1309,"height":900,"url":"https:\/\/forbabyboss.com\/wp-content\/uploads\/2022\/09\/Baby-Buggy-Pram-Lightweight-Folding-3-in-1-Travel-System-Pushchair-Isofix-Base-Grey-Gold-Frame.png","type":"image\/png"}],"twitter_card":"summary_large_image","twitter_misc":{"Odhadovan\u00e1 doba \u010dten\u00ed":"3 minuty"},"schema":{"@context":"https:\/\/schema.org","@graph":[{"@type":"WebPage","@id":"https:\/\/forbabyboss.com\/product\/baby-pram-3in1-lightweight-travel-system-pushchair-isofix-base-in-grey-gold-frame\/","url":"https:\/\/forbabyboss.com\/product\/baby-pram-3in1-lightweight-travel-system-pushchair-isofix-base-in-grey-gold-frame\/","name":"D\u011btsk\u00fd ko\u010d\u00e1rek 3v1 Lehk\u00fd cestovn\u00ed syst\u00e9m s Isofixovou z\u00e1kladnou v \u0161edo-zlat\u00e9m r\u00e1mu - Pro Baby Boss","isPartOf":{"@id":"https:\/\/powderblue-seahorse-496884.hostingersite.com\/#website"},"primaryImageOfPage":{"@id":"https:\/\/forbabyboss.com\/product\/baby-pram-3in1-lightweight-travel-system-pushchair-isofix-base-in-grey-gold-frame\/#primaryimage"},"image":{"@id":"https:\/\/forbabyboss.com\/product\/baby-pram-3in1-lightweight-travel-system-pushchair-isofix-base-in-grey-gold-frame\/#primaryimage"},"thumbnailUrl":"https:\/\/forbabyboss.com\/wp-content\/uploads\/2022\/09\/Baby-Buggy-Pram-Lightweight-Folding-3-in-1-Travel-System-Pushchair-Isofix-Base-Grey-Gold-Frame.png","datePublished":"2022-09-11T15:18:58+00:00","dateModified":"2026-02-21T12:38:49+00:00","description":"D\u011btsk\u00fd ko\u010d\u00e1rek 3v1 Lehk\u00fd cestovn\u00ed syst\u00e9m s Isofixovou z\u00e1kladnou v \u0161edo-zlat\u00e9m r\u00e1mu","breadcrumb":{"@id":"https:\/\/forbabyboss.com\/product\/baby-pram-3in1-lightweight-travel-system-pushchair-isofix-base-in-grey-gold-frame\/#breadcrumb"},"inLanguage":"cs","potentialAction":[{"@type":"ReadAction","target":["https:\/\/forbabyboss.com\/product\/baby-pram-3in1-lightweight-travel-system-pushchair-isofix-base-in-grey-gold-frame\/"]}]},{"@type":"ImageObject","inLanguage":"cs","@id":"https:\/\/forbabyboss.com\/product\/baby-pram-3in1-lightweight-travel-system-pushchair-isofix-base-in-grey-gold-frame\/#primaryimage","url":"https:\/\/forbabyboss.com\/wp-content\/uploads\/2022\/09\/Baby-Buggy-Pram-Lightweight-Folding-3-in-1-Travel-System-Pushchair-Isofix-Base-Grey-Gold-Frame.png","contentUrl":"https:\/\/forbabyboss.com\/wp-content\/uploads\/2022\/09\/Baby-Buggy-Pram-Lightweight-Folding-3-in-1-Travel-System-Pushchair-Isofix-Base-Grey-Gold-Frame.png","width":1309,"height":900},{"@type":"BreadcrumbList","@id":"https:\/\/forbabyboss.com\/product\/baby-pram-3in1-lightweight-travel-system-pushchair-isofix-base-in-grey-gold-frame\/#breadcrumb","itemListElement":[{"@type":"ListItem","position":1,"name":"Home","item":"https:\/\/forbabyboss.com\/"},{"@type":"ListItem","position":2,"name":"Shop","item":"https:\/\/forbabyboss.com\/shop\/"},{"@type":"ListItem","position":3,"name":"Baby Pram 3in1 Lightweight Travel System Pushchair Isofix base in grey gold frame"}]},{"@type":"WebSite","@id":"https:\/\/powderblue-seahorse-496884.hostingersite.com\/#website","url":"https:\/\/powderblue-seahorse-496884.hostingersite.com\/","name":"Pro Baby Boss","description":"Kr\u00e1sn\u00e9 d\u00e1rky a dopl\u0148ky pro va\u0161eho \u0161\u00e9fa","potentialAction":[{"@type":"SearchAction","target":{"@type":"EntryPoint","urlTemplate":"https:\/\/powderblue-seahorse-496884.hostingersite.com\/?s={search_term_string}"},"query-input":{"@type":"PropertyValueSpecification","valueRequired":true,"valueName":"search_term_string"}}],"inLanguage":"cs"}]}},"_links":{"self":[{"href":"https:\/\/forbabyboss.com\/cs\/wp-json\/wp\/v2\/product\/5251","targetHints":{"allow":["GET"]}}],"collection":[{"href":"https:\/\/forbabyboss.com\/cs\/wp-json\/wp\/v2\/product"}],"about":[{"href":"https:\/\/forbabyboss.com\/cs\/wp-json\/wp\/v2\/types\/product"}],"wp:featuredmedia":[{"embeddable":true,"href":"https:\/\/forbabyboss.com\/cs\/wp-json\/wp\/v2\/media\/5252"}],"wp:attachment":[{"href":"https:\/\/forbabyboss.com\/cs\/wp-json\/wp\/v2\/media?parent=5251"}],"wp:term":[{"taxonomy":"product_brand","embeddable":true,"href":"https:\/\/forbabyboss.com\/cs\/wp-json\/wp\/v2\/product_brand?post=5251"},{"taxonomy":"product_cat","embeddable":true,"href":"https:\/\/forbabyboss.com\/cs\/wp-json\/wp\/v2\/product_cat?post=5251"},{"taxonomy":"product_tag","embeddable":true,"href":"https:\/\/forbabyboss.com\/cs\/wp-json\/wp\/v2\/product_tag?post=5251"}],"curies":[{"name":"wp","href":"https:\/\/api.w.org\/{rel}","templated":true}]}}