{"id":5433,"date":"2022-09-13T10:38:57","date_gmt":"2022-09-13T10:38:57","guid":{"rendered":"http:\/\/forbabyboss.com\/?post_type=product&#038;p=5433"},"modified":"2026-02-21T12:03:05","modified_gmt":"2026-02-21T12:03:05","slug":"detsky-kocarek-od-narozeni-cestovni-system-3-v-1-pro-chlapce-a-divky-isofixova-zakladna-stribrny-kamen-cerny-ram","status":"publish","type":"product","link":"https:\/\/forbabyboss.com\/cs\/product\/baby-pram-from-birth-pushchair-buggy-3-in1-travel-system-boys-girls-isofix-base-silver-stone-black-frame\/","title":{"rendered":"D\u011btsk\u00fd ko\u010d\u00e1rek od narozen\u00ed, cestovn\u00ed syst\u00e9m Buggy 3 v 1, chlapci a d\u00edvky, ISOFIX BASE - Silver Stone \u2013 \u010dern\u00fd r\u00e1m"},"content":{"rendered":"<p style=\"text-align: justify;\">Tento ko\u010d\u00e1rek je ide\u00e1ln\u00ed pro ty, kte\u0159\u00ed hledaj\u00ed kr\u00e1sn\u00fd a v\u00fdjime\u010dn\u00fd prvn\u00ed ko\u010d\u00e1rek pro sv\u00e9 nejmen\u0161\u00ed.<br \/>\nOptimal je kolekce funk\u010dn\u00edch, bezpe\u010dn\u00fdch a barevn\u00fdch ko\u010d\u00e1rk\u016f.<br \/>\nRukoje\u0165 je pota\u017eena ekok\u016f\u017e\u00ed, kter\u00e1 je na dotek velmi m\u011bkk\u00e1.<br \/>\nDal\u0161\u00ed v\u00fdhodou tohoto ko\u010d\u00e1rku je pohodln\u00fd, dob\u0159e odpru\u017een\u00fd r\u00e1m, kter\u00fd se extr\u00e9mn\u011b snadno pou\u017e\u00edv\u00e1.<br \/>\nKo\u010d\u00e1rek samotn\u00fd je velmi lehk\u00fd, kr\u00e1sn\u011b se s n\u00edm jezd\u00ed.<br \/>\nSnadn\u00fd syst\u00e9m mont\u00e1\u017ee ocen\u00ed ka\u017ed\u00e1 maminka a tat\u00ednek.<br \/>\nKo\u010d\u00e1rek je kompaktn\u00ed, tak\u017ee s jeho pohybem v \u00fazk\u00fdch pr\u016fchodech nebudete m\u00edt \u017e\u00e1dn\u00e9 probl\u00e9my.<br \/>\nR\u00e1di bychom v\u00e1s upozornili na mo\u017enost nastaven\u00ed gondoly zvenku a syst\u00e9m odpru\u017een\u00ed v kolech.<br \/>\n\u010caloun\u011bn\u00ed ko\u010d\u00e1rku je vyrobeno z nejkvalitn\u011bj\u0161\u00edch impregnovan\u00fdch l\u00e1tek, kter\u00e9 jsou vhodn\u00e9 pro d\u011bti.<br \/>\nVnit\u0159ek gondoly je vypln\u011bn hypoalergenn\u00ed bavln\u011bnou l\u00e1tkou.<br \/>\n\u010caloun\u011bn\u00ed lze sundat a vyprat.<\/p>\n<p style=\"text-align: justify;\">r\u00e1m s ko\u017eenou rukojet\u00ed,<br \/>\ngondola s rukojet\u00ed z ekok\u016f\u017ee<br \/>\nsyst\u00e9m ko\u010d\u00e1rku<br \/>\nadapt\u00e9ry pro mont\u00e1\u017e autoseda\u010dky na r\u00e1m<br \/>\nvelk\u00e1 ta\u0161ka<br \/>\ngelov\u00e1 kola odoln\u00e1 proti prop\u00edchnut\u00ed<br \/>\nkabinka a izolovan\u00fd kryt nohou pro ko\u010d\u00e1rek<br \/>\nBudka a kryt\u00ed gondoly<br \/>\nkabinka a kryt na nohy autoseda\u010dky<br \/>\nmatrace do ko\u010d\u00e1rku<\/p>\n<h3><strong>Ko\u010d\u00e1rek:<\/strong><\/h3>\n<ul>\n<li>Nastaviteln\u00e1 kapuce \/ Luxusn\u00ed pod\u0161\u00edvka \/ Rukoje\u0165 pro p\u0159en\u00e1\u0161en\u00ed \/ Odn\u00edmateln\u00fd n\u00e1razn\u00edk<\/li>\n<li>Bar<\/li>\n<li>Vnit\u0159ek z hypoalergenn\u00ed bavlny vhodn\u00e9 pro d\u011bti, prody\u0161n\u00fd<\/li>\n<li>Uzamykateln\u00e1, oto\u010dn\u00e1 o 360\u00b0, nafukovac\u00ed p\u0159edn\u00ed kola s lo\u017eisky,<br \/>\ncentr\u00e1ln\u00ed brzda \u201cstop &amp; go\u201d;<\/li>\n<li>Sn\u00edmateln\u00e1 kapuce pro lep\u0161\u00ed ochranu ve st\u00ednu v sedac\u00ed jednotce;<br \/>\nkorbi\u010dka vybaven\u00e1 4bodov\u00fdm nastaven\u00edm op\u011bradla<br \/>\nodv\u011btr\u00e1van\u00e1 korbi\u010dka a st\u0159\u00ed\u0161ka sedadla;<\/li>\n<li>4bodov\u00e1 nastaviteln\u00e1 rukoje\u0165 pota\u017een\u00e1 ekok\u016f\u017e\u00ed;<br \/>\nsyst\u00e9m sm\u011b\u0159uj\u00edc\u00ed dop\u0159edu i dozadu,<\/li>\n<\/ul>\n<h2><strong>Rozm\u011bry:<\/strong><\/h2>\n<ul>\n<li style=\"text-align: justify;\">P\u0159enosn\u00e1 korba<\/li>\n<li style=\"text-align: justify;\">hmotnost \u2013 4,2 kg<\/li>\n<li style=\"text-align: justify;\">celkov\u00e1 hmotnost ko\u010d\u00e1rku \u2013 14 kg<\/li>\n<li style=\"text-align: justify;\">r\u00e1m s korbou: V. 126 cm x \u0160. 59,5 cm x D. 100 cm<\/li>\n<li style=\"text-align: justify;\">Vnit\u0159n\u00ed rozm\u011bry: \u0160. 36 cm x D. 91 cm x H. 21 cm<\/li>\n<\/ul>\n<h3 style=\"text-align: justify;\"><strong>Ko\u010d\u00e1rek:<\/strong><\/h3>\n<ul>\n<li style=\"text-align: justify;\">r\u00e1m s koly: 13,7 kg<\/li>\n<li style=\"text-align: justify;\">Rozm\u011bry ko\u010d\u00e1rku: V. 114 cm x \u0160. 59,5 cm x D. 90 cm<\/li>\n<\/ul>\n<h3 style=\"text-align: justify;\"><strong>Autoseda\u010dka:<\/strong><\/h3>\n<ul>\n<li style=\"text-align: justify;\">Hmotnost: 4,8 kg<\/li>\n<li style=\"text-align: justify;\">autoseda\u010dka s r\u00e1mem a kole\u010dky: 14,8 kg<\/li>\n<li style=\"text-align: justify;\">r\u00e1m s autoseda\u010dkou: v. 108 cm x \u0161. 63 cm x d. 84 cm<\/li>\n<\/ul>\n<h4 style=\"text-align: justify;\"><strong>R\u00e1m:<\/strong><\/h4>\n<ul>\n<li style=\"text-align: justify;\">r\u00e1m s koly: 9,8 kg<\/li>\n<li style=\"text-align: justify;\">Pr\u016fm\u011br kol: p\u0159edn\u00ed 25 cm, zadn\u00ed 31 cm<\/li>\n<\/ul>\n<h4 style=\"text-align: justify;\"><strong>Pohodln\u00e1 autoseda\u010dka:<\/strong><\/h4>\n<ul>\n<li style=\"text-align: justify;\">Skupina 0-10 kg:<\/li>\n<li style=\"text-align: justify;\">Mont\u00e1\u017e na voz\u00edk pomoc\u00ed adapt\u00e9ru<\/li>\n<li style=\"text-align: justify;\">3bodov\u00fd p\u00e1s<\/li>\n<li style=\"text-align: justify;\">Nastaviteln\u00e1 rukoje\u0165 pro p\u0159en\u00e1\u0161en\u00ed<\/li>\n<li style=\"text-align: justify;\">Odn\u00edmateln\u00fd kryt<\/li>\n<li style=\"text-align: justify;\">V\u00fd\u0161kov\u011b nastaviteln\u00e9 bezpe\u010dnostn\u00ed p\u00e1sy<\/li>\n<li style=\"text-align: justify;\">Re\u017eim sm\u011b\u0159uj\u00edc\u00ed dop\u0159edu nebo dozadu<\/li>\n<\/ul>\n<p style=\"text-align: justify;\"><a href=\"http:\/\/forbabyboss.com\/wp-content\/uploads\/2022\/09\/checkout.png\"><img loading=\"lazy\" decoding=\"async\" class=\"alignnone size-full wp-image-5965\" src=\"http:\/\/forbabyboss.com\/wp-content\/uploads\/2022\/09\/checkout.png\" alt=\"\" width=\"750\" height=\"276\" srcset=\"https:\/\/forbabyboss.com\/wp-content\/uploads\/2022\/09\/checkout.png 750w, https:\/\/forbabyboss.com\/wp-content\/uploads\/2022\/09\/checkout-600x221.png 600w\" sizes=\"auto, (max-width: 750px) 100vw, 750px\" \/><\/a><\/p>","protected":false},"excerpt":{"rendered":"<p><a href=\"http:\/\/forbabyboss.com\/wp-content\/uploads\/2022\/09\/Star-Rating-5.png\"><img loading=\"lazy\" decoding=\"async\" class=\"alignnone size-full wp-image-5973 aligncenter\" src=\"http:\/\/forbabyboss.com\/wp-content\/uploads\/2022\/09\/Star-Rating-5.png\" alt=\"\" width=\"275\" height=\"45\" \/><\/a><\/p>\n<p style=\"text-align: center;\"><span style=\"color: #ed1c24; font-size: 120%;\"><b>GARANCE SHODU CEN<\/b><\/span><\/p>\n<p style=\"text-align: center;\"><span style=\"font-size: 115%;\"><span style=\"font-weight: 400; color: #4f4fa7;\">Doprava zdarma<\/span><span style=\"font-weight: 400;\"> \u2013 2 \u2013 7 dn\u00ed<\/span><\/span><\/p>\n<p style=\"text-align: center;\"><strong><span style=\"color: #29606b;\">D\u00e1rek zdarma k n\u00e1kupu nad 100 GBP<\/span><\/strong><\/p>","protected":false},"featured_media":5434,"template":"","meta":[],"product_brand":[370],"product_cat":[338,339,156,207,305,303,130,209,221,211],"product_tag":[163,199],"class_list":{"0":"post-5433","1":"product","2":"type-product","3":"status-publish","4":"has-post-thumbnail","6":"product_brand-babylux","7":"product_cat-600-to-700","8":"product_cat-700-to-800","9":"product_cat-3-in-1","10":"product_cat-black","11":"product_cat-colour","12":"product_cat-pattern","13":"product_cat-prams","14":"product_cat-push-chairs","15":"product_cat-silver-colour","16":"product_cat-stroller","17":"product_tag-3-in-1-prams","18":"product_tag-prams","20":"first","21":"instock","22":"sale","23":"shipping-taxable","24":"purchasable","25":"product-type-simple"},"yoast_head":"<!-- This site is optimized with the Yoast SEO plugin v27.5 - https:\/\/yoast.com\/product\/yoast-seo-wordpress\/ -->\n<title>Baby Pram From Birth Pushchair Buggy 3 in1 Travel System Boys Girls ISOFIX BASE -Silver Stone - black frame - For Baby Boss<\/title>\n<meta name=\"description\" content=\"Baby Pram From Birth Pushchair Buggy 3 in1 Travel System Boys Girls ISOFIX BASE -Silver Stone - black frame\" \/>\n<meta name=\"robots\" content=\"index, follow, max-snippet:-1, max-image-preview:large, max-video-preview:-1\" \/>\n<link rel=\"canonical\" href=\"https:\/\/forbabyboss.com\/cs\/product\/detsky-kocarek-od-narozeni-cestovni-system-3-v-1-pro-chlapce-a-divky-isofixova-zakladna-stribrny-kamen-cerny-ram\/\" \/>\n<meta property=\"og:locale\" content=\"cs_CZ\" \/>\n<meta property=\"og:type\" content=\"article\" \/>\n<meta property=\"og:title\" content=\"Baby Pram From Birth Pushchair Buggy 3 in1 Travel System Boys Girls ISOFIX BASE -Silver Stone - black frame - For Baby Boss\" \/>\n<meta property=\"og:description\" content=\"Baby Pram From Birth Pushchair Buggy 3 in1 Travel System Boys Girls ISOFIX BASE -Silver Stone - black frame\" \/>\n<meta property=\"og:url\" content=\"https:\/\/forbabyboss.com\/cs\/product\/detsky-kocarek-od-narozeni-cestovni-system-3-v-1-pro-chlapce-a-divky-isofixova-zakladna-stribrny-kamen-cerny-ram\/\" \/>\n<meta property=\"og:site_name\" content=\"For Baby Boss\" \/>\n<meta property=\"article:modified_time\" content=\"2026-02-21T12:03:05+00:00\" \/>\n<meta property=\"og:image\" content=\"https:\/\/forbabyboss.com\/wp-content\/uploads\/2022\/09\/Baby-Pram-From-Birth-Pushchair-Buggy-3-in1-Travel-System-Boys-Girls-ISOFIX-BASE-Silver-Stone-black-frame-main-1107x800.png\" \/>\n\t<meta property=\"og:image:width\" content=\"1107\" \/>\n\t<meta property=\"og:image:height\" content=\"800\" \/>\n\t<meta property=\"og:image:type\" content=\"image\/png\" \/>\n<meta name=\"twitter:card\" content=\"summary_large_image\" \/>\n<meta name=\"twitter:label1\" content=\"Odhadovan\u00e1 doba \u010dten\u00ed\" \/>\n\t<meta name=\"twitter:data1\" content=\"2 minuty\" \/>\n<script type=\"application\/ld+json\" class=\"yoast-schema-graph\">{\"@context\":\"https:\\\/\\\/schema.org\",\"@graph\":[{\"@type\":\"WebPage\",\"@id\":\"https:\\\/\\\/forbabyboss.com\\\/product\\\/baby-pram-from-birth-pushchair-buggy-3-in1-travel-system-boys-girls-isofix-base-silver-stone-black-frame\\\/\",\"url\":\"https:\\\/\\\/forbabyboss.com\\\/product\\\/baby-pram-from-birth-pushchair-buggy-3-in1-travel-system-boys-girls-isofix-base-silver-stone-black-frame\\\/\",\"name\":\"Baby Pram From Birth Pushchair Buggy 3 in1 Travel System Boys Girls ISOFIX BASE -Silver Stone - black frame - For Baby Boss\",\"isPartOf\":{\"@id\":\"https:\\\/\\\/powderblue-seahorse-496884.hostingersite.com\\\/#website\"},\"primaryImageOfPage\":{\"@id\":\"https:\\\/\\\/forbabyboss.com\\\/product\\\/baby-pram-from-birth-pushchair-buggy-3-in1-travel-system-boys-girls-isofix-base-silver-stone-black-frame\\\/#primaryimage\"},\"image\":{\"@id\":\"https:\\\/\\\/forbabyboss.com\\\/product\\\/baby-pram-from-birth-pushchair-buggy-3-in1-travel-system-boys-girls-isofix-base-silver-stone-black-frame\\\/#primaryimage\"},\"thumbnailUrl\":\"https:\\\/\\\/forbabyboss.com\\\/wp-content\\\/uploads\\\/2022\\\/09\\\/Baby-Pram-From-Birth-Pushchair-Buggy-3-in1-Travel-System-Boys-Girls-ISOFIX-BASE-Silver-Stone-black-frame-main.png\",\"datePublished\":\"2022-09-13T10:38:57+00:00\",\"dateModified\":\"2026-02-21T12:03:05+00:00\",\"description\":\"Baby Pram From Birth Pushchair Buggy 3 in1 Travel System Boys Girls ISOFIX BASE -Silver Stone - black frame\",\"breadcrumb\":{\"@id\":\"https:\\\/\\\/forbabyboss.com\\\/product\\\/baby-pram-from-birth-pushchair-buggy-3-in1-travel-system-boys-girls-isofix-base-silver-stone-black-frame\\\/#breadcrumb\"},\"inLanguage\":\"cs\",\"potentialAction\":[{\"@type\":\"ReadAction\",\"target\":[\"https:\\\/\\\/forbabyboss.com\\\/product\\\/baby-pram-from-birth-pushchair-buggy-3-in1-travel-system-boys-girls-isofix-base-silver-stone-black-frame\\\/\"]}]},{\"@type\":\"ImageObject\",\"inLanguage\":\"cs\",\"@id\":\"https:\\\/\\\/forbabyboss.com\\\/product\\\/baby-pram-from-birth-pushchair-buggy-3-in1-travel-system-boys-girls-isofix-base-silver-stone-black-frame\\\/#primaryimage\",\"url\":\"https:\\\/\\\/forbabyboss.com\\\/wp-content\\\/uploads\\\/2022\\\/09\\\/Baby-Pram-From-Birth-Pushchair-Buggy-3-in1-Travel-System-Boys-Girls-ISOFIX-BASE-Silver-Stone-black-frame-main.png\",\"contentUrl\":\"https:\\\/\\\/forbabyboss.com\\\/wp-content\\\/uploads\\\/2022\\\/09\\\/Baby-Pram-From-Birth-Pushchair-Buggy-3-in1-Travel-System-Boys-Girls-ISOFIX-BASE-Silver-Stone-black-frame-main.png\",\"width\":1600,\"height\":1156},{\"@type\":\"BreadcrumbList\",\"@id\":\"https:\\\/\\\/forbabyboss.com\\\/product\\\/baby-pram-from-birth-pushchair-buggy-3-in1-travel-system-boys-girls-isofix-base-silver-stone-black-frame\\\/#breadcrumb\",\"itemListElement\":[{\"@type\":\"ListItem\",\"position\":1,\"name\":\"Home\",\"item\":\"https:\\\/\\\/forbabyboss.com\\\/\"},{\"@type\":\"ListItem\",\"position\":2,\"name\":\"Shop\",\"item\":\"https:\\\/\\\/forbabyboss.com\\\/shop\\\/\"},{\"@type\":\"ListItem\",\"position\":3,\"name\":\"Baby Pram From Birth Pushchair Buggy 3 in1 Travel System Boys Girls ISOFIX BASE -Silver Stone &#8211; black frame\"}]},{\"@type\":\"WebSite\",\"@id\":\"https:\\\/\\\/powderblue-seahorse-496884.hostingersite.com\\\/#website\",\"url\":\"https:\\\/\\\/powderblue-seahorse-496884.hostingersite.com\\\/\",\"name\":\"For Baby Boss\",\"description\":\"Beautiful gifts and accessories for your baby boss\",\"potentialAction\":[{\"@type\":\"SearchAction\",\"target\":{\"@type\":\"EntryPoint\",\"urlTemplate\":\"https:\\\/\\\/powderblue-seahorse-496884.hostingersite.com\\\/?s={search_term_string}\"},\"query-input\":{\"@type\":\"PropertyValueSpecification\",\"valueRequired\":true,\"valueName\":\"search_term_string\"}}],\"inLanguage\":\"cs\"}]}<\/script>\n<!-- \/ Yoast SEO plugin. -->","yoast_head_json":{"title":"D\u011btsk\u00fd ko\u010d\u00e1rek od narozen\u00ed, cestovn\u00ed syst\u00e9m Buggy 3 v 1, chlapci a d\u00edvky, ISOFIX BASE - st\u0159\u00edbrn\u00fd k\u00e1men - \u010dern\u00fd r\u00e1m - pro Baby Boss","description":"D\u011btsk\u00fd ko\u010d\u00e1rek od narozen\u00ed, cestovn\u00ed syst\u00e9m Buggy 3 v 1, chlapci a d\u00edvky, ISOFIX BASE - Silver Stone - \u010dern\u00fd r\u00e1m","robots":{"index":"index","follow":"follow","max-snippet":"max-snippet:-1","max-image-preview":"max-image-preview:large","max-video-preview":"max-video-preview:-1"},"canonical":"https:\/\/forbabyboss.com\/cs\/product\/detsky-kocarek-od-narozeni-cestovni-system-3-v-1-pro-chlapce-a-divky-isofixova-zakladna-stribrny-kamen-cerny-ram\/","og_locale":"cs_CZ","og_type":"article","og_title":"Baby Pram From Birth Pushchair Buggy 3 in1 Travel System Boys Girls ISOFIX BASE -Silver Stone - black frame - For Baby Boss","og_description":"Baby Pram From Birth Pushchair Buggy 3 in1 Travel System Boys Girls ISOFIX BASE -Silver Stone - black frame","og_url":"https:\/\/forbabyboss.com\/cs\/product\/detsky-kocarek-od-narozeni-cestovni-system-3-v-1-pro-chlapce-a-divky-isofixova-zakladna-stribrny-kamen-cerny-ram\/","og_site_name":"For Baby Boss","article_modified_time":"2026-02-21T12:03:05+00:00","og_image":[{"width":1107,"height":800,"url":"https:\/\/forbabyboss.com\/wp-content\/uploads\/2022\/09\/Baby-Pram-From-Birth-Pushchair-Buggy-3-in1-Travel-System-Boys-Girls-ISOFIX-BASE-Silver-Stone-black-frame-main-1107x800.png","type":"image\/png"}],"twitter_card":"summary_large_image","twitter_misc":{"Odhadovan\u00e1 doba \u010dten\u00ed":"2 minuty"},"schema":{"@context":"https:\/\/schema.org","@graph":[{"@type":"WebPage","@id":"https:\/\/forbabyboss.com\/product\/baby-pram-from-birth-pushchair-buggy-3-in1-travel-system-boys-girls-isofix-base-silver-stone-black-frame\/","url":"https:\/\/forbabyboss.com\/product\/baby-pram-from-birth-pushchair-buggy-3-in1-travel-system-boys-girls-isofix-base-silver-stone-black-frame\/","name":"D\u011btsk\u00fd ko\u010d\u00e1rek od narozen\u00ed, cestovn\u00ed syst\u00e9m Buggy 3 v 1, chlapci a d\u00edvky, ISOFIX BASE - st\u0159\u00edbrn\u00fd k\u00e1men - \u010dern\u00fd r\u00e1m - pro Baby Boss","isPartOf":{"@id":"https:\/\/powderblue-seahorse-496884.hostingersite.com\/#website"},"primaryImageOfPage":{"@id":"https:\/\/forbabyboss.com\/product\/baby-pram-from-birth-pushchair-buggy-3-in1-travel-system-boys-girls-isofix-base-silver-stone-black-frame\/#primaryimage"},"image":{"@id":"https:\/\/forbabyboss.com\/product\/baby-pram-from-birth-pushchair-buggy-3-in1-travel-system-boys-girls-isofix-base-silver-stone-black-frame\/#primaryimage"},"thumbnailUrl":"https:\/\/forbabyboss.com\/wp-content\/uploads\/2022\/09\/Baby-Pram-From-Birth-Pushchair-Buggy-3-in1-Travel-System-Boys-Girls-ISOFIX-BASE-Silver-Stone-black-frame-main.png","datePublished":"2022-09-13T10:38:57+00:00","dateModified":"2026-02-21T12:03:05+00:00","description":"D\u011btsk\u00fd ko\u010d\u00e1rek od narozen\u00ed, cestovn\u00ed syst\u00e9m Buggy 3 v 1, chlapci a d\u00edvky, ISOFIX BASE - Silver Stone - \u010dern\u00fd r\u00e1m","breadcrumb":{"@id":"https:\/\/forbabyboss.com\/product\/baby-pram-from-birth-pushchair-buggy-3-in1-travel-system-boys-girls-isofix-base-silver-stone-black-frame\/#breadcrumb"},"inLanguage":"cs","potentialAction":[{"@type":"ReadAction","target":["https:\/\/forbabyboss.com\/product\/baby-pram-from-birth-pushchair-buggy-3-in1-travel-system-boys-girls-isofix-base-silver-stone-black-frame\/"]}]},{"@type":"ImageObject","inLanguage":"cs","@id":"https:\/\/forbabyboss.com\/product\/baby-pram-from-birth-pushchair-buggy-3-in1-travel-system-boys-girls-isofix-base-silver-stone-black-frame\/#primaryimage","url":"https:\/\/forbabyboss.com\/wp-content\/uploads\/2022\/09\/Baby-Pram-From-Birth-Pushchair-Buggy-3-in1-Travel-System-Boys-Girls-ISOFIX-BASE-Silver-Stone-black-frame-main.png","contentUrl":"https:\/\/forbabyboss.com\/wp-content\/uploads\/2022\/09\/Baby-Pram-From-Birth-Pushchair-Buggy-3-in1-Travel-System-Boys-Girls-ISOFIX-BASE-Silver-Stone-black-frame-main.png","width":1600,"height":1156},{"@type":"BreadcrumbList","@id":"https:\/\/forbabyboss.com\/product\/baby-pram-from-birth-pushchair-buggy-3-in1-travel-system-boys-girls-isofix-base-silver-stone-black-frame\/#breadcrumb","itemListElement":[{"@type":"ListItem","position":1,"name":"Home","item":"https:\/\/forbabyboss.com\/"},{"@type":"ListItem","position":2,"name":"Shop","item":"https:\/\/forbabyboss.com\/shop\/"},{"@type":"ListItem","position":3,"name":"Baby Pram From Birth Pushchair Buggy 3 in1 Travel System Boys Girls ISOFIX BASE -Silver Stone &#8211; black frame"}]},{"@type":"WebSite","@id":"https:\/\/powderblue-seahorse-496884.hostingersite.com\/#website","url":"https:\/\/powderblue-seahorse-496884.hostingersite.com\/","name":"Pro Baby Boss","description":"Kr\u00e1sn\u00e9 d\u00e1rky a dopl\u0148ky pro va\u0161eho \u0161\u00e9fa","potentialAction":[{"@type":"SearchAction","target":{"@type":"EntryPoint","urlTemplate":"https:\/\/powderblue-seahorse-496884.hostingersite.com\/?s={search_term_string}"},"query-input":{"@type":"PropertyValueSpecification","valueRequired":true,"valueName":"search_term_string"}}],"inLanguage":"cs"}]}},"_links":{"self":[{"href":"https:\/\/forbabyboss.com\/cs\/wp-json\/wp\/v2\/product\/5433","targetHints":{"allow":["GET"]}}],"collection":[{"href":"https:\/\/forbabyboss.com\/cs\/wp-json\/wp\/v2\/product"}],"about":[{"href":"https:\/\/forbabyboss.com\/cs\/wp-json\/wp\/v2\/types\/product"}],"wp:featuredmedia":[{"embeddable":true,"href":"https:\/\/forbabyboss.com\/cs\/wp-json\/wp\/v2\/media\/5434"}],"wp:attachment":[{"href":"https:\/\/forbabyboss.com\/cs\/wp-json\/wp\/v2\/media?parent=5433"}],"wp:term":[{"taxonomy":"product_brand","embeddable":true,"href":"https:\/\/forbabyboss.com\/cs\/wp-json\/wp\/v2\/product_brand?post=5433"},{"taxonomy":"product_cat","embeddable":true,"href":"https:\/\/forbabyboss.com\/cs\/wp-json\/wp\/v2\/product_cat?post=5433"},{"taxonomy":"product_tag","embeddable":true,"href":"https:\/\/forbabyboss.com\/cs\/wp-json\/wp\/v2\/product_tag?post=5433"}],"curies":[{"name":"wp","href":"https:\/\/api.w.org\/{rel}","templated":true}]}}