{"id":5482,"date":"2022-09-24T17:13:42","date_gmt":"2022-09-24T17:13:42","guid":{"rendered":"http:\/\/forbabyboss.com\/?post_type=product&#038;p=5482"},"modified":"2026-02-21T09:06:11","modified_gmt":"2026-02-21T09:06:11","slug":"kocarek-3v1-cestovni-system-sada-autosedacka-kocarek-ruzova","status":"publish","type":"product","link":"https:\/\/forbabyboss.com\/cs\/product\/stroller-3in1-travel-system-set-car-seat-stroller-pink\/","title":{"rendered":"Cestovn\u00ed sada 3v1 s autoseda\u010dkou do ko\u010d\u00e1rku \u2013 r\u016f\u017eov\u00e1"},"content":{"rendered":"<h2><span style=\"color: #e14d43;\"><strong>Vlastnosti:<\/strong><\/span><\/h2>\n<ul>\n<li style=\"font-weight: 400;\"><span style=\"color: #282828;\"><strong>Re\u017eim po sm\u011bru j\u00edzdy a proti sm\u011bru j\u00edzdy<\/strong><\/span><\/li>\n<li style=\"font-weight: 400;\"><span style=\"color: #282828;\"><strong>s\u00ed\u0165ovan\u00e9 ok\u00e9nko v zadn\u00ed \u010d\u00e1sti kapuce<\/strong><\/span><\/li>\n<li style=\"font-weight: 400;\"><span style=\"color: #282828;\"><strong>Gondola m\u00e1 m\u011bkkou pod\u0161\u00edvku, kterou lze vyjmout a vyprat<\/strong><\/span><\/li>\n<li style=\"font-weight: 400;\"><span style=\"color: #282828;\"><strong>kryt gondoly lze zvednout a vytvo\u0159it tak lapa\u010d v\u011btru<\/strong><\/span><\/li>\n<li style=\"font-weight: 400;\"><span style=\"color: #282828;\"><strong>prodlou\u017een\u00e1 kapuce<\/strong><\/span><\/li>\n<li style=\"font-weight: 400;\"><span style=\"color: #282828;\"><strong>ko\u010d\u00e1rek je vybaven 5bodov\u00fdmi bezpe\u010dnostn\u00edmi p\u00e1sy<\/strong><\/span><\/li>\n<li style=\"font-weight: 400;\"><span style=\"color: #282828;\"><strong>Op\u011brka nohou a bezpe\u010dnostn\u00ed madlo pota\u017een\u00e9 ekok\u016f\u017e\u00ed<\/strong><\/span><\/li>\n<li style=\"font-weight: 400;\"><span style=\"color: #282828;\"><strong>V\u00edce\u00farov\u0148ov\u00e1 nastaviteln\u00e1 rukoje\u0165<\/strong><\/span><\/li>\n<li style=\"font-weight: 400;\"><span style=\"color: #282828;\"><strong>Nastaviteln\u00e9 odpru\u017een\u00ed<\/strong><\/span><\/li>\n<li style=\"font-weight: 400;\"><span style=\"color: #282828;\"><strong>Nastaviteln\u00e1 op\u011brka nohou a zad<\/strong><\/span><\/li>\n<li style=\"font-weight: 400;\"><span style=\"color: #282828;\"><strong>Robustn\u00ed r\u00e1m<\/strong><\/span><\/li>\n<li style=\"font-weight: 400;\"><span style=\"color: #282828;\"><strong>Centr\u00e1ln\u00ed brzda EASY STOP<\/strong><\/span><\/li>\n<li style=\"font-weight: 400;\"><span style=\"color: #282828;\"><strong>Velk\u00fd n\u00e1kupn\u00ed ko\u0161\u00edk<\/strong><\/span><\/li>\n<\/ul>\n<h2><span style=\"color: #e14d43;\"><strong>Vlastnosti autoseda\u010dky:<\/strong><\/span><\/h2>\n<ul>\n<li style=\"font-weight: 400;\"><span style=\"color: #282828;\"><strong>p\u0159\u00eddavn\u00e1 vlo\u017eka pro kojence<\/strong><\/span><\/li>\n<li style=\"font-weight: 400;\"><span style=\"color: #282828;\"><strong>nastaviteln\u00e1 rukoje\u0165<\/strong><\/span><\/li>\n<li style=\"font-weight: 400;\"><span style=\"color: #282828;\"><strong>pokr\u00fdt<\/strong><\/span><\/li>\n<li style=\"font-weight: 400;\"><span style=\"color: #282828;\"><strong>odn\u00edmateln\u00e1 kapuce<\/strong><\/span><\/li>\n<li style=\"font-weight: 400;\"><span style=\"color: #282828;\"><strong>3bodov\u00e9 bezpe\u010dnostn\u00ed p\u00e1sy<\/strong><\/span><\/li>\n<\/ul>\n<h2><span style=\"color: #e14d43;\"><strong>Za\u0159\u00edzen\u00ed:<\/strong><\/span><\/h2>\n<ul>\n<li style=\"font-weight: 400;\"><span style=\"color: #282828;\"><strong>r\u00e1m s rukojet\u00ed z eko k\u016f\u017ee<\/strong><\/span><\/li>\n<li style=\"font-weight: 400;\"><span style=\"color: #282828;\"><strong>gondola s nastaviteln\u00fdm op\u011bradlem<\/strong><\/span><\/li>\n<li style=\"font-weight: 400;\"><span style=\"color: #282828;\"><strong>ko\u010d\u00e1rek<\/strong><\/span><\/li>\n<li style=\"font-weight: 400;\"><span style=\"color: #282828;\"><strong>dva kryty (na ko\u010d\u00e1rek a gondolu)<\/strong><\/span><\/li>\n<li style=\"font-weight: 400;\"><span style=\"color: #282828;\"><strong>multifunk\u010dn\u00ed autoseda\u010dka s adapt\u00e9ry<\/strong><\/span><\/li>\n<li style=\"font-weight: 400;\"><span style=\"color: #282828;\"><strong>pl\u00e1\u0161t\u011bnka<\/strong><\/span><\/li>\n<li style=\"font-weight: 400;\"><span style=\"color: #282828;\"><strong>moskyti\u00e9ra<\/strong><\/span><\/li>\n<li style=\"font-weight: 400;\"><span style=\"color: #282828;\"><strong>oto\u010dn\u00e1 kola pln\u011bn\u00e1 vzduchem<\/strong><\/span><\/li>\n<li style=\"font-weight: 400;\"><span style=\"color: #282828;\"><strong>velk\u00e1 kapsa na zadn\u00ed stran\u011b ta\u0161ky a dv\u011b mal\u00e9 po stran\u00e1ch<\/strong><\/span><\/li>\n<li style=\"font-weight: 400;\"><span style=\"color: #282828;\"><strong>Slo\u017een\u00fd r\u00e1m s koly (d\u00e9lka x \u0161\u00ed\u0159ka x v\u00fd\u0161ka): 85x60x40cm<\/strong><\/span><\/li>\n<li style=\"font-weight: 400;\"><span style=\"color: #282828;\"><strong>Sestaven\u00fd ko\u010d\u00e1rek (v\u00fd\u0161ka x \u0161\u00ed\u0159ka x d\u00e9lka): 115x60x95cm<\/strong><\/span><\/li>\n<li style=\"font-weight: 400;\"><span style=\"color: #282828;\"><strong>Vnit\u0159n\u00ed rozm\u011bry gondoly (\u0161\u00ed\u0159ka x d\u00e9lka x v\u00fd\u0161ka): 36x80x20cm<\/strong><\/span><\/li>\n<li style=\"font-weight: 400;\"><span style=\"color: #282828;\"><strong>Vnit\u0159n\u00ed rozm\u011bry ko\u010d\u00e1rku (\u0161\u00ed\u0159ka x d\u00e9lka op\u011bradla x d\u00e9lka sed\u00e1ku x d\u00e9lka podno\u017eky): 34x48x26x23 cm<\/strong><\/span><\/li>\n<li style=\"font-weight: 400;\"><span style=\"color: #282828;\"><strong>R\u00e1m s kole\u010dky: 10 kg<\/strong><\/span><\/li>\n<li style=\"font-weight: 400;\"><span style=\"color: #282828;\"><strong>Ko\u010d\u00e1rek: 15 kg<\/strong><\/span><\/li>\n<li style=\"font-weight: 400;\"><span style=\"color: #282828;\"><strong>Hlubok\u00fd ko\u010d\u00e1rek: 16 kg<\/strong><\/span><\/li>\n<li style=\"font-weight: 400;\"><span style=\"color: #282828;\"><strong>Rozsah regulace rukojeti: 70 cm a\u017e 115 cm<\/strong><\/span><\/li>\n<li style=\"font-weight: 400;\"><span style=\"color: #282828;\"><strong>12m\u011bs\u00ed\u010dn\u00ed z\u00e1ruka<\/strong><\/span><\/li>\n<\/ul>\n<p><span style=\"color: #282828;\"><strong><a style=\"color: #282828;\" href=\"http:\/\/forbabyboss.com\/wp-content\/uploads\/2022\/09\/checkout.png\"><img loading=\"lazy\" decoding=\"async\" class=\"alignnone wp-image-5965\" src=\"http:\/\/forbabyboss.com\/wp-content\/uploads\/2022\/09\/checkout.png\" alt=\"\" width=\"1030\" height=\"379\" srcset=\"https:\/\/forbabyboss.com\/wp-content\/uploads\/2022\/09\/checkout.png 750w, https:\/\/forbabyboss.com\/wp-content\/uploads\/2022\/09\/checkout-600x221.png 600w\" sizes=\"auto, (max-width: 1030px) 100vw, 1030px\" \/><\/a><\/strong><\/span><\/p>","protected":false},"excerpt":{"rendered":"<p><a href=\"http:\/\/forbabyboss.com\/wp-content\/uploads\/2022\/09\/Star-Rating-5.png\"><img loading=\"lazy\" decoding=\"async\" class=\"alignnone size-full wp-image-5973 aligncenter\" src=\"http:\/\/forbabyboss.com\/wp-content\/uploads\/2022\/09\/Star-Rating-5.png\" alt=\"\" width=\"275\" height=\"45\" \/><\/a><\/p>\n<p style=\"text-align: center;\"><span style=\"color: #ed1c24; font-size: 120%;\"><b>GARANCE SHODU CEN<\/b><\/span><\/p>\n<p style=\"text-align: center;\"><span style=\"font-size: 115%;\"><span style=\"font-weight: 400; color: #4f4fa7;\">Doprava zdarma<\/span><span style=\"font-weight: 400;\"> \u2013 2 \u2013 7 dn\u00ed<\/span><\/span><\/p>\n<p style=\"text-align: center;\"><strong><span style=\"color: #29606b;\">D\u00e1rek zdarma k n\u00e1kupu nad 100 GBP<\/span><\/strong><\/p>","protected":false},"featured_media":5487,"template":"","meta":[],"product_brand":[370],"product_cat":[337,339,156,305,303,215,130,209,211],"product_tag":[163,199],"class_list":{"0":"post-5482","1":"product","2":"type-product","3":"status-publish","4":"has-post-thumbnail","6":"product_brand-babylux","7":"product_cat-500-to-600","8":"product_cat-700-to-800","9":"product_cat-3-in-1","10":"product_cat-colour","11":"product_cat-pattern","12":"product_cat-pink","13":"product_cat-prams","14":"product_cat-push-chairs","15":"product_cat-stroller","16":"product_tag-3-in-1-prams","17":"product_tag-prams","19":"first","20":"instock","21":"sale","22":"shipping-taxable","23":"purchasable","24":"product-type-simple"},"yoast_head":"<!-- This site is optimized with the Yoast SEO plugin v27.5 - https:\/\/yoast.com\/product\/yoast-seo-wordpress\/ -->\n<title>Stroller 3in1 Travel System Set Car Seat Stroller - Pink - For Baby Boss<\/title>\n<meta name=\"description\" content=\"Stroller 3in1 Travel System Set Car Seat Stroller - Pink\" \/>\n<meta name=\"robots\" content=\"index, follow, max-snippet:-1, max-image-preview:large, max-video-preview:-1\" \/>\n<link rel=\"canonical\" href=\"https:\/\/forbabyboss.com\/cs\/product\/kocarek-3v1-cestovni-system-sada-autosedacka-kocarek-ruzova\/\" \/>\n<meta property=\"og:locale\" content=\"cs_CZ\" \/>\n<meta property=\"og:type\" content=\"article\" \/>\n<meta property=\"og:title\" content=\"Stroller 3in1 Travel System Set Car Seat Stroller - Pink - For Baby Boss\" \/>\n<meta property=\"og:description\" content=\"Stroller 3in1 Travel System Set Car Seat Stroller - Pink\" \/>\n<meta property=\"og:url\" content=\"https:\/\/forbabyboss.com\/cs\/product\/kocarek-3v1-cestovni-system-sada-autosedacka-kocarek-ruzova\/\" \/>\n<meta property=\"og:site_name\" content=\"For Baby Boss\" \/>\n<meta property=\"article:modified_time\" content=\"2026-02-21T09:06:11+00:00\" \/>\n<meta property=\"og:image\" content=\"https:\/\/forbabyboss.com\/wp-content\/uploads\/2022\/09\/Baby-Pushchair-Buggy-Pram-Set-3-in-1-Travel-System-Car-Seat-Stroller-From-Birth-Pink-main.jpg\" \/>\n\t<meta property=\"og:image:width\" content=\"1600\" \/>\n\t<meta property=\"og:image:height\" content=\"1600\" \/>\n\t<meta property=\"og:image:type\" content=\"image\/jpeg\" \/>\n<meta name=\"twitter:card\" content=\"summary_large_image\" \/>\n<meta name=\"twitter:label1\" content=\"Odhadovan\u00e1 doba \u010dten\u00ed\" \/>\n\t<meta name=\"twitter:data1\" content=\"2 minuty\" \/>\n<script type=\"application\/ld+json\" class=\"yoast-schema-graph\">{\"@context\":\"https:\\\/\\\/schema.org\",\"@graph\":[{\"@type\":\"WebPage\",\"@id\":\"https:\\\/\\\/forbabyboss.com\\\/product\\\/stroller-3in1-travel-system-set-car-seat-stroller-pink\\\/\",\"url\":\"https:\\\/\\\/forbabyboss.com\\\/product\\\/stroller-3in1-travel-system-set-car-seat-stroller-pink\\\/\",\"name\":\"Stroller 3in1 Travel System Set Car Seat Stroller - Pink - For Baby Boss\",\"isPartOf\":{\"@id\":\"https:\\\/\\\/powderblue-seahorse-496884.hostingersite.com\\\/#website\"},\"primaryImageOfPage\":{\"@id\":\"https:\\\/\\\/forbabyboss.com\\\/product\\\/stroller-3in1-travel-system-set-car-seat-stroller-pink\\\/#primaryimage\"},\"image\":{\"@id\":\"https:\\\/\\\/forbabyboss.com\\\/product\\\/stroller-3in1-travel-system-set-car-seat-stroller-pink\\\/#primaryimage\"},\"thumbnailUrl\":\"https:\\\/\\\/forbabyboss.com\\\/wp-content\\\/uploads\\\/2022\\\/09\\\/Baby-Pushchair-Buggy-Pram-Set-3-in-1-Travel-System-Car-Seat-Stroller-From-Birth-Pink-main.jpg\",\"datePublished\":\"2022-09-24T17:13:42+00:00\",\"dateModified\":\"2026-02-21T09:06:11+00:00\",\"description\":\"Stroller 3in1 Travel System Set Car Seat Stroller - Pink\",\"breadcrumb\":{\"@id\":\"https:\\\/\\\/forbabyboss.com\\\/product\\\/stroller-3in1-travel-system-set-car-seat-stroller-pink\\\/#breadcrumb\"},\"inLanguage\":\"cs\",\"potentialAction\":[{\"@type\":\"ReadAction\",\"target\":[\"https:\\\/\\\/forbabyboss.com\\\/product\\\/stroller-3in1-travel-system-set-car-seat-stroller-pink\\\/\"]}]},{\"@type\":\"ImageObject\",\"inLanguage\":\"cs\",\"@id\":\"https:\\\/\\\/forbabyboss.com\\\/product\\\/stroller-3in1-travel-system-set-car-seat-stroller-pink\\\/#primaryimage\",\"url\":\"https:\\\/\\\/forbabyboss.com\\\/wp-content\\\/uploads\\\/2022\\\/09\\\/Baby-Pushchair-Buggy-Pram-Set-3-in-1-Travel-System-Car-Seat-Stroller-From-Birth-Pink-main.jpg\",\"contentUrl\":\"https:\\\/\\\/forbabyboss.com\\\/wp-content\\\/uploads\\\/2022\\\/09\\\/Baby-Pushchair-Buggy-Pram-Set-3-in-1-Travel-System-Car-Seat-Stroller-From-Birth-Pink-main.jpg\",\"width\":1600,\"height\":1600},{\"@type\":\"BreadcrumbList\",\"@id\":\"https:\\\/\\\/forbabyboss.com\\\/product\\\/stroller-3in1-travel-system-set-car-seat-stroller-pink\\\/#breadcrumb\",\"itemListElement\":[{\"@type\":\"ListItem\",\"position\":1,\"name\":\"Home\",\"item\":\"https:\\\/\\\/forbabyboss.com\\\/\"},{\"@type\":\"ListItem\",\"position\":2,\"name\":\"Shop\",\"item\":\"https:\\\/\\\/forbabyboss.com\\\/shop\\\/\"},{\"@type\":\"ListItem\",\"position\":3,\"name\":\"Stroller 3in1 Travel System Set Car Seat Stroller &#8211; Pink\"}]},{\"@type\":\"WebSite\",\"@id\":\"https:\\\/\\\/powderblue-seahorse-496884.hostingersite.com\\\/#website\",\"url\":\"https:\\\/\\\/powderblue-seahorse-496884.hostingersite.com\\\/\",\"name\":\"For Baby Boss\",\"description\":\"Beautiful gifts and accessories for your baby boss\",\"potentialAction\":[{\"@type\":\"SearchAction\",\"target\":{\"@type\":\"EntryPoint\",\"urlTemplate\":\"https:\\\/\\\/powderblue-seahorse-496884.hostingersite.com\\\/?s={search_term_string}\"},\"query-input\":{\"@type\":\"PropertyValueSpecification\",\"valueRequired\":true,\"valueName\":\"search_term_string\"}}],\"inLanguage\":\"cs\"}]}<\/script>\n<!-- \/ Yoast SEO plugin. -->","yoast_head_json":{"title":"Ko\u010d\u00e1rek 3v1 Cestovn\u00ed syst\u00e9m Sada Autoseda\u010dka Ko\u010d\u00e1rek - R\u016f\u017eov\u00fd - Pro Baby Boss","description":"Cestovn\u00ed syst\u00e9m 3v1 s autoseda\u010dkou do ko\u010d\u00e1rku - r\u016f\u017eov\u00fd","robots":{"index":"index","follow":"follow","max-snippet":"max-snippet:-1","max-image-preview":"max-image-preview:large","max-video-preview":"max-video-preview:-1"},"canonical":"https:\/\/forbabyboss.com\/cs\/product\/kocarek-3v1-cestovni-system-sada-autosedacka-kocarek-ruzova\/","og_locale":"cs_CZ","og_type":"article","og_title":"Stroller 3in1 Travel System Set Car Seat Stroller - Pink - For Baby Boss","og_description":"Stroller 3in1 Travel System Set Car Seat Stroller - Pink","og_url":"https:\/\/forbabyboss.com\/cs\/product\/kocarek-3v1-cestovni-system-sada-autosedacka-kocarek-ruzova\/","og_site_name":"For Baby Boss","article_modified_time":"2026-02-21T09:06:11+00:00","og_image":[{"width":1600,"height":1600,"url":"https:\/\/forbabyboss.com\/wp-content\/uploads\/2022\/09\/Baby-Pushchair-Buggy-Pram-Set-3-in-1-Travel-System-Car-Seat-Stroller-From-Birth-Pink-main.jpg","type":"image\/jpeg"}],"twitter_card":"summary_large_image","twitter_misc":{"Odhadovan\u00e1 doba \u010dten\u00ed":"2 minuty"},"schema":{"@context":"https:\/\/schema.org","@graph":[{"@type":"WebPage","@id":"https:\/\/forbabyboss.com\/product\/stroller-3in1-travel-system-set-car-seat-stroller-pink\/","url":"https:\/\/forbabyboss.com\/product\/stroller-3in1-travel-system-set-car-seat-stroller-pink\/","name":"Ko\u010d\u00e1rek 3v1 Cestovn\u00ed syst\u00e9m Sada Autoseda\u010dka Ko\u010d\u00e1rek - R\u016f\u017eov\u00fd - Pro Baby Boss","isPartOf":{"@id":"https:\/\/powderblue-seahorse-496884.hostingersite.com\/#website"},"primaryImageOfPage":{"@id":"https:\/\/forbabyboss.com\/product\/stroller-3in1-travel-system-set-car-seat-stroller-pink\/#primaryimage"},"image":{"@id":"https:\/\/forbabyboss.com\/product\/stroller-3in1-travel-system-set-car-seat-stroller-pink\/#primaryimage"},"thumbnailUrl":"https:\/\/forbabyboss.com\/wp-content\/uploads\/2022\/09\/Baby-Pushchair-Buggy-Pram-Set-3-in-1-Travel-System-Car-Seat-Stroller-From-Birth-Pink-main.jpg","datePublished":"2022-09-24T17:13:42+00:00","dateModified":"2026-02-21T09:06:11+00:00","description":"Cestovn\u00ed syst\u00e9m 3v1 s autoseda\u010dkou do ko\u010d\u00e1rku - r\u016f\u017eov\u00fd","breadcrumb":{"@id":"https:\/\/forbabyboss.com\/product\/stroller-3in1-travel-system-set-car-seat-stroller-pink\/#breadcrumb"},"inLanguage":"cs","potentialAction":[{"@type":"ReadAction","target":["https:\/\/forbabyboss.com\/product\/stroller-3in1-travel-system-set-car-seat-stroller-pink\/"]}]},{"@type":"ImageObject","inLanguage":"cs","@id":"https:\/\/forbabyboss.com\/product\/stroller-3in1-travel-system-set-car-seat-stroller-pink\/#primaryimage","url":"https:\/\/forbabyboss.com\/wp-content\/uploads\/2022\/09\/Baby-Pushchair-Buggy-Pram-Set-3-in-1-Travel-System-Car-Seat-Stroller-From-Birth-Pink-main.jpg","contentUrl":"https:\/\/forbabyboss.com\/wp-content\/uploads\/2022\/09\/Baby-Pushchair-Buggy-Pram-Set-3-in-1-Travel-System-Car-Seat-Stroller-From-Birth-Pink-main.jpg","width":1600,"height":1600},{"@type":"BreadcrumbList","@id":"https:\/\/forbabyboss.com\/product\/stroller-3in1-travel-system-set-car-seat-stroller-pink\/#breadcrumb","itemListElement":[{"@type":"ListItem","position":1,"name":"Home","item":"https:\/\/forbabyboss.com\/"},{"@type":"ListItem","position":2,"name":"Shop","item":"https:\/\/forbabyboss.com\/shop\/"},{"@type":"ListItem","position":3,"name":"Stroller 3in1 Travel System Set Car Seat Stroller &#8211; Pink"}]},{"@type":"WebSite","@id":"https:\/\/powderblue-seahorse-496884.hostingersite.com\/#website","url":"https:\/\/powderblue-seahorse-496884.hostingersite.com\/","name":"Pro Baby Boss","description":"Kr\u00e1sn\u00e9 d\u00e1rky a dopl\u0148ky pro va\u0161eho \u0161\u00e9fa","potentialAction":[{"@type":"SearchAction","target":{"@type":"EntryPoint","urlTemplate":"https:\/\/powderblue-seahorse-496884.hostingersite.com\/?s={search_term_string}"},"query-input":{"@type":"PropertyValueSpecification","valueRequired":true,"valueName":"search_term_string"}}],"inLanguage":"cs"}]}},"_links":{"self":[{"href":"https:\/\/forbabyboss.com\/cs\/wp-json\/wp\/v2\/product\/5482","targetHints":{"allow":["GET"]}}],"collection":[{"href":"https:\/\/forbabyboss.com\/cs\/wp-json\/wp\/v2\/product"}],"about":[{"href":"https:\/\/forbabyboss.com\/cs\/wp-json\/wp\/v2\/types\/product"}],"wp:featuredmedia":[{"embeddable":true,"href":"https:\/\/forbabyboss.com\/cs\/wp-json\/wp\/v2\/media\/5487"}],"wp:attachment":[{"href":"https:\/\/forbabyboss.com\/cs\/wp-json\/wp\/v2\/media?parent=5482"}],"wp:term":[{"taxonomy":"product_brand","embeddable":true,"href":"https:\/\/forbabyboss.com\/cs\/wp-json\/wp\/v2\/product_brand?post=5482"},{"taxonomy":"product_cat","embeddable":true,"href":"https:\/\/forbabyboss.com\/cs\/wp-json\/wp\/v2\/product_cat?post=5482"},{"taxonomy":"product_tag","embeddable":true,"href":"https:\/\/forbabyboss.com\/cs\/wp-json\/wp\/v2\/product_tag?post=5482"}],"curies":[{"name":"wp","href":"https:\/\/api.w.org\/{rel}","templated":true}]}}