{"id":5541,"date":"2022-09-13T13:21:09","date_gmt":"2022-09-13T13:21:09","guid":{"rendered":"http:\/\/forbabyboss.com\/?post_type=product&#038;p=5541"},"modified":"2026-02-21T11:43:44","modified_gmt":"2026-02-21T11:43:44","slug":"detsky-kocarek-3v1-od-narozeni-pro-batolata-v-lahvove-zelene-barve","status":"publish","type":"product","link":"https:\/\/forbabyboss.com\/cs\/product\/baby-pram-3in1-pushchair-from-birth-toddlers-in-bottle-green\/","title":{"rendered":"D\u011btsk\u00fd ko\u010d\u00e1rek 3v1 od narozen\u00ed a batolat v lahvov\u011b zelen\u00e9 barv\u011b"},"content":{"rendered":"<p style=\"text-align: justify;\"><strong><span style=\"font-family: Arial; font-size: 120%; color: #282828;\">Limuz\u00edna mezi plnohodnotn\u00fdmi ko\u010d\u00e1rky 3 v 1. Vyrobeno z elegantn\u00ed eko k\u016f\u017ee v kombinaci s impregnovanou bavln\u011bnou l\u00e1tkou. Pro ka\u017ed\u00e9 ro\u010dn\u00ed obdob\u00ed, po\u010das\u00ed a ka\u017edou cestu. Maxim\u00e1ln\u011b vybaveno funkcemi a p\u0159\u00edslu\u0161enstv\u00edm. S prostornou korbou. Sedadlo lze polohovat dop\u0159edu i dozadu po sm\u011bru j\u00edzdy.<\/span><\/strong><\/p>\n<h4 style=\"text-align: justify;\"><span style=\"color: #e14d43;\"><strong><span style=\"font-family: Arial; font-size: xx-large;\">Vlastnosti:<\/span><\/strong><\/span><\/h4>\n<p style=\"text-align: justify;\"><strong><span style=\"color: #282828; font-family: Arial; font-size: 105%;\">-Re\u017eim po sm\u011bru a proti sm\u011bru j\u00edzdy<\/span><\/strong><\/p>\n<p style=\"text-align: justify;\"><strong><span style=\"color: #282828; font-family: Arial; font-size: 105%;\">- v\u011btrac\u00ed ok\u00e9nko v zadn\u00ed \u010d\u00e1sti kapuce<\/span><\/strong><\/p>\n<p style=\"text-align: justify;\"><strong><span style=\"color: #282828; font-family: Arial; font-size: 105%;\">-gondola m\u00e1 m\u011bkkou pod\u0161\u00edvku, kterou lze vyjmout a vyprat<\/span><\/strong><\/p>\n<p style=\"text-align: justify;\"><strong><span style=\"color: #282828; font-family: Arial; font-size: 105%;\">- kryt gondoly lze zvednout a vytvo\u0159it tak lapa\u010d v\u011btru<\/span><\/strong><\/p>\n<p style=\"text-align: justify;\"><strong><span style=\"color: #282828; font-family: Arial; font-size: 105%;\">- prodlou\u017een\u00e1 kapuce<\/span><\/strong><\/p>\n<p style=\"text-align: justify;\"><strong><span style=\"color: #282828; font-family: Arial; font-size: 105%;\">- ko\u010d\u00e1rek je vybaven 5bodov\u00fdmi bezpe\u010dnostn\u00edmi p\u00e1sy<\/span><\/strong><\/p>\n<p style=\"text-align: justify;\"><strong><span style=\"color: #282828; font-size: 105%;\"><span style=\"font-family: Arial;\">-op\u011brka nohou, v\u011btrn\u00e1\u00a0<\/span>chr\u00e1ni\u010d, korbi\u010dka<span style=\"font-family: Arial;\">\u00a0a bezpe\u010dnostn\u00ed madlo pota\u017een\u00e9 ekok\u016f\u017e\u00ed<\/span><\/span><\/strong><\/p>\n<p style=\"text-align: justify;\"><strong><span style=\"color: #282828; font-family: Arial; font-size: 105%;\">- v\u00edce\u00farov\u0148ov\u00e1 nastaviteln\u00e1 rukoje\u0165<\/span><\/strong><\/p>\n<p style=\"text-align: justify;\"><strong><span style=\"color: #282828; font-family: Arial; font-size: 105%;\">- nastaviteln\u00e9 odpru\u017een\u00ed<\/span><\/strong><\/p>\n<p style=\"text-align: justify;\"><strong><span style=\"color: #282828; font-family: Arial; font-size: 105%;\">- nastaviteln\u00e1 op\u011brka nohou a zad<\/span><\/strong><\/p>\n<p style=\"text-align: justify;\"><strong><span style=\"color: #282828; font-family: Arial; font-size: 105%;\">- robustn\u00ed r\u00e1m<\/span><\/strong><\/p>\n<p style=\"text-align: justify;\"><strong><span style=\"color: #282828; font-family: Arial; font-size: 105%;\">-centr\u00e1ln\u00ed brzda EASY STOP<\/span><\/strong><\/p>\n<p style=\"text-align: justify;\"><strong><span style=\"color: #282828; font-family: Arial; font-size: 105%;\">- velk\u00fd n\u00e1kupn\u00ed ko\u0161\u00edk<\/span><\/strong><\/p>\n<h4><span style=\"color: #e14d43;\"><strong><span style=\"font-family: Arial; font-size: xx-large;\">Vlastnosti autoseda\u010dky:<\/span><\/strong><\/span><\/h4>\n<p><strong><span style=\"color: #282828; font-family: Arial; font-size: 105%;\">-p\u0159\u00eddavn\u00e1 vlo\u017eka pro kojence<\/span><\/strong><\/p>\n<p><strong><span style=\"color: #282828; font-family: Arial; font-size: 105%;\">- nastaviteln\u00e1 rukoje\u0165<\/span><\/strong><\/p>\n<p><strong><span style=\"color: #282828; font-family: Arial; font-size: 105%;\">- kryt na nohy<\/span><\/strong><\/p>\n<p><strong><span style=\"color: #282828; font-family: Arial; font-size: 105%;\">- odn\u00edmateln\u00e1 kapuce<\/span><\/strong><\/p>\n<p><strong><span style=\"color: #282828; font-family: Arial; font-size: 105%;\">- 3bodov\u00e9 bezpe\u010dnostn\u00ed p\u00e1sy<\/span><\/strong><\/p>\n<h4><span style=\"color: #e14d43;\"><strong><span style=\"font-family: Arial; font-size: xx-large;\">Za\u0159\u00edzen\u00ed:<\/span><\/strong><\/span><\/h4>\n<div class=\"p-5\">\n<h4><strong><span style=\"color: #282828; font-family: Arial; font-size: 105%;\">-r\u00e1m s rukojet\u00ed z ekok\u016f\u017ee<\/span><\/strong><\/h4>\n<h4><strong><span style=\"color: #282828; font-family: Arial; font-size: 105%;\">-gondola s nastaviteln\u00fdm op\u011bradlem<\/span><\/strong><\/h4>\n<h4><strong><span style=\"color: #282828; font-family: Arial; font-size: 105%;\">-ko\u010d\u00e1rek<\/span><\/strong><\/h4>\n<h4><strong><span style=\"color: #282828; font-family: Arial; font-size: 105%;\">- dva kryty (na ko\u010d\u00e1rek a gondolu)<\/span><\/strong><\/h4>\n<h4><strong><span style=\"color: #282828; font-family: Arial; font-size: 105%;\">- multifunk\u010dn\u00ed autoseda\u010dka s adapt\u00e9ry<\/span><\/strong><\/h4>\n<h4><strong><span style=\"color: #282828; font-family: Arial; font-size: 105%;\">-pl\u00e1\u0161t\u011bnka<\/span><\/strong><\/h4>\n<h4><strong><span style=\"color: #282828; font-family: Arial; font-size: 105%;\">- s\u00ed\u0165 proti kom\u00e1r\u016fm<\/span><\/strong><\/h4>\n<h4><strong><span style=\"color: #282828; font-family: Arial; font-size: 105%;\">- m\u011bkk\u00e1 oto\u010dn\u00e1 kola odoln\u00e1 proti prop\u00edchnut\u00ed<\/span><\/strong><\/h4>\n<h4><strong><span style=\"color: #282828; font-family: Arial; font-size: 105%;\">- velk\u00e1 kapsa na zadn\u00ed stran\u011b ta\u0161ky a dv\u011b mal\u00e9 po stran\u00e1ch<\/span><\/strong><\/h4>\n<h4><strong><span style=\"color: #282828; font-family: Arial; font-size: 105%;\">Slo\u017een\u00fd r\u00e1m s koly (d\u00e9lka x \u0161\u00ed\u0159ka x v\u00fd\u0161ka): 85x60x40cm<\/span><\/strong><\/h4>\n<h4><strong><span style=\"color: #282828; font-family: Arial; font-size: 105%;\">Sestaven\u00fd ko\u010d\u00e1rek (v\u00fd\u0161ka x \u0161\u00ed\u0159ka x d\u00e9lka): 115x60x95cm<\/span><\/strong><\/h4>\n<h4><strong><span style=\"color: #282828; font-family: Arial; font-size: 105%;\">Vnit\u0159n\u00ed rozm\u011bry gondoly (\u0161\u00ed\u0159ka x d\u00e9lka x v\u00fd\u0161ka): 36x80x20cm<\/span><\/strong><\/h4>\n<h4><strong><span style=\"color: #282828; font-family: Arial; font-size: 105%;\">Vnit\u0159n\u00ed rozm\u011bry ko\u010d\u00e1rku (\u0161\u00ed\u0159ka x d\u00e9lka op\u011bradla x d\u00e9lka sed\u00e1ku x d\u00e9lka podno\u017eky): 34x48x26x23 cm<\/span><\/strong><\/h4>\n<h4><strong><span style=\"color: #282828; font-family: Arial; font-size: 105%;\">R\u00e1m s kole\u010dky: 10 kg<\/span><\/strong><\/h4>\n<h4><strong><span style=\"color: #282828; font-family: Arial; font-size: 105%;\">Ko\u010d\u00e1rek: 15 kg<\/span><\/strong><\/h4>\n<h4><strong><span style=\"color: #282828; font-family: Arial; font-size: 105%;\">Hlubok\u00fd ko\u010d\u00e1rek: 16 kg<\/span><\/strong><\/h4>\n<h4><strong><span style=\"color: #282828; font-family: Arial; font-size: 105%;\">Rozsah regulace rukojeti: 70 cm a\u017e 115 cm<\/span><\/strong><\/h4>\n<h4><strong><span style=\"color: #282828; font-family: Arial; font-size: 105%;\">12m\u011bs\u00ed\u010dn\u00ed z\u00e1ruka<\/span><\/strong><\/h4>\n<p><a href=\"http:\/\/forbabyboss.com\/wp-content\/uploads\/2022\/09\/checkout.png\"><img loading=\"lazy\" decoding=\"async\" class=\"alignnone wp-image-5965\" src=\"http:\/\/forbabyboss.com\/wp-content\/uploads\/2022\/09\/checkout.png\" alt=\"\" width=\"981\" height=\"361\" srcset=\"https:\/\/forbabyboss.com\/wp-content\/uploads\/2022\/09\/checkout.png 750w, https:\/\/forbabyboss.com\/wp-content\/uploads\/2022\/09\/checkout-600x221.png 600w\" sizes=\"auto, (max-width: 981px) 100vw, 981px\" \/><\/a><\/p>\n<\/div>","protected":false},"excerpt":{"rendered":"<p><a href=\"http:\/\/forbabyboss.com\/wp-content\/uploads\/2022\/09\/Star-Rating-5.png\"><img loading=\"lazy\" decoding=\"async\" class=\"alignnone size-full wp-image-5973 aligncenter\" src=\"http:\/\/forbabyboss.com\/wp-content\/uploads\/2022\/09\/Star-Rating-5.png\" alt=\"\" width=\"275\" height=\"45\" \/><\/a><\/p>\n<p style=\"text-align: center;\"><span style=\"color: #ed1c24; font-size: 120%;\"><b>GARANCE SHODU CEN<\/b><\/span><\/p>\n<p style=\"text-align: center;\"><span style=\"font-size: 115%;\"><span style=\"font-weight: 400; color: #4f4fa7;\">Doprava zdarma<\/span><span style=\"font-weight: 400;\"> \u2013 2 \u2013 7 dn\u00ed<\/span><\/span><\/p>\n<p style=\"text-align: center;\"><strong><span style=\"color: #29606b;\">D\u00e1rek zdarma k n\u00e1kupu nad 100 GBP<\/span><\/strong><\/p>","protected":false},"featured_media":5542,"template":"","meta":[],"product_brand":[370],"product_cat":[337,339,156,305,244,303,130,209,211],"product_tag":[163,199],"class_list":{"0":"post-5541","1":"product","2":"type-product","3":"status-publish","4":"has-post-thumbnail","6":"product_brand-babylux","7":"product_cat-500-to-600","8":"product_cat-700-to-800","9":"product_cat-3-in-1","10":"product_cat-colour","11":"product_cat-green","12":"product_cat-pattern","13":"product_cat-prams","14":"product_cat-push-chairs","15":"product_cat-stroller","16":"product_tag-3-in-1-prams","17":"product_tag-prams","19":"first","20":"instock","21":"sale","22":"shipping-taxable","23":"purchasable","24":"product-type-simple"},"yoast_head":"<!-- This site is optimized with the Yoast SEO plugin v27.5 - https:\/\/yoast.com\/product\/yoast-seo-wordpress\/ -->\n<title>Baby Pram 3in1 Pushchair From Birth &amp; Toddlers in Bottle Green - For Baby Boss<\/title>\n<meta name=\"description\" content=\"Baby Pram 3in1 Pushchair From Birth &amp; Toddlers in Bottle Green\" \/>\n<meta name=\"robots\" content=\"index, follow, max-snippet:-1, max-image-preview:large, max-video-preview:-1\" \/>\n<link rel=\"canonical\" href=\"https:\/\/forbabyboss.com\/cs\/product\/detsky-kocarek-3v1-od-narozeni-pro-batolata-v-lahvove-zelene-barve\/\" \/>\n<meta property=\"og:locale\" content=\"cs_CZ\" \/>\n<meta property=\"og:type\" content=\"article\" \/>\n<meta property=\"og:title\" content=\"Baby Pram 3in1 Pushchair From Birth &amp; Toddlers in Bottle Green - For Baby Boss\" \/>\n<meta property=\"og:description\" content=\"Baby Pram 3in1 Pushchair From Birth &amp; Toddlers in Bottle Green\" \/>\n<meta property=\"og:url\" content=\"https:\/\/forbabyboss.com\/cs\/product\/detsky-kocarek-3v1-od-narozeni-pro-batolata-v-lahvove-zelene-barve\/\" \/>\n<meta property=\"og:site_name\" content=\"For Baby Boss\" \/>\n<meta property=\"article:modified_time\" content=\"2026-02-21T11:43:44+00:00\" \/>\n<meta property=\"og:image\" content=\"https:\/\/forbabyboss.com\/wp-content\/uploads\/2022\/09\/Baby-pram-Buggy-3in1-Travel-System-Pushchair-Car-Seat-From-Birth-Toddlers-Bottle-Green-main.png\" \/>\n\t<meta property=\"og:image:width\" content=\"1600\" \/>\n\t<meta property=\"og:image:height\" content=\"1600\" \/>\n\t<meta property=\"og:image:type\" content=\"image\/png\" \/>\n<meta name=\"twitter:card\" content=\"summary_large_image\" \/>\n<meta name=\"twitter:label1\" content=\"Odhadovan\u00e1 doba \u010dten\u00ed\" \/>\n\t<meta name=\"twitter:data1\" content=\"2 minuty\" \/>\n<script type=\"application\/ld+json\" class=\"yoast-schema-graph\">{\"@context\":\"https:\\\/\\\/schema.org\",\"@graph\":[{\"@type\":\"WebPage\",\"@id\":\"https:\\\/\\\/forbabyboss.com\\\/product\\\/baby-pram-3in1-pushchair-from-birth-toddlers-in-bottle-green\\\/\",\"url\":\"https:\\\/\\\/forbabyboss.com\\\/product\\\/baby-pram-3in1-pushchair-from-birth-toddlers-in-bottle-green\\\/\",\"name\":\"Baby Pram 3in1 Pushchair From Birth & Toddlers in Bottle Green - For Baby Boss\",\"isPartOf\":{\"@id\":\"https:\\\/\\\/powderblue-seahorse-496884.hostingersite.com\\\/#website\"},\"primaryImageOfPage\":{\"@id\":\"https:\\\/\\\/forbabyboss.com\\\/product\\\/baby-pram-3in1-pushchair-from-birth-toddlers-in-bottle-green\\\/#primaryimage\"},\"image\":{\"@id\":\"https:\\\/\\\/forbabyboss.com\\\/product\\\/baby-pram-3in1-pushchair-from-birth-toddlers-in-bottle-green\\\/#primaryimage\"},\"thumbnailUrl\":\"https:\\\/\\\/forbabyboss.com\\\/wp-content\\\/uploads\\\/2022\\\/09\\\/Baby-pram-Buggy-3in1-Travel-System-Pushchair-Car-Seat-From-Birth-Toddlers-Bottle-Green-main.png\",\"datePublished\":\"2022-09-13T13:21:09+00:00\",\"dateModified\":\"2026-02-21T11:43:44+00:00\",\"description\":\"Baby Pram 3in1 Pushchair From Birth & Toddlers in Bottle Green\",\"breadcrumb\":{\"@id\":\"https:\\\/\\\/forbabyboss.com\\\/product\\\/baby-pram-3in1-pushchair-from-birth-toddlers-in-bottle-green\\\/#breadcrumb\"},\"inLanguage\":\"cs\",\"potentialAction\":[{\"@type\":\"ReadAction\",\"target\":[\"https:\\\/\\\/forbabyboss.com\\\/product\\\/baby-pram-3in1-pushchair-from-birth-toddlers-in-bottle-green\\\/\"]}]},{\"@type\":\"ImageObject\",\"inLanguage\":\"cs\",\"@id\":\"https:\\\/\\\/forbabyboss.com\\\/product\\\/baby-pram-3in1-pushchair-from-birth-toddlers-in-bottle-green\\\/#primaryimage\",\"url\":\"https:\\\/\\\/forbabyboss.com\\\/wp-content\\\/uploads\\\/2022\\\/09\\\/Baby-pram-Buggy-3in1-Travel-System-Pushchair-Car-Seat-From-Birth-Toddlers-Bottle-Green-main.png\",\"contentUrl\":\"https:\\\/\\\/forbabyboss.com\\\/wp-content\\\/uploads\\\/2022\\\/09\\\/Baby-pram-Buggy-3in1-Travel-System-Pushchair-Car-Seat-From-Birth-Toddlers-Bottle-Green-main.png\",\"width\":1600,\"height\":1600},{\"@type\":\"BreadcrumbList\",\"@id\":\"https:\\\/\\\/forbabyboss.com\\\/product\\\/baby-pram-3in1-pushchair-from-birth-toddlers-in-bottle-green\\\/#breadcrumb\",\"itemListElement\":[{\"@type\":\"ListItem\",\"position\":1,\"name\":\"Home\",\"item\":\"https:\\\/\\\/forbabyboss.com\\\/\"},{\"@type\":\"ListItem\",\"position\":2,\"name\":\"Shop\",\"item\":\"https:\\\/\\\/forbabyboss.com\\\/shop\\\/\"},{\"@type\":\"ListItem\",\"position\":3,\"name\":\"Baby Pram 3in1 Pushchair From Birth &#038; Toddlers in Bottle Green\"}]},{\"@type\":\"WebSite\",\"@id\":\"https:\\\/\\\/powderblue-seahorse-496884.hostingersite.com\\\/#website\",\"url\":\"https:\\\/\\\/powderblue-seahorse-496884.hostingersite.com\\\/\",\"name\":\"For Baby Boss\",\"description\":\"Beautiful gifts and accessories for your baby boss\",\"potentialAction\":[{\"@type\":\"SearchAction\",\"target\":{\"@type\":\"EntryPoint\",\"urlTemplate\":\"https:\\\/\\\/powderblue-seahorse-496884.hostingersite.com\\\/?s={search_term_string}\"},\"query-input\":{\"@type\":\"PropertyValueSpecification\",\"valueRequired\":true,\"valueName\":\"search_term_string\"}}],\"inLanguage\":\"cs\"}]}<\/script>\n<!-- \/ Yoast SEO plugin. -->","yoast_head_json":{"title":"D\u011btsk\u00fd ko\u010d\u00e1rek 3v1 od narozen\u00ed a batolat v lahvov\u011b zelen\u00e9 barv\u011b - pro Baby Boss","description":"D\u011btsk\u00fd ko\u010d\u00e1rek 3v1 od narozen\u00ed a batolat v lahvov\u011b zelen\u00e9 barv\u011b","robots":{"index":"index","follow":"follow","max-snippet":"max-snippet:-1","max-image-preview":"max-image-preview:large","max-video-preview":"max-video-preview:-1"},"canonical":"https:\/\/forbabyboss.com\/cs\/product\/detsky-kocarek-3v1-od-narozeni-pro-batolata-v-lahvove-zelene-barve\/","og_locale":"cs_CZ","og_type":"article","og_title":"Baby Pram 3in1 Pushchair From Birth & Toddlers in Bottle Green - For Baby Boss","og_description":"Baby Pram 3in1 Pushchair From Birth & Toddlers in Bottle Green","og_url":"https:\/\/forbabyboss.com\/cs\/product\/detsky-kocarek-3v1-od-narozeni-pro-batolata-v-lahvove-zelene-barve\/","og_site_name":"For Baby Boss","article_modified_time":"2026-02-21T11:43:44+00:00","og_image":[{"width":1600,"height":1600,"url":"https:\/\/forbabyboss.com\/wp-content\/uploads\/2022\/09\/Baby-pram-Buggy-3in1-Travel-System-Pushchair-Car-Seat-From-Birth-Toddlers-Bottle-Green-main.png","type":"image\/png"}],"twitter_card":"summary_large_image","twitter_misc":{"Odhadovan\u00e1 doba \u010dten\u00ed":"2 minuty"},"schema":{"@context":"https:\/\/schema.org","@graph":[{"@type":"WebPage","@id":"https:\/\/forbabyboss.com\/product\/baby-pram-3in1-pushchair-from-birth-toddlers-in-bottle-green\/","url":"https:\/\/forbabyboss.com\/product\/baby-pram-3in1-pushchair-from-birth-toddlers-in-bottle-green\/","name":"D\u011btsk\u00fd ko\u010d\u00e1rek 3v1 od narozen\u00ed a batolat v lahvov\u011b zelen\u00e9 barv\u011b - pro Baby Boss","isPartOf":{"@id":"https:\/\/powderblue-seahorse-496884.hostingersite.com\/#website"},"primaryImageOfPage":{"@id":"https:\/\/forbabyboss.com\/product\/baby-pram-3in1-pushchair-from-birth-toddlers-in-bottle-green\/#primaryimage"},"image":{"@id":"https:\/\/forbabyboss.com\/product\/baby-pram-3in1-pushchair-from-birth-toddlers-in-bottle-green\/#primaryimage"},"thumbnailUrl":"https:\/\/forbabyboss.com\/wp-content\/uploads\/2022\/09\/Baby-pram-Buggy-3in1-Travel-System-Pushchair-Car-Seat-From-Birth-Toddlers-Bottle-Green-main.png","datePublished":"2022-09-13T13:21:09+00:00","dateModified":"2026-02-21T11:43:44+00:00","description":"D\u011btsk\u00fd ko\u010d\u00e1rek 3v1 od narozen\u00ed a batolat v lahvov\u011b zelen\u00e9 barv\u011b","breadcrumb":{"@id":"https:\/\/forbabyboss.com\/product\/baby-pram-3in1-pushchair-from-birth-toddlers-in-bottle-green\/#breadcrumb"},"inLanguage":"cs","potentialAction":[{"@type":"ReadAction","target":["https:\/\/forbabyboss.com\/product\/baby-pram-3in1-pushchair-from-birth-toddlers-in-bottle-green\/"]}]},{"@type":"ImageObject","inLanguage":"cs","@id":"https:\/\/forbabyboss.com\/product\/baby-pram-3in1-pushchair-from-birth-toddlers-in-bottle-green\/#primaryimage","url":"https:\/\/forbabyboss.com\/wp-content\/uploads\/2022\/09\/Baby-pram-Buggy-3in1-Travel-System-Pushchair-Car-Seat-From-Birth-Toddlers-Bottle-Green-main.png","contentUrl":"https:\/\/forbabyboss.com\/wp-content\/uploads\/2022\/09\/Baby-pram-Buggy-3in1-Travel-System-Pushchair-Car-Seat-From-Birth-Toddlers-Bottle-Green-main.png","width":1600,"height":1600},{"@type":"BreadcrumbList","@id":"https:\/\/forbabyboss.com\/product\/baby-pram-3in1-pushchair-from-birth-toddlers-in-bottle-green\/#breadcrumb","itemListElement":[{"@type":"ListItem","position":1,"name":"Home","item":"https:\/\/forbabyboss.com\/"},{"@type":"ListItem","position":2,"name":"Shop","item":"https:\/\/forbabyboss.com\/shop\/"},{"@type":"ListItem","position":3,"name":"Baby Pram 3in1 Pushchair From Birth &#038; Toddlers in Bottle Green"}]},{"@type":"WebSite","@id":"https:\/\/powderblue-seahorse-496884.hostingersite.com\/#website","url":"https:\/\/powderblue-seahorse-496884.hostingersite.com\/","name":"Pro Baby Boss","description":"Kr\u00e1sn\u00e9 d\u00e1rky a dopl\u0148ky pro va\u0161eho \u0161\u00e9fa","potentialAction":[{"@type":"SearchAction","target":{"@type":"EntryPoint","urlTemplate":"https:\/\/powderblue-seahorse-496884.hostingersite.com\/?s={search_term_string}"},"query-input":{"@type":"PropertyValueSpecification","valueRequired":true,"valueName":"search_term_string"}}],"inLanguage":"cs"}]}},"_links":{"self":[{"href":"https:\/\/forbabyboss.com\/cs\/wp-json\/wp\/v2\/product\/5541","targetHints":{"allow":["GET"]}}],"collection":[{"href":"https:\/\/forbabyboss.com\/cs\/wp-json\/wp\/v2\/product"}],"about":[{"href":"https:\/\/forbabyboss.com\/cs\/wp-json\/wp\/v2\/types\/product"}],"wp:featuredmedia":[{"embeddable":true,"href":"https:\/\/forbabyboss.com\/cs\/wp-json\/wp\/v2\/media\/5542"}],"wp:attachment":[{"href":"https:\/\/forbabyboss.com\/cs\/wp-json\/wp\/v2\/media?parent=5541"}],"wp:term":[{"taxonomy":"product_brand","embeddable":true,"href":"https:\/\/forbabyboss.com\/cs\/wp-json\/wp\/v2\/product_brand?post=5541"},{"taxonomy":"product_cat","embeddable":true,"href":"https:\/\/forbabyboss.com\/cs\/wp-json\/wp\/v2\/product_cat?post=5541"},{"taxonomy":"product_tag","embeddable":true,"href":"https:\/\/forbabyboss.com\/cs\/wp-json\/wp\/v2\/product_tag?post=5541"}],"curies":[{"name":"wp","href":"https:\/\/api.w.org\/{rel}","templated":true}]}}