{"id":5544,"date":"2022-09-25T13:54:42","date_gmt":"2022-09-25T13:54:42","guid":{"rendered":"http:\/\/forbabyboss.com\/?post_type=product&#038;p=5544"},"modified":"2026-02-18T20:56:12","modified_gmt":"2026-02-18T20:56:12","slug":"navy-blue-baby-pram-foldable-car-seat-travel-system-set-3in1","status":"publish","type":"product","link":"https:\/\/forbabyboss.com\/cs\/product\/navy-blue-baby-pram-foldable-car-seat-travel-system-set-3in1\/","title":{"rendered":"Navy &#038; Blue Baby Pram Foldable Car Seat Travel System Set 3in1"},"content":{"rendered":"<h1><span style=\"font-size: 200%; color: #e14d43;\"><strong>Baby Pram-Travel System Set<\/strong><\/span><\/h1>\n<p style=\"text-align: justify;\"><span style=\"color: #282828;\">Our baby pram includes chassis, carrycot, sport seat, diaper bag, changing mat, cup holder, hood, armrests, seat covers, shopping basket, coasters, rain cover, mosquito net, safety bar, and breathable and hypoallergenic mattress. From 6 months of you can use it as a stroller. The stroller has a reversible seat that can be used both ways of travel. Another advantage of this pram is its comfortable, well-suspended frame, which is extremely easy to use.<\/span><br \/>\n<span style=\"color: #282828;\">The easy assemble system will be appreciated by every mum and dad. The upholstery of the pram is made from the highest quality impregnated fabrics that are child-friendly.<\/span><br \/>\n<span style=\"color: #282828;\">The interior of the gondola is filled with hypoallergenic cotton fabric. Upholstery can be removed for washing.In addition, it has a sun visor with UVA 30+ protection.<\/span><br \/>\n<span style=\"color: #282828;\">We designed the pram to support parents and children from birth to 3 years. It is well adapted to the needs of your growing child \u2013 you start with a carrycot with the stroller frame.<\/span><br \/>\n<span style=\"color: #282828;\">When you decide that the child is big enough and ready to sit during walks, you mount a comfortable seat backward or forward-facing.<\/span><br \/>\n<span style=\"color: #282828;\">Can you want something more?<\/span><\/p>\n<p style=\"text-align: justify;\"><span style=\"color: #282828;\"><img decoding=\"async\" src=\"https:\/\/bayobay.co.uk\/ebay\/zdjecia-aukcyjne\/karex\/x2\/presentation\/1.jpg\" \/><\/span><\/p>\n<p style=\"text-align: justify;\"><span style=\"color: #282828;\"><img decoding=\"async\" src=\"https:\/\/bayobay.co.uk\/ebay\/zdjecia-aukcyjne\/karex\/x2\/presentation\/2.jpg\" \/><\/span><\/p>\n<p style=\"text-align: justify;\"><span style=\"color: #282828;\"><img decoding=\"async\" src=\"https:\/\/bayobay.co.uk\/\/ebay\/zdjecia-aukcyjne\/karex\/x2\/presentation\/4.jpg\" \/><img decoding=\"async\" src=\"https:\/\/bayobay.co.uk\/\/ebay\/zdjecia-aukcyjne\/karex\/x2\/presentation\/5.jpg\" \/><img decoding=\"async\" src=\"https:\/\/bayobay.co.uk\/ebay\/zdjecia-aukcyjne\/karex\/x2\/presentation\/6.jpg\" \/><img decoding=\"async\" src=\"https:\/\/bayobay.co.uk\/ebay\/zdjecia-aukcyjne\/karex\/x2\/presentation\/7.jpg\" \/><img decoding=\"async\" src=\"https:\/\/bayobay.co.uk\/ebay\/zdjecia-aukcyjne\/karex\/x2\/presentation\/11.jpg\" \/><img decoding=\"async\" src=\"https:\/\/bayobay.co.uk\/ebay\/zdjecia-aukcyjne\/karex\/x2\/presentation\/8.jpg\" \/><img decoding=\"async\" src=\"https:\/\/bayobay.co.uk\/ebay\/zdjecia-aukcyjne\/karex\/x2\/presentation\/9.jpg\" \/><img decoding=\"async\" src=\"https:\/\/bayobay.co.uk\/ebay\/zdjecia-aukcyjne\/karex\/x2\/presentation\/10.jpg\" \/><img decoding=\"async\" src=\"https:\/\/bayobay.co.uk\/ebay\/zdjecia-aukcyjne\/karex\/x2\/presentation\/12.jpg\" \/><\/span><\/p>\n<p><span style=\"color: #282828;\"><a style=\"color: #282828;\" href=\"http:\/\/forbabyboss.com\/wp-content\/uploads\/2022\/09\/Easy-Fold.png\"><img loading=\"lazy\" decoding=\"async\" class=\"alignnone size-full wp-image-4925\" src=\"http:\/\/forbabyboss.com\/wp-content\/uploads\/2022\/09\/Easy-Fold.png\" alt=\"\" width=\"1141\" height=\"409\" srcset=\"https:\/\/forbabyboss.com\/wp-content\/uploads\/2022\/09\/Easy-Fold.png 1141w, https:\/\/forbabyboss.com\/wp-content\/uploads\/2022\/09\/Easy-Fold-800x287.png 800w, https:\/\/forbabyboss.com\/wp-content\/uploads\/2022\/09\/Easy-Fold-768x275.png 768w, https:\/\/forbabyboss.com\/wp-content\/uploads\/2022\/09\/Easy-Fold-600x215.png 600w\" sizes=\"auto, (max-width: 1141px) 100vw, 1141px\" \/><\/a><\/span><\/p>\n<h1><span style=\"font-size: 200%; color: #e14d43;\"><strong>All in one travel system<\/strong><\/span><\/h1>\n<p style=\"text-align: justify;\"><span style=\"color: #282828;\">We designed the stroller to support parents and children from birth to 3 years. It is well adapted to the needs of your growing child \u2013 you start with a carrycot with the stroller frame. When you decide that the child is big enough and ready to sit during walks, you mount a comfortable seat backward or forward-facing. Can you want something more?<\/span><\/p>\n<h3><span style=\"color: #e14d43;\"><strong>Features:<\/strong><\/span><\/h3>\n<p style=\"text-align: justify;\"><span style=\"color: #282828;\">-forward &amp; rear-facing mode<\/span><\/p>\n<p style=\"text-align: justify;\"><span style=\"color: #282828;\">-car seat attachable onto the chassis<\/span><\/p>\n<p style=\"text-align: justify;\"><span style=\"color: #282828;\">-ventilation window at the back of the hood<\/span><\/p>\n<p style=\"text-align: justify;\"><span style=\"color: #282828;\">-gondola has a soft lining that can be removed for washing<\/span><\/p>\n<p style=\"text-align: justify;\"><span style=\"color: #282828;\">-gondola cover can be lifted up to create a wind catcher<\/span><\/p>\n<p style=\"text-align: justify;\"><span style=\"color: #282828;\">-extended, removable hood<\/span><\/p>\n<p style=\"text-align: justify;\"><span style=\"color: #282828;\">-5 point safety harness<\/span><\/p>\n<p style=\"text-align: justify;\"><span style=\"color: #282828;\">-laminated footrest<\/span><\/p>\n<p style=\"text-align: justify;\"><span style=\"color: #282828;\">-multilevel adjustable handle<\/span><\/p>\n<p style=\"text-align: justify;\"><span style=\"color: #282828;\">-adjustable suspension<\/span><\/p>\n<p style=\"text-align: justify;\"><span style=\"color: #282828;\">-sturdy frame<\/span><\/p>\n<p style=\"text-align: justify;\"><span style=\"color: #282828;\">-adjustable leg and backrest<\/span><\/p>\n<p style=\"text-align: justify;\"><span style=\"color: #282828;\">-big shopping basket<\/span><\/p>\n<p style=\"text-align: justify;\"><span style=\"color: #282828;\">-adjustable handle(74-114 cm)<\/span><br \/>\n<span style=\"color: #282828;\">Pram suitability 0-3years<\/span><br \/>\n<span style=\"color: #282828;\">Car seat up to 10kg<\/span><\/p>\n<h3><span style=\"color: #e14d43;\"><strong>Car seat features:<\/strong><\/span><\/h3>\n<p><span style=\"color: #282828;\">-additional insert for infants<\/span><\/p>\n<p><span style=\"color: #282828;\">-adjustable handle<\/span><\/p>\n<p><span style=\"color: #282828;\">-foot cover<\/span><\/p>\n<p><span style=\"color: #282828;\">-detachable hood<\/span><\/p>\n<p><span style=\"color: #282828;\">-three-point safety belts<\/span><\/p>\n<h3><span style=\"color: #e14d43;\"><strong>Set contains:<\/strong><\/span><\/h3>\n<p><span style=\"color: #282828;\">-gondola with adjustable backrest<\/span><\/p>\n<p><span style=\"color: #282828;\">-seat unit<\/span><\/p>\n<p><span style=\"color: #282828;\">-multifunctional car seat with adaptors<\/span><\/p>\n<p><span style=\"color: #282828;\">-rain cover<\/span><\/p>\n<p><span style=\"color: #282828;\">-mosquito net<\/span><\/p>\n<p><span style=\"color: #282828;\">-bag and changing mat<\/span><\/p>\n<p><span style=\"color: #282828;\">-soft, gel puncture-proof wheels(all terrain)<\/span><\/p>\n<p><span style=\"color: #282828;\">-bottle handle<\/span><\/p>\n<p><span style=\"color: #282828;\">-big pocket at the back of the bag and two small on the sides<\/span><\/p>\n<p><span style=\"color: #282828;\">-folded up with wheels: 99x60x56cm<\/span><\/p>\n<p><span style=\"color: #282828;\">-variable height of the handle: 74-114cm<\/span><\/p>\n<p><span style=\"color: #282828;\">-overall height of the buggy to hood point : 112 cm<\/span><\/p>\n<p><span style=\"color: #282828;\">-couch height of the tub starting from ground: 50cm<\/span><\/p>\n<p><span style=\"color: #282828;\">-internal dimension of the car seat: 87x37x19cm<\/span><\/p>\n<p><span style=\"color: #282828;\">-weight of pushchair mode: 14 kg<\/span><\/p>\n<p><span style=\"color: #282828;\">-weight with the baby tub: 15,5 kg<\/span><\/p>\n<p><span style=\"color: #282828;\">100 % polyester<\/span><br \/>\n<span style=\"color: #282828;\">Range of regulated handle: 70cm to 115cm<\/span><br \/>\n<span style=\"color: #282828;\">Pram: EN 1888:2018 Safety approved<\/span><br \/>\n<span style=\"color: #282828;\">Car seat ECE 44-04 Safety approved<\/span><br \/>\n<span style=\"color: #282828;\">12-month guarantee<\/span><\/p>\n<p>&nbsp;<\/p>\n<p><a href=\"http:\/\/forbabyboss.com\/wp-content\/uploads\/2022\/09\/checkout.png\"><img loading=\"lazy\" decoding=\"async\" class=\"alignnone wp-image-5965\" src=\"http:\/\/forbabyboss.com\/wp-content\/uploads\/2022\/09\/checkout.png\" alt=\"\" width=\"970\" height=\"357\" srcset=\"https:\/\/forbabyboss.com\/wp-content\/uploads\/2022\/09\/checkout.png 750w, https:\/\/forbabyboss.com\/wp-content\/uploads\/2022\/09\/checkout-600x221.png 600w\" sizes=\"auto, (max-width: 970px) 100vw, 970px\" \/><\/a><\/p>","protected":false},"excerpt":{"rendered":"<p><a href=\"http:\/\/forbabyboss.com\/wp-content\/uploads\/2022\/09\/Star-Rating-5.png\"><img loading=\"lazy\" decoding=\"async\" class=\"alignnone size-full wp-image-5973 aligncenter\" src=\"http:\/\/forbabyboss.com\/wp-content\/uploads\/2022\/09\/Star-Rating-5.png\" alt=\"\" width=\"275\" height=\"45\" \/><\/a><\/p>\n<p style=\"text-align: center;\"><span style=\"color: #ed1c24; font-size: 120%;\"><b>PRICE MATCH GUARANTEE<\/b><\/span><\/p>\n<p style=\"text-align: center;\"><span style=\"font-size: 115%;\"><span style=\"font-weight: 400; color: #4f4fa7;\">Free Delivery<\/span><span style=\"font-weight: 400;\"> \u2013 2 \u2013 7 days<\/span><\/span><\/p>\n<p style=\"text-align: center;\"><strong><span style=\"color: #29606b;\">Free gift with purchases over \u00a3100<\/span><\/strong><\/p>","protected":false},"featured_media":5545,"template":"","meta":[],"product_brand":[577],"product_cat":[339,156,213,305,130,209,211],"product_tag":[163,199],"class_list":{"0":"post-5544","1":"product","2":"type-product","3":"status-publish","4":"has-post-thumbnail","6":"product_brand-kunert","7":"product_cat-700-to-800","8":"product_cat-3-in-1","9":"product_cat-blue","10":"product_cat-colour","11":"product_cat-prams","12":"product_cat-push-chairs","13":"product_cat-stroller","14":"product_tag-3-in-1-prams","15":"product_tag-prams","17":"first","18":"instock","19":"sale","20":"shipping-taxable","21":"purchasable","22":"product-type-simple"},"yoast_head":"<!-- This site is optimized with the Yoast SEO plugin v27.0 - https:\/\/yoast.com\/product\/yoast-seo-wordpress\/ -->\n<title>Navy &amp; Blue Baby Pram Foldable Car Seat Travel System Set 3in1 - For Baby Boss<\/title>\n<meta name=\"description\" content=\"Navy &amp; Blue Baby Pram Foldable Car Seat Travel System Set 3in1\" \/>\n<meta name=\"robots\" content=\"index, follow, max-snippet:-1, max-image-preview:large, max-video-preview:-1\" \/>\n<link rel=\"canonical\" href=\"https:\/\/forbabyboss.com\/cs\/product\/navy-blue-baby-pram-foldable-car-seat-travel-system-set-3in1\/\" \/>\n<meta property=\"og:locale\" content=\"cs_CZ\" \/>\n<meta property=\"og:type\" content=\"article\" \/>\n<meta property=\"og:title\" content=\"Navy &amp; Blue Baby Pram Foldable Car Seat Travel System Set 3in1 - For Baby Boss\" \/>\n<meta property=\"og:description\" content=\"Navy &amp; Blue Baby Pram Foldable Car Seat Travel System Set 3in1\" \/>\n<meta property=\"og:url\" content=\"https:\/\/forbabyboss.com\/cs\/product\/navy-blue-baby-pram-foldable-car-seat-travel-system-set-3in1\/\" \/>\n<meta property=\"og:site_name\" content=\"For Baby Boss\" \/>\n<meta property=\"article:modified_time\" content=\"2026-02-18T20:56:12+00:00\" \/>\n<meta property=\"og:image\" content=\"https:\/\/forbabyboss.com\/wp-content\/uploads\/2022\/09\/Baby-Buggy-Pram-Set-Foldable-3-in-1-Travel-System-Pushchair-Car-Seat-FREEBIES-Navy-Blue-main-800x800.png\" \/>\n\t<meta property=\"og:image:width\" content=\"800\" \/>\n\t<meta property=\"og:image:height\" content=\"800\" \/>\n\t<meta property=\"og:image:type\" content=\"image\/png\" \/>\n<meta name=\"twitter:card\" content=\"summary_large_image\" \/>\n<meta name=\"twitter:label1\" content=\"Odhadovan\u00e1 doba \u010dten\u00ed\" \/>\n\t<meta name=\"twitter:data1\" content=\"5 minut\" \/>\n<script type=\"application\/ld+json\" class=\"yoast-schema-graph\">{\"@context\":\"https:\/\/schema.org\",\"@graph\":[{\"@type\":\"WebPage\",\"@id\":\"https:\/\/forbabyboss.com\/product\/navy-blue-baby-pram-foldable-car-seat-travel-system-set-3in1\/\",\"url\":\"https:\/\/forbabyboss.com\/product\/navy-blue-baby-pram-foldable-car-seat-travel-system-set-3in1\/\",\"name\":\"Navy & Blue Baby Pram Foldable Car Seat Travel System Set 3in1 - For Baby Boss\",\"isPartOf\":{\"@id\":\"https:\/\/powderblue-seahorse-496884.hostingersite.com\/#website\"},\"primaryImageOfPage\":{\"@id\":\"https:\/\/forbabyboss.com\/product\/navy-blue-baby-pram-foldable-car-seat-travel-system-set-3in1\/#primaryimage\"},\"image\":{\"@id\":\"https:\/\/forbabyboss.com\/product\/navy-blue-baby-pram-foldable-car-seat-travel-system-set-3in1\/#primaryimage\"},\"thumbnailUrl\":\"https:\/\/forbabyboss.com\/wp-content\/uploads\/2022\/09\/Baby-Buggy-Pram-Set-Foldable-3-in-1-Travel-System-Pushchair-Car-Seat-FREEBIES-Navy-Blue-main.png\",\"datePublished\":\"2022-09-25T13:54:42+00:00\",\"dateModified\":\"2026-02-18T20:56:12+00:00\",\"description\":\"Navy & Blue Baby Pram Foldable Car Seat Travel System Set 3in1\",\"breadcrumb\":{\"@id\":\"https:\/\/forbabyboss.com\/product\/navy-blue-baby-pram-foldable-car-seat-travel-system-set-3in1\/#breadcrumb\"},\"inLanguage\":\"cs\",\"potentialAction\":[{\"@type\":\"ReadAction\",\"target\":[\"https:\/\/forbabyboss.com\/product\/navy-blue-baby-pram-foldable-car-seat-travel-system-set-3in1\/\"]}]},{\"@type\":\"ImageObject\",\"inLanguage\":\"cs\",\"@id\":\"https:\/\/forbabyboss.com\/product\/navy-blue-baby-pram-foldable-car-seat-travel-system-set-3in1\/#primaryimage\",\"url\":\"https:\/\/forbabyboss.com\/wp-content\/uploads\/2022\/09\/Baby-Buggy-Pram-Set-Foldable-3-in-1-Travel-System-Pushchair-Car-Seat-FREEBIES-Navy-Blue-main.png\",\"contentUrl\":\"https:\/\/forbabyboss.com\/wp-content\/uploads\/2022\/09\/Baby-Buggy-Pram-Set-Foldable-3-in-1-Travel-System-Pushchair-Car-Seat-FREEBIES-Navy-Blue-main.png\",\"width\":1600,\"height\":1600},{\"@type\":\"BreadcrumbList\",\"@id\":\"https:\/\/forbabyboss.com\/product\/navy-blue-baby-pram-foldable-car-seat-travel-system-set-3in1\/#breadcrumb\",\"itemListElement\":[{\"@type\":\"ListItem\",\"position\":1,\"name\":\"Home\",\"item\":\"https:\/\/forbabyboss.com\/\"},{\"@type\":\"ListItem\",\"position\":2,\"name\":\"Shop\",\"item\":\"https:\/\/forbabyboss.com\/shop\/\"},{\"@type\":\"ListItem\",\"position\":3,\"name\":\"Navy &#038; Blue Baby Pram Foldable Car Seat Travel System Set 3in1\"}]},{\"@type\":\"WebSite\",\"@id\":\"https:\/\/powderblue-seahorse-496884.hostingersite.com\/#website\",\"url\":\"https:\/\/powderblue-seahorse-496884.hostingersite.com\/\",\"name\":\"For Baby Boss\",\"description\":\"Beautiful gifts and accessories for your baby boss\",\"potentialAction\":[{\"@type\":\"SearchAction\",\"target\":{\"@type\":\"EntryPoint\",\"urlTemplate\":\"https:\/\/powderblue-seahorse-496884.hostingersite.com\/?s={search_term_string}\"},\"query-input\":{\"@type\":\"PropertyValueSpecification\",\"valueRequired\":true,\"valueName\":\"search_term_string\"}}],\"inLanguage\":\"cs\"}]}<\/script>\n<!-- \/ Yoast SEO plugin. -->","yoast_head_json":{"title":"Navy & Blue Baby Pram Foldable Car Seat Travel System Set 3in1 - For Baby Boss","description":"Navy & Blue Baby Pram Foldable Car Seat Travel System Set 3in1","robots":{"index":"index","follow":"follow","max-snippet":"max-snippet:-1","max-image-preview":"max-image-preview:large","max-video-preview":"max-video-preview:-1"},"canonical":"https:\/\/forbabyboss.com\/cs\/product\/navy-blue-baby-pram-foldable-car-seat-travel-system-set-3in1\/","og_locale":"cs_CZ","og_type":"article","og_title":"Navy & Blue Baby Pram Foldable Car Seat Travel System Set 3in1 - For Baby Boss","og_description":"Navy & Blue Baby Pram Foldable Car Seat Travel System Set 3in1","og_url":"https:\/\/forbabyboss.com\/cs\/product\/navy-blue-baby-pram-foldable-car-seat-travel-system-set-3in1\/","og_site_name":"For Baby Boss","article_modified_time":"2026-02-18T20:56:12+00:00","og_image":[{"width":800,"height":800,"url":"https:\/\/forbabyboss.com\/wp-content\/uploads\/2022\/09\/Baby-Buggy-Pram-Set-Foldable-3-in-1-Travel-System-Pushchair-Car-Seat-FREEBIES-Navy-Blue-main-800x800.png","type":"image\/png"}],"twitter_card":"summary_large_image","twitter_misc":{"Odhadovan\u00e1 doba \u010dten\u00ed":"5 minut"},"schema":{"@context":"https:\/\/schema.org","@graph":[{"@type":"WebPage","@id":"https:\/\/forbabyboss.com\/product\/navy-blue-baby-pram-foldable-car-seat-travel-system-set-3in1\/","url":"https:\/\/forbabyboss.com\/product\/navy-blue-baby-pram-foldable-car-seat-travel-system-set-3in1\/","name":"Navy & Blue Baby Pram Foldable Car Seat Travel System Set 3in1 - For Baby Boss","isPartOf":{"@id":"https:\/\/powderblue-seahorse-496884.hostingersite.com\/#website"},"primaryImageOfPage":{"@id":"https:\/\/forbabyboss.com\/product\/navy-blue-baby-pram-foldable-car-seat-travel-system-set-3in1\/#primaryimage"},"image":{"@id":"https:\/\/forbabyboss.com\/product\/navy-blue-baby-pram-foldable-car-seat-travel-system-set-3in1\/#primaryimage"},"thumbnailUrl":"https:\/\/forbabyboss.com\/wp-content\/uploads\/2022\/09\/Baby-Buggy-Pram-Set-Foldable-3-in-1-Travel-System-Pushchair-Car-Seat-FREEBIES-Navy-Blue-main.png","datePublished":"2022-09-25T13:54:42+00:00","dateModified":"2026-02-18T20:56:12+00:00","description":"Navy & Blue Baby Pram Foldable Car Seat Travel System Set 3in1","breadcrumb":{"@id":"https:\/\/forbabyboss.com\/product\/navy-blue-baby-pram-foldable-car-seat-travel-system-set-3in1\/#breadcrumb"},"inLanguage":"cs","potentialAction":[{"@type":"ReadAction","target":["https:\/\/forbabyboss.com\/product\/navy-blue-baby-pram-foldable-car-seat-travel-system-set-3in1\/"]}]},{"@type":"ImageObject","inLanguage":"cs","@id":"https:\/\/forbabyboss.com\/product\/navy-blue-baby-pram-foldable-car-seat-travel-system-set-3in1\/#primaryimage","url":"https:\/\/forbabyboss.com\/wp-content\/uploads\/2022\/09\/Baby-Buggy-Pram-Set-Foldable-3-in-1-Travel-System-Pushchair-Car-Seat-FREEBIES-Navy-Blue-main.png","contentUrl":"https:\/\/forbabyboss.com\/wp-content\/uploads\/2022\/09\/Baby-Buggy-Pram-Set-Foldable-3-in-1-Travel-System-Pushchair-Car-Seat-FREEBIES-Navy-Blue-main.png","width":1600,"height":1600},{"@type":"BreadcrumbList","@id":"https:\/\/forbabyboss.com\/product\/navy-blue-baby-pram-foldable-car-seat-travel-system-set-3in1\/#breadcrumb","itemListElement":[{"@type":"ListItem","position":1,"name":"Home","item":"https:\/\/forbabyboss.com\/"},{"@type":"ListItem","position":2,"name":"Shop","item":"https:\/\/forbabyboss.com\/shop\/"},{"@type":"ListItem","position":3,"name":"Navy &#038; Blue Baby Pram Foldable Car Seat Travel System Set 3in1"}]},{"@type":"WebSite","@id":"https:\/\/powderblue-seahorse-496884.hostingersite.com\/#website","url":"https:\/\/powderblue-seahorse-496884.hostingersite.com\/","name":"Pro Baby Boss","description":"Kr\u00e1sn\u00e9 d\u00e1rky a dopl\u0148ky pro va\u0161eho \u0161\u00e9fa","potentialAction":[{"@type":"SearchAction","target":{"@type":"EntryPoint","urlTemplate":"https:\/\/powderblue-seahorse-496884.hostingersite.com\/?s={search_term_string}"},"query-input":{"@type":"PropertyValueSpecification","valueRequired":true,"valueName":"search_term_string"}}],"inLanguage":"cs"}]}},"_links":{"self":[{"href":"https:\/\/forbabyboss.com\/cs\/wp-json\/wp\/v2\/product\/5544","targetHints":{"allow":["GET"]}}],"collection":[{"href":"https:\/\/forbabyboss.com\/cs\/wp-json\/wp\/v2\/product"}],"about":[{"href":"https:\/\/forbabyboss.com\/cs\/wp-json\/wp\/v2\/types\/product"}],"wp:featuredmedia":[{"embeddable":true,"href":"https:\/\/forbabyboss.com\/cs\/wp-json\/wp\/v2\/media\/5545"}],"wp:attachment":[{"href":"https:\/\/forbabyboss.com\/cs\/wp-json\/wp\/v2\/media?parent=5544"}],"wp:term":[{"taxonomy":"product_brand","embeddable":true,"href":"https:\/\/forbabyboss.com\/cs\/wp-json\/wp\/v2\/product_brand?post=5544"},{"taxonomy":"product_cat","embeddable":true,"href":"https:\/\/forbabyboss.com\/cs\/wp-json\/wp\/v2\/product_cat?post=5544"},{"taxonomy":"product_tag","embeddable":true,"href":"https:\/\/forbabyboss.com\/cs\/wp-json\/wp\/v2\/product_tag?post=5544"}],"curies":[{"name":"wp","href":"https:\/\/api.w.org\/{rel}","templated":true}]}}