{"id":5628,"date":"2022-09-13T16:54:52","date_gmt":"2022-09-13T16:54:52","guid":{"rendered":"http:\/\/forbabyboss.com\/?post_type=product&#038;p=5628"},"modified":"2026-02-18T20:14:59","modified_gmt":"2026-02-18T20:14:59","slug":"detsky-kocarek-retro-klasicky-kocarek-sada-3v1-cestovni-system-eko-kuze-bily-sedy-ram","status":"publish","type":"product","link":"https:\/\/forbabyboss.com\/cs\/product\/baby-pram-retro-classic-buggy-set-3in1travel-system-eco-leather-white-grey-frame\/","title":{"rendered":"D\u011btsk\u00fd ko\u010d\u00e1rek Retro Classic Buggy Set 3v1 Cestovn\u00ed syst\u00e9m Eko k\u016f\u017ee \u2013 b\u00edl\u00fd (\u0161ed\u00fd r\u00e1m)"},"content":{"rendered":"<div style=\"width: 1020px;\" class=\"wp-video\"><video class=\"wp-video-shortcode\" id=\"video-5628-1\" width=\"1020\" height=\"574\" preload=\"metadata\" controls=\"controls\"><source type=\"video\/mp4\" src=\"http:\/\/forbabyboss.com\/wp-content\/uploads\/2022\/09\/romantic-vid.mp4?_=1\" \/><a href=\"http:\/\/forbabyboss.com\/wp-content\/uploads\/2022\/09\/romantic-vid.mp4\">http:\/\/forbabyboss.com\/wp-content\/uploads\/2022\/09\/romantic-vid.mp4<\/a><\/video><\/div>\n<h1><span style=\"font-size: 200%; color: #808080;\">Romantick\u00fd exkluzivn\u00ed<\/span><\/h1>\n<p style=\"text-align: justify;\"><span style=\"color: #808080;\">Ko\u010d\u00e1rky v na\u0161\u00ed spole\u010dnosti jsou vyr\u00e1b\u011bny z nejkvalitn\u011bj\u0161\u00edch materi\u00e1l\u016f a l\u00e1tek s pot\u0159ebn\u00fdmi schv\u00e1len\u00edmi a certifik\u00e1ty, kter\u00e9 zaru\u010duj\u00ed shodu s evropsk\u00fdmi normami v oblasti zdrav\u00ed a bezpe\u010dnosti.<\/span><br \/>\n<span style=\"color: #808080;\">Voz\u00edk ROMANTIC dokonale spojuje pohodl\u00ed s modernost\u00ed. Od prvn\u00edho okam\u017eiku \u017eivota d\u00edt\u011bte, dokud se d\u00edt\u011b neza\u010dne samostatn\u011b posadit, se pou\u017e\u00edv\u00e1 pohodln\u00e1 a lehk\u00e1 korbi\u010dka s krytem na nohy. Ko\u010d\u00e1rek poslou\u017e\u00ed d\u00edt\u011bti pozd\u011bji, kdy\u017e u\u017e se samo posad\u00ed. U\u017eite\u010dn\u00e1 je pak nastaviteln\u00e1 op\u011brka nohou, kter\u00e1 umo\u017e\u0148uje m\u011bnit polohu podle v\u011bku a pot\u0159eb d\u00edt\u011bte. Bezpe\u010dnostn\u00ed z\u00e1brana, p\u011btibodov\u00e9 bezpe\u010dnostn\u00ed p\u00e1sy a rozkrok tak\u00e9 zvy\u0161uj\u00ed pohodl\u00ed a bezpe\u010dnost.<\/span><\/p>\n<p style=\"text-align: justify;\"><span style=\"color: #808080;\">Ko\u010d\u00e1rky, kter\u00e9 nab\u00edz\u00edme, jsou vyrobeny v souladu s evropsk\u00fdmi normami PN-EN 1888:2018 a maj\u00ed certifik\u00e1ty od renomovan\u00fdch instituc\u00ed, kter\u00e9 zaru\u010duj\u00ed nejvy\u0161\u0161\u00ed kvalitu v\u00fdrobku a bezpe\u010dnost.<\/span><\/p>\n<p style=\"text-align: justify;\"><span style=\"color: #808080;\">Ko\u010d\u00e1rky Romantic maj\u00ed bezpe\u010dnostn\u00ed a kvalitn\u00ed certifik\u00e1ty.<\/span><\/p>\n<h4 style=\"text-align: justify;\"><span style=\"color: #808080;\"><strong>Konstrukce ko\u010d\u00e1rku:<\/strong><\/span><\/h4>\n<p><span style=\"color: #808080;\">\u2022 povrchov\u00e1 \u00faprava z vysoce kvalitn\u00ed eko k\u016f\u017ee \u2022 mo\u017enost um\u00edst\u011bn\u00ed korbi\u010dky, ko\u010d\u00e1rku a autoseda\u010dky do polohy po sm\u011bru j\u00edzdy i proti sm\u011bru j\u00edzdy<\/span><\/p>\n<p><span style=\"color: #808080;\">\u2022 ka\u017ed\u00e9 kolo m\u00e1 lo\u017eisko, co\u017e zvy\u0161uje pohodl\u00ed<\/span><\/p>\n<p><span style=\"color: #808080;\">\u2022 velk\u00fd ko\u0161\u00edk zav\u011b\u0161en\u00fd pod ko\u010d\u00e1rkem<\/span><\/p>\n<p><span style=\"color: #808080;\">\u2022 nastaviteln\u00e1 v\u00fd\u0161ka rukojeti<\/span><\/p>\n<p><span style=\"color: #808080;\">\u2022 snadn\u00e9 skl\u00e1d\u00e1n\u00ed r\u00e1mu a mal\u00e1 velikost po slo\u017een\u00ed<\/span><\/p>\n<p><span style=\"color: #808080;\">\u2022 Rozm\u011bry slo\u017een\u00e9ho r\u00e1mu s kole\u010dky:<\/span><\/p>\n<p><span style=\"color: #808080;\">\u2022 d\u00e9lka 85 cm<\/span><\/p>\n<p><span style=\"color: #808080;\">\u2022 \u0161\u00ed\u0159ka 60 cm<\/span><\/p>\n<p><span style=\"color: #808080;\">\u2022 V\u00fd\u0161ka 41 cm<\/span><\/p>\n<p><span style=\"color: #808080;\">\u2022 Hmotnost r\u00e1mu 11 kg<\/span><\/p>\n<p><span style=\"color: #808080;\">\u2022 Hmotnost ko\u010d\u00e1rku s korbi\u010dkou nebo ko\u010d\u00e1rkem 15 kg<\/span><\/p>\n<p><span style=\"color: #808080;\">\u2022 Rozm\u011bry ko\u010d\u00e1rku s korbou:<\/span><\/p>\n<p><span style=\"color: #808080;\">\u2022 \u0160\u00ed\u0159ka 60 cm<\/span><\/p>\n<p><span style=\"color: #808080;\">\u2022 V\u00fd\u0161ka k digesto\u0159i 128 cm<\/span><\/p>\n<p><span style=\"color: #808080;\">\u2022 V\u00fd\u0161ka rukojeti 103 cm<\/span><\/p>\n<h4><span style=\"color: #808080;\"><strong>P\u0159enosn\u00e1 korba:<\/strong><\/span><\/h4>\n<p><span style=\"color: #808080;\">\u2022 korbi\u010dka s funkc\u00ed kol\u00e9bky a jej\u00edm zablokov\u00e1n\u00edm<\/span><\/p>\n<p><span style=\"color: #808080;\">\u2022 nastaviteln\u00e1 v\u00fd\u0161ka op\u011bradla korbi\u010dky<\/span><\/p>\n<p><span style=\"color: #808080;\">\u2022 upraven\u00fd kryt pro ochranu p\u0159ed nep\u0159\u00edzniv\u00fdmi pov\u011btrnostn\u00edmi podm\u00ednkami<\/span><\/p>\n<p><span style=\"color: #808080;\">\u2022 Rukoje\u0165 ve st\u0159\u00ed\u0161ce umo\u017e\u0148uje p\u0159en\u00e1\u0161en\u00ed korbi\u010dky s d\u00edt\u011btem<\/span><\/p>\n<p><span style=\"color: #808080;\">\u2022 pl\u00e1\u0161t\u011bnka<\/span><\/p>\n<p><span style=\"color: #808080;\">\u2022 matrace a jemn\u00e1 v\u00fdstelka korbi\u010dky<\/span><\/p>\n<p><span style=\"color: #808080;\">\u2022 rozm\u011bry z vnit\u0159n\u00ed strany: 86Dx44\u0160x21V<\/span><\/p>\n<p><span style=\"color: #808080;\">\u2022 hmotnost 4 kg<\/span><\/p>\n<h4><span style=\"color: #808080;\"><strong>Sportovn\u00ed sedadlo:<\/strong><\/span><\/h4>\n<p><span style=\"color: #808080;\">\u2022 kryt na nohy<\/span><\/p>\n<p><span style=\"color: #808080;\">\u2022 odn\u00edmateln\u00e1 nastaviteln\u00e1 kapuce<\/span><\/p>\n<p><span style=\"color: #808080;\">\u2022 odn\u00edmateln\u00e1 bezpe\u010dnostn\u00ed madlo<\/span><\/p>\n<p><span style=\"color: #808080;\">\u2022 Nastaven\u00ed op\u011bradla do 4 poloh<\/span><\/p>\n<p><span style=\"color: #808080;\">\u2022 nastaviteln\u00e1 op\u011brka nohou<\/span><\/p>\n<p><span style=\"color: #808080;\">\u2022 poloha d\u00edt\u011bte vle\u017ee naplocho<\/span><\/p>\n<p><span style=\"color: #808080;\">\u2022 p\u011btibodov\u00fd nastaviteln\u00fd p\u00e1s<\/span><\/p>\n<p><span style=\"color: #808080;\">\u2022 kapsa na zadn\u00ed stran\u011b kapuce<\/span><\/p>\n<p><span style=\"color: #808080;\">\u2022 rozm\u011bry zevnit\u0159:<\/span><\/p>\n<p><span style=\"color: #808080;\">\u2022 d\u00e9lka 90 cm (op\u011bradlo 47, sed\u00e1k 23, op\u011brka nohou 21)<\/span><\/p>\n<p><span style=\"color: #808080;\">\u2022 \u0161\u00ed\u0159ka 42 cm<\/span><\/p>\n<p><span style=\"color: #808080;\">\u2022 hmotnost 3,7 kg<\/span><\/p>\n<p><span style=\"color: #808080;\"><strong>Autoseda\u010dka s adapt\u00e9rem:<\/strong><\/span><\/p>\n<p><span style=\"color: #808080;\">\u2022 t\u0159\u00edbodov\u00fd nastaviteln\u00fd bezpe\u010dnostn\u00ed p\u00e1s s chr\u00e1ni\u010di<\/span><\/p>\n<p><span style=\"color: #808080;\">\u2022 odn\u00edmateln\u00e1 kapuce a kryt<\/span><\/p>\n<p><span style=\"color: #808080;\">\u2022 vlo\u017eka pro miminka<\/span><\/p>\n<p><span style=\"color: #808080;\">\u2022 nastaviteln\u00e1 rukoje\u0165<\/span><\/p>\n<p><span style=\"color: #808080;\">\u2022 funkce kol\u00e9bky se z\u00e1mkem<\/span><\/p>\n<p><span style=\"color: #808080;\">\u2022 autoseda\u010dka je vhodn\u00e1 pro p\u0159epravu d\u011bt\u00ed autem<\/span><\/p>\n<p><span style=\"color: #808080;\">\u2022 homologace ECE R44\/04<\/span><\/p>\n<p><span style=\"color: #808080;\"><strong>SADA OBSAHUJE:<\/strong><\/span><\/p>\n<p><span style=\"color: #808080;\">1. R\u00c1M S NAFUKOVAC\u00cdMI KOLY<\/span><\/p>\n<p><span style=\"color: #808080;\">2. P\u0158ENOSN\u00c1 KORBI\u010cKA (ST\u0158\u00cd\u0160KA A POVLAK)<\/span><\/p>\n<p><span style=\"color: #808080;\">3. KO\u010c\u00c1REK (S P\u0158IHR\u00c1DKOU A ST\u0158\u00cdCHOU), ), KO\u010c\u00c1REK SE ST\u0158\u00cdCHOU A P\u0158IHR\u00c1DKOU, M\u00c1 NASTAVITELNOU OP\u011aRKU OP\u011aRKY A OP\u011aRKU NOHOU<\/span><\/p>\n<p><span style=\"color: #808080;\">4. AUTOSEDA\u010cKA (VOLITELN\u00c1) SE ST\u0158\u00cd\u0160KOU A POVLAKEM<\/span><\/p>\n<p><span style=\"color: #808080;\">5. P\u011aTIBODOV\u00c9 BEZPE\u010cNOSTN\u00cd P\u00c1SY.<\/span><\/p>\n<p><span style=\"color: #808080;\">5. VELK\u00c1 TA\u0160KA<\/span><\/p>\n<p><span style=\"color: #808080;\">6. N\u00c1KUPN\u00cd KO\u0160\u00cdK<\/span><\/p>\n<p><span style=\"color: #808080;\">7. PLACHTA PROTI DE\u0160TI<\/span><\/p>\n<p><span style=\"color: #808080;\">8. VOD\u011aODOLN\u00c1 F\u00d3LIE<\/span><\/p>\n<p><span style=\"color: #808080;\">9. S\u00cd\u0164 PROTI KOM\u00c1R\u016eM<\/span><\/p>\n<p><span style=\"color: #808080;\">10. D\u011aTSK\u00c1 AUTOSEDA\u010cKA SE ST\u0158\u00cd\u0160KOU A KRYTEM NA NOHY, AUTO<\/span><\/p>\n<p><span style=\"color: #808080;\">SEDA\u010cKA JE VHODN\u00c1 PRO D\u011aTI DO 13 KG, M\u00c1<\/span><\/p>\n<p><span style=\"color: #808080;\">NASTAVITELN\u00c1 RUKOJE\u0164, VLO\u017dKA PRO FUNKCI PRO D\u00cdT\u011a A KOL\u00c9BKU<\/span><\/p>\n<p><a href=\"http:\/\/forbabyboss.com\/wp-content\/uploads\/2022\/09\/checkout.png\"><img loading=\"lazy\" decoding=\"async\" class=\"alignnone size-full wp-image-5965\" src=\"http:\/\/forbabyboss.com\/wp-content\/uploads\/2022\/09\/checkout.png\" alt=\"\" width=\"750\" height=\"276\" srcset=\"https:\/\/forbabyboss.com\/wp-content\/uploads\/2022\/09\/checkout.png 750w, https:\/\/forbabyboss.com\/wp-content\/uploads\/2022\/09\/checkout-600x221.png 600w\" sizes=\"auto, (max-width: 750px) 100vw, 750px\" \/><\/a><\/p>","protected":false},"excerpt":{"rendered":"<p><a href=\"http:\/\/forbabyboss.com\/wp-content\/uploads\/2022\/09\/Star-Rating-5.png\"><img loading=\"lazy\" decoding=\"async\" class=\"alignnone size-full wp-image-5973 aligncenter\" src=\"http:\/\/forbabyboss.com\/wp-content\/uploads\/2022\/09\/Star-Rating-5.png\" alt=\"\" width=\"275\" height=\"45\" \/><\/a><\/p>\n<p style=\"text-align: center;\"><span style=\"color: #ed1c24; font-size: 120%;\"><b>GARANCE SHODU CEN<\/b><\/span><\/p>\n<p style=\"text-align: center;\"><span style=\"font-size: 115%;\"><span style=\"font-weight: 400; color: #4f4fa7;\">Doprava zdarma<\/span><span style=\"font-weight: 400;\"> \u2013 2 \u2013 7 dn\u00ed<\/span><\/span><\/p>\n<p style=\"text-align: center;\"><strong><span style=\"color: #29606b;\">D\u00e1rek zdarma k n\u00e1kupu nad 100 GBP<\/span><\/strong><\/p>","protected":false},"featured_media":5630,"template":"","meta":[],"product_brand":[577],"product_cat":[338,339,156,305,210,130,209,211,229],"product_tag":[],"class_list":{"0":"post-5628","1":"product","2":"type-product","3":"status-publish","4":"has-post-thumbnail","6":"product_brand-kunert","7":"product_cat-600-to-700","8":"product_cat-700-to-800","9":"product_cat-3-in-1","10":"product_cat-colour","11":"product_cat-grey","12":"product_cat-prams","13":"product_cat-push-chairs","14":"product_cat-stroller","15":"product_cat-white","17":"first","18":"instock","19":"sale","20":"shipping-taxable","21":"purchasable","22":"product-type-simple"},"yoast_head":"<!-- This site is optimized with the Yoast SEO plugin v27.5 - https:\/\/yoast.com\/product\/yoast-seo-wordpress\/ -->\n<title>Baby Pram Retro Classic Buggy Set 3in1Travel System Eco Leather - White (grey frame) - For Baby Boss<\/title>\n<meta name=\"description\" content=\"Baby Pram Retro Classic Buggy Set 3in1Travel System Eco Leather NEW 2022 - White (grey frame)\" \/>\n<meta name=\"robots\" content=\"index, follow, max-snippet:-1, max-image-preview:large, max-video-preview:-1\" \/>\n<link rel=\"canonical\" href=\"https:\/\/forbabyboss.com\/cs\/product\/detsky-kocarek-retro-klasicky-kocarek-sada-3v1-cestovni-system-eko-kuze-bily-sedy-ram\/\" \/>\n<meta property=\"og:locale\" content=\"cs_CZ\" \/>\n<meta property=\"og:type\" content=\"article\" \/>\n<meta property=\"og:title\" content=\"Baby Pram Retro Classic Buggy Set 3in1Travel System Eco Leather - White (grey frame) - For Baby Boss\" \/>\n<meta property=\"og:description\" content=\"Baby Pram Retro Classic Buggy Set 3in1Travel System Eco Leather NEW 2022 - White (grey frame)\" \/>\n<meta property=\"og:url\" content=\"https:\/\/forbabyboss.com\/cs\/product\/detsky-kocarek-retro-klasicky-kocarek-sada-3v1-cestovni-system-eko-kuze-bily-sedy-ram\/\" \/>\n<meta property=\"og:site_name\" content=\"For Baby Boss\" \/>\n<meta property=\"article:modified_time\" content=\"2026-02-18T20:14:59+00:00\" \/>\n<meta property=\"og:image\" content=\"https:\/\/forbabyboss.com\/wp-content\/uploads\/2022\/09\/Baby-Pram-Retro-Classic-Buggy-Set-3in1Travel-System-Eco-Leather-NEW-2022-White-grey-frame-main.png\" \/>\n\t<meta property=\"og:image:width\" content=\"1600\" \/>\n\t<meta property=\"og:image:height\" content=\"1600\" \/>\n\t<meta property=\"og:image:type\" content=\"image\/png\" \/>\n<meta name=\"twitter:card\" content=\"summary_large_image\" \/>\n<meta name=\"twitter:label1\" content=\"Odhadovan\u00e1 doba \u010dten\u00ed\" \/>\n\t<meta name=\"twitter:data1\" content=\"3 minuty\" \/>\n<script type=\"application\/ld+json\" class=\"yoast-schema-graph\">{\"@context\":\"https:\\\/\\\/schema.org\",\"@graph\":[{\"@type\":\"WebPage\",\"@id\":\"https:\\\/\\\/forbabyboss.com\\\/product\\\/baby-pram-retro-classic-buggy-set-3in1travel-system-eco-leather-white-grey-frame\\\/\",\"url\":\"https:\\\/\\\/forbabyboss.com\\\/product\\\/baby-pram-retro-classic-buggy-set-3in1travel-system-eco-leather-white-grey-frame\\\/\",\"name\":\"Baby Pram Retro Classic Buggy Set 3in1Travel System Eco Leather - White (grey frame) - For Baby Boss\",\"isPartOf\":{\"@id\":\"https:\\\/\\\/powderblue-seahorse-496884.hostingersite.com\\\/#website\"},\"primaryImageOfPage\":{\"@id\":\"https:\\\/\\\/forbabyboss.com\\\/product\\\/baby-pram-retro-classic-buggy-set-3in1travel-system-eco-leather-white-grey-frame\\\/#primaryimage\"},\"image\":{\"@id\":\"https:\\\/\\\/forbabyboss.com\\\/product\\\/baby-pram-retro-classic-buggy-set-3in1travel-system-eco-leather-white-grey-frame\\\/#primaryimage\"},\"thumbnailUrl\":\"https:\\\/\\\/forbabyboss.com\\\/wp-content\\\/uploads\\\/2022\\\/09\\\/Baby-Pram-Retro-Classic-Buggy-Set-3in1Travel-System-Eco-Leather-NEW-2022-White-grey-frame-main.png\",\"datePublished\":\"2022-09-13T16:54:52+00:00\",\"dateModified\":\"2026-02-18T20:14:59+00:00\",\"description\":\"Baby Pram Retro Classic Buggy Set 3in1Travel System Eco Leather NEW 2022 - White (grey frame)\",\"breadcrumb\":{\"@id\":\"https:\\\/\\\/forbabyboss.com\\\/product\\\/baby-pram-retro-classic-buggy-set-3in1travel-system-eco-leather-white-grey-frame\\\/#breadcrumb\"},\"inLanguage\":\"cs\",\"potentialAction\":[{\"@type\":\"ReadAction\",\"target\":[\"https:\\\/\\\/forbabyboss.com\\\/product\\\/baby-pram-retro-classic-buggy-set-3in1travel-system-eco-leather-white-grey-frame\\\/\"]}]},{\"@type\":\"ImageObject\",\"inLanguage\":\"cs\",\"@id\":\"https:\\\/\\\/forbabyboss.com\\\/product\\\/baby-pram-retro-classic-buggy-set-3in1travel-system-eco-leather-white-grey-frame\\\/#primaryimage\",\"url\":\"https:\\\/\\\/forbabyboss.com\\\/wp-content\\\/uploads\\\/2022\\\/09\\\/Baby-Pram-Retro-Classic-Buggy-Set-3in1Travel-System-Eco-Leather-NEW-2022-White-grey-frame-main.png\",\"contentUrl\":\"https:\\\/\\\/forbabyboss.com\\\/wp-content\\\/uploads\\\/2022\\\/09\\\/Baby-Pram-Retro-Classic-Buggy-Set-3in1Travel-System-Eco-Leather-NEW-2022-White-grey-frame-main.png\",\"width\":1600,\"height\":1600},{\"@type\":\"BreadcrumbList\",\"@id\":\"https:\\\/\\\/forbabyboss.com\\\/product\\\/baby-pram-retro-classic-buggy-set-3in1travel-system-eco-leather-white-grey-frame\\\/#breadcrumb\",\"itemListElement\":[{\"@type\":\"ListItem\",\"position\":1,\"name\":\"Home\",\"item\":\"https:\\\/\\\/forbabyboss.com\\\/\"},{\"@type\":\"ListItem\",\"position\":2,\"name\":\"Shop\",\"item\":\"https:\\\/\\\/forbabyboss.com\\\/shop\\\/\"},{\"@type\":\"ListItem\",\"position\":3,\"name\":\"Baby Pram Retro Classic Buggy Set 3in1Travel System Eco Leather &#8211; White (grey frame)\"}]},{\"@type\":\"WebSite\",\"@id\":\"https:\\\/\\\/powderblue-seahorse-496884.hostingersite.com\\\/#website\",\"url\":\"https:\\\/\\\/powderblue-seahorse-496884.hostingersite.com\\\/\",\"name\":\"For Baby Boss\",\"description\":\"Beautiful gifts and accessories for your baby boss\",\"potentialAction\":[{\"@type\":\"SearchAction\",\"target\":{\"@type\":\"EntryPoint\",\"urlTemplate\":\"https:\\\/\\\/powderblue-seahorse-496884.hostingersite.com\\\/?s={search_term_string}\"},\"query-input\":{\"@type\":\"PropertyValueSpecification\",\"valueRequired\":true,\"valueName\":\"search_term_string\"}}],\"inLanguage\":\"cs\"}]}<\/script>\n<!-- \/ Yoast SEO plugin. -->","yoast_head_json":{"title":"D\u011btsk\u00fd ko\u010d\u00e1rek Retro Classic Buggy Set 3v1 Cestovn\u00ed syst\u00e9m Eco Leather - b\u00edl\u00fd (\u0161ed\u00fd r\u00e1m) - Pro Baby Boss","description":"D\u011btsk\u00fd ko\u010d\u00e1rek Retro Classic Buggy Set 3v1 Cestovn\u00ed syst\u00e9m Eco Leather NOVINKA 2022 - b\u00edl\u00fd (\u0161ed\u00fd r\u00e1m)","robots":{"index":"index","follow":"follow","max-snippet":"max-snippet:-1","max-image-preview":"max-image-preview:large","max-video-preview":"max-video-preview:-1"},"canonical":"https:\/\/forbabyboss.com\/cs\/product\/detsky-kocarek-retro-klasicky-kocarek-sada-3v1-cestovni-system-eko-kuze-bily-sedy-ram\/","og_locale":"cs_CZ","og_type":"article","og_title":"Baby Pram Retro Classic Buggy Set 3in1Travel System Eco Leather - White (grey frame) - For Baby Boss","og_description":"Baby Pram Retro Classic Buggy Set 3in1Travel System Eco Leather NEW 2022 - White (grey frame)","og_url":"https:\/\/forbabyboss.com\/cs\/product\/detsky-kocarek-retro-klasicky-kocarek-sada-3v1-cestovni-system-eko-kuze-bily-sedy-ram\/","og_site_name":"For Baby Boss","article_modified_time":"2026-02-18T20:14:59+00:00","og_image":[{"width":1600,"height":1600,"url":"https:\/\/forbabyboss.com\/wp-content\/uploads\/2022\/09\/Baby-Pram-Retro-Classic-Buggy-Set-3in1Travel-System-Eco-Leather-NEW-2022-White-grey-frame-main.png","type":"image\/png"}],"twitter_card":"summary_large_image","twitter_misc":{"Odhadovan\u00e1 doba \u010dten\u00ed":"3 minuty"},"schema":{"@context":"https:\/\/schema.org","@graph":[{"@type":"WebPage","@id":"https:\/\/forbabyboss.com\/product\/baby-pram-retro-classic-buggy-set-3in1travel-system-eco-leather-white-grey-frame\/","url":"https:\/\/forbabyboss.com\/product\/baby-pram-retro-classic-buggy-set-3in1travel-system-eco-leather-white-grey-frame\/","name":"D\u011btsk\u00fd ko\u010d\u00e1rek Retro Classic Buggy Set 3v1 Cestovn\u00ed syst\u00e9m Eco Leather - b\u00edl\u00fd (\u0161ed\u00fd r\u00e1m) - Pro Baby Boss","isPartOf":{"@id":"https:\/\/powderblue-seahorse-496884.hostingersite.com\/#website"},"primaryImageOfPage":{"@id":"https:\/\/forbabyboss.com\/product\/baby-pram-retro-classic-buggy-set-3in1travel-system-eco-leather-white-grey-frame\/#primaryimage"},"image":{"@id":"https:\/\/forbabyboss.com\/product\/baby-pram-retro-classic-buggy-set-3in1travel-system-eco-leather-white-grey-frame\/#primaryimage"},"thumbnailUrl":"https:\/\/forbabyboss.com\/wp-content\/uploads\/2022\/09\/Baby-Pram-Retro-Classic-Buggy-Set-3in1Travel-System-Eco-Leather-NEW-2022-White-grey-frame-main.png","datePublished":"2022-09-13T16:54:52+00:00","dateModified":"2026-02-18T20:14:59+00:00","description":"D\u011btsk\u00fd ko\u010d\u00e1rek Retro Classic Buggy Set 3v1 Cestovn\u00ed syst\u00e9m Eco Leather NOVINKA 2022 - b\u00edl\u00fd (\u0161ed\u00fd r\u00e1m)","breadcrumb":{"@id":"https:\/\/forbabyboss.com\/product\/baby-pram-retro-classic-buggy-set-3in1travel-system-eco-leather-white-grey-frame\/#breadcrumb"},"inLanguage":"cs","potentialAction":[{"@type":"ReadAction","target":["https:\/\/forbabyboss.com\/product\/baby-pram-retro-classic-buggy-set-3in1travel-system-eco-leather-white-grey-frame\/"]}]},{"@type":"ImageObject","inLanguage":"cs","@id":"https:\/\/forbabyboss.com\/product\/baby-pram-retro-classic-buggy-set-3in1travel-system-eco-leather-white-grey-frame\/#primaryimage","url":"https:\/\/forbabyboss.com\/wp-content\/uploads\/2022\/09\/Baby-Pram-Retro-Classic-Buggy-Set-3in1Travel-System-Eco-Leather-NEW-2022-White-grey-frame-main.png","contentUrl":"https:\/\/forbabyboss.com\/wp-content\/uploads\/2022\/09\/Baby-Pram-Retro-Classic-Buggy-Set-3in1Travel-System-Eco-Leather-NEW-2022-White-grey-frame-main.png","width":1600,"height":1600},{"@type":"BreadcrumbList","@id":"https:\/\/forbabyboss.com\/product\/baby-pram-retro-classic-buggy-set-3in1travel-system-eco-leather-white-grey-frame\/#breadcrumb","itemListElement":[{"@type":"ListItem","position":1,"name":"Home","item":"https:\/\/forbabyboss.com\/"},{"@type":"ListItem","position":2,"name":"Shop","item":"https:\/\/forbabyboss.com\/shop\/"},{"@type":"ListItem","position":3,"name":"Baby Pram Retro Classic Buggy Set 3in1Travel System Eco Leather &#8211; White (grey frame)"}]},{"@type":"WebSite","@id":"https:\/\/powderblue-seahorse-496884.hostingersite.com\/#website","url":"https:\/\/powderblue-seahorse-496884.hostingersite.com\/","name":"Pro Baby Boss","description":"Kr\u00e1sn\u00e9 d\u00e1rky a dopl\u0148ky pro va\u0161eho \u0161\u00e9fa","potentialAction":[{"@type":"SearchAction","target":{"@type":"EntryPoint","urlTemplate":"https:\/\/powderblue-seahorse-496884.hostingersite.com\/?s={search_term_string}"},"query-input":{"@type":"PropertyValueSpecification","valueRequired":true,"valueName":"search_term_string"}}],"inLanguage":"cs"}]}},"_links":{"self":[{"href":"https:\/\/forbabyboss.com\/cs\/wp-json\/wp\/v2\/product\/5628","targetHints":{"allow":["GET"]}}],"collection":[{"href":"https:\/\/forbabyboss.com\/cs\/wp-json\/wp\/v2\/product"}],"about":[{"href":"https:\/\/forbabyboss.com\/cs\/wp-json\/wp\/v2\/types\/product"}],"wp:featuredmedia":[{"embeddable":true,"href":"https:\/\/forbabyboss.com\/cs\/wp-json\/wp\/v2\/media\/5630"}],"wp:attachment":[{"href":"https:\/\/forbabyboss.com\/cs\/wp-json\/wp\/v2\/media?parent=5628"}],"wp:term":[{"taxonomy":"product_brand","embeddable":true,"href":"https:\/\/forbabyboss.com\/cs\/wp-json\/wp\/v2\/product_brand?post=5628"},{"taxonomy":"product_cat","embeddable":true,"href":"https:\/\/forbabyboss.com\/cs\/wp-json\/wp\/v2\/product_cat?post=5628"},{"taxonomy":"product_tag","embeddable":true,"href":"https:\/\/forbabyboss.com\/cs\/wp-json\/wp\/v2\/product_tag?post=5628"}],"curies":[{"name":"wp","href":"https:\/\/api.w.org\/{rel}","templated":true}]}}