{"id":5719,"date":"2022-09-15T08:02:27","date_gmt":"2022-09-15T08:02:27","guid":{"rendered":"http:\/\/forbabyboss.com\/?post_type=product&#038;p=5719"},"modified":"2026-02-21T11:09:07","modified_gmt":"2026-02-21T11:09:07","slug":"luxusni-3v1-autosedacka-do-kocarku-pro-novorozence-ruzova","status":"publish","type":"product","link":"https:\/\/forbabyboss.com\/cs\/product\/3in1-luxury-baby-pram-newborn-car-seat-pink\/","title":{"rendered":"Luxusn\u00ed autoseda\u010dka pro novorozence 3v1 do ko\u010d\u00e1rku \u2013 r\u016f\u017eov\u00e1"},"content":{"rendered":"<h2 style=\"text-align: justify;\"><span style=\"color: #e14d43;\"><strong>Hlubok\u00fd ko\u010d\u00e1rek<\/strong><\/span><\/h2>\n<p style=\"text-align: justify;\"><span style=\"color: #282828;\"><strong>Jedn\u00e1 se o lehk\u00fd hlin\u00edkov\u00fd r\u00e1m s gondolou, ur\u010den\u00fd p\u0159edev\u0161\u00edm pro bezpe\u010dnou p\u0159epravu novorozenc\u016f a kojenc\u016f o hmotnosti do 9 kg.<\/strong><\/span><br \/>\n<span style=\"color: #282828;\"><strong>Gondola Axel m\u00e1 skl\u00e1dac\u00ed st\u0159\u00ed\u0161ku a m\u011bkkou bavln\u011bnou pod\u0161\u00edvku, kterou lze snadno vyjmout a vyprat.<\/strong><\/span><br \/>\n<span style=\"color: #282828;\"><strong>Budka je vybavena otev\u00edrac\u00edm v\u011btrac\u00edm oknem.<\/strong><\/span><br \/>\n<span style=\"color: #282828;\"><strong>Kryt gondoly nav\u00edc slou\u017e\u00ed jako lapa\u010d v\u011btru.<\/strong><\/span><br \/>\n<span style=\"color: #282828;\"><strong>Gondola m\u00e1 tak\u00e9 op\u011bradlo s plynul\u00fdm nastaven\u00edm v\u00fd\u0161ky.<\/strong><\/span><\/p>\n<h2 style=\"text-align: justify;\"><span style=\"color: #e14d43;\"><strong>Vlastnosti korby:<\/strong><\/span><\/h2>\n<p style=\"text-align: justify;\"><span style=\"color: #282828;\"><strong>\u2713 skl\u00e1dac\u00ed st\u0159\u00ed\u0161ka \u2013 chr\u00e1n\u00ed d\u00edt\u011b p\u0159ed sluncem a de\u0161t\u011bm<\/strong><\/span><br \/>\n<span style=\"color: #282828;\"><strong>\u2713bavln\u011bn\u00e1 pod\u0161\u00edvka \u2013 poskytuje maxim\u00e1ln\u00ed pohodl\u00ed p\u0159i cestov\u00e1n\u00ed (lze ji snadno vyjmout a vyprat)<\/strong><\/span><br \/>\n<span style=\"color: #282828;\"><strong>\u2713 v\u011btrac\u00ed ok\u00e9nko \u2013 zaji\u0161\u0165uje \u010derstv\u00fd vzduch uvnit\u0159 voz\u00edku<\/strong><\/span><br \/>\n<span style=\"color: #282828;\"><strong>\u2713 kryt \u2013 chr\u00e1n\u00ed d\u00edt\u011b p\u0159ed v\u011btrem a chladem<\/strong><\/span><br \/>\n<span style=\"color: #282828;\"><strong>\u2713kor\u00fdtko s funkc\u00ed kol\u00e9bky \u2013 umo\u017e\u0148uje houpat d\u00edt\u011b (lze zaaretovat rozlo\u017een\u00edm bo\u010dn\u00edch nohou)<\/strong><\/span><br \/>\n<span style=\"color: #282828;\"><strong>\u2713korbi\u010dka s rukojet\u00ed pota\u017eenou ekok\u016f\u017e\u00ed \u2013 umo\u017e\u0148uje pohodln\u00e9 no\u0161en\u00ed.<\/strong><\/span><\/p>\n<h2 style=\"text-align: justify;\"><span style=\"color: #e14d43;\"><strong>Autoseda\u010dka<\/strong><\/span><\/h2>\n<p style=\"text-align: justify;\"><span style=\"color: #282828;\"><strong>Je ur\u010dena pro d\u011bti do hmotnosti 10 kg. M\u00e1 homologaci ECE R44\/04, kter\u00e1 potvrzuje, \u017ee v\u00fdrobek spl\u0148uje p\u0159\u00edsn\u00e9 bezpe\u010dnostn\u00ed normy a lze jej pou\u017e\u00edt pro bezpe\u010dnou p\u0159epravu d\u00edt\u011bte v aut\u011b. Autoseda\u010dku lze nav\u00edc namontovat na r\u00e1m ko\u010d\u00e1rku po sm\u011bru nebo proti sm\u011bru j\u00edzdy pomoc\u00ed adapt\u00e9r\u016f, kter\u00e9 jsou sou\u010d\u00e1st\u00ed sady.<\/strong><\/span><\/p>\n<p style=\"text-align: justify;\"><span style=\"color: #282828;\"><strong>\u2713p\u0159\u00eddavn\u00e1 vlo\u017eka pro miminka \u2013 umo\u017e\u0148uje bezpe\u010dnou p\u0159epravu novorozenc\u016f<\/strong><\/span><br \/>\n<span style=\"color: #282828;\"><strong>\u2713nastaviteln\u00e1 rukoje\u0165 \u2013 vyzna\u010duje se nejvy\u0161\u0161\u00ed ergonomi\u00ed (lze ji nastavit do op\u011brn\u00e9 polohy)<\/strong><\/span><br \/>\n<span style=\"color: #282828;\"><strong>\u2713funkce kol\u00e9bky \u2013 d\u00edky speci\u00e1ln\u011b profilovan\u00e9mu dnu<\/strong><\/span><br \/>\n<span style=\"color: #282828;\"><strong>\u2713n\u00e1vlek na nohy s reflexn\u00edmi prvky \u2013 chr\u00e1n\u00ed p\u0159ed chladem (lze odejmout)<\/strong><\/span><br \/>\n<span style=\"color: #282828;\"><strong>\u2713 odn\u00edmateln\u00e1 clona proti de\u0161ti a slunci \u2013 chr\u00e1n\u00ed d\u00edt\u011b p\u0159ed nep\u0159\u00edzniv\u00fdm po\u010das\u00edm<\/strong><\/span><br \/>\n<span style=\"color: #282828;\"><strong>\u2713 t\u0159\u00edbodov\u00e9 bezpe\u010dnostn\u00ed p\u00e1sy s centr\u00e1ln\u00edm nastaven\u00edm d\u00e9lky \u2013 zaji\u0161\u0165uj\u00ed bezpe\u010dnost p\u0159i cestov\u00e1n\u00ed<\/strong><\/span><br \/>\n<span style=\"color: #282828;\"><strong>\u2713 p\u0159\u00eddavn\u00e9 kryty ramenn\u00edch popruh\u016f \u2013 pro v\u011bt\u0161\u00ed pohodl\u00ed p\u0159i cestov\u00e1n\u00ed<\/strong><\/span><br \/>\n<span style=\"color: #282828;\"><strong>\u2713 adapt\u00e9ry \u2013 umo\u017e\u0148uj\u00edc\u00ed mont\u00e1\u017e seda\u010dky na r\u00e1m ko\u010d\u00e1rku<\/strong><\/span><\/p>\n<h2 style=\"text-align: justify;\"><span style=\"color: #e14d43;\"><strong>Ko\u010d\u00e1rek<\/strong><\/span><\/h2>\n<p style=\"text-align: justify;\"><span style=\"color: #282828;\"><strong>Ko\u010d\u00e1rek je ide\u00e1ln\u00ed pro o n\u011bco star\u0161\u00ed d\u00edt\u011b s hmotnost\u00ed do 15 kg. Axel umo\u017e\u0148uje dv\u011b mo\u017enosti mont\u00e1\u017ee: po sm\u011bru j\u00edzdy nebo proti sm\u011bru j\u00edzdy \u2013 v z\u00e1vislosti na va\u0161ich preferenc\u00edch.<\/strong><\/span><br \/>\n<span style=\"color: #282828;\"><strong>Skl\u00e1dac\u00ed slune\u010dn\u00ed clona a kryt s funkc\u00ed zachycuj\u00edc\u00ed v\u00edtr ochr\u00e1n\u00ed va\u0161e d\u00edt\u011b p\u0159ed nep\u0159\u00edzniv\u00fdm po\u010das\u00edm.<\/strong><\/span><\/p>\n<p style=\"text-align: justify;\"><span style=\"color: #282828;\"><strong>\u2713p\u011btibodov\u00e9 bezpe\u010dnostn\u00ed p\u00e1sy s m\u011bkk\u00fdmi pol\u0161t\u00e1\u0159ky \u2013 chr\u00e1n\u00ed a zaji\u0161\u0165uj\u00ed pohodl\u00ed b\u011bhem cestov\u00e1n\u00ed<\/strong><\/span><br \/>\n<span style=\"color: #282828;\"><strong>\u2713ochrana a op\u011brka nohou z ekok\u016f\u017ee \u2013 odoln\u00e9 v\u016f\u010di po\u0161kozen\u00ed a snadno se \u010dist\u00ed<\/strong><\/span><br \/>\n<span style=\"color: #282828;\"><strong>\u2713nastaviteln\u00e1 op\u011brka nohou \u2013 pro optim\u00e1ln\u00ed polohov\u00e1n\u00ed<\/strong><\/span><br \/>\n<span style=\"color: #282828;\"><strong>\u2713 nastaviteln\u00e1 op\u011brka zad ve \u010dty\u0159ech poloh\u00e1ch \u2013 poskytuje optim\u00e1ln\u00ed polohu a zvy\u0161uje pohodl\u00ed d\u00edt\u011bte<\/strong><\/span><br \/>\n<span style=\"color: #282828;\"><strong>\u2713 r\u00e1m s m\u011bkk\u00fdm odpru\u017een\u00edm \u2013 chr\u00e1n\u00ed d\u00edt\u011b p\u0159ed nep\u0159\u00edjemn\u00fdmi n\u00e1razy p\u0159i j\u00edzd\u011b na nerovn\u00e9m povrchu<\/strong><\/span><\/p>\n<h2 style=\"text-align: justify;\"><span style=\"color: #e14d43;\"><strong>R\u00e1m ko\u010d\u00e1rku<\/strong><\/span><\/h2>\n<p style=\"text-align: justify;\"><span style=\"color: #282828;\"><strong>Konstrukce voz\u00edku je vyrobena z lehk\u00e9ho hlin\u00edku, zat\u00edmco inovativn\u00ed oto\u010dn\u00e1 kola s kuli\u010dkov\u00fdmi lo\u017eisky a polyuretanovou pneumatikou jsou zodpov\u011bdn\u00e1 za plynul\u00fd pohyb voz\u00edku. Kola tohoto typu maj\u00ed v\u0161echny vlastnosti pumpovan\u00fdch kol a nav\u00edc se nepropichuj\u00ed. D\u00edky tomu jsou bezprobl\u00e9mov\u00e1, bez\u00fadr\u017ebov\u00e1 a velmi odoln\u00e1. Nav\u00edc maj\u00ed blok\u00e1du pro j\u00edzdu vp\u0159ed.<\/strong><\/span><\/p>\n<h2 style=\"text-align: justify;\"><span style=\"color: #e14d43;\"><strong>Vlastnosti r\u00e1mu:<\/strong><\/span><\/h2>\n<p style=\"text-align: justify;\"><span style=\"color: #282828;\"><strong>\u2713pevn\u00e1 a lehk\u00e1 hlin\u00edkov\u00e1 konstrukce<\/strong><\/span><br \/>\n<span style=\"color: #282828;\"><strong>\u2713nastaviteln\u00e1 rukoje\u0165 pota\u017een\u00e1 ekok\u016f\u017e\u00ed \u2013 umo\u017e\u0148uje snadn\u00e9 nastaven\u00ed ko\u010d\u00e1rku va\u0161\u00ed v\u00fd\u0161ce.<\/strong><\/span><br \/>\n<span style=\"color: #282828;\"><strong>\u2713m\u011bkk\u00e9 odpru\u017een\u00ed \u2013 inovativn\u00ed syst\u00e9m tlumen\u00ed n\u00e1raz\u016f zaji\u0161\u0165uje maxim\u00e1ln\u00ed j\u00edzdn\u00ed komfort<\/strong><\/span><br \/>\n<span style=\"color: #282828;\"><strong>\u2713centr\u00e1ln\u00ed brzda (Easy Stop) \u2013 umo\u017e\u0148uje rychl\u00e9 zablokov\u00e1n\u00ed kol voz\u00edku<\/strong><\/span><br \/>\n<span style=\"color: #282828;\"><strong>\u2713mo\u017enost instalace ko\u010d\u00e1rku Buggy Board \u2013 tato funkce se bude hodit, kdy\u017e m\u00e1 d\u00edt\u011b star\u0161\u00edho bratra nebo sestru \u2713skl\u00e1dac\u00ed r\u00e1m \u2013 ve slo\u017een\u00e9m stavu zabere m\u00e1lo m\u00edsta a vejde se do kufru auta<\/strong><\/span><\/p>\n<p>&nbsp;<\/p>\n<p><a href=\"http:\/\/forbabyboss.com\/wp-content\/uploads\/2022\/09\/checkout.png\"><img loading=\"lazy\" decoding=\"async\" class=\"alignnone wp-image-5965\" src=\"http:\/\/forbabyboss.com\/wp-content\/uploads\/2022\/09\/checkout.png\" alt=\"\" width=\"1005\" height=\"370\" srcset=\"https:\/\/forbabyboss.com\/wp-content\/uploads\/2022\/09\/checkout.png 750w, https:\/\/forbabyboss.com\/wp-content\/uploads\/2022\/09\/checkout-600x221.png 600w\" sizes=\"auto, (max-width: 1005px) 100vw, 1005px\" \/><\/a><\/p>\n<p style=\"text-align: justify;\">","protected":false},"excerpt":{"rendered":"<p><a href=\"http:\/\/forbabyboss.com\/wp-content\/uploads\/2022\/09\/Star-Rating-5.png\"><img loading=\"lazy\" decoding=\"async\" class=\"alignnone size-full wp-image-5973 aligncenter\" src=\"http:\/\/forbabyboss.com\/wp-content\/uploads\/2022\/09\/Star-Rating-5.png\" alt=\"\" width=\"275\" height=\"45\" \/><\/a><\/p>\n<p style=\"text-align: center;\"><span style=\"color: #ed1c24; font-size: 120%;\"><b>GARANCE SHODU CEN<\/b><\/span><\/p>\n<p style=\"text-align: center;\"><span style=\"font-size: 115%;\"><span style=\"font-weight: 400; color: #4f4fa7;\">Doprava zdarma<\/span><span style=\"font-weight: 400;\"> \u2013 2 \u2013 7 dn\u00ed<\/span><\/span><\/p>\n<p style=\"text-align: center;\"><strong><span style=\"color: #29606b;\">D\u00e1rek zdarma k n\u00e1kupu nad 100 GBP<\/span><\/strong><\/p>","protected":false},"featured_media":5721,"template":"","meta":[],"product_brand":[370],"product_cat":[337,339,156,305,303,215,130,209,211],"product_tag":[202,199],"class_list":{"0":"post-5719","1":"product","2":"type-product","3":"status-publish","4":"has-post-thumbnail","6":"product_brand-babylux","7":"product_cat-500-to-600","8":"product_cat-700-to-800","9":"product_cat-3-in-1","10":"product_cat-colour","11":"product_cat-pattern","12":"product_cat-pink","13":"product_cat-prams","14":"product_cat-push-chairs","15":"product_cat-stroller","16":"product_tag-3-in-1-pram","17":"product_tag-prams","19":"first","20":"instock","21":"sale","22":"shipping-taxable","23":"purchasable","24":"product-type-simple"},"yoast_head":"<!-- This site is optimized with the Yoast SEO plugin v27.6 - https:\/\/yoast.com\/product\/yoast-seo-wordpress\/ -->\n<title>3in1 Luxury Baby Pram Newborn Car Seat - Pink - For Baby Boss<\/title>\n<meta name=\"description\" content=\"3in1 Luxury Baby Pram Newborn Car Seat - Pink\" \/>\n<meta name=\"robots\" content=\"index, follow, max-snippet:-1, max-image-preview:large, max-video-preview:-1\" \/>\n<link rel=\"canonical\" href=\"https:\/\/forbabyboss.com\/cs\/product\/luxusni-3v1-autosedacka-do-kocarku-pro-novorozence-ruzova\/\" \/>\n<meta property=\"og:locale\" content=\"cs_CZ\" \/>\n<meta property=\"og:type\" content=\"article\" \/>\n<meta property=\"og:title\" content=\"3in1 Luxury Baby Pram Newborn Car Seat - Pink - For Baby Boss\" \/>\n<meta property=\"og:description\" content=\"3in1 Luxury Baby Pram Newborn Car Seat - Pink\" \/>\n<meta property=\"og:url\" content=\"https:\/\/forbabyboss.com\/cs\/product\/luxusni-3v1-autosedacka-do-kocarku-pro-novorozence-ruzova\/\" \/>\n<meta property=\"og:site_name\" content=\"For Baby Boss\" \/>\n<meta property=\"article:modified_time\" content=\"2026-02-21T11:09:07+00:00\" \/>\n<meta property=\"og:image\" content=\"https:\/\/forbabyboss.com\/wp-content\/uploads\/2022\/09\/Luxury-Baby-Pram-Newborn-Buggy-3-in1-Car-Seat-Pushchair-3-in-1-Travel-System-Pink-main.png\" \/>\n\t<meta property=\"og:image:width\" content=\"1600\" \/>\n\t<meta property=\"og:image:height\" content=\"1600\" \/>\n\t<meta property=\"og:image:type\" content=\"image\/png\" \/>\n<meta name=\"twitter:card\" content=\"summary_large_image\" \/>\n<meta name=\"twitter:label1\" content=\"Odhadovan\u00e1 doba \u010dten\u00ed\" \/>\n\t<meta name=\"twitter:data1\" content=\"3 minuty\" \/>\n<script type=\"application\/ld+json\" class=\"yoast-schema-graph\">{\"@context\":\"https:\\\/\\\/schema.org\",\"@graph\":[{\"@type\":\"WebPage\",\"@id\":\"https:\\\/\\\/forbabyboss.com\\\/product\\\/3in1-luxury-baby-pram-newborn-car-seat-pink\\\/\",\"url\":\"https:\\\/\\\/forbabyboss.com\\\/product\\\/3in1-luxury-baby-pram-newborn-car-seat-pink\\\/\",\"name\":\"3in1 Luxury Baby Pram Newborn Car Seat - Pink - For Baby Boss\",\"isPartOf\":{\"@id\":\"https:\\\/\\\/powderblue-seahorse-496884.hostingersite.com\\\/#website\"},\"primaryImageOfPage\":{\"@id\":\"https:\\\/\\\/forbabyboss.com\\\/product\\\/3in1-luxury-baby-pram-newborn-car-seat-pink\\\/#primaryimage\"},\"image\":{\"@id\":\"https:\\\/\\\/forbabyboss.com\\\/product\\\/3in1-luxury-baby-pram-newborn-car-seat-pink\\\/#primaryimage\"},\"thumbnailUrl\":\"https:\\\/\\\/forbabyboss.com\\\/wp-content\\\/uploads\\\/2022\\\/09\\\/Luxury-Baby-Pram-Newborn-Buggy-3-in1-Car-Seat-Pushchair-3-in-1-Travel-System-Pink-main.png\",\"datePublished\":\"2022-09-15T08:02:27+00:00\",\"dateModified\":\"2026-02-21T11:09:07+00:00\",\"description\":\"3in1 Luxury Baby Pram Newborn Car Seat - Pink\",\"breadcrumb\":{\"@id\":\"https:\\\/\\\/forbabyboss.com\\\/product\\\/3in1-luxury-baby-pram-newborn-car-seat-pink\\\/#breadcrumb\"},\"inLanguage\":\"cs\",\"potentialAction\":[{\"@type\":\"ReadAction\",\"target\":[\"https:\\\/\\\/forbabyboss.com\\\/product\\\/3in1-luxury-baby-pram-newborn-car-seat-pink\\\/\"]}]},{\"@type\":\"ImageObject\",\"inLanguage\":\"cs\",\"@id\":\"https:\\\/\\\/forbabyboss.com\\\/product\\\/3in1-luxury-baby-pram-newborn-car-seat-pink\\\/#primaryimage\",\"url\":\"https:\\\/\\\/forbabyboss.com\\\/wp-content\\\/uploads\\\/2022\\\/09\\\/Luxury-Baby-Pram-Newborn-Buggy-3-in1-Car-Seat-Pushchair-3-in-1-Travel-System-Pink-main.png\",\"contentUrl\":\"https:\\\/\\\/forbabyboss.com\\\/wp-content\\\/uploads\\\/2022\\\/09\\\/Luxury-Baby-Pram-Newborn-Buggy-3-in1-Car-Seat-Pushchair-3-in-1-Travel-System-Pink-main.png\",\"width\":1600,\"height\":1600},{\"@type\":\"BreadcrumbList\",\"@id\":\"https:\\\/\\\/forbabyboss.com\\\/product\\\/3in1-luxury-baby-pram-newborn-car-seat-pink\\\/#breadcrumb\",\"itemListElement\":[{\"@type\":\"ListItem\",\"position\":1,\"name\":\"Home\",\"item\":\"https:\\\/\\\/forbabyboss.com\\\/\"},{\"@type\":\"ListItem\",\"position\":2,\"name\":\"Shop\",\"item\":\"https:\\\/\\\/forbabyboss.com\\\/shop\\\/\"},{\"@type\":\"ListItem\",\"position\":3,\"name\":\"3in1 Luxury Baby Pram Newborn Car Seat &#8211; Pink\"}]},{\"@type\":\"WebSite\",\"@id\":\"https:\\\/\\\/powderblue-seahorse-496884.hostingersite.com\\\/#website\",\"url\":\"https:\\\/\\\/powderblue-seahorse-496884.hostingersite.com\\\/\",\"name\":\"For Baby Boss\",\"description\":\"Beautiful gifts and accessories for your baby boss\",\"potentialAction\":[{\"@type\":\"SearchAction\",\"target\":{\"@type\":\"EntryPoint\",\"urlTemplate\":\"https:\\\/\\\/powderblue-seahorse-496884.hostingersite.com\\\/?s={search_term_string}\"},\"query-input\":{\"@type\":\"PropertyValueSpecification\",\"valueRequired\":true,\"valueName\":\"search_term_string\"}}],\"inLanguage\":\"cs\"}]}<\/script>\n<!-- \/ Yoast SEO plugin. -->","yoast_head_json":{"title":"Luxusn\u00ed autoseda\u010dka pro novorozence 3v1 do ko\u010d\u00e1rku - r\u016f\u017eov\u00e1 - pro Baby Boss","description":"Luxusn\u00ed autoseda\u010dka pro novorozence 3v1 do ko\u010d\u00e1rku - r\u016f\u017eov\u00e1","robots":{"index":"index","follow":"follow","max-snippet":"max-snippet:-1","max-image-preview":"max-image-preview:large","max-video-preview":"max-video-preview:-1"},"canonical":"https:\/\/forbabyboss.com\/cs\/product\/luxusni-3v1-autosedacka-do-kocarku-pro-novorozence-ruzova\/","og_locale":"cs_CZ","og_type":"article","og_title":"3in1 Luxury Baby Pram Newborn Car Seat - Pink - For Baby Boss","og_description":"3in1 Luxury Baby Pram Newborn Car Seat - Pink","og_url":"https:\/\/forbabyboss.com\/cs\/product\/luxusni-3v1-autosedacka-do-kocarku-pro-novorozence-ruzova\/","og_site_name":"For Baby Boss","article_modified_time":"2026-02-21T11:09:07+00:00","og_image":[{"width":1600,"height":1600,"url":"https:\/\/forbabyboss.com\/wp-content\/uploads\/2022\/09\/Luxury-Baby-Pram-Newborn-Buggy-3-in1-Car-Seat-Pushchair-3-in-1-Travel-System-Pink-main.png","type":"image\/png"}],"twitter_card":"summary_large_image","twitter_misc":{"Odhadovan\u00e1 doba \u010dten\u00ed":"3 minuty"},"schema":{"@context":"https:\/\/schema.org","@graph":[{"@type":"WebPage","@id":"https:\/\/forbabyboss.com\/product\/3in1-luxury-baby-pram-newborn-car-seat-pink\/","url":"https:\/\/forbabyboss.com\/product\/3in1-luxury-baby-pram-newborn-car-seat-pink\/","name":"Luxusn\u00ed autoseda\u010dka pro novorozence 3v1 do ko\u010d\u00e1rku - r\u016f\u017eov\u00e1 - pro Baby Boss","isPartOf":{"@id":"https:\/\/powderblue-seahorse-496884.hostingersite.com\/#website"},"primaryImageOfPage":{"@id":"https:\/\/forbabyboss.com\/product\/3in1-luxury-baby-pram-newborn-car-seat-pink\/#primaryimage"},"image":{"@id":"https:\/\/forbabyboss.com\/product\/3in1-luxury-baby-pram-newborn-car-seat-pink\/#primaryimage"},"thumbnailUrl":"https:\/\/forbabyboss.com\/wp-content\/uploads\/2022\/09\/Luxury-Baby-Pram-Newborn-Buggy-3-in1-Car-Seat-Pushchair-3-in-1-Travel-System-Pink-main.png","datePublished":"2022-09-15T08:02:27+00:00","dateModified":"2026-02-21T11:09:07+00:00","description":"Luxusn\u00ed autoseda\u010dka pro novorozence 3v1 do ko\u010d\u00e1rku - r\u016f\u017eov\u00e1","breadcrumb":{"@id":"https:\/\/forbabyboss.com\/product\/3in1-luxury-baby-pram-newborn-car-seat-pink\/#breadcrumb"},"inLanguage":"cs","potentialAction":[{"@type":"ReadAction","target":["https:\/\/forbabyboss.com\/product\/3in1-luxury-baby-pram-newborn-car-seat-pink\/"]}]},{"@type":"ImageObject","inLanguage":"cs","@id":"https:\/\/forbabyboss.com\/product\/3in1-luxury-baby-pram-newborn-car-seat-pink\/#primaryimage","url":"https:\/\/forbabyboss.com\/wp-content\/uploads\/2022\/09\/Luxury-Baby-Pram-Newborn-Buggy-3-in1-Car-Seat-Pushchair-3-in-1-Travel-System-Pink-main.png","contentUrl":"https:\/\/forbabyboss.com\/wp-content\/uploads\/2022\/09\/Luxury-Baby-Pram-Newborn-Buggy-3-in1-Car-Seat-Pushchair-3-in-1-Travel-System-Pink-main.png","width":1600,"height":1600},{"@type":"BreadcrumbList","@id":"https:\/\/forbabyboss.com\/product\/3in1-luxury-baby-pram-newborn-car-seat-pink\/#breadcrumb","itemListElement":[{"@type":"ListItem","position":1,"name":"Home","item":"https:\/\/forbabyboss.com\/"},{"@type":"ListItem","position":2,"name":"Shop","item":"https:\/\/forbabyboss.com\/shop\/"},{"@type":"ListItem","position":3,"name":"3in1 Luxury Baby Pram Newborn Car Seat &#8211; Pink"}]},{"@type":"WebSite","@id":"https:\/\/powderblue-seahorse-496884.hostingersite.com\/#website","url":"https:\/\/powderblue-seahorse-496884.hostingersite.com\/","name":"Pro Baby Boss","description":"Kr\u00e1sn\u00e9 d\u00e1rky a dopl\u0148ky pro va\u0161eho \u0161\u00e9fa","potentialAction":[{"@type":"SearchAction","target":{"@type":"EntryPoint","urlTemplate":"https:\/\/powderblue-seahorse-496884.hostingersite.com\/?s={search_term_string}"},"query-input":{"@type":"PropertyValueSpecification","valueRequired":true,"valueName":"search_term_string"}}],"inLanguage":"cs"}]}},"_links":{"self":[{"href":"https:\/\/forbabyboss.com\/cs\/wp-json\/wp\/v2\/product\/5719","targetHints":{"allow":["GET"]}}],"collection":[{"href":"https:\/\/forbabyboss.com\/cs\/wp-json\/wp\/v2\/product"}],"about":[{"href":"https:\/\/forbabyboss.com\/cs\/wp-json\/wp\/v2\/types\/product"}],"wp:featuredmedia":[{"embeddable":true,"href":"https:\/\/forbabyboss.com\/cs\/wp-json\/wp\/v2\/media\/5721"}],"wp:attachment":[{"href":"https:\/\/forbabyboss.com\/cs\/wp-json\/wp\/v2\/media?parent=5719"}],"wp:term":[{"taxonomy":"product_brand","embeddable":true,"href":"https:\/\/forbabyboss.com\/cs\/wp-json\/wp\/v2\/product_brand?post=5719"},{"taxonomy":"product_cat","embeddable":true,"href":"https:\/\/forbabyboss.com\/cs\/wp-json\/wp\/v2\/product_cat?post=5719"},{"taxonomy":"product_tag","embeddable":true,"href":"https:\/\/forbabyboss.com\/cs\/wp-json\/wp\/v2\/product_tag?post=5719"}],"curies":[{"name":"wp","href":"https:\/\/api.w.org\/{rel}","templated":true}]}}