{"id":5763,"date":"2022-09-15T08:55:07","date_gmt":"2022-09-15T08:55:07","guid":{"rendered":"http:\/\/forbabyboss.com\/?post_type=product&#038;p=5763"},"modified":"2026-02-21T11:01:12","modified_gmt":"2026-02-21T11:01:12","slug":"skladaci-kocarek-3v1-pro-novorozence-cerna-edice-ruzova","status":"publish","type":"product","link":"https:\/\/forbabyboss.com\/cs\/product\/foldable-3in1-newborn-baby-pushchair-stroller-black-edition-pink\/","title":{"rendered":"Skl\u00e1dac\u00ed ko\u010d\u00e1rek pro novorozence 3v1, \u010dern\u00e1 edice \u2013 r\u016f\u017eov\u00e1"},"content":{"rendered":"<div style=\"width: 1020px;\" class=\"wp-video\"><video class=\"wp-video-shortcode\" id=\"video-5763-1\" width=\"1020\" height=\"574\" preload=\"metadata\" controls=\"controls\"><source type=\"video\/mp4\" src=\"http:\/\/forbabyboss.com\/wp-content\/uploads\/2022\/09\/Lazzio.mp4?_=1\" \/><a href=\"http:\/\/forbabyboss.com\/wp-content\/uploads\/2022\/09\/Lazzio.mp4\">http:\/\/forbabyboss.com\/wp-content\/uploads\/2022\/09\/Lazzio.mp4<\/a><\/video><\/div>\n<p style=\"text-align: justify;\"><strong><span style=\"color: #282828;\">MATA \u2013 modern\u00ed a funk\u010dn\u00ed d\u011btsk\u00fd ko\u010d\u00e1rek, kter\u00fd poskytuje v\u011bt\u0161\u00ed pot\u011b\u0161en\u00ed p\u0159i ch\u016fzi a inovativn\u00ed design dod\u00e1v\u00e1 pocit jedine\u010dnosti.<\/span><\/strong><br \/>\n<strong><span style=\"color: #282828;\">Ko\u010d\u00e1rek je vhodn\u00fd pro d\u011bti od 6 do 36 m\u011bs\u00edc\u016f. Lehk\u00fd r\u00e1m a praktick\u00e9 konstruk\u010dn\u00ed \u0159e\u0161en\u00ed d\u011blaj\u00ed pou\u017e\u00edv\u00e1n\u00ed ko\u010d\u00e1rku je\u0161t\u011b pohodln\u011bj\u0161\u00edm.<\/span><\/strong><\/p>\n<p style=\"text-align: justify;\"><strong><span style=\"color: #282828;\">\u2022 Jednol\u016f\u017ekov\u00fd ko\u010d\u00e1rek pro d\u011bti o hmotnosti 1 a\u017e 15 kg<\/span><\/strong><br \/>\n<strong><span style=\"color: #282828;\">\u2022 M\u00e1 certifikaci TUV NORD, kter\u00e1 zaru\u010duje nejvy\u0161\u0161\u00ed kvalitu a bezpe\u010dnost pro va\u0161e d\u00edt\u011b.<\/span><\/strong><br \/>\n<strong><span style=\"color: #282828;\">\u2022 Ko\u010d\u00e1rek spl\u0148uje nejnov\u011bj\u0161\u00ed p\u0159\u00edsnou bezpe\u010dnostn\u00ed normu EN 1888-1:2019<\/span><\/strong><\/p>\n<h2 style=\"text-align: justify;\"><span style=\"color: #e14d43;\"><strong>Sada obsahuje:<\/strong><\/span><\/h2>\n<p style=\"text-align: justify;\"><strong><span style=\"color: #282828;\">\u2022r\u00e1m ko\u010d\u00e1rku<\/span><\/strong><br \/>\n<strong><span style=\"color: #282828;\">\u2022 korbi\u010dka<\/span><\/strong><br \/>\n<strong><span style=\"color: #282828;\">\u2022 sportovn\u00ed sedadlo<\/span><\/strong><br \/>\n<strong><span style=\"color: #282828;\">\u2022 ta\u0161ka p\u0159es rameno<\/span><\/strong><br \/>\n<strong><span style=\"color: #282828;\">\u2022autoseda\u010dka (pouze v sad\u011b 3 v 1)<\/span><\/strong><br \/>\n<strong><span style=\"color: #282828;\">\u2022 nav\u00edc: pl\u00e1\u0161t\u011bnka, moskyti\u00e9ra, n\u00e1kupn\u00ed ko\u0161\u00edk<\/span><\/strong><\/p>\n<h2 style=\"text-align: justify;\"><span style=\"color: #e14d43;\"><strong>R\u00e1m Prame:<\/strong><\/span><\/h2>\n<p style=\"text-align: justify;\"><strong><span style=\"color: #282828;\">\u2022hlin\u00edkov\u00fd r\u00e1m \u2013 lehk\u00fd a odoln\u00fd<\/span><\/strong><br \/>\n<strong><span style=\"color: #282828;\">\u2022 oto\u010dn\u00e1, bezprobl\u00e9mov\u00e1 gelov\u00e1 kole\u010dka \u2013 nehroz\u00ed prop\u00edchnut\u00ed<\/span><\/strong><br \/>\n<strong><span style=\"color: #282828;\">\u2022 lo\u017eiska v kole\u010dk\u00e1ch usnad\u0148uj\u00ed tla\u010den\u00ed ko\u010d\u00e1rku<\/span><\/strong><br \/>\n<strong><span style=\"color: #282828;\">\u2022 nastaviteln\u00e1 v\u00fd\u0161ka rukojeti<\/span><\/strong><br \/>\n<strong><span style=\"color: #282828;\">\u2022 tlumen\u00e9 zadn\u00ed odpru\u017een\u00ed \u2013 poskytuje pohodl\u00ed p\u0159i ka\u017ed\u00e9 ch\u016fzi<\/span><\/strong><br \/>\n<strong><span style=\"color: #282828;\">\u2022kompaktn\u00ed velikost po slo\u017een\u00ed<\/span><\/strong><br \/>\n<strong><span style=\"color: #282828;\">\u2022 jednoduch\u00fd syst\u00e9m pro p\u0159ipevn\u011bn\u00ed a odepnut\u00ed korbi\u010dky, sportovn\u00ed seda\u010dky a autoseda\u010dky<\/span><\/strong><br \/>\n<strong><span style=\"color: #282828;\">\u2022 vybaven centr\u00e1ln\u00ed brzdou pro stabilitu \u2022 dodate\u010dn\u00e9 bo\u010dn\u00ed odpru\u017een\u00ed r\u00e1mu ko\u010d\u00e1rku umo\u017e\u0148uje aretaci, co\u017e umo\u017e\u0148uje je\u0161t\u011b lep\u0161\u00ed tlumen\u00ed n\u00e1raz\u016f p\u0159i tla\u010den\u00ed a p\u0159\u00edjemn\u00e9 houp\u00e1n\u00ed va\u0161eho d\u00edt\u011bte<\/span><\/strong><\/p>\n<h2 style=\"text-align: justify;\"><span style=\"color: #e14d43;\"><strong>P\u0159enosn\u00e1 korba:<\/strong><\/span><\/h2>\n<p style=\"text-align: justify;\"><strong><span style=\"color: #282828;\">\u2022 velk\u00e1 korbi\u010dka, kterou lze pou\u017e\u00edt jako kol\u00e9bku<\/span><\/strong><br \/>\n<strong><span style=\"color: #282828;\">\u2022 vybavena odn\u00edmateln\u00fdm krytem nohou \u2013 chr\u00e1n\u00ed va\u0161e d\u00edt\u011b p\u0159ed nep\u0159\u00edzniv\u00fdm po\u010das\u00edm<\/span><\/strong><br \/>\n<strong><span style=\"color: #282828;\">\u2022 ergonomick\u00e1 rukoje\u0165 \u2013 usnad\u0148uje p\u0159en\u00e1\u0161en\u00ed korbi\u010dky<\/span><\/strong><br \/>\n<strong><span style=\"color: #282828;\">\u2022 elastick\u00e1 matrace a m\u011bkk\u00e9 polstrov\u00e1n\u00ed korbi\u010dky<\/span><\/strong><br \/>\n<strong><span style=\"color: #282828;\">\u2022 nastaviteln\u00e1 op\u011brka hlavy<\/span><\/strong><br \/>\n<strong><span style=\"color: #282828;\">\u2022 v\u011btr\u00e1n\u00ed v prostoru korbi\u010dky zaji\u0161\u0165uje \u010derstv\u00fd vzduch a zabra\u0148uje p\u0159eh\u0159\u00e1t\u00ed d\u00edt\u011bte<\/span><\/strong><\/p>\n<h2 style=\"text-align: justify;\"><span style=\"color: #e14d43;\"><strong>Sportovn\u00ed sedadlo:<\/strong><\/span><\/h2>\n<p style=\"text-align: justify;\"><strong><span style=\"color: #282828;\">\u2022 mo\u017en\u00e1 je instalace vp\u0159edu i vzadu<\/span><\/strong><br \/>\n<strong><span style=\"color: #282828;\">\u2022 p\u011btibodov\u00e9 nastaviteln\u00e9 bezpe\u010dnostn\u00ed p\u00e1sy<\/span><\/strong><br \/>\n<strong><span style=\"color: #282828;\">\u2022 odn\u00edmateln\u00e1 bari\u00e9ra pota\u017een\u00e1 ekok\u016f\u017e\u00ed<\/span><\/strong><br \/>\n<strong><span style=\"color: #282828;\">\u2022 praktick\u00e1 nastaviteln\u00e1 op\u011brka nohou<\/span><\/strong><br \/>\n<strong><span style=\"color: #282828;\">\u2022 v\u011btrac\u00ed ok\u00e9nko na zadn\u00ed stran\u011b st\u0159\u00ed\u0161ky<\/span><\/strong><br \/>\n<strong><span style=\"color: #282828;\">\u2022kompaktn\u00ed velikost po slo\u017een\u00ed<\/span><\/strong><br \/>\n<strong><span style=\"color: #282828;\">\u2022 nastaven\u00ed op\u011brky zad \u2013 a\u017e do vodorovn\u00e9 polohy, nejzdrav\u011bj\u0161\u00ed polohy pro va\u0161e d\u00edt\u011b p\u0159i span\u00ed<\/span><\/strong><br \/>\n<strong><span style=\"color: #282828;\">\u2022 nastaviteln\u00e1 st\u0159\u00ed\u0161ka, kterou lze odejmout<\/span><\/strong><br \/>\n<strong><span style=\"color: #282828;\">\u2022 odn\u00edmateln\u00fd kryt nohou \u2013 chr\u00e1n\u00ed va\u0161e d\u00edt\u011b p\u0159ed nep\u0159\u00edzniv\u00fdm po\u010das\u00edm<\/span><\/strong><\/p>\n<p>&nbsp;<\/p>\n<p><a href=\"http:\/\/forbabyboss.com\/wp-content\/uploads\/2022\/09\/checkout.png\"><img loading=\"lazy\" decoding=\"async\" class=\"alignnone wp-image-5965\" src=\"http:\/\/forbabyboss.com\/wp-content\/uploads\/2022\/09\/checkout.png\" alt=\"\" width=\"967\" height=\"356\" srcset=\"https:\/\/forbabyboss.com\/wp-content\/uploads\/2022\/09\/checkout.png 750w, https:\/\/forbabyboss.com\/wp-content\/uploads\/2022\/09\/checkout-600x221.png 600w\" sizes=\"auto, (max-width: 967px) 100vw, 967px\" \/><\/a><\/p>\n<p style=\"text-align: justify;\">","protected":false},"excerpt":{"rendered":"<p><a href=\"http:\/\/forbabyboss.com\/wp-content\/uploads\/2022\/09\/Star-Rating-5.png\"><img loading=\"lazy\" decoding=\"async\" class=\"alignnone size-full wp-image-5973 aligncenter\" src=\"http:\/\/forbabyboss.com\/wp-content\/uploads\/2022\/09\/Star-Rating-5.png\" alt=\"\" width=\"275\" height=\"45\" \/><\/a><\/p>\n<p style=\"text-align: center;\"><span style=\"color: #ed1c24; font-size: 120%;\"><b>GARANCE SHODU CEN<\/b><\/span><\/p>\n<p style=\"text-align: center;\"><span style=\"font-size: 115%;\"><span style=\"font-weight: 400; color: #4f4fa7;\">Doprava zdarma<\/span><span style=\"font-weight: 400;\"> \u2013 2 \u2013 7 dn\u00ed<\/span><\/span><\/p>\n<p style=\"text-align: center;\"><strong><span style=\"color: #29606b;\">D\u00e1rek zdarma k n\u00e1kupu nad 100 GBP<\/span><\/strong><\/p>","protected":false},"featured_media":5764,"template":"","meta":[],"product_brand":[577],"product_cat":[337,339,156,305,215,130,209,211],"product_tag":[202,199],"class_list":{"0":"post-5763","1":"product","2":"type-product","3":"status-publish","4":"has-post-thumbnail","6":"product_brand-kunert","7":"product_cat-500-to-600","8":"product_cat-700-to-800","9":"product_cat-3-in-1","10":"product_cat-colour","11":"product_cat-pink","12":"product_cat-prams","13":"product_cat-push-chairs","14":"product_cat-stroller","15":"product_tag-3-in-1-pram","16":"product_tag-prams","18":"first","19":"instock","20":"sale","21":"shipping-taxable","22":"purchasable","23":"product-type-simple"},"yoast_head":"<!-- This site is optimized with the Yoast SEO plugin v27.5 - https:\/\/yoast.com\/product\/yoast-seo-wordpress\/ -->\n<title>Foldable 3in1 Newborn Baby Pushchair Stroller Black Edition - Pink - For Baby Boss<\/title>\n<meta name=\"description\" content=\"Foldable 3in1 Newborn Baby Pushchair Stroller Black Edition - Pink\" \/>\n<meta name=\"robots\" content=\"index, follow, max-snippet:-1, max-image-preview:large, max-video-preview:-1\" \/>\n<link rel=\"canonical\" href=\"https:\/\/forbabyboss.com\/cs\/product\/skladaci-kocarek-3v1-pro-novorozence-cerna-edice-ruzova\/\" \/>\n<meta property=\"og:locale\" content=\"cs_CZ\" \/>\n<meta property=\"og:type\" content=\"article\" \/>\n<meta property=\"og:title\" content=\"Foldable 3in1 Newborn Baby Pushchair Stroller Black Edition - Pink - For Baby Boss\" \/>\n<meta property=\"og:description\" content=\"Foldable 3in1 Newborn Baby Pushchair Stroller Black Edition - Pink\" \/>\n<meta property=\"og:url\" content=\"https:\/\/forbabyboss.com\/cs\/product\/skladaci-kocarek-3v1-pro-novorozence-cerna-edice-ruzova\/\" \/>\n<meta property=\"og:site_name\" content=\"For Baby Boss\" \/>\n<meta property=\"article:modified_time\" content=\"2026-02-21T11:01:12+00:00\" \/>\n<meta property=\"og:image\" content=\"https:\/\/forbabyboss.com\/wp-content\/uploads\/2022\/09\/Baby-Buggy-Pram-Foldable-3-in-1-Travel-System-Car-Seat-Pushchair-Black-Edition-Pink-main.jpg\" \/>\n\t<meta property=\"og:image:width\" content=\"1600\" \/>\n\t<meta property=\"og:image:height\" content=\"1600\" \/>\n\t<meta property=\"og:image:type\" content=\"image\/jpeg\" \/>\n<meta name=\"twitter:card\" content=\"summary_large_image\" \/>\n<meta name=\"twitter:label1\" content=\"Odhadovan\u00e1 doba \u010dten\u00ed\" \/>\n\t<meta name=\"twitter:data1\" content=\"2 minuty\" \/>\n<script type=\"application\/ld+json\" class=\"yoast-schema-graph\">{\"@context\":\"https:\\\/\\\/schema.org\",\"@graph\":[{\"@type\":\"WebPage\",\"@id\":\"https:\\\/\\\/forbabyboss.com\\\/product\\\/foldable-3in1-newborn-baby-pushchair-stroller-black-edition-pink\\\/\",\"url\":\"https:\\\/\\\/forbabyboss.com\\\/product\\\/foldable-3in1-newborn-baby-pushchair-stroller-black-edition-pink\\\/\",\"name\":\"Foldable 3in1 Newborn Baby Pushchair Stroller Black Edition - Pink - For Baby Boss\",\"isPartOf\":{\"@id\":\"https:\\\/\\\/powderblue-seahorse-496884.hostingersite.com\\\/#website\"},\"primaryImageOfPage\":{\"@id\":\"https:\\\/\\\/forbabyboss.com\\\/product\\\/foldable-3in1-newborn-baby-pushchair-stroller-black-edition-pink\\\/#primaryimage\"},\"image\":{\"@id\":\"https:\\\/\\\/forbabyboss.com\\\/product\\\/foldable-3in1-newborn-baby-pushchair-stroller-black-edition-pink\\\/#primaryimage\"},\"thumbnailUrl\":\"https:\\\/\\\/forbabyboss.com\\\/wp-content\\\/uploads\\\/2022\\\/09\\\/Baby-Buggy-Pram-Foldable-3-in-1-Travel-System-Car-Seat-Pushchair-Black-Edition-Pink-main.jpg\",\"datePublished\":\"2022-09-15T08:55:07+00:00\",\"dateModified\":\"2026-02-21T11:01:12+00:00\",\"description\":\"Foldable 3in1 Newborn Baby Pushchair Stroller Black Edition - Pink\",\"breadcrumb\":{\"@id\":\"https:\\\/\\\/forbabyboss.com\\\/product\\\/foldable-3in1-newborn-baby-pushchair-stroller-black-edition-pink\\\/#breadcrumb\"},\"inLanguage\":\"cs\",\"potentialAction\":[{\"@type\":\"ReadAction\",\"target\":[\"https:\\\/\\\/forbabyboss.com\\\/product\\\/foldable-3in1-newborn-baby-pushchair-stroller-black-edition-pink\\\/\"]}]},{\"@type\":\"ImageObject\",\"inLanguage\":\"cs\",\"@id\":\"https:\\\/\\\/forbabyboss.com\\\/product\\\/foldable-3in1-newborn-baby-pushchair-stroller-black-edition-pink\\\/#primaryimage\",\"url\":\"https:\\\/\\\/forbabyboss.com\\\/wp-content\\\/uploads\\\/2022\\\/09\\\/Baby-Buggy-Pram-Foldable-3-in-1-Travel-System-Car-Seat-Pushchair-Black-Edition-Pink-main.jpg\",\"contentUrl\":\"https:\\\/\\\/forbabyboss.com\\\/wp-content\\\/uploads\\\/2022\\\/09\\\/Baby-Buggy-Pram-Foldable-3-in-1-Travel-System-Car-Seat-Pushchair-Black-Edition-Pink-main.jpg\",\"width\":1600,\"height\":1600},{\"@type\":\"BreadcrumbList\",\"@id\":\"https:\\\/\\\/forbabyboss.com\\\/product\\\/foldable-3in1-newborn-baby-pushchair-stroller-black-edition-pink\\\/#breadcrumb\",\"itemListElement\":[{\"@type\":\"ListItem\",\"position\":1,\"name\":\"Home\",\"item\":\"https:\\\/\\\/forbabyboss.com\\\/\"},{\"@type\":\"ListItem\",\"position\":2,\"name\":\"Shop\",\"item\":\"https:\\\/\\\/forbabyboss.com\\\/shop\\\/\"},{\"@type\":\"ListItem\",\"position\":3,\"name\":\"Foldable 3in1 Newborn Baby Pushchair Stroller Black Edition &#8211; Pink\"}]},{\"@type\":\"WebSite\",\"@id\":\"https:\\\/\\\/powderblue-seahorse-496884.hostingersite.com\\\/#website\",\"url\":\"https:\\\/\\\/powderblue-seahorse-496884.hostingersite.com\\\/\",\"name\":\"For Baby Boss\",\"description\":\"Beautiful gifts and accessories for your baby boss\",\"potentialAction\":[{\"@type\":\"SearchAction\",\"target\":{\"@type\":\"EntryPoint\",\"urlTemplate\":\"https:\\\/\\\/powderblue-seahorse-496884.hostingersite.com\\\/?s={search_term_string}\"},\"query-input\":{\"@type\":\"PropertyValueSpecification\",\"valueRequired\":true,\"valueName\":\"search_term_string\"}}],\"inLanguage\":\"cs\"}]}<\/script>\n<!-- \/ Yoast SEO plugin. -->","yoast_head_json":{"title":"Skl\u00e1dac\u00ed ko\u010d\u00e1rek 3v1 pro novorozence, \u010dern\u00e1 edice - r\u016f\u017eov\u00e1 - pro Baby Boss","description":"Skl\u00e1dac\u00ed ko\u010d\u00e1rek pro novorozence 3v1, \u010dern\u00e1 edice - r\u016f\u017eov\u00e1","robots":{"index":"index","follow":"follow","max-snippet":"max-snippet:-1","max-image-preview":"max-image-preview:large","max-video-preview":"max-video-preview:-1"},"canonical":"https:\/\/forbabyboss.com\/cs\/product\/skladaci-kocarek-3v1-pro-novorozence-cerna-edice-ruzova\/","og_locale":"cs_CZ","og_type":"article","og_title":"Foldable 3in1 Newborn Baby Pushchair Stroller Black Edition - Pink - For Baby Boss","og_description":"Foldable 3in1 Newborn Baby Pushchair Stroller Black Edition - Pink","og_url":"https:\/\/forbabyboss.com\/cs\/product\/skladaci-kocarek-3v1-pro-novorozence-cerna-edice-ruzova\/","og_site_name":"For Baby Boss","article_modified_time":"2026-02-21T11:01:12+00:00","og_image":[{"width":1600,"height":1600,"url":"https:\/\/forbabyboss.com\/wp-content\/uploads\/2022\/09\/Baby-Buggy-Pram-Foldable-3-in-1-Travel-System-Car-Seat-Pushchair-Black-Edition-Pink-main.jpg","type":"image\/jpeg"}],"twitter_card":"summary_large_image","twitter_misc":{"Odhadovan\u00e1 doba \u010dten\u00ed":"2 minuty"},"schema":{"@context":"https:\/\/schema.org","@graph":[{"@type":"WebPage","@id":"https:\/\/forbabyboss.com\/product\/foldable-3in1-newborn-baby-pushchair-stroller-black-edition-pink\/","url":"https:\/\/forbabyboss.com\/product\/foldable-3in1-newborn-baby-pushchair-stroller-black-edition-pink\/","name":"Skl\u00e1dac\u00ed ko\u010d\u00e1rek 3v1 pro novorozence, \u010dern\u00e1 edice - r\u016f\u017eov\u00e1 - pro Baby Boss","isPartOf":{"@id":"https:\/\/powderblue-seahorse-496884.hostingersite.com\/#website"},"primaryImageOfPage":{"@id":"https:\/\/forbabyboss.com\/product\/foldable-3in1-newborn-baby-pushchair-stroller-black-edition-pink\/#primaryimage"},"image":{"@id":"https:\/\/forbabyboss.com\/product\/foldable-3in1-newborn-baby-pushchair-stroller-black-edition-pink\/#primaryimage"},"thumbnailUrl":"https:\/\/forbabyboss.com\/wp-content\/uploads\/2022\/09\/Baby-Buggy-Pram-Foldable-3-in-1-Travel-System-Car-Seat-Pushchair-Black-Edition-Pink-main.jpg","datePublished":"2022-09-15T08:55:07+00:00","dateModified":"2026-02-21T11:01:12+00:00","description":"Skl\u00e1dac\u00ed ko\u010d\u00e1rek pro novorozence 3v1, \u010dern\u00e1 edice - r\u016f\u017eov\u00e1","breadcrumb":{"@id":"https:\/\/forbabyboss.com\/product\/foldable-3in1-newborn-baby-pushchair-stroller-black-edition-pink\/#breadcrumb"},"inLanguage":"cs","potentialAction":[{"@type":"ReadAction","target":["https:\/\/forbabyboss.com\/product\/foldable-3in1-newborn-baby-pushchair-stroller-black-edition-pink\/"]}]},{"@type":"ImageObject","inLanguage":"cs","@id":"https:\/\/forbabyboss.com\/product\/foldable-3in1-newborn-baby-pushchair-stroller-black-edition-pink\/#primaryimage","url":"https:\/\/forbabyboss.com\/wp-content\/uploads\/2022\/09\/Baby-Buggy-Pram-Foldable-3-in-1-Travel-System-Car-Seat-Pushchair-Black-Edition-Pink-main.jpg","contentUrl":"https:\/\/forbabyboss.com\/wp-content\/uploads\/2022\/09\/Baby-Buggy-Pram-Foldable-3-in-1-Travel-System-Car-Seat-Pushchair-Black-Edition-Pink-main.jpg","width":1600,"height":1600},{"@type":"BreadcrumbList","@id":"https:\/\/forbabyboss.com\/product\/foldable-3in1-newborn-baby-pushchair-stroller-black-edition-pink\/#breadcrumb","itemListElement":[{"@type":"ListItem","position":1,"name":"Home","item":"https:\/\/forbabyboss.com\/"},{"@type":"ListItem","position":2,"name":"Shop","item":"https:\/\/forbabyboss.com\/shop\/"},{"@type":"ListItem","position":3,"name":"Foldable 3in1 Newborn Baby Pushchair Stroller Black Edition &#8211; Pink"}]},{"@type":"WebSite","@id":"https:\/\/powderblue-seahorse-496884.hostingersite.com\/#website","url":"https:\/\/powderblue-seahorse-496884.hostingersite.com\/","name":"Pro Baby Boss","description":"Kr\u00e1sn\u00e9 d\u00e1rky a dopl\u0148ky pro va\u0161eho \u0161\u00e9fa","potentialAction":[{"@type":"SearchAction","target":{"@type":"EntryPoint","urlTemplate":"https:\/\/powderblue-seahorse-496884.hostingersite.com\/?s={search_term_string}"},"query-input":{"@type":"PropertyValueSpecification","valueRequired":true,"valueName":"search_term_string"}}],"inLanguage":"cs"}]}},"_links":{"self":[{"href":"https:\/\/forbabyboss.com\/cs\/wp-json\/wp\/v2\/product\/5763","targetHints":{"allow":["GET"]}}],"collection":[{"href":"https:\/\/forbabyboss.com\/cs\/wp-json\/wp\/v2\/product"}],"about":[{"href":"https:\/\/forbabyboss.com\/cs\/wp-json\/wp\/v2\/types\/product"}],"wp:featuredmedia":[{"embeddable":true,"href":"https:\/\/forbabyboss.com\/cs\/wp-json\/wp\/v2\/media\/5764"}],"wp:attachment":[{"href":"https:\/\/forbabyboss.com\/cs\/wp-json\/wp\/v2\/media?parent=5763"}],"wp:term":[{"taxonomy":"product_brand","embeddable":true,"href":"https:\/\/forbabyboss.com\/cs\/wp-json\/wp\/v2\/product_brand?post=5763"},{"taxonomy":"product_cat","embeddable":true,"href":"https:\/\/forbabyboss.com\/cs\/wp-json\/wp\/v2\/product_cat?post=5763"},{"taxonomy":"product_tag","embeddable":true,"href":"https:\/\/forbabyboss.com\/cs\/wp-json\/wp\/v2\/product_tag?post=5763"}],"curies":[{"name":"wp","href":"https:\/\/api.w.org\/{rel}","templated":true}]}}