{"id":5944,"date":"2022-09-15T14:37:43","date_gmt":"2022-09-15T14:37:43","guid":{"rendered":"http:\/\/forbabyboss.com\/?post_type=product&#038;p=5944"},"modified":"2026-02-21T10:41:59","modified_gmt":"2026-02-21T10:41:59","slug":"kocarek-papousci-v-tropech-cestovni-system-3-v-1-isofixova-zakladna-pro-novorozence","status":"publish","type":"product","link":"https:\/\/forbabyboss.com\/cs\/product\/parrots-in-the-tropics-pram-3in1-travel-system-isofix-base-for-newborn\/","title":{"rendered":"Cestovn\u00ed syst\u00e9m Parrots In the Tropics Pram 3v1 s Isofixovou z\u00e1kladnou pro novorozence"},"content":{"rendered":"<h3 style=\"font-weight: 400; text-align: justify;\"><span style=\"color: #e14d43;\"><strong>Vlastnosti:<\/strong><\/span><\/h3>\n<ul style=\"text-align: justify;\">\n<li style=\"font-weight: 400;\"><strong><span style=\"color: #282828;\">Re\u017eim po sm\u011bru j\u00edzdy a proti sm\u011bru j\u00edzdy<\/span><\/strong><\/li>\n<li style=\"font-weight: 400;\"><strong><span style=\"color: #282828;\">s\u00ed\u0165ovan\u00e9 ok\u00e9nko v zadn\u00ed \u010d\u00e1sti kapuce<\/span><\/strong><\/li>\n<li style=\"font-weight: 400;\"><strong><span style=\"color: #282828;\">Gondola m\u00e1 m\u011bkkou pod\u0161\u00edvku, kterou lze vyjmout a vyprat<\/span><\/strong><\/li>\n<li style=\"font-weight: 400;\"><strong><span style=\"color: #282828;\">kryt gondoly lze zvednout a vytvo\u0159it tak lapa\u010d v\u011btru<\/span><\/strong><\/li>\n<li style=\"font-weight: 400;\"><strong><span style=\"color: #282828;\">prodlou\u017een\u00e1 kapuce<\/span><\/strong><\/li>\n<li style=\"font-weight: 400;\"><strong><span style=\"color: #282828;\">ko\u010d\u00e1rek je vybaven 5bodov\u00fdmi bezpe\u010dnostn\u00edmi p\u00e1sy<\/span><\/strong><\/li>\n<li style=\"font-weight: 400;\"><strong><span style=\"color: #282828;\">Op\u011brka nohou a bezpe\u010dnostn\u00ed madlo pota\u017een\u00e9 ekok\u016f\u017e\u00ed<\/span><\/strong><\/li>\n<li style=\"font-weight: 400;\"><strong><span style=\"color: #282828;\">V\u00edce\u00farov\u0148ov\u00e1 nastaviteln\u00e1 rukoje\u0165<\/span><\/strong><\/li>\n<li style=\"font-weight: 400;\"><strong><span style=\"color: #282828;\">Nastaviteln\u00e9 odpru\u017een\u00ed<\/span><\/strong><\/li>\n<li style=\"font-weight: 400;\"><strong><span style=\"color: #282828;\">Nastaviteln\u00e1 op\u011brka nohou a zad<\/span><\/strong><\/li>\n<li style=\"font-weight: 400;\"><strong><span style=\"color: #282828;\">Robustn\u00ed r\u00e1m<\/span><\/strong><\/li>\n<li style=\"font-weight: 400;\"><strong><span style=\"color: #282828;\">Centr\u00e1ln\u00ed brzda EASY STOP<\/span><\/strong><\/li>\n<li style=\"font-weight: 400;\"><strong><span style=\"color: #282828;\">Velk\u00fd n\u00e1kupn\u00ed ko\u0161\u00edk<\/span><\/strong><\/li>\n<\/ul>\n<h3 style=\"font-weight: 400; text-align: justify;\"><strong><span style=\"color: #e14d43;\">Vlastnosti autoseda\u010dky:<\/span><\/strong><\/h3>\n<ul style=\"text-align: justify;\">\n<li style=\"font-weight: 400;\"><strong><span style=\"color: #282828;\">p\u0159\u00eddavn\u00e1 vlo\u017eka pro kojence<\/span><\/strong><\/li>\n<li style=\"font-weight: 400;\"><strong><span style=\"color: #282828;\">nastaviteln\u00e1 rukoje\u0165<\/span><\/strong><\/li>\n<li style=\"font-weight: 400;\"><strong><span style=\"color: #282828;\">pokr\u00fdt<\/span><\/strong><\/li>\n<li style=\"font-weight: 400;\"><strong><span style=\"color: #282828;\">odn\u00edmateln\u00e1 kapuce<\/span><\/strong><\/li>\n<li style=\"font-weight: 400;\"><strong><span style=\"color: #282828;\">3bodov\u00e9 bezpe\u010dnostn\u00ed p\u00e1sy<\/span><\/strong><\/li>\n<\/ul>\n<h3 style=\"text-align: justify;\"><strong><span style=\"color: #e14d43;\">Za\u0159\u00edzen\u00ed:<\/span><\/strong><\/h3>\n<ul style=\"text-align: justify;\">\n<li style=\"font-weight: 400;\"><strong><span style=\"color: #282828;\">r\u00e1m s rukojet\u00ed z eko k\u016f\u017ee<\/span><\/strong><\/li>\n<li style=\"font-weight: 400;\"><strong><span style=\"color: #282828;\">gondola s nastaviteln\u00fdm op\u011bradlem<\/span><\/strong><\/li>\n<li style=\"font-weight: 400;\"><strong><span style=\"color: #282828;\">ko\u010d\u00e1rek<\/span><\/strong><\/li>\n<li style=\"font-weight: 400;\"><strong><span style=\"color: #282828;\">dva kryty (na ko\u010d\u00e1rek a gondolu)<\/span><\/strong><\/li>\n<li style=\"font-weight: 400;\"><strong><span style=\"color: #282828;\">multifunk\u010dn\u00ed autoseda\u010dka s adapt\u00e9ry<\/span><\/strong><\/li>\n<li style=\"font-weight: 400;\"><strong><span style=\"color: #282828;\">pl\u00e1\u0161t\u011bnka<\/span><\/strong><\/li>\n<li style=\"font-weight: 400;\"><strong><span style=\"color: #282828;\">moskyti\u00e9ra<\/span><\/strong><\/li>\n<li style=\"font-weight: 400;\"><strong><span style=\"color: #282828;\">oto\u010dn\u00e1 kola pln\u011bn\u00e1 vzduchem<\/span><\/strong><\/li>\n<li style=\"font-weight: 400;\"><strong><span style=\"color: #282828;\">velk\u00e1 kapsa na zadn\u00ed stran\u011b ta\u0161ky a dv\u011b mal\u00e9 po stran\u00e1ch<\/span><\/strong><\/li>\n<\/ul>\n<p style=\"font-weight: 400; text-align: justify;\"><strong><span style=\"color: #282828;\">Slo\u017een\u00fd r\u00e1m s koly (d\u00e9lka x \u0161\u00ed\u0159ka x v\u00fd\u0161ka): 85x60x40cm<\/span><\/strong><\/p>\n<p style=\"font-weight: 400; text-align: justify;\"><strong><span style=\"color: #282828;\">Sestaven\u00fd ko\u010d\u00e1rek (v\u00fd\u0161ka x \u0161\u00ed\u0159ka x d\u00e9lka): 115x60x95cm<\/span><\/strong><\/p>\n<p style=\"font-weight: 400; text-align: justify;\"><strong><span style=\"color: #282828;\">Vnit\u0159n\u00ed rozm\u011bry gondoly (\u0161\u00ed\u0159ka x d\u00e9lka x v\u00fd\u0161ka): 36x80x20cm<\/span><\/strong><\/p>\n<p style=\"font-weight: 400; text-align: justify;\"><strong><span style=\"color: #282828;\">Vnit\u0159n\u00ed rozm\u011bry ko\u010d\u00e1rku (\u0161\u00ed\u0159ka x d\u00e9lka op\u011bradla x d\u00e9lka sed\u00e1ku x d\u00e9lka podno\u017eky): 34x48x26x23 cm<\/span><\/strong><\/p>\n<p style=\"font-weight: 400; text-align: justify;\"><strong><span style=\"color: #282828;\">R\u00e1m s kole\u010dky: 10 kg<\/span><\/strong><\/p>\n<p style=\"font-weight: 400; text-align: justify;\"><strong><span style=\"color: #282828;\">Ko\u010d\u00e1rek: 15 kg<\/span><\/strong><\/p>\n<p style=\"font-weight: 400; text-align: justify;\"><strong><span style=\"color: #282828;\">Hlubok\u00fd ko\u010d\u00e1rek: 16 kg<\/span><\/strong><\/p>\n<p style=\"font-weight: 400; text-align: justify;\"><strong><span style=\"color: #282828;\">Rozsah regulace rukojeti: 70 cm a\u017e 115 cm<\/span><\/strong><\/p>\n<p style=\"font-weight: 400; text-align: justify;\"><strong><span style=\"color: #282828;\">12m\u011bs\u00ed\u010dn\u00ed z\u00e1ruka<\/span><\/strong><\/p>\n<p>&nbsp;<\/p>\n<p><strong><a href=\"http:\/\/forbabyboss.com\/wp-content\/uploads\/2022\/09\/checkout.png\"><img loading=\"lazy\" decoding=\"async\" class=\"alignnone wp-image-5965\" src=\"http:\/\/forbabyboss.com\/wp-content\/uploads\/2022\/09\/checkout.png\" alt=\"\" width=\"1000\" height=\"368\" srcset=\"https:\/\/forbabyboss.com\/wp-content\/uploads\/2022\/09\/checkout.png 750w, https:\/\/forbabyboss.com\/wp-content\/uploads\/2022\/09\/checkout-600x221.png 600w\" sizes=\"auto, (max-width: 1000px) 100vw, 1000px\" \/><\/a><\/strong><\/p>","protected":false},"excerpt":{"rendered":"<p><a href=\"http:\/\/forbabyboss.com\/wp-content\/uploads\/2022\/09\/Star-Rating-5.png\"><img loading=\"lazy\" decoding=\"async\" class=\"alignnone size-full wp-image-5973 aligncenter\" src=\"http:\/\/forbabyboss.com\/wp-content\/uploads\/2022\/09\/Star-Rating-5.png\" alt=\"\" width=\"275\" height=\"45\" \/><\/a><\/p>\n<p style=\"text-align: center;\"><span style=\"color: #ed1c24; font-size: 120%;\"><b>GARANCE SHODU CEN<\/b><\/span><\/p>\n<p style=\"text-align: center;\"><span style=\"font-size: 115%;\"><span style=\"font-weight: 400; color: #4f4fa7;\">Doprava zdarma<\/span><span style=\"font-weight: 400;\"> \u2013 2 \u2013 7 dn\u00ed<\/span><\/span><\/p>\n<p style=\"text-align: center;\"><strong><span style=\"color: #29606b;\">D\u00e1rek zdarma k n\u00e1kupu nad 100 GBP<\/span><\/strong><\/p>","protected":false},"featured_media":5945,"template":"","meta":[],"product_brand":[370],"product_cat":[338,339,156,305,270,303,130,209,211],"product_tag":[163,199],"class_list":{"0":"post-5944","1":"product","2":"type-product","3":"status-publish","4":"has-post-thumbnail","6":"product_brand-babylux","7":"product_cat-600-to-700","8":"product_cat-700-to-800","9":"product_cat-3-in-1","10":"product_cat-colour","11":"product_cat-multicolor","12":"product_cat-pattern","13":"product_cat-prams","14":"product_cat-push-chairs","15":"product_cat-stroller","16":"product_tag-3-in-1-prams","17":"product_tag-prams","19":"first","20":"instock","21":"sale","22":"shipping-taxable","23":"purchasable","24":"product-type-simple"},"yoast_head":"<!-- This site is optimized with the Yoast SEO plugin v27.5 - https:\/\/yoast.com\/product\/yoast-seo-wordpress\/ -->\n<title>Parrots In the Tropics Pram 3in1 Travel System Isofix Base for Newborn - For Baby Boss<\/title>\n<meta name=\"description\" content=\"Parrots In the Tropics Pram 3in1 Travel System Isofix Base for Newborn\" \/>\n<meta name=\"robots\" content=\"index, follow, max-snippet:-1, max-image-preview:large, max-video-preview:-1\" \/>\n<link rel=\"canonical\" href=\"https:\/\/forbabyboss.com\/cs\/product\/kocarek-papousci-v-tropech-cestovni-system-3-v-1-isofixova-zakladna-pro-novorozence\/\" \/>\n<meta property=\"og:locale\" content=\"cs_CZ\" \/>\n<meta property=\"og:type\" content=\"article\" \/>\n<meta property=\"og:title\" content=\"Parrots In the Tropics Pram 3in1 Travel System Isofix Base for Newborn - For Baby Boss\" \/>\n<meta property=\"og:description\" content=\"Parrots In the Tropics Pram 3in1 Travel System Isofix Base for Newborn\" \/>\n<meta property=\"og:url\" content=\"https:\/\/forbabyboss.com\/cs\/product\/kocarek-papousci-v-tropech-cestovni-system-3-v-1-isofixova-zakladna-pro-novorozence\/\" \/>\n<meta property=\"og:site_name\" content=\"For Baby Boss\" \/>\n<meta property=\"article:modified_time\" content=\"2026-02-21T10:41:59+00:00\" \/>\n<meta property=\"og:image\" content=\"https:\/\/forbabyboss.com\/wp-content\/uploads\/2022\/09\/Baby-Pram-3-in-1-Pushchair-Travel-System-ISOFIX-Base-Car-Seat-Buggy-Newborn-Parrots-In-the-Tropics.png\" \/>\n\t<meta property=\"og:image:width\" content=\"1204\" \/>\n\t<meta property=\"og:image:height\" content=\"852\" \/>\n\t<meta property=\"og:image:type\" content=\"image\/png\" \/>\n<meta name=\"twitter:card\" content=\"summary_large_image\" \/>\n<meta name=\"twitter:label1\" content=\"Odhadovan\u00e1 doba \u010dten\u00ed\" \/>\n\t<meta name=\"twitter:data1\" content=\"2 minuty\" \/>\n<script type=\"application\/ld+json\" class=\"yoast-schema-graph\">{\"@context\":\"https:\\\/\\\/schema.org\",\"@graph\":[{\"@type\":\"WebPage\",\"@id\":\"https:\\\/\\\/forbabyboss.com\\\/product\\\/parrots-in-the-tropics-pram-3in1-travel-system-isofix-base-for-newborn\\\/\",\"url\":\"https:\\\/\\\/forbabyboss.com\\\/product\\\/parrots-in-the-tropics-pram-3in1-travel-system-isofix-base-for-newborn\\\/\",\"name\":\"Parrots In the Tropics Pram 3in1 Travel System Isofix Base for Newborn - For Baby Boss\",\"isPartOf\":{\"@id\":\"https:\\\/\\\/powderblue-seahorse-496884.hostingersite.com\\\/#website\"},\"primaryImageOfPage\":{\"@id\":\"https:\\\/\\\/forbabyboss.com\\\/product\\\/parrots-in-the-tropics-pram-3in1-travel-system-isofix-base-for-newborn\\\/#primaryimage\"},\"image\":{\"@id\":\"https:\\\/\\\/forbabyboss.com\\\/product\\\/parrots-in-the-tropics-pram-3in1-travel-system-isofix-base-for-newborn\\\/#primaryimage\"},\"thumbnailUrl\":\"https:\\\/\\\/forbabyboss.com\\\/wp-content\\\/uploads\\\/2022\\\/09\\\/Baby-Pram-3-in-1-Pushchair-Travel-System-ISOFIX-Base-Car-Seat-Buggy-Newborn-Parrots-In-the-Tropics.png\",\"datePublished\":\"2022-09-15T14:37:43+00:00\",\"dateModified\":\"2026-02-21T10:41:59+00:00\",\"description\":\"Parrots In the Tropics Pram 3in1 Travel System Isofix Base for Newborn\",\"breadcrumb\":{\"@id\":\"https:\\\/\\\/forbabyboss.com\\\/product\\\/parrots-in-the-tropics-pram-3in1-travel-system-isofix-base-for-newborn\\\/#breadcrumb\"},\"inLanguage\":\"cs\",\"potentialAction\":[{\"@type\":\"ReadAction\",\"target\":[\"https:\\\/\\\/forbabyboss.com\\\/product\\\/parrots-in-the-tropics-pram-3in1-travel-system-isofix-base-for-newborn\\\/\"]}]},{\"@type\":\"ImageObject\",\"inLanguage\":\"cs\",\"@id\":\"https:\\\/\\\/forbabyboss.com\\\/product\\\/parrots-in-the-tropics-pram-3in1-travel-system-isofix-base-for-newborn\\\/#primaryimage\",\"url\":\"https:\\\/\\\/forbabyboss.com\\\/wp-content\\\/uploads\\\/2022\\\/09\\\/Baby-Pram-3-in-1-Pushchair-Travel-System-ISOFIX-Base-Car-Seat-Buggy-Newborn-Parrots-In-the-Tropics.png\",\"contentUrl\":\"https:\\\/\\\/forbabyboss.com\\\/wp-content\\\/uploads\\\/2022\\\/09\\\/Baby-Pram-3-in-1-Pushchair-Travel-System-ISOFIX-Base-Car-Seat-Buggy-Newborn-Parrots-In-the-Tropics.png\",\"width\":1204,\"height\":852},{\"@type\":\"BreadcrumbList\",\"@id\":\"https:\\\/\\\/forbabyboss.com\\\/product\\\/parrots-in-the-tropics-pram-3in1-travel-system-isofix-base-for-newborn\\\/#breadcrumb\",\"itemListElement\":[{\"@type\":\"ListItem\",\"position\":1,\"name\":\"Home\",\"item\":\"https:\\\/\\\/forbabyboss.com\\\/\"},{\"@type\":\"ListItem\",\"position\":2,\"name\":\"Shop\",\"item\":\"https:\\\/\\\/forbabyboss.com\\\/shop\\\/\"},{\"@type\":\"ListItem\",\"position\":3,\"name\":\"Parrots In the Tropics Pram 3in1 Travel System Isofix Base for Newborn\"}]},{\"@type\":\"WebSite\",\"@id\":\"https:\\\/\\\/powderblue-seahorse-496884.hostingersite.com\\\/#website\",\"url\":\"https:\\\/\\\/powderblue-seahorse-496884.hostingersite.com\\\/\",\"name\":\"For Baby Boss\",\"description\":\"Beautiful gifts and accessories for your baby boss\",\"potentialAction\":[{\"@type\":\"SearchAction\",\"target\":{\"@type\":\"EntryPoint\",\"urlTemplate\":\"https:\\\/\\\/powderblue-seahorse-496884.hostingersite.com\\\/?s={search_term_string}\"},\"query-input\":{\"@type\":\"PropertyValueSpecification\",\"valueRequired\":true,\"valueName\":\"search_term_string\"}}],\"inLanguage\":\"cs\"}]}<\/script>\n<!-- \/ Yoast SEO plugin. -->","yoast_head_json":{"title":"Ko\u010d\u00e1rek Parrots In the Tropics 3v1 s Isofixovou z\u00e1kladnou pro novorozence - pro Baby Boss","description":"Cestovn\u00ed syst\u00e9m Parrots In the Tropics Pram 3v1 s Isofixovou z\u00e1kladnou pro novorozence","robots":{"index":"index","follow":"follow","max-snippet":"max-snippet:-1","max-image-preview":"max-image-preview:large","max-video-preview":"max-video-preview:-1"},"canonical":"https:\/\/forbabyboss.com\/cs\/product\/kocarek-papousci-v-tropech-cestovni-system-3-v-1-isofixova-zakladna-pro-novorozence\/","og_locale":"cs_CZ","og_type":"article","og_title":"Parrots In the Tropics Pram 3in1 Travel System Isofix Base for Newborn - For Baby Boss","og_description":"Parrots In the Tropics Pram 3in1 Travel System Isofix Base for Newborn","og_url":"https:\/\/forbabyboss.com\/cs\/product\/kocarek-papousci-v-tropech-cestovni-system-3-v-1-isofixova-zakladna-pro-novorozence\/","og_site_name":"For Baby Boss","article_modified_time":"2026-02-21T10:41:59+00:00","og_image":[{"width":1204,"height":852,"url":"https:\/\/forbabyboss.com\/wp-content\/uploads\/2022\/09\/Baby-Pram-3-in-1-Pushchair-Travel-System-ISOFIX-Base-Car-Seat-Buggy-Newborn-Parrots-In-the-Tropics.png","type":"image\/png"}],"twitter_card":"summary_large_image","twitter_misc":{"Odhadovan\u00e1 doba \u010dten\u00ed":"2 minuty"},"schema":{"@context":"https:\/\/schema.org","@graph":[{"@type":"WebPage","@id":"https:\/\/forbabyboss.com\/product\/parrots-in-the-tropics-pram-3in1-travel-system-isofix-base-for-newborn\/","url":"https:\/\/forbabyboss.com\/product\/parrots-in-the-tropics-pram-3in1-travel-system-isofix-base-for-newborn\/","name":"Ko\u010d\u00e1rek Parrots In the Tropics 3v1 s Isofixovou z\u00e1kladnou pro novorozence - pro Baby Boss","isPartOf":{"@id":"https:\/\/powderblue-seahorse-496884.hostingersite.com\/#website"},"primaryImageOfPage":{"@id":"https:\/\/forbabyboss.com\/product\/parrots-in-the-tropics-pram-3in1-travel-system-isofix-base-for-newborn\/#primaryimage"},"image":{"@id":"https:\/\/forbabyboss.com\/product\/parrots-in-the-tropics-pram-3in1-travel-system-isofix-base-for-newborn\/#primaryimage"},"thumbnailUrl":"https:\/\/forbabyboss.com\/wp-content\/uploads\/2022\/09\/Baby-Pram-3-in-1-Pushchair-Travel-System-ISOFIX-Base-Car-Seat-Buggy-Newborn-Parrots-In-the-Tropics.png","datePublished":"2022-09-15T14:37:43+00:00","dateModified":"2026-02-21T10:41:59+00:00","description":"Cestovn\u00ed syst\u00e9m Parrots In the Tropics Pram 3v1 s Isofixovou z\u00e1kladnou pro novorozence","breadcrumb":{"@id":"https:\/\/forbabyboss.com\/product\/parrots-in-the-tropics-pram-3in1-travel-system-isofix-base-for-newborn\/#breadcrumb"},"inLanguage":"cs","potentialAction":[{"@type":"ReadAction","target":["https:\/\/forbabyboss.com\/product\/parrots-in-the-tropics-pram-3in1-travel-system-isofix-base-for-newborn\/"]}]},{"@type":"ImageObject","inLanguage":"cs","@id":"https:\/\/forbabyboss.com\/product\/parrots-in-the-tropics-pram-3in1-travel-system-isofix-base-for-newborn\/#primaryimage","url":"https:\/\/forbabyboss.com\/wp-content\/uploads\/2022\/09\/Baby-Pram-3-in-1-Pushchair-Travel-System-ISOFIX-Base-Car-Seat-Buggy-Newborn-Parrots-In-the-Tropics.png","contentUrl":"https:\/\/forbabyboss.com\/wp-content\/uploads\/2022\/09\/Baby-Pram-3-in-1-Pushchair-Travel-System-ISOFIX-Base-Car-Seat-Buggy-Newborn-Parrots-In-the-Tropics.png","width":1204,"height":852},{"@type":"BreadcrumbList","@id":"https:\/\/forbabyboss.com\/product\/parrots-in-the-tropics-pram-3in1-travel-system-isofix-base-for-newborn\/#breadcrumb","itemListElement":[{"@type":"ListItem","position":1,"name":"Home","item":"https:\/\/forbabyboss.com\/"},{"@type":"ListItem","position":2,"name":"Shop","item":"https:\/\/forbabyboss.com\/shop\/"},{"@type":"ListItem","position":3,"name":"Parrots In the Tropics Pram 3in1 Travel System Isofix Base for Newborn"}]},{"@type":"WebSite","@id":"https:\/\/powderblue-seahorse-496884.hostingersite.com\/#website","url":"https:\/\/powderblue-seahorse-496884.hostingersite.com\/","name":"Pro Baby Boss","description":"Kr\u00e1sn\u00e9 d\u00e1rky a dopl\u0148ky pro va\u0161eho \u0161\u00e9fa","potentialAction":[{"@type":"SearchAction","target":{"@type":"EntryPoint","urlTemplate":"https:\/\/powderblue-seahorse-496884.hostingersite.com\/?s={search_term_string}"},"query-input":{"@type":"PropertyValueSpecification","valueRequired":true,"valueName":"search_term_string"}}],"inLanguage":"cs"}]}},"_links":{"self":[{"href":"https:\/\/forbabyboss.com\/cs\/wp-json\/wp\/v2\/product\/5944","targetHints":{"allow":["GET"]}}],"collection":[{"href":"https:\/\/forbabyboss.com\/cs\/wp-json\/wp\/v2\/product"}],"about":[{"href":"https:\/\/forbabyboss.com\/cs\/wp-json\/wp\/v2\/types\/product"}],"wp:featuredmedia":[{"embeddable":true,"href":"https:\/\/forbabyboss.com\/cs\/wp-json\/wp\/v2\/media\/5945"}],"wp:attachment":[{"href":"https:\/\/forbabyboss.com\/cs\/wp-json\/wp\/v2\/media?parent=5944"}],"wp:term":[{"taxonomy":"product_brand","embeddable":true,"href":"https:\/\/forbabyboss.com\/cs\/wp-json\/wp\/v2\/product_brand?post=5944"},{"taxonomy":"product_cat","embeddable":true,"href":"https:\/\/forbabyboss.com\/cs\/wp-json\/wp\/v2\/product_cat?post=5944"},{"taxonomy":"product_tag","embeddable":true,"href":"https:\/\/forbabyboss.com\/cs\/wp-json\/wp\/v2\/product_tag?post=5944"}],"curies":[{"name":"wp","href":"https:\/\/api.w.org\/{rel}","templated":true}]}}