{"id":5974,"date":"2022-09-19T08:35:07","date_gmt":"2022-09-19T08:35:07","guid":{"rendered":"http:\/\/forbabyboss.com\/?post_type=product&#038;p=5974"},"modified":"2023-10-03T00:13:36","modified_gmt":"2023-10-03T00:13:36","slug":"lehky-detsky-kocarek-kocarek-v-ruzove-barve","status":"publish","type":"product","link":"https:\/\/forbabyboss.com\/cs\/product\/lightweight-baby-pram-pushchair-buggy-stroller-in-pink\/","title":{"rendered":"Lehk\u00fd d\u011btsk\u00fd ko\u010d\u00e1rek Buggy v r\u016f\u017eov\u00e9 barv\u011b"},"content":{"rendered":"<div class=\"span12\">\n<div class=\"row\">\n<div class=\"span12\">\n<div class=\"span12\" style=\"text-align: justify;\">\n<p><span style=\"color: #e14d43;\"><strong><span style=\"font-family: Arial; font-size: medium;\">Pohodln\u00fd prostor pro span\u00ed<\/span><\/strong><\/span><\/p>\n<h4><strong><span style=\"font-family: Arial; font-size: medium; color: #000000;\">Op\u011bradlo ko\u010d\u00e1rku umo\u017e\u0148uje t\u0159i nastaven\u00ed \u00fahlu. Zata\u017een\u00edm za popruh lze snadno vyrovnat sedadlo a nechat d\u00edt\u011b usnout. Rozm\u011bry sedadla jsou: 36 cm * 81 cm (v\u010detn\u011b op\u011brky nohou).<\/span><\/strong><\/h4>\n<div><strong><span style=\"font-family: Arial; font-size: medium; color: #000000;\">\u00a0<\/span><span style=\"color: #000000; font-size: 14.4px;\">Lehk\u00e9 a snadn\u00e9 skl\u00e1d\u00e1n\u00ed<\/span><\/strong><\/div>\n<div>\n<div><strong><span style=\"color: #000000;\">Lehk\u00fd a p\u0159enosn\u00fd, skl\u00e1dac\u00ed jednou rukou, konstrukce s oj\u00ed, kompaktn\u00ed rozm\u011bry (60 cm * 48 cm * 26 cm), snadno se p\u0159en\u00e1\u0161\u00ed, skv\u011bl\u00e9 do letadla, lze um\u00edstit do kufru jak\u00e9hokoli auta nebo t\u00e1hnout s v\u00fdsuvnou rukojet\u00ed.<\/span><\/strong><\/div>\n<div><\/div>\n<div>\n<div><strong><span style=\"color: #000000;\">Bezpe\u010dnostn\u00ed ochrana<\/span><\/strong><\/div>\n<div><strong><span style=\"color: #000000;\">S p\u011btibodov\u00fdm bezpe\u010dnostn\u00edm p\u00e1sem (v\u00fd\u0161kov\u011b nastaviteln\u00fdm) a otev\u00edrateln\u00fdm madlem pro d\u011bti je ka\u017ed\u00fd ko\u010d\u00e1rek tlakov\u011b testov\u00e1n, aby byla zaji\u0161t\u011bna bezpe\u010dnost ka\u017ed\u00e9ho d\u00edt\u011bte.<\/span><\/strong><\/div>\n<div><\/div>\n<div>\n<div><strong><span style=\"color: #000000;\">Tich\u00e9 a n\u00e1razuvzdorn\u00e9 kolo<\/span><\/strong><\/div>\n<div><strong><span style=\"color: #000000;\">V\u0161echna kola maj\u00ed tlumic\u00ed pru\u017einy, kter\u00e9 chr\u00e1n\u00ed d\u00edt\u011b p\u0159ed n\u00e1razy. Zaji\u0161\u0165uj\u00ed ovladatelnost a snadnou ovladatelnost v jak\u00e9mkoli ter\u00e9nu.<\/span><\/strong><\/div>\n<\/div>\n<div><\/div>\n<div>\n<p><span style=\"color: #e14d43;\"><strong>P\u0159\u00edslu\u0161enstv\u00ed<\/strong><strong>omes s voln\u00fdm:<\/strong><\/span><\/p>\n<div><strong><span style=\"color: #000000;\">1. \u00dalo\u017en\u00fd vak<\/span><\/strong><\/div>\n<div><strong><span style=\"color: #000000;\">2. Chladic\u00ed podlo\u017eka pod sed\u00e1k z pam\u011b\u0165ov\u00e9 p\u011bny<\/span><\/strong><\/div>\n<div><strong><span style=\"color: #000000;\">3. S\u00ed\u0165 proti kom\u00e1r\u016fm<\/span><\/strong><\/div>\n<div><strong><span style=\"color: #000000;\">4. Dr\u017e\u00e1k na lahve<\/span><\/strong><\/div>\n<div><strong><span style=\"color: #000000;\">5. Pl\u00e1\u0161t\u011bnka<\/span><\/strong><\/div>\n<div><strong><span style=\"color: #000000;\">6. N\u00e1vod k pou\u017eit\u00ed<\/span><\/strong><\/div>\n<\/div>\n<div><strong><span style=\"color: #000000;\">7. Z\u00e1ruka vr\u00e1cen\u00ed pen\u011bz<\/span><\/strong><\/div>\n<div><span style=\"color: #000000;\">\u00a0<\/span><\/div>\n<div>\n<p><strong><span style=\"color: #000000; font-family: Arial;\"><span style=\"color: #e14d43;\">Funkce<\/span>:<\/span><\/strong><\/p>\n<ul>\n<li style=\"text-align: justify;\"><strong><span style=\"font-family: Arial; font-size: medium; color: #000000;\">Vhodn\u00e9 pro miminka od 0 m\u011bs\u00edc\u016f do hmotnosti 15 kg (cca 2 roky)<\/span><\/strong><\/li>\n<li style=\"text-align: justify;\"><strong><span style=\"font-family: Arial; font-size: medium; color: #000000;\">Nastaviteln\u00e1 op\u011brka nohou pro miminko se hod\u00ed do ka\u017ed\u00e9 f\u00e1ze r\u016fstu d\u00edt\u011bte.<\/span><\/strong><\/li>\n<li style=\"text-align: justify;\"><strong><span style=\"color: #000000;\">Pohodln\u00e1 KO\u017dEN\u00c1 rukoje\u0165<\/span><\/strong><\/li>\n<li style=\"text-align: justify;\"><strong><span style=\"font-family: Arial; font-size: medium; color: #000000;\">N\u00edzk\u00e1 hmotnost a mal\u00fd objem ve slo\u017een\u00e9m stavu, velmi snadn\u00e9 p\u0159en\u00e1\u0161en\u00ed a skladov\u00e1n\u00ed.<\/span><\/strong><\/li>\n<li style=\"text-align: justify;\"><strong><span style=\"color: #000000;\">Celkov\u00e1 konstrukce syst\u00e9mu odpru\u017een\u00ed A++.<\/span><\/strong><\/li>\n<li style=\"text-align: justify;\"><strong><span style=\"font-family: Arial; font-size: medium; color: #000000;\">Velk\u00fd \u00falo\u017en\u00fd ko\u0161.<\/span><\/strong><\/li>\n<li style=\"text-align: justify;\"><strong><span style=\"font-family: Arial; font-size: medium; color: #000000;\">Zadn\u00ed brzdy.<\/span><\/strong><\/li>\n<li style=\"text-align: justify;\"><strong><span style=\"font-family: Arial; font-size: medium; color: #000000;\">5bodov\u00fd postroj.<\/span><\/strong><\/li>\n<li style=\"text-align: justify;\"><strong><span style=\"font-family: Arial; font-size: medium; color: #000000;\">Konstrukce proti sk\u0159\u00edpnut\u00ed pro ochranu prst\u016f<\/span><\/strong><\/li>\n<li style=\"text-align: justify;\"><strong><span style=\"font-family: Arial; font-size: medium; color: #000000;\">UV ochrana a vod\u011bodoln\u00e1 st\u0159\u00ed\u0161ka, nastaviteln\u00e1 do 3 poloh<\/span><\/strong><\/li>\n<li style=\"text-align: justify;\"><strong><span style=\"font-family: Arial; font-size: medium; color: #000000;\">R\u00e1m z leteck\u00e9 hlin\u00edkov\u00e9 slitiny, pevn\u00fd a odoln\u00fd.<\/span><\/strong><\/li>\n<li style=\"text-align: justify;\"><strong><span style=\"font-family: Arial; font-size: medium; color: #000000;\">Oto\u010dn\u00e9 p\u0159edn\u00ed kolo o 360 stup\u0148\u016f.<\/span><\/strong><\/li>\n<li style=\"text-align: justify;\"><span style=\"font-family: Arial; font-size: medium; color: #000000;\"><span style=\"color: #000000; font-family: Arial; font-size: medium;\"><b>Snadn\u00e9 slo\u017een\u00ed a rozlo\u017een\u00ed b\u011bhem 2 sekund.<\/b><\/span><\/span><\/li>\n<li style=\"text-align: justify;\"><strong><span style=\"font-family: Arial; font-size: medium; color: #000000;\">Dvojit\u011b odpru\u017een\u00e1 kola<\/span><\/strong><\/li>\n<li style=\"text-align: justify;\"><strong><span style=\"font-family: Arial; font-size: medium; color: #000000;\">Ekologicky \u0161etrn\u00e9 materi\u00e1ly.<\/span><\/strong><\/li>\n<\/ul>\n<p style=\"text-align: justify;\"><strong><span style=\"color: #000000; font-family: Arial;\"><span style=\"color: #e14d43;\">Specifikace<\/span>:<\/span><\/strong><\/p>\n<ul>\n<li style=\"text-align: justify;\"><strong><span style=\"font-family: Arial; font-size: medium; color: #000000;\">Materi\u00e1l: Uhl\u00edkov\u00e1 ocel + plast + EVA guma + k\u016f\u017ee<\/span><\/strong><\/li>\n<li style=\"text-align: justify;\"><strong><span style=\"font-family: Arial; font-size: medium; color: #000000;\">Barva: \u010cern\u00e1, \u0160ed\u00e1, Modr\u00e1, R\u016f\u017eov\u00e1, B\u00e9\u017eov\u00e1<\/span><\/strong><\/li>\n<li style=\"text-align: justify;\"><strong><span style=\"font-family: Arial; font-size: medium; color: #000000;\">Celkov\u00e9 rozm\u011bry: 98 x 66 x 36 (cm)<\/span><\/strong><\/li>\n<li style=\"text-align: justify;\"><strong><span style=\"font-family: Arial; font-size: medium; color: #000000;\">Nosnost: 15 kg<\/span><\/strong><\/li>\n<li style=\"text-align: justify;\"><strong><span style=\"font-family: Arial; font-size: medium; color: #000000;\">\u010cist\u00e1 hmotnost: 8,0 kg<\/span><\/strong><\/li>\n<\/ul>\n<h4><span style=\"color: #000000; font-family: Arial;\"><span style=\"color: #e14d43;\">Pozn\u00e1mka<\/span>:<\/span><\/h4>\n<h4><strong><span style=\"color: #000000; font-family: Arial;\">\u2022 Mezi obr\u00e1zkem a skute\u010dn\u00fdm produktem se mohou vyskytnout drobn\u00e9 rozd\u00edly v d\u016fsledku jasu.<\/span><\/strong><\/h4>\n<div>\n<h4><strong><span style=\"color: #000000; font-family: Arial;\">\u2022 Vzhledem k ru\u010dn\u00edmu m\u011b\u0159en\u00ed se m\u016f\u017ee vyskytnout chyba velikosti 1\u20133 cm.<\/span><\/strong><\/h4>\n<\/div>\n<div>\n<h4><strong><span style=\"color: #000000; font-family: Arial;\">\u2022 Pro spr\u00e1vnou mont\u00e1\u017e m\u016f\u017ee b\u00fdt zapot\u0159eb\u00ed z\u00e1kladn\u00ed \u00farove\u0148 znalost\u00ed v oblasti kutilstv\u00ed a technick\u00fdch znalost\u00ed a tak\u00e9 z\u00e1kladn\u00ed n\u00e1\u0159ad\u00ed.<\/span><\/strong><\/h4>\n<\/div>\n<h4><strong><span style=\"color: #000000; font-family: Arial;\">\u2022 Nespr\u00e1vn\u00fd zp\u016fsob \u00fadr\u017eby v\u00e1\u017en\u011b ovlivn\u00ed vzhled a \u017eivotnost v\u00fdrobku.<\/span><\/strong><\/h4>\n<p><a href=\"http:\/\/forbabyboss.com\/wp-content\/uploads\/2022\/09\/checkout.png\"><img loading=\"lazy\" decoding=\"async\" class=\"alignnone size-full wp-image-5965\" src=\"http:\/\/forbabyboss.com\/wp-content\/uploads\/2022\/09\/checkout.png\" alt=\"\" width=\"750\" height=\"276\" srcset=\"https:\/\/forbabyboss.com\/wp-content\/uploads\/2022\/09\/checkout.png 750w, https:\/\/forbabyboss.com\/wp-content\/uploads\/2022\/09\/checkout-600x221.png 600w\" sizes=\"auto, (max-width: 750px) 100vw, 750px\" \/><\/a><\/p>\n<\/div>\n<\/div>\n<\/div>\n<\/div>\n<\/div>\n<\/div>\n<\/div>","protected":false},"excerpt":{"rendered":"<p><a href=\"http:\/\/forbabyboss.com\/wp-content\/uploads\/2022\/09\/Star-Rating-5.png\"><img loading=\"lazy\" decoding=\"async\" class=\"alignnone size-full wp-image-5973 aligncenter\" src=\"http:\/\/forbabyboss.com\/wp-content\/uploads\/2022\/09\/Star-Rating-5.png\" alt=\"\" width=\"275\" height=\"45\" \/><\/a><\/p>\n<p style=\"text-align: center;\"><span style=\"color: #ed1c24; font-size: 120%;\"><b>GARANCE SHODU CEN<\/b><\/span><\/p>\n<p style=\"text-align: center;\"><span style=\"font-size: 115%;\"><span style=\"font-weight: 400; color: #4f4fa7;\">Doprava zdarma<\/span><span style=\"font-weight: 400;\"> \u2013 2 \u2013 7 dn\u00ed<\/span><\/span><\/p>\n<p style=\"text-align: center;\"><strong><span style=\"color: #29606b;\">D\u00e1rek zdarma k n\u00e1kupu nad 100 GBP<\/span><\/strong><\/p>","protected":false},"featured_media":6066,"template":"","meta":[],"product_brand":[],"product_cat":[339,305,215,130,209,211],"product_tag":[171],"class_list":{"0":"post-5974","1":"product","2":"type-product","3":"status-publish","4":"has-post-thumbnail","6":"product_cat-700-to-800","7":"product_cat-colour","8":"product_cat-pink","9":"product_cat-prams","10":"product_cat-push-chairs","11":"product_cat-stroller","12":"product_tag-pram","14":"first","15":"instock","16":"sale","17":"shipping-taxable","18":"purchasable","19":"product-type-simple"},"yoast_head":"<!-- This site is optimized with the Yoast SEO plugin v27.5 - https:\/\/yoast.com\/product\/yoast-seo-wordpress\/ -->\n<title>Lightweight Baby Pram Pushchair Buggy Stroller in Pink - For Baby Boss<\/title>\n<meta name=\"description\" content=\"Lightweight Baby Pram Pushchair Buggy Stroller in Pink\" \/>\n<meta name=\"robots\" content=\"index, follow, max-snippet:-1, max-image-preview:large, max-video-preview:-1\" \/>\n<link rel=\"canonical\" href=\"https:\/\/forbabyboss.com\/cs\/product\/lehky-detsky-kocarek-kocarek-v-ruzove-barve\/\" \/>\n<meta property=\"og:locale\" content=\"cs_CZ\" \/>\n<meta property=\"og:type\" content=\"article\" \/>\n<meta property=\"og:title\" content=\"Lightweight Baby Pram Pushchair Buggy Stroller in Pink - For Baby Boss\" \/>\n<meta property=\"og:description\" content=\"Lightweight Baby Pram Pushchair Buggy Stroller in Pink\" \/>\n<meta property=\"og:url\" content=\"https:\/\/forbabyboss.com\/cs\/product\/lehky-detsky-kocarek-kocarek-v-ruzove-barve\/\" \/>\n<meta property=\"og:site_name\" content=\"For Baby Boss\" \/>\n<meta property=\"article:modified_time\" content=\"2023-10-03T00:13:36+00:00\" \/>\n<meta property=\"og:image\" content=\"https:\/\/forbabyboss.com\/wp-content\/uploads\/2022\/09\/BABY-PRAM-TROLLEY-PULL-CHILDRENS-PUSHCHAIR-BUGGY-STROLLER-LIGHTWEIGHT-UK-PINK-.jpg\" \/>\n\t<meta property=\"og:image:width\" content=\"1600\" \/>\n\t<meta property=\"og:image:height\" content=\"1600\" \/>\n\t<meta property=\"og:image:type\" content=\"image\/jpeg\" \/>\n<meta name=\"twitter:card\" content=\"summary_large_image\" \/>\n<meta name=\"twitter:label1\" content=\"Odhadovan\u00e1 doba \u010dten\u00ed\" \/>\n\t<meta name=\"twitter:data1\" content=\"2 minuty\" \/>\n<script type=\"application\/ld+json\" class=\"yoast-schema-graph\">{\"@context\":\"https:\\\/\\\/schema.org\",\"@graph\":[{\"@type\":\"WebPage\",\"@id\":\"https:\\\/\\\/forbabyboss.com\\\/product\\\/lightweight-baby-pram-pushchair-buggy-stroller-in-pink\\\/\",\"url\":\"https:\\\/\\\/forbabyboss.com\\\/product\\\/lightweight-baby-pram-pushchair-buggy-stroller-in-pink\\\/\",\"name\":\"Lightweight Baby Pram Pushchair Buggy Stroller in Pink - For Baby Boss\",\"isPartOf\":{\"@id\":\"https:\\\/\\\/powderblue-seahorse-496884.hostingersite.com\\\/#website\"},\"primaryImageOfPage\":{\"@id\":\"https:\\\/\\\/forbabyboss.com\\\/product\\\/lightweight-baby-pram-pushchair-buggy-stroller-in-pink\\\/#primaryimage\"},\"image\":{\"@id\":\"https:\\\/\\\/forbabyboss.com\\\/product\\\/lightweight-baby-pram-pushchair-buggy-stroller-in-pink\\\/#primaryimage\"},\"thumbnailUrl\":\"https:\\\/\\\/forbabyboss.com\\\/wp-content\\\/uploads\\\/2022\\\/09\\\/BABY-PRAM-TROLLEY-PULL-CHILDRENS-PUSHCHAIR-BUGGY-STROLLER-LIGHTWEIGHT-UK-PINK-.jpg\",\"datePublished\":\"2022-09-19T08:35:07+00:00\",\"dateModified\":\"2023-10-03T00:13:36+00:00\",\"description\":\"Lightweight Baby Pram Pushchair Buggy Stroller in Pink\",\"breadcrumb\":{\"@id\":\"https:\\\/\\\/forbabyboss.com\\\/product\\\/lightweight-baby-pram-pushchair-buggy-stroller-in-pink\\\/#breadcrumb\"},\"inLanguage\":\"cs\",\"potentialAction\":[{\"@type\":\"ReadAction\",\"target\":[\"https:\\\/\\\/forbabyboss.com\\\/product\\\/lightweight-baby-pram-pushchair-buggy-stroller-in-pink\\\/\"]}]},{\"@type\":\"ImageObject\",\"inLanguage\":\"cs\",\"@id\":\"https:\\\/\\\/forbabyboss.com\\\/product\\\/lightweight-baby-pram-pushchair-buggy-stroller-in-pink\\\/#primaryimage\",\"url\":\"https:\\\/\\\/forbabyboss.com\\\/wp-content\\\/uploads\\\/2022\\\/09\\\/BABY-PRAM-TROLLEY-PULL-CHILDRENS-PUSHCHAIR-BUGGY-STROLLER-LIGHTWEIGHT-UK-PINK-.jpg\",\"contentUrl\":\"https:\\\/\\\/forbabyboss.com\\\/wp-content\\\/uploads\\\/2022\\\/09\\\/BABY-PRAM-TROLLEY-PULL-CHILDRENS-PUSHCHAIR-BUGGY-STROLLER-LIGHTWEIGHT-UK-PINK-.jpg\",\"width\":1600,\"height\":1600},{\"@type\":\"BreadcrumbList\",\"@id\":\"https:\\\/\\\/forbabyboss.com\\\/product\\\/lightweight-baby-pram-pushchair-buggy-stroller-in-pink\\\/#breadcrumb\",\"itemListElement\":[{\"@type\":\"ListItem\",\"position\":1,\"name\":\"Home\",\"item\":\"https:\\\/\\\/forbabyboss.com\\\/\"},{\"@type\":\"ListItem\",\"position\":2,\"name\":\"Shop\",\"item\":\"https:\\\/\\\/forbabyboss.com\\\/shop\\\/\"},{\"@type\":\"ListItem\",\"position\":3,\"name\":\"Lightweight Baby Pram Pushchair Buggy Stroller in Pink\"}]},{\"@type\":\"WebSite\",\"@id\":\"https:\\\/\\\/powderblue-seahorse-496884.hostingersite.com\\\/#website\",\"url\":\"https:\\\/\\\/powderblue-seahorse-496884.hostingersite.com\\\/\",\"name\":\"For Baby Boss\",\"description\":\"Beautiful gifts and accessories for your baby boss\",\"potentialAction\":[{\"@type\":\"SearchAction\",\"target\":{\"@type\":\"EntryPoint\",\"urlTemplate\":\"https:\\\/\\\/powderblue-seahorse-496884.hostingersite.com\\\/?s={search_term_string}\"},\"query-input\":{\"@type\":\"PropertyValueSpecification\",\"valueRequired\":true,\"valueName\":\"search_term_string\"}}],\"inLanguage\":\"cs\"}]}<\/script>\n<!-- \/ Yoast SEO plugin. -->","yoast_head_json":{"title":"Lehk\u00fd d\u011btsk\u00fd ko\u010d\u00e1rek Buggy v r\u016f\u017eov\u00e9 barv\u011b - pro Baby Boss","description":"Lehk\u00fd d\u011btsk\u00fd ko\u010d\u00e1rek Buggy v r\u016f\u017eov\u00e9 barv\u011b","robots":{"index":"index","follow":"follow","max-snippet":"max-snippet:-1","max-image-preview":"max-image-preview:large","max-video-preview":"max-video-preview:-1"},"canonical":"https:\/\/forbabyboss.com\/cs\/product\/lehky-detsky-kocarek-kocarek-v-ruzove-barve\/","og_locale":"cs_CZ","og_type":"article","og_title":"Lightweight Baby Pram Pushchair Buggy Stroller in Pink - For Baby Boss","og_description":"Lightweight Baby Pram Pushchair Buggy Stroller in Pink","og_url":"https:\/\/forbabyboss.com\/cs\/product\/lehky-detsky-kocarek-kocarek-v-ruzove-barve\/","og_site_name":"For Baby Boss","article_modified_time":"2023-10-03T00:13:36+00:00","og_image":[{"width":1600,"height":1600,"url":"https:\/\/forbabyboss.com\/wp-content\/uploads\/2022\/09\/BABY-PRAM-TROLLEY-PULL-CHILDRENS-PUSHCHAIR-BUGGY-STROLLER-LIGHTWEIGHT-UK-PINK-.jpg","type":"image\/jpeg"}],"twitter_card":"summary_large_image","twitter_misc":{"Odhadovan\u00e1 doba \u010dten\u00ed":"2 minuty"},"schema":{"@context":"https:\/\/schema.org","@graph":[{"@type":"WebPage","@id":"https:\/\/forbabyboss.com\/product\/lightweight-baby-pram-pushchair-buggy-stroller-in-pink\/","url":"https:\/\/forbabyboss.com\/product\/lightweight-baby-pram-pushchair-buggy-stroller-in-pink\/","name":"Lehk\u00fd d\u011btsk\u00fd ko\u010d\u00e1rek Buggy v r\u016f\u017eov\u00e9 barv\u011b - pro Baby Boss","isPartOf":{"@id":"https:\/\/powderblue-seahorse-496884.hostingersite.com\/#website"},"primaryImageOfPage":{"@id":"https:\/\/forbabyboss.com\/product\/lightweight-baby-pram-pushchair-buggy-stroller-in-pink\/#primaryimage"},"image":{"@id":"https:\/\/forbabyboss.com\/product\/lightweight-baby-pram-pushchair-buggy-stroller-in-pink\/#primaryimage"},"thumbnailUrl":"https:\/\/forbabyboss.com\/wp-content\/uploads\/2022\/09\/BABY-PRAM-TROLLEY-PULL-CHILDRENS-PUSHCHAIR-BUGGY-STROLLER-LIGHTWEIGHT-UK-PINK-.jpg","datePublished":"2022-09-19T08:35:07+00:00","dateModified":"2023-10-03T00:13:36+00:00","description":"Lehk\u00fd d\u011btsk\u00fd ko\u010d\u00e1rek Buggy v r\u016f\u017eov\u00e9 barv\u011b","breadcrumb":{"@id":"https:\/\/forbabyboss.com\/product\/lightweight-baby-pram-pushchair-buggy-stroller-in-pink\/#breadcrumb"},"inLanguage":"cs","potentialAction":[{"@type":"ReadAction","target":["https:\/\/forbabyboss.com\/product\/lightweight-baby-pram-pushchair-buggy-stroller-in-pink\/"]}]},{"@type":"ImageObject","inLanguage":"cs","@id":"https:\/\/forbabyboss.com\/product\/lightweight-baby-pram-pushchair-buggy-stroller-in-pink\/#primaryimage","url":"https:\/\/forbabyboss.com\/wp-content\/uploads\/2022\/09\/BABY-PRAM-TROLLEY-PULL-CHILDRENS-PUSHCHAIR-BUGGY-STROLLER-LIGHTWEIGHT-UK-PINK-.jpg","contentUrl":"https:\/\/forbabyboss.com\/wp-content\/uploads\/2022\/09\/BABY-PRAM-TROLLEY-PULL-CHILDRENS-PUSHCHAIR-BUGGY-STROLLER-LIGHTWEIGHT-UK-PINK-.jpg","width":1600,"height":1600},{"@type":"BreadcrumbList","@id":"https:\/\/forbabyboss.com\/product\/lightweight-baby-pram-pushchair-buggy-stroller-in-pink\/#breadcrumb","itemListElement":[{"@type":"ListItem","position":1,"name":"Home","item":"https:\/\/forbabyboss.com\/"},{"@type":"ListItem","position":2,"name":"Shop","item":"https:\/\/forbabyboss.com\/shop\/"},{"@type":"ListItem","position":3,"name":"Lightweight Baby Pram Pushchair Buggy Stroller in Pink"}]},{"@type":"WebSite","@id":"https:\/\/powderblue-seahorse-496884.hostingersite.com\/#website","url":"https:\/\/powderblue-seahorse-496884.hostingersite.com\/","name":"Pro Baby Boss","description":"Kr\u00e1sn\u00e9 d\u00e1rky a dopl\u0148ky pro va\u0161eho \u0161\u00e9fa","potentialAction":[{"@type":"SearchAction","target":{"@type":"EntryPoint","urlTemplate":"https:\/\/powderblue-seahorse-496884.hostingersite.com\/?s={search_term_string}"},"query-input":{"@type":"PropertyValueSpecification","valueRequired":true,"valueName":"search_term_string"}}],"inLanguage":"cs"}]}},"_links":{"self":[{"href":"https:\/\/forbabyboss.com\/cs\/wp-json\/wp\/v2\/product\/5974","targetHints":{"allow":["GET"]}}],"collection":[{"href":"https:\/\/forbabyboss.com\/cs\/wp-json\/wp\/v2\/product"}],"about":[{"href":"https:\/\/forbabyboss.com\/cs\/wp-json\/wp\/v2\/types\/product"}],"wp:featuredmedia":[{"embeddable":true,"href":"https:\/\/forbabyboss.com\/cs\/wp-json\/wp\/v2\/media\/6066"}],"wp:attachment":[{"href":"https:\/\/forbabyboss.com\/cs\/wp-json\/wp\/v2\/media?parent=5974"}],"wp:term":[{"taxonomy":"product_brand","embeddable":true,"href":"https:\/\/forbabyboss.com\/cs\/wp-json\/wp\/v2\/product_brand?post=5974"},{"taxonomy":"product_cat","embeddable":true,"href":"https:\/\/forbabyboss.com\/cs\/wp-json\/wp\/v2\/product_cat?post=5974"},{"taxonomy":"product_tag","embeddable":true,"href":"https:\/\/forbabyboss.com\/cs\/wp-json\/wp\/v2\/product_tag?post=5974"}],"curies":[{"name":"wp","href":"https:\/\/api.w.org\/{rel}","templated":true}]}}