{"id":2520,"date":"2021-01-19T07:51:30","date_gmt":"2021-01-19T07:51:30","guid":{"rendered":"http:\/\/forbabyboss.com\/?post_type=product&#038;p=2520"},"modified":"2026-02-18T20:18:46","modified_gmt":"2026-02-18T20:18:46","slug":"3-in-1-reisesystem-mit-babyschale-und-buggy-geeignet-fur-madchen-und-jungen-ab-geburt-in-mintgrau","status":"publish","type":"product","link":"https:\/\/forbabyboss.com\/de\/product\/baby-pram-buggy-3-in-1-travel-system-car-seat-pushchair-from-birth-girls-boys-in-mint-grey\/","title":{"rendered":"3-in-1-Baby-Buggy-Reisesystem mit Autositz und Buggy ab Geburt f\u00fcr M\u00e4dchen und Jungen in Mint &amp; Grau"},"content":{"rendered":"<div class=\"clearfix\">\n<div><a href=\"http:\/\/forbabyboss.com\/wp-content\/uploads\/2021\/01\/Baby-Pram-Buggy-3-in-1-Travel-System-Car-Seat-Pushchair-from-Birth-Girls-Boys-1.png\"><img loading=\"lazy\" decoding=\"async\" class=\"aligncenter wp-image-2510\" src=\"http:\/\/forbabyboss.com\/wp-content\/uploads\/2021\/01\/Baby-Pram-Buggy-3-in-1-Travel-System-Car-Seat-Pushchair-from-Birth-Girls-Boys-1-800x800.png\" alt=\"\" width=\"621\" height=\"621\" srcset=\"https:\/\/forbabyboss.com\/wp-content\/uploads\/2021\/01\/Baby-Pram-Buggy-3-in-1-Travel-System-Car-Seat-Pushchair-from-Birth-Girls-Boys-1-800x800.png 800w, https:\/\/forbabyboss.com\/wp-content\/uploads\/2021\/01\/Baby-Pram-Buggy-3-in-1-Travel-System-Car-Seat-Pushchair-from-Birth-Girls-Boys-1-400x400.png 400w, https:\/\/forbabyboss.com\/wp-content\/uploads\/2021\/01\/Baby-Pram-Buggy-3-in-1-Travel-System-Car-Seat-Pushchair-from-Birth-Girls-Boys-1-280x280.png 280w, https:\/\/forbabyboss.com\/wp-content\/uploads\/2021\/01\/Baby-Pram-Buggy-3-in-1-Travel-System-Car-Seat-Pushchair-from-Birth-Girls-Boys-1-768x768.png 768w, https:\/\/forbabyboss.com\/wp-content\/uploads\/2021\/01\/Baby-Pram-Buggy-3-in-1-Travel-System-Car-Seat-Pushchair-from-Birth-Girls-Boys-1-1536x1536.png 1536w, https:\/\/forbabyboss.com\/wp-content\/uploads\/2021\/01\/Baby-Pram-Buggy-3-in-1-Travel-System-Car-Seat-Pushchair-from-Birth-Girls-Boys-1-300x300.png 300w, https:\/\/forbabyboss.com\/wp-content\/uploads\/2021\/01\/Baby-Pram-Buggy-3-in-1-Travel-System-Car-Seat-Pushchair-from-Birth-Girls-Boys-1-600x600.png 600w, https:\/\/forbabyboss.com\/wp-content\/uploads\/2021\/01\/Baby-Pram-Buggy-3-in-1-Travel-System-Car-Seat-Pushchair-from-Birth-Girls-Boys-1-100x100.png 100w, https:\/\/forbabyboss.com\/wp-content\/uploads\/2021\/01\/Baby-Pram-Buggy-3-in-1-Travel-System-Car-Seat-Pushchair-from-Birth-Girls-Boys-1.png 1600w\" sizes=\"auto, (max-width: 621px) 100vw, 621px\" \/><\/a><\/div>\n<div><\/div>\n<div>\u00a0 \u00a0 \u00a0 \u00a0 \u00a0 \u00a0 \u00a0 \u00a0 \u00a0 \u00a0 \u00a0 \u00a0 \u00a0 <a href=\"http:\/\/forbabyboss.com\/wp-content\/uploads\/2021\/01\/Baby-Pram-Buggy-3-in-1-Travel-System-Car-Seat-Pushchair-from-Birth-Girls-Boys-2.jpg\"><img loading=\"lazy\" decoding=\"async\" class=\"alignnone wp-image-2511\" src=\"http:\/\/forbabyboss.com\/wp-content\/uploads\/2021\/01\/Baby-Pram-Buggy-3-in-1-Travel-System-Car-Seat-Pushchair-from-Birth-Girls-Boys-2-571x400.jpg\" alt=\"\" width=\"485\" height=\"340\" srcset=\"https:\/\/forbabyboss.com\/wp-content\/uploads\/2021\/01\/Baby-Pram-Buggy-3-in-1-Travel-System-Car-Seat-Pushchair-from-Birth-Girls-Boys-2-571x400.jpg 571w, https:\/\/forbabyboss.com\/wp-content\/uploads\/2021\/01\/Baby-Pram-Buggy-3-in-1-Travel-System-Car-Seat-Pushchair-from-Birth-Girls-Boys-2-768x538.jpg 768w, https:\/\/forbabyboss.com\/wp-content\/uploads\/2021\/01\/Baby-Pram-Buggy-3-in-1-Travel-System-Car-Seat-Pushchair-from-Birth-Girls-Boys-2-600x420.jpg 600w, https:\/\/forbabyboss.com\/wp-content\/uploads\/2021\/01\/Baby-Pram-Buggy-3-in-1-Travel-System-Car-Seat-Pushchair-from-Birth-Girls-Boys-2.jpg 1000w\" sizes=\"auto, (max-width: 485px) 100vw, 485px\" \/><\/a> <a href=\"http:\/\/forbabyboss.com\/wp-content\/uploads\/2021\/01\/Baby-Pram-Buggy-3-in-1-Travel-System-Car-Seat-Pushchair-from-Birth-Girls-Boys-3.png\"><img loading=\"lazy\" decoding=\"async\" class=\"alignnone wp-image-2512\" src=\"http:\/\/forbabyboss.com\/wp-content\/uploads\/2021\/01\/Baby-Pram-Buggy-3-in-1-Travel-System-Car-Seat-Pushchair-from-Birth-Girls-Boys-3-400x400.png\" alt=\"\" width=\"322\" height=\"322\" srcset=\"https:\/\/forbabyboss.com\/wp-content\/uploads\/2021\/01\/Baby-Pram-Buggy-3-in-1-Travel-System-Car-Seat-Pushchair-from-Birth-Girls-Boys-3-400x400.png 400w, https:\/\/forbabyboss.com\/wp-content\/uploads\/2021\/01\/Baby-Pram-Buggy-3-in-1-Travel-System-Car-Seat-Pushchair-from-Birth-Girls-Boys-3-800x800.png 800w, https:\/\/forbabyboss.com\/wp-content\/uploads\/2021\/01\/Baby-Pram-Buggy-3-in-1-Travel-System-Car-Seat-Pushchair-from-Birth-Girls-Boys-3-280x280.png 280w, https:\/\/forbabyboss.com\/wp-content\/uploads\/2021\/01\/Baby-Pram-Buggy-3-in-1-Travel-System-Car-Seat-Pushchair-from-Birth-Girls-Boys-3-768x768.png 768w, https:\/\/forbabyboss.com\/wp-content\/uploads\/2021\/01\/Baby-Pram-Buggy-3-in-1-Travel-System-Car-Seat-Pushchair-from-Birth-Girls-Boys-3-1536x1536.png 1536w, https:\/\/forbabyboss.com\/wp-content\/uploads\/2021\/01\/Baby-Pram-Buggy-3-in-1-Travel-System-Car-Seat-Pushchair-from-Birth-Girls-Boys-3-300x300.png 300w, https:\/\/forbabyboss.com\/wp-content\/uploads\/2021\/01\/Baby-Pram-Buggy-3-in-1-Travel-System-Car-Seat-Pushchair-from-Birth-Girls-Boys-3-600x600.png 600w, https:\/\/forbabyboss.com\/wp-content\/uploads\/2021\/01\/Baby-Pram-Buggy-3-in-1-Travel-System-Car-Seat-Pushchair-from-Birth-Girls-Boys-3-100x100.png 100w, https:\/\/forbabyboss.com\/wp-content\/uploads\/2021\/01\/Baby-Pram-Buggy-3-in-1-Travel-System-Car-Seat-Pushchair-from-Birth-Girls-Boys-3.png 1600w\" sizes=\"auto, (max-width: 322px) 100vw, 322px\" \/><\/a><\/div>\n<div><\/div>\n<div><\/div>\n<div class=\"clearfix\"><span style=\"color: #6e6e6e;\"><b><span style=\"color: #e14d43; font-size: 140%;\">Romantisches 3-in-1-Set<\/span>\u00a0<\/b>Der Kinderwagen\/Buggy ist unser klassisches Modell, das als Antwort auf die hohe Marktnachfrage entwickelt wurde.\u00a0<\/span><\/div>\n<div class=\"clearfix\"><span style=\"color: #6e6e6e;\">Das sehr leichte Gestell mit 14-Zoll-Luftreifen verleiht diesem 3-in-1-Kinderwagen einen klassischen Look. Er wird mit einem gro\u00dfen Einkaufskorb, einer zus\u00e4tzlichen Tasche (am Gestell befestigt) und einer eleganten Standardtasche geliefert. Dieser Kinderwagen ist sicher, komfortabel und elegant. Die Babywanne kann auch als Wiege genutzt werden, da sie ger\u00e4umig und gleichzeitig sehr kuschelig ist.\u00a0<\/span><\/div>\n<div class=\"clearfix\"><span style=\"color: #6e6e6e;\"><b>Romantisches 3-in-1-Set\u00a0<\/b>Der Kinderwagen entspricht allen erforderlichen Normen und wird ohne Aufpreis mit Regenschutz und Insektennetz geliefert.<\/span><\/div>\n<div class=\"clearfix\"><span style=\"color: #6e6e6e; font-size: 95%;\">Dieser Kinderwagen ist aus hochwertigen Materialien gefertigt.<\/span><\/div>\n<div class=\"clearfix\"><span style=\"color: #6e6e6e;\">Es bietet ein hervorragendes Preis-Leistungs-Verh\u00e4ltnis.<\/span><\/div>\n<div class=\"clearfix\"><span style=\"color: #6e6e6e;\">\u00a0<\/span><\/div>\n<div class=\"clearfix\"><span style=\"color: #6e6e6e;\">\u00a0<\/span><\/div>\n<div class=\"clearfix\">\n<div class=\"clearfix\"><span style=\"color: #e14d43; font-family: Arial;\"><b>RAHMEN (FAHRGESTELL)<\/b><\/span><\/div>\n<div class=\"clearfix\"><span style=\"color: #6e6e6e; font-family: Arial;\">\u2013 komfortable und weiche Federung<\/span><\/div>\n<div class=\"clearfix\"><span style=\"color: #6e6e6e; font-family: Arial;\">\u2013 H\u00f6henverstellbarer Griff (aus \u00d6ko-Leder)<\/span><\/div>\n<div class=\"clearfix\"><span style=\"color: #6e6e6e; font-family: Arial;\">\u2013 14-Zoll-Luftreifen<\/span><\/div>\n<div class=\"clearfix\"><span style=\"color: #6e6e6e; font-family: Arial;\">\u2013 zentrale, fu\u00dfbet\u00e4tigte Einradbremse mit Feststelloption<\/span><\/div>\n<div class=\"clearfix\"><span style=\"color: #6e6e6e; font-family: Arial;\">\u2013 gro\u00dfer Einkaufskorb aus Metall und kleine Ledertasche (unter der Babywanne)<\/span><\/div>\n<div class=\"clearfix\"><span style=\"color: #6e6e6e; font-family: Arial;\">\u00a0<\/span><\/div>\n<div class=\"clearfix\"><span style=\"color: #e14d43; font-family: Arial;\"><b>Babytrage (Babybett)<\/b><\/span><\/div>\n<div class=\"clearfix\"><span style=\"color: #6e6e6e; font-family: Arial;\">\u2013 Wiegenoption<\/span><\/div>\n<div class=\"clearfix\">\u2013 Regenschutz<\/div>\n<div class=\"clearfix\"><span style=\"color: #6e6e6e; font-family: Arial;\">\u2013 verstellbare Kinderwagen-R\u00fcckenlehne<\/span><\/div>\n<div class=\"clearfix\"><span style=\"color: #6e6e6e; font-family: Arial;\">\u2013 verstellbare Fu\u00dfst\u00fctze<\/span><\/div>\n<div class=\"clearfix\"><span style=\"color: #6e6e6e; font-family: Arial;\">\u2013 5-Punkt-Sicherheitsgurt mit Schulterpolstern im Kinderwagenmodus<\/span><\/div>\n<div class=\"clearfix\"><span style=\"color: #6e6e6e; font-family: Arial;\">\u2013 Sicherheitsb\u00fcgel (Barriere) im Kinderwagenmodus<\/span><\/div>\n<div class=\"clearfix\"><span style=\"color: #6e6e6e; font-family: Arial;\">\u2013 klickt ins Bild<\/span><\/div>\n<div class=\"clearfix\"><span style=\"color: #6e6e6e; font-family: Arial;\">\u2013 Sicherheitsnorm: PN-EN 1888:2012<\/span><\/div>\n<div class=\"clearfix\"><span style=\"color: #6e6e6e; font-family: Arial;\">\u00a0<\/span><\/div>\n<div class=\"clearfix\"><span style=\"color: #e14d43; font-family: Arial;\"><b>KINDERWAGENTEIL (SPORTTEIL)<\/b><\/span><\/div>\n<div class=\"clearfix\"><span style=\"color: #6e6e6e; font-family: Arial;\">\u2013 Fu\u00dfbedeckung<\/span><\/div>\n<div class=\"clearfix\">\u2013 verstellbare Kinderwagen-R\u00fcckenlehne<\/div>\n<div class=\"clearfix\"><span style=\"color: #6e6e6e; font-family: Arial;\">\u2013 verstellbare Fu\u00dfst\u00fctze<\/span><\/div>\n<div class=\"clearfix\"><span style=\"color: #6e6e6e; font-family: Arial;\">\u2013 5-Punkt-Sicherheitsgurt mit Schulterpolstern im Kinderwagenmodus<\/span><\/div>\n<div class=\"clearfix\"><span style=\"color: #6e6e6e; font-family: Arial;\">\u2013 Sicherheitsb\u00fcgel (Barriere) im Kinderwagenmodus<\/span><\/div>\n<div class=\"clearfix\"><span style=\"color: #6e6e6e; font-family: Arial;\">\u2013 klickt in den Rahmen ein AUTOSITZ (OPTIONAL)<\/span><\/div>\n<div class=\"clearfix\"><span style=\"color: #6e6e6e; font-family: Arial;\">Der Autositz passt farblich zum Kinderwagen.<\/span><\/div>\n<div class=\"clearfix\"><span style=\"color: #6e6e6e; font-family: Arial;\">\u2013 3-Punkt-Sicherheitsgurt mit Schulterpolstern<\/span><\/div>\n<div class=\"clearfix\"><span style=\"color: #6e6e6e; font-family: Arial;\">\u2013 abnehmbare Kapuze und Abdeckung<\/span><\/div>\n<div class=\"clearfix\"><span style=\"color: #6e6e6e; font-family: Arial;\">\u2013 verstellbarer Griff<\/span><\/div>\n<div class=\"clearfix\"><span style=\"color: #6e6e6e; font-family: Arial;\">\u2013 Adapter, die es erm\u00f6glichen, den Autositz auf dem Kinderwagengestell zu befestigen.<\/span><\/div>\n<div class=\"clearfix\"><span style=\"color: #6e6e6e; font-family: Arial;\">\u2013 Ein Kindersitz ist f\u00fcr Kinder mit einem Gewicht von 0 bis 11 kg geeignet.<\/span><\/div>\n<div class=\"clearfix\"><span style=\"color: #6e6e6e; font-family: Arial;\">\u2013 Sicherheitsnorm: ECE R44\/04THE\u00a0<\/span><\/div>\n<div class=\"clearfix\"><span style=\"color: #6e6e6e; font-family: Arial;\">\u00a0<\/span><\/div>\n<div class=\"clearfix\"><span style=\"color: #e14d43; font-family: Arial;\"><b>IM PAKET ENTHALTEN:<\/b><\/span><\/div>\n<div class=\"clearfix\"><span style=\"color: #6e6e6e; font-family: Arial;\">-Chassis (Rahmen) + gro\u00dfe R\u00e4der + Einkaufskorb<\/span><\/div>\n<div class=\"clearfix\"><span style=\"color: #6e6e6e; font-family: Arial;\">-Kinderwagen-Babywanne mit Verdeck, Kinderwagenmatratze und Kinderwagen-Abdeckung<\/span><\/div>\n<div class=\"clearfix\"><span style=\"color: #6e6e6e; font-family: Arial;\">-Kinderwagenteil mit Verdeck und Sch\u00fcrze<\/span><\/div>\n<div class=\"clearfix\"><span style=\"color: #6e6e6e; font-family: Arial;\">-Wickeltasche<\/span><\/div>\n<div class=\"clearfix\"><span style=\"color: #6e6e6e; font-family: Arial;\">-Sicherheitsbarriere f\u00fcr Kinderwagenmodus<\/span><\/div>\n<div class=\"clearfix\"><span style=\"color: #6e6e6e; font-family: Arial;\">-kostenloses Moskitonetz + Wickelunterlage + Flaschenhalter + Regenschutz<\/span><\/div>\n<div class=\"clearfix\"><span style=\"color: #6e6e6e; font-family: Arial;\">-Kindersitz mit Sch\u00fcrze (optional)<\/span><\/div>\n<div class=\"clearfix\"><span style=\"color: #6e6e6e; font-family: Arial;\">-12 Monate Garantie\u00a0<\/span><\/div>\n<\/div>\n<\/div>\n<div class=\"clearfix\"><span style=\"color: #6e6e6e;\">\u00a0<\/span><\/div>\n<div class=\"clearfix\">\n<div class=\"clearfix\"><span style=\"color: #e14d43; font-family: Arial; font-size: 115%;\"><b>Abmessungen:<\/b><\/span><\/div>\n<div class=\"clearfix\"><span style=\"color: #6e6e6e; font-family: Arial;\">Zusammengeklapptes Chassis (L\/B\/H): 96 x 62 x 39 cm<\/span><\/div>\n<div class=\"clearfix\"><span style=\"color: #6e6e6e; font-family: Arial;\">Breite der Kinderwageneinheit: 35 cm<\/span><\/div>\n<div class=\"clearfix\"><span style=\"color: #6e6e6e; font-family: Arial;\">Tiefe der Kinderwageneinheit: 25 cm<\/span><\/div>\n<div class=\"clearfix\"><span style=\"color: #6e6e6e; font-family: Arial;\">H\u00f6he der R\u00fcckenlehne des Kinderwagens: 45 cm<\/span><\/div>\n<div class=\"clearfix\"><span style=\"color: #6e6e6e; font-family: Arial;\">Fu\u00dfst\u00fctzenl\u00e4nge: 20 cm<\/span><\/div>\n<div class=\"clearfix\"><span style=\"color: #6e6e6e; font-family: Arial;\">L\u00e4nge der Babywanne (innen): 77 cm<\/span><\/div>\n<div class=\"clearfix\"><span style=\"color: #6e6e6e; font-family: Arial;\">Breite der Babywanne (innen): 35 cm<\/span><\/div>\n<div class=\"clearfix\"><span style=\"color: #6e6e6e; font-family: Arial;\">H\u00f6he der Babywanne (innen): 20 cm<\/span><\/div>\n<div class=\"clearfix\"><span style=\"color: #6e6e6e; font-family: Arial;\">Radgr\u00f6\u00dfe: 14 Zoll<\/span><\/div>\n<div class=\"clearfix\"><span style=\"color: #6e6e6e; font-family: Arial;\">\u00a0<\/span><\/div>\n<div class=\"clearfix\"><strong><span style=\"color: #e14d43; font-family: Arial;\">Gewicht:<\/span><\/strong><\/div>\n<div class=\"clearfix\"><span style=\"color: #6e6e6e; font-family: Arial;\">Fahrgestell mit R\u00e4dern: 10 kg<\/span><\/div>\n<div class=\"clearfix\"><span style=\"color: #6e6e6e; font-family: Arial;\">Babywanne und Gestell: 15 kg<\/span><\/div>\n<div class=\"clearfix\"><span style=\"color: #6e6e6e; font-family: Arial;\">Kinderwageneinheit und Gestell: 15 kg<\/span><\/div>\n<div class=\"clearfix\"><span style=\"color: #6e6e6e; font-family: Arial;\">Babywanne: 5 kg<\/span><\/div>\n<div class=\"clearfix\"><span style=\"color: #6e6e6e; font-family: Arial;\">Kinderwageneinheit: 5 kg<\/span><\/div>\n<div><a href=\"http:\/\/forbabyboss.com\/wp-content\/uploads\/2021\/01\/guaranteed-checkout.png\"><img loading=\"lazy\" decoding=\"async\" class=\"size-full wp-image-2467 aligncenter\" src=\"http:\/\/forbabyboss.com\/wp-content\/uploads\/2021\/01\/guaranteed-checkout.png\" alt=\"\" width=\"750\" height=\"276\" srcset=\"https:\/\/forbabyboss.com\/wp-content\/uploads\/2021\/01\/guaranteed-checkout.png 750w, https:\/\/forbabyboss.com\/wp-content\/uploads\/2021\/01\/guaranteed-checkout-600x221.png 600w\" sizes=\"auto, (max-width: 750px) 100vw, 750px\" \/><\/a><\/div>\n<\/div>","protected":false},"excerpt":{"rendered":"<p><img loading=\"lazy\" decoding=\"async\" class=\"size-full wp-image-586 aligncenter\" src=\"http:\/\/forbabyboss.com\/wp-content\/uploads\/2020\/09\/Reviews-2.png\" alt=\"\" width=\"275\" height=\"45\" \/><\/p>\n<p style=\"text-align: center;\"><span style=\"font-size: 120%;\"><span style=\"font-size: 130%;\"><strong>Speichern<\/strong><\/span><strong><span style=\"color: #e14d43;\"><span style=\"font-size: 130%;\"> 10%<\/span>\u00a0<\/span><\/strong>beim Kauf\u00a0<strong>HEUTE<\/strong>!<\/span><\/p>\n<p style=\"text-align: center;\"><span style=\"font-size: 120%;\"><span style=\"color: #000080;\"><strong>Lieferung<\/strong><\/span> \u2013 <strong>7 Tage<\/strong><\/span><\/p>","protected":false},"featured_media":2521,"template":"","meta":[],"product_brand":[577],"product_cat":[156,130],"product_tag":[],"class_list":{"0":"post-2520","1":"product","2":"type-product","3":"status-publish","4":"has-post-thumbnail","6":"product_brand-kunert","7":"product_cat-3-in-1","8":"product_cat-prams","10":"first","11":"instock","12":"shipping-taxable","13":"purchasable","14":"product-type-simple"},"yoast_head":"<!-- This site is optimized with the Yoast SEO plugin v27.5 - https:\/\/yoast.com\/product\/yoast-seo-wordpress\/ -->\n<title>3 in 1 Baby Pram Buggy Travel System Car Seat Pushchair from Birth Girls Boys in Mint &amp; Grey - For Baby Boss<\/title>\n<meta name=\"robots\" content=\"index, follow, max-snippet:-1, max-image-preview:large, max-video-preview:-1\" \/>\n<link rel=\"canonical\" href=\"https:\/\/forbabyboss.com\/de\/product\/3-in-1-reisesystem-mit-babyschale-und-buggy-geeignet-fur-madchen-und-jungen-ab-geburt-in-mintgrau\/\" \/>\n<meta property=\"og:locale\" content=\"de_DE\" \/>\n<meta property=\"og:type\" content=\"article\" \/>\n<meta property=\"og:title\" content=\"3 in 1 Baby Pram Buggy Travel System Car Seat Pushchair from Birth Girls Boys in Mint &amp; Grey - For Baby Boss\" \/>\n<meta property=\"og:description\" content=\"Save 10%\u00a0when you buy\u00a0TODAY! Delivery \u2013 7\u00a0days\" \/>\n<meta property=\"og:url\" content=\"https:\/\/forbabyboss.com\/de\/product\/3-in-1-reisesystem-mit-babyschale-und-buggy-geeignet-fur-madchen-und-jungen-ab-geburt-in-mintgrau\/\" \/>\n<meta property=\"og:site_name\" content=\"For Baby Boss\" \/>\n<meta property=\"article:modified_time\" content=\"2026-02-18T20:18:46+00:00\" \/>\n<meta property=\"og:image\" content=\"https:\/\/forbabyboss.com\/wp-content\/uploads\/2021\/01\/Baby-Pram-Buggy-3-in-1-Travel-System-Car-Seat-Pushchair-from-Birth-Girls-Boys-in-Mint-Grey.png\" \/>\n\t<meta property=\"og:image:width\" content=\"1600\" \/>\n\t<meta property=\"og:image:height\" content=\"1600\" \/>\n\t<meta property=\"og:image:type\" content=\"image\/png\" \/>\n<meta name=\"twitter:card\" content=\"summary_large_image\" \/>\n<meta name=\"twitter:label1\" content=\"Gesch\u00e4tzte Lesezeit\" \/>\n\t<meta name=\"twitter:data1\" content=\"3\u00a0Minuten\" \/>\n<script type=\"application\/ld+json\" class=\"yoast-schema-graph\">{\"@context\":\"https:\\\/\\\/schema.org\",\"@graph\":[{\"@type\":\"WebPage\",\"@id\":\"https:\\\/\\\/forbabyboss.com\\\/product\\\/baby-pram-buggy-3-in-1-travel-system-car-seat-pushchair-from-birth-girls-boys-in-mint-grey\\\/\",\"url\":\"https:\\\/\\\/forbabyboss.com\\\/product\\\/baby-pram-buggy-3-in-1-travel-system-car-seat-pushchair-from-birth-girls-boys-in-mint-grey\\\/\",\"name\":\"3 in 1 Baby Pram Buggy Travel System Car Seat Pushchair from Birth Girls Boys in Mint & Grey - For Baby Boss\",\"isPartOf\":{\"@id\":\"https:\\\/\\\/powderblue-seahorse-496884.hostingersite.com\\\/#website\"},\"primaryImageOfPage\":{\"@id\":\"https:\\\/\\\/forbabyboss.com\\\/product\\\/baby-pram-buggy-3-in-1-travel-system-car-seat-pushchair-from-birth-girls-boys-in-mint-grey\\\/#primaryimage\"},\"image\":{\"@id\":\"https:\\\/\\\/forbabyboss.com\\\/product\\\/baby-pram-buggy-3-in-1-travel-system-car-seat-pushchair-from-birth-girls-boys-in-mint-grey\\\/#primaryimage\"},\"thumbnailUrl\":\"https:\\\/\\\/forbabyboss.com\\\/wp-content\\\/uploads\\\/2021\\\/01\\\/Baby-Pram-Buggy-3-in-1-Travel-System-Car-Seat-Pushchair-from-Birth-Girls-Boys-in-Mint-Grey.png\",\"datePublished\":\"2021-01-19T07:51:30+00:00\",\"dateModified\":\"2026-02-18T20:18:46+00:00\",\"breadcrumb\":{\"@id\":\"https:\\\/\\\/forbabyboss.com\\\/product\\\/baby-pram-buggy-3-in-1-travel-system-car-seat-pushchair-from-birth-girls-boys-in-mint-grey\\\/#breadcrumb\"},\"inLanguage\":\"de\",\"potentialAction\":[{\"@type\":\"ReadAction\",\"target\":[\"https:\\\/\\\/forbabyboss.com\\\/product\\\/baby-pram-buggy-3-in-1-travel-system-car-seat-pushchair-from-birth-girls-boys-in-mint-grey\\\/\"]}]},{\"@type\":\"ImageObject\",\"inLanguage\":\"de\",\"@id\":\"https:\\\/\\\/forbabyboss.com\\\/product\\\/baby-pram-buggy-3-in-1-travel-system-car-seat-pushchair-from-birth-girls-boys-in-mint-grey\\\/#primaryimage\",\"url\":\"https:\\\/\\\/forbabyboss.com\\\/wp-content\\\/uploads\\\/2021\\\/01\\\/Baby-Pram-Buggy-3-in-1-Travel-System-Car-Seat-Pushchair-from-Birth-Girls-Boys-in-Mint-Grey.png\",\"contentUrl\":\"https:\\\/\\\/forbabyboss.com\\\/wp-content\\\/uploads\\\/2021\\\/01\\\/Baby-Pram-Buggy-3-in-1-Travel-System-Car-Seat-Pushchair-from-Birth-Girls-Boys-in-Mint-Grey.png\",\"width\":1600,\"height\":1600},{\"@type\":\"BreadcrumbList\",\"@id\":\"https:\\\/\\\/forbabyboss.com\\\/product\\\/baby-pram-buggy-3-in-1-travel-system-car-seat-pushchair-from-birth-girls-boys-in-mint-grey\\\/#breadcrumb\",\"itemListElement\":[{\"@type\":\"ListItem\",\"position\":1,\"name\":\"Home\",\"item\":\"https:\\\/\\\/forbabyboss.com\\\/\"},{\"@type\":\"ListItem\",\"position\":2,\"name\":\"Shop\",\"item\":\"https:\\\/\\\/forbabyboss.com\\\/shop\\\/\"},{\"@type\":\"ListItem\",\"position\":3,\"name\":\"3 in 1 Baby Pram Buggy Travel System Car Seat Pushchair from Birth Girls Boys in Mint &#038; Grey\"}]},{\"@type\":\"WebSite\",\"@id\":\"https:\\\/\\\/powderblue-seahorse-496884.hostingersite.com\\\/#website\",\"url\":\"https:\\\/\\\/powderblue-seahorse-496884.hostingersite.com\\\/\",\"name\":\"For Baby Boss\",\"description\":\"Beautiful gifts and accessories for your baby boss\",\"potentialAction\":[{\"@type\":\"SearchAction\",\"target\":{\"@type\":\"EntryPoint\",\"urlTemplate\":\"https:\\\/\\\/powderblue-seahorse-496884.hostingersite.com\\\/?s={search_term_string}\"},\"query-input\":{\"@type\":\"PropertyValueSpecification\",\"valueRequired\":true,\"valueName\":\"search_term_string\"}}],\"inLanguage\":\"de\"}]}<\/script>\n<!-- \/ Yoast SEO plugin. -->","yoast_head_json":{"title":"3-in-1-Kinderwagen-Buggy-Reisesystem mit Autositz und Buggy ab Geburt f\u00fcr M\u00e4dchen und Jungen in Mint &amp; Grau \u2013 f\u00fcr Baby Boss","robots":{"index":"index","follow":"follow","max-snippet":"max-snippet:-1","max-image-preview":"max-image-preview:large","max-video-preview":"max-video-preview:-1"},"canonical":"https:\/\/forbabyboss.com\/de\/product\/3-in-1-reisesystem-mit-babyschale-und-buggy-geeignet-fur-madchen-und-jungen-ab-geburt-in-mintgrau\/","og_locale":"de_DE","og_type":"article","og_title":"3 in 1 Baby Pram Buggy Travel System Car Seat Pushchair from Birth Girls Boys in Mint & Grey - For Baby Boss","og_description":"Save 10%\u00a0when you buy\u00a0TODAY! Delivery \u2013 7\u00a0days","og_url":"https:\/\/forbabyboss.com\/de\/product\/3-in-1-reisesystem-mit-babyschale-und-buggy-geeignet-fur-madchen-und-jungen-ab-geburt-in-mintgrau\/","og_site_name":"For Baby Boss","article_modified_time":"2026-02-18T20:18:46+00:00","og_image":[{"width":1600,"height":1600,"url":"https:\/\/forbabyboss.com\/wp-content\/uploads\/2021\/01\/Baby-Pram-Buggy-3-in-1-Travel-System-Car-Seat-Pushchair-from-Birth-Girls-Boys-in-Mint-Grey.png","type":"image\/png"}],"twitter_card":"summary_large_image","twitter_misc":{"Gesch\u00e4tzte Lesezeit":"3\u00a0Minuten"},"schema":{"@context":"https:\/\/schema.org","@graph":[{"@type":"WebPage","@id":"https:\/\/forbabyboss.com\/product\/baby-pram-buggy-3-in-1-travel-system-car-seat-pushchair-from-birth-girls-boys-in-mint-grey\/","url":"https:\/\/forbabyboss.com\/product\/baby-pram-buggy-3-in-1-travel-system-car-seat-pushchair-from-birth-girls-boys-in-mint-grey\/","name":"3-in-1-Kinderwagen-Buggy-Reisesystem mit Autositz und Buggy ab Geburt f\u00fcr M\u00e4dchen und Jungen in Mint &amp; Grau \u2013 f\u00fcr Baby Boss","isPartOf":{"@id":"https:\/\/powderblue-seahorse-496884.hostingersite.com\/#website"},"primaryImageOfPage":{"@id":"https:\/\/forbabyboss.com\/product\/baby-pram-buggy-3-in-1-travel-system-car-seat-pushchair-from-birth-girls-boys-in-mint-grey\/#primaryimage"},"image":{"@id":"https:\/\/forbabyboss.com\/product\/baby-pram-buggy-3-in-1-travel-system-car-seat-pushchair-from-birth-girls-boys-in-mint-grey\/#primaryimage"},"thumbnailUrl":"https:\/\/forbabyboss.com\/wp-content\/uploads\/2021\/01\/Baby-Pram-Buggy-3-in-1-Travel-System-Car-Seat-Pushchair-from-Birth-Girls-Boys-in-Mint-Grey.png","datePublished":"2021-01-19T07:51:30+00:00","dateModified":"2026-02-18T20:18:46+00:00","breadcrumb":{"@id":"https:\/\/forbabyboss.com\/product\/baby-pram-buggy-3-in-1-travel-system-car-seat-pushchair-from-birth-girls-boys-in-mint-grey\/#breadcrumb"},"inLanguage":"de","potentialAction":[{"@type":"ReadAction","target":["https:\/\/forbabyboss.com\/product\/baby-pram-buggy-3-in-1-travel-system-car-seat-pushchair-from-birth-girls-boys-in-mint-grey\/"]}]},{"@type":"ImageObject","inLanguage":"de","@id":"https:\/\/forbabyboss.com\/product\/baby-pram-buggy-3-in-1-travel-system-car-seat-pushchair-from-birth-girls-boys-in-mint-grey\/#primaryimage","url":"https:\/\/forbabyboss.com\/wp-content\/uploads\/2021\/01\/Baby-Pram-Buggy-3-in-1-Travel-System-Car-Seat-Pushchair-from-Birth-Girls-Boys-in-Mint-Grey.png","contentUrl":"https:\/\/forbabyboss.com\/wp-content\/uploads\/2021\/01\/Baby-Pram-Buggy-3-in-1-Travel-System-Car-Seat-Pushchair-from-Birth-Girls-Boys-in-Mint-Grey.png","width":1600,"height":1600},{"@type":"BreadcrumbList","@id":"https:\/\/forbabyboss.com\/product\/baby-pram-buggy-3-in-1-travel-system-car-seat-pushchair-from-birth-girls-boys-in-mint-grey\/#breadcrumb","itemListElement":[{"@type":"ListItem","position":1,"name":"Home","item":"https:\/\/forbabyboss.com\/"},{"@type":"ListItem","position":2,"name":"Shop","item":"https:\/\/forbabyboss.com\/shop\/"},{"@type":"ListItem","position":3,"name":"3 in 1 Baby Pram Buggy Travel System Car Seat Pushchair from Birth Girls Boys in Mint &#038; Grey"}]},{"@type":"WebSite","@id":"https:\/\/powderblue-seahorse-496884.hostingersite.com\/#website","url":"https:\/\/powderblue-seahorse-496884.hostingersite.com\/","name":"F\u00fcr Baby Boss","description":"Wundersch\u00f6ne Geschenke und Accessoires f\u00fcr Ihren kleinen Chef","potentialAction":[{"@type":"SearchAction","target":{"@type":"EntryPoint","urlTemplate":"https:\/\/powderblue-seahorse-496884.hostingersite.com\/?s={search_term_string}"},"query-input":{"@type":"PropertyValueSpecification","valueRequired":true,"valueName":"search_term_string"}}],"inLanguage":"de"}]}},"_links":{"self":[{"href":"https:\/\/forbabyboss.com\/de\/wp-json\/wp\/v2\/product\/2520","targetHints":{"allow":["GET"]}}],"collection":[{"href":"https:\/\/forbabyboss.com\/de\/wp-json\/wp\/v2\/product"}],"about":[{"href":"https:\/\/forbabyboss.com\/de\/wp-json\/wp\/v2\/types\/product"}],"wp:featuredmedia":[{"embeddable":true,"href":"https:\/\/forbabyboss.com\/de\/wp-json\/wp\/v2\/media\/2521"}],"wp:attachment":[{"href":"https:\/\/forbabyboss.com\/de\/wp-json\/wp\/v2\/media?parent=2520"}],"wp:term":[{"taxonomy":"product_brand","embeddable":true,"href":"https:\/\/forbabyboss.com\/de\/wp-json\/wp\/v2\/product_brand?post=2520"},{"taxonomy":"product_cat","embeddable":true,"href":"https:\/\/forbabyboss.com\/de\/wp-json\/wp\/v2\/product_cat?post=2520"},{"taxonomy":"product_tag","embeddable":true,"href":"https:\/\/forbabyboss.com\/de\/wp-json\/wp\/v2\/product_tag?post=2520"}],"curies":[{"name":"wp","href":"https:\/\/api.w.org\/{rel}","templated":true}]}}