{"id":3646,"date":"2022-09-18T08:44:30","date_gmt":"2022-09-18T08:44:30","guid":{"rendered":"http:\/\/forbabyboss.com\/?post_type=product&#038;p=3646"},"modified":"2023-10-03T00:08:57","modified_gmt":"2023-10-03T00:08:57","slug":"schwarzer-und-goldener-leichter-kinderwagen-und-buggy","status":"publish","type":"product","link":"https:\/\/forbabyboss.com\/de\/product\/black-and-gold-lightweight-stroller-pram-and-pushchair\/","title":{"rendered":"Leichter Kinderwagen und Buggy in Schwarz und Gold"},"content":{"rendered":"<div class=\"span12\">\n<div class=\"row\">\n<div class=\"span12\">\n<div class=\"span12\" style=\"text-align: justify;\">\n<p><strong><span style=\"color: #e14d43;\"><span style=\"font-family: Arial; font-size: medium;\">Komfortabel<\/span><span style=\"font-family: Arial; font-size: medium;\">scheuernder Raum\u00a0<\/span><\/span><\/strong><\/p>\n<h4><span style=\"font-family: Arial; font-size: medium; color: #000000;\"><span style=\"color: #000000; font-family: Arial; font-size: medium;\"><b>Die R\u00fcckenlehne des Kinderwagens ist dreifach verstellbar. Durch Ziehen am Gurt l\u00e4sst sich die Sitzfl\u00e4che einfach ausrichten, sodass Ihr Baby bequem einschlafen kann. Die Sitzfl\u00e4che misst 36 cm x 81 cm (inkl. Fu\u00dfst\u00fctze).<\/b><\/span><\/span><\/h4>\n<div><strong><span style=\"color: #e14d43;\"><span style=\"font-size: 14.4px;\">Leicht und einfach zusammenklappbar<\/span><\/span><\/strong><\/div>\n<div>\n<div><span style=\"color: #000000;\"><span style=\"color: #000000;\"><b>Leicht und tragbar, einh\u00e4ndig faltbar, Zugstangendesign, kompakte Gr\u00f6\u00dfe (60 cm x 48 cm x 26 cm)<\/b><span style=\"font-size: 14.4px;\"><b>), einfach<\/b><\/span><b> Leicht zu transportieren, ideal f\u00fcr Flugreisen, passt in jeden Kofferraum oder kann am ausziehbaren Griff gezogen werden.<\/b><\/span><\/span><\/div>\n<div><\/div>\n<div>\n<div><strong><span style=\"color: #e14d43;\">Sicherheitsschutz<\/span><\/strong><\/div>\n<div><span style=\"color: #000000;\"><span style=\"color: #000000;\"><b>Mit F\u00fcnfpunkt-Sicherheitsgurt (h\u00f6henverstellbar)<\/b><span style=\"font-size: 14.4px;\"><b>), zu \u00f6ffnen<\/b><\/span><b> Mit Baby-Handlauf; jeder Kinderwagen wurde einem Drucktest unterzogen, um die Sicherheit jedes Babys zu gew\u00e4hrleisten.<\/b><\/span><\/span><\/div>\n<div><\/div>\n<div>\n<div><strong><span style=\"color: #e14d43;\">Ger\u00e4uscharmes und sto\u00dfd\u00e4mpfendes Rad<\/span><\/strong><\/div>\n<div><strong><span style=\"color: #000000;\">Alle R\u00e4der sind mit sto\u00dfd\u00e4mpfenden Federn ausgestattet, um das Baby vor St\u00f6\u00dfen zu sch\u00fctzen. Sie bieten Wendigkeit und einfache Handhabung auf jedem Untergrund.<\/span><\/strong><\/div>\n<\/div>\n<div><\/div>\n<div>\n<p><span style=\"color: #e14d43;\"><strong>Zubeh\u00f6r inklusive<\/strong><strong>\u00a0frei:<\/strong><\/span><\/p>\n<div><strong><span style=\"color: #000000;\">1. Aufbewahrungsbeutel<\/span><\/strong><\/div>\n<div><strong><span style=\"color: #000000;\">2. Sitzmatte aus k\u00fchlendem Memory-Schaum<\/span><\/strong><\/div>\n<div><strong><span style=\"color: #000000;\">3. Moskitonetz<\/span><\/strong><\/div>\n<div><strong><span style=\"color: #000000;\">4. Flaschenhalter<\/span><\/strong><\/div>\n<div><strong><span style=\"color: #000000;\">5. Regenschutz<\/span><\/strong><\/div>\n<div><strong><span style=\"color: #000000;\">6. Bedienungsanleitung<\/span><\/strong><\/div>\n<\/div>\n<div><strong><span style=\"color: #000000;\">7. Geld zur\u00fcck\u00a0<\/span><\/strong><span style=\"color: #000000;\"><span style=\"font-size: 14.4px;\"><b>Garantie<\/b><\/span><\/span><\/div>\n<div><span style=\"color: #000000;\">\u00a0<\/span><\/div>\n<div>\n<p><strong><span style=\"color: #000000; font-family: Arial;\"><span style=\"color: #e14d43;\">Merkmale<\/span>:<\/span><\/strong><\/p>\n<ul>\n<li style=\"text-align: justify;\"><strong><span style=\"font-family: Arial; font-size: medium; color: #000000;\">Geeignet f\u00fcr Babys ab 0 Monaten bis zu einem Gewicht von 15 kg (ca. 2 Jahre).<\/span><\/strong><\/li>\n<li style=\"text-align: justify;\"><span style=\"font-family: Arial; font-size: medium; color: #000000;\"><span style=\"color: #000000; font-family: Arial; font-size: medium;\"><b>Die verstellbare Babyfu\u00dfst\u00fctze eignet sich f\u00fcr jede Wachstumsphase des Babys.<\/b><\/span><\/span><\/li>\n<li style=\"text-align: justify;\"><strong><span style=\"color: #000000;\">Komfortabler Leder-Schiebegriff<\/span><\/strong><\/li>\n<li style=\"text-align: justify;\"><strong><span style=\"font-family: Arial; font-size: medium; color: #000000;\">Leicht und klein zusammengefaltet, daher sehr einfach zu transportieren und zu verstauen.<\/span><\/strong><\/li>\n<li style=\"text-align: justify;\"><strong><span style=\"color: #000000;\">Das gesamte Federungssystem ist erstklassig (A++).<\/span><\/strong><\/li>\n<li style=\"text-align: justify;\"><strong><span style=\"font-family: Arial; font-size: medium; color: #000000;\">Gro\u00dfer Aufbewahrungskorb.<\/span><\/strong><\/li>\n<li style=\"text-align: justify;\"><strong><span style=\"font-family: Arial; font-size: medium; color: #000000;\">Hinterradbremsen.<\/span><\/strong><\/li>\n<li style=\"text-align: justify;\"><strong><span style=\"font-family: Arial; font-size: medium; color: #000000;\">5-Punkt-Gurt.<\/span><\/strong><\/li>\n<li style=\"text-align: justify;\"><strong><span style=\"font-family: Arial; font-size: medium; color: #000000;\">Einklemmschutzdesign zum Schutz der Finger<\/span><\/strong><\/li>\n<li style=\"text-align: justify;\"><strong><span style=\"font-family: Arial; font-size: medium; color: #000000;\">UV-Schutz und wasserdichtes Verdeck, in 3 Positionen verstellbar<\/span><\/strong><\/li>\n<li style=\"text-align: justify;\"><strong><span style=\"font-family: Arial; font-size: medium; color: #000000;\">Rahmen aus Luftfahrtaluminiumlegierung, robust und langlebig.<\/span><\/strong><\/li>\n<li style=\"text-align: justify;\"><strong><span style=\"font-family: Arial; font-size: medium; color: #000000;\">360-Grad-Schwenk-Vorderrad.<\/span><\/strong><\/li>\n<li style=\"text-align: justify;\"><span style=\"font-family: Arial; font-size: medium; color: #000000;\"><span style=\"color: #000000; font-family: Arial; font-size: medium;\"><b>Einfaches Zusammen- und Ausklappen innerhalb von 2 Sekunden.<\/b><\/span><\/span><\/li>\n<li style=\"text-align: justify;\"><strong><span style=\"font-family: Arial; font-size: medium; color: #000000;\">Doppelfederungsr\u00e4der<\/span><\/strong><\/li>\n<li style=\"text-align: justify;\"><span style=\"font-family: Arial; font-size: medium; color: #000000;\"><strong>Umweltfreundliche Materialien<\/strong>.<\/span><\/li>\n<\/ul>\n<p style=\"text-align: justify;\"><strong><span style=\"color: #000000; font-family: Arial;\"><span style=\"color: #e14d43;\">Spezifikationen<\/span>:<\/span><\/strong><\/p>\n<ul>\n<li style=\"text-align: justify;\"><strong><span style=\"font-family: Arial; font-size: medium; color: #000000;\">Material: Kohlenstoffstahl + Kunststoff + EVA-Gummi + Leder<\/span><\/strong><\/li>\n<li style=\"text-align: justify;\"><strong><span style=\"font-family: Arial; font-size: medium; color: #000000;\">Farben: Schwarz, Grau, Blau, Rosa, Beige<\/span><\/strong><\/li>\n<li style=\"text-align: justify;\"><strong><span style=\"font-family: Arial; font-size: medium; color: #000000;\">Gesamtgr\u00f6\u00dfe: 98 x 66 x 36 cm<\/span><\/strong><\/li>\n<li style=\"text-align: justify;\"><strong><span style=\"font-family: Arial; font-size: medium; color: #000000;\">Maximale Belastbarkeit: 15 kg<\/span><\/strong><\/li>\n<li style=\"text-align: justify;\"><strong><span style=\"font-family: Arial; font-size: medium; color: #000000;\">Nettogewicht: 8,0 kg<\/span><\/strong><\/li>\n<\/ul>\n<h4><a href=\"http:\/\/forbabyboss.com\/wp-content\/uploads\/2022\/09\/checkout.png\"><img loading=\"lazy\" decoding=\"async\" class=\"alignnone size-full wp-image-5965\" src=\"http:\/\/forbabyboss.com\/wp-content\/uploads\/2022\/09\/checkout.png\" alt=\"\" width=\"750\" height=\"276\" srcset=\"https:\/\/forbabyboss.com\/wp-content\/uploads\/2022\/09\/checkout.png 750w, https:\/\/forbabyboss.com\/wp-content\/uploads\/2022\/09\/checkout-600x221.png 600w\" sizes=\"auto, (max-width: 750px) 100vw, 750px\" \/><\/a><\/h4>\n<\/div>\n<\/div>\n<\/div>\n<\/div>\n<\/div>\n<\/div>\n<\/div>","protected":false},"excerpt":{"rendered":"<p style=\"text-align: center;\"><a href=\"http:\/\/forbabyboss.com\/wp-content\/uploads\/2022\/09\/Star-Rating-5.png\"><img loading=\"lazy\" decoding=\"async\" class=\"alignnone size-full wp-image-5973\" src=\"http:\/\/forbabyboss.com\/wp-content\/uploads\/2022\/09\/Star-Rating-5.png\" alt=\"\" width=\"275\" height=\"45\" \/><\/a><\/p>\n<p style=\"text-align: center;\"><strong><span style=\"color: #e14d43;\">PREISGARANTIE<\/span><\/strong><\/p>\n<p style=\"text-align: center;\"><span style=\"font-weight: 400; color: #333399;\">Kostenloser Versand<\/span><span style=\"font-weight: 400;\"><span style=\"color: #333399;\"> \u2013<\/span> 2 \u2013 7 Tage<\/span><\/p>\n<p style=\"text-align: center;\"><strong>Gratisgeschenk ab einem Einkaufswert von 100 \u00a3<\/strong><\/p>","protected":false},"featured_media":3648,"template":"","meta":[],"product_brand":[],"product_cat":[334,207,305,208,130,209,211],"product_tag":[171],"class_list":{"0":"post-3646","1":"product","2":"type-product","3":"status-publish","4":"has-post-thumbnail","6":"product_cat-200-to-300","7":"product_cat-black","8":"product_cat-colour","9":"product_cat-gold","10":"product_cat-prams","11":"product_cat-push-chairs","12":"product_cat-stroller","13":"product_tag-pram","15":"first","16":"instock","17":"sale","18":"shipping-taxable","19":"purchasable","20":"product-type-simple"},"yoast_head":"<!-- This site is optimized with the Yoast SEO plugin v27.5 - https:\/\/yoast.com\/product\/yoast-seo-wordpress\/ -->\n<title>Black and Gold Lightweight Stroller Pram and Pushchair - For Baby Boss<\/title>\n<meta name=\"description\" content=\"Black and Gold Lightweight Stroller Pram and Pushchair\" \/>\n<meta name=\"robots\" content=\"index, follow, max-snippet:-1, max-image-preview:large, max-video-preview:-1\" \/>\n<link rel=\"canonical\" href=\"https:\/\/forbabyboss.com\/de\/product\/schwarzer-und-goldener-leichter-kinderwagen-und-buggy\/\" \/>\n<meta property=\"og:locale\" content=\"de_DE\" \/>\n<meta property=\"og:type\" content=\"article\" \/>\n<meta property=\"og:title\" content=\"Black and Gold Lightweight Stroller Pram and Pushchair - For Baby Boss\" \/>\n<meta property=\"og:description\" content=\"Black and Gold Lightweight Stroller Pram and Pushchair\" \/>\n<meta property=\"og:url\" content=\"https:\/\/forbabyboss.com\/de\/product\/schwarzer-und-goldener-leichter-kinderwagen-und-buggy\/\" \/>\n<meta property=\"og:site_name\" content=\"For Baby Boss\" \/>\n<meta property=\"article:modified_time\" content=\"2023-10-03T00:08:57+00:00\" \/>\n<meta property=\"og:image\" content=\"https:\/\/forbabyboss.com\/wp-content\/uploads\/2022\/09\/BABY-PRAM-TROLLEY-PULL-CHILDRENS-PUSHCHAIR-BUGGY-STROLLER-LIGHTWEIGHT-UK-BLACK_Main.jpg\" \/>\n\t<meta property=\"og:image:width\" content=\"1600\" \/>\n\t<meta property=\"og:image:height\" content=\"1600\" \/>\n\t<meta property=\"og:image:type\" content=\"image\/jpeg\" \/>\n<meta name=\"twitter:card\" content=\"summary_large_image\" \/>\n<meta name=\"twitter:label1\" content=\"Gesch\u00e4tzte Lesezeit\" \/>\n\t<meta name=\"twitter:data1\" content=\"2\u00a0Minuten\" \/>\n<script type=\"application\/ld+json\" class=\"yoast-schema-graph\">{\"@context\":\"https:\\\/\\\/schema.org\",\"@graph\":[{\"@type\":\"WebPage\",\"@id\":\"https:\\\/\\\/forbabyboss.com\\\/product\\\/black-and-gold-lightweight-stroller-pram-and-pushchair\\\/\",\"url\":\"https:\\\/\\\/forbabyboss.com\\\/product\\\/black-and-gold-lightweight-stroller-pram-and-pushchair\\\/\",\"name\":\"Black and Gold Lightweight Stroller Pram and Pushchair - For Baby Boss\",\"isPartOf\":{\"@id\":\"https:\\\/\\\/powderblue-seahorse-496884.hostingersite.com\\\/#website\"},\"primaryImageOfPage\":{\"@id\":\"https:\\\/\\\/forbabyboss.com\\\/product\\\/black-and-gold-lightweight-stroller-pram-and-pushchair\\\/#primaryimage\"},\"image\":{\"@id\":\"https:\\\/\\\/forbabyboss.com\\\/product\\\/black-and-gold-lightweight-stroller-pram-and-pushchair\\\/#primaryimage\"},\"thumbnailUrl\":\"https:\\\/\\\/forbabyboss.com\\\/wp-content\\\/uploads\\\/2022\\\/09\\\/BABY-PRAM-TROLLEY-PULL-CHILDRENS-PUSHCHAIR-BUGGY-STROLLER-LIGHTWEIGHT-UK-BLACK_Main.jpg\",\"datePublished\":\"2022-09-18T08:44:30+00:00\",\"dateModified\":\"2023-10-03T00:08:57+00:00\",\"description\":\"Black and Gold Lightweight Stroller Pram and Pushchair\",\"breadcrumb\":{\"@id\":\"https:\\\/\\\/forbabyboss.com\\\/product\\\/black-and-gold-lightweight-stroller-pram-and-pushchair\\\/#breadcrumb\"},\"inLanguage\":\"de\",\"potentialAction\":[{\"@type\":\"ReadAction\",\"target\":[\"https:\\\/\\\/forbabyboss.com\\\/product\\\/black-and-gold-lightweight-stroller-pram-and-pushchair\\\/\"]}]},{\"@type\":\"ImageObject\",\"inLanguage\":\"de\",\"@id\":\"https:\\\/\\\/forbabyboss.com\\\/product\\\/black-and-gold-lightweight-stroller-pram-and-pushchair\\\/#primaryimage\",\"url\":\"https:\\\/\\\/forbabyboss.com\\\/wp-content\\\/uploads\\\/2022\\\/09\\\/BABY-PRAM-TROLLEY-PULL-CHILDRENS-PUSHCHAIR-BUGGY-STROLLER-LIGHTWEIGHT-UK-BLACK_Main.jpg\",\"contentUrl\":\"https:\\\/\\\/forbabyboss.com\\\/wp-content\\\/uploads\\\/2022\\\/09\\\/BABY-PRAM-TROLLEY-PULL-CHILDRENS-PUSHCHAIR-BUGGY-STROLLER-LIGHTWEIGHT-UK-BLACK_Main.jpg\",\"width\":1600,\"height\":1600,\"caption\":\"BABY PRAM TROLLEY PULL CHILDRENS PUSHCHAIR BUGGY STROLLER LIGHTWEIGHT UK - BLACK\"},{\"@type\":\"BreadcrumbList\",\"@id\":\"https:\\\/\\\/forbabyboss.com\\\/product\\\/black-and-gold-lightweight-stroller-pram-and-pushchair\\\/#breadcrumb\",\"itemListElement\":[{\"@type\":\"ListItem\",\"position\":1,\"name\":\"Home\",\"item\":\"https:\\\/\\\/forbabyboss.com\\\/\"},{\"@type\":\"ListItem\",\"position\":2,\"name\":\"Shop\",\"item\":\"https:\\\/\\\/forbabyboss.com\\\/shop\\\/\"},{\"@type\":\"ListItem\",\"position\":3,\"name\":\"Black and Gold Lightweight Stroller Pram and Pushchair\"}]},{\"@type\":\"WebSite\",\"@id\":\"https:\\\/\\\/powderblue-seahorse-496884.hostingersite.com\\\/#website\",\"url\":\"https:\\\/\\\/powderblue-seahorse-496884.hostingersite.com\\\/\",\"name\":\"For Baby Boss\",\"description\":\"Beautiful gifts and accessories for your baby boss\",\"potentialAction\":[{\"@type\":\"SearchAction\",\"target\":{\"@type\":\"EntryPoint\",\"urlTemplate\":\"https:\\\/\\\/powderblue-seahorse-496884.hostingersite.com\\\/?s={search_term_string}\"},\"query-input\":{\"@type\":\"PropertyValueSpecification\",\"valueRequired\":true,\"valueName\":\"search_term_string\"}}],\"inLanguage\":\"de\"}]}<\/script>\n<!-- \/ Yoast SEO plugin. -->","yoast_head_json":{"title":"Leichter Buggy in Schwarz und Gold \u2013 f\u00fcr Baby Boss","description":"Leichter Kinderwagen und Buggy in Schwarz und Gold","robots":{"index":"index","follow":"follow","max-snippet":"max-snippet:-1","max-image-preview":"max-image-preview:large","max-video-preview":"max-video-preview:-1"},"canonical":"https:\/\/forbabyboss.com\/de\/product\/schwarzer-und-goldener-leichter-kinderwagen-und-buggy\/","og_locale":"de_DE","og_type":"article","og_title":"Black and Gold Lightweight Stroller Pram and Pushchair - For Baby Boss","og_description":"Black and Gold Lightweight Stroller Pram and Pushchair","og_url":"https:\/\/forbabyboss.com\/de\/product\/schwarzer-und-goldener-leichter-kinderwagen-und-buggy\/","og_site_name":"For Baby Boss","article_modified_time":"2023-10-03T00:08:57+00:00","og_image":[{"width":1600,"height":1600,"url":"https:\/\/forbabyboss.com\/wp-content\/uploads\/2022\/09\/BABY-PRAM-TROLLEY-PULL-CHILDRENS-PUSHCHAIR-BUGGY-STROLLER-LIGHTWEIGHT-UK-BLACK_Main.jpg","type":"image\/jpeg"}],"twitter_card":"summary_large_image","twitter_misc":{"Gesch\u00e4tzte Lesezeit":"2\u00a0Minuten"},"schema":{"@context":"https:\/\/schema.org","@graph":[{"@type":"WebPage","@id":"https:\/\/forbabyboss.com\/product\/black-and-gold-lightweight-stroller-pram-and-pushchair\/","url":"https:\/\/forbabyboss.com\/product\/black-and-gold-lightweight-stroller-pram-and-pushchair\/","name":"Leichter Buggy in Schwarz und Gold \u2013 f\u00fcr Baby Boss","isPartOf":{"@id":"https:\/\/powderblue-seahorse-496884.hostingersite.com\/#website"},"primaryImageOfPage":{"@id":"https:\/\/forbabyboss.com\/product\/black-and-gold-lightweight-stroller-pram-and-pushchair\/#primaryimage"},"image":{"@id":"https:\/\/forbabyboss.com\/product\/black-and-gold-lightweight-stroller-pram-and-pushchair\/#primaryimage"},"thumbnailUrl":"https:\/\/forbabyboss.com\/wp-content\/uploads\/2022\/09\/BABY-PRAM-TROLLEY-PULL-CHILDRENS-PUSHCHAIR-BUGGY-STROLLER-LIGHTWEIGHT-UK-BLACK_Main.jpg","datePublished":"2022-09-18T08:44:30+00:00","dateModified":"2023-10-03T00:08:57+00:00","description":"Leichter Kinderwagen und Buggy in Schwarz und Gold","breadcrumb":{"@id":"https:\/\/forbabyboss.com\/product\/black-and-gold-lightweight-stroller-pram-and-pushchair\/#breadcrumb"},"inLanguage":"de","potentialAction":[{"@type":"ReadAction","target":["https:\/\/forbabyboss.com\/product\/black-and-gold-lightweight-stroller-pram-and-pushchair\/"]}]},{"@type":"ImageObject","inLanguage":"de","@id":"https:\/\/forbabyboss.com\/product\/black-and-gold-lightweight-stroller-pram-and-pushchair\/#primaryimage","url":"https:\/\/forbabyboss.com\/wp-content\/uploads\/2022\/09\/BABY-PRAM-TROLLEY-PULL-CHILDRENS-PUSHCHAIR-BUGGY-STROLLER-LIGHTWEIGHT-UK-BLACK_Main.jpg","contentUrl":"https:\/\/forbabyboss.com\/wp-content\/uploads\/2022\/09\/BABY-PRAM-TROLLEY-PULL-CHILDRENS-PUSHCHAIR-BUGGY-STROLLER-LIGHTWEIGHT-UK-BLACK_Main.jpg","width":1600,"height":1600,"caption":"BABY PRAM TROLLEY PULL CHILDRENS PUSHCHAIR BUGGY STROLLER LIGHTWEIGHT UK - BLACK"},{"@type":"BreadcrumbList","@id":"https:\/\/forbabyboss.com\/product\/black-and-gold-lightweight-stroller-pram-and-pushchair\/#breadcrumb","itemListElement":[{"@type":"ListItem","position":1,"name":"Home","item":"https:\/\/forbabyboss.com\/"},{"@type":"ListItem","position":2,"name":"Shop","item":"https:\/\/forbabyboss.com\/shop\/"},{"@type":"ListItem","position":3,"name":"Black and Gold Lightweight Stroller Pram and Pushchair"}]},{"@type":"WebSite","@id":"https:\/\/powderblue-seahorse-496884.hostingersite.com\/#website","url":"https:\/\/powderblue-seahorse-496884.hostingersite.com\/","name":"F\u00fcr Baby Boss","description":"Wundersch\u00f6ne Geschenke und Accessoires f\u00fcr Ihren kleinen Chef","potentialAction":[{"@type":"SearchAction","target":{"@type":"EntryPoint","urlTemplate":"https:\/\/powderblue-seahorse-496884.hostingersite.com\/?s={search_term_string}"},"query-input":{"@type":"PropertyValueSpecification","valueRequired":true,"valueName":"search_term_string"}}],"inLanguage":"de"}]}},"_links":{"self":[{"href":"https:\/\/forbabyboss.com\/de\/wp-json\/wp\/v2\/product\/3646","targetHints":{"allow":["GET"]}}],"collection":[{"href":"https:\/\/forbabyboss.com\/de\/wp-json\/wp\/v2\/product"}],"about":[{"href":"https:\/\/forbabyboss.com\/de\/wp-json\/wp\/v2\/types\/product"}],"wp:featuredmedia":[{"embeddable":true,"href":"https:\/\/forbabyboss.com\/de\/wp-json\/wp\/v2\/media\/3648"}],"wp:attachment":[{"href":"https:\/\/forbabyboss.com\/de\/wp-json\/wp\/v2\/media?parent=3646"}],"wp:term":[{"taxonomy":"product_brand","embeddable":true,"href":"https:\/\/forbabyboss.com\/de\/wp-json\/wp\/v2\/product_brand?post=3646"},{"taxonomy":"product_cat","embeddable":true,"href":"https:\/\/forbabyboss.com\/de\/wp-json\/wp\/v2\/product_cat?post=3646"},{"taxonomy":"product_tag","embeddable":true,"href":"https:\/\/forbabyboss.com\/de\/wp-json\/wp\/v2\/product_tag?post=3646"}],"curies":[{"name":"wp","href":"https:\/\/api.w.org\/{rel}","templated":true}]}}