{"id":4000,"date":"2022-09-20T15:22:08","date_gmt":"2022-09-20T15:22:08","guid":{"rendered":"http:\/\/forbabyboss.com\/?post_type=product&#038;p=4000"},"modified":"2023-10-03T11:15:08","modified_gmt":"2023-10-03T11:15:08","slug":"kinderwagen-buggy-modernes-reisesystem-3-in-1-4-in-1-15-graue-blumen","status":"publish","type":"product","link":"https:\/\/forbabyboss.com\/de\/product\/baby-pram-pushchair-modern-travel-system-3in1-4in1-15-grey-flowers\/","title":{"rendered":"Kinderwagen, modernes Reisesystem 3-in-1 \u2013 4-in-1 \u2013 15 Grau + Blumen"},"content":{"rendered":"<h1 style=\"text-align: left;\"><span style=\"color: #e14d43;\"><strong><span style=\"font-size: 115%;\">NEXXO Kinderwagen-Reisesystem 4 in 1 + Autositz + Regenschutz<\/span><\/strong><\/span><\/h1>\n<p style=\"text-align: justify;\" align=\"center\"><strong><span style=\"font-size: medium; color: #282828;\">NEXXO ist ein modernes, multifunktionales Kinderwagen-Reisesystem f\u00fcr Eltern, die ein Produkt f\u00fcr den langfristigen Einsatz suchen. Je nach Bedarf und Alter des Kindes kann Nexxo als Kinderwagen oder Buggy genutzt werden. Es wurde entwickelt, um Ihr Baby oder Kleinkind von der Geburt bis zum 3. Lebensjahr oder von 0 bis 15 kg komfortabel zu transportieren.<br \/>\n<\/span><\/strong><\/p>\n<p style=\"text-align: justify;\" align=\"center\"><strong><span style=\"font-size: medium; color: #282828;\">Hergestellt in Europa aus hochwertigen Materialien, leichter Aluminiumrahmen, modernes Design.<br \/>\n<\/span><\/strong><\/p>\n<p style=\"text-align: justify;\" align=\"center\"><strong><span style=\"font-size: medium; color: #282828;\">Der leichte Aluminiumrahmen mit einstellbarem Sto\u00dfd\u00e4mpfer sorgt f\u00fcr ein sehr einfaches Fahrgef\u00fchl.<br \/>\n<\/span><\/strong><\/p>\n<p style=\"text-align: justify;\" align=\"center\"><strong><span style=\"font-size: medium; color: #282828;\">Der Trolleybezug besteht aus hochwertigen, impr\u00e4gnierten und kinderfreundlichen Materialien. Diese sind farbecht, wasserdicht und sorgen je nach Wetterlage f\u00fcr eine angenehme Temperatur im Inneren. Innenfutter und Bez\u00fcge sind herausnehmbar und mit hypoallergener Baumwolle gef\u00fcllt.\u00a0<\/span><\/strong><\/p>\n<p style=\"text-align: justify;\" align=\"center\"><strong><span style=\"font-size: large; color: #282828;\"><span style=\"color: #e14d43;\">Produktmerkmale<\/span>:<\/span><\/strong><\/p>\n<p style=\"text-align: justify;\" align=\"center\"><strong><span style=\"font-size: medium; color: #282828;\">2-in-1- oder 3-in-1-Reisesystem<br \/>\n<\/span><\/strong><\/p>\n<p style=\"text-align: justify;\" align=\"center\"><strong><span style=\"font-size: medium; color: #282828;\">Solider, leichter Aluminiumrahmen;<br \/>\n<\/span><\/strong><\/p>\n<p style=\"text-align: justify;\" align=\"center\"><strong><span style=\"font-size: medium; color: #282828;\">Verstellbare Sto\u00dfd\u00e4mpfer\u00a0<\/span><\/strong><\/p>\n<p style=\"text-align: justify;\" align=\"center\"><strong><span style=\"font-size: large; color: #282828;\"><span style=\"color: #e14d43;\">Kinderwagen<\/span>:<\/span><\/strong><\/p>\n<ul>\n<li style=\"text-align: justify;\"><strong><span style=\"font-size: medium; color: #282828;\">Verstellbare Kapuze \/ Luxus-Innenfutter \/ Tragegriff \/ Abnehmbarer Sto\u00dff\u00e4nger<br \/>\n<\/span><\/strong><\/li>\n<li style=\"text-align: justify;\"><strong><span style=\"font-size: medium; color: #282828;\">Das Innenfutter besteht aus kinderfreundlicher, hypoallergener Baumwolle und ist atmungsaktiv.<br \/>\n<\/span><\/strong><\/li>\n<li style=\"text-align: justify;\"><strong><span style=\"color: #282828;\"><span style=\"font-size: medium;\">Arretierbar, um 360\u00b0 drehbar, luftgef\u00fcllt \u2013 g<\/span><span style=\"font-size: medium;\">hat eine wesentlich ruhigere und weniger holprige Fahrt<\/span><\/span><\/strong><\/li>\n<li style=\"text-align: justify;\"><strong><span style=\"font-size: medium; color: #282828;\">Vorderr\u00e4der mit Lagern,<br \/>\n<\/span><\/strong><\/li>\n<li style=\"text-align: justify;\"><strong><span style=\"font-size: medium; color: #282828;\">Zentralbremse \u201cStop &amp; Go\u201d;<br \/>\n<\/span><\/strong><\/li>\n<li style=\"text-align: justify;\"><strong><span style=\"font-size: medium; color: #282828;\">Auswechselbare Sonnenblende f\u00fcr besseren Sonnenschutz in der Sitzeinheit;<br \/>\n<\/span><\/strong><\/li>\n<li style=\"text-align: justify;\"><strong><span style=\"font-size: medium; color: #282828;\">Babywanne mit 4-fach verstellbarer R\u00fcckenlehne<br \/>\n<\/span><\/strong><\/li>\n<li style=\"text-align: justify;\"><strong><span style=\"font-size: medium; color: #282828;\">Babywanne und Sitzverdeck bel\u00fcftet;<br \/>\n<\/span><\/strong><\/li>\n<li style=\"text-align: justify;\"><strong><span style=\"font-size: medium; color: #282828;\">Vierfach verstellbarer Griff, bezogen mit \u00d6ko-Leder;<br \/>\n<\/span><\/strong><\/li>\n<li style=\"text-align: justify;\"><strong><span style=\"font-size: medium; color: #282828;\">nach vorne und nach hinten gerichtetes System,<\/span><\/strong><\/li>\n<\/ul>\n<p style=\"text-align: justify;\" align=\"center\"><strong><span style=\"font-size: large; color: #282828;\"><span style=\"color: #e14d43;\">Kinderwagen<\/span>:<\/span><\/strong><\/p>\n<ul>\n<li style=\"text-align: justify;\"><strong><span style=\"font-size: medium; color: #282828;\">ausgestattet mit verstellbarer Fu\u00dfst\u00fctze und R\u00fcckenlehne;<br \/>\n<\/span><\/strong><\/li>\n<li style=\"text-align: justify;\"><strong><span style=\"font-size: medium; color: #282828;\">bis in die vollst\u00e4ndig liegende Position verstellbar,<br \/>\n<\/span><\/strong><\/li>\n<li style=\"text-align: justify;\"><strong><span style=\"font-size: medium; color: #282828;\">Rundum-Sichtfenster f\u00fcr Eltern mit Moskitonetz,<br \/>\n<\/span><\/strong><\/li>\n<li style=\"text-align: justify;\"><strong><span style=\"font-size: medium; color: #282828;\">Mehrere Liegepositionen<br \/>\n<\/span><\/strong><\/li>\n<li style=\"text-align: justify;\"><strong><span style=\"font-size: medium; color: #282828;\">Wendbare Sitzeinheit f\u00fcr den Eltern-Blick-Modus<br \/>\n<\/span><\/strong><\/li>\n<li style=\"text-align: justify;\"><strong><span style=\"font-size: medium; color: #282828;\">F\u00fcnfpunktgurt;<\/span><\/strong><\/li>\n<\/ul>\n<p style=\"text-align: justify;\" align=\"center\"><strong><span style=\"font-size: large; color: #282828;\"><span style=\"color: #e14d43;\">Bequemer Autositz<\/span>:<\/span><\/strong><\/p>\n<ul>\n<li style=\"text-align: justify;\"><strong><span style=\"font-size: medium; color: #282828;\">Gruppe 0-10 kg:<br \/>\n<\/span><\/strong><\/li>\n<li style=\"text-align: justify;\"><strong><span style=\"font-size: medium; color: #282828;\">Europ\u00e4ische Zulassung ECE R44 \/ 04<br \/>\n<\/span><\/strong><\/li>\n<li style=\"text-align: justify;\"><strong><span style=\"font-size: medium; color: #282828;\">Mit dem Adapter am Wagen befestigt.<br \/>\n<\/span><\/strong><\/li>\n<li style=\"text-align: justify;\"><strong><span style=\"font-size: medium; color: #282828;\">3-Punkt-Gurt<br \/>\n<\/span><\/strong><\/li>\n<li style=\"text-align: justify;\"><strong><span style=\"font-size: medium; color: #282828;\">Verstellbarer Tragegriff<br \/>\n<\/span><\/strong><\/li>\n<li style=\"text-align: justify;\"><strong><span style=\"font-size: medium; color: #282828;\">Abnehmbare Abdeckung<br \/>\n<\/span><\/strong><\/li>\n<li style=\"text-align: justify;\"><strong><span style=\"font-size: medium; color: #282828;\">H\u00f6henverstellbare Sicherheitsgurte<br \/>\n<\/span><\/strong><\/li>\n<li style=\"text-align: justify;\"><strong><span style=\"font-size: medium; color: #282828;\">Vorw\u00e4rts- oder r\u00fcckw\u00e4rtsgerichteter Modus<br \/>\n<\/span><\/strong><\/li>\n<li style=\"text-align: justify;\"><strong><span style=\"font-size: medium; color: #282828;\">Ausgestattet mit ISOFIX<\/span><\/strong><\/li>\n<\/ul>\n<p><strong><span style=\"font-size: medium; color: #282828;\"><span style=\"color: #e14d43;\">ISOFIX-BASIS<\/span>:<\/span><\/strong><\/p>\n<ul>\n<li><strong><span style=\"color: #282828;\">Farbe: Schwarz\/Rot<\/span><\/strong><\/li>\n<li><strong><span style=\"color: #282828;\">Geeignet ab Geburt<\/span><\/strong><\/li>\n<li><strong><span style=\"color: #282828;\">Wird direkt am Fahrzeugchassis mithilfe der ISOFIX-Befestigungspunkte befestigt.<\/span><\/strong><\/li>\n<li><strong><span style=\"color: #282828;\">Kompatibel mit den Nexxo-Autositzen<\/span><\/strong><\/li>\n<li><strong><span style=\"color: #282828;\">Einfache Installation<\/span><\/strong><\/li>\n<li><strong><span style=\"color: #282828;\">Sicher und gesch\u00fctzt<\/span><\/strong><\/li>\n<li><strong><span style=\"color: #282828;\">Minimiert den Aufwand<\/span><\/strong><\/li>\n<li><strong><span style=\"color: #282828;\">Verringert die Wahrscheinlichkeit, das Baby beim Transfer vom Auto nach Hause aufzuwecken.<\/span><\/strong><\/li>\n<li><strong><span style=\"color: #282828;\">Das St\u00fctzbein sorgt f\u00fcr optimale Stabilit\u00e4t und Sicherheit und l\u00e4sst sich f\u00fcr die beste Passform leicht anpassen.<\/span><\/strong><\/li>\n<li><strong><span style=\"color: #282828;\">Farbindikatoren best\u00e4tigen die korrekte Montage der Basis am Fahrzeug.<\/span><\/strong><\/li>\n<\/ul>\n<p style=\"text-align: left;\" align=\"center\"><strong><span style=\"color: #282828; font-size: large;\"><span style=\"color: #e14d43;\">Preis inklusive<\/span>:<\/span><\/strong><\/p>\n<p style=\"text-align: left;\" align=\"center\"><strong><span style=\"font-size: medium; color: #282828;\">Aluminiumrahmen<br \/>\n<\/span><\/strong><\/p>\n<p style=\"text-align: left;\" align=\"center\"><strong><span style=\"font-size: medium; color: #282828;\">Babywanne<br \/>\n<\/span><\/strong><\/p>\n<p style=\"text-align: left;\" align=\"center\"><strong><span style=\"font-size: medium; color: #282828;\">Kinderwagen<br \/>\n<\/span><\/strong><\/p>\n<p style=\"text-align: left;\" align=\"center\"><strong><span style=\"font-size: medium; color: #282828;\">Bezug und Matratze<br \/>\n<\/span><\/strong><\/p>\n<p style=\"text-align: left;\" align=\"center\"><strong><span style=\"font-size: medium; color: #282828;\">Fu\u00dfabdeckung<br \/>\n<\/span><\/strong><\/p>\n<p style=\"text-align: left;\" align=\"center\"><strong><span style=\"font-size: medium; color: #282828;\">Kindersitz*<br \/>\n<\/span><\/strong><\/p>\n<p style=\"text-align: left;\" align=\"center\"><strong><span style=\"font-size: medium; color: #282828;\">Haube und Bezug f\u00fcr den Autositz<br \/>\n<\/span><\/strong><\/p>\n<p style=\"text-align: left;\" align=\"center\"><strong><span style=\"font-size: medium; color: #282828;\">Abnehmbarer Sto\u00dff\u00e4nger<br \/>\n<\/span><\/strong><\/p>\n<p style=\"text-align: left;\" align=\"center\"><strong><span style=\"font-size: medium; color: #282828;\">Regenschutz<br \/>\n<\/span><\/strong><\/p>\n<p style=\"text-align: left;\" align=\"center\"><strong><span style=\"font-size: medium; color: #282828;\">Accessoire-Tasche mit Schultergurt<br \/>\n<\/span><\/strong><\/p>\n<p style=\"text-align: left;\" align=\"center\"><strong><span style=\"font-size: medium; color: #282828;\">Einkaufskorb<\/span><\/strong><\/p>\n<p style=\"text-align: left;\" align=\"center\"><strong><span style=\"font-size: medium; color: #282828;\">Isofix-Basis*<br \/>\n<\/span><\/strong><\/p>\n<p style=\"text-align: left;\" align=\"center\"><strong><span style=\"color: #282828; font-size: medium;\">*optional<\/span><\/strong><\/p>\n<p><strong><span style=\"color: #282828; font-size: 115%;\"><span style=\"color: #e14d43;\">Abmessungen<\/span>:<\/span><\/strong><\/p>\n<p><strong><span style=\"font-size: medium; color: #282828;\"><span style=\"font-size: medium;\"><span style=\"color: #e14d43;\">Babywanne<\/span><br \/>\n\u2013 Gewicht \u2013 4,2 kg<br \/>\n\u2013 Gesamtgewicht des Kinderwagens \u2013 14 kg<br \/>\n\u2013 Gestell mit Babywanne: H 126 cm x B 59,5 cm x L 100 cm<br \/>\n\u2013 Innenma\u00dfe: B 36 cm x L 91 cm x T 21 cm<br \/>\n<\/span><\/span><\/strong><\/p>\n<p><strong><span style=\"font-size: medium; color: #282828;\"><span style=\"font-size: medium;\"><span style=\"color: #e14d43;\">Kinderwagen<\/span>:<br \/>\n\u2013 Rahmen mit R\u00e4dern: 13,7 kg<br \/>\n\u2013 Abmessungen des Kinderwagens: H 114 cm x B 59,5 cm x L 90 cm<br \/>\n<\/span><\/span><\/strong><\/p>\n<p><strong><span style=\"font-size: medium; color: #282828;\"><span style=\"font-size: medium;\"><span style=\"color: #e14d43;\">Kindersitz<\/span><br \/>\nGewicht: 4,8 kg<br \/>\n\u2013 Kindersitz mit Gestell und R\u00e4dern: 14,8 kg<br \/>\n\u2013 Gestell mit Autositz: H 108 cm x B 63 cm x L 84 cm<br \/>\n<\/span><\/span><\/strong><\/p>\n<p><strong><span style=\"font-size: medium; color: #282828;\"><span style=\"font-size: medium;\"><span style=\"color: #e14d43;\">Rahmen<\/span><br \/>\n\u2013 Rahmen mit R\u00e4dern: 9,8 kg<br \/>\n\u2013 Der Durchmesser der R\u00e4der: vorne 25 cm, hinten 31 cm<\/span><br \/>\n<\/span><\/strong><\/p>\n<p><a href=\"http:\/\/forbabyboss.com\/wp-content\/uploads\/2022\/09\/checkout.png\"><img loading=\"lazy\" decoding=\"async\" class=\"alignnone size-full wp-image-5965\" src=\"http:\/\/forbabyboss.com\/wp-content\/uploads\/2022\/09\/checkout.png\" alt=\"\" width=\"750\" height=\"276\" srcset=\"https:\/\/forbabyboss.com\/wp-content\/uploads\/2022\/09\/checkout.png 750w, https:\/\/forbabyboss.com\/wp-content\/uploads\/2022\/09\/checkout-600x221.png 600w\" sizes=\"auto, (max-width: 750px) 100vw, 750px\" \/><\/a><\/p>","protected":false},"excerpt":{"rendered":"<p><a href=\"http:\/\/forbabyboss.com\/wp-content\/uploads\/2022\/09\/Star-Rating-5.png\"><img loading=\"lazy\" decoding=\"async\" class=\"alignnone size-full wp-image-5973 aligncenter\" src=\"http:\/\/forbabyboss.com\/wp-content\/uploads\/2022\/09\/Star-Rating-5.png\" alt=\"\" width=\"275\" height=\"45\" \/><\/a><\/p>\n<p style=\"text-align: center;\"><span style=\"color: #e14d43;\"><strong>PREISGARANTIE<\/strong><\/span><\/p>\n<p style=\"text-align: center;\"><span style=\"color: #003366;\">Kostenloser Versand\u00a0<\/span>\u2013 2 \u2013 7 Tage<\/p>\n<p style=\"text-align: center;\"><span style=\"color: #008000;\"><strong>Gratisgeschenk ab einem Einkaufswert von 100 \u00a3<\/strong><\/span><\/p>","protected":false},"featured_media":4001,"template":"","meta":[],"product_brand":[],"product_cat":[338,197,305,210,303,130,209,211],"product_tag":[200,199],"class_list":{"0":"post-4000","1":"product","2":"type-product","3":"status-publish","4":"has-post-thumbnail","6":"product_cat-600-to-700","7":"product_cat-4-in-1-pram","8":"product_cat-colour","9":"product_cat-grey","10":"product_cat-pattern","11":"product_cat-prams","12":"product_cat-push-chairs","13":"product_cat-stroller","14":"product_tag-4-in-1-pram","15":"product_tag-prams","17":"first","18":"instock","19":"sale","20":"shipping-taxable","21":"purchasable","22":"product-type-simple"},"yoast_head":"<!-- This site is optimized with the Yoast SEO plugin v27.5 - https:\/\/yoast.com\/product\/yoast-seo-wordpress\/ -->\n<title>Baby Pram Pushchair Modern Travel System 3in1 - 4in1 - 15 Grey + Flowers - For Baby Boss<\/title>\n<meta name=\"description\" content=\"Baby Pram Pushchair Modern Travel System 3in1 - 4in1 - 15 Grey + Flowers\" \/>\n<meta name=\"robots\" content=\"index, follow, max-snippet:-1, max-image-preview:large, max-video-preview:-1\" \/>\n<link rel=\"canonical\" href=\"https:\/\/forbabyboss.com\/de\/product\/kinderwagen-buggy-modernes-reisesystem-3-in-1-4-in-1-15-graue-blumen\/\" \/>\n<meta property=\"og:locale\" content=\"de_DE\" \/>\n<meta property=\"og:type\" content=\"article\" \/>\n<meta property=\"og:title\" content=\"Baby Pram Pushchair Modern Travel System 3in1 - 4in1 - 15 Grey + Flowers - For Baby Boss\" \/>\n<meta property=\"og:description\" content=\"Baby Pram Pushchair Modern Travel System 3in1 - 4in1 - 15 Grey + Flowers\" \/>\n<meta property=\"og:url\" content=\"https:\/\/forbabyboss.com\/de\/product\/kinderwagen-buggy-modernes-reisesystem-3-in-1-4-in-1-15-graue-blumen\/\" \/>\n<meta property=\"og:site_name\" content=\"For Baby Boss\" \/>\n<meta property=\"article:modified_time\" content=\"2023-10-03T11:15:08+00:00\" \/>\n<meta property=\"og:image\" content=\"https:\/\/forbabyboss.com\/wp-content\/uploads\/2022\/09\/Baby-Pram-Pushchair-Buggy-Stroller-Car-Seat-Modern-Travel-System-3in1-4in1-15-Grey-Flowers.jpg\" \/>\n\t<meta property=\"og:image:width\" content=\"1200\" \/>\n\t<meta property=\"og:image:height\" content=\"900\" \/>\n\t<meta property=\"og:image:type\" content=\"image\/jpeg\" \/>\n<meta name=\"twitter:card\" content=\"summary_large_image\" \/>\n<meta name=\"twitter:label1\" content=\"Gesch\u00e4tzte Lesezeit\" \/>\n\t<meta name=\"twitter:data1\" content=\"3\u00a0Minuten\" \/>\n<script type=\"application\/ld+json\" class=\"yoast-schema-graph\">{\"@context\":\"https:\\\/\\\/schema.org\",\"@graph\":[{\"@type\":\"WebPage\",\"@id\":\"https:\\\/\\\/forbabyboss.com\\\/product\\\/baby-pram-pushchair-modern-travel-system-3in1-4in1-15-grey-flowers\\\/\",\"url\":\"https:\\\/\\\/forbabyboss.com\\\/product\\\/baby-pram-pushchair-modern-travel-system-3in1-4in1-15-grey-flowers\\\/\",\"name\":\"Baby Pram Pushchair Modern Travel System 3in1 - 4in1 - 15 Grey + Flowers - For Baby Boss\",\"isPartOf\":{\"@id\":\"https:\\\/\\\/powderblue-seahorse-496884.hostingersite.com\\\/#website\"},\"primaryImageOfPage\":{\"@id\":\"https:\\\/\\\/forbabyboss.com\\\/product\\\/baby-pram-pushchair-modern-travel-system-3in1-4in1-15-grey-flowers\\\/#primaryimage\"},\"image\":{\"@id\":\"https:\\\/\\\/forbabyboss.com\\\/product\\\/baby-pram-pushchair-modern-travel-system-3in1-4in1-15-grey-flowers\\\/#primaryimage\"},\"thumbnailUrl\":\"https:\\\/\\\/forbabyboss.com\\\/wp-content\\\/uploads\\\/2022\\\/09\\\/Baby-Pram-Pushchair-Buggy-Stroller-Car-Seat-Modern-Travel-System-3in1-4in1-15-Grey-Flowers.jpg\",\"datePublished\":\"2022-09-20T15:22:08+00:00\",\"dateModified\":\"2023-10-03T11:15:08+00:00\",\"description\":\"Baby Pram Pushchair Modern Travel System 3in1 - 4in1 - 15 Grey + Flowers\",\"breadcrumb\":{\"@id\":\"https:\\\/\\\/forbabyboss.com\\\/product\\\/baby-pram-pushchair-modern-travel-system-3in1-4in1-15-grey-flowers\\\/#breadcrumb\"},\"inLanguage\":\"de\",\"potentialAction\":[{\"@type\":\"ReadAction\",\"target\":[\"https:\\\/\\\/forbabyboss.com\\\/product\\\/baby-pram-pushchair-modern-travel-system-3in1-4in1-15-grey-flowers\\\/\"]}]},{\"@type\":\"ImageObject\",\"inLanguage\":\"de\",\"@id\":\"https:\\\/\\\/forbabyboss.com\\\/product\\\/baby-pram-pushchair-modern-travel-system-3in1-4in1-15-grey-flowers\\\/#primaryimage\",\"url\":\"https:\\\/\\\/forbabyboss.com\\\/wp-content\\\/uploads\\\/2022\\\/09\\\/Baby-Pram-Pushchair-Buggy-Stroller-Car-Seat-Modern-Travel-System-3in1-4in1-15-Grey-Flowers.jpg\",\"contentUrl\":\"https:\\\/\\\/forbabyboss.com\\\/wp-content\\\/uploads\\\/2022\\\/09\\\/Baby-Pram-Pushchair-Buggy-Stroller-Car-Seat-Modern-Travel-System-3in1-4in1-15-Grey-Flowers.jpg\",\"width\":1200,\"height\":900},{\"@type\":\"BreadcrumbList\",\"@id\":\"https:\\\/\\\/forbabyboss.com\\\/product\\\/baby-pram-pushchair-modern-travel-system-3in1-4in1-15-grey-flowers\\\/#breadcrumb\",\"itemListElement\":[{\"@type\":\"ListItem\",\"position\":1,\"name\":\"Home\",\"item\":\"https:\\\/\\\/forbabyboss.com\\\/\"},{\"@type\":\"ListItem\",\"position\":2,\"name\":\"Shop\",\"item\":\"https:\\\/\\\/forbabyboss.com\\\/shop\\\/\"},{\"@type\":\"ListItem\",\"position\":3,\"name\":\"Baby Pram Pushchair Modern Travel System 3in1 &#8211; 4in1 &#8211; 15 Grey + Flowers\"}]},{\"@type\":\"WebSite\",\"@id\":\"https:\\\/\\\/powderblue-seahorse-496884.hostingersite.com\\\/#website\",\"url\":\"https:\\\/\\\/powderblue-seahorse-496884.hostingersite.com\\\/\",\"name\":\"For Baby Boss\",\"description\":\"Beautiful gifts and accessories for your baby boss\",\"potentialAction\":[{\"@type\":\"SearchAction\",\"target\":{\"@type\":\"EntryPoint\",\"urlTemplate\":\"https:\\\/\\\/powderblue-seahorse-496884.hostingersite.com\\\/?s={search_term_string}\"},\"query-input\":{\"@type\":\"PropertyValueSpecification\",\"valueRequired\":true,\"valueName\":\"search_term_string\"}}],\"inLanguage\":\"de\"}]}<\/script>\n<!-- \/ Yoast SEO plugin. -->","yoast_head_json":{"title":"Kinderwagen, modernes Reisesystem 3-in-1\/4-in-1 \u2013 15 Grau + Blumen \u2013 F\u00fcr Baby Boss","description":"Kinderwagen, modernes Reisesystem 3-in-1 - 4-in-1 - 15 Grau + Blumen","robots":{"index":"index","follow":"follow","max-snippet":"max-snippet:-1","max-image-preview":"max-image-preview:large","max-video-preview":"max-video-preview:-1"},"canonical":"https:\/\/forbabyboss.com\/de\/product\/kinderwagen-buggy-modernes-reisesystem-3-in-1-4-in-1-15-graue-blumen\/","og_locale":"de_DE","og_type":"article","og_title":"Baby Pram Pushchair Modern Travel System 3in1 - 4in1 - 15 Grey + Flowers - For Baby Boss","og_description":"Baby Pram Pushchair Modern Travel System 3in1 - 4in1 - 15 Grey + Flowers","og_url":"https:\/\/forbabyboss.com\/de\/product\/kinderwagen-buggy-modernes-reisesystem-3-in-1-4-in-1-15-graue-blumen\/","og_site_name":"For Baby Boss","article_modified_time":"2023-10-03T11:15:08+00:00","og_image":[{"width":1200,"height":900,"url":"https:\/\/forbabyboss.com\/wp-content\/uploads\/2022\/09\/Baby-Pram-Pushchair-Buggy-Stroller-Car-Seat-Modern-Travel-System-3in1-4in1-15-Grey-Flowers.jpg","type":"image\/jpeg"}],"twitter_card":"summary_large_image","twitter_misc":{"Gesch\u00e4tzte Lesezeit":"3\u00a0Minuten"},"schema":{"@context":"https:\/\/schema.org","@graph":[{"@type":"WebPage","@id":"https:\/\/forbabyboss.com\/product\/baby-pram-pushchair-modern-travel-system-3in1-4in1-15-grey-flowers\/","url":"https:\/\/forbabyboss.com\/product\/baby-pram-pushchair-modern-travel-system-3in1-4in1-15-grey-flowers\/","name":"Kinderwagen, modernes Reisesystem 3-in-1\/4-in-1 \u2013 15 Grau + Blumen \u2013 F\u00fcr Baby Boss","isPartOf":{"@id":"https:\/\/powderblue-seahorse-496884.hostingersite.com\/#website"},"primaryImageOfPage":{"@id":"https:\/\/forbabyboss.com\/product\/baby-pram-pushchair-modern-travel-system-3in1-4in1-15-grey-flowers\/#primaryimage"},"image":{"@id":"https:\/\/forbabyboss.com\/product\/baby-pram-pushchair-modern-travel-system-3in1-4in1-15-grey-flowers\/#primaryimage"},"thumbnailUrl":"https:\/\/forbabyboss.com\/wp-content\/uploads\/2022\/09\/Baby-Pram-Pushchair-Buggy-Stroller-Car-Seat-Modern-Travel-System-3in1-4in1-15-Grey-Flowers.jpg","datePublished":"2022-09-20T15:22:08+00:00","dateModified":"2023-10-03T11:15:08+00:00","description":"Kinderwagen, modernes Reisesystem 3-in-1 - 4-in-1 - 15 Grau + Blumen","breadcrumb":{"@id":"https:\/\/forbabyboss.com\/product\/baby-pram-pushchair-modern-travel-system-3in1-4in1-15-grey-flowers\/#breadcrumb"},"inLanguage":"de","potentialAction":[{"@type":"ReadAction","target":["https:\/\/forbabyboss.com\/product\/baby-pram-pushchair-modern-travel-system-3in1-4in1-15-grey-flowers\/"]}]},{"@type":"ImageObject","inLanguage":"de","@id":"https:\/\/forbabyboss.com\/product\/baby-pram-pushchair-modern-travel-system-3in1-4in1-15-grey-flowers\/#primaryimage","url":"https:\/\/forbabyboss.com\/wp-content\/uploads\/2022\/09\/Baby-Pram-Pushchair-Buggy-Stroller-Car-Seat-Modern-Travel-System-3in1-4in1-15-Grey-Flowers.jpg","contentUrl":"https:\/\/forbabyboss.com\/wp-content\/uploads\/2022\/09\/Baby-Pram-Pushchair-Buggy-Stroller-Car-Seat-Modern-Travel-System-3in1-4in1-15-Grey-Flowers.jpg","width":1200,"height":900},{"@type":"BreadcrumbList","@id":"https:\/\/forbabyboss.com\/product\/baby-pram-pushchair-modern-travel-system-3in1-4in1-15-grey-flowers\/#breadcrumb","itemListElement":[{"@type":"ListItem","position":1,"name":"Home","item":"https:\/\/forbabyboss.com\/"},{"@type":"ListItem","position":2,"name":"Shop","item":"https:\/\/forbabyboss.com\/shop\/"},{"@type":"ListItem","position":3,"name":"Baby Pram Pushchair Modern Travel System 3in1 &#8211; 4in1 &#8211; 15 Grey + Flowers"}]},{"@type":"WebSite","@id":"https:\/\/powderblue-seahorse-496884.hostingersite.com\/#website","url":"https:\/\/powderblue-seahorse-496884.hostingersite.com\/","name":"F\u00fcr Baby Boss","description":"Wundersch\u00f6ne Geschenke und Accessoires f\u00fcr Ihren kleinen Chef","potentialAction":[{"@type":"SearchAction","target":{"@type":"EntryPoint","urlTemplate":"https:\/\/powderblue-seahorse-496884.hostingersite.com\/?s={search_term_string}"},"query-input":{"@type":"PropertyValueSpecification","valueRequired":true,"valueName":"search_term_string"}}],"inLanguage":"de"}]}},"_links":{"self":[{"href":"https:\/\/forbabyboss.com\/de\/wp-json\/wp\/v2\/product\/4000","targetHints":{"allow":["GET"]}}],"collection":[{"href":"https:\/\/forbabyboss.com\/de\/wp-json\/wp\/v2\/product"}],"about":[{"href":"https:\/\/forbabyboss.com\/de\/wp-json\/wp\/v2\/types\/product"}],"wp:featuredmedia":[{"embeddable":true,"href":"https:\/\/forbabyboss.com\/de\/wp-json\/wp\/v2\/media\/4001"}],"wp:attachment":[{"href":"https:\/\/forbabyboss.com\/de\/wp-json\/wp\/v2\/media?parent=4000"}],"wp:term":[{"taxonomy":"product_brand","embeddable":true,"href":"https:\/\/forbabyboss.com\/de\/wp-json\/wp\/v2\/product_brand?post=4000"},{"taxonomy":"product_cat","embeddable":true,"href":"https:\/\/forbabyboss.com\/de\/wp-json\/wp\/v2\/product_cat?post=4000"},{"taxonomy":"product_tag","embeddable":true,"href":"https:\/\/forbabyboss.com\/de\/wp-json\/wp\/v2\/product_tag?post=4000"}],"curies":[{"name":"wp","href":"https:\/\/api.w.org\/{rel}","templated":true}]}}