{"id":4029,"date":"2022-09-20T16:26:37","date_gmt":"2022-09-20T16:26:37","guid":{"rendered":"http:\/\/forbabyboss.com\/?post_type=product&#038;p=4029"},"modified":"2026-02-21T15:00:40","modified_gmt":"2026-02-21T15:00:40","slug":"kinderwagen-2021-4-in-1-modell-in-dunkelblau","status":"publish","type":"product","link":"https:\/\/forbabyboss.com\/de\/product\/baby-pram-2021-pushchair-4in1-in-dark-blue\/","title":{"rendered":"Kinderwagen 2021 Buggy 4in1 in Dunkelblau"},"content":{"rendered":"<p style=\"text-align: justify;\"><strong><span style=\"color: #282828; font-size: 100%;\">Der Bexa Air wurde speziell f\u00fcr Eltern entwickelt, die ein langlebiges Produkt suchen. Je nach Bedarf und Alter des Kindes kann der Bexa Air als Kinderwagen oder Buggy genutzt werden. Dank seines leichten Aluminiumrahmens l\u00e4sst er sich besonders einfach schieben. Er bietet Ihrem Baby oder Kleinkind h\u00f6chsten Komfort beim Transport. Die Polsterung besteht aus hochwertigen, impr\u00e4gnierten und kinderfreundlichen Materialien.<\/span><\/strong><\/p>\n<p style=\"text-align: justify;\"><strong><span style=\"color: #282828; font-size: 100%;\">Bexa Air Kinderwagen werden vollst\u00e4ndig in Europa entwickelt und hergestellt und bestehen ausschlie\u00dflich aus hochwertigen Materialien.<span style=\"font-family: 'Josefin Sans', Tahoma, sans-serif, Arial;\">Der Bexa Air wurde speziell f\u00fcr Eltern entwickelt, die ein langlebiges Produkt suchen. Je nach Bedarf und Alter des Kindes kann der Bexa Air als Kinderwagen oder Buggy genutzt werden. Dank seines leichten Aluminiumrahmens l\u00e4sst er sich besonders einfach schieben. Er bietet Ihrem Baby oder Kleinkind h\u00f6chsten Komfort beim Transport. Die Polsterung besteht aus hochwertigen, impr\u00e4gnierten und kinderfreundlichen Materialien.<\/span><\/span><\/strong><\/p>\n<p style=\"text-align: justify;\"><strong><span style=\"color: #282828; font-family: 'Josefin Sans', Tahoma, sans-serif, Arial; font-size: 100%;\">Bexa Air Kinderwagen werden vollst\u00e4ndig in Europa entwickelt und hergestellt und bestehen ausschlie\u00dflich aus hochwertigen Materialien.<\/span><\/strong><\/p>\n<p style=\"text-align: justify;\"><strong><span style=\"font-size: 100%; color: #282828;\">Konzipiert f\u00fcr den komfortablen Transport Ihres Babys oder Kleinkindes von der Geburt bis zum 3. Lebensjahr oder von 0-15 kg.<\/span><\/strong><\/p>\n<p style=\"text-align: justify;\"><strong><span style=\"color: #282828; font-size: 100%;\">Hergestellt in Europa aus hochwertigen Materialien, leichter Aluminiumrahmen, modernes Design.<br \/>\n<\/span><\/strong><\/p>\n<p style=\"text-align: justify;\" align=\"center\"><strong><span style=\"font-size: 100%; color: #282828;\">Europ\u00e4ische Zulassung EN 1888:2012. Der leichte Aluminiumrahmen mit verstellbarem Sto\u00dfd\u00e4mpfer erm\u00f6glicht ein besonders einfaches Fahrgef\u00fchl. Der Kinderwagenbezug besteht aus hochwertigen, impr\u00e4gnierten und kinderfreundlichen Materialien. Diese sind farbecht, wasserdicht und sorgen je nach Wetterlage f\u00fcr eine angenehme Temperatur im Innenraum. Die herausnehmbaren Innen- und Bez\u00fcge sind mit hypoallergener Baumwolle gef\u00fcllt.<\/span><\/strong><\/p>\n<p style=\"text-align: justify;\" align=\"center\"><strong><span style=\"color: #282828;\"><span style=\"font-size: medium;\"><span style=\"color: #e14d43;\">Produktspezifikation<\/span>:<\/span><span style=\"font-size: medium;\">\u00a0<\/span><\/span><\/strong><\/p>\n<p style=\"text-align: justify;\"><strong><span style=\"color: #282828;\">\u2013 die M\u00f6glichkeit, die Gondel am Griff in die Kabine zu tragen;<\/span><\/strong><\/p>\n<p style=\"text-align: justify;\"><strong><span style=\"color: #282828;\">\u2013 Der Boden der Gondel besteht aus Kunststoff;<\/span><\/strong><\/p>\n<p style=\"text-align: justify;\"><strong><span style=\"color: #282828;\">-Gondel mit \u00d6ko-Leder verkleidet;<\/span><\/strong><\/p>\n<p style=\"text-align: justify;\"><strong><span style=\"color: #282828;\">\u2013 Rucksack f\u00fcr Mama;<\/span><\/strong><\/p>\n<p style=\"text-align: justify;\"><strong><span style=\"color: #282828;\">-eine ger\u00e4umige Gondel mit Bel\u00fcftung;<\/span><\/strong><\/p>\n<p style=\"text-align: justify;\"><strong><span style=\"color: #282828;\">\u2013 ungefalteter Rahmen 78x58x99-115 cm;<\/span><\/strong><\/p>\n<p style=\"text-align: justify;\"><strong><span style=\"color: #282828;\">\u2013 externe R\u00fcckenlehnenverstellung in Gondel und Kinderwagen;<\/span><\/strong><\/p>\n<p style=\"text-align: justify;\"><strong><span style=\"color: #282828;\">\u2013 zusammengeklappter Rahmen 78x58x30 cm; ohne R\u00e4der 72x50x30 cm;<\/span><\/strong><\/p>\n<p style=\"text-align: justify;\"><strong><span style=\"color: #282828;\">\u2013 herausnehmbare Innenverkleidung der Gondel;<\/span><\/strong><\/p>\n<p style=\"text-align: justify;\"><strong><span style=\"color: #282828;\">-Gondelinnenraum 76x35x22 cm;<\/span><\/strong><\/p>\n<p style=\"text-align: justify;\"><strong><span style=\"color: #282828;\">\u2013 Matratze mit Kokosnuss 75 cm x 35 cm;<\/span><\/strong><\/p>\n<p style=\"text-align: justify;\"><strong><span style=\"color: #282828;\">-Gewicht des Rahmens mit R\u00e4dern ca. 9 kg;<\/span><\/strong><\/p>\n<p style=\"text-align: justify;\"><strong><span style=\"color: #282828;\">\u2013 mehrstufige Kabinenregulierung;<\/span><\/strong><\/p>\n<p style=\"text-align: justify;\"><strong><span style=\"color: #282828;\">\u2013 12-Zoll-Hinterr\u00e4der, 10-Zoll-Vorderr\u00e4der mit Gel-Federn;<\/span><\/strong><\/p>\n<p style=\"text-align: justify;\"><strong><span style=\"color: #282828;\">\u2013 H\u00f6he des Gondelbodens vom Boden 61 cm;<\/span><\/strong><\/p>\n<p style=\"text-align: justify;\"><strong><span style=\"color: #282828;\">-Das Gewicht der Gondel betr\u00e4gt etwa 5 kg;<\/span><\/strong><\/p>\n<p style=\"text-align: justify;\"><strong><span style=\"color: #282828;\">-Kinderwagensitz 34\u00d726 cm, Fu\u00dfst\u00fctze 17 cm, R\u00fcckenlehne 47 cm;<\/span><\/strong><\/p>\n<p style=\"text-align: justify;\"><strong><span style=\"color: #282828;\">\u2013 Gewicht des Kinderwagens ca. 4 kg;<\/span><\/strong><\/p>\n<p><strong><span style=\"color: #282828;\"><span style=\"color: #e14d43;\">Bequemer Autositz<\/span>:<\/span><\/strong><\/p>\n<p><strong><span style=\"font-size: medium; color: #282828;\">Gruppe 0-13 kg:<\/span><\/strong><\/p>\n<p><strong><span style=\"font-size: medium; color: #282828;\">Europ\u00e4ische Zulassung ECE R44 \/ 04<\/span><\/strong><\/p>\n<p><strong><span style=\"font-size: medium; color: #282828;\">Mit Adaptern an der Rahmenbasis befestigt.<\/span><\/strong><\/p>\n<p><strong><span style=\"font-size: medium; color: #282828;\">3-Punkt-Gurt<\/span><\/strong><\/p>\n<p><strong><span style=\"font-size: medium; color: #282828;\">Zus\u00e4tzliche Polsterung f\u00fcr Neugeborene<\/span><\/strong><\/p>\n<p><strong><span style=\"font-size: medium; color: #282828;\">Autositzbezug<\/span><\/strong><\/p>\n<p><strong><span style=\"font-size: medium; color: #282828;\">Verstellbarer Tragegriff<\/span><\/strong><\/p>\n<p><strong><span style=\"font-size: medium; color: #282828;\">Abnehmbare Motorhaubenabdeckung<\/span><\/strong><\/p>\n<p><strong><span style=\"font-size: medium; color: #282828;\">H\u00f6henverstellbare Sicherheitsgurte<\/span><\/strong><\/p>\n<p><strong><span style=\"font-size: medium; color: #282828;\">Vorw\u00e4rts- oder r\u00fcckw\u00e4rtsgerichteter Modus<\/span><\/strong><\/p>\n<p><strong><span style=\"font-size: medium; color: #282828;\">Ausgestattet mit ISOFIX*<\/span><\/strong><\/p>\n<p><strong><span style=\"color: #282828;\"><span style=\"font-size: medium;\"><span style=\"color: #e14d43;\">SOFIX-BASIS<\/span>*<\/span><\/span><\/strong><\/p>\n<p><strong><span style=\"font-size: medium; color: #282828;\">Farbe: Schwarz\/Grau<\/span><\/strong><\/p>\n<p><strong><span style=\"font-size: medium; color: #282828;\">Geeignet ab Geburt<\/span><\/strong><\/p>\n<p><strong><span style=\"font-size: medium; color: #282828;\">Wird direkt am Fahrzeugchassis mithilfe der ISOFIX-Befestigungspunkte befestigt.<\/span><\/strong><\/p>\n<p><strong><span style=\"font-size: medium; color: #282828;\">Kann auch mit dem Sicherheitsgurt des Fahrzeugs befestigt werden.<\/span><\/strong><\/p>\n<p><strong><span style=\"font-size: medium; color: #282828;\">Kompatibel mit den Autositzen<\/span><\/strong><\/p>\n<p><strong><span style=\"font-size: medium; color: #282828;\">Einfache Installation<\/span><\/strong><\/p>\n<p><strong><span style=\"font-size: medium; color: #282828;\">Sicher und gesch\u00fctzt<\/span><\/strong><\/p>\n<p><strong><span style=\"font-size: medium; color: #282828;\">Minimiert den Aufwand<\/span><\/strong><\/p>\n<p><strong><span style=\"font-size: medium; color: #282828;\">Verringert die Wahrscheinlichkeit, das Baby beim Transfer vom Auto nach Hause aufzuwecken.<\/span><\/strong><\/p>\n<p><strong><span style=\"font-size: medium; color: #282828;\">Das St\u00fctzbein sorgt f\u00fcr optimale Stabilit\u00e4t und Sicherheit und l\u00e4sst sich f\u00fcr die beste Passform leicht anpassen.<\/span><\/strong><\/p>\n<p><strong><span style=\"font-size: medium; color: #282828;\">Farbindikatoren best\u00e4tigen die korrekte Montage der Basis am Fahrzeug.<\/span><\/strong><\/p>\n<p style=\"text-align: left;\" align=\"center\"><strong><span style=\"font-size: medium; color: #282828;\"><span style=\"color: #e14d43;\">Preis inklusive<\/span>:<br \/>\n<\/span><\/strong><\/p>\n<p><strong><span style=\"color: #282828;\">Das 2-in-1-Set beinhaltet: schwarzen Aluminiumrahmen mit doppelter Sto\u00dfd\u00e4mpfung,\u00a0<\/span><\/strong><\/p>\n<p><strong><span style=\"color: #282828;\">Gelr\u00e4der,<\/span><\/strong><\/p>\n<p><strong><span style=\"color: #282828;\">Einkaufskorb mit Rei\u00dfverschluss;\u00a0<\/span><\/strong><\/p>\n<p><strong><span style=\"color: #282828;\">eine Gondel mit einer Plane,\u00a0<\/span><\/strong><\/p>\n<p><strong><span style=\"color: #282828;\">ein Kinderwagen mit Beinabdeckung;<\/span><\/strong><\/p>\n<p><strong><span style=\"color: #282828;\">praktischer Rucksack f\u00fcr Zubeh\u00f6r;\u00a0<\/span><\/strong><\/p>\n<p><strong><span style=\"color: #282828;\">Regenschutz; Moskitonetz;<\/span><\/strong><\/p>\n<p style=\"text-align: left;\" align=\"center\"><strong><span style=\"font-size: medium; color: #282828;\">Isofix-Basis (optional)<\/span><\/strong><\/p>\n<p><strong><span style=\"font-size: medium; color: #282828;\">24 Monate Garantie<\/span><\/strong><\/p>\n<p><a href=\"http:\/\/forbabyboss.com\/wp-content\/uploads\/2022\/09\/checkout.png\"><img loading=\"lazy\" decoding=\"async\" class=\"alignnone size-full wp-image-5965\" src=\"http:\/\/forbabyboss.com\/wp-content\/uploads\/2022\/09\/checkout.png\" alt=\"\" width=\"750\" height=\"276\" srcset=\"https:\/\/forbabyboss.com\/wp-content\/uploads\/2022\/09\/checkout.png 750w, https:\/\/forbabyboss.com\/wp-content\/uploads\/2022\/09\/checkout-600x221.png 600w\" sizes=\"auto, (max-width: 750px) 100vw, 750px\" \/><\/a><\/p>","protected":false},"excerpt":{"rendered":"<p><a href=\"http:\/\/forbabyboss.com\/wp-content\/uploads\/2022\/09\/Star-Rating-5.png\"><img loading=\"lazy\" decoding=\"async\" class=\"alignnone wp-image-5973 aligncenter\" src=\"http:\/\/forbabyboss.com\/wp-content\/uploads\/2022\/09\/Star-Rating-5.png\" alt=\"\" width=\"299\" height=\"49\" \/><\/a><\/p>\n<p style=\"text-align: center;\"><span style=\"color: #e14d43; font-size: 115%;\"><strong>PREISGARANTIE<\/strong><\/span><\/p>\n<p style=\"text-align: center;\"><span style=\"font-size: 115%;\"><span style=\"color: #003366;\">Kostenloser Versand\u00a0<\/span>\u2013 2 \u2013 7 Tage<\/span><\/p>\n<p style=\"text-align: center;\"><span style=\"color: #008000; font-size: 115%;\"><strong>Gratisgeschenk ab einem Einkaufswert von 100 \u00a3<\/strong><\/span><\/p>","protected":false},"featured_media":4030,"template":"","meta":[],"product_brand":[587],"product_cat":[157,156,197,213,305,158,130,209,211],"product_tag":[200,199],"class_list":{"0":"post-4029","1":"product","2":"type-product","3":"status-publish","4":"has-post-thumbnail","6":"product_brand-bexa","7":"product_cat-2-in-1","8":"product_cat-3-in-1","9":"product_cat-4-in-1-pram","10":"product_cat-blue","11":"product_cat-colour","12":"product_cat-new-collection","13":"product_cat-prams","14":"product_cat-push-chairs","15":"product_cat-stroller","16":"product_tag-4-in-1-pram","17":"product_tag-prams","19":"first","20":"instock","21":"sale","22":"shipping-taxable","23":"purchasable","24":"product-type-simple"},"yoast_head":"<!-- This site is optimized with the Yoast SEO plugin v27.5 - https:\/\/yoast.com\/product\/yoast-seo-wordpress\/ -->\n<title>Baby Pram 2021 Pushchair 4in1 in Dark Blue - For Baby Boss<\/title>\n<meta name=\"description\" content=\"Baby Pram AIR 2021 Pushchair 4in1 in Dark Blue\" \/>\n<meta name=\"robots\" content=\"index, follow, max-snippet:-1, max-image-preview:large, max-video-preview:-1\" \/>\n<link rel=\"canonical\" href=\"https:\/\/forbabyboss.com\/de\/product\/kinderwagen-2021-4-in-1-modell-in-dunkelblau\/\" \/>\n<meta property=\"og:locale\" content=\"de_DE\" \/>\n<meta property=\"og:type\" content=\"article\" \/>\n<meta property=\"og:title\" content=\"Baby Pram 2021 Pushchair 4in1 in Dark Blue - For Baby Boss\" \/>\n<meta property=\"og:description\" content=\"Baby Pram AIR 2021 Pushchair 4in1 in Dark Blue\" \/>\n<meta property=\"og:url\" content=\"https:\/\/forbabyboss.com\/de\/product\/kinderwagen-2021-4-in-1-modell-in-dunkelblau\/\" \/>\n<meta property=\"og:site_name\" content=\"For Baby Boss\" \/>\n<meta property=\"article:modified_time\" content=\"2026-02-21T15:00:40+00:00\" \/>\n<meta property=\"og:image\" content=\"https:\/\/forbabyboss.com\/wp-content\/uploads\/2022\/09\/Baby-Pram-Bexa-AIR-2021-Pushchair-Buggy-Stroller-Car-Seat-Travel-System-4in1-Dark-Blue.jpg\" \/>\n\t<meta property=\"og:image:width\" content=\"1020\" \/>\n\t<meta property=\"og:image:height\" content=\"1020\" \/>\n\t<meta property=\"og:image:type\" content=\"image\/jpeg\" \/>\n<meta name=\"twitter:card\" content=\"summary_large_image\" \/>\n<meta name=\"twitter:label1\" content=\"Gesch\u00e4tzte Lesezeit\" \/>\n\t<meta name=\"twitter:data1\" content=\"3\u00a0Minuten\" \/>\n<script type=\"application\/ld+json\" class=\"yoast-schema-graph\">{\"@context\":\"https:\\\/\\\/schema.org\",\"@graph\":[{\"@type\":\"WebPage\",\"@id\":\"https:\\\/\\\/forbabyboss.com\\\/product\\\/baby-pram-2021-pushchair-4in1-in-dark-blue\\\/\",\"url\":\"https:\\\/\\\/forbabyboss.com\\\/product\\\/baby-pram-2021-pushchair-4in1-in-dark-blue\\\/\",\"name\":\"Baby Pram 2021 Pushchair 4in1 in Dark Blue - For Baby Boss\",\"isPartOf\":{\"@id\":\"https:\\\/\\\/powderblue-seahorse-496884.hostingersite.com\\\/#website\"},\"primaryImageOfPage\":{\"@id\":\"https:\\\/\\\/forbabyboss.com\\\/product\\\/baby-pram-2021-pushchair-4in1-in-dark-blue\\\/#primaryimage\"},\"image\":{\"@id\":\"https:\\\/\\\/forbabyboss.com\\\/product\\\/baby-pram-2021-pushchair-4in1-in-dark-blue\\\/#primaryimage\"},\"thumbnailUrl\":\"https:\\\/\\\/forbabyboss.com\\\/wp-content\\\/uploads\\\/2022\\\/09\\\/Baby-Pram-Bexa-AIR-2021-Pushchair-Buggy-Stroller-Car-Seat-Travel-System-4in1-Dark-Blue.jpg\",\"datePublished\":\"2022-09-20T16:26:37+00:00\",\"dateModified\":\"2026-02-21T15:00:40+00:00\",\"description\":\"Baby Pram AIR 2021 Pushchair 4in1 in Dark Blue\",\"breadcrumb\":{\"@id\":\"https:\\\/\\\/forbabyboss.com\\\/product\\\/baby-pram-2021-pushchair-4in1-in-dark-blue\\\/#breadcrumb\"},\"inLanguage\":\"de\",\"potentialAction\":[{\"@type\":\"ReadAction\",\"target\":[\"https:\\\/\\\/forbabyboss.com\\\/product\\\/baby-pram-2021-pushchair-4in1-in-dark-blue\\\/\"]}]},{\"@type\":\"ImageObject\",\"inLanguage\":\"de\",\"@id\":\"https:\\\/\\\/forbabyboss.com\\\/product\\\/baby-pram-2021-pushchair-4in1-in-dark-blue\\\/#primaryimage\",\"url\":\"https:\\\/\\\/forbabyboss.com\\\/wp-content\\\/uploads\\\/2022\\\/09\\\/Baby-Pram-Bexa-AIR-2021-Pushchair-Buggy-Stroller-Car-Seat-Travel-System-4in1-Dark-Blue.jpg\",\"contentUrl\":\"https:\\\/\\\/forbabyboss.com\\\/wp-content\\\/uploads\\\/2022\\\/09\\\/Baby-Pram-Bexa-AIR-2021-Pushchair-Buggy-Stroller-Car-Seat-Travel-System-4in1-Dark-Blue.jpg\",\"width\":1020,\"height\":1020},{\"@type\":\"BreadcrumbList\",\"@id\":\"https:\\\/\\\/forbabyboss.com\\\/product\\\/baby-pram-2021-pushchair-4in1-in-dark-blue\\\/#breadcrumb\",\"itemListElement\":[{\"@type\":\"ListItem\",\"position\":1,\"name\":\"Home\",\"item\":\"https:\\\/\\\/forbabyboss.com\\\/\"},{\"@type\":\"ListItem\",\"position\":2,\"name\":\"Shop\",\"item\":\"https:\\\/\\\/forbabyboss.com\\\/shop\\\/\"},{\"@type\":\"ListItem\",\"position\":3,\"name\":\"Baby Pram 2021 Pushchair 4in1 in Dark Blue\"}]},{\"@type\":\"WebSite\",\"@id\":\"https:\\\/\\\/powderblue-seahorse-496884.hostingersite.com\\\/#website\",\"url\":\"https:\\\/\\\/powderblue-seahorse-496884.hostingersite.com\\\/\",\"name\":\"For Baby Boss\",\"description\":\"Beautiful gifts and accessories for your baby boss\",\"potentialAction\":[{\"@type\":\"SearchAction\",\"target\":{\"@type\":\"EntryPoint\",\"urlTemplate\":\"https:\\\/\\\/powderblue-seahorse-496884.hostingersite.com\\\/?s={search_term_string}\"},\"query-input\":{\"@type\":\"PropertyValueSpecification\",\"valueRequired\":true,\"valueName\":\"search_term_string\"}}],\"inLanguage\":\"de\"}]}<\/script>\n<!-- \/ Yoast SEO plugin. -->","yoast_head_json":{"title":"Kinderwagen 2021, Buggy 4-in-1 in Dunkelblau - F\u00fcr Baby Boss","description":"Kinderwagen AIR 2021, 4-in-1, in Dunkelblau","robots":{"index":"index","follow":"follow","max-snippet":"max-snippet:-1","max-image-preview":"max-image-preview:large","max-video-preview":"max-video-preview:-1"},"canonical":"https:\/\/forbabyboss.com\/de\/product\/kinderwagen-2021-4-in-1-modell-in-dunkelblau\/","og_locale":"de_DE","og_type":"article","og_title":"Baby Pram 2021 Pushchair 4in1 in Dark Blue - For Baby Boss","og_description":"Baby Pram AIR 2021 Pushchair 4in1 in Dark Blue","og_url":"https:\/\/forbabyboss.com\/de\/product\/kinderwagen-2021-4-in-1-modell-in-dunkelblau\/","og_site_name":"For Baby Boss","article_modified_time":"2026-02-21T15:00:40+00:00","og_image":[{"width":1020,"height":1020,"url":"https:\/\/forbabyboss.com\/wp-content\/uploads\/2022\/09\/Baby-Pram-Bexa-AIR-2021-Pushchair-Buggy-Stroller-Car-Seat-Travel-System-4in1-Dark-Blue.jpg","type":"image\/jpeg"}],"twitter_card":"summary_large_image","twitter_misc":{"Gesch\u00e4tzte Lesezeit":"3\u00a0Minuten"},"schema":{"@context":"https:\/\/schema.org","@graph":[{"@type":"WebPage","@id":"https:\/\/forbabyboss.com\/product\/baby-pram-2021-pushchair-4in1-in-dark-blue\/","url":"https:\/\/forbabyboss.com\/product\/baby-pram-2021-pushchair-4in1-in-dark-blue\/","name":"Kinderwagen 2021, Buggy 4-in-1 in Dunkelblau - F\u00fcr Baby Boss","isPartOf":{"@id":"https:\/\/powderblue-seahorse-496884.hostingersite.com\/#website"},"primaryImageOfPage":{"@id":"https:\/\/forbabyboss.com\/product\/baby-pram-2021-pushchair-4in1-in-dark-blue\/#primaryimage"},"image":{"@id":"https:\/\/forbabyboss.com\/product\/baby-pram-2021-pushchair-4in1-in-dark-blue\/#primaryimage"},"thumbnailUrl":"https:\/\/forbabyboss.com\/wp-content\/uploads\/2022\/09\/Baby-Pram-Bexa-AIR-2021-Pushchair-Buggy-Stroller-Car-Seat-Travel-System-4in1-Dark-Blue.jpg","datePublished":"2022-09-20T16:26:37+00:00","dateModified":"2026-02-21T15:00:40+00:00","description":"Kinderwagen AIR 2021, 4-in-1, in Dunkelblau","breadcrumb":{"@id":"https:\/\/forbabyboss.com\/product\/baby-pram-2021-pushchair-4in1-in-dark-blue\/#breadcrumb"},"inLanguage":"de","potentialAction":[{"@type":"ReadAction","target":["https:\/\/forbabyboss.com\/product\/baby-pram-2021-pushchair-4in1-in-dark-blue\/"]}]},{"@type":"ImageObject","inLanguage":"de","@id":"https:\/\/forbabyboss.com\/product\/baby-pram-2021-pushchair-4in1-in-dark-blue\/#primaryimage","url":"https:\/\/forbabyboss.com\/wp-content\/uploads\/2022\/09\/Baby-Pram-Bexa-AIR-2021-Pushchair-Buggy-Stroller-Car-Seat-Travel-System-4in1-Dark-Blue.jpg","contentUrl":"https:\/\/forbabyboss.com\/wp-content\/uploads\/2022\/09\/Baby-Pram-Bexa-AIR-2021-Pushchair-Buggy-Stroller-Car-Seat-Travel-System-4in1-Dark-Blue.jpg","width":1020,"height":1020},{"@type":"BreadcrumbList","@id":"https:\/\/forbabyboss.com\/product\/baby-pram-2021-pushchair-4in1-in-dark-blue\/#breadcrumb","itemListElement":[{"@type":"ListItem","position":1,"name":"Home","item":"https:\/\/forbabyboss.com\/"},{"@type":"ListItem","position":2,"name":"Shop","item":"https:\/\/forbabyboss.com\/shop\/"},{"@type":"ListItem","position":3,"name":"Baby Pram 2021 Pushchair 4in1 in Dark Blue"}]},{"@type":"WebSite","@id":"https:\/\/powderblue-seahorse-496884.hostingersite.com\/#website","url":"https:\/\/powderblue-seahorse-496884.hostingersite.com\/","name":"F\u00fcr Baby Boss","description":"Wundersch\u00f6ne Geschenke und Accessoires f\u00fcr Ihren kleinen Chef","potentialAction":[{"@type":"SearchAction","target":{"@type":"EntryPoint","urlTemplate":"https:\/\/powderblue-seahorse-496884.hostingersite.com\/?s={search_term_string}"},"query-input":{"@type":"PropertyValueSpecification","valueRequired":true,"valueName":"search_term_string"}}],"inLanguage":"de"}]}},"_links":{"self":[{"href":"https:\/\/forbabyboss.com\/de\/wp-json\/wp\/v2\/product\/4029","targetHints":{"allow":["GET"]}}],"collection":[{"href":"https:\/\/forbabyboss.com\/de\/wp-json\/wp\/v2\/product"}],"about":[{"href":"https:\/\/forbabyboss.com\/de\/wp-json\/wp\/v2\/types\/product"}],"wp:featuredmedia":[{"embeddable":true,"href":"https:\/\/forbabyboss.com\/de\/wp-json\/wp\/v2\/media\/4030"}],"wp:attachment":[{"href":"https:\/\/forbabyboss.com\/de\/wp-json\/wp\/v2\/media?parent=4029"}],"wp:term":[{"taxonomy":"product_brand","embeddable":true,"href":"https:\/\/forbabyboss.com\/de\/wp-json\/wp\/v2\/product_brand?post=4029"},{"taxonomy":"product_cat","embeddable":true,"href":"https:\/\/forbabyboss.com\/de\/wp-json\/wp\/v2\/product_cat?post=4029"},{"taxonomy":"product_tag","embeddable":true,"href":"https:\/\/forbabyboss.com\/de\/wp-json\/wp\/v2\/product_tag?post=4029"}],"curies":[{"name":"wp","href":"https:\/\/api.w.org\/{rel}","templated":true}]}}