{"id":4037,"date":"2022-09-07T09:44:45","date_gmt":"2022-09-07T09:44:45","guid":{"rendered":"http:\/\/forbabyboss.com\/?post_type=product&#038;p=4037"},"modified":"2026-02-21T15:02:35","modified_gmt":"2026-02-21T15:02:35","slug":"baby-pram-2021-pushchair-4in1-in-gray","status":"publish","type":"product","link":"https:\/\/forbabyboss.com\/de\/product\/baby-pram-2021-pushchair-4in1-in-gray\/","title":{"rendered":"Baby Pram 2021 Pushchair 4in1 in Gray"},"content":{"rendered":"<p style=\"text-align: justify;\"><strong><span style=\"color: #282828; font-size: 100%;\">Bexa Air\u00a0was designed especially for parents who search for a product that will be used for a long time span. Depending on the child&#8217;s needs and age, Bexa Air\u00a0can function as a pram or a pushchair. Aluminium, lightweight frame makes it very easy to drive. It\u2019s designed to transport your baby or toddler in very high comfort. The pram trim is made of the highest quality impregnated materials, child-friendly.<\/span><\/strong><\/p>\n<p style=\"text-align: justify;\"><strong><span style=\"color: #282828; font-size: 100%;\">Bexa Air prams are entirely designed and manufactured in Europe and they are made of high-quality materials only.<span style=\"font-family: 'Josefin Sans', Tahoma, sans-serif, Arial;\">Bexa Air was designed especially for parents who search for a product that will be used for a long time span. Depending on the child&#8217;s needs and age, Bexa Air can function as a pram or a pushchair. Aluminium, lightweight frame makes it very easy to drive. It\u2019s designed to transport your baby or toddler in very high comfort. The pram trim is made of the highest quality impregnated materials, child-friendly.<\/span><\/span><\/strong><\/p>\n<p style=\"text-align: justify;\"><strong><span style=\"color: #282828; font-family: 'Josefin Sans', Tahoma, sans-serif, Arial; font-size: 100%;\">Bexa Air prams are entirely designed and manufactured in Europe and they are made of high-quality materials only.<\/span><\/strong><\/p>\n<p style=\"text-align: justify;\"><strong><span style=\"font-size: 100%; color: #282828;\">Designed to transport your baby or toddler in comfort from birth to 3 years or 0-15 kg.<\/span><\/strong><\/p>\n<p style=\"text-align: justify;\"><strong><span style=\"color: #282828; font-size: 100%;\">Made in Europe from high quality materials, lightweight aluminium frame, designed with modern style.<br \/>\n<\/span><\/strong><\/p>\n<p style=\"text-align: justify;\" align=\"center\"><strong><span style=\"font-size: 100%; color: #282828;\">European approval EN 1888:2012Aluminium, lightweight frame with adjustable shock absorber makes it very easy to drive.The pram trim made from the highest quality impregnated materials, child friendly. The materials do not fade, waterproof, provides an ideal air temperature depends on weather conditions. Removable interiors and covers is filled with hypo-allergenic cotton.<\/span><\/strong><\/p>\n<p style=\"text-align: justify;\" align=\"center\"><strong><span style=\"color: #282828;\"><span style=\"font-size: medium;\"><span style=\"color: #e14d43;\">Product Specification<\/span>:<\/span><span style=\"font-size: medium;\">\u00a0<\/span><\/span><\/strong><\/p>\n<p style=\"text-align: justify;\"><strong><span style=\"color: #282828;\">&#8211; the possibility of carrying the gondola by the handle in the booth;<\/span><\/strong><\/p>\n<p style=\"text-align: justify;\"><strong><span style=\"color: #282828;\">\u2013 Der Boden der Gondel besteht aus Kunststoff;<\/span><\/strong><\/p>\n<p style=\"text-align: justify;\"><strong><span style=\"color: #282828;\">-Gondel mit \u00d6ko-Leder verkleidet;<\/span><\/strong><\/p>\n<p style=\"text-align: justify;\"><strong><span style=\"color: #282828;\">\u2013 Rucksack f\u00fcr Mama;<\/span><\/strong><\/p>\n<p style=\"text-align: justify;\"><strong><span style=\"color: #282828;\">-eine ger\u00e4umige Gondel mit Bel\u00fcftung;<\/span><\/strong><\/p>\n<p style=\"text-align: justify;\"><strong><span style=\"color: #282828;\">\u2013 ungefalteter Rahmen 78x58x99-115 cm;<\/span><\/strong><\/p>\n<p style=\"text-align: justify;\"><strong><span style=\"color: #282828;\">\u2013 externe R\u00fcckenlehnenverstellung in Gondel und Kinderwagen;<\/span><\/strong><\/p>\n<p style=\"text-align: justify;\"><strong><span style=\"color: #282828;\">\u2013 zusammengeklappter Rahmen 78x58x30 cm; ohne R\u00e4der 72x50x30 cm;<\/span><\/strong><\/p>\n<p style=\"text-align: justify;\"><strong><span style=\"color: #282828;\">\u2013 herausnehmbare Innenverkleidung der Gondel;<\/span><\/strong><\/p>\n<p style=\"text-align: justify;\"><strong><span style=\"color: #282828;\">-Gondelinnenraum 76x35x22 cm;<\/span><\/strong><\/p>\n<p style=\"text-align: justify;\"><strong><span style=\"color: #282828;\">\u2013 Matratze mit Kokosnuss 75 cm x 35 cm;<\/span><\/strong><\/p>\n<p style=\"text-align: justify;\"><strong><span style=\"color: #282828;\">-Gewicht des Rahmens mit R\u00e4dern ca. 9 kg;<\/span><\/strong><\/p>\n<p style=\"text-align: justify;\"><strong><span style=\"color: #282828;\">\u2013 mehrstufige Kabinenregulierung;<\/span><\/strong><\/p>\n<p style=\"text-align: justify;\"><strong><span style=\"color: #282828;\">\u2013 12-Zoll-Hinterr\u00e4der, 10-Zoll-Vorderr\u00e4der mit Gel-Federn;<\/span><\/strong><\/p>\n<p style=\"text-align: justify;\"><strong><span style=\"color: #282828;\">\u2013 H\u00f6he des Gondelbodens vom Boden 61 cm;<\/span><\/strong><\/p>\n<p style=\"text-align: justify;\"><strong><span style=\"color: #282828;\">-Das Gewicht der Gondel betr\u00e4gt etwa 5 kg;<\/span><\/strong><\/p>\n<p style=\"text-align: justify;\"><strong><span style=\"color: #282828;\">-Kinderwagensitz 34\u00d726 cm, Fu\u00dfst\u00fctze 17 cm, R\u00fcckenlehne 47 cm;<\/span><\/strong><\/p>\n<p style=\"text-align: justify;\"><strong><span style=\"color: #282828;\">\u2013 Gewicht des Kinderwagens ca. 4 kg;<\/span><\/strong><\/p>\n<p><strong><span style=\"color: #282828;\"><span style=\"color: #e14d43;\">Comfortable car-seat<\/span>:<\/span><\/strong><\/p>\n<p><strong><span style=\"font-size: medium; color: #282828;\">Group 0-13 kg:<\/span><\/strong><\/p>\n<p><strong><span style=\"font-size: medium; color: #282828;\">European approval ECE R44 \/ 04<\/span><\/strong><\/p>\n<p><strong><span style=\"font-size: medium; color: #282828;\">Mit Adaptern an der Rahmenbasis befestigt.<\/span><\/strong><\/p>\n<p><strong><span style=\"font-size: medium; color: #282828;\">3 point harness<\/span><\/strong><\/p>\n<p><strong><span style=\"font-size: medium; color: #282828;\">Extra pad for new born baby<\/span><\/strong><\/p>\n<p><strong><span style=\"font-size: medium; color: #282828;\">Autositzbezug<\/span><\/strong><\/p>\n<p><strong><span style=\"font-size: medium; color: #282828;\">Adjustable handle for carrying<\/span><\/strong><\/p>\n<p><strong><span style=\"font-size: medium; color: #282828;\">Removable hood cover<\/span><\/strong><\/p>\n<p><strong><span style=\"font-size: medium; color: #282828;\">Height-adjustable seat belts<\/span><\/strong><\/p>\n<p><strong><span style=\"font-size: medium; color: #282828;\">Front or rear-facing mode<\/span><\/strong><\/p>\n<p><strong><span style=\"font-size: medium; color: #282828;\">Ausgestattet mit ISOFIX*<\/span><\/strong><\/p>\n<p><strong><span style=\"color: #282828;\"><span style=\"font-size: medium;\"><span style=\"color: #e14d43;\">SOFIX BASE<\/span>*<\/span><\/span><\/strong><\/p>\n<p><strong><span style=\"font-size: medium; color: #282828;\">Colour: Black\/Grey<\/span><\/strong><\/p>\n<p><strong><span style=\"font-size: medium; color: #282828;\">Suitable from birth<\/span><\/strong><\/p>\n<p><strong><span style=\"font-size: medium; color: #282828;\">Secures directly to the car\u2018s chassis using the vehicle\u2019s ISOFIX attachment points<\/span><\/strong><\/p>\n<p><strong><span style=\"font-size: medium; color: #282828;\">Can also be secured using the vehicle\u2019s seat belt<\/span><\/strong><\/p>\n<p><strong><span style=\"font-size: medium; color: #282828;\">Compatible with the car seats<\/span><\/strong><\/p>\n<p><strong><span style=\"font-size: medium; color: #282828;\">Easy to install<\/span><\/strong><\/p>\n<p><strong><span style=\"font-size: medium; color: #282828;\">Safe and secure<\/span><\/strong><\/p>\n<p><strong><span style=\"font-size: medium; color: #282828;\">Minimiert den Aufwand<\/span><\/strong><\/p>\n<p><strong><span style=\"font-size: medium; color: #282828;\">Verringert die Wahrscheinlichkeit, das Baby beim Transfer vom Auto nach Hause aufzuwecken.<\/span><\/strong><\/p>\n<p><strong><span style=\"font-size: medium; color: #282828;\">Das St\u00fctzbein sorgt f\u00fcr optimale Stabilit\u00e4t und Sicherheit und l\u00e4sst sich f\u00fcr die beste Passform leicht anpassen.<\/span><\/strong><\/p>\n<p><strong><span style=\"font-size: medium; color: #282828;\">Farbindikatoren best\u00e4tigen die korrekte Montage der Basis am Fahrzeug.<\/span><\/strong><\/p>\n<p style=\"text-align: left;\" align=\"center\"><strong><span style=\"font-size: medium; color: #282828;\"><span style=\"color: #e14d43;\">Price included<\/span>:<br \/>\n<\/span><\/strong><\/p>\n<p><strong><span style=\"color: #282828;\">The 2-in-1 set includes: black aluminum frame with double shock absorption,\u00a0<\/span><\/strong><\/p>\n<p><strong><span style=\"color: #282828;\">Gelr\u00e4der,<\/span><\/strong><\/p>\n<p><strong><span style=\"color: #282828;\">Einkaufskorb mit Rei\u00dfverschluss;\u00a0<\/span><\/strong><\/p>\n<p><strong><span style=\"color: #282828;\">a gondola with a cover,\u00a0<\/span><\/strong><\/p>\n<p><strong><span style=\"color: #282828;\">a stroller with a cover for legs;<\/span><\/strong><\/p>\n<p><strong><span style=\"color: #282828;\">handy backpack for accessories;\u00a0<\/span><\/strong><\/p>\n<p><strong><span style=\"color: #282828;\">raincover; mosquito net;<\/span><\/strong><\/p>\n<p style=\"text-align: left;\" align=\"center\"><strong><span style=\"font-size: medium; color: #282828;\">Isofix base (optional)<\/span><\/strong><\/p>\n<p><strong><span style=\"font-size: medium; color: #282828;\">24 months warranty<\/span><\/strong><\/p>\n<p><a href=\"http:\/\/forbabyboss.com\/wp-content\/uploads\/2022\/09\/checkout.png\"><img loading=\"lazy\" decoding=\"async\" class=\"alignnone size-full wp-image-5965\" src=\"http:\/\/forbabyboss.com\/wp-content\/uploads\/2022\/09\/checkout.png\" alt=\"\" width=\"750\" height=\"276\" srcset=\"https:\/\/forbabyboss.com\/wp-content\/uploads\/2022\/09\/checkout.png 750w, https:\/\/forbabyboss.com\/wp-content\/uploads\/2022\/09\/checkout-600x221.png 600w\" sizes=\"auto, (max-width: 750px) 100vw, 750px\" \/><\/a><\/p>","protected":false},"excerpt":{"rendered":"<p><a href=\"http:\/\/forbabyboss.com\/wp-content\/uploads\/2022\/09\/Star-Rating-5.png\"><img loading=\"lazy\" decoding=\"async\" class=\"alignnone wp-image-5973 aligncenter\" src=\"http:\/\/forbabyboss.com\/wp-content\/uploads\/2022\/09\/Star-Rating-5.png\" alt=\"\" width=\"367\" height=\"60\" \/><\/a><\/p>\n<p style=\"text-align: center;\"><span style=\"color: #e14d43; font-size: 115%;\"><strong>PRICE MATCH GUARANTEE<\/strong><\/span><\/p>\n<p style=\"text-align: center;\"><span style=\"font-size: 115%;\"><span style=\"color: #003366;\">Free Delivery\u00a0<\/span>\u2013 2 \u2013 7 days<\/span><\/p>\n<p style=\"text-align: center;\"><span style=\"color: #008000; font-size: 115%;\"><strong>Free gift with purchases over \u00a3100<\/strong><\/span><\/p>","protected":false},"featured_media":4038,"template":"","meta":[],"product_brand":[587],"product_cat":[340,157,156,197,305,210,158,130,209,211],"product_tag":[200,199],"class_list":{"0":"post-4037","1":"product","2":"type-product","3":"status-publish","4":"has-post-thumbnail","6":"product_brand-bexa","7":"product_cat-800-to-900","8":"product_cat-2-in-1","9":"product_cat-3-in-1","10":"product_cat-4-in-1-pram","11":"product_cat-colour","12":"product_cat-grey","13":"product_cat-new-collection","14":"product_cat-prams","15":"product_cat-push-chairs","16":"product_cat-stroller","17":"product_tag-4-in-1-pram","18":"product_tag-prams","20":"first","21":"instock","22":"sale","23":"shipping-taxable","24":"purchasable","25":"product-type-simple"},"yoast_head":"<!-- This site is optimized with the Yoast SEO plugin v27.0 - https:\/\/yoast.com\/product\/yoast-seo-wordpress\/ -->\n<title>Baby Pram 2021 Pushchair 4in1 in Gray - For Baby Boss<\/title>\n<meta name=\"description\" content=\"Baby Pram 2021 Pushchair 4in1 in Gray\" \/>\n<meta name=\"robots\" content=\"index, follow, max-snippet:-1, max-image-preview:large, max-video-preview:-1\" \/>\n<link rel=\"canonical\" href=\"https:\/\/forbabyboss.com\/de\/product\/baby-pram-2021-pushchair-4in1-in-gray\/\" \/>\n<meta property=\"og:locale\" content=\"de_DE\" \/>\n<meta property=\"og:type\" content=\"article\" \/>\n<meta property=\"og:title\" content=\"Baby Pram 2021 Pushchair 4in1 in Gray - For Baby Boss\" \/>\n<meta property=\"og:description\" content=\"Baby Pram 2021 Pushchair 4in1 in Gray\" \/>\n<meta property=\"og:url\" content=\"https:\/\/forbabyboss.com\/de\/product\/baby-pram-2021-pushchair-4in1-in-gray\/\" \/>\n<meta property=\"og:site_name\" content=\"For Baby Boss\" \/>\n<meta property=\"article:modified_time\" content=\"2026-02-21T15:02:35+00:00\" \/>\n<meta property=\"og:image\" content=\"https:\/\/forbabyboss.com\/wp-content\/uploads\/2022\/09\/Baby-Pram-Bexa-AIR-2021-Pushchair-Buggy-Stroller-Car-Seat-Travel-System-4in1-Gray_main.jpg\" \/>\n\t<meta property=\"og:image:width\" content=\"1020\" \/>\n\t<meta property=\"og:image:height\" content=\"1020\" \/>\n\t<meta property=\"og:image:type\" content=\"image\/jpeg\" \/>\n<meta name=\"twitter:card\" content=\"summary_large_image\" \/>\n<meta name=\"twitter:label1\" content=\"Gesch\u00e4tzte Lesezeit\" \/>\n\t<meta name=\"twitter:data1\" content=\"3\u00a0Minuten\" \/>\n<script type=\"application\/ld+json\" class=\"yoast-schema-graph\">{\"@context\":\"https:\/\/schema.org\",\"@graph\":[{\"@type\":\"WebPage\",\"@id\":\"https:\/\/forbabyboss.com\/product\/baby-pram-2021-pushchair-4in1-in-gray\/\",\"url\":\"https:\/\/forbabyboss.com\/product\/baby-pram-2021-pushchair-4in1-in-gray\/\",\"name\":\"Baby Pram 2021 Pushchair 4in1 in Gray - For Baby Boss\",\"isPartOf\":{\"@id\":\"https:\/\/powderblue-seahorse-496884.hostingersite.com\/#website\"},\"primaryImageOfPage\":{\"@id\":\"https:\/\/forbabyboss.com\/product\/baby-pram-2021-pushchair-4in1-in-gray\/#primaryimage\"},\"image\":{\"@id\":\"https:\/\/forbabyboss.com\/product\/baby-pram-2021-pushchair-4in1-in-gray\/#primaryimage\"},\"thumbnailUrl\":\"https:\/\/forbabyboss.com\/wp-content\/uploads\/2022\/09\/Baby-Pram-Bexa-AIR-2021-Pushchair-Buggy-Stroller-Car-Seat-Travel-System-4in1-Gray_main.jpg\",\"datePublished\":\"2022-09-07T09:44:45+00:00\",\"dateModified\":\"2026-02-21T15:02:35+00:00\",\"description\":\"Baby Pram 2021 Pushchair 4in1 in Gray\",\"breadcrumb\":{\"@id\":\"https:\/\/forbabyboss.com\/product\/baby-pram-2021-pushchair-4in1-in-gray\/#breadcrumb\"},\"inLanguage\":\"de\",\"potentialAction\":[{\"@type\":\"ReadAction\",\"target\":[\"https:\/\/forbabyboss.com\/product\/baby-pram-2021-pushchair-4in1-in-gray\/\"]}]},{\"@type\":\"ImageObject\",\"inLanguage\":\"de\",\"@id\":\"https:\/\/forbabyboss.com\/product\/baby-pram-2021-pushchair-4in1-in-gray\/#primaryimage\",\"url\":\"https:\/\/forbabyboss.com\/wp-content\/uploads\/2022\/09\/Baby-Pram-Bexa-AIR-2021-Pushchair-Buggy-Stroller-Car-Seat-Travel-System-4in1-Gray_main.jpg\",\"contentUrl\":\"https:\/\/forbabyboss.com\/wp-content\/uploads\/2022\/09\/Baby-Pram-Bexa-AIR-2021-Pushchair-Buggy-Stroller-Car-Seat-Travel-System-4in1-Gray_main.jpg\",\"width\":1020,\"height\":1020},{\"@type\":\"BreadcrumbList\",\"@id\":\"https:\/\/forbabyboss.com\/product\/baby-pram-2021-pushchair-4in1-in-gray\/#breadcrumb\",\"itemListElement\":[{\"@type\":\"ListItem\",\"position\":1,\"name\":\"Home\",\"item\":\"https:\/\/forbabyboss.com\/\"},{\"@type\":\"ListItem\",\"position\":2,\"name\":\"Shop\",\"item\":\"https:\/\/forbabyboss.com\/shop\/\"},{\"@type\":\"ListItem\",\"position\":3,\"name\":\"Baby Pram 2021 Pushchair 4in1 in Gray\"}]},{\"@type\":\"WebSite\",\"@id\":\"https:\/\/powderblue-seahorse-496884.hostingersite.com\/#website\",\"url\":\"https:\/\/powderblue-seahorse-496884.hostingersite.com\/\",\"name\":\"For Baby Boss\",\"description\":\"Beautiful gifts and accessories for your baby boss\",\"potentialAction\":[{\"@type\":\"SearchAction\",\"target\":{\"@type\":\"EntryPoint\",\"urlTemplate\":\"https:\/\/powderblue-seahorse-496884.hostingersite.com\/?s={search_term_string}\"},\"query-input\":{\"@type\":\"PropertyValueSpecification\",\"valueRequired\":true,\"valueName\":\"search_term_string\"}}],\"inLanguage\":\"de\"}]}<\/script>\n<!-- \/ Yoast SEO plugin. -->","yoast_head_json":{"title":"Kinderwagen 2021, Buggy 4in1 in Grau - F\u00fcr Baby Boss","description":"Baby Pram 2021 Pushchair 4in1 in Gray","robots":{"index":"index","follow":"follow","max-snippet":"max-snippet:-1","max-image-preview":"max-image-preview:large","max-video-preview":"max-video-preview:-1"},"canonical":"https:\/\/forbabyboss.com\/de\/product\/baby-pram-2021-pushchair-4in1-in-gray\/","og_locale":"de_DE","og_type":"article","og_title":"Baby Pram 2021 Pushchair 4in1 in Gray - For Baby Boss","og_description":"Baby Pram 2021 Pushchair 4in1 in Gray","og_url":"https:\/\/forbabyboss.com\/de\/product\/baby-pram-2021-pushchair-4in1-in-gray\/","og_site_name":"For Baby Boss","article_modified_time":"2026-02-21T15:02:35+00:00","og_image":[{"width":1020,"height":1020,"url":"https:\/\/forbabyboss.com\/wp-content\/uploads\/2022\/09\/Baby-Pram-Bexa-AIR-2021-Pushchair-Buggy-Stroller-Car-Seat-Travel-System-4in1-Gray_main.jpg","type":"image\/jpeg"}],"twitter_card":"summary_large_image","twitter_misc":{"Gesch\u00e4tzte Lesezeit":"3\u00a0Minuten"},"schema":{"@context":"https:\/\/schema.org","@graph":[{"@type":"WebPage","@id":"https:\/\/forbabyboss.com\/product\/baby-pram-2021-pushchair-4in1-in-gray\/","url":"https:\/\/forbabyboss.com\/product\/baby-pram-2021-pushchair-4in1-in-gray\/","name":"Kinderwagen 2021, Buggy 4in1 in Grau - F\u00fcr Baby Boss","isPartOf":{"@id":"https:\/\/powderblue-seahorse-496884.hostingersite.com\/#website"},"primaryImageOfPage":{"@id":"https:\/\/forbabyboss.com\/product\/baby-pram-2021-pushchair-4in1-in-gray\/#primaryimage"},"image":{"@id":"https:\/\/forbabyboss.com\/product\/baby-pram-2021-pushchair-4in1-in-gray\/#primaryimage"},"thumbnailUrl":"https:\/\/forbabyboss.com\/wp-content\/uploads\/2022\/09\/Baby-Pram-Bexa-AIR-2021-Pushchair-Buggy-Stroller-Car-Seat-Travel-System-4in1-Gray_main.jpg","datePublished":"2022-09-07T09:44:45+00:00","dateModified":"2026-02-21T15:02:35+00:00","description":"Baby Pram 2021 Pushchair 4in1 in Gray","breadcrumb":{"@id":"https:\/\/forbabyboss.com\/product\/baby-pram-2021-pushchair-4in1-in-gray\/#breadcrumb"},"inLanguage":"de","potentialAction":[{"@type":"ReadAction","target":["https:\/\/forbabyboss.com\/product\/baby-pram-2021-pushchair-4in1-in-gray\/"]}]},{"@type":"ImageObject","inLanguage":"de","@id":"https:\/\/forbabyboss.com\/product\/baby-pram-2021-pushchair-4in1-in-gray\/#primaryimage","url":"https:\/\/forbabyboss.com\/wp-content\/uploads\/2022\/09\/Baby-Pram-Bexa-AIR-2021-Pushchair-Buggy-Stroller-Car-Seat-Travel-System-4in1-Gray_main.jpg","contentUrl":"https:\/\/forbabyboss.com\/wp-content\/uploads\/2022\/09\/Baby-Pram-Bexa-AIR-2021-Pushchair-Buggy-Stroller-Car-Seat-Travel-System-4in1-Gray_main.jpg","width":1020,"height":1020},{"@type":"BreadcrumbList","@id":"https:\/\/forbabyboss.com\/product\/baby-pram-2021-pushchair-4in1-in-gray\/#breadcrumb","itemListElement":[{"@type":"ListItem","position":1,"name":"Home","item":"https:\/\/forbabyboss.com\/"},{"@type":"ListItem","position":2,"name":"Shop","item":"https:\/\/forbabyboss.com\/shop\/"},{"@type":"ListItem","position":3,"name":"Baby Pram 2021 Pushchair 4in1 in Gray"}]},{"@type":"WebSite","@id":"https:\/\/powderblue-seahorse-496884.hostingersite.com\/#website","url":"https:\/\/powderblue-seahorse-496884.hostingersite.com\/","name":"F\u00fcr Baby Boss","description":"Wundersch\u00f6ne Geschenke und Accessoires f\u00fcr Ihren kleinen Chef","potentialAction":[{"@type":"SearchAction","target":{"@type":"EntryPoint","urlTemplate":"https:\/\/powderblue-seahorse-496884.hostingersite.com\/?s={search_term_string}"},"query-input":{"@type":"PropertyValueSpecification","valueRequired":true,"valueName":"search_term_string"}}],"inLanguage":"de"}]}},"_links":{"self":[{"href":"https:\/\/forbabyboss.com\/de\/wp-json\/wp\/v2\/product\/4037","targetHints":{"allow":["GET"]}}],"collection":[{"href":"https:\/\/forbabyboss.com\/de\/wp-json\/wp\/v2\/product"}],"about":[{"href":"https:\/\/forbabyboss.com\/de\/wp-json\/wp\/v2\/types\/product"}],"wp:featuredmedia":[{"embeddable":true,"href":"https:\/\/forbabyboss.com\/de\/wp-json\/wp\/v2\/media\/4038"}],"wp:attachment":[{"href":"https:\/\/forbabyboss.com\/de\/wp-json\/wp\/v2\/media?parent=4037"}],"wp:term":[{"taxonomy":"product_brand","embeddable":true,"href":"https:\/\/forbabyboss.com\/de\/wp-json\/wp\/v2\/product_brand?post=4037"},{"taxonomy":"product_cat","embeddable":true,"href":"https:\/\/forbabyboss.com\/de\/wp-json\/wp\/v2\/product_cat?post=4037"},{"taxonomy":"product_tag","embeddable":true,"href":"https:\/\/forbabyboss.com\/de\/wp-json\/wp\/v2\/product_tag?post=4037"}],"curies":[{"name":"wp","href":"https:\/\/api.w.org\/{rel}","templated":true}]}}