{"id":4106,"date":"2022-09-07T13:06:03","date_gmt":"2022-09-07T13:06:03","guid":{"rendered":"http:\/\/forbabyboss.com\/?post_type=product&#038;p=4106"},"modified":"2026-02-21T15:08:41","modified_gmt":"2026-02-21T15:08:41","slug":"3-in-1-kinderwagen-reisesystem-in-dunkelgrun","status":"publish","type":"product","link":"https:\/\/forbabyboss.com\/de\/product\/pushchair-baby-pram-travel-system-3in1-in-dark-green\/","title":{"rendered":"Kinderwagen-Reisesystem 3-in-1 in Dunkelgr\u00fcn"},"content":{"rendered":"<h1 style=\"text-align: justify;\" align=\"center\"><strong><span style=\"color: #e14d43;\"><span style=\"font-family: Arial;\">HOLLAND \u2013 DER KINDERWAGEN, DEN SIE SUCHEN<\/span><\/span><\/strong><\/h1>\n<p style=\"text-align: justify;\" align=\"center\"><strong><span style=\"font-family: Arial;\">Suchen Sie einen Kinderwagen, der perfekt zu Ihnen und Ihrem Kind passt? Soll er leicht, praktisch und gleichzeitig elegant sein? Dann ist die neueste Version des Holland-Kinderwagens genau das Richtige f\u00fcr Sie! Das Gestell ist jetzt noch leichter. Neue Funktionen sorgen f\u00fcr maximalen Komfort. Die ger\u00e4umige, moderne Tasche und viele weitere attraktive Details verleihen dem Holland das gewisse Etwas.<\/span><\/strong><\/p>\n<p style=\"text-align: justify;\" align=\"center\"><strong><span style=\"font-size: medium;\">Hergestellt in Europa aus hochwertigen Materialien, leichter Aluminiumrahmen, modernes Design.<\/span><span style=\"font-size: medium;\"><br \/>\n<\/span><\/strong><\/p>\n<div style=\"text-align: justify;\" align=\"center\"><strong>Europ\u00e4ische Zulassung EN 1888:2012<\/strong><\/div>\n<p style=\"text-align: justify;\"><strong>Eine moderne Babytragetasche \u2013 komfortable Nutzung<\/strong><\/p>\n<p style=\"text-align: justify;\"><strong>Der Universal-Kinderwagen Holland macht jeden Spaziergang komfortabel \u2013 von den ersten Lebenstagen Ihres Kindes an. Die ger\u00e4umige Babywanne bietet Platz f\u00fcr Ihr Kind und sorgt f\u00fcr angenehmen Komfort \u2013 sowohl an warmen Sommernachmittagen als auch an kalten Wintertagen. Das Verdeck der Babywanne l\u00e4sst sich dank praktischer Kn\u00f6pfe an der Innenseite verstellen. Je nach Wetterlage k\u00f6nnen Sie es auf- oder zusammenklappen. Der faltbare Sonnenschutz spendet Ihrem Kind Schatten. KINDERWAGEN \u2013 AUCH F\u00dcR GR\u00d6SSERE KINDER: Der 2-in-1 Holland von Bebetto ist ebenfalls ein komfortabler Kinderwagen, der von Geburt an bis zum Alter von etwa 3 Jahren genutzt werden kann. Die ergonomisch geformte Sitzeinheit sorgt daf\u00fcr, dass Ihr Kind immer die bequemste und sicherste Position einnimmt. Sie ist weich und komfortabel, sodass keine zus\u00e4tzliche Matratze ben\u00f6tigt wird. R\u00fcckenlehne und Fu\u00dfst\u00fctze sind verstellbar, sodass Sie Ihr Kind in vielen Positionen platzieren k\u00f6nnen \u2013 vom Sitzen bis zum Liegen. Auch das Verdeck des Holland-Kinderwagens l\u00e4sst sich weit auf- und zuklappen, und der faltbare Sonnenschutz sch\u00fctzt Ihr Kind schnell vor der Sonne. Die Barriere bietet eine bequeme St\u00fctze f\u00fcr die H\u00e4nde des Kindes \u2013 und dank des praktischen Knopfes l\u00e4sst sie sich extrem einfach abnehmen.<\/strong><\/p>\n<p style=\"text-align: justify;\" align=\"center\"><strong><span style=\"font-size: medium;\"><span style=\"color: #e14d43;\">Produktmerkmale<\/span>:<br \/>\n<\/span><\/strong><\/p>\n<ul>\n<li style=\"text-align: justify;\"><strong><span style=\"font-size: medium;\">2-in-1- oder 3-in-1-Reisesystem<br \/>\n<\/span><\/strong><\/li>\n<li style=\"text-align: justify;\"><strong><span style=\"font-size: medium;\">Solider, leichter Aluminiumrahmen<\/span><\/strong><\/li>\n<li style=\"text-align: justify;\"><strong><span style=\"font-size: medium;\">Leicht aufzuklappen, klein zusammengefaltet<\/span><\/strong><\/li>\n<\/ul>\n<p><strong><span style=\"font-family: Arial;\">\u2013 Aluminiumrahmen<\/span><\/strong><\/p>\n<p><strong><span style=\"font-family: Arial;\">\u2013 4 R\u00e4der<\/span><\/strong><\/p>\n<p><strong><span style=\"font-family: Arial;\">\u2013 Babywanne<\/span><\/strong><\/p>\n<p><strong><span style=\"font-family: Arial;\">\u2013 Kinderwagenabdeckung und Matratze<\/span><\/strong><\/p>\n<p><strong><span style=\"font-family: Arial;\">\u2013 Regenschutz<\/span><\/strong><\/p>\n<p><strong><span style=\"font-family: Arial;\">\u2013 Moskitonetz<\/span><\/strong><\/p>\n<p><strong><span style=\"font-family: Arial;\">\u2013 Moderne Tasche<\/span><\/strong><\/p>\n<p><strong><span style=\"font-family: Arial;\">\u2013 Warenkorb<\/span><\/strong><\/p>\n<p><strong><span style=\"font-family: Arial;\">\u2013 Getr\u00e4nkehalter<\/span><\/strong><\/p>\n<p><strong><span style=\"font-family: Arial;\">\u2013 24 Monate Garantie<\/span><\/strong><\/p>\n<p><strong><span style=\"font-family: Arial;\">\u2013 Kinderwagen<\/span><\/strong><\/p>\n<p><strong><span style=\"font-family: Arial;\">\u2013 *Kindersitz (optional)<\/span><\/strong><\/p>\n<p><a href=\"http:\/\/forbabyboss.com\/wp-content\/uploads\/2022\/09\/checkout.png\"><img loading=\"lazy\" decoding=\"async\" class=\"alignnone size-full wp-image-5965\" src=\"http:\/\/forbabyboss.com\/wp-content\/uploads\/2022\/09\/checkout.png\" alt=\"\" width=\"750\" height=\"276\" srcset=\"https:\/\/forbabyboss.com\/wp-content\/uploads\/2022\/09\/checkout.png 750w, https:\/\/forbabyboss.com\/wp-content\/uploads\/2022\/09\/checkout-600x221.png 600w\" sizes=\"auto, (max-width: 750px) 100vw, 750px\" \/><\/a><\/p>","protected":false},"excerpt":{"rendered":"<p><a href=\"http:\/\/forbabyboss.com\/wp-content\/uploads\/2022\/09\/Star-Rating-5.png\"><img loading=\"lazy\" decoding=\"async\" class=\"alignnone wp-image-5973 aligncenter\" src=\"http:\/\/forbabyboss.com\/wp-content\/uploads\/2022\/09\/Star-Rating-5.png\" alt=\"\" width=\"299\" height=\"49\" \/><\/a><\/p>\n<p style=\"text-align: center;\"><span style=\"color: #e14d43; font-size: 115%;\"><strong>PREISGARANTIE<\/strong><\/span><\/p>\n<p style=\"text-align: center;\"><span style=\"font-size: 115%;\"><span style=\"color: #003366;\">Kostenloser Versand\u00a0<\/span>\u2013 2 \u2013 7 Tage<\/span><\/p>\n<p style=\"text-align: center;\"><span style=\"color: #008000; font-size: 115%;\"><strong>Gratisgeschenk ab einem Einkaufswert von 100 \u00a3<\/strong><\/span><\/p>","protected":false},"featured_media":4107,"template":"","meta":[],"product_brand":[583],"product_cat":[338,156,305,244,130,209,211],"product_tag":[163,199],"class_list":{"0":"post-4106","1":"product","2":"type-product","3":"status-publish","4":"has-post-thumbnail","6":"product_brand-bebetto","7":"product_cat-600-to-700","8":"product_cat-3-in-1","9":"product_cat-colour","10":"product_cat-green","11":"product_cat-prams","12":"product_cat-push-chairs","13":"product_cat-stroller","14":"product_tag-3-in-1-prams","15":"product_tag-prams","17":"first","18":"instock","19":"sale","20":"shipping-taxable","21":"purchasable","22":"product-type-simple"},"yoast_head":"<!-- This site is optimized with the Yoast SEO plugin v27.5 - https:\/\/yoast.com\/product\/yoast-seo-wordpress\/ -->\n<title>Pushchair Baby Pram Travel System 3in1 in Dark Green - For Baby Boss<\/title>\n<meta name=\"description\" content=\"Pushchair Baby Pram Travel System 3in1 in Dark Green\" \/>\n<meta name=\"robots\" content=\"index, follow, max-snippet:-1, max-image-preview:large, max-video-preview:-1\" \/>\n<link rel=\"canonical\" href=\"https:\/\/forbabyboss.com\/de\/product\/3-in-1-kinderwagen-reisesystem-in-dunkelgrun\/\" \/>\n<meta property=\"og:locale\" content=\"de_DE\" \/>\n<meta property=\"og:type\" content=\"article\" \/>\n<meta property=\"og:title\" content=\"Pushchair Baby Pram Travel System 3in1 in Dark Green - For Baby Boss\" \/>\n<meta property=\"og:description\" content=\"Pushchair Baby Pram Travel System 3in1 in Dark Green\" \/>\n<meta property=\"og:url\" content=\"https:\/\/forbabyboss.com\/de\/product\/3-in-1-kinderwagen-reisesystem-in-dunkelgrun\/\" \/>\n<meta property=\"og:site_name\" content=\"For Baby Boss\" \/>\n<meta property=\"article:modified_time\" content=\"2026-02-21T15:08:41+00:00\" \/>\n<meta property=\"og:image\" content=\"https:\/\/forbabyboss.com\/wp-content\/uploads\/2022\/09\/Bebetto-New-Holland-Pushchair-Buggy-Stroller-Car-Seat-Travel-System-3in1-Black-Frame-04.jpg\" \/>\n\t<meta property=\"og:image:width\" content=\"1000\" \/>\n\t<meta property=\"og:image:height\" content=\"1000\" \/>\n\t<meta property=\"og:image:type\" content=\"image\/jpeg\" \/>\n<meta name=\"twitter:card\" content=\"summary_large_image\" \/>\n<meta name=\"twitter:label1\" content=\"Gesch\u00e4tzte Lesezeit\" \/>\n\t<meta name=\"twitter:data1\" content=\"2\u00a0Minuten\" \/>\n<script type=\"application\/ld+json\" class=\"yoast-schema-graph\">{\"@context\":\"https:\\\/\\\/schema.org\",\"@graph\":[{\"@type\":\"WebPage\",\"@id\":\"https:\\\/\\\/forbabyboss.com\\\/product\\\/pushchair-baby-pram-travel-system-3in1-in-dark-green\\\/\",\"url\":\"https:\\\/\\\/forbabyboss.com\\\/product\\\/pushchair-baby-pram-travel-system-3in1-in-dark-green\\\/\",\"name\":\"Pushchair Baby Pram Travel System 3in1 in Dark Green - For Baby Boss\",\"isPartOf\":{\"@id\":\"https:\\\/\\\/powderblue-seahorse-496884.hostingersite.com\\\/#website\"},\"primaryImageOfPage\":{\"@id\":\"https:\\\/\\\/forbabyboss.com\\\/product\\\/pushchair-baby-pram-travel-system-3in1-in-dark-green\\\/#primaryimage\"},\"image\":{\"@id\":\"https:\\\/\\\/forbabyboss.com\\\/product\\\/pushchair-baby-pram-travel-system-3in1-in-dark-green\\\/#primaryimage\"},\"thumbnailUrl\":\"https:\\\/\\\/forbabyboss.com\\\/wp-content\\\/uploads\\\/2022\\\/09\\\/Bebetto-New-Holland-Pushchair-Buggy-Stroller-Car-Seat-Travel-System-3in1-Black-Frame-04.jpg\",\"datePublished\":\"2022-09-07T13:06:03+00:00\",\"dateModified\":\"2026-02-21T15:08:41+00:00\",\"description\":\"Pushchair Baby Pram Travel System 3in1 in Dark Green\",\"breadcrumb\":{\"@id\":\"https:\\\/\\\/forbabyboss.com\\\/product\\\/pushchair-baby-pram-travel-system-3in1-in-dark-green\\\/#breadcrumb\"},\"inLanguage\":\"de\",\"potentialAction\":[{\"@type\":\"ReadAction\",\"target\":[\"https:\\\/\\\/forbabyboss.com\\\/product\\\/pushchair-baby-pram-travel-system-3in1-in-dark-green\\\/\"]}]},{\"@type\":\"ImageObject\",\"inLanguage\":\"de\",\"@id\":\"https:\\\/\\\/forbabyboss.com\\\/product\\\/pushchair-baby-pram-travel-system-3in1-in-dark-green\\\/#primaryimage\",\"url\":\"https:\\\/\\\/forbabyboss.com\\\/wp-content\\\/uploads\\\/2022\\\/09\\\/Bebetto-New-Holland-Pushchair-Buggy-Stroller-Car-Seat-Travel-System-3in1-Black-Frame-04.jpg\",\"contentUrl\":\"https:\\\/\\\/forbabyboss.com\\\/wp-content\\\/uploads\\\/2022\\\/09\\\/Bebetto-New-Holland-Pushchair-Buggy-Stroller-Car-Seat-Travel-System-3in1-Black-Frame-04.jpg\",\"width\":1000,\"height\":1000},{\"@type\":\"BreadcrumbList\",\"@id\":\"https:\\\/\\\/forbabyboss.com\\\/product\\\/pushchair-baby-pram-travel-system-3in1-in-dark-green\\\/#breadcrumb\",\"itemListElement\":[{\"@type\":\"ListItem\",\"position\":1,\"name\":\"Home\",\"item\":\"https:\\\/\\\/forbabyboss.com\\\/\"},{\"@type\":\"ListItem\",\"position\":2,\"name\":\"Shop\",\"item\":\"https:\\\/\\\/forbabyboss.com\\\/shop\\\/\"},{\"@type\":\"ListItem\",\"position\":3,\"name\":\"Pushchair Baby Pram Travel System 3in1 in Dark Green\"}]},{\"@type\":\"WebSite\",\"@id\":\"https:\\\/\\\/powderblue-seahorse-496884.hostingersite.com\\\/#website\",\"url\":\"https:\\\/\\\/powderblue-seahorse-496884.hostingersite.com\\\/\",\"name\":\"For Baby Boss\",\"description\":\"Beautiful gifts and accessories for your baby boss\",\"potentialAction\":[{\"@type\":\"SearchAction\",\"target\":{\"@type\":\"EntryPoint\",\"urlTemplate\":\"https:\\\/\\\/powderblue-seahorse-496884.hostingersite.com\\\/?s={search_term_string}\"},\"query-input\":{\"@type\":\"PropertyValueSpecification\",\"valueRequired\":true,\"valueName\":\"search_term_string\"}}],\"inLanguage\":\"de\"}]}<\/script>\n<!-- \/ Yoast SEO plugin. -->","yoast_head_json":{"title":"Kinderwagen-Reisesystem 3-in-1 in Dunkelgr\u00fcn - F\u00fcr Baby Boss","description":"Kinderwagen-Reisesystem 3-in-1 in Dunkelgr\u00fcn","robots":{"index":"index","follow":"follow","max-snippet":"max-snippet:-1","max-image-preview":"max-image-preview:large","max-video-preview":"max-video-preview:-1"},"canonical":"https:\/\/forbabyboss.com\/de\/product\/3-in-1-kinderwagen-reisesystem-in-dunkelgrun\/","og_locale":"de_DE","og_type":"article","og_title":"Pushchair Baby Pram Travel System 3in1 in Dark Green - For Baby Boss","og_description":"Pushchair Baby Pram Travel System 3in1 in Dark Green","og_url":"https:\/\/forbabyboss.com\/de\/product\/3-in-1-kinderwagen-reisesystem-in-dunkelgrun\/","og_site_name":"For Baby Boss","article_modified_time":"2026-02-21T15:08:41+00:00","og_image":[{"width":1000,"height":1000,"url":"https:\/\/forbabyboss.com\/wp-content\/uploads\/2022\/09\/Bebetto-New-Holland-Pushchair-Buggy-Stroller-Car-Seat-Travel-System-3in1-Black-Frame-04.jpg","type":"image\/jpeg"}],"twitter_card":"summary_large_image","twitter_misc":{"Gesch\u00e4tzte Lesezeit":"2\u00a0Minuten"},"schema":{"@context":"https:\/\/schema.org","@graph":[{"@type":"WebPage","@id":"https:\/\/forbabyboss.com\/product\/pushchair-baby-pram-travel-system-3in1-in-dark-green\/","url":"https:\/\/forbabyboss.com\/product\/pushchair-baby-pram-travel-system-3in1-in-dark-green\/","name":"Kinderwagen-Reisesystem 3-in-1 in Dunkelgr\u00fcn - F\u00fcr Baby Boss","isPartOf":{"@id":"https:\/\/powderblue-seahorse-496884.hostingersite.com\/#website"},"primaryImageOfPage":{"@id":"https:\/\/forbabyboss.com\/product\/pushchair-baby-pram-travel-system-3in1-in-dark-green\/#primaryimage"},"image":{"@id":"https:\/\/forbabyboss.com\/product\/pushchair-baby-pram-travel-system-3in1-in-dark-green\/#primaryimage"},"thumbnailUrl":"https:\/\/forbabyboss.com\/wp-content\/uploads\/2022\/09\/Bebetto-New-Holland-Pushchair-Buggy-Stroller-Car-Seat-Travel-System-3in1-Black-Frame-04.jpg","datePublished":"2022-09-07T13:06:03+00:00","dateModified":"2026-02-21T15:08:41+00:00","description":"Kinderwagen-Reisesystem 3-in-1 in Dunkelgr\u00fcn","breadcrumb":{"@id":"https:\/\/forbabyboss.com\/product\/pushchair-baby-pram-travel-system-3in1-in-dark-green\/#breadcrumb"},"inLanguage":"de","potentialAction":[{"@type":"ReadAction","target":["https:\/\/forbabyboss.com\/product\/pushchair-baby-pram-travel-system-3in1-in-dark-green\/"]}]},{"@type":"ImageObject","inLanguage":"de","@id":"https:\/\/forbabyboss.com\/product\/pushchair-baby-pram-travel-system-3in1-in-dark-green\/#primaryimage","url":"https:\/\/forbabyboss.com\/wp-content\/uploads\/2022\/09\/Bebetto-New-Holland-Pushchair-Buggy-Stroller-Car-Seat-Travel-System-3in1-Black-Frame-04.jpg","contentUrl":"https:\/\/forbabyboss.com\/wp-content\/uploads\/2022\/09\/Bebetto-New-Holland-Pushchair-Buggy-Stroller-Car-Seat-Travel-System-3in1-Black-Frame-04.jpg","width":1000,"height":1000},{"@type":"BreadcrumbList","@id":"https:\/\/forbabyboss.com\/product\/pushchair-baby-pram-travel-system-3in1-in-dark-green\/#breadcrumb","itemListElement":[{"@type":"ListItem","position":1,"name":"Home","item":"https:\/\/forbabyboss.com\/"},{"@type":"ListItem","position":2,"name":"Shop","item":"https:\/\/forbabyboss.com\/shop\/"},{"@type":"ListItem","position":3,"name":"Pushchair Baby Pram Travel System 3in1 in Dark Green"}]},{"@type":"WebSite","@id":"https:\/\/powderblue-seahorse-496884.hostingersite.com\/#website","url":"https:\/\/powderblue-seahorse-496884.hostingersite.com\/","name":"F\u00fcr Baby Boss","description":"Wundersch\u00f6ne Geschenke und Accessoires f\u00fcr Ihren kleinen Chef","potentialAction":[{"@type":"SearchAction","target":{"@type":"EntryPoint","urlTemplate":"https:\/\/powderblue-seahorse-496884.hostingersite.com\/?s={search_term_string}"},"query-input":{"@type":"PropertyValueSpecification","valueRequired":true,"valueName":"search_term_string"}}],"inLanguage":"de"}]}},"_links":{"self":[{"href":"https:\/\/forbabyboss.com\/de\/wp-json\/wp\/v2\/product\/4106","targetHints":{"allow":["GET"]}}],"collection":[{"href":"https:\/\/forbabyboss.com\/de\/wp-json\/wp\/v2\/product"}],"about":[{"href":"https:\/\/forbabyboss.com\/de\/wp-json\/wp\/v2\/types\/product"}],"wp:featuredmedia":[{"embeddable":true,"href":"https:\/\/forbabyboss.com\/de\/wp-json\/wp\/v2\/media\/4107"}],"wp:attachment":[{"href":"https:\/\/forbabyboss.com\/de\/wp-json\/wp\/v2\/media?parent=4106"}],"wp:term":[{"taxonomy":"product_brand","embeddable":true,"href":"https:\/\/forbabyboss.com\/de\/wp-json\/wp\/v2\/product_brand?post=4106"},{"taxonomy":"product_cat","embeddable":true,"href":"https:\/\/forbabyboss.com\/de\/wp-json\/wp\/v2\/product_cat?post=4106"},{"taxonomy":"product_tag","embeddable":true,"href":"https:\/\/forbabyboss.com\/de\/wp-json\/wp\/v2\/product_tag?post=4106"}],"curies":[{"name":"wp","href":"https:\/\/api.w.org\/{rel}","templated":true}]}}