{"id":4187,"date":"2022-09-07T15:04:24","date_gmt":"2022-09-07T15:04:24","guid":{"rendered":"http:\/\/forbabyboss.com\/?post_type=product&#038;p=4187"},"modified":"2026-02-21T15:17:52","modified_gmt":"2026-02-21T15:17:52","slug":"kinderwagen-buggy-bebetto-reisesystem-4in1-13-graues-gestell","status":"publish","type":"product","link":"https:\/\/forbabyboss.com\/de\/product\/baby-pram-pushchair-bebetto-travel-system-4in1-13-grey-frame\/","title":{"rendered":"Bebetto Reisesystem 4in1-13 Kinderwagen mit grauem Gestell"},"content":{"rendered":"<h2 style=\"text-align: justify;\" align=\"center\"><strong><span style=\"color: #e14d43;\"><span style=\"font-family: Arial;\">Luca \u2013 Elegant und funktional\u00a0<\/span><\/span><\/strong><\/h2>\n<p style=\"text-align: justify;\" align=\"center\"><strong><span style=\"font-family: Arial;\">Luca beweist eindrucksvoll, dass Multifunktionalit\u00e4t und elegantes Design Hand in Hand gehen k\u00f6nnen. Attraktive Polsterung in harmonischen Farben und viele Details aus braunem \u00d6ko-Leder \u2013 deshalb besticht der Sessel durch sein einzigartiges Design. Dank seines geringen Gewichts und des einfachen Faltmechanismus ist er die ideale Wahl f\u00fcr alle, die nach besonders funktionalen L\u00f6sungen suchen.<\/span><\/strong><\/p>\n<p style=\"text-align: justify;\"><strong>Hergestellt in Europa aus hochwertigen Materialien, ein leichter Kinderwagen im modernen Design.<\/strong><\/p>\n<h4><strong><span style=\"color: #e14d43;\">PREIS INKLUSIVE<\/span> :<\/strong><\/h4>\n<p style=\"text-align: justify;\"><strong>\u2013 Aluminiumrahmen<\/strong><\/p>\n<p style=\"text-align: justify;\"><strong>\u2013 4 R\u00e4der<\/strong><\/p>\n<p style=\"text-align: justify;\"><strong>\u2013 Babywanne<\/strong><\/p>\n<p style=\"text-align: justify;\"><strong>\u2013 Kinderwagenabdeckung und Matratze<\/strong><\/p>\n<p style=\"text-align: justify;\"><strong>\u2013 Regenschutz<\/strong><\/p>\n<p style=\"text-align: justify;\"><strong>\u2013 Moskitonetz<\/strong><\/p>\n<p style=\"text-align: justify;\"><strong>\u2013 Moderne Tasche<\/strong><\/p>\n<p style=\"text-align: justify;\"><strong>\u2013 Warenkorb<\/strong><\/p>\n<p style=\"text-align: justify;\"><strong>\u2013 Getr\u00e4nkehalter<\/strong><\/p>\n<p style=\"text-align: justify;\"><strong>\u2013 24 Monate Garantie<\/strong><\/p>\n<p style=\"text-align: justify;\"><strong>\u2013 Kinderwagen<\/strong><\/p>\n<p style=\"text-align: justify;\"><strong>\u2013 *Kindersitz (optional)<\/strong><\/p>\n<p style=\"text-align: justify;\"><strong>\u2013 *Isofix-Basis (optional_<\/strong><\/p>\n<div>\n<div><span style=\"color: #e14d43;\"><strong>Zusammengefaltet passt es in folgendes Fach: 75 x 59 x 36 cm<\/strong><\/span><\/div>\n<div><\/div>\n<div><span style=\"color: #e14d43;\"><strong>*Abmessungen: L\u00e4nge, Breite, H\u00f6he, Gewicht.<\/strong><\/span><\/div>\n<div><img decoding=\"async\" src=\"https:\/\/i.ebayimg.com\/images\/g\/Cq4AAOSw8w9imdUH\/s-l1600.png\" alt=\"Bild 81 \u2013 Bebetto Luca Reisesystem 2-in-1, 3-in-1, 4-in-1 Autositz\" \/><\/div>\n<div><a href=\"http:\/\/forbabyboss.com\/wp-content\/uploads\/2022\/09\/checkout.png\"><img loading=\"lazy\" decoding=\"async\" class=\"alignnone size-full wp-image-5965\" src=\"http:\/\/forbabyboss.com\/wp-content\/uploads\/2022\/09\/checkout.png\" alt=\"\" width=\"750\" height=\"276\" srcset=\"https:\/\/forbabyboss.com\/wp-content\/uploads\/2022\/09\/checkout.png 750w, https:\/\/forbabyboss.com\/wp-content\/uploads\/2022\/09\/checkout-600x221.png 600w\" sizes=\"auto, (max-width: 750px) 100vw, 750px\" \/><\/a><\/div>\n<\/div>\n<div>\n<div><\/div>\n<\/div>","protected":false},"excerpt":{"rendered":"<p><a href=\"http:\/\/forbabyboss.com\/wp-content\/uploads\/2022\/09\/Star-Rating-5.png\"><img loading=\"lazy\" decoding=\"async\" class=\"alignnone wp-image-5973 aligncenter\" src=\"http:\/\/forbabyboss.com\/wp-content\/uploads\/2022\/09\/Star-Rating-5.png\" alt=\"\" width=\"299\" height=\"49\" \/><\/a><\/p>\n<p style=\"text-align: center;\"><span style=\"color: #e14d43; font-size: 115%;\"><strong>PREISGARANTIE<\/strong><\/span><\/p>\n<p style=\"text-align: center;\"><span style=\"font-size: 115%;\"><span style=\"color: #003366;\">Kostenloser Versand\u00a0<\/span>\u2013 2 \u2013 7 Tage<\/span><\/p>\n<p style=\"text-align: center;\"><span style=\"color: #008000; font-size: 115%;\"><strong>Gratisgeschenk ab einem Einkaufswert von 100 \u00a3<\/strong><\/span><\/p>","protected":false},"featured_media":4188,"template":"","meta":[],"product_brand":[583],"product_cat":[339,157,156,197,305,307,130,209,211],"product_tag":[163,200,199],"class_list":{"0":"post-4187","1":"product","2":"type-product","3":"status-publish","4":"has-post-thumbnail","6":"product_brand-bebetto","7":"product_cat-700-to-800","8":"product_cat-2-in-1","9":"product_cat-3-in-1","10":"product_cat-4-in-1-pram","11":"product_cat-colour","12":"product_cat-light-blue","13":"product_cat-prams","14":"product_cat-push-chairs","15":"product_cat-stroller","16":"product_tag-3-in-1-prams","17":"product_tag-4-in-1-pram","18":"product_tag-prams","20":"first","21":"instock","22":"sale","23":"shipping-taxable","24":"purchasable","25":"product-type-simple"},"yoast_head":"<!-- This site is optimized with the Yoast SEO plugin v27.5 - https:\/\/yoast.com\/product\/yoast-seo-wordpress\/ -->\n<title>Baby Pram Pushchair Bebetto Travel System 4in1-13 Grey Frame - For Baby Boss<\/title>\n<meta name=\"description\" content=\"Baby Pram Pushchair Bebetto Travel System 4in1-13 Grey Frame\" \/>\n<meta name=\"robots\" content=\"index, follow, max-snippet:-1, max-image-preview:large, max-video-preview:-1\" \/>\n<link rel=\"canonical\" href=\"https:\/\/forbabyboss.com\/de\/product\/kinderwagen-buggy-bebetto-reisesystem-4in1-13-graues-gestell\/\" \/>\n<meta property=\"og:locale\" content=\"de_DE\" \/>\n<meta property=\"og:type\" content=\"article\" \/>\n<meta property=\"og:title\" content=\"Baby Pram Pushchair Bebetto Travel System 4in1-13 Grey Frame - For Baby Boss\" \/>\n<meta property=\"og:description\" content=\"Baby Pram Pushchair Bebetto Travel System 4in1-13 Grey Frame\" \/>\n<meta property=\"og:url\" content=\"https:\/\/forbabyboss.com\/de\/product\/kinderwagen-buggy-bebetto-reisesystem-4in1-13-graues-gestell\/\" \/>\n<meta property=\"og:site_name\" content=\"For Baby Boss\" \/>\n<meta property=\"article:modified_time\" content=\"2026-02-21T15:17:52+00:00\" \/>\n<meta property=\"og:image\" content=\"https:\/\/forbabyboss.com\/wp-content\/uploads\/2022\/09\/Baby-Pram-Pushchair-Bebetto-Luca-Travel-System-4in1-Car-Seat-13-Grey-Frame_main.png\" \/>\n\t<meta property=\"og:image:width\" content=\"1000\" \/>\n\t<meta property=\"og:image:height\" content=\"1000\" \/>\n\t<meta property=\"og:image:type\" content=\"image\/png\" \/>\n<meta name=\"twitter:card\" content=\"summary_large_image\" \/>\n<meta name=\"twitter:label1\" content=\"Gesch\u00e4tzte Lesezeit\" \/>\n\t<meta name=\"twitter:data1\" content=\"1\u00a0Minute\" \/>\n<script type=\"application\/ld+json\" class=\"yoast-schema-graph\">{\"@context\":\"https:\\\/\\\/schema.org\",\"@graph\":[{\"@type\":\"WebPage\",\"@id\":\"https:\\\/\\\/forbabyboss.com\\\/product\\\/baby-pram-pushchair-bebetto-travel-system-4in1-13-grey-frame\\\/\",\"url\":\"https:\\\/\\\/forbabyboss.com\\\/product\\\/baby-pram-pushchair-bebetto-travel-system-4in1-13-grey-frame\\\/\",\"name\":\"Baby Pram Pushchair Bebetto Travel System 4in1-13 Grey Frame - For Baby Boss\",\"isPartOf\":{\"@id\":\"https:\\\/\\\/powderblue-seahorse-496884.hostingersite.com\\\/#website\"},\"primaryImageOfPage\":{\"@id\":\"https:\\\/\\\/forbabyboss.com\\\/product\\\/baby-pram-pushchair-bebetto-travel-system-4in1-13-grey-frame\\\/#primaryimage\"},\"image\":{\"@id\":\"https:\\\/\\\/forbabyboss.com\\\/product\\\/baby-pram-pushchair-bebetto-travel-system-4in1-13-grey-frame\\\/#primaryimage\"},\"thumbnailUrl\":\"https:\\\/\\\/forbabyboss.com\\\/wp-content\\\/uploads\\\/2022\\\/09\\\/Baby-Pram-Pushchair-Bebetto-Luca-Travel-System-4in1-Car-Seat-13-Grey-Frame_main.png\",\"datePublished\":\"2022-09-07T15:04:24+00:00\",\"dateModified\":\"2026-02-21T15:17:52+00:00\",\"description\":\"Baby Pram Pushchair Bebetto Travel System 4in1-13 Grey Frame\",\"breadcrumb\":{\"@id\":\"https:\\\/\\\/forbabyboss.com\\\/product\\\/baby-pram-pushchair-bebetto-travel-system-4in1-13-grey-frame\\\/#breadcrumb\"},\"inLanguage\":\"de\",\"potentialAction\":[{\"@type\":\"ReadAction\",\"target\":[\"https:\\\/\\\/forbabyboss.com\\\/product\\\/baby-pram-pushchair-bebetto-travel-system-4in1-13-grey-frame\\\/\"]}]},{\"@type\":\"ImageObject\",\"inLanguage\":\"de\",\"@id\":\"https:\\\/\\\/forbabyboss.com\\\/product\\\/baby-pram-pushchair-bebetto-travel-system-4in1-13-grey-frame\\\/#primaryimage\",\"url\":\"https:\\\/\\\/forbabyboss.com\\\/wp-content\\\/uploads\\\/2022\\\/09\\\/Baby-Pram-Pushchair-Bebetto-Luca-Travel-System-4in1-Car-Seat-13-Grey-Frame_main.png\",\"contentUrl\":\"https:\\\/\\\/forbabyboss.com\\\/wp-content\\\/uploads\\\/2022\\\/09\\\/Baby-Pram-Pushchair-Bebetto-Luca-Travel-System-4in1-Car-Seat-13-Grey-Frame_main.png\",\"width\":1000,\"height\":1000},{\"@type\":\"BreadcrumbList\",\"@id\":\"https:\\\/\\\/forbabyboss.com\\\/product\\\/baby-pram-pushchair-bebetto-travel-system-4in1-13-grey-frame\\\/#breadcrumb\",\"itemListElement\":[{\"@type\":\"ListItem\",\"position\":1,\"name\":\"Home\",\"item\":\"https:\\\/\\\/forbabyboss.com\\\/\"},{\"@type\":\"ListItem\",\"position\":2,\"name\":\"Shop\",\"item\":\"https:\\\/\\\/forbabyboss.com\\\/shop\\\/\"},{\"@type\":\"ListItem\",\"position\":3,\"name\":\"Baby Pram Pushchair Bebetto Travel System 4in1-13 Grey Frame\"}]},{\"@type\":\"WebSite\",\"@id\":\"https:\\\/\\\/powderblue-seahorse-496884.hostingersite.com\\\/#website\",\"url\":\"https:\\\/\\\/powderblue-seahorse-496884.hostingersite.com\\\/\",\"name\":\"For Baby Boss\",\"description\":\"Beautiful gifts and accessories for your baby boss\",\"potentialAction\":[{\"@type\":\"SearchAction\",\"target\":{\"@type\":\"EntryPoint\",\"urlTemplate\":\"https:\\\/\\\/powderblue-seahorse-496884.hostingersite.com\\\/?s={search_term_string}\"},\"query-input\":{\"@type\":\"PropertyValueSpecification\",\"valueRequired\":true,\"valueName\":\"search_term_string\"}}],\"inLanguage\":\"de\"}]}<\/script>\n<!-- \/ Yoast SEO plugin. -->","yoast_head_json":{"title":"Bebetto Travel System 4in1-13 Kinderwagen mit grauem Gestell \u2013 f\u00fcr Baby Boss","description":"Bebetto Reisesystem 4in1-13 Kinderwagen mit grauem Gestell","robots":{"index":"index","follow":"follow","max-snippet":"max-snippet:-1","max-image-preview":"max-image-preview:large","max-video-preview":"max-video-preview:-1"},"canonical":"https:\/\/forbabyboss.com\/de\/product\/kinderwagen-buggy-bebetto-reisesystem-4in1-13-graues-gestell\/","og_locale":"de_DE","og_type":"article","og_title":"Baby Pram Pushchair Bebetto Travel System 4in1-13 Grey Frame - For Baby Boss","og_description":"Baby Pram Pushchair Bebetto Travel System 4in1-13 Grey Frame","og_url":"https:\/\/forbabyboss.com\/de\/product\/kinderwagen-buggy-bebetto-reisesystem-4in1-13-graues-gestell\/","og_site_name":"For Baby Boss","article_modified_time":"2026-02-21T15:17:52+00:00","og_image":[{"width":1000,"height":1000,"url":"https:\/\/forbabyboss.com\/wp-content\/uploads\/2022\/09\/Baby-Pram-Pushchair-Bebetto-Luca-Travel-System-4in1-Car-Seat-13-Grey-Frame_main.png","type":"image\/png"}],"twitter_card":"summary_large_image","twitter_misc":{"Gesch\u00e4tzte Lesezeit":"1\u00a0Minute"},"schema":{"@context":"https:\/\/schema.org","@graph":[{"@type":"WebPage","@id":"https:\/\/forbabyboss.com\/product\/baby-pram-pushchair-bebetto-travel-system-4in1-13-grey-frame\/","url":"https:\/\/forbabyboss.com\/product\/baby-pram-pushchair-bebetto-travel-system-4in1-13-grey-frame\/","name":"Bebetto Travel System 4in1-13 Kinderwagen mit grauem Gestell \u2013 f\u00fcr Baby Boss","isPartOf":{"@id":"https:\/\/powderblue-seahorse-496884.hostingersite.com\/#website"},"primaryImageOfPage":{"@id":"https:\/\/forbabyboss.com\/product\/baby-pram-pushchair-bebetto-travel-system-4in1-13-grey-frame\/#primaryimage"},"image":{"@id":"https:\/\/forbabyboss.com\/product\/baby-pram-pushchair-bebetto-travel-system-4in1-13-grey-frame\/#primaryimage"},"thumbnailUrl":"https:\/\/forbabyboss.com\/wp-content\/uploads\/2022\/09\/Baby-Pram-Pushchair-Bebetto-Luca-Travel-System-4in1-Car-Seat-13-Grey-Frame_main.png","datePublished":"2022-09-07T15:04:24+00:00","dateModified":"2026-02-21T15:17:52+00:00","description":"Bebetto Reisesystem 4in1-13 Kinderwagen mit grauem Gestell","breadcrumb":{"@id":"https:\/\/forbabyboss.com\/product\/baby-pram-pushchair-bebetto-travel-system-4in1-13-grey-frame\/#breadcrumb"},"inLanguage":"de","potentialAction":[{"@type":"ReadAction","target":["https:\/\/forbabyboss.com\/product\/baby-pram-pushchair-bebetto-travel-system-4in1-13-grey-frame\/"]}]},{"@type":"ImageObject","inLanguage":"de","@id":"https:\/\/forbabyboss.com\/product\/baby-pram-pushchair-bebetto-travel-system-4in1-13-grey-frame\/#primaryimage","url":"https:\/\/forbabyboss.com\/wp-content\/uploads\/2022\/09\/Baby-Pram-Pushchair-Bebetto-Luca-Travel-System-4in1-Car-Seat-13-Grey-Frame_main.png","contentUrl":"https:\/\/forbabyboss.com\/wp-content\/uploads\/2022\/09\/Baby-Pram-Pushchair-Bebetto-Luca-Travel-System-4in1-Car-Seat-13-Grey-Frame_main.png","width":1000,"height":1000},{"@type":"BreadcrumbList","@id":"https:\/\/forbabyboss.com\/product\/baby-pram-pushchair-bebetto-travel-system-4in1-13-grey-frame\/#breadcrumb","itemListElement":[{"@type":"ListItem","position":1,"name":"Home","item":"https:\/\/forbabyboss.com\/"},{"@type":"ListItem","position":2,"name":"Shop","item":"https:\/\/forbabyboss.com\/shop\/"},{"@type":"ListItem","position":3,"name":"Baby Pram Pushchair Bebetto Travel System 4in1-13 Grey Frame"}]},{"@type":"WebSite","@id":"https:\/\/powderblue-seahorse-496884.hostingersite.com\/#website","url":"https:\/\/powderblue-seahorse-496884.hostingersite.com\/","name":"F\u00fcr Baby Boss","description":"Wundersch\u00f6ne Geschenke und Accessoires f\u00fcr Ihren kleinen Chef","potentialAction":[{"@type":"SearchAction","target":{"@type":"EntryPoint","urlTemplate":"https:\/\/powderblue-seahorse-496884.hostingersite.com\/?s={search_term_string}"},"query-input":{"@type":"PropertyValueSpecification","valueRequired":true,"valueName":"search_term_string"}}],"inLanguage":"de"}]}},"_links":{"self":[{"href":"https:\/\/forbabyboss.com\/de\/wp-json\/wp\/v2\/product\/4187","targetHints":{"allow":["GET"]}}],"collection":[{"href":"https:\/\/forbabyboss.com\/de\/wp-json\/wp\/v2\/product"}],"about":[{"href":"https:\/\/forbabyboss.com\/de\/wp-json\/wp\/v2\/types\/product"}],"wp:featuredmedia":[{"embeddable":true,"href":"https:\/\/forbabyboss.com\/de\/wp-json\/wp\/v2\/media\/4188"}],"wp:attachment":[{"href":"https:\/\/forbabyboss.com\/de\/wp-json\/wp\/v2\/media?parent=4187"}],"wp:term":[{"taxonomy":"product_brand","embeddable":true,"href":"https:\/\/forbabyboss.com\/de\/wp-json\/wp\/v2\/product_brand?post=4187"},{"taxonomy":"product_cat","embeddable":true,"href":"https:\/\/forbabyboss.com\/de\/wp-json\/wp\/v2\/product_cat?post=4187"},{"taxonomy":"product_tag","embeddable":true,"href":"https:\/\/forbabyboss.com\/de\/wp-json\/wp\/v2\/product_tag?post=4187"}],"curies":[{"name":"wp","href":"https:\/\/api.w.org\/{rel}","templated":true}]}}