{"id":4193,"date":"2022-09-21T14:11:29","date_gmt":"2022-09-21T14:11:29","guid":{"rendered":"http:\/\/forbabyboss.com\/?post_type=product&#038;p=4193"},"modified":"2023-10-03T11:14:52","modified_gmt":"2023-10-03T11:14:52","slug":"baby-pram-pushchair-stroller-4in1-travel-system-lo2","status":"publish","type":"product","link":"https:\/\/forbabyboss.com\/de\/product\/baby-pram-pushchair-stroller-4in1-travel-system-lo2\/","title":{"rendered":"Baby Pram Pushchair Stroller 4in1 Travel System &#8211; LO2"},"content":{"rendered":"<p style=\"text-align: justify;\" align=\"center\"><strong><span style=\"font-size: medium; color: #282828;\">Line 2.0 ist ein modernes, multifunktionales Kinderwagen-Reisesystem, das speziell f\u00fcr Eltern entwickelt wurde, die ein Produkt f\u00fcr den langfristigen Einsatz suchen. Je nach Bedarf und Alter des Kindes kann Line 2.0 als Kinderwagen oder Buggy genutzt werden. Es wurde entwickelt, um Ihr Baby oder Kleinkind von der Geburt bis zum 3. Lebensjahr oder von 0 bis 15 kg komfortabel zu transportieren.<\/span><\/strong><\/p>\n<p style=\"text-align: justify;\" align=\"center\"><strong><span style=\"color: #282828;\"><span style=\"font-size: medium;\">Made in Europe from high quality materials, lightweight aluminium frame, designed with modern style.<\/span><span style=\"font-size: medium;\"><br \/>\n<\/span><\/span><\/strong><\/p>\n<div style=\"text-align: justify;\" align=\"center\">\n<p><strong><span style=\"font-size: medium; color: #282828;\">Europ\u00e4ische Zulassung EN 1888:2012<\/span><\/strong><\/p>\n<p><strong><span style=\"font-size: medium; color: #282828;\">Aluminium, lightweight frame with adjustable shock absorber makes it very easy to drive.<\/span><\/strong><\/p>\n<p><strong><span style=\"font-size: medium; color: #282828;\">Der Kinderwagenbezug besteht aus hochwertigen, impr\u00e4gnierten und kinderfreundlichen Materialien. Diese sind farbecht, wasserdicht und sorgen je nach Wetterlage f\u00fcr eine angenehme Temperatur. Die herausnehmbaren Innen- und Bez\u00fcge sind mit hypoallergener Baumwolle gef\u00fcllt.<\/span><\/strong><\/p>\n<p>&nbsp;<\/p>\n<\/div>\n<h3 style=\"text-align: justify;\"><strong><span style=\"color: #282828;\"><span style=\"color: #e14d43;\">Product Features<\/span>:<\/span><\/strong><\/h3>\n<ul>\n<li style=\"text-align: justify;\"><strong><span style=\"font-size: medium; color: #282828;\">2-in-1 or 3-in-1 Travel System<br \/>\n<\/span><\/strong><\/li>\n<li style=\"text-align: justify;\"><strong><span style=\"font-size: medium; color: #282828;\">Solider, leichter Aluminiumrahmen<\/span><\/strong><\/li>\n<li style=\"text-align: justify;\"><strong><span style=\"font-size: medium; color: #282828;\">Leicht aufzuklappen, klein zusammengefaltet<\/span><\/strong><\/li>\n<\/ul>\n<h3><strong><span style=\"font-size: 100%; color: #282828;\"><span style=\"color: #e14d43;\">Kinderwagen<\/span>:<\/span><\/strong><\/h3>\n<p><strong><span style=\"font-size: medium; color: #282828;\">Verstellbare Kapuze \/ Luxuri\u00f6ses Kunstlederfutter \/ Verstellbarer Tragegriff<\/span><\/strong><\/p>\n<p><strong><span style=\"color: #282828;\">Das Innenfutter besteht aus kinderfreundlicher, hochwertiger Baumwolle und Wildleder und ist atmungsaktiv.<\/span><\/strong><\/p>\n<p><strong><span style=\"color: #282828;\">Feststellbare, um 360\u00b0 schwenkbare Schaumstoff-\/Gelr\u00e4der, Vorderr\u00e4der mit Kugellagern,<\/span><\/strong><\/p>\n<p><strong><span style=\"color: #282828;\">central brake &#8220;stop &amp; go&#8221;;<\/span><\/strong><\/p>\n<p><strong><span style=\"color: #282828;\">Expendable Hood for Better Shade Protection in seat unit;<\/span><\/strong><\/p>\n<p><strong><span style=\"color: #282828;\">Babywanne mit 3-fach verstellbarer R\u00fcckenlehne<\/span><\/strong><\/p>\n<p><strong><span style=\"color: #282828;\">carrycot and seat hood ventilated;<\/span><\/strong><\/p>\n<p><strong><span style=\"color: #282828;\">Dreifach verstellbarer Griff, bezogen mit \u00d6ko-Leder;<\/span><\/strong><\/p>\n<p><strong><span style=\"color: #282828;\">forward and rearward-facing system,<\/span><\/strong><\/p>\n<p><strong><span style=\"color: #282828;\">Rundum-Sichtfenster f\u00fcr Eltern mit Moskitonetz<\/span><\/strong><\/p>\n<h4><strong><span style=\"font-size: medium; color: #282828;\"><span style=\"color: #e14d43;\">Pushchair<\/span>:<\/span><\/strong><\/h4>\n<p><strong><span style=\"color: #282828;\">Ausgestattet mit verstellbarer Fu\u00dfst\u00fctze und R\u00fcckenlehne;<\/span><\/strong><\/p>\n<p><strong><span style=\"color: #282828;\">Verstellbar bis zur vollst\u00e4ndig liegenden Position,<\/span><\/strong><\/p>\n<p><strong><span style=\"color: #282828;\">Multi Recline Positions<\/span><\/strong><\/p>\n<p><strong><span style=\"color: #282828;\">Reversible Seat Unit for Parent View Mode<\/span><\/strong><\/p>\n<p><strong><span style=\"color: #282828;\">Five point harness<\/span><\/strong><\/p>\n<p><strong><span style=\"color: #282828;\">Removable Bumper Bar<\/span><\/strong><\/p>\n<p><strong><span style=\"color: #282828;\">Footmuff included<\/span><\/strong><\/p>\n<p style=\"text-align: justify;\" align=\"center\"><strong><span style=\"font-size: medium; color: #282828;\"><span style=\"color: #e14d43;\">Comfortable car-seat<\/span>:<br \/>\n<\/span><\/strong><\/p>\n<div style=\"text-align: justify;\" align=\"center\">\n<p><strong><span style=\"font-size: medium; color: #282828;\">Only black or grey Kite car seats are available.\u00a0Let us know what color you like, please.<br \/>\nGroup 0-13 kg:<\/span><\/strong><\/p>\n<p><strong><span style=\"font-size: medium; color: #282828;\">European approval ECE R44 \/ 04<\/span><\/strong><\/p>\n<p><strong><span style=\"font-size: medium; color: #282828;\">Mit Adaptern an der Rahmenbasis befestigt.<\/span><\/strong><\/p>\n<p><strong><span style=\"font-size: medium; color: #282828;\">3 point harness<\/span><\/strong><\/p>\n<p><strong><span style=\"font-size: medium; color: #282828;\">Extra pad for new born baby<\/span><\/strong><\/p>\n<p><strong><span style=\"font-size: medium; color: #282828;\">Autositzbezug<\/span><\/strong><\/p>\n<p><strong><span style=\"font-size: medium; color: #282828;\">Adjustable handle for carrying<\/span><\/strong><\/p>\n<p><strong><span style=\"font-size: medium; color: #282828;\">Removable hood cover<\/span><\/strong><\/p>\n<p><strong><span style=\"font-size: medium; color: #282828;\">Height-adjustable seat belts<\/span><\/strong><\/p>\n<p><strong><span style=\"font-size: medium; color: #282828;\">Front or rear-facing mode<\/span><\/strong><\/p>\n<p><strong><span style=\"font-size: medium; color: #282828;\">Ausgestattet mit ISOFIX*<\/span><\/strong><\/p>\n<p><strong><span style=\"font-size: medium; color: #282828;\">*ISOFIX BASE &#8211; optionally<\/span><\/strong><\/p>\n<h3><strong><span style=\"color: #282828;\"><span style=\"font-size: medium;\">ISOFIX BASE*<\/span><\/span><\/strong><\/h3>\n<p><strong><span style=\"font-size: medium; color: #282828;\">Colour: Black\/Grey<\/span><\/strong><\/p>\n<p><strong><span style=\"font-size: medium; color: #282828;\">Suitable from birth<\/span><\/strong><\/p>\n<p><strong><span style=\"font-size: medium; color: #282828;\">Secures directly to the car\u2018s chassis using the vehicle\u2019s ISOFIX attachment points<\/span><\/strong><\/p>\n<p><strong><span style=\"font-size: medium; color: #282828;\">Can also be secured using the vehicle\u2019s seat belt<\/span><\/strong><\/p>\n<p><strong><span style=\"font-size: medium; color: #282828;\">Compatible with the car seats<\/span><\/strong><\/p>\n<p><strong><span style=\"font-size: medium; color: #282828;\">Easy to install<\/span><\/strong><\/p>\n<p><strong><span style=\"font-size: medium; color: #282828;\">Safe and secure<\/span><\/strong><\/p>\n<p><strong><span style=\"font-size: medium; color: #282828;\">Minimiert den Aufwand<\/span><\/strong><\/p>\n<p><strong><span style=\"font-size: medium; color: #282828;\">Verringert die Wahrscheinlichkeit, das Baby beim Transfer vom Auto nach Hause aufzuwecken.<\/span><\/strong><\/p>\n<p><strong><span style=\"font-size: medium; color: #282828;\">Das St\u00fctzbein sorgt f\u00fcr optimale Stabilit\u00e4t und Sicherheit und l\u00e4sst sich f\u00fcr die beste Passform leicht anpassen.<\/span><\/strong><\/p>\n<p><strong><span style=\"font-size: medium; color: #282828;\">Farbindikatoren best\u00e4tigen die korrekte Montage der Basis am Fahrzeug.<\/span><\/strong><\/p>\n<\/div>\n<h3 style=\"text-align: justify;\" align=\"center\"><strong><span style=\"color: #e14d43;\">Price included<\/span>:<\/strong><\/h3>\n<div style=\"text-align: justify;\" align=\"center\">\n<p><strong><span style=\"font-size: medium; color: #282828;\">Solid frame + 4 foam\/gel wheels (rubber core)<\/span><\/strong><\/p>\n<p><strong><span style=\"color: #282828;\">Carrycot<\/span><\/strong><\/p>\n<p><strong><span style=\"color: #282828;\">Pushchair<\/span><\/strong><\/p>\n<p><strong><span style=\"color: #282828;\">Cover and mattress<\/span><\/strong><\/p>\n<p><strong><span style=\"color: #282828;\">Feet cover &#8211; Footmuff<\/span><\/strong><\/p>\n<p><strong><span style=\"color: #282828;\">Car seat (3in1 option)<\/span><\/strong><\/p>\n<p><strong><span style=\"color: #282828;\">\u00a0Removable Hood and cover for the car seat (3in1 option)<\/span><\/strong><\/p>\n<p><strong><span style=\"color: #282828;\">Removable Bumper Bar<\/span><\/strong><\/p>\n<p><strong><span style=\"color: #282828;\">Rain cover<\/span><\/strong><\/p>\n<p><strong><span style=\"color: #282828;\">Moskitonetz<\/span><\/strong><\/p>\n<p><strong><span style=\"color: #282828;\">Bag for accessories with changing mat and shoulder strap<\/span><\/strong><\/p>\n<p><strong><span style=\"color: #282828;\">Shopping basket<\/span><\/strong><\/p>\n<p><strong><span style=\"color: #282828;\">Isofix base (optional)<\/span><\/strong><\/p>\n<p><strong><span style=\"color: #282828;\">24 moths warranty<\/span><\/strong><\/p>\n<\/div>\n<h3 style=\"text-align: justify;\" align=\"center\"><strong><span style=\"font-size: medium; color: #282828;\"><span style=\"font-size: large;\"><span style=\"color: #e14d43;\">Technical Specifications<\/span>:<\/span><\/span><\/strong><\/h3>\n<div style=\"text-align: justify;\" align=\"center\">\n<p><strong><span style=\"color: #282828;\">-possibility to carry the\u00a0carrycot by the handle in the booth;<\/span><\/strong><\/p>\n<p><strong><span style=\"color: #282828;\">&#8211;\u00a0carrycot bottom made of wood<\/span><\/strong><\/p>\n<p><strong><span style=\"color: #282828;\">&#8211; spacious\u00a0carrycot with ventilation in the kennel;<\/span><\/strong><\/p>\n<p><strong><span style=\"color: #282828;\">&#8211; a window in the carrycot cover;<\/span><\/strong><\/p>\n<p><strong><span style=\"color: #282828;\">&#8211; mosquito net integrated with the booth in the\u00a0carrycot and the stroller;<\/span><\/strong><\/p>\n<p><strong><span style=\"color: #282828;\">\u2013 ungefalteter Rahmen 78x58x99-115 cm;<\/span><\/strong><\/p>\n<p><strong><span style=\"color: #282828;\">-internal backrest;<\/span><\/strong><\/p>\n<p><strong><span style=\"color: #282828;\">\u2013 zusammengeklappter Rahmen 78x58x30 cm; ohne R\u00e4der 72x50x30 cm;<\/span><\/strong><\/p>\n<p><strong><span style=\"color: #282828;\">&#8211; removable lining inside the carrycot;<\/span><\/strong><\/p>\n<p><strong><span style=\"color: #282828;\">&#8211; carrycot interior 76x34x21 cm;<\/span><\/strong><\/p>\n<p><strong><span style=\"color: #282828;\">&#8211; mattress;<\/span><\/strong><\/p>\n<p><strong><span style=\"color: #282828;\">&#8211; weight of the frame with wheels about 9 kg;\u00a0<\/span><\/strong><\/p>\n<p><strong><span style=\"color: #282828;\">\u2013 mehrstufige Kabinenregulierung;<\/span><\/strong><\/p>\n<p><strong><span style=\"color: #282828;\">\u2013 12-Zoll-Hinterr\u00e4der, 10-Zoll-Vorderr\u00e4der mit Gel-Federn;<\/span><\/strong><\/p>\n<p><strong><span style=\"color: #282828;\">&#8211; height of the bottom of the\u00a0carrycot is 66 cm long;<\/span><\/strong><\/p>\n<p><strong><span style=\"color: #282828;\">&#8211; weight of the\u00a0carrycot is about 4.8 kg; stroller seat 34&#215;26 cm, footrest 17 cm, backrest 47 cm; stroller weight about 4.8 kg;<\/span><\/strong><\/p>\n<p><strong><a href=\"http:\/\/forbabyboss.com\/wp-content\/uploads\/2022\/09\/checkout.png\"><img loading=\"lazy\" decoding=\"async\" class=\"alignnone size-full wp-image-5965\" src=\"http:\/\/forbabyboss.com\/wp-content\/uploads\/2022\/09\/checkout.png\" alt=\"\" width=\"750\" height=\"276\" srcset=\"https:\/\/forbabyboss.com\/wp-content\/uploads\/2022\/09\/checkout.png 750w, https:\/\/forbabyboss.com\/wp-content\/uploads\/2022\/09\/checkout-600x221.png 600w\" sizes=\"auto, (max-width: 750px) 100vw, 750px\" \/><\/a><\/strong><\/p>\n<\/div>\n<div style=\"text-align: justify;\" align=\"center\"><\/div>\n<p>&nbsp;<\/p>","protected":false},"excerpt":{"rendered":"<p><a href=\"http:\/\/forbabyboss.com\/wp-content\/uploads\/2022\/09\/Star-Rating-5.png\"><img loading=\"lazy\" decoding=\"async\" class=\"alignnone wp-image-5973 aligncenter\" src=\"http:\/\/forbabyboss.com\/wp-content\/uploads\/2022\/09\/Star-Rating-5.png\" alt=\"\" width=\"299\" height=\"49\" \/><\/a><\/p>\n<p style=\"text-align: center;\"><span style=\"color: #e14d43; font-size: 115%;\"><strong>PRICE MATCH GUARANTEE<\/strong><\/span><\/p>\n<p style=\"text-align: center;\"><span style=\"font-size: 115%;\"><span style=\"color: #003366;\">Free Delivery\u00a0<\/span>\u2013 2 \u2013 7 days<\/span><\/p>\n<p style=\"text-align: center;\"><span style=\"color: #008000; font-size: 115%;\"><strong>Free gift with purchases over \u00a3100<\/strong><\/span><\/p>","protected":false},"featured_media":4194,"template":"","meta":[],"product_brand":[],"product_cat":[339,156,197,277,305,130,209,211],"product_tag":[163,200,171],"class_list":{"0":"post-4193","1":"product","2":"type-product","3":"status-publish","4":"has-post-thumbnail","6":"product_cat-700-to-800","7":"product_cat-3-in-1","8":"product_cat-4-in-1-pram","9":"product_cat-brown","10":"product_cat-colour","11":"product_cat-prams","12":"product_cat-push-chairs","13":"product_cat-stroller","14":"product_tag-3-in-1-prams","15":"product_tag-4-in-1-pram","16":"product_tag-pram","18":"first","19":"instock","20":"sale","21":"shipping-taxable","22":"purchasable","23":"product-type-simple"},"yoast_head":"<!-- This site is optimized with the Yoast SEO plugin v27.0 - https:\/\/yoast.com\/product\/yoast-seo-wordpress\/ -->\n<title>Baby Pram Pushchair Stroller 4in1 Travel System - LO2 - For Baby Boss<\/title>\n<meta name=\"description\" content=\"Baby Pram Pushchair Stroller 4in1 Travel System - LO2\" \/>\n<meta name=\"robots\" content=\"index, follow, max-snippet:-1, max-image-preview:large, max-video-preview:-1\" \/>\n<link rel=\"canonical\" href=\"https:\/\/forbabyboss.com\/de\/product\/baby-pram-pushchair-stroller-4in1-travel-system-lo2\/\" \/>\n<meta property=\"og:locale\" content=\"de_DE\" \/>\n<meta property=\"og:type\" content=\"article\" \/>\n<meta property=\"og:title\" content=\"Baby Pram Pushchair Stroller 4in1 Travel System - LO2 - For Baby Boss\" \/>\n<meta property=\"og:description\" content=\"Baby Pram Pushchair Stroller 4in1 Travel System - LO2\" \/>\n<meta property=\"og:url\" content=\"https:\/\/forbabyboss.com\/de\/product\/baby-pram-pushchair-stroller-4in1-travel-system-lo2\/\" \/>\n<meta property=\"og:site_name\" content=\"For Baby Boss\" \/>\n<meta property=\"article:modified_time\" content=\"2023-10-03T11:14:52+00:00\" \/>\n<meta property=\"og:image\" content=\"https:\/\/forbabyboss.com\/wp-content\/uploads\/2022\/09\/Baby-Pram-Line-2.0-bexa-Pushchair-Buggy-Stroller-Car-Seat-4in1-Travel-System-LO2.jpg\" \/>\n\t<meta property=\"og:image:width\" content=\"1020\" \/>\n\t<meta property=\"og:image:height\" content=\"1020\" \/>\n\t<meta property=\"og:image:type\" content=\"image\/jpeg\" \/>\n<meta name=\"twitter:card\" content=\"summary_large_image\" \/>\n<meta name=\"twitter:label1\" content=\"Gesch\u00e4tzte Lesezeit\" \/>\n\t<meta name=\"twitter:data1\" content=\"3\u00a0Minuten\" \/>\n<script type=\"application\/ld+json\" class=\"yoast-schema-graph\">{\"@context\":\"https:\/\/schema.org\",\"@graph\":[{\"@type\":\"WebPage\",\"@id\":\"https:\/\/forbabyboss.com\/product\/baby-pram-pushchair-stroller-4in1-travel-system-lo2\/\",\"url\":\"https:\/\/forbabyboss.com\/product\/baby-pram-pushchair-stroller-4in1-travel-system-lo2\/\",\"name\":\"Baby Pram Pushchair Stroller 4in1 Travel System - LO2 - For Baby Boss\",\"isPartOf\":{\"@id\":\"https:\/\/powderblue-seahorse-496884.hostingersite.com\/#website\"},\"primaryImageOfPage\":{\"@id\":\"https:\/\/forbabyboss.com\/product\/baby-pram-pushchair-stroller-4in1-travel-system-lo2\/#primaryimage\"},\"image\":{\"@id\":\"https:\/\/forbabyboss.com\/product\/baby-pram-pushchair-stroller-4in1-travel-system-lo2\/#primaryimage\"},\"thumbnailUrl\":\"https:\/\/forbabyboss.com\/wp-content\/uploads\/2022\/09\/Baby-Pram-Line-2.0-bexa-Pushchair-Buggy-Stroller-Car-Seat-4in1-Travel-System-LO2.jpg\",\"datePublished\":\"2022-09-21T14:11:29+00:00\",\"dateModified\":\"2023-10-03T11:14:52+00:00\",\"description\":\"Baby Pram Pushchair Stroller 4in1 Travel System - LO2\",\"breadcrumb\":{\"@id\":\"https:\/\/forbabyboss.com\/product\/baby-pram-pushchair-stroller-4in1-travel-system-lo2\/#breadcrumb\"},\"inLanguage\":\"de\",\"potentialAction\":[{\"@type\":\"ReadAction\",\"target\":[\"https:\/\/forbabyboss.com\/product\/baby-pram-pushchair-stroller-4in1-travel-system-lo2\/\"]}]},{\"@type\":\"ImageObject\",\"inLanguage\":\"de\",\"@id\":\"https:\/\/forbabyboss.com\/product\/baby-pram-pushchair-stroller-4in1-travel-system-lo2\/#primaryimage\",\"url\":\"https:\/\/forbabyboss.com\/wp-content\/uploads\/2022\/09\/Baby-Pram-Line-2.0-bexa-Pushchair-Buggy-Stroller-Car-Seat-4in1-Travel-System-LO2.jpg\",\"contentUrl\":\"https:\/\/forbabyboss.com\/wp-content\/uploads\/2022\/09\/Baby-Pram-Line-2.0-bexa-Pushchair-Buggy-Stroller-Car-Seat-4in1-Travel-System-LO2.jpg\",\"width\":1020,\"height\":1020},{\"@type\":\"BreadcrumbList\",\"@id\":\"https:\/\/forbabyboss.com\/product\/baby-pram-pushchair-stroller-4in1-travel-system-lo2\/#breadcrumb\",\"itemListElement\":[{\"@type\":\"ListItem\",\"position\":1,\"name\":\"Home\",\"item\":\"https:\/\/forbabyboss.com\/\"},{\"@type\":\"ListItem\",\"position\":2,\"name\":\"Shop\",\"item\":\"https:\/\/forbabyboss.com\/shop\/\"},{\"@type\":\"ListItem\",\"position\":3,\"name\":\"Baby Pram Pushchair Stroller 4in1 Travel System &#8211; LO2\"}]},{\"@type\":\"WebSite\",\"@id\":\"https:\/\/powderblue-seahorse-496884.hostingersite.com\/#website\",\"url\":\"https:\/\/powderblue-seahorse-496884.hostingersite.com\/\",\"name\":\"For Baby Boss\",\"description\":\"Beautiful gifts and accessories for your baby boss\",\"potentialAction\":[{\"@type\":\"SearchAction\",\"target\":{\"@type\":\"EntryPoint\",\"urlTemplate\":\"https:\/\/powderblue-seahorse-496884.hostingersite.com\/?s={search_term_string}\"},\"query-input\":{\"@type\":\"PropertyValueSpecification\",\"valueRequired\":true,\"valueName\":\"search_term_string\"}}],\"inLanguage\":\"de\"}]}<\/script>\n<!-- \/ Yoast SEO plugin. -->","yoast_head_json":{"title":"Baby Pram Pushchair Stroller 4in1 Travel System - LO2 - For Baby Boss","description":"Baby Pram Pushchair Stroller 4in1 Travel System - LO2","robots":{"index":"index","follow":"follow","max-snippet":"max-snippet:-1","max-image-preview":"max-image-preview:large","max-video-preview":"max-video-preview:-1"},"canonical":"https:\/\/forbabyboss.com\/de\/product\/baby-pram-pushchair-stroller-4in1-travel-system-lo2\/","og_locale":"de_DE","og_type":"article","og_title":"Baby Pram Pushchair Stroller 4in1 Travel System - LO2 - For Baby Boss","og_description":"Baby Pram Pushchair Stroller 4in1 Travel System - LO2","og_url":"https:\/\/forbabyboss.com\/de\/product\/baby-pram-pushchair-stroller-4in1-travel-system-lo2\/","og_site_name":"For Baby Boss","article_modified_time":"2023-10-03T11:14:52+00:00","og_image":[{"width":1020,"height":1020,"url":"https:\/\/forbabyboss.com\/wp-content\/uploads\/2022\/09\/Baby-Pram-Line-2.0-bexa-Pushchair-Buggy-Stroller-Car-Seat-4in1-Travel-System-LO2.jpg","type":"image\/jpeg"}],"twitter_card":"summary_large_image","twitter_misc":{"Gesch\u00e4tzte Lesezeit":"3\u00a0Minuten"},"schema":{"@context":"https:\/\/schema.org","@graph":[{"@type":"WebPage","@id":"https:\/\/forbabyboss.com\/product\/baby-pram-pushchair-stroller-4in1-travel-system-lo2\/","url":"https:\/\/forbabyboss.com\/product\/baby-pram-pushchair-stroller-4in1-travel-system-lo2\/","name":"Baby Pram Pushchair Stroller 4in1 Travel System - LO2 - For Baby Boss","isPartOf":{"@id":"https:\/\/powderblue-seahorse-496884.hostingersite.com\/#website"},"primaryImageOfPage":{"@id":"https:\/\/forbabyboss.com\/product\/baby-pram-pushchair-stroller-4in1-travel-system-lo2\/#primaryimage"},"image":{"@id":"https:\/\/forbabyboss.com\/product\/baby-pram-pushchair-stroller-4in1-travel-system-lo2\/#primaryimage"},"thumbnailUrl":"https:\/\/forbabyboss.com\/wp-content\/uploads\/2022\/09\/Baby-Pram-Line-2.0-bexa-Pushchair-Buggy-Stroller-Car-Seat-4in1-Travel-System-LO2.jpg","datePublished":"2022-09-21T14:11:29+00:00","dateModified":"2023-10-03T11:14:52+00:00","description":"Baby Pram Pushchair Stroller 4in1 Travel System - LO2","breadcrumb":{"@id":"https:\/\/forbabyboss.com\/product\/baby-pram-pushchair-stroller-4in1-travel-system-lo2\/#breadcrumb"},"inLanguage":"de","potentialAction":[{"@type":"ReadAction","target":["https:\/\/forbabyboss.com\/product\/baby-pram-pushchair-stroller-4in1-travel-system-lo2\/"]}]},{"@type":"ImageObject","inLanguage":"de","@id":"https:\/\/forbabyboss.com\/product\/baby-pram-pushchair-stroller-4in1-travel-system-lo2\/#primaryimage","url":"https:\/\/forbabyboss.com\/wp-content\/uploads\/2022\/09\/Baby-Pram-Line-2.0-bexa-Pushchair-Buggy-Stroller-Car-Seat-4in1-Travel-System-LO2.jpg","contentUrl":"https:\/\/forbabyboss.com\/wp-content\/uploads\/2022\/09\/Baby-Pram-Line-2.0-bexa-Pushchair-Buggy-Stroller-Car-Seat-4in1-Travel-System-LO2.jpg","width":1020,"height":1020},{"@type":"BreadcrumbList","@id":"https:\/\/forbabyboss.com\/product\/baby-pram-pushchair-stroller-4in1-travel-system-lo2\/#breadcrumb","itemListElement":[{"@type":"ListItem","position":1,"name":"Home","item":"https:\/\/forbabyboss.com\/"},{"@type":"ListItem","position":2,"name":"Shop","item":"https:\/\/forbabyboss.com\/shop\/"},{"@type":"ListItem","position":3,"name":"Baby Pram Pushchair Stroller 4in1 Travel System &#8211; LO2"}]},{"@type":"WebSite","@id":"https:\/\/powderblue-seahorse-496884.hostingersite.com\/#website","url":"https:\/\/powderblue-seahorse-496884.hostingersite.com\/","name":"F\u00fcr Baby Boss","description":"Wundersch\u00f6ne Geschenke und Accessoires f\u00fcr Ihren kleinen Chef","potentialAction":[{"@type":"SearchAction","target":{"@type":"EntryPoint","urlTemplate":"https:\/\/powderblue-seahorse-496884.hostingersite.com\/?s={search_term_string}"},"query-input":{"@type":"PropertyValueSpecification","valueRequired":true,"valueName":"search_term_string"}}],"inLanguage":"de"}]}},"_links":{"self":[{"href":"https:\/\/forbabyboss.com\/de\/wp-json\/wp\/v2\/product\/4193","targetHints":{"allow":["GET"]}}],"collection":[{"href":"https:\/\/forbabyboss.com\/de\/wp-json\/wp\/v2\/product"}],"about":[{"href":"https:\/\/forbabyboss.com\/de\/wp-json\/wp\/v2\/types\/product"}],"wp:featuredmedia":[{"embeddable":true,"href":"https:\/\/forbabyboss.com\/de\/wp-json\/wp\/v2\/media\/4194"}],"wp:attachment":[{"href":"https:\/\/forbabyboss.com\/de\/wp-json\/wp\/v2\/media?parent=4193"}],"wp:term":[{"taxonomy":"product_brand","embeddable":true,"href":"https:\/\/forbabyboss.com\/de\/wp-json\/wp\/v2\/product_brand?post=4193"},{"taxonomy":"product_cat","embeddable":true,"href":"https:\/\/forbabyboss.com\/de\/wp-json\/wp\/v2\/product_cat?post=4193"},{"taxonomy":"product_tag","embeddable":true,"href":"https:\/\/forbabyboss.com\/de\/wp-json\/wp\/v2\/product_tag?post=4193"}],"curies":[{"name":"wp","href":"https:\/\/api.w.org\/{rel}","templated":true}]}}