{"id":4200,"date":"2022-09-08T08:22:13","date_gmt":"2022-09-08T08:22:13","guid":{"rendered":"http:\/\/forbabyboss.com\/?post_type=product&#038;p=4200"},"modified":"2026-02-21T15:21:36","modified_gmt":"2026-02-21T15:21:36","slug":"kinderwagen-buggy-4-in-1-reisesystem-lo3","status":"publish","type":"product","link":"https:\/\/forbabyboss.com\/de\/product\/baby-pram-pushchair-stroller-4in1-travel-system-lo3\/","title":{"rendered":"Kinderwagen Buggy 4-in-1 Reisesystem \u2013 LO3"},"content":{"rendered":"<p style=\"text-align: justify;\" align=\"center\"><strong><span style=\"font-size: medium; color: #282828;\">Line 2.0 ist ein modernes, multifunktionales Kinderwagen-Reisesystem, das speziell f\u00fcr Eltern entwickelt wurde, die ein Produkt f\u00fcr den langfristigen Einsatz suchen. Je nach Bedarf und Alter des Kindes kann Line 2.0 als Kinderwagen oder Buggy genutzt werden. Es wurde entwickelt, um Ihr Baby oder Kleinkind von der Geburt bis zum 3. Lebensjahr oder von 0 bis 15 kg komfortabel zu transportieren.<\/span><\/strong><\/p>\n<p style=\"text-align: justify;\" align=\"center\"><strong><span style=\"color: #282828;\"><span style=\"font-size: medium;\">Hergestellt in Europa aus hochwertigen Materialien, leichter Aluminiumrahmen, modernes Design.<\/span><span style=\"font-size: medium;\"><br \/>\n<\/span><\/span><\/strong><\/p>\n<div style=\"text-align: justify;\" align=\"center\">\n<p><strong><span style=\"font-size: medium; color: #282828;\">Europ\u00e4ische Zulassung EN 1888:2012<\/span><\/strong><\/p>\n<p><strong><span style=\"font-size: medium; color: #282828;\">Der leichte Aluminiumrahmen mit einstellbarem Sto\u00dfd\u00e4mpfer sorgt f\u00fcr ein sehr einfaches Fahrgef\u00fchl.<\/span><\/strong><\/p>\n<p><strong><span style=\"font-size: medium; color: #282828;\">Der Kinderwagenbezug besteht aus hochwertigen, impr\u00e4gnierten und kinderfreundlichen Materialien. Diese sind farbecht, wasserdicht und sorgen je nach Wetterlage f\u00fcr eine angenehme Temperatur. Die herausnehmbaren Innen- und Bez\u00fcge sind mit hypoallergener Baumwolle gef\u00fcllt.<\/span><\/strong><\/p>\n<p>&nbsp;<\/p>\n<\/div>\n<h3 style=\"text-align: justify;\"><strong><span style=\"color: #282828;\"><span style=\"color: #e14d43;\">Produktmerkmale<\/span>:<\/span><\/strong><\/h3>\n<ul>\n<li style=\"text-align: justify;\"><strong><span style=\"font-size: medium; color: #282828;\">2-in-1- oder 3-in-1-Reisesystem<br \/>\n<\/span><\/strong><\/li>\n<li style=\"text-align: justify;\"><strong><span style=\"font-size: medium; color: #282828;\">Solider, leichter Aluminiumrahmen<\/span><\/strong><\/li>\n<li style=\"text-align: justify;\"><strong><span style=\"font-size: medium; color: #282828;\">Leicht aufzuklappen, klein zusammengefaltet<\/span><\/strong><\/li>\n<\/ul>\n<h3><strong><span style=\"font-size: 100%; color: #282828;\"><span style=\"color: #e14d43;\">Kinderwagen<\/span>:<\/span><\/strong><\/h3>\n<p><strong><span style=\"font-size: medium; color: #282828;\">Verstellbare Kapuze \/ Luxuri\u00f6ses Kunstlederfutter \/ Verstellbarer Tragegriff<\/span><\/strong><\/p>\n<p><strong><span style=\"color: #282828;\">Das Innenfutter besteht aus kinderfreundlicher, hochwertiger Baumwolle und Wildleder und ist atmungsaktiv.<\/span><\/strong><\/p>\n<p><strong><span style=\"color: #282828;\">Feststellbare, um 360\u00b0 schwenkbare Schaumstoff-\/Gelr\u00e4der, Vorderr\u00e4der mit Kugellagern,<\/span><\/strong><\/p>\n<p><strong><span style=\"color: #282828;\">Zentralbremse \u201cStop &amp; Go\u201d;<\/span><\/strong><\/p>\n<p><strong><span style=\"color: #282828;\">Auswechselbare Sonnenblende f\u00fcr besseren Sonnenschutz in der Sitzeinheit;<\/span><\/strong><\/p>\n<p><strong><span style=\"color: #282828;\">Babywanne mit 3-fach verstellbarer R\u00fcckenlehne<\/span><\/strong><\/p>\n<p><strong><span style=\"color: #282828;\">Babywanne und Sitzverdeck bel\u00fcftet;<\/span><\/strong><\/p>\n<p><strong><span style=\"color: #282828;\">Dreifach verstellbarer Griff, bezogen mit \u00d6ko-Leder;<\/span><\/strong><\/p>\n<p><strong><span style=\"color: #282828;\">nach vorne und nach hinten gerichtetes System,<\/span><\/strong><\/p>\n<p><strong><span style=\"color: #282828;\">Rundum-Sichtfenster f\u00fcr Eltern mit Moskitonetz<\/span><\/strong><\/p>\n<h4><strong><span style=\"font-size: medium; color: #282828;\"><span style=\"color: #e14d43;\">Kinderwagen<\/span>:<\/span><\/strong><\/h4>\n<p><strong><span style=\"color: #282828;\">Ausgestattet mit verstellbarer Fu\u00dfst\u00fctze und R\u00fcckenlehne;<\/span><\/strong><\/p>\n<p><strong><span style=\"color: #282828;\">Verstellbar bis zur vollst\u00e4ndig liegenden Position,<\/span><\/strong><\/p>\n<p><strong><span style=\"color: #282828;\">Mehrere Liegepositionen<\/span><\/strong><\/p>\n<p><strong><span style=\"color: #282828;\">Wendbare Sitzeinheit f\u00fcr den Eltern-Blick-Modus<\/span><\/strong><\/p>\n<p><strong><span style=\"color: #282828;\">F\u00fcnfpunktgurt<\/span><\/strong><\/p>\n<p><strong><span style=\"color: #282828;\">Abnehmbarer Sto\u00dff\u00e4nger<\/span><\/strong><\/p>\n<p><strong><span style=\"color: #282828;\">Fu\u00dfsack inklusive<\/span><\/strong><\/p>\n<p style=\"text-align: justify;\" align=\"center\"><strong><span style=\"font-size: medium; color: #282828;\"><span style=\"color: #e14d43;\">Bequemer Autositz<\/span>:<br \/>\n<\/span><\/strong><\/p>\n<div style=\"text-align: justify;\" align=\"center\">\n<p><strong><span style=\"font-size: medium; color: #282828;\">Kite-Autositze sind nur in Schwarz oder Grau erh\u00e4ltlich. Bitte teilen Sie uns Ihre Wunschfarbe mit.<br \/>\nGruppe 0-13 kg:<\/span><\/strong><\/p>\n<p><strong><span style=\"font-size: medium; color: #282828;\">Europ\u00e4ische Zulassung ECE R44 \/ 04<\/span><\/strong><\/p>\n<p><strong><span style=\"font-size: medium; color: #282828;\">Mit Adaptern an der Rahmenbasis befestigt.<\/span><\/strong><\/p>\n<p><strong><span style=\"font-size: medium; color: #282828;\">3-Punkt-Gurt<\/span><\/strong><\/p>\n<p><strong><span style=\"font-size: medium; color: #282828;\">Zus\u00e4tzliche Polsterung f\u00fcr Neugeborene<\/span><\/strong><\/p>\n<p><strong><span style=\"font-size: medium; color: #282828;\">Autositzbezug<\/span><\/strong><\/p>\n<p><strong><span style=\"font-size: medium; color: #282828;\">Verstellbarer Tragegriff<\/span><\/strong><\/p>\n<p><strong><span style=\"font-size: medium; color: #282828;\">Abnehmbare Motorhaubenabdeckung<\/span><\/strong><\/p>\n<p><strong><span style=\"font-size: medium; color: #282828;\">H\u00f6henverstellbare Sicherheitsgurte<\/span><\/strong><\/p>\n<p><strong><span style=\"font-size: medium; color: #282828;\">Vorw\u00e4rts- oder r\u00fcckw\u00e4rtsgerichteter Modus<\/span><\/strong><\/p>\n<p><strong><span style=\"font-size: medium; color: #282828;\">Ausgestattet mit ISOFIX*<\/span><\/strong><\/p>\n<p><strong><span style=\"font-size: medium; color: #282828;\">*ISOFIX-BASIS \u2013 optional<\/span><\/strong><\/p>\n<h3><strong><span style=\"color: #282828;\"><span style=\"font-size: medium;\">ISOFIX-BASIS*<\/span><\/span><\/strong><\/h3>\n<p><strong><span style=\"font-size: medium; color: #282828;\">Farbe: Schwarz\/Grau<\/span><\/strong><\/p>\n<p><strong><span style=\"font-size: medium; color: #282828;\">Geeignet ab Geburt<\/span><\/strong><\/p>\n<p><strong><span style=\"font-size: medium; color: #282828;\">Wird direkt am Fahrzeugchassis mithilfe der ISOFIX-Befestigungspunkte befestigt.<\/span><\/strong><\/p>\n<p><strong><span style=\"font-size: medium; color: #282828;\">Kann auch mit dem Sicherheitsgurt des Fahrzeugs befestigt werden.<\/span><\/strong><\/p>\n<p><strong><span style=\"font-size: medium; color: #282828;\">Kompatibel mit den Autositzen<\/span><\/strong><\/p>\n<p><strong><span style=\"font-size: medium; color: #282828;\">Einfache Installation<\/span><\/strong><\/p>\n<p><strong><span style=\"font-size: medium; color: #282828;\">Sicher und gesch\u00fctzt<\/span><\/strong><\/p>\n<p><strong><span style=\"font-size: medium; color: #282828;\">Minimiert den Aufwand<\/span><\/strong><\/p>\n<p><strong><span style=\"font-size: medium; color: #282828;\">Verringert die Wahrscheinlichkeit, das Baby beim Transfer vom Auto nach Hause aufzuwecken.<\/span><\/strong><\/p>\n<p><strong><span style=\"font-size: medium; color: #282828;\">Das St\u00fctzbein sorgt f\u00fcr optimale Stabilit\u00e4t und Sicherheit und l\u00e4sst sich f\u00fcr die beste Passform leicht anpassen.<\/span><\/strong><\/p>\n<p><strong><span style=\"font-size: medium; color: #282828;\">Farbindikatoren best\u00e4tigen die korrekte Montage der Basis am Fahrzeug.<\/span><\/strong><\/p>\n<\/div>\n<h3 style=\"text-align: justify;\" align=\"center\"><strong><span style=\"color: #e14d43;\">Preis inklusive<\/span>:<\/strong><\/h3>\n<div style=\"text-align: justify;\" align=\"center\">\n<p><strong><span style=\"font-size: medium; color: #282828;\">Stabiler Rahmen + 4 Schaumstoff-\/Gelr\u00e4der (Gummikern)<\/span><\/strong><\/p>\n<p><strong><span style=\"color: #282828;\">Babywanne<\/span><\/strong><\/p>\n<p><strong><span style=\"color: #282828;\">Kinderwagen<\/span><\/strong><\/p>\n<p><strong><span style=\"color: #282828;\">Bezug und Matratze<\/span><\/strong><\/p>\n<p><strong><span style=\"color: #282828;\">Fu\u00dfabdeckung \u2013 Fu\u00dfsack<\/span><\/strong><\/p>\n<p><strong><span style=\"color: #282828;\">Kindersitz (3-in-1-Option)<\/span><\/strong><\/p>\n<p><strong><span style=\"color: #282828;\">\u00a0Abnehmbare Haube und Abdeckung f\u00fcr den Kindersitz (3-in-1-Option)<\/span><\/strong><\/p>\n<p><strong><span style=\"color: #282828;\">Abnehmbarer Sto\u00dff\u00e4nger<\/span><\/strong><\/p>\n<p><strong><span style=\"color: #282828;\">Regenschutz<\/span><\/strong><\/p>\n<p><strong><span style=\"color: #282828;\">Moskitonetz<\/span><\/strong><\/p>\n<p><strong><span style=\"color: #282828;\">Tasche f\u00fcr Zubeh\u00f6r mit Wickelunterlage und Schultergurt<\/span><\/strong><\/p>\n<p><strong><span style=\"color: #282828;\">Einkaufskorb<\/span><\/strong><\/p>\n<p><strong><span style=\"color: #282828;\">Isofix-Basis (optional)<\/span><\/strong><\/p>\n<p><strong><span style=\"color: #282828;\">24 Monate Garantie<\/span><\/strong><\/p>\n<\/div>\n<h3 style=\"text-align: justify;\" align=\"center\"><strong><span style=\"font-size: medium; color: #282828;\"><span style=\"font-size: large;\"><span style=\"color: #e14d43;\">Technische Spezifikationen<\/span>:<\/span><\/span><\/strong><\/h3>\n<div style=\"text-align: justify;\" align=\"center\">\n<p><strong><span style=\"color: #282828;\">- M\u00f6glichkeit, die Babywanne am Griff in der Kabine zu tragen;<\/span><\/strong><\/p>\n<p><strong><span style=\"color: #282828;\">\u2013 Der Boden der Babywanne ist aus Holz gefertigt.<\/span><\/strong><\/p>\n<p><strong><span style=\"color: #282828;\">\u2013 ger\u00e4umige Babywanne mit Bel\u00fcftung im Zwinger;<\/span><\/strong><\/p>\n<p><strong><span style=\"color: #282828;\">\u2013 ein Fenster in der Babywannenabdeckung;<\/span><\/strong><\/p>\n<p><strong><span style=\"color: #282828;\">\u2013 Moskitonetz, das in die Babywanne und den Kinderwagen integriert ist;<\/span><\/strong><\/p>\n<p><strong><span style=\"color: #282828;\">\u2013 ungefalteter Rahmen 78x58x99-115 cm;<\/span><\/strong><\/p>\n<p><strong><span style=\"color: #282828;\">-interne R\u00fcckenlehne;<\/span><\/strong><\/p>\n<p><strong><span style=\"color: #282828;\">\u2013 zusammengeklappter Rahmen 78x58x30 cm; ohne R\u00e4der 72x50x30 cm;<\/span><\/strong><\/p>\n<p><strong><span style=\"color: #282828;\">\u2013 herausnehmbare Einlage im Inneren der Babywanne;<\/span><\/strong><\/p>\n<p><strong><span style=\"color: #282828;\">\u2013 Innenma\u00dfe der Babywanne 76x34x21 cm;<\/span><\/strong><\/p>\n<p><strong><span style=\"color: #282828;\">\u2013 Matratze;<\/span><\/strong><\/p>\n<p><strong><span style=\"color: #282828;\">\u2013 Gewicht des Rahmens mit R\u00e4dern ca. 9 kg;\u00a0<\/span><\/strong><\/p>\n<p><strong><span style=\"color: #282828;\">\u2013 mehrstufige Kabinenregulierung;<\/span><\/strong><\/p>\n<p><strong><span style=\"color: #282828;\">\u2013 12-Zoll-Hinterr\u00e4der, 10-Zoll-Vorderr\u00e4der mit Gel-Federn;<\/span><\/strong><\/p>\n<p><strong><span style=\"color: #282828;\">\u2013 Die H\u00f6he des Bodens der Babywanne betr\u00e4gt 66 cm;<\/span><\/strong><\/p>\n<p><strong><span style=\"color: #282828;\">\u2013 Gewicht der Babywanne ca. 4,8 kg; Kinderwagensitz 34\u00d726 cm, Fu\u00dfst\u00fctze 17 cm, R\u00fcckenlehne 47 cm; Gewicht des Kinderwagens ca. 4,8 kg;<\/span><\/strong><\/p>\n<p><strong><a href=\"http:\/\/forbabyboss.com\/wp-content\/uploads\/2022\/09\/checkout.png\"><img loading=\"lazy\" decoding=\"async\" class=\"alignnone size-full wp-image-5965\" src=\"http:\/\/forbabyboss.com\/wp-content\/uploads\/2022\/09\/checkout.png\" alt=\"\" width=\"750\" height=\"276\" srcset=\"https:\/\/forbabyboss.com\/wp-content\/uploads\/2022\/09\/checkout.png 750w, https:\/\/forbabyboss.com\/wp-content\/uploads\/2022\/09\/checkout-600x221.png 600w\" sizes=\"auto, (max-width: 750px) 100vw, 750px\" \/><\/a><\/strong><\/p>\n<\/div>\n<div style=\"text-align: justify;\" align=\"center\"><\/div>\n<p>&nbsp;<\/p>","protected":false},"excerpt":{"rendered":"<p><a href=\"http:\/\/forbabyboss.com\/wp-content\/uploads\/2022\/09\/Star-Rating-5.png\"><img loading=\"lazy\" decoding=\"async\" class=\"alignnone wp-image-5973 aligncenter\" src=\"http:\/\/forbabyboss.com\/wp-content\/uploads\/2022\/09\/Star-Rating-5.png\" alt=\"\" width=\"299\" height=\"49\" \/><\/a><\/p>\n<p style=\"text-align: center;\"><span style=\"color: #e14d43; font-size: 115%;\"><strong>PREISGARANTIE<\/strong><\/span><\/p>\n<p style=\"text-align: center;\"><span style=\"font-size: 115%;\"><span style=\"color: #003366;\">Kostenloser Versand\u00a0<\/span>\u2013 2 \u2013 7 Tage<\/span><\/p>\n<p style=\"text-align: center;\"><span style=\"color: #008000; font-size: 115%;\"><strong>Gratisgeschenk ab einem Einkaufswert von 100 \u00a3<\/strong><\/span><\/p>","protected":false},"featured_media":4203,"template":"","meta":[],"product_brand":[587],"product_cat":[339,156,197,305,130,209,211,229],"product_tag":[163,200,171],"class_list":{"0":"post-4200","1":"product","2":"type-product","3":"status-publish","4":"has-post-thumbnail","6":"product_brand-bexa","7":"product_cat-700-to-800","8":"product_cat-3-in-1","9":"product_cat-4-in-1-pram","10":"product_cat-colour","11":"product_cat-prams","12":"product_cat-push-chairs","13":"product_cat-stroller","14":"product_cat-white","15":"product_tag-3-in-1-prams","16":"product_tag-4-in-1-pram","17":"product_tag-pram","19":"first","20":"instock","21":"sale","22":"shipping-taxable","23":"purchasable","24":"product-type-simple"},"yoast_head":"<!-- This site is optimized with the Yoast SEO plugin v27.5 - https:\/\/yoast.com\/product\/yoast-seo-wordpress\/ -->\n<title>Baby Pram Pushchair Stroller 4in1 Travel System - LO3 - For Baby Boss<\/title>\n<meta name=\"description\" content=\"Baby Pram Pushchair Stroller 4in1 Travel System - LO3\" \/>\n<meta name=\"robots\" content=\"index, follow, max-snippet:-1, max-image-preview:large, max-video-preview:-1\" \/>\n<link rel=\"canonical\" href=\"https:\/\/forbabyboss.com\/de\/product\/kinderwagen-buggy-4-in-1-reisesystem-lo3\/\" \/>\n<meta property=\"og:locale\" content=\"de_DE\" \/>\n<meta property=\"og:type\" content=\"article\" \/>\n<meta property=\"og:title\" content=\"Baby Pram Pushchair Stroller 4in1 Travel System - LO3 - For Baby Boss\" \/>\n<meta property=\"og:description\" content=\"Baby Pram Pushchair Stroller 4in1 Travel System - LO3\" \/>\n<meta property=\"og:url\" content=\"https:\/\/forbabyboss.com\/de\/product\/kinderwagen-buggy-4-in-1-reisesystem-lo3\/\" \/>\n<meta property=\"og:site_name\" content=\"For Baby Boss\" \/>\n<meta property=\"article:modified_time\" content=\"2026-02-21T15:21:36+00:00\" \/>\n<meta property=\"og:image\" content=\"https:\/\/forbabyboss.com\/wp-content\/uploads\/2022\/09\/Baby-Pram-Line-2.0-bexa-Pushchair-Buggy-Stroller-Car-Seat-4in1-Travel-System-LO3_MAIN.jpg\" \/>\n\t<meta property=\"og:image:width\" content=\"1020\" \/>\n\t<meta property=\"og:image:height\" content=\"1020\" \/>\n\t<meta property=\"og:image:type\" content=\"image\/jpeg\" \/>\n<meta name=\"twitter:card\" content=\"summary_large_image\" \/>\n<meta name=\"twitter:label1\" content=\"Gesch\u00e4tzte Lesezeit\" \/>\n\t<meta name=\"twitter:data1\" content=\"3\u00a0Minuten\" \/>\n<script type=\"application\/ld+json\" class=\"yoast-schema-graph\">{\"@context\":\"https:\\\/\\\/schema.org\",\"@graph\":[{\"@type\":\"WebPage\",\"@id\":\"https:\\\/\\\/forbabyboss.com\\\/product\\\/baby-pram-pushchair-stroller-4in1-travel-system-lo3\\\/\",\"url\":\"https:\\\/\\\/forbabyboss.com\\\/product\\\/baby-pram-pushchair-stroller-4in1-travel-system-lo3\\\/\",\"name\":\"Baby Pram Pushchair Stroller 4in1 Travel System - LO3 - For Baby Boss\",\"isPartOf\":{\"@id\":\"https:\\\/\\\/powderblue-seahorse-496884.hostingersite.com\\\/#website\"},\"primaryImageOfPage\":{\"@id\":\"https:\\\/\\\/forbabyboss.com\\\/product\\\/baby-pram-pushchair-stroller-4in1-travel-system-lo3\\\/#primaryimage\"},\"image\":{\"@id\":\"https:\\\/\\\/forbabyboss.com\\\/product\\\/baby-pram-pushchair-stroller-4in1-travel-system-lo3\\\/#primaryimage\"},\"thumbnailUrl\":\"https:\\\/\\\/forbabyboss.com\\\/wp-content\\\/uploads\\\/2022\\\/09\\\/Baby-Pram-Line-2.0-bexa-Pushchair-Buggy-Stroller-Car-Seat-4in1-Travel-System-LO3_MAIN.jpg\",\"datePublished\":\"2022-09-08T08:22:13+00:00\",\"dateModified\":\"2026-02-21T15:21:36+00:00\",\"description\":\"Baby Pram Pushchair Stroller 4in1 Travel System - LO3\",\"breadcrumb\":{\"@id\":\"https:\\\/\\\/forbabyboss.com\\\/product\\\/baby-pram-pushchair-stroller-4in1-travel-system-lo3\\\/#breadcrumb\"},\"inLanguage\":\"de\",\"potentialAction\":[{\"@type\":\"ReadAction\",\"target\":[\"https:\\\/\\\/forbabyboss.com\\\/product\\\/baby-pram-pushchair-stroller-4in1-travel-system-lo3\\\/\"]}]},{\"@type\":\"ImageObject\",\"inLanguage\":\"de\",\"@id\":\"https:\\\/\\\/forbabyboss.com\\\/product\\\/baby-pram-pushchair-stroller-4in1-travel-system-lo3\\\/#primaryimage\",\"url\":\"https:\\\/\\\/forbabyboss.com\\\/wp-content\\\/uploads\\\/2022\\\/09\\\/Baby-Pram-Line-2.0-bexa-Pushchair-Buggy-Stroller-Car-Seat-4in1-Travel-System-LO3_MAIN.jpg\",\"contentUrl\":\"https:\\\/\\\/forbabyboss.com\\\/wp-content\\\/uploads\\\/2022\\\/09\\\/Baby-Pram-Line-2.0-bexa-Pushchair-Buggy-Stroller-Car-Seat-4in1-Travel-System-LO3_MAIN.jpg\",\"width\":1020,\"height\":1020},{\"@type\":\"BreadcrumbList\",\"@id\":\"https:\\\/\\\/forbabyboss.com\\\/product\\\/baby-pram-pushchair-stroller-4in1-travel-system-lo3\\\/#breadcrumb\",\"itemListElement\":[{\"@type\":\"ListItem\",\"position\":1,\"name\":\"Home\",\"item\":\"https:\\\/\\\/forbabyboss.com\\\/\"},{\"@type\":\"ListItem\",\"position\":2,\"name\":\"Shop\",\"item\":\"https:\\\/\\\/forbabyboss.com\\\/shop\\\/\"},{\"@type\":\"ListItem\",\"position\":3,\"name\":\"Baby Pram Pushchair Stroller 4in1 Travel System &#8211; LO3\"}]},{\"@type\":\"WebSite\",\"@id\":\"https:\\\/\\\/powderblue-seahorse-496884.hostingersite.com\\\/#website\",\"url\":\"https:\\\/\\\/powderblue-seahorse-496884.hostingersite.com\\\/\",\"name\":\"For Baby Boss\",\"description\":\"Beautiful gifts and accessories for your baby boss\",\"potentialAction\":[{\"@type\":\"SearchAction\",\"target\":{\"@type\":\"EntryPoint\",\"urlTemplate\":\"https:\\\/\\\/powderblue-seahorse-496884.hostingersite.com\\\/?s={search_term_string}\"},\"query-input\":{\"@type\":\"PropertyValueSpecification\",\"valueRequired\":true,\"valueName\":\"search_term_string\"}}],\"inLanguage\":\"de\"}]}<\/script>\n<!-- \/ Yoast SEO plugin. -->","yoast_head_json":{"title":"Kinderwagen-Buggy-Reisesystem 4-in-1 - LO3 - F\u00fcr Baby Boss","description":"Kinderwagen Buggy 4-in-1 Reisesystem - LO3","robots":{"index":"index","follow":"follow","max-snippet":"max-snippet:-1","max-image-preview":"max-image-preview:large","max-video-preview":"max-video-preview:-1"},"canonical":"https:\/\/forbabyboss.com\/de\/product\/kinderwagen-buggy-4-in-1-reisesystem-lo3\/","og_locale":"de_DE","og_type":"article","og_title":"Baby Pram Pushchair Stroller 4in1 Travel System - LO3 - For Baby Boss","og_description":"Baby Pram Pushchair Stroller 4in1 Travel System - LO3","og_url":"https:\/\/forbabyboss.com\/de\/product\/kinderwagen-buggy-4-in-1-reisesystem-lo3\/","og_site_name":"For Baby Boss","article_modified_time":"2026-02-21T15:21:36+00:00","og_image":[{"width":1020,"height":1020,"url":"https:\/\/forbabyboss.com\/wp-content\/uploads\/2022\/09\/Baby-Pram-Line-2.0-bexa-Pushchair-Buggy-Stroller-Car-Seat-4in1-Travel-System-LO3_MAIN.jpg","type":"image\/jpeg"}],"twitter_card":"summary_large_image","twitter_misc":{"Gesch\u00e4tzte Lesezeit":"3\u00a0Minuten"},"schema":{"@context":"https:\/\/schema.org","@graph":[{"@type":"WebPage","@id":"https:\/\/forbabyboss.com\/product\/baby-pram-pushchair-stroller-4in1-travel-system-lo3\/","url":"https:\/\/forbabyboss.com\/product\/baby-pram-pushchair-stroller-4in1-travel-system-lo3\/","name":"Kinderwagen-Buggy-Reisesystem 4-in-1 - LO3 - F\u00fcr Baby Boss","isPartOf":{"@id":"https:\/\/powderblue-seahorse-496884.hostingersite.com\/#website"},"primaryImageOfPage":{"@id":"https:\/\/forbabyboss.com\/product\/baby-pram-pushchair-stroller-4in1-travel-system-lo3\/#primaryimage"},"image":{"@id":"https:\/\/forbabyboss.com\/product\/baby-pram-pushchair-stroller-4in1-travel-system-lo3\/#primaryimage"},"thumbnailUrl":"https:\/\/forbabyboss.com\/wp-content\/uploads\/2022\/09\/Baby-Pram-Line-2.0-bexa-Pushchair-Buggy-Stroller-Car-Seat-4in1-Travel-System-LO3_MAIN.jpg","datePublished":"2022-09-08T08:22:13+00:00","dateModified":"2026-02-21T15:21:36+00:00","description":"Kinderwagen Buggy 4-in-1 Reisesystem - LO3","breadcrumb":{"@id":"https:\/\/forbabyboss.com\/product\/baby-pram-pushchair-stroller-4in1-travel-system-lo3\/#breadcrumb"},"inLanguage":"de","potentialAction":[{"@type":"ReadAction","target":["https:\/\/forbabyboss.com\/product\/baby-pram-pushchair-stroller-4in1-travel-system-lo3\/"]}]},{"@type":"ImageObject","inLanguage":"de","@id":"https:\/\/forbabyboss.com\/product\/baby-pram-pushchair-stroller-4in1-travel-system-lo3\/#primaryimage","url":"https:\/\/forbabyboss.com\/wp-content\/uploads\/2022\/09\/Baby-Pram-Line-2.0-bexa-Pushchair-Buggy-Stroller-Car-Seat-4in1-Travel-System-LO3_MAIN.jpg","contentUrl":"https:\/\/forbabyboss.com\/wp-content\/uploads\/2022\/09\/Baby-Pram-Line-2.0-bexa-Pushchair-Buggy-Stroller-Car-Seat-4in1-Travel-System-LO3_MAIN.jpg","width":1020,"height":1020},{"@type":"BreadcrumbList","@id":"https:\/\/forbabyboss.com\/product\/baby-pram-pushchair-stroller-4in1-travel-system-lo3\/#breadcrumb","itemListElement":[{"@type":"ListItem","position":1,"name":"Home","item":"https:\/\/forbabyboss.com\/"},{"@type":"ListItem","position":2,"name":"Shop","item":"https:\/\/forbabyboss.com\/shop\/"},{"@type":"ListItem","position":3,"name":"Baby Pram Pushchair Stroller 4in1 Travel System &#8211; LO3"}]},{"@type":"WebSite","@id":"https:\/\/powderblue-seahorse-496884.hostingersite.com\/#website","url":"https:\/\/powderblue-seahorse-496884.hostingersite.com\/","name":"F\u00fcr Baby Boss","description":"Wundersch\u00f6ne Geschenke und Accessoires f\u00fcr Ihren kleinen Chef","potentialAction":[{"@type":"SearchAction","target":{"@type":"EntryPoint","urlTemplate":"https:\/\/powderblue-seahorse-496884.hostingersite.com\/?s={search_term_string}"},"query-input":{"@type":"PropertyValueSpecification","valueRequired":true,"valueName":"search_term_string"}}],"inLanguage":"de"}]}},"_links":{"self":[{"href":"https:\/\/forbabyboss.com\/de\/wp-json\/wp\/v2\/product\/4200","targetHints":{"allow":["GET"]}}],"collection":[{"href":"https:\/\/forbabyboss.com\/de\/wp-json\/wp\/v2\/product"}],"about":[{"href":"https:\/\/forbabyboss.com\/de\/wp-json\/wp\/v2\/types\/product"}],"wp:featuredmedia":[{"embeddable":true,"href":"https:\/\/forbabyboss.com\/de\/wp-json\/wp\/v2\/media\/4203"}],"wp:attachment":[{"href":"https:\/\/forbabyboss.com\/de\/wp-json\/wp\/v2\/media?parent=4200"}],"wp:term":[{"taxonomy":"product_brand","embeddable":true,"href":"https:\/\/forbabyboss.com\/de\/wp-json\/wp\/v2\/product_brand?post=4200"},{"taxonomy":"product_cat","embeddable":true,"href":"https:\/\/forbabyboss.com\/de\/wp-json\/wp\/v2\/product_cat?post=4200"},{"taxonomy":"product_tag","embeddable":true,"href":"https:\/\/forbabyboss.com\/de\/wp-json\/wp\/v2\/product_tag?post=4200"}],"curies":[{"name":"wp","href":"https:\/\/api.w.org\/{rel}","templated":true}]}}