{"id":4317,"date":"2022-09-21T16:07:54","date_gmt":"2022-09-21T16:07:54","guid":{"rendered":"http:\/\/forbabyboss.com\/?post_type=product&#038;p=4317"},"modified":"2023-10-02T22:16:18","modified_gmt":"2023-10-02T22:16:18","slug":"ideal-2020-kinderwagen-reisesystem-4in1-ido1","status":"publish","type":"product","link":"https:\/\/forbabyboss.com\/de\/product\/ideal-2020-pushchair-travel-system-4in1-ido1\/","title":{"rendered":"IDEAL 2020 Kinderwagen-Reisesystem 4in1 - IDO1"},"content":{"rendered":"<p style=\"text-align: justify;\" align=\"center\"><span style=\"color: #282828;\"><strong><span style=\"font-size: medium;\">Der IDEAL 2020 ist ein modernes, multifunktionales Kinderwagen-Reisesystem, das sich an Eltern richtet, die ein Produkt f\u00fcr den langfristigen Einsatz suchen. Je nach Bedarf und Alter des Kindes kann der IDEAL 2020 als Kinderwagen oder Buggy genutzt werden. Er ist f\u00fcr den komfortablen Transport Ihres Babys oder Kleinkindes von der Geburt bis zum 3. Lebensjahr oder bis zu einem Gewicht von 0\u201315 kg geeignet.<\/span><\/strong><\/span><\/p>\n<p style=\"text-align: justify;\" align=\"center\"><span style=\"color: #282828;\"><strong><span style=\"font-size: medium;\">Hergestellt in Europa aus hochwertigen Materialien, leichter Aluminiumrahmen, modernes Design.<\/span><span style=\"font-size: medium;\"><br \/>\n<\/span><\/strong><\/span><\/p>\n<div style=\"text-align: justify;\" align=\"center\">\n<p><span style=\"color: #282828;\"><strong><span style=\"font-size: medium;\">Europ\u00e4ische Zulassung EN 1888:2012<\/span><\/strong><\/span><\/p>\n<p><span style=\"color: #282828;\"><strong><span style=\"font-size: medium;\">Der leichte Aluminiumrahmen mit einstellbarem Sto\u00dfd\u00e4mpfer sorgt f\u00fcr ein sehr einfaches Fahrgef\u00fchl.<\/span><\/strong><\/span><\/p>\n<p><span style=\"color: #282828;\"><strong><span style=\"font-size: medium;\">Der Kinderwagenbezug besteht aus hochwertigen, impr\u00e4gnierten und kinderfreundlichen Materialien. Diese sind farbecht, wasserdicht und sorgen je nach Wetterlage f\u00fcr eine angenehme Temperatur. Die herausnehmbaren Innen- und Bez\u00fcge sind mit hypoallergener Baumwolle gef\u00fcllt.<\/span><\/strong><\/span><\/p>\n<\/div>\n<p style=\"text-align: justify;\" align=\"center\"><span style=\"color: #282828;\"><strong><span style=\"font-size: medium;\"><span style=\"color: #e14d43;\">Produktmerkmale<\/span>:<br \/>\n<\/span><\/strong><\/span><\/p>\n<ul>\n<li style=\"text-align: justify;\"><span style=\"color: #282828;\"><strong><span style=\"font-size: medium;\">2-in-1- oder 3-in-1-Reisesystem<br \/>\n<\/span><\/strong><\/span><\/li>\n<li style=\"text-align: justify;\"><span style=\"color: #282828;\"><strong><span style=\"font-size: medium;\">Solider, leichter Rahmen aus wei\u00dfem Aluminium<\/span><\/strong><\/span><\/li>\n<li style=\"text-align: justify;\"><span style=\"color: #282828;\"><strong><span style=\"font-size: medium;\">Leicht aufzuklappen, klein zusammengefaltet<\/span><\/strong><\/span><\/li>\n<\/ul>\n<p style=\"text-align: justify;\" align=\"center\"><span style=\"color: #282828;\"><strong><span style=\"font-size: medium;\"><span style=\"color: #e14d43;\">Kinderwagen<\/span>:<br \/>\n<\/span><\/strong><\/span><\/p>\n<div style=\"text-align: justify;\" align=\"center\">\n<p><span style=\"color: #282828;\"><strong><span style=\"font-size: medium;\">Verstellbare Kapuze \/ Luxuri\u00f6ses Kunstlederfutter \/ Verstellbarer Tragegriff<\/span><\/strong><\/span><\/p>\n<p><span style=\"color: #282828;\"><strong><span style=\"font-size: medium;\">Das Innenfutter besteht aus kinderfreundlicher, hochwertiger Baumwolle und Wildleder und ist atmungsaktiv.<\/span><\/strong><\/span><\/p>\n<p><span style=\"color: #282828;\"><strong><span style=\"font-size: medium;\">Feststellbare, um 360\u00b0 schwenkbare Schaumstoff-\/Gelr\u00e4der, Vorderr\u00e4der mit Kugellagern,<\/span><\/strong><\/span><\/p>\n<p><span style=\"color: #282828;\"><strong><span style=\"font-size: medium;\">Zentralbremse \u201cStop &amp; Go\u201d;<\/span><\/strong><\/span><\/p>\n<p><span style=\"color: #282828;\"><strong><span style=\"font-size: medium;\">Auswechselbare Sonnenblende f\u00fcr besseren Sonnenschutz in der Sitzeinheit;<\/span><\/strong><\/span><\/p>\n<p><span style=\"color: #282828;\"><strong><span style=\"font-size: medium;\">Babywanne mit 3-fach verstellbarer R\u00fcckenlehne<\/span><\/strong><\/span><\/p>\n<p><span style=\"color: #282828;\"><strong><span style=\"font-size: medium;\">Babywanne und Sitzverdeck bel\u00fcftet;<\/span><\/strong><\/span><\/p>\n<p><span style=\"color: #282828;\"><strong><span style=\"font-size: medium;\">Dreifach verstellbarer Griff, bezogen mit \u00d6ko-Leder;<\/span><\/strong><\/span><\/p>\n<p><span style=\"color: #282828;\"><strong><span style=\"font-size: medium;\">nach vorne und nach hinten gerichtetes System,<\/span><\/strong><\/span><\/p>\n<p><span style=\"color: #282828;\"><strong><span style=\"font-size: medium;\">Rundum-Sichtfenster f\u00fcr Eltern mit Moskitonetz<\/span><\/strong><\/span><\/p>\n<\/div>\n<div style=\"text-align: justify;\" align=\"center\">\n<p><span style=\"color: #282828;\"><strong><span style=\"font-size: medium;\"><span style=\"color: #e14d43;\">Kinderwagen<\/span>:<\/span><\/strong><\/span><\/p>\n<p><span style=\"color: #282828;\"><strong>Ausgestattet mit verstellbarer Fu\u00dfst\u00fctze und R\u00fcckenlehne;<\/strong><\/span><\/p>\n<p><span style=\"color: #282828;\"><strong>Verstellbar bis zur vollst\u00e4ndig liegenden Position,<\/strong><\/span><\/p>\n<p><span style=\"color: #282828;\"><strong>Mehrere Liegepositionen<\/strong><\/span><\/p>\n<p><span style=\"color: #282828;\"><strong>Wendbare Sitzeinheit f\u00fcr den Eltern-Blick-Modus<\/strong><\/span><\/p>\n<p><span style=\"color: #282828;\"><strong>F\u00fcnfpunktgurt<\/strong><\/span><\/p>\n<p><span style=\"color: #282828;\"><strong>Abnehmbarer Sto\u00dff\u00e4nger<\/strong><\/span><\/p>\n<p><span style=\"color: #282828;\"><strong>Fu\u00dfsack inklusive<\/strong><\/span><\/p>\n<\/div>\n<div style=\"text-align: justify;\" align=\"center\"><span style=\"color: #282828;\"><strong><span style=\"font-size: medium;\"><span style=\"color: #e14d43;\">Bequemer Autositz<\/span>:<\/span><\/strong><\/span><\/div>\n<div style=\"text-align: justify;\" align=\"center\">\n<p><span style=\"color: #282828;\"><strong><span style=\"font-size: medium;\">Gruppe 0-13 kg:<\/span><\/strong><\/span><\/p>\n<p><span style=\"color: #282828;\"><strong>Europ\u00e4ische Zulassung ECE R44 \/ 04<\/strong><\/span><\/p>\n<p><span style=\"color: #282828;\"><strong>Mit Adaptern an der Rahmenbasis befestigt.<\/strong><\/span><\/p>\n<p><span style=\"color: #282828;\"><strong>3-Punkt-Gurt<\/strong><\/span><\/p>\n<p><span style=\"color: #282828;\"><strong>Zus\u00e4tzliche Polsterung f\u00fcr Neugeborene<\/strong><\/span><\/p>\n<p><span style=\"color: #282828;\"><strong>Autositzbezug<\/strong><\/span><\/p>\n<p><span style=\"color: #282828;\"><strong>Verstellbarer Tragegriff<\/strong><\/span><\/p>\n<p><span style=\"color: #282828;\"><strong>Abnehmbare Motorhaubenabdeckung<\/strong><\/span><\/p>\n<p><span style=\"color: #282828;\"><strong>H\u00f6henverstellbare Sicherheitsgurte<\/strong><\/span><\/p>\n<p><span style=\"color: #282828;\"><strong>Vorw\u00e4rts- oder r\u00fcckw\u00e4rtsgerichteter Modus<\/strong><\/span><\/p>\n<p><span style=\"color: #282828;\"><strong>Ausgestattet mit ISOFIX*<\/strong><\/span><\/p>\n<p><span style=\"color: #282828;\"><strong>*ISOFIX-BASIS \u2013 optional<\/strong><\/span><\/p>\n<p><span style=\"color: #282828;\"><strong><span style=\"color: #e14d43;\">ISOFIX-BASIS<\/span>*<\/strong><\/span><\/p>\n<p><span style=\"color: #282828;\"><strong>Farbe: Schwarz\/Grau<\/strong><\/span><\/p>\n<p><span style=\"color: #282828;\"><strong>Geeignet ab Geburt<\/strong><\/span><\/p>\n<p><span style=\"color: #282828;\"><strong>Wird direkt am Fahrzeugchassis mithilfe der ISOFIX-Befestigungspunkte befestigt.<\/strong><\/span><\/p>\n<p><span style=\"color: #282828;\"><strong>Kann auch mit dem Sicherheitsgurt des Fahrzeugs befestigt werden.<\/strong><\/span><\/p>\n<p><span style=\"color: #282828;\"><strong>Kompatibel mit den Autositzen<\/strong><\/span><\/p>\n<p><span style=\"color: #282828;\"><strong>Einfache Installation<\/strong><\/span><\/p>\n<p><span style=\"color: #282828;\"><strong>Sicher und gesch\u00fctzt<\/strong><\/span><\/p>\n<p><span style=\"color: #282828;\"><strong>Minimiert den Aufwand<\/strong><\/span><\/p>\n<p><span style=\"color: #282828;\"><strong>Verringert die Wahrscheinlichkeit, das Baby beim Transfer vom Auto nach Hause aufzuwecken.<\/strong><\/span><\/p>\n<p><span style=\"color: #282828;\"><strong>Das St\u00fctzbein sorgt f\u00fcr optimale Stabilit\u00e4t und Sicherheit und l\u00e4sst sich f\u00fcr die beste Passform leicht anpassen.<\/strong><\/span><\/p>\n<p><span style=\"color: #282828;\"><strong>Farbindikatoren best\u00e4tigen die korrekte Montage der Basis am Fahrzeug.<\/strong><\/span><\/p>\n<\/div>\n<div style=\"text-align: justify;\" align=\"center\">\n<p style=\"text-align: left;\" align=\"center\"><span style=\"color: #282828;\"><strong><span style=\"font-size: medium;\"><span style=\"font-size: large;\"><span style=\"color: #e14d43;\">Preis inklusive<\/span>:<\/span><br \/>\n<\/span><\/strong><\/span><\/p>\n<div style=\"text-align: left;\" align=\"center\">\n<p><span style=\"color: #282828; font-size: 100%;\"><strong>Stabiler Rahmen + 4 Schaumstoff-\/Gelr\u00e4der (Gummikern)<\/strong><\/span><\/p>\n<p><span style=\"color: #282828; font-size: 100%;\"><strong>Babywanne<\/strong><\/span><\/p>\n<p><span style=\"color: #282828; font-size: 100%;\"><strong>Kinderwagen<\/strong><\/span><\/p>\n<p><span style=\"color: #282828; font-size: 100%;\"><strong>Bezug und Matratze<\/strong><\/span><\/p>\n<p><span style=\"color: #282828; font-size: 100%;\"><strong>Fu\u00dfabdeckung \u2013 Fu\u00dfsack<\/strong><\/span><\/p>\n<p><span style=\"color: #282828; font-size: 100%;\"><strong>Kindersitz (3-in-1-Option)<\/strong><\/span><\/p>\n<p><span style=\"color: #282828; font-size: 100%;\"><strong>\u00a0Abnehmbare Haube und Abdeckung f\u00fcr den Kindersitz (3-in-1-Option)<\/strong><\/span><\/p>\n<p><span style=\"color: #282828; font-size: 100%;\"><strong>Abnehmbarer Sto\u00dff\u00e4nger<\/strong><\/span><\/p>\n<p><span style=\"color: #282828; font-size: 100%;\"><strong>Regenschutz<\/strong><\/span><\/p>\n<p><span style=\"color: #282828; font-size: 100%;\"><strong>Moskitonetz<\/strong><\/span><\/p>\n<p><span style=\"color: #282828; font-size: 100%;\"><strong>Tasche f\u00fcr Zubeh\u00f6r mit Wickelunterlage und Schultergurt<\/strong><\/span><\/p>\n<p><span style=\"color: #282828; font-size: 100%;\"><strong>Einkaufskorb<\/strong><\/span><\/p>\n<p><span style=\"color: #282828; font-size: 100%;\"><strong>Isofix-Basis (optional)<\/strong><\/span><\/p>\n<p><span style=\"color: #282828; font-size: 100%;\"><strong>24 Monate Garantie<\/strong><\/span><\/p>\n<\/div>\n<h3 style=\"text-align: left;\" align=\"center\"><span style=\"color: #e14d43;\"><strong>Abmessungen<\/strong><\/span><\/h3>\n<div style=\"text-align: left;\" align=\"center\">\n<p><span style=\"color: #282828;\"><strong><span style=\"font-size: medium;\"><span style=\"color: #e14d43;\">Babywanne<\/span><br \/>\n\u2013 Gewicht \u2013 3,5 kg<br \/>\n\u2013 Gesamtgewicht des Kinderwagens \u2013 12 kg<br \/>\n\u2013 Gestell mit Babywanne: H 126 cm x B 59,5 cm x L 100 cm<br \/>\n\u2013 Innenma\u00dfe: B 35 cm x L 85 cm x T 24 cm<br \/>\n<\/span><\/strong><\/span><\/p>\n<p><span style=\"color: #282828;\"><strong><span style=\"font-size: medium;\"><span style=\"color: #e14d43;\">Kinderwagen:<\/span><br \/>\n\u2013 Rahmen mit R\u00e4dern: 13,0 kg<br \/>\n\u2013 Sitzeinheit: B 34 cm x L 50 cm x T 25 cm<br \/>\n<\/span><\/strong><\/span><\/p>\n<p><span style=\"color: #282828;\"><strong><span style=\"font-size: medium;\"><span style=\"color: #e14d43;\">Kindersitz<\/span><br \/>\nGewicht: 2,5 kg<br \/>\n\u2013 Kindersitz mit Gestell und R\u00e4dern: 11,0 kg<br \/>\n\u2013 Gestell mit Autositz: H 108 cm x B 63 cm x L 84 cm<br \/>\n<\/span><\/strong><\/span><\/p>\n<p><span style=\"color: #282828;\"><strong><span style=\"font-size: medium;\"><span style=\"color: #e14d43;\">Rahmen<\/span><br \/>\n\u2013 Rahmen mit R\u00e4dern: 8,5 kg<br \/>\n\u2013 Der Durchmesser der R\u00e4der: vorne 25 cm, hinten 30 cm<\/span><\/strong><\/span><\/p>\n<\/div>\n<\/div>\n<p>&nbsp;<\/p>\n<p><a href=\"http:\/\/forbabyboss.com\/wp-content\/uploads\/2022\/09\/checkout.png\"><img loading=\"lazy\" decoding=\"async\" class=\"alignnone size-full wp-image-5965\" src=\"http:\/\/forbabyboss.com\/wp-content\/uploads\/2022\/09\/checkout.png\" alt=\"\" width=\"750\" height=\"276\" srcset=\"https:\/\/forbabyboss.com\/wp-content\/uploads\/2022\/09\/checkout.png 750w, https:\/\/forbabyboss.com\/wp-content\/uploads\/2022\/09\/checkout-600x221.png 600w\" sizes=\"auto, (max-width: 750px) 100vw, 750px\" \/><\/a><\/p>","protected":false},"excerpt":{"rendered":"<p><a href=\"http:\/\/forbabyboss.com\/wp-content\/uploads\/2022\/09\/Star-Rating-5.png\"><img loading=\"lazy\" decoding=\"async\" class=\"alignnone wp-image-5973 aligncenter\" src=\"http:\/\/forbabyboss.com\/wp-content\/uploads\/2022\/09\/Star-Rating-5.png\" alt=\"\" width=\"299\" height=\"49\" \/><\/a><\/p>\n<p style=\"text-align: center;\"><span style=\"color: #e14d43; font-size: 115%;\"><strong>PREISGARANTIE<\/strong><\/span><\/p>\n<p style=\"text-align: center;\"><span style=\"font-size: 115%;\"><span style=\"color: #003366;\">Kostenloser Versand\u00a0<\/span>\u2013 2 \u2013 7 Tage<\/span><\/p>\n<p style=\"text-align: center;\"><span style=\"color: #008000; font-size: 115%;\"><strong>Gratisgeschenk ab einem Einkaufswert von 100 \u00a3<\/strong><\/span><\/p>","protected":false},"featured_media":4323,"template":"","meta":[],"product_brand":[],"product_cat":[340,157,156,197,207,305,303,130,209,211],"product_tag":[200,171],"class_list":{"0":"post-4317","1":"product","2":"type-product","3":"status-publish","4":"has-post-thumbnail","6":"product_cat-800-to-900","7":"product_cat-2-in-1","8":"product_cat-3-in-1","9":"product_cat-4-in-1-pram","10":"product_cat-black","11":"product_cat-colour","12":"product_cat-pattern","13":"product_cat-prams","14":"product_cat-push-chairs","15":"product_cat-stroller","16":"product_tag-4-in-1-pram","17":"product_tag-pram","19":"first","20":"instock","21":"sale","22":"shipping-taxable","23":"purchasable","24":"product-type-simple"},"yoast_head":"<!-- This site is optimized with the Yoast SEO plugin v27.5 - https:\/\/yoast.com\/product\/yoast-seo-wordpress\/ -->\n<title>IDEAL 2020 Pushchair Travel System 4in1- IDO1 - For Baby Boss<\/title>\n<meta name=\"description\" content=\"IDEAL 2020 Pushchair Travel System 4in1- IDO1\" \/>\n<meta name=\"robots\" content=\"index, follow, max-snippet:-1, max-image-preview:large, max-video-preview:-1\" \/>\n<link rel=\"canonical\" href=\"https:\/\/forbabyboss.com\/de\/product\/ideal-2020-kinderwagen-reisesystem-4in1-ido1\/\" \/>\n<meta property=\"og:locale\" content=\"de_DE\" \/>\n<meta property=\"og:type\" content=\"article\" \/>\n<meta property=\"og:title\" content=\"IDEAL 2020 Pushchair Travel System 4in1- IDO1 - For Baby Boss\" \/>\n<meta property=\"og:description\" content=\"IDEAL 2020 Pushchair Travel System 4in1- IDO1\" \/>\n<meta property=\"og:url\" content=\"https:\/\/forbabyboss.com\/de\/product\/ideal-2020-kinderwagen-reisesystem-4in1-ido1\/\" \/>\n<meta property=\"og:site_name\" content=\"For Baby Boss\" \/>\n<meta property=\"article:modified_time\" content=\"2023-10-02T22:16:18+00:00\" \/>\n<meta property=\"og:image\" content=\"https:\/\/forbabyboss.com\/wp-content\/uploads\/2022\/09\/Baby-Pram-Bexa-IDEAL-2020-Pushchair-Buggy-Stroller-Car-Seat-Travel-System-4in1-IDO1_MAIN.jpg\" \/>\n\t<meta property=\"og:image:width\" content=\"1020\" \/>\n\t<meta property=\"og:image:height\" content=\"1020\" \/>\n\t<meta property=\"og:image:type\" content=\"image\/jpeg\" \/>\n<meta name=\"twitter:card\" content=\"summary_large_image\" \/>\n<meta name=\"twitter:label1\" content=\"Gesch\u00e4tzte Lesezeit\" \/>\n\t<meta name=\"twitter:data1\" content=\"3\u00a0Minuten\" \/>\n<script type=\"application\/ld+json\" class=\"yoast-schema-graph\">{\"@context\":\"https:\\\/\\\/schema.org\",\"@graph\":[{\"@type\":\"WebPage\",\"@id\":\"https:\\\/\\\/forbabyboss.com\\\/product\\\/ideal-2020-pushchair-travel-system-4in1-ido1\\\/\",\"url\":\"https:\\\/\\\/forbabyboss.com\\\/product\\\/ideal-2020-pushchair-travel-system-4in1-ido1\\\/\",\"name\":\"IDEAL 2020 Pushchair Travel System 4in1- IDO1 - For Baby Boss\",\"isPartOf\":{\"@id\":\"https:\\\/\\\/powderblue-seahorse-496884.hostingersite.com\\\/#website\"},\"primaryImageOfPage\":{\"@id\":\"https:\\\/\\\/forbabyboss.com\\\/product\\\/ideal-2020-pushchair-travel-system-4in1-ido1\\\/#primaryimage\"},\"image\":{\"@id\":\"https:\\\/\\\/forbabyboss.com\\\/product\\\/ideal-2020-pushchair-travel-system-4in1-ido1\\\/#primaryimage\"},\"thumbnailUrl\":\"https:\\\/\\\/forbabyboss.com\\\/wp-content\\\/uploads\\\/2022\\\/09\\\/Baby-Pram-Bexa-IDEAL-2020-Pushchair-Buggy-Stroller-Car-Seat-Travel-System-4in1-IDO1_MAIN.jpg\",\"datePublished\":\"2022-09-21T16:07:54+00:00\",\"dateModified\":\"2023-10-02T22:16:18+00:00\",\"description\":\"IDEAL 2020 Pushchair Travel System 4in1- IDO1\",\"breadcrumb\":{\"@id\":\"https:\\\/\\\/forbabyboss.com\\\/product\\\/ideal-2020-pushchair-travel-system-4in1-ido1\\\/#breadcrumb\"},\"inLanguage\":\"de\",\"potentialAction\":[{\"@type\":\"ReadAction\",\"target\":[\"https:\\\/\\\/forbabyboss.com\\\/product\\\/ideal-2020-pushchair-travel-system-4in1-ido1\\\/\"]}]},{\"@type\":\"ImageObject\",\"inLanguage\":\"de\",\"@id\":\"https:\\\/\\\/forbabyboss.com\\\/product\\\/ideal-2020-pushchair-travel-system-4in1-ido1\\\/#primaryimage\",\"url\":\"https:\\\/\\\/forbabyboss.com\\\/wp-content\\\/uploads\\\/2022\\\/09\\\/Baby-Pram-Bexa-IDEAL-2020-Pushchair-Buggy-Stroller-Car-Seat-Travel-System-4in1-IDO1_MAIN.jpg\",\"contentUrl\":\"https:\\\/\\\/forbabyboss.com\\\/wp-content\\\/uploads\\\/2022\\\/09\\\/Baby-Pram-Bexa-IDEAL-2020-Pushchair-Buggy-Stroller-Car-Seat-Travel-System-4in1-IDO1_MAIN.jpg\",\"width\":1020,\"height\":1020},{\"@type\":\"BreadcrumbList\",\"@id\":\"https:\\\/\\\/forbabyboss.com\\\/product\\\/ideal-2020-pushchair-travel-system-4in1-ido1\\\/#breadcrumb\",\"itemListElement\":[{\"@type\":\"ListItem\",\"position\":1,\"name\":\"Home\",\"item\":\"https:\\\/\\\/forbabyboss.com\\\/\"},{\"@type\":\"ListItem\",\"position\":2,\"name\":\"Shop\",\"item\":\"https:\\\/\\\/forbabyboss.com\\\/shop\\\/\"},{\"@type\":\"ListItem\",\"position\":3,\"name\":\"IDEAL 2020 Pushchair Travel System 4in1- IDO1\"}]},{\"@type\":\"WebSite\",\"@id\":\"https:\\\/\\\/powderblue-seahorse-496884.hostingersite.com\\\/#website\",\"url\":\"https:\\\/\\\/powderblue-seahorse-496884.hostingersite.com\\\/\",\"name\":\"For Baby Boss\",\"description\":\"Beautiful gifts and accessories for your baby boss\",\"potentialAction\":[{\"@type\":\"SearchAction\",\"target\":{\"@type\":\"EntryPoint\",\"urlTemplate\":\"https:\\\/\\\/powderblue-seahorse-496884.hostingersite.com\\\/?s={search_term_string}\"},\"query-input\":{\"@type\":\"PropertyValueSpecification\",\"valueRequired\":true,\"valueName\":\"search_term_string\"}}],\"inLanguage\":\"de\"}]}<\/script>\n<!-- \/ Yoast SEO plugin. -->","yoast_head_json":{"title":"IDEAL 2020 Kinderwagen-Reisesystem 4-in-1 \u2013 IDO1 \u2013 F\u00fcr Baby Boss","description":"IDEAL 2020 Kinderwagen-Reisesystem 4in1 - IDO1","robots":{"index":"index","follow":"follow","max-snippet":"max-snippet:-1","max-image-preview":"max-image-preview:large","max-video-preview":"max-video-preview:-1"},"canonical":"https:\/\/forbabyboss.com\/de\/product\/ideal-2020-kinderwagen-reisesystem-4in1-ido1\/","og_locale":"de_DE","og_type":"article","og_title":"IDEAL 2020 Pushchair Travel System 4in1- IDO1 - For Baby Boss","og_description":"IDEAL 2020 Pushchair Travel System 4in1- IDO1","og_url":"https:\/\/forbabyboss.com\/de\/product\/ideal-2020-kinderwagen-reisesystem-4in1-ido1\/","og_site_name":"For Baby Boss","article_modified_time":"2023-10-02T22:16:18+00:00","og_image":[{"width":1020,"height":1020,"url":"https:\/\/forbabyboss.com\/wp-content\/uploads\/2022\/09\/Baby-Pram-Bexa-IDEAL-2020-Pushchair-Buggy-Stroller-Car-Seat-Travel-System-4in1-IDO1_MAIN.jpg","type":"image\/jpeg"}],"twitter_card":"summary_large_image","twitter_misc":{"Gesch\u00e4tzte Lesezeit":"3\u00a0Minuten"},"schema":{"@context":"https:\/\/schema.org","@graph":[{"@type":"WebPage","@id":"https:\/\/forbabyboss.com\/product\/ideal-2020-pushchair-travel-system-4in1-ido1\/","url":"https:\/\/forbabyboss.com\/product\/ideal-2020-pushchair-travel-system-4in1-ido1\/","name":"IDEAL 2020 Kinderwagen-Reisesystem 4-in-1 \u2013 IDO1 \u2013 F\u00fcr Baby Boss","isPartOf":{"@id":"https:\/\/powderblue-seahorse-496884.hostingersite.com\/#website"},"primaryImageOfPage":{"@id":"https:\/\/forbabyboss.com\/product\/ideal-2020-pushchair-travel-system-4in1-ido1\/#primaryimage"},"image":{"@id":"https:\/\/forbabyboss.com\/product\/ideal-2020-pushchair-travel-system-4in1-ido1\/#primaryimage"},"thumbnailUrl":"https:\/\/forbabyboss.com\/wp-content\/uploads\/2022\/09\/Baby-Pram-Bexa-IDEAL-2020-Pushchair-Buggy-Stroller-Car-Seat-Travel-System-4in1-IDO1_MAIN.jpg","datePublished":"2022-09-21T16:07:54+00:00","dateModified":"2023-10-02T22:16:18+00:00","description":"IDEAL 2020 Kinderwagen-Reisesystem 4in1 - IDO1","breadcrumb":{"@id":"https:\/\/forbabyboss.com\/product\/ideal-2020-pushchair-travel-system-4in1-ido1\/#breadcrumb"},"inLanguage":"de","potentialAction":[{"@type":"ReadAction","target":["https:\/\/forbabyboss.com\/product\/ideal-2020-pushchair-travel-system-4in1-ido1\/"]}]},{"@type":"ImageObject","inLanguage":"de","@id":"https:\/\/forbabyboss.com\/product\/ideal-2020-pushchair-travel-system-4in1-ido1\/#primaryimage","url":"https:\/\/forbabyboss.com\/wp-content\/uploads\/2022\/09\/Baby-Pram-Bexa-IDEAL-2020-Pushchair-Buggy-Stroller-Car-Seat-Travel-System-4in1-IDO1_MAIN.jpg","contentUrl":"https:\/\/forbabyboss.com\/wp-content\/uploads\/2022\/09\/Baby-Pram-Bexa-IDEAL-2020-Pushchair-Buggy-Stroller-Car-Seat-Travel-System-4in1-IDO1_MAIN.jpg","width":1020,"height":1020},{"@type":"BreadcrumbList","@id":"https:\/\/forbabyboss.com\/product\/ideal-2020-pushchair-travel-system-4in1-ido1\/#breadcrumb","itemListElement":[{"@type":"ListItem","position":1,"name":"Home","item":"https:\/\/forbabyboss.com\/"},{"@type":"ListItem","position":2,"name":"Shop","item":"https:\/\/forbabyboss.com\/shop\/"},{"@type":"ListItem","position":3,"name":"IDEAL 2020 Pushchair Travel System 4in1- IDO1"}]},{"@type":"WebSite","@id":"https:\/\/powderblue-seahorse-496884.hostingersite.com\/#website","url":"https:\/\/powderblue-seahorse-496884.hostingersite.com\/","name":"F\u00fcr Baby Boss","description":"Wundersch\u00f6ne Geschenke und Accessoires f\u00fcr Ihren kleinen Chef","potentialAction":[{"@type":"SearchAction","target":{"@type":"EntryPoint","urlTemplate":"https:\/\/powderblue-seahorse-496884.hostingersite.com\/?s={search_term_string}"},"query-input":{"@type":"PropertyValueSpecification","valueRequired":true,"valueName":"search_term_string"}}],"inLanguage":"de"}]}},"_links":{"self":[{"href":"https:\/\/forbabyboss.com\/de\/wp-json\/wp\/v2\/product\/4317","targetHints":{"allow":["GET"]}}],"collection":[{"href":"https:\/\/forbabyboss.com\/de\/wp-json\/wp\/v2\/product"}],"about":[{"href":"https:\/\/forbabyboss.com\/de\/wp-json\/wp\/v2\/types\/product"}],"wp:featuredmedia":[{"embeddable":true,"href":"https:\/\/forbabyboss.com\/de\/wp-json\/wp\/v2\/media\/4323"}],"wp:attachment":[{"href":"https:\/\/forbabyboss.com\/de\/wp-json\/wp\/v2\/media?parent=4317"}],"wp:term":[{"taxonomy":"product_brand","embeddable":true,"href":"https:\/\/forbabyboss.com\/de\/wp-json\/wp\/v2\/product_brand?post=4317"},{"taxonomy":"product_cat","embeddable":true,"href":"https:\/\/forbabyboss.com\/de\/wp-json\/wp\/v2\/product_cat?post=4317"},{"taxonomy":"product_tag","embeddable":true,"href":"https:\/\/forbabyboss.com\/de\/wp-json\/wp\/v2\/product_tag?post=4317"}],"curies":[{"name":"wp","href":"https:\/\/api.w.org\/{rel}","templated":true}]}}