{"id":4335,"date":"2022-09-08T11:47:10","date_gmt":"2022-09-08T11:47:10","guid":{"rendered":"http:\/\/forbabyboss.com\/?post_type=product&#038;p=4335"},"modified":"2026-02-21T15:51:31","modified_gmt":"2026-02-21T15:51:31","slug":"ideal-2020-pushchair-travel-system-4in1-ido4","status":"publish","type":"product","link":"https:\/\/forbabyboss.com\/de\/product\/ideal-2020-pushchair-travel-system-4in1-ido4\/","title":{"rendered":"IDEAL 2020 Pushchair Travel System 4in1- IDO4"},"content":{"rendered":"<p style=\"text-align: justify;\" align=\"center\"><span style=\"color: #282828;\"><strong><span style=\"font-size: medium;\">IDEAL 2020 is a modern multi-function Pram Travel System designed for parents who search for a product that will be used through a long time span. Depending on the child&#8217;s needs and age, IDEAL 2020\u00a0 functions as a pram or a pushchair. Designed to transport your baby or toddler in comfort from birth to 3 years or 0-15 kg.<\/span><\/strong><\/span><\/p>\n<p style=\"text-align: justify;\" align=\"center\"><span style=\"color: #282828;\"><strong><span style=\"font-size: medium;\">Made in Europe from high quality materials, lightweight aluminium frame, designed with modern style.<\/span><span style=\"font-size: medium;\"><br \/>\n<\/span><\/strong><\/span><\/p>\n<div style=\"text-align: justify;\" align=\"center\">\n<p><span style=\"color: #282828;\"><strong><span style=\"font-size: medium;\">Europ\u00e4ische Zulassung EN 1888:2012<\/span><\/strong><\/span><\/p>\n<p><span style=\"color: #282828;\"><strong><span style=\"font-size: medium;\">Aluminium, lightweight frame with adjustable shock absorber makes it very easy to drive.<\/span><\/strong><\/span><\/p>\n<p><span style=\"color: #282828;\"><strong><span style=\"font-size: medium;\">Der Kinderwagenbezug besteht aus hochwertigen, impr\u00e4gnierten und kinderfreundlichen Materialien. Diese sind farbecht, wasserdicht und sorgen je nach Wetterlage f\u00fcr eine angenehme Temperatur. Die herausnehmbaren Innen- und Bez\u00fcge sind mit hypoallergener Baumwolle gef\u00fcllt.<\/span><\/strong><\/span><\/p>\n<\/div>\n<p style=\"text-align: justify;\" align=\"center\"><span style=\"color: #282828;\"><strong><span style=\"font-size: medium;\"><span style=\"color: #e14d43;\">Product Features<\/span>:<br \/>\n<\/span><\/strong><\/span><\/p>\n<ul>\n<li style=\"text-align: justify;\"><span style=\"color: #282828;\"><strong><span style=\"font-size: medium;\">2-in-1 or 3-in-1 Travel System<br \/>\n<\/span><\/strong><\/span><\/li>\n<li style=\"text-align: justify;\"><span style=\"color: #282828;\"><strong><span style=\"font-size: medium;\">Solid lightweight WHITE aluminium frame<\/span><\/strong><\/span><\/li>\n<li style=\"text-align: justify;\"><span style=\"color: #282828;\"><strong><span style=\"font-size: medium;\">Leicht aufzuklappen, klein zusammengefaltet<\/span><\/strong><\/span><\/li>\n<\/ul>\n<p style=\"text-align: justify;\" align=\"center\"><span style=\"color: #282828;\"><strong><span style=\"font-size: medium;\"><span style=\"color: #e14d43;\">Kinderwagen<\/span>:<br \/>\n<\/span><\/strong><\/span><\/p>\n<div style=\"text-align: justify;\" align=\"center\">\n<p><span style=\"color: #282828;\"><strong><span style=\"font-size: medium;\">Verstellbare Kapuze \/ Luxuri\u00f6ses Kunstlederfutter \/ Verstellbarer Tragegriff<\/span><\/strong><\/span><\/p>\n<p><span style=\"color: #282828;\"><strong><span style=\"font-size: medium;\">Das Innenfutter besteht aus kinderfreundlicher, hochwertiger Baumwolle und Wildleder und ist atmungsaktiv.<\/span><\/strong><\/span><\/p>\n<p><span style=\"color: #282828;\"><strong><span style=\"font-size: medium;\">Feststellbare, um 360\u00b0 schwenkbare Schaumstoff-\/Gelr\u00e4der, Vorderr\u00e4der mit Kugellagern,<\/span><\/strong><\/span><\/p>\n<p><span style=\"color: #282828;\"><strong><span style=\"font-size: medium;\">central brake &#8220;stop &amp; go&#8221;;<\/span><\/strong><\/span><\/p>\n<p><span style=\"color: #282828;\"><strong><span style=\"font-size: medium;\">Expendable Hood for Better Shade Protection in seat unit;<\/span><\/strong><\/span><\/p>\n<p><span style=\"color: #282828;\"><strong><span style=\"font-size: medium;\">Babywanne mit 3-fach verstellbarer R\u00fcckenlehne<\/span><\/strong><\/span><\/p>\n<p><span style=\"color: #282828;\"><strong><span style=\"font-size: medium;\">carrycot and seat hood ventilated;<\/span><\/strong><\/span><\/p>\n<p><span style=\"color: #282828;\"><strong><span style=\"font-size: medium;\">Dreifach verstellbarer Griff, bezogen mit \u00d6ko-Leder;<\/span><\/strong><\/span><\/p>\n<p><span style=\"color: #282828;\"><strong><span style=\"font-size: medium;\">forward and rearward-facing system,<\/span><\/strong><\/span><\/p>\n<p><span style=\"color: #282828;\"><strong><span style=\"font-size: medium;\">Rundum-Sichtfenster f\u00fcr Eltern mit Moskitonetz<\/span><\/strong><\/span><\/p>\n<\/div>\n<div style=\"text-align: justify;\" align=\"center\">\n<p><span style=\"color: #282828;\"><strong><span style=\"font-size: medium;\"><span style=\"color: #e14d43;\">Pushchair<\/span>:<\/span><\/strong><\/span><\/p>\n<p><span style=\"color: #282828;\"><strong>Ausgestattet mit verstellbarer Fu\u00dfst\u00fctze und R\u00fcckenlehne;<\/strong><\/span><\/p>\n<p><span style=\"color: #282828;\"><strong>Verstellbar bis zur vollst\u00e4ndig liegenden Position,<\/strong><\/span><\/p>\n<p><span style=\"color: #282828;\"><strong>Multi Recline Positions<\/strong><\/span><\/p>\n<p><span style=\"color: #282828;\"><strong>Reversible Seat Unit for Parent View Mode<\/strong><\/span><\/p>\n<p><span style=\"color: #282828;\"><strong>Five point harness<\/strong><\/span><\/p>\n<p><span style=\"color: #282828;\"><strong>Removable Bumper Bar<\/strong><\/span><\/p>\n<p><span style=\"color: #282828;\"><strong>Footmuff included<\/strong><\/span><\/p>\n<\/div>\n<div style=\"text-align: justify;\" align=\"center\"><span style=\"color: #282828;\"><strong><span style=\"font-size: medium;\"><span style=\"color: #e14d43;\">Comfortable car-seat<\/span>:<\/span><\/strong><\/span><\/div>\n<div style=\"text-align: justify;\" align=\"center\">\n<p><span style=\"color: #282828;\"><strong><span style=\"font-size: medium;\">Group 0-13 kg:<\/span><\/strong><\/span><\/p>\n<p><span style=\"color: #282828;\"><strong>European approval ECE R44 \/ 04<\/strong><\/span><\/p>\n<p><span style=\"color: #282828;\"><strong>Mit Adaptern an der Rahmenbasis befestigt.<\/strong><\/span><\/p>\n<p><span style=\"color: #282828;\"><strong>3 point harness<\/strong><\/span><\/p>\n<p><span style=\"color: #282828;\"><strong>Extra pad for new born baby<\/strong><\/span><\/p>\n<p><span style=\"color: #282828;\"><strong>Autositzbezug<\/strong><\/span><\/p>\n<p><span style=\"color: #282828;\"><strong>Adjustable handle for carrying<\/strong><\/span><\/p>\n<p><span style=\"color: #282828;\"><strong>Removable hood cover<\/strong><\/span><\/p>\n<p><span style=\"color: #282828;\"><strong>Height-adjustable seat belts<\/strong><\/span><\/p>\n<p><span style=\"color: #282828;\"><strong>Front or rear-facing mode<\/strong><\/span><\/p>\n<p><span style=\"color: #282828;\"><strong>Ausgestattet mit ISOFIX*<\/strong><\/span><\/p>\n<p><span style=\"color: #282828;\"><strong>*ISOFIX BASE &#8211; optionally<\/strong><\/span><\/p>\n<p><span style=\"color: #282828;\"><strong><span style=\"color: #e14d43;\">ISOFIX BASE<\/span>*<\/strong><\/span><\/p>\n<p><span style=\"color: #282828;\"><strong>Colour: Black\/Grey<\/strong><\/span><\/p>\n<p><span style=\"color: #282828;\"><strong>Suitable from birth<\/strong><\/span><\/p>\n<p><span style=\"color: #282828;\"><strong>Secures directly to the car\u2018s chassis using the vehicle\u2019s ISOFIX attachment points<\/strong><\/span><\/p>\n<p><span style=\"color: #282828;\"><strong>Can also be secured using the vehicle\u2019s seat belt<\/strong><\/span><\/p>\n<p><span style=\"color: #282828;\"><strong>Compatible with the car seats<\/strong><\/span><\/p>\n<p><span style=\"color: #282828;\"><strong>Easy to install<\/strong><\/span><\/p>\n<p><span style=\"color: #282828;\"><strong>Safe and secure<\/strong><\/span><\/p>\n<p><span style=\"color: #282828;\"><strong>Minimiert den Aufwand<\/strong><\/span><\/p>\n<p><span style=\"color: #282828;\"><strong>Verringert die Wahrscheinlichkeit, das Baby beim Transfer vom Auto nach Hause aufzuwecken.<\/strong><\/span><\/p>\n<p><span style=\"color: #282828;\"><strong>Das St\u00fctzbein sorgt f\u00fcr optimale Stabilit\u00e4t und Sicherheit und l\u00e4sst sich f\u00fcr die beste Passform leicht anpassen.<\/strong><\/span><\/p>\n<p><span style=\"color: #282828;\"><strong>Farbindikatoren best\u00e4tigen die korrekte Montage der Basis am Fahrzeug.<\/strong><\/span><\/p>\n<\/div>\n<div style=\"text-align: justify;\" align=\"center\">\n<p style=\"text-align: left;\" align=\"center\"><span style=\"color: #282828;\"><strong><span style=\"font-size: medium;\"><span style=\"font-size: large;\"><span style=\"color: #e14d43;\">Price included<\/span>:<\/span><br \/>\n<\/span><\/strong><\/span><\/p>\n<div style=\"text-align: left;\" align=\"center\">\n<p><span style=\"color: #282828; font-size: 100%;\"><strong>Solid frame + 4 foam\/gel wheels (rubber core)<\/strong><\/span><\/p>\n<p><span style=\"color: #282828; font-size: 100%;\"><strong>Carrycot<\/strong><\/span><\/p>\n<p><span style=\"color: #282828; font-size: 100%;\"><strong>Pushchair<\/strong><\/span><\/p>\n<p><span style=\"color: #282828; font-size: 100%;\"><strong>Cover and mattress<\/strong><\/span><\/p>\n<p><span style=\"color: #282828; font-size: 100%;\"><strong>Feet cover &#8211; Footmuff<\/strong><\/span><\/p>\n<p><span style=\"color: #282828; font-size: 100%;\"><strong>Car seat (3in1 option)<\/strong><\/span><\/p>\n<p><span style=\"color: #282828; font-size: 100%;\"><strong>\u00a0Removable Hood and cover for the car seat (3in1 option)<\/strong><\/span><\/p>\n<p><span style=\"color: #282828; font-size: 100%;\"><strong>Removable Bumper Bar<\/strong><\/span><\/p>\n<p><span style=\"color: #282828; font-size: 100%;\"><strong>Rain cover<\/strong><\/span><\/p>\n<p><span style=\"color: #282828; font-size: 100%;\"><strong>Moskitonetz<\/strong><\/span><\/p>\n<p><span style=\"color: #282828; font-size: 100%;\"><strong>Bag for accessories with changing mat and shoulder strap<\/strong><\/span><\/p>\n<p><span style=\"color: #282828; font-size: 100%;\"><strong>Shopping basket<\/strong><\/span><\/p>\n<p><span style=\"color: #282828; font-size: 100%;\"><strong>Isofix base (optional)<\/strong><\/span><\/p>\n<p><span style=\"color: #282828; font-size: 100%;\"><strong>24 moths warranty<\/strong><\/span><\/p>\n<\/div>\n<h3 style=\"text-align: left;\" align=\"center\"><span style=\"color: #e14d43;\"><strong>Dimensions<\/strong><\/span><\/h3>\n<div style=\"text-align: left;\" align=\"center\">\n<p><span style=\"color: #282828;\"><strong><span style=\"font-size: medium;\"><span style=\"color: #e14d43;\">Carrycot<\/span><br \/>\n&#8211; weight \u2013 3.5 kg<br \/>\n&#8211; total weight of pram &#8211; 12kg<br \/>\n&#8211; frame base with carrycot: H.126 cm x W. 59,5 cm x L. 100 cm<br \/>\n&#8211; Internal measurements: W. 35 cm x L. 85 cm x D. 24 cm<br \/>\n<\/span><\/strong><\/span><\/p>\n<p><span style=\"color: #282828;\"><strong><span style=\"font-size: medium;\"><span style=\"color: #e14d43;\">Pushchair:<\/span><br \/>\n&#8211; frame with wheels: 13,0 kg<br \/>\n&#8211; Sear unit: W. 34 cm x L. 50 cm x D 25 cm<br \/>\n<\/span><\/strong><\/span><\/p>\n<p><span style=\"color: #282828;\"><strong><span style=\"font-size: medium;\"><span style=\"color: #e14d43;\">Kindersitz<\/span><br \/>\nWeight: 2,5 kg<br \/>\n&#8211; car seat with frame and wheels: 11,0 kg<br \/>\n\u2013 Gestell mit Autositz: H 108 cm x B 63 cm x L 84 cm<br \/>\n<\/span><\/strong><\/span><\/p>\n<p><span style=\"color: #282828;\"><strong><span style=\"font-size: medium;\"><span style=\"color: #e14d43;\">Frame<\/span><br \/>\n&#8211; frame with wheels: 8,5 kg<br \/>\n&#8211; The diameter of the wheels: front 25 cm, rear 30 cm<\/span><\/strong><\/span><\/p>\n<\/div>\n<\/div>\n<p>&nbsp;<\/p>\n<p><a href=\"http:\/\/forbabyboss.com\/wp-content\/uploads\/2022\/09\/checkout.png\"><img loading=\"lazy\" decoding=\"async\" class=\"alignnone size-full wp-image-5965\" src=\"http:\/\/forbabyboss.com\/wp-content\/uploads\/2022\/09\/checkout.png\" alt=\"\" width=\"750\" height=\"276\" srcset=\"https:\/\/forbabyboss.com\/wp-content\/uploads\/2022\/09\/checkout.png 750w, https:\/\/forbabyboss.com\/wp-content\/uploads\/2022\/09\/checkout-600x221.png 600w\" sizes=\"auto, (max-width: 750px) 100vw, 750px\" \/><\/a><\/p>","protected":false},"excerpt":{"rendered":"<p><a href=\"http:\/\/forbabyboss.com\/wp-content\/uploads\/2022\/09\/Star-Rating-5.png\"><img loading=\"lazy\" decoding=\"async\" class=\"alignnone wp-image-5973 aligncenter\" src=\"http:\/\/forbabyboss.com\/wp-content\/uploads\/2022\/09\/Star-Rating-5.png\" alt=\"\" width=\"299\" height=\"49\" \/><\/a><\/p>\n<p style=\"text-align: center;\"><span style=\"color: #e14d43; font-size: 115%;\"><strong>PRICE MATCH GUARANTEE<\/strong><\/span><\/p>\n<p style=\"text-align: center;\"><span style=\"font-size: 115%;\"><span style=\"color: #003366;\">Free Delivery\u00a0<\/span>\u2013 2 \u2013 7 days<\/span><\/p>\n<p style=\"text-align: center;\"><span style=\"color: #008000; font-size: 115%;\"><strong>Free gift with purchases over \u00a3100<\/strong><\/span><\/p>","protected":false},"featured_media":4339,"template":"","meta":[],"product_brand":[583],"product_cat":[340,157,156,197,305,130,304,209,211],"product_tag":[200,171],"class_list":{"0":"post-4335","1":"product","2":"type-product","3":"status-publish","4":"has-post-thumbnail","6":"product_brand-bebetto","7":"product_cat-800-to-900","8":"product_cat-2-in-1","9":"product_cat-3-in-1","10":"product_cat-4-in-1-pram","11":"product_cat-colour","12":"product_cat-prams","13":"product_cat-purple","14":"product_cat-push-chairs","15":"product_cat-stroller","16":"product_tag-4-in-1-pram","17":"product_tag-pram","19":"first","20":"instock","21":"sale","22":"shipping-taxable","23":"purchasable","24":"product-type-simple"},"yoast_head":"<!-- This site is optimized with the Yoast SEO plugin v27.0 - https:\/\/yoast.com\/product\/yoast-seo-wordpress\/ -->\n<title>IDEAL 2020 Pushchair Travel System 4in1- IDO4 - For Baby Boss<\/title>\n<meta name=\"description\" content=\"IDEAL 2020 Pushchair Travel System 4in1- IDO4\" \/>\n<meta name=\"robots\" content=\"index, follow, max-snippet:-1, max-image-preview:large, max-video-preview:-1\" \/>\n<link rel=\"canonical\" href=\"https:\/\/forbabyboss.com\/de\/product\/ideal-2020-pushchair-travel-system-4in1-ido4\/\" \/>\n<meta property=\"og:locale\" content=\"de_DE\" \/>\n<meta property=\"og:type\" content=\"article\" \/>\n<meta property=\"og:title\" content=\"IDEAL 2020 Pushchair Travel System 4in1- IDO4 - For Baby Boss\" \/>\n<meta property=\"og:description\" content=\"IDEAL 2020 Pushchair Travel System 4in1- IDO4\" \/>\n<meta property=\"og:url\" content=\"https:\/\/forbabyboss.com\/de\/product\/ideal-2020-pushchair-travel-system-4in1-ido4\/\" \/>\n<meta property=\"og:site_name\" content=\"For Baby Boss\" \/>\n<meta property=\"article:modified_time\" content=\"2026-02-21T15:51:31+00:00\" \/>\n<meta property=\"og:image\" content=\"https:\/\/forbabyboss.com\/wp-content\/uploads\/2022\/09\/Baby-Pram-Bexa-IDEAL-2020-Pushchair-Buggy-Stroller-Car-Seat-Travel-System-4in1-IDO4_MAIN.jpg\" \/>\n\t<meta property=\"og:image:width\" content=\"1020\" \/>\n\t<meta property=\"og:image:height\" content=\"1020\" \/>\n\t<meta property=\"og:image:type\" content=\"image\/jpeg\" \/>\n<meta name=\"twitter:card\" content=\"summary_large_image\" \/>\n<meta name=\"twitter:label1\" content=\"Gesch\u00e4tzte Lesezeit\" \/>\n\t<meta name=\"twitter:data1\" content=\"3\u00a0Minuten\" \/>\n<script type=\"application\/ld+json\" class=\"yoast-schema-graph\">{\"@context\":\"https:\/\/schema.org\",\"@graph\":[{\"@type\":\"WebPage\",\"@id\":\"https:\/\/forbabyboss.com\/product\/ideal-2020-pushchair-travel-system-4in1-ido4\/\",\"url\":\"https:\/\/forbabyboss.com\/product\/ideal-2020-pushchair-travel-system-4in1-ido4\/\",\"name\":\"IDEAL 2020 Pushchair Travel System 4in1- IDO4 - For Baby Boss\",\"isPartOf\":{\"@id\":\"https:\/\/powderblue-seahorse-496884.hostingersite.com\/#website\"},\"primaryImageOfPage\":{\"@id\":\"https:\/\/forbabyboss.com\/product\/ideal-2020-pushchair-travel-system-4in1-ido4\/#primaryimage\"},\"image\":{\"@id\":\"https:\/\/forbabyboss.com\/product\/ideal-2020-pushchair-travel-system-4in1-ido4\/#primaryimage\"},\"thumbnailUrl\":\"https:\/\/forbabyboss.com\/wp-content\/uploads\/2022\/09\/Baby-Pram-Bexa-IDEAL-2020-Pushchair-Buggy-Stroller-Car-Seat-Travel-System-4in1-IDO4_MAIN.jpg\",\"datePublished\":\"2022-09-08T11:47:10+00:00\",\"dateModified\":\"2026-02-21T15:51:31+00:00\",\"description\":\"IDEAL 2020 Pushchair Travel System 4in1- IDO4\",\"breadcrumb\":{\"@id\":\"https:\/\/forbabyboss.com\/product\/ideal-2020-pushchair-travel-system-4in1-ido4\/#breadcrumb\"},\"inLanguage\":\"de\",\"potentialAction\":[{\"@type\":\"ReadAction\",\"target\":[\"https:\/\/forbabyboss.com\/product\/ideal-2020-pushchair-travel-system-4in1-ido4\/\"]}]},{\"@type\":\"ImageObject\",\"inLanguage\":\"de\",\"@id\":\"https:\/\/forbabyboss.com\/product\/ideal-2020-pushchair-travel-system-4in1-ido4\/#primaryimage\",\"url\":\"https:\/\/forbabyboss.com\/wp-content\/uploads\/2022\/09\/Baby-Pram-Bexa-IDEAL-2020-Pushchair-Buggy-Stroller-Car-Seat-Travel-System-4in1-IDO4_MAIN.jpg\",\"contentUrl\":\"https:\/\/forbabyboss.com\/wp-content\/uploads\/2022\/09\/Baby-Pram-Bexa-IDEAL-2020-Pushchair-Buggy-Stroller-Car-Seat-Travel-System-4in1-IDO4_MAIN.jpg\",\"width\":1020,\"height\":1020},{\"@type\":\"BreadcrumbList\",\"@id\":\"https:\/\/forbabyboss.com\/product\/ideal-2020-pushchair-travel-system-4in1-ido4\/#breadcrumb\",\"itemListElement\":[{\"@type\":\"ListItem\",\"position\":1,\"name\":\"Home\",\"item\":\"https:\/\/forbabyboss.com\/\"},{\"@type\":\"ListItem\",\"position\":2,\"name\":\"Shop\",\"item\":\"https:\/\/forbabyboss.com\/shop\/\"},{\"@type\":\"ListItem\",\"position\":3,\"name\":\"IDEAL 2020 Pushchair Travel System 4in1- IDO4\"}]},{\"@type\":\"WebSite\",\"@id\":\"https:\/\/powderblue-seahorse-496884.hostingersite.com\/#website\",\"url\":\"https:\/\/powderblue-seahorse-496884.hostingersite.com\/\",\"name\":\"For Baby Boss\",\"description\":\"Beautiful gifts and accessories for your baby boss\",\"potentialAction\":[{\"@type\":\"SearchAction\",\"target\":{\"@type\":\"EntryPoint\",\"urlTemplate\":\"https:\/\/powderblue-seahorse-496884.hostingersite.com\/?s={search_term_string}\"},\"query-input\":{\"@type\":\"PropertyValueSpecification\",\"valueRequired\":true,\"valueName\":\"search_term_string\"}}],\"inLanguage\":\"de\"}]}<\/script>\n<!-- \/ Yoast SEO plugin. -->","yoast_head_json":{"title":"IDEAL 2020 Pushchair Travel System 4in1- IDO4 - For Baby Boss","description":"IDEAL 2020 Pushchair Travel System 4in1- IDO4","robots":{"index":"index","follow":"follow","max-snippet":"max-snippet:-1","max-image-preview":"max-image-preview:large","max-video-preview":"max-video-preview:-1"},"canonical":"https:\/\/forbabyboss.com\/de\/product\/ideal-2020-pushchair-travel-system-4in1-ido4\/","og_locale":"de_DE","og_type":"article","og_title":"IDEAL 2020 Pushchair Travel System 4in1- IDO4 - For Baby Boss","og_description":"IDEAL 2020 Pushchair Travel System 4in1- IDO4","og_url":"https:\/\/forbabyboss.com\/de\/product\/ideal-2020-pushchair-travel-system-4in1-ido4\/","og_site_name":"For Baby Boss","article_modified_time":"2026-02-21T15:51:31+00:00","og_image":[{"width":1020,"height":1020,"url":"https:\/\/forbabyboss.com\/wp-content\/uploads\/2022\/09\/Baby-Pram-Bexa-IDEAL-2020-Pushchair-Buggy-Stroller-Car-Seat-Travel-System-4in1-IDO4_MAIN.jpg","type":"image\/jpeg"}],"twitter_card":"summary_large_image","twitter_misc":{"Gesch\u00e4tzte Lesezeit":"3\u00a0Minuten"},"schema":{"@context":"https:\/\/schema.org","@graph":[{"@type":"WebPage","@id":"https:\/\/forbabyboss.com\/product\/ideal-2020-pushchair-travel-system-4in1-ido4\/","url":"https:\/\/forbabyboss.com\/product\/ideal-2020-pushchair-travel-system-4in1-ido4\/","name":"IDEAL 2020 Pushchair Travel System 4in1- IDO4 - For Baby Boss","isPartOf":{"@id":"https:\/\/powderblue-seahorse-496884.hostingersite.com\/#website"},"primaryImageOfPage":{"@id":"https:\/\/forbabyboss.com\/product\/ideal-2020-pushchair-travel-system-4in1-ido4\/#primaryimage"},"image":{"@id":"https:\/\/forbabyboss.com\/product\/ideal-2020-pushchair-travel-system-4in1-ido4\/#primaryimage"},"thumbnailUrl":"https:\/\/forbabyboss.com\/wp-content\/uploads\/2022\/09\/Baby-Pram-Bexa-IDEAL-2020-Pushchair-Buggy-Stroller-Car-Seat-Travel-System-4in1-IDO4_MAIN.jpg","datePublished":"2022-09-08T11:47:10+00:00","dateModified":"2026-02-21T15:51:31+00:00","description":"IDEAL 2020 Pushchair Travel System 4in1- IDO4","breadcrumb":{"@id":"https:\/\/forbabyboss.com\/product\/ideal-2020-pushchair-travel-system-4in1-ido4\/#breadcrumb"},"inLanguage":"de","potentialAction":[{"@type":"ReadAction","target":["https:\/\/forbabyboss.com\/product\/ideal-2020-pushchair-travel-system-4in1-ido4\/"]}]},{"@type":"ImageObject","inLanguage":"de","@id":"https:\/\/forbabyboss.com\/product\/ideal-2020-pushchair-travel-system-4in1-ido4\/#primaryimage","url":"https:\/\/forbabyboss.com\/wp-content\/uploads\/2022\/09\/Baby-Pram-Bexa-IDEAL-2020-Pushchair-Buggy-Stroller-Car-Seat-Travel-System-4in1-IDO4_MAIN.jpg","contentUrl":"https:\/\/forbabyboss.com\/wp-content\/uploads\/2022\/09\/Baby-Pram-Bexa-IDEAL-2020-Pushchair-Buggy-Stroller-Car-Seat-Travel-System-4in1-IDO4_MAIN.jpg","width":1020,"height":1020},{"@type":"BreadcrumbList","@id":"https:\/\/forbabyboss.com\/product\/ideal-2020-pushchair-travel-system-4in1-ido4\/#breadcrumb","itemListElement":[{"@type":"ListItem","position":1,"name":"Home","item":"https:\/\/forbabyboss.com\/"},{"@type":"ListItem","position":2,"name":"Shop","item":"https:\/\/forbabyboss.com\/shop\/"},{"@type":"ListItem","position":3,"name":"IDEAL 2020 Pushchair Travel System 4in1- IDO4"}]},{"@type":"WebSite","@id":"https:\/\/powderblue-seahorse-496884.hostingersite.com\/#website","url":"https:\/\/powderblue-seahorse-496884.hostingersite.com\/","name":"F\u00fcr Baby Boss","description":"Wundersch\u00f6ne Geschenke und Accessoires f\u00fcr Ihren kleinen Chef","potentialAction":[{"@type":"SearchAction","target":{"@type":"EntryPoint","urlTemplate":"https:\/\/powderblue-seahorse-496884.hostingersite.com\/?s={search_term_string}"},"query-input":{"@type":"PropertyValueSpecification","valueRequired":true,"valueName":"search_term_string"}}],"inLanguage":"de"}]}},"_links":{"self":[{"href":"https:\/\/forbabyboss.com\/de\/wp-json\/wp\/v2\/product\/4335","targetHints":{"allow":["GET"]}}],"collection":[{"href":"https:\/\/forbabyboss.com\/de\/wp-json\/wp\/v2\/product"}],"about":[{"href":"https:\/\/forbabyboss.com\/de\/wp-json\/wp\/v2\/types\/product"}],"wp:featuredmedia":[{"embeddable":true,"href":"https:\/\/forbabyboss.com\/de\/wp-json\/wp\/v2\/media\/4339"}],"wp:attachment":[{"href":"https:\/\/forbabyboss.com\/de\/wp-json\/wp\/v2\/media?parent=4335"}],"wp:term":[{"taxonomy":"product_brand","embeddable":true,"href":"https:\/\/forbabyboss.com\/de\/wp-json\/wp\/v2\/product_brand?post=4335"},{"taxonomy":"product_cat","embeddable":true,"href":"https:\/\/forbabyboss.com\/de\/wp-json\/wp\/v2\/product_cat?post=4335"},{"taxonomy":"product_tag","embeddable":true,"href":"https:\/\/forbabyboss.com\/de\/wp-json\/wp\/v2\/product_tag?post=4335"}],"curies":[{"name":"wp","href":"https:\/\/api.w.org\/{rel}","templated":true}]}}