{"id":4463,"date":"2022-09-08T13:29:04","date_gmt":"2022-09-08T13:29:04","guid":{"rendered":"http:\/\/forbabyboss.com\/?post_type=product&#038;p=4463"},"modified":"2026-02-21T16:06:25","modified_gmt":"2026-02-21T16:06:25","slug":"flavio-kinderwagen-reisesystem-4in1-12","status":"publish","type":"product","link":"https:\/\/forbabyboss.com\/de\/product\/baby-pram-flavio-travel-system-4in1-12\/","title":{"rendered":"Flavio Reisesystem 4-in-1 Kinderwagen - 12"},"content":{"rendered":"<h3><strong><span style=\"color: #e14d43;\">Exklusiver Begleiter f\u00fcr ein komfortables Erlebnis<\/span><\/strong><\/h3>\n<p style=\"text-align: justify;\" align=\"center\"><strong><span style=\"color: #e14d43;\"><span style=\"font-family: Arial;\">Eine der leichtesten faltbaren Babytragen\u00a0<\/span><\/span><\/strong><\/p>\n<p style=\"text-align: justify;\" align=\"center\"><strong><span style=\"font-family: Arial;\">Die Flavio-Babywanne wiegt nur 2,9 kg und ist damit eine der leichtesten ihrer Klasse. Das verwendete EPP-Material ist nicht nur leicht, robust, wasserdicht und nach 100% recycelbar, sondern isoliert auch hervorragend gegen W\u00e4rme. Dank der faltbaren Babywanne l\u00e4sst sie sich problemlos transportieren.<\/span><\/strong><\/p>\n<p style=\"text-align: justify;\" align=\"center\"><span style=\"color: #e14d43;\"><strong><span style=\"font-family: Arial;\">Aber das ist noch nicht alles!<\/span><\/strong><\/span><\/p>\n<p style=\"text-align: justify;\" align=\"center\"><strong><span style=\"font-family: Arial;\">Die Flavio-Babywanne l\u00e4sst sich in zwei H\u00f6hen montieren, sodass Sie den Kinderwagen optimal an Ihre K\u00f6rpergr\u00f6\u00dfe anpassen und jederzeit schnell und bequem auf Ihr Kind zugreifen k\u00f6nnen. Das Abnehmen der Babywanne ist kinderleicht \u2013 es gibt zwei M\u00f6glichkeiten: entweder durch L\u00f6sen der Verriegelungen am Gestell oder durch Dr\u00fccken der Entriegelungskn\u00f6pfe an der Babywanne. Auch das Verdeck l\u00e4sst sich auf zwei Arten verstellen: durch Dr\u00fccken des Tragegriffs an der Babywanne oder durch Gedr\u00fcckthalten zweier Kn\u00f6pfe im Inneren. W\u00e4hlen Sie die f\u00fcr Sie bequemste Variante!<\/span><\/strong><\/p>\n<p style=\"text-align: justify;\" align=\"center\"><strong><span style=\"font-family: Arial;\">Eine Standardpolsterung gen\u00fcgt Ihnen nicht? Dann entscheiden Sie sich f\u00fcr Flavio Pro \u2013 hier sind Babywanne und Sitzeinheit vollst\u00e4ndig mit \u00d6ko-Leder bezogen.<\/span><\/strong><\/p>\n<p style=\"text-align: justify;\" align=\"center\"><strong><span style=\"font-family: Arial;\"><span style=\"color: #e14d43;\">PREIS INKLUSIVE<\/span>:<\/span><\/strong><\/p>\n<p style=\"text-align: justify;\" align=\"center\"><strong><span style=\"font-family: Arial;\">\u2013 Aluminiumrahmen<\/span><\/strong><\/p>\n<p style=\"text-align: justify;\" align=\"center\"><strong><span style=\"font-family: Arial;\">\u2013 4 R\u00e4der<\/span><\/strong><\/p>\n<p style=\"text-align: justify;\" align=\"center\"><strong><span style=\"font-family: Arial;\">\u2013 Babywanne<\/span><\/strong><\/p>\n<p style=\"text-align: justify;\" align=\"center\"><strong><span style=\"font-family: Arial;\">\u2013 Kinderwagenabdeckung und Matratze<\/span><\/strong><\/p>\n<p style=\"text-align: justify;\" align=\"center\"><strong><span style=\"font-family: Arial;\">\u2013 Regenschutz<\/span><\/strong><\/p>\n<p style=\"text-align: justify;\" align=\"center\"><strong><span style=\"font-family: Arial;\">\u2013 Moskitonetz<\/span><\/strong><\/p>\n<p style=\"text-align: justify;\" align=\"center\"><strong><span style=\"font-family: Arial;\">\u2013 Moderne Tasche<\/span><\/strong><\/p>\n<p style=\"text-align: justify;\" align=\"center\"><strong><span style=\"font-family: Arial;\">\u2013 Warenkorb<\/span><\/strong><\/p>\n<p style=\"text-align: justify;\" align=\"center\"><strong><span style=\"font-family: Arial;\">\u2013 Getr\u00e4nkehalter<\/span><\/strong><\/p>\n<p style=\"text-align: justify;\" align=\"center\"><strong><span style=\"font-family: Arial;\">\u2013 24 Monate Garantie<\/span><\/strong><\/p>\n<p style=\"text-align: justify;\" align=\"center\"><strong><span style=\"font-family: Arial;\">\u2013 Kinderwagen<\/span><\/strong><\/p>\n<p style=\"text-align: justify;\" align=\"center\"><strong><span style=\"font-family: Arial;\">\u2013 *Kindersitz (optional)<\/span><\/strong><\/p>\n<p style=\"text-align: justify;\" align=\"center\"><strong><span style=\"font-family: Arial;\">\u2013 *Isofix-Basis (optional_<\/span><\/strong><\/p>\n<div><strong>Zusammengefaltet passt es in folgendes Fach: 75 x 59 x 36 cm<\/strong><\/div>\n<div><\/div>\n<div><strong>*Abmessungen: L\u00e4nge, Breite, H\u00f6he, Gewicht.<\/strong><\/div>\n<div><\/div>\n<div><a href=\"http:\/\/forbabyboss.com\/wp-content\/uploads\/2022\/09\/checkout.png\"><img loading=\"lazy\" decoding=\"async\" class=\"alignnone size-full wp-image-5965\" src=\"http:\/\/forbabyboss.com\/wp-content\/uploads\/2022\/09\/checkout.png\" alt=\"\" width=\"750\" height=\"276\" srcset=\"https:\/\/forbabyboss.com\/wp-content\/uploads\/2022\/09\/checkout.png 750w, https:\/\/forbabyboss.com\/wp-content\/uploads\/2022\/09\/checkout-600x221.png 600w\" sizes=\"auto, (max-width: 750px) 100vw, 750px\" \/><\/a><\/div>\n<div align=\"center\"><strong>\u00a0<\/strong><\/div>\n<div align=\"center\"><\/div>","protected":false},"excerpt":{"rendered":"<p><a href=\"http:\/\/forbabyboss.com\/wp-content\/uploads\/2022\/09\/Star-Rating-5.png\"><img loading=\"lazy\" decoding=\"async\" class=\"alignnone size-full wp-image-5973 aligncenter\" src=\"http:\/\/forbabyboss.com\/wp-content\/uploads\/2022\/09\/Star-Rating-5.png\" alt=\"\" width=\"275\" height=\"45\" \/><\/a><\/p>\n<p style=\"text-align: center;\"><span style=\"color: #ed1c24; font-size: 120%;\"><b>PREISGARANTIE<\/b><\/span><\/p>\n<p style=\"text-align: center;\"><span style=\"font-size: 115%;\"><span style=\"font-weight: 400; color: #4f4fa7;\">Kostenloser Versand<\/span><span style=\"font-weight: 400;\"> \u2013 2 \u2013 7 Tage<\/span><\/span><\/p>\n<p style=\"text-align: center;\"><strong><span style=\"color: #29606b;\">Gratisgeschenk ab einem Einkaufswert von 100 \u00a3<\/span><\/strong><\/p>","protected":false},"featured_media":4467,"template":"","meta":[],"product_brand":[583],"product_cat":[339,157,156,197,305,244,130,209,211],"product_tag":[],"class_list":{"0":"post-4463","1":"product","2":"type-product","3":"status-publish","4":"has-post-thumbnail","6":"product_brand-bebetto","7":"product_cat-700-to-800","8":"product_cat-2-in-1","9":"product_cat-3-in-1","10":"product_cat-4-in-1-pram","11":"product_cat-colour","12":"product_cat-green","13":"product_cat-prams","14":"product_cat-push-chairs","15":"product_cat-stroller","17":"first","18":"instock","19":"sale","20":"shipping-taxable","21":"purchasable","22":"product-type-simple"},"yoast_head":"<!-- This site is optimized with the Yoast SEO plugin v27.5 - https:\/\/yoast.com\/product\/yoast-seo-wordpress\/ -->\n<title>Baby Pram Flavio Travel System 4in1- 12 - For Baby Boss<\/title>\n<meta name=\"description\" content=\"Baby Pram Flavio Travel System 4in1- 12\" \/>\n<meta name=\"robots\" content=\"index, follow, max-snippet:-1, max-image-preview:large, max-video-preview:-1\" \/>\n<link rel=\"canonical\" href=\"https:\/\/forbabyboss.com\/de\/product\/flavio-kinderwagen-reisesystem-4in1-12\/\" \/>\n<meta property=\"og:locale\" content=\"de_DE\" \/>\n<meta property=\"og:type\" content=\"article\" \/>\n<meta property=\"og:title\" content=\"Baby Pram Flavio Travel System 4in1- 12 - For Baby Boss\" \/>\n<meta property=\"og:description\" content=\"Baby Pram Flavio Travel System 4in1- 12\" \/>\n<meta property=\"og:url\" content=\"https:\/\/forbabyboss.com\/de\/product\/flavio-kinderwagen-reisesystem-4in1-12\/\" \/>\n<meta property=\"og:site_name\" content=\"For Baby Boss\" \/>\n<meta property=\"article:modified_time\" content=\"2026-02-21T16:06:25+00:00\" \/>\n<meta property=\"og:image\" content=\"https:\/\/forbabyboss.com\/wp-content\/uploads\/2022\/09\/Baby-Pram-Pushchair-Bebetto-Flavio-Travel-System-2in1-3in1-4in1-Car-Seat-12_main.png\" \/>\n\t<meta property=\"og:image:width\" content=\"1000\" \/>\n\t<meta property=\"og:image:height\" content=\"1000\" \/>\n\t<meta property=\"og:image:type\" content=\"image\/png\" \/>\n<meta name=\"twitter:card\" content=\"summary_large_image\" \/>\n<meta name=\"twitter:label1\" content=\"Gesch\u00e4tzte Lesezeit\" \/>\n\t<meta name=\"twitter:data1\" content=\"2\u00a0Minuten\" \/>\n<script type=\"application\/ld+json\" class=\"yoast-schema-graph\">{\"@context\":\"https:\\\/\\\/schema.org\",\"@graph\":[{\"@type\":\"WebPage\",\"@id\":\"https:\\\/\\\/forbabyboss.com\\\/product\\\/baby-pram-flavio-travel-system-4in1-12\\\/\",\"url\":\"https:\\\/\\\/forbabyboss.com\\\/product\\\/baby-pram-flavio-travel-system-4in1-12\\\/\",\"name\":\"Baby Pram Flavio Travel System 4in1- 12 - For Baby Boss\",\"isPartOf\":{\"@id\":\"https:\\\/\\\/powderblue-seahorse-496884.hostingersite.com\\\/#website\"},\"primaryImageOfPage\":{\"@id\":\"https:\\\/\\\/forbabyboss.com\\\/product\\\/baby-pram-flavio-travel-system-4in1-12\\\/#primaryimage\"},\"image\":{\"@id\":\"https:\\\/\\\/forbabyboss.com\\\/product\\\/baby-pram-flavio-travel-system-4in1-12\\\/#primaryimage\"},\"thumbnailUrl\":\"https:\\\/\\\/forbabyboss.com\\\/wp-content\\\/uploads\\\/2022\\\/09\\\/Baby-Pram-Pushchair-Bebetto-Flavio-Travel-System-2in1-3in1-4in1-Car-Seat-12_main.png\",\"datePublished\":\"2022-09-08T13:29:04+00:00\",\"dateModified\":\"2026-02-21T16:06:25+00:00\",\"description\":\"Baby Pram Flavio Travel System 4in1- 12\",\"breadcrumb\":{\"@id\":\"https:\\\/\\\/forbabyboss.com\\\/product\\\/baby-pram-flavio-travel-system-4in1-12\\\/#breadcrumb\"},\"inLanguage\":\"de\",\"potentialAction\":[{\"@type\":\"ReadAction\",\"target\":[\"https:\\\/\\\/forbabyboss.com\\\/product\\\/baby-pram-flavio-travel-system-4in1-12\\\/\"]}]},{\"@type\":\"ImageObject\",\"inLanguage\":\"de\",\"@id\":\"https:\\\/\\\/forbabyboss.com\\\/product\\\/baby-pram-flavio-travel-system-4in1-12\\\/#primaryimage\",\"url\":\"https:\\\/\\\/forbabyboss.com\\\/wp-content\\\/uploads\\\/2022\\\/09\\\/Baby-Pram-Pushchair-Bebetto-Flavio-Travel-System-2in1-3in1-4in1-Car-Seat-12_main.png\",\"contentUrl\":\"https:\\\/\\\/forbabyboss.com\\\/wp-content\\\/uploads\\\/2022\\\/09\\\/Baby-Pram-Pushchair-Bebetto-Flavio-Travel-System-2in1-3in1-4in1-Car-Seat-12_main.png\",\"width\":1000,\"height\":1000},{\"@type\":\"BreadcrumbList\",\"@id\":\"https:\\\/\\\/forbabyboss.com\\\/product\\\/baby-pram-flavio-travel-system-4in1-12\\\/#breadcrumb\",\"itemListElement\":[{\"@type\":\"ListItem\",\"position\":1,\"name\":\"Home\",\"item\":\"https:\\\/\\\/forbabyboss.com\\\/\"},{\"@type\":\"ListItem\",\"position\":2,\"name\":\"Shop\",\"item\":\"https:\\\/\\\/forbabyboss.com\\\/shop\\\/\"},{\"@type\":\"ListItem\",\"position\":3,\"name\":\"Baby Pram Flavio Travel System 4in1- 12\"}]},{\"@type\":\"WebSite\",\"@id\":\"https:\\\/\\\/powderblue-seahorse-496884.hostingersite.com\\\/#website\",\"url\":\"https:\\\/\\\/powderblue-seahorse-496884.hostingersite.com\\\/\",\"name\":\"For Baby Boss\",\"description\":\"Beautiful gifts and accessories for your baby boss\",\"potentialAction\":[{\"@type\":\"SearchAction\",\"target\":{\"@type\":\"EntryPoint\",\"urlTemplate\":\"https:\\\/\\\/powderblue-seahorse-496884.hostingersite.com\\\/?s={search_term_string}\"},\"query-input\":{\"@type\":\"PropertyValueSpecification\",\"valueRequired\":true,\"valueName\":\"search_term_string\"}}],\"inLanguage\":\"de\"}]}<\/script>\n<!-- \/ Yoast SEO plugin. -->","yoast_head_json":{"title":"Flavio Reisesystem 4-in-1-Kinderwagen \u2013 12 \u2013 F\u00fcr Baby Boss","description":"Flavio Reisesystem 4-in-1 Kinderwagen - 12","robots":{"index":"index","follow":"follow","max-snippet":"max-snippet:-1","max-image-preview":"max-image-preview:large","max-video-preview":"max-video-preview:-1"},"canonical":"https:\/\/forbabyboss.com\/de\/product\/flavio-kinderwagen-reisesystem-4in1-12\/","og_locale":"de_DE","og_type":"article","og_title":"Baby Pram Flavio Travel System 4in1- 12 - For Baby Boss","og_description":"Baby Pram Flavio Travel System 4in1- 12","og_url":"https:\/\/forbabyboss.com\/de\/product\/flavio-kinderwagen-reisesystem-4in1-12\/","og_site_name":"For Baby Boss","article_modified_time":"2026-02-21T16:06:25+00:00","og_image":[{"width":1000,"height":1000,"url":"https:\/\/forbabyboss.com\/wp-content\/uploads\/2022\/09\/Baby-Pram-Pushchair-Bebetto-Flavio-Travel-System-2in1-3in1-4in1-Car-Seat-12_main.png","type":"image\/png"}],"twitter_card":"summary_large_image","twitter_misc":{"Gesch\u00e4tzte Lesezeit":"2\u00a0Minuten"},"schema":{"@context":"https:\/\/schema.org","@graph":[{"@type":"WebPage","@id":"https:\/\/forbabyboss.com\/product\/baby-pram-flavio-travel-system-4in1-12\/","url":"https:\/\/forbabyboss.com\/product\/baby-pram-flavio-travel-system-4in1-12\/","name":"Flavio Reisesystem 4-in-1-Kinderwagen \u2013 12 \u2013 F\u00fcr Baby Boss","isPartOf":{"@id":"https:\/\/powderblue-seahorse-496884.hostingersite.com\/#website"},"primaryImageOfPage":{"@id":"https:\/\/forbabyboss.com\/product\/baby-pram-flavio-travel-system-4in1-12\/#primaryimage"},"image":{"@id":"https:\/\/forbabyboss.com\/product\/baby-pram-flavio-travel-system-4in1-12\/#primaryimage"},"thumbnailUrl":"https:\/\/forbabyboss.com\/wp-content\/uploads\/2022\/09\/Baby-Pram-Pushchair-Bebetto-Flavio-Travel-System-2in1-3in1-4in1-Car-Seat-12_main.png","datePublished":"2022-09-08T13:29:04+00:00","dateModified":"2026-02-21T16:06:25+00:00","description":"Flavio Reisesystem 4-in-1 Kinderwagen - 12","breadcrumb":{"@id":"https:\/\/forbabyboss.com\/product\/baby-pram-flavio-travel-system-4in1-12\/#breadcrumb"},"inLanguage":"de","potentialAction":[{"@type":"ReadAction","target":["https:\/\/forbabyboss.com\/product\/baby-pram-flavio-travel-system-4in1-12\/"]}]},{"@type":"ImageObject","inLanguage":"de","@id":"https:\/\/forbabyboss.com\/product\/baby-pram-flavio-travel-system-4in1-12\/#primaryimage","url":"https:\/\/forbabyboss.com\/wp-content\/uploads\/2022\/09\/Baby-Pram-Pushchair-Bebetto-Flavio-Travel-System-2in1-3in1-4in1-Car-Seat-12_main.png","contentUrl":"https:\/\/forbabyboss.com\/wp-content\/uploads\/2022\/09\/Baby-Pram-Pushchair-Bebetto-Flavio-Travel-System-2in1-3in1-4in1-Car-Seat-12_main.png","width":1000,"height":1000},{"@type":"BreadcrumbList","@id":"https:\/\/forbabyboss.com\/product\/baby-pram-flavio-travel-system-4in1-12\/#breadcrumb","itemListElement":[{"@type":"ListItem","position":1,"name":"Home","item":"https:\/\/forbabyboss.com\/"},{"@type":"ListItem","position":2,"name":"Shop","item":"https:\/\/forbabyboss.com\/shop\/"},{"@type":"ListItem","position":3,"name":"Baby Pram Flavio Travel System 4in1- 12"}]},{"@type":"WebSite","@id":"https:\/\/powderblue-seahorse-496884.hostingersite.com\/#website","url":"https:\/\/powderblue-seahorse-496884.hostingersite.com\/","name":"F\u00fcr Baby Boss","description":"Wundersch\u00f6ne Geschenke und Accessoires f\u00fcr Ihren kleinen Chef","potentialAction":[{"@type":"SearchAction","target":{"@type":"EntryPoint","urlTemplate":"https:\/\/powderblue-seahorse-496884.hostingersite.com\/?s={search_term_string}"},"query-input":{"@type":"PropertyValueSpecification","valueRequired":true,"valueName":"search_term_string"}}],"inLanguage":"de"}]}},"_links":{"self":[{"href":"https:\/\/forbabyboss.com\/de\/wp-json\/wp\/v2\/product\/4463","targetHints":{"allow":["GET"]}}],"collection":[{"href":"https:\/\/forbabyboss.com\/de\/wp-json\/wp\/v2\/product"}],"about":[{"href":"https:\/\/forbabyboss.com\/de\/wp-json\/wp\/v2\/types\/product"}],"wp:featuredmedia":[{"embeddable":true,"href":"https:\/\/forbabyboss.com\/de\/wp-json\/wp\/v2\/media\/4467"}],"wp:attachment":[{"href":"https:\/\/forbabyboss.com\/de\/wp-json\/wp\/v2\/media?parent=4463"}],"wp:term":[{"taxonomy":"product_brand","embeddable":true,"href":"https:\/\/forbabyboss.com\/de\/wp-json\/wp\/v2\/product_brand?post=4463"},{"taxonomy":"product_cat","embeddable":true,"href":"https:\/\/forbabyboss.com\/de\/wp-json\/wp\/v2\/product_cat?post=4463"},{"taxonomy":"product_tag","embeddable":true,"href":"https:\/\/forbabyboss.com\/de\/wp-json\/wp\/v2\/product_tag?post=4463"}],"curies":[{"name":"wp","href":"https:\/\/api.w.org\/{rel}","templated":true}]}}