{"id":4513,"date":"2022-09-09T07:14:20","date_gmt":"2022-09-09T07:14:20","guid":{"rendered":"http:\/\/forbabyboss.com\/?post_type=product&#038;p=4513"},"modified":"2026-02-21T16:10:44","modified_gmt":"2026-02-21T16:10:44","slug":"197-peach-kinderwagen-essential-travel-system-4in1","status":"publish","type":"product","link":"https:\/\/forbabyboss.com\/de\/product\/197-peach-baby-pram-esential-travel-system-4in1\/","title":{"rendered":"197 Peach Kinderwagen Essential Travel System 4in1"},"content":{"rendered":"<h2><strong><span style=\"color: #e14d43;\"><span style=\"font-style: inherit;\">Ihr Familienbegleiter<\/span><\/span><\/strong><\/h2>\n<p style=\"font-weight: 400; text-align: justify;\"><strong>Von Tausenden Familien gesch\u00e4tzt und geliebt \u2013 der Tutis Uno pr\u00e4sentiert die 2. Generation mit noch mehr Funktionen! Das Tutis-Entwicklungsteam hat Kundenrezensionen gesammelt, analysiert und den Uno-Kinderwagen optimiert. Wir stellen Ihnen den Tutis Uno+ vor \u2013 den Kinderwagen Ihrer Tr\u00e4ume: sicher, robust und sanft f\u00fcr Eltern und Babys.<\/strong><\/p>\n<p style=\"font-weight: 400; text-align: justify;\"><strong>Das extrem wendige und kompakte Uno-Gestell ist komfortabel und praktisch f\u00fcr t\u00e4gliche Abenteuer in Stadt und Natur. Die Tutis Uno+ Babywanne zeichnet sich durch ihre Sicherheit und ihr geringes Gewicht aus.<\/strong><\/p>\n<h3 style=\"font-weight: 400; text-align: justify;\"><strong><span style=\"color: #e14d43;\">Ultraleichte und thermische Babywanne<\/span><\/strong><\/h3>\n<p style=\"font-weight: 400; text-align: justify;\"><strong>ARCEL\u2122 \u2013 eine spezielle Kombination aus Polyethylenmaterialien, die exklusiv f\u00fcr TUTIS Babywannen entwickelt wurde, um au\u00dfergew\u00f6hnliche Leichtigkeit und Festigkeit zu gew\u00e4hrleisten.<\/strong><\/p>\n<p style=\"font-weight: 400; text-align: justify;\"><strong>KOMPAKTES, FALTBARES GESTELL<\/strong><\/p>\n<p style=\"font-weight: 400; text-align: justify;\"><strong>Dank ausgekl\u00fcgelter Konstruktion l\u00e4sst sich das Gestell des Kinderwagens schnell und einfach kompakt zusammenklappen. Zusammengeklappt passt der Kinderwagen problemlos in den Kofferraum oder zu Hause.<\/strong><\/p>\n<h3 style=\"font-weight: 400; text-align: justify;\"><strong><span style=\"font-size: 120%; color: #e14d43;\">Ger\u00e4umige Sitzeinheit<\/span><\/strong><\/h3>\n<p style=\"font-weight: 400; text-align: justify;\"><strong>Die Sitzeinheit und die zuverl\u00e4ssige Verarbeitung sind bis ins kleinste Detail optimiert, und die ger\u00e4uschdichte Kapuze l\u00e4sst sich vollst\u00e4ndig herunterziehen und schafft so eine Oase f\u00fcr \u00e4u\u00dferst komfortables Reisen.<\/strong><\/p>\n<h3 style=\"font-weight: 400; text-align: justify;\"><strong><span style=\"color: #e14d43;\">Im Preis enthalten<\/span>:<\/strong><\/h3>\n<ul>\n<li><strong>Babywanne<\/strong><\/li>\n<li><strong>Sitzeinheit<\/strong><\/li>\n<li><strong>Sportfahrwerk<\/strong><\/li>\n<li><strong>Regenschutz<\/strong><\/li>\n<li><strong>Muttertasche mit Bettw\u00e4sche<\/strong><\/li>\n<li><strong>6. Becherhalter<\/strong><\/li>\n<li><strong>Einkaufskorb<\/strong><\/li>\n<li><strong>Abdeckung f\u00fcr Babywanne<\/strong><\/li>\n<li><strong>Bezug f\u00fcr Sitzeinheit<\/strong><\/li>\n<li><strong>Der Schutzgriff der Sitzeinheit<\/strong><\/li>\n<li><strong>Moskitonetz<\/strong><\/li>\n<li><strong>Matratze<\/strong><\/li>\n<\/ul>\n<p style=\"font-weight: 400; text-align: justify;\"><strong>Bequemer Autositz<\/strong><\/p>\n<ul>\n<li style=\"font-weight: 400; text-align: justify;\"><strong>Gruppe 0-13 kg:<\/strong><\/li>\n<li style=\"font-weight: 400; text-align: justify;\"><strong>Europ\u00e4ische Zulassung ECE R44 \/ 04<\/strong><\/li>\n<li style=\"font-weight: 400; text-align: justify;\"><strong>Mit dem Adapter am Wagen befestigt.<\/strong><\/li>\n<li style=\"font-weight: 400; text-align: justify;\"><strong>3-Punkt-Gurt<\/strong><\/li>\n<li style=\"font-weight: 400; text-align: justify;\"><strong>Zus\u00e4tzliche Polsterung f\u00fcr Neugeborene<\/strong><\/li>\n<li style=\"font-weight: 400; text-align: justify;\"><strong>Verstellbarer Tragegriff<\/strong><\/li>\n<li style=\"font-weight: 400; text-align: justify;\"><strong>Abnehmbare Motorhaubenabdeckung<\/strong><\/li>\n<li style=\"font-weight: 400; text-align: justify;\"><strong>H\u00f6henverstellbare Sicherheitsgurte<\/strong><\/li>\n<li style=\"font-weight: 400; text-align: justify;\"><strong>Vorw\u00e4rts- oder r\u00fcckw\u00e4rtsgerichteter Modus<\/strong><\/li>\n<li style=\"font-weight: 400; text-align: justify;\"><strong>Ausgestattet mit ISOFIX-System (optional)<\/strong><\/li>\n<\/ul>\n<h3 style=\"font-weight: 400; text-align: justify;\"><strong><span style=\"color: #e14d43;\">Isofix-Basis<\/span>:<\/strong><\/h3>\n<ul style=\"text-align: justify;\">\n<li style=\"font-weight: 400;\"><strong>Farbe: Schwarz<\/strong><\/li>\n<li style=\"font-weight: 400;\"><strong>Geeignet ab Geburt<\/strong><\/li>\n<li style=\"font-weight: 400;\"><strong>Wird direkt am Fahrzeugchassis mithilfe der ISOFIX-Befestigungspunkte befestigt.<\/strong><\/li>\n<li style=\"font-weight: 400;\"><strong>Es kann auch mit dem Sicherheitsgurt des Fahrzeugs befestigt werden.<\/strong><\/li>\n<li style=\"font-weight: 400;\"><strong>Kompatibel mit den Tutis-Autositzen<\/strong><\/li>\n<li style=\"font-weight: 400;\"><strong>Einfache Installation<\/strong><\/li>\n<li style=\"font-weight: 400;\"><strong>Sicher und gesch\u00fctzt<\/strong><\/li>\n<li style=\"font-weight: 400;\"><strong>Minimiert den Aufwand<\/strong><\/li>\n<li style=\"font-weight: 400;\"><strong>Verringert die Wahrscheinlichkeit, das Baby beim Transfer vom Auto nach Hause aufzuwecken.<\/strong><\/li>\n<li style=\"font-weight: 400;\"><strong>Das St\u00fctzbein bietet maximale Stabilit\u00e4t und Sicherheit und l\u00e4sst sich f\u00fcr optimale Passform leicht anpassen.<\/strong><\/li>\n<li style=\"font-weight: 400;\"><strong>Farbindikatoren best\u00e4tigen die korrekte Montage der Basis am Fahrzeug.<\/strong><\/li>\n<\/ul>\n<h3 style=\"text-align: justify;\" align=\"center\"><strong><span style=\"font-family: Arial; color: #e14d43;\">Abmessungen, Gewicht<\/span><\/strong><\/h3>\n<ul>\n<li style=\"text-align: justify;\"><strong>Innenma\u00dfe\/Gewicht des Kinderwagens: 84 \u00d7 38 cm \/ 3,75 kg<\/strong><\/li>\n<li style=\"text-align: justify;\"><strong>Innenma\u00dfe\/Gewicht der Sitzeinheit: 95 \u00d7 38 cm \/ 4,8 kg<\/strong><\/li>\n<li style=\"text-align: justify;\"><strong>Innenma\u00dfe\/Gewicht des Kindersitzes: 71 \u00d7 31,5 cm \/ 3,2 kg<\/strong><\/li>\n<li style=\"text-align: justify;\"><strong>Fahrgestell + R\u00e4der: 7,8 kg<\/strong><\/li>\n<li style=\"text-align: justify;\"><strong>Zusammengefaltet passt es in folgendes Fach: 80 x 61 x 34 cm<\/strong><\/li>\n<\/ul>\n<p><strong><a href=\"http:\/\/forbabyboss.com\/wp-content\/uploads\/2022\/09\/checkout.png\"><img loading=\"lazy\" decoding=\"async\" class=\"alignnone size-full wp-image-5965\" src=\"http:\/\/forbabyboss.com\/wp-content\/uploads\/2022\/09\/checkout.png\" alt=\"\" width=\"750\" height=\"276\" srcset=\"https:\/\/forbabyboss.com\/wp-content\/uploads\/2022\/09\/checkout.png 750w, https:\/\/forbabyboss.com\/wp-content\/uploads\/2022\/09\/checkout-600x221.png 600w\" sizes=\"auto, (max-width: 750px) 100vw, 750px\" \/><\/a><\/strong><\/p>","protected":false},"excerpt":{"rendered":"<p><a href=\"http:\/\/forbabyboss.com\/wp-content\/uploads\/2022\/09\/Star-Rating-5.png\"><img loading=\"lazy\" decoding=\"async\" class=\"alignnone size-full wp-image-5973 aligncenter\" src=\"http:\/\/forbabyboss.com\/wp-content\/uploads\/2022\/09\/Star-Rating-5.png\" alt=\"\" width=\"275\" height=\"45\" \/><\/a><\/p>\n<p style=\"text-align: center;\"><span style=\"color: #ed1c24; font-size: 120%;\"><b>PREISGARANTIE<\/b><\/span><\/p>\n<p style=\"text-align: center;\"><span style=\"font-size: 115%;\"><span style=\"font-weight: 400; color: #4f4fa7;\">Kostenloser Versand<\/span><span style=\"font-weight: 400;\"> \u2013 2 \u2013 7 Tage<\/span><\/span><\/p>\n<p style=\"text-align: center;\"><strong><span style=\"color: #29606b;\">Gratisgeschenk ab einem Einkaufswert von 100 \u00a3<\/span><\/strong><\/p>","protected":false},"featured_media":4516,"template":"","meta":[],"product_brand":[581],"product_cat":[197,305,215,130,211],"product_tag":[200,171],"class_list":{"0":"post-4513","1":"product","2":"type-product","3":"status-publish","4":"has-post-thumbnail","6":"product_brand-tutis","7":"product_cat-4-in-1-pram","8":"product_cat-colour","9":"product_cat-pink","10":"product_cat-prams","11":"product_cat-stroller","12":"product_tag-4-in-1-pram","13":"product_tag-pram","15":"first","16":"instock","17":"sale","18":"shipping-taxable","19":"purchasable","20":"product-type-simple"},"yoast_head":"<!-- This site is optimized with the Yoast SEO plugin v27.5 - https:\/\/yoast.com\/product\/yoast-seo-wordpress\/ -->\n<title>197 Peach Baby Pram Esential Travel System 4in1 - For Baby Boss<\/title>\n<meta name=\"description\" content=\"197 Peach Baby Pram Esential Travel System 4in1\" \/>\n<meta name=\"robots\" content=\"index, follow, max-snippet:-1, max-image-preview:large, max-video-preview:-1\" \/>\n<link rel=\"canonical\" href=\"https:\/\/forbabyboss.com\/de\/product\/197-peach-kinderwagen-essential-travel-system-4in1\/\" \/>\n<meta property=\"og:locale\" content=\"de_DE\" \/>\n<meta property=\"og:type\" content=\"article\" \/>\n<meta property=\"og:title\" content=\"197 Peach Baby Pram Esential Travel System 4in1 - For Baby Boss\" \/>\n<meta property=\"og:description\" content=\"197 Peach Baby Pram Esential Travel System 4in1\" \/>\n<meta property=\"og:url\" content=\"https:\/\/forbabyboss.com\/de\/product\/197-peach-kinderwagen-essential-travel-system-4in1\/\" \/>\n<meta property=\"og:site_name\" content=\"For Baby Boss\" \/>\n<meta property=\"article:modified_time\" content=\"2026-02-21T16:10:44+00:00\" \/>\n<meta property=\"og:image\" content=\"https:\/\/forbabyboss.com\/wp-content\/uploads\/2022\/09\/Baby-Pram-Pushchair-Tutis-UNO3-Esential-Travel-System2in1-3in1-4in1-Car-seat-197-Peach-4in1-3n1isofix-base_Main.jpg\" \/>\n\t<meta property=\"og:image:width\" content=\"1020\" \/>\n\t<meta property=\"og:image:height\" content=\"1020\" \/>\n\t<meta property=\"og:image:type\" content=\"image\/jpeg\" \/>\n<meta name=\"twitter:card\" content=\"summary_large_image\" \/>\n<meta name=\"twitter:label1\" content=\"Gesch\u00e4tzte Lesezeit\" \/>\n\t<meta name=\"twitter:data1\" content=\"2\u00a0Minuten\" \/>\n<script type=\"application\/ld+json\" class=\"yoast-schema-graph\">{\"@context\":\"https:\\\/\\\/schema.org\",\"@graph\":[{\"@type\":\"WebPage\",\"@id\":\"https:\\\/\\\/forbabyboss.com\\\/product\\\/197-peach-baby-pram-esential-travel-system-4in1\\\/\",\"url\":\"https:\\\/\\\/forbabyboss.com\\\/product\\\/197-peach-baby-pram-esential-travel-system-4in1\\\/\",\"name\":\"197 Peach Baby Pram Esential Travel System 4in1 - For Baby Boss\",\"isPartOf\":{\"@id\":\"https:\\\/\\\/powderblue-seahorse-496884.hostingersite.com\\\/#website\"},\"primaryImageOfPage\":{\"@id\":\"https:\\\/\\\/forbabyboss.com\\\/product\\\/197-peach-baby-pram-esential-travel-system-4in1\\\/#primaryimage\"},\"image\":{\"@id\":\"https:\\\/\\\/forbabyboss.com\\\/product\\\/197-peach-baby-pram-esential-travel-system-4in1\\\/#primaryimage\"},\"thumbnailUrl\":\"https:\\\/\\\/forbabyboss.com\\\/wp-content\\\/uploads\\\/2022\\\/09\\\/Baby-Pram-Pushchair-Tutis-UNO3-Esential-Travel-System2in1-3in1-4in1-Car-seat-197-Peach-4in1-3n1isofix-base_Main.jpg\",\"datePublished\":\"2022-09-09T07:14:20+00:00\",\"dateModified\":\"2026-02-21T16:10:44+00:00\",\"description\":\"197 Peach Baby Pram Esential Travel System 4in1\",\"breadcrumb\":{\"@id\":\"https:\\\/\\\/forbabyboss.com\\\/product\\\/197-peach-baby-pram-esential-travel-system-4in1\\\/#breadcrumb\"},\"inLanguage\":\"de\",\"potentialAction\":[{\"@type\":\"ReadAction\",\"target\":[\"https:\\\/\\\/forbabyboss.com\\\/product\\\/197-peach-baby-pram-esential-travel-system-4in1\\\/\"]}]},{\"@type\":\"ImageObject\",\"inLanguage\":\"de\",\"@id\":\"https:\\\/\\\/forbabyboss.com\\\/product\\\/197-peach-baby-pram-esential-travel-system-4in1\\\/#primaryimage\",\"url\":\"https:\\\/\\\/forbabyboss.com\\\/wp-content\\\/uploads\\\/2022\\\/09\\\/Baby-Pram-Pushchair-Tutis-UNO3-Esential-Travel-System2in1-3in1-4in1-Car-seat-197-Peach-4in1-3n1isofix-base_Main.jpg\",\"contentUrl\":\"https:\\\/\\\/forbabyboss.com\\\/wp-content\\\/uploads\\\/2022\\\/09\\\/Baby-Pram-Pushchair-Tutis-UNO3-Esential-Travel-System2in1-3in1-4in1-Car-seat-197-Peach-4in1-3n1isofix-base_Main.jpg\",\"width\":1020,\"height\":1020},{\"@type\":\"BreadcrumbList\",\"@id\":\"https:\\\/\\\/forbabyboss.com\\\/product\\\/197-peach-baby-pram-esential-travel-system-4in1\\\/#breadcrumb\",\"itemListElement\":[{\"@type\":\"ListItem\",\"position\":1,\"name\":\"Home\",\"item\":\"https:\\\/\\\/forbabyboss.com\\\/\"},{\"@type\":\"ListItem\",\"position\":2,\"name\":\"Shop\",\"item\":\"https:\\\/\\\/forbabyboss.com\\\/shop\\\/\"},{\"@type\":\"ListItem\",\"position\":3,\"name\":\"197 Peach Baby Pram Esential Travel System 4in1\"}]},{\"@type\":\"WebSite\",\"@id\":\"https:\\\/\\\/powderblue-seahorse-496884.hostingersite.com\\\/#website\",\"url\":\"https:\\\/\\\/powderblue-seahorse-496884.hostingersite.com\\\/\",\"name\":\"For Baby Boss\",\"description\":\"Beautiful gifts and accessories for your baby boss\",\"potentialAction\":[{\"@type\":\"SearchAction\",\"target\":{\"@type\":\"EntryPoint\",\"urlTemplate\":\"https:\\\/\\\/powderblue-seahorse-496884.hostingersite.com\\\/?s={search_term_string}\"},\"query-input\":{\"@type\":\"PropertyValueSpecification\",\"valueRequired\":true,\"valueName\":\"search_term_string\"}}],\"inLanguage\":\"de\"}]}<\/script>\n<!-- \/ Yoast SEO plugin. -->","yoast_head_json":{"title":"197 Peach Kinderwagen Essential Travel System 4in1 - F\u00fcr Baby Boss","description":"197 Peach Kinderwagen Essential Travel System 4in1","robots":{"index":"index","follow":"follow","max-snippet":"max-snippet:-1","max-image-preview":"max-image-preview:large","max-video-preview":"max-video-preview:-1"},"canonical":"https:\/\/forbabyboss.com\/de\/product\/197-peach-kinderwagen-essential-travel-system-4in1\/","og_locale":"de_DE","og_type":"article","og_title":"197 Peach Baby Pram Esential Travel System 4in1 - For Baby Boss","og_description":"197 Peach Baby Pram Esential Travel System 4in1","og_url":"https:\/\/forbabyboss.com\/de\/product\/197-peach-kinderwagen-essential-travel-system-4in1\/","og_site_name":"For Baby Boss","article_modified_time":"2026-02-21T16:10:44+00:00","og_image":[{"width":1020,"height":1020,"url":"https:\/\/forbabyboss.com\/wp-content\/uploads\/2022\/09\/Baby-Pram-Pushchair-Tutis-UNO3-Esential-Travel-System2in1-3in1-4in1-Car-seat-197-Peach-4in1-3n1isofix-base_Main.jpg","type":"image\/jpeg"}],"twitter_card":"summary_large_image","twitter_misc":{"Gesch\u00e4tzte Lesezeit":"2\u00a0Minuten"},"schema":{"@context":"https:\/\/schema.org","@graph":[{"@type":"WebPage","@id":"https:\/\/forbabyboss.com\/product\/197-peach-baby-pram-esential-travel-system-4in1\/","url":"https:\/\/forbabyboss.com\/product\/197-peach-baby-pram-esential-travel-system-4in1\/","name":"197 Peach Kinderwagen Essential Travel System 4in1 - F\u00fcr Baby Boss","isPartOf":{"@id":"https:\/\/powderblue-seahorse-496884.hostingersite.com\/#website"},"primaryImageOfPage":{"@id":"https:\/\/forbabyboss.com\/product\/197-peach-baby-pram-esential-travel-system-4in1\/#primaryimage"},"image":{"@id":"https:\/\/forbabyboss.com\/product\/197-peach-baby-pram-esential-travel-system-4in1\/#primaryimage"},"thumbnailUrl":"https:\/\/forbabyboss.com\/wp-content\/uploads\/2022\/09\/Baby-Pram-Pushchair-Tutis-UNO3-Esential-Travel-System2in1-3in1-4in1-Car-seat-197-Peach-4in1-3n1isofix-base_Main.jpg","datePublished":"2022-09-09T07:14:20+00:00","dateModified":"2026-02-21T16:10:44+00:00","description":"197 Peach Kinderwagen Essential Travel System 4in1","breadcrumb":{"@id":"https:\/\/forbabyboss.com\/product\/197-peach-baby-pram-esential-travel-system-4in1\/#breadcrumb"},"inLanguage":"de","potentialAction":[{"@type":"ReadAction","target":["https:\/\/forbabyboss.com\/product\/197-peach-baby-pram-esential-travel-system-4in1\/"]}]},{"@type":"ImageObject","inLanguage":"de","@id":"https:\/\/forbabyboss.com\/product\/197-peach-baby-pram-esential-travel-system-4in1\/#primaryimage","url":"https:\/\/forbabyboss.com\/wp-content\/uploads\/2022\/09\/Baby-Pram-Pushchair-Tutis-UNO3-Esential-Travel-System2in1-3in1-4in1-Car-seat-197-Peach-4in1-3n1isofix-base_Main.jpg","contentUrl":"https:\/\/forbabyboss.com\/wp-content\/uploads\/2022\/09\/Baby-Pram-Pushchair-Tutis-UNO3-Esential-Travel-System2in1-3in1-4in1-Car-seat-197-Peach-4in1-3n1isofix-base_Main.jpg","width":1020,"height":1020},{"@type":"BreadcrumbList","@id":"https:\/\/forbabyboss.com\/product\/197-peach-baby-pram-esential-travel-system-4in1\/#breadcrumb","itemListElement":[{"@type":"ListItem","position":1,"name":"Home","item":"https:\/\/forbabyboss.com\/"},{"@type":"ListItem","position":2,"name":"Shop","item":"https:\/\/forbabyboss.com\/shop\/"},{"@type":"ListItem","position":3,"name":"197 Peach Baby Pram Esential Travel System 4in1"}]},{"@type":"WebSite","@id":"https:\/\/powderblue-seahorse-496884.hostingersite.com\/#website","url":"https:\/\/powderblue-seahorse-496884.hostingersite.com\/","name":"F\u00fcr Baby Boss","description":"Wundersch\u00f6ne Geschenke und Accessoires f\u00fcr Ihren kleinen Chef","potentialAction":[{"@type":"SearchAction","target":{"@type":"EntryPoint","urlTemplate":"https:\/\/powderblue-seahorse-496884.hostingersite.com\/?s={search_term_string}"},"query-input":{"@type":"PropertyValueSpecification","valueRequired":true,"valueName":"search_term_string"}}],"inLanguage":"de"}]}},"_links":{"self":[{"href":"https:\/\/forbabyboss.com\/de\/wp-json\/wp\/v2\/product\/4513","targetHints":{"allow":["GET"]}}],"collection":[{"href":"https:\/\/forbabyboss.com\/de\/wp-json\/wp\/v2\/product"}],"about":[{"href":"https:\/\/forbabyboss.com\/de\/wp-json\/wp\/v2\/types\/product"}],"wp:featuredmedia":[{"embeddable":true,"href":"https:\/\/forbabyboss.com\/de\/wp-json\/wp\/v2\/media\/4516"}],"wp:attachment":[{"href":"https:\/\/forbabyboss.com\/de\/wp-json\/wp\/v2\/media?parent=4513"}],"wp:term":[{"taxonomy":"product_brand","embeddable":true,"href":"https:\/\/forbabyboss.com\/de\/wp-json\/wp\/v2\/product_brand?post=4513"},{"taxonomy":"product_cat","embeddable":true,"href":"https:\/\/forbabyboss.com\/de\/wp-json\/wp\/v2\/product_cat?post=4513"},{"taxonomy":"product_tag","embeddable":true,"href":"https:\/\/forbabyboss.com\/de\/wp-json\/wp\/v2\/product_tag?post=4513"}],"curies":[{"name":"wp","href":"https:\/\/api.w.org\/{rel}","templated":true}]}}