{"id":4549,"date":"2022-09-09T07:58:52","date_gmt":"2022-09-09T07:58:52","guid":{"rendered":"http:\/\/forbabyboss.com\/?post_type=product&#038;p=4549"},"modified":"2026-02-21T16:11:52","modified_gmt":"2026-02-21T16:11:52","slug":"kinderwagen-bebetto-nico-kinderwagen-stilo-08","status":"publish","type":"product","link":"https:\/\/forbabyboss.com\/de\/product\/baby-pushchair-bebetto-nico-stroller-estilo-08\/","title":{"rendered":"Kinderwagen Bebetto Nico Kinderwagen \u2013 Estilo 08"},"content":{"rendered":"<h2 style=\"text-align: justify;\" align=\"center\"><strong><span style=\"color: #e14d43; font-family: Arial;\">Bebetto Nico Kinderwagen<\/span><\/strong><\/h2>\n<h3 style=\"text-align: justify;\" align=\"center\"><strong><span style=\"color: #e14d43;\"><span style=\"font-family: Arial;\">Warum Nico?<\/span><\/span><\/strong><\/h3>\n<p style=\"text-align: justify;\" align=\"center\"><strong><span style=\"font-family: Arial; color: #000000;\">Die neue Sitzeinheit, das geringe Gewicht und die gl\u00e4nzenden Farben sind ein echter Hingucker und machen diesen Kinderwagen zur idealen Wahl f\u00fcr alle, die Wert auf Funktionalit\u00e4t und Design legen. W\u00e4hlen Sie Ihre Lieblingsfarbe und freuen Sie sich \u00fcber Ihren praktischen Kinderwagen!<\/span><\/strong><\/p>\n<h4 style=\"text-align: justify;\" align=\"center\"><strong><span style=\"font-size: medium; color: #000000;\">Hergestellt in Europa aus hochwertigen Materialien, leichter Aluminiumrahmen, modernes Design.<br \/>\n<\/span><\/strong><\/h4>\n<h4 style=\"text-align: justify;\" align=\"center\"><strong><span style=\"color: #e14d43;\"><span style=\"font-family: Arial;\">Komfortabler Sitz \u2013 Einheit<\/span><\/span><\/strong><\/h4>\n<p style=\"text-align: justify;\" align=\"center\"><strong><span style=\"font-family: Arial; color: #000000;\">Nico verf\u00fcgt \u00fcber einen Sitz, der Ihrem Kind eine bequeme Position erm\u00f6glicht. Das verstellbare Verdeck sch\u00fctzt Ihr Kind vor Wind und Sonne. Das abnehmbare Verdeck ist ideal f\u00fcr Spazierg\u00e4nge an windigen Tagen. Dank der praktischen Wiederanbringung der Sitzeinheit l\u00e4sst sich der Kinderwagen m\u00fchelos in Fahrtrichtung oder entgegen der Fahrtrichtung montieren. Ein neuartiges System zum Abnehmen des Sicherheitsgitters erleichtert das Hineinsetzen Ihres Kindes. Dank der Flexy Wheels m\u00fcssen Sie sich keine Gedanken um den Reifendruck machen \u2013 die Reifen behalten stets ihre Form. Gewicht und Flexibilit\u00e4t entsprechen denen von aufgepumpten Reifen.<\/span><\/strong><\/p>\n<h4 style=\"text-align: justify;\" align=\"center\"><strong><span style=\"color: #e14d43;\"><span style=\"font-family: Arial;\">Sto\u00dfd\u00e4mpfender Rahmen<\/span><\/span><\/strong><\/h4>\n<p style=\"text-align: justify;\" align=\"center\"><strong><span style=\"font-family: Arial; color: #000000;\">Nico ist mit Sto\u00dfd\u00e4mpfern ausgestattet, die Vibrationen beim Gehen auf festem Untergrund minimieren. SAS ist ein Sto\u00dfd\u00e4mpfungssystem und DMS sch\u00fctzt die R\u00e4der vor Blockieren beim \u00dcberfahren von Hindernissen. Das Gestell l\u00e4sst sich mit der daran befestigten Sitzeinheit zusammenklappen, was das Verstauen und Transportieren des Kinderwagens sehr erleichtert.<\/span><\/strong><\/p>\n<p><strong><span style=\"color: #e14d43;\"><span style=\"font-family: Arial;\">\u00a0Autositze auf Gestellen<\/span><\/span><\/strong><\/p>\n<p style=\"text-align: justify;\" align=\"center\"><strong><span style=\"font-family: Arial; color: #000000;\">Babette-Kinderwagen sind mit Bobostello-Adaptern kompatibel, mit denen Sie Autositze nahezu jeder Marke auf einem Babette-Gestell befestigen k\u00f6nnen. Das System zur Reduzierung des Spielraums und die Verstellung des Neigungswinkels sind innovative Merkmale, die es Ihnen erm\u00f6glichen, Ihr Kind in einer optimalen Position zu transportieren (liegend \u2013 f\u00fcr Kinder bis zu 6 Monaten, sitzend \u2013 f\u00fcr Kinder, die selbstst\u00e4ndig sitzen k\u00f6nnen).<\/span><\/strong><\/p>\n<p><strong><span style=\"color: #e14d43;\"><span style=\"font-family: Arial;\">\u00a0Klappsitz mit Rahmen verbinden<\/span><\/span><\/strong><\/p>\n<p style=\"text-align: justify;\" align=\"center\"><strong><span style=\"font-family: Arial; color: #000000;\">Der Nico-Kinderwagen l\u00e4sst sich mit dem Sitz zusammenklappen \u2013 ganz ohne ihn abnehmen zu m\u00fcssen. Und das ist noch nicht alles! Die Sitzeinheit kann sowohl zu Ihnen hin als auch von Ihnen weg montiert werden. So l\u00e4sst sich der Kinderwagen schnell und bequem zusammenklappen \u2013 egal, ob Sie mit einem Baby oder einem dreij\u00e4hrigen Kind unterwegs sind.<\/span><\/strong><\/p>\n<div style=\"text-align: justify;\"><strong><span style=\"color: #e14d43;\">Im Preis inbegriffen:<\/span><\/strong><\/div>\n<div>\n<div style=\"text-align: justify;\"><strong><span style=\"color: #000000;\">\u00a0<\/span><\/strong><\/div>\n<div>\n<div style=\"text-align: justify;\"><strong><span style=\"font-family: Arial; color: #000000;\">\u2022 Aluminiumrahmen<\/span><\/strong><\/div>\n<div style=\"text-align: justify;\"><strong><span style=\"font-family: Arial; color: #000000;\">\u2022 4 R\u00e4der<\/span><\/strong><\/div>\n<div style=\"text-align: justify;\"><strong><span style=\"font-family: Arial; color: #000000;\">\u2022 Kinderwagen + verstellbares Verdeck<\/span><\/strong><\/div>\n<div style=\"text-align: justify;\"><strong><span style=\"font-family: Arial; color: #000000;\">\u2022 Fu\u00dfabdeckung<\/span><\/strong><\/div>\n<div style=\"text-align: justify;\"><strong><span style=\"font-family: Arial; color: #000000;\">\u2022 Warenkorb<\/span><\/strong><\/div>\n<div style=\"text-align: justify;\"><strong><span style=\"font-family: Arial; color: #000000;\">\u2022 24 Monate Garantie\u00a0<\/span><\/strong><\/div>\n<div><\/div>\n<div><a href=\"http:\/\/forbabyboss.com\/wp-content\/uploads\/2022\/09\/checkout.png\"><img loading=\"lazy\" decoding=\"async\" class=\"alignnone size-full wp-image-5965\" src=\"http:\/\/forbabyboss.com\/wp-content\/uploads\/2022\/09\/checkout.png\" alt=\"\" width=\"750\" height=\"276\" srcset=\"https:\/\/forbabyboss.com\/wp-content\/uploads\/2022\/09\/checkout.png 750w, https:\/\/forbabyboss.com\/wp-content\/uploads\/2022\/09\/checkout-600x221.png 600w\" sizes=\"auto, (max-width: 750px) 100vw, 750px\" \/><\/a><\/div>\n<\/div>\n<\/div>","protected":false},"excerpt":{"rendered":"<p><a href=\"http:\/\/forbabyboss.com\/wp-content\/uploads\/2022\/09\/Star-Rating-5.png\"><img loading=\"lazy\" decoding=\"async\" class=\"alignnone size-full wp-image-5973 aligncenter\" src=\"http:\/\/forbabyboss.com\/wp-content\/uploads\/2022\/09\/Star-Rating-5.png\" alt=\"\" width=\"275\" height=\"45\" \/><\/a><\/p>\n<p style=\"text-align: center;\"><span style=\"color: #ed1c24; font-size: 120%;\"><b>PREISGARANTIE<\/b><\/span><\/p>\n<p style=\"text-align: center;\"><span style=\"font-size: 115%;\"><span style=\"font-weight: 400; color: #4f4fa7;\">Kostenloser Versand<\/span><span style=\"font-weight: 400;\"> \u2013 2 \u2013 7 Tage<\/span><\/span><\/p>\n<p style=\"text-align: center;\"><strong><span style=\"color: #29606b;\">Gratisgeschenk ab einem Einkaufswert von 100 \u00a3<\/span><\/strong><\/p>","protected":false},"featured_media":4551,"template":"","meta":[],"product_brand":[583],"product_cat":[336,339,207,305,130,209,211],"product_tag":[171],"class_list":{"0":"post-4549","1":"product","2":"type-product","3":"status-publish","4":"has-post-thumbnail","6":"product_brand-bebetto","7":"product_cat-400-to-500","8":"product_cat-700-to-800","9":"product_cat-black","10":"product_cat-colour","11":"product_cat-prams","12":"product_cat-push-chairs","13":"product_cat-stroller","14":"product_tag-pram","16":"first","17":"instock","18":"sale","19":"shipping-taxable","20":"purchasable","21":"product-type-simple"},"yoast_head":"<!-- This site is optimized with the Yoast SEO plugin v27.5 - https:\/\/yoast.com\/product\/yoast-seo-wordpress\/ -->\n<title>Baby Pushchair Bebetto Nico Stroller - Estilo 08 - For Baby Boss<\/title>\n<meta name=\"description\" content=\"Baby Pushchair Bebetto Nico Stroller - Estilo 08\" \/>\n<meta name=\"robots\" content=\"index, follow, max-snippet:-1, max-image-preview:large, max-video-preview:-1\" \/>\n<link rel=\"canonical\" href=\"https:\/\/forbabyboss.com\/de\/product\/kinderwagen-bebetto-nico-kinderwagen-stilo-08\/\" \/>\n<meta property=\"og:locale\" content=\"de_DE\" \/>\n<meta property=\"og:type\" content=\"article\" \/>\n<meta property=\"og:title\" content=\"Baby Pushchair Bebetto Nico Stroller - Estilo 08 - For Baby Boss\" \/>\n<meta property=\"og:description\" content=\"Baby Pushchair Bebetto Nico Stroller - Estilo 08\" \/>\n<meta property=\"og:url\" content=\"https:\/\/forbabyboss.com\/de\/product\/kinderwagen-bebetto-nico-kinderwagen-stilo-08\/\" \/>\n<meta property=\"og:site_name\" content=\"For Baby Boss\" \/>\n<meta property=\"article:modified_time\" content=\"2026-02-21T16:11:52+00:00\" \/>\n<meta property=\"og:image\" content=\"https:\/\/forbabyboss.com\/wp-content\/uploads\/2022\/09\/Baby-Pushchair-Bebetto-Nico-Estilo-Stroller-Buggie-accessories-Estilo-08_MAIN.jpg\" \/>\n\t<meta property=\"og:image:width\" content=\"1000\" \/>\n\t<meta property=\"og:image:height\" content=\"1000\" \/>\n\t<meta property=\"og:image:type\" content=\"image\/jpeg\" \/>\n<meta name=\"twitter:card\" content=\"summary_large_image\" \/>\n<meta name=\"twitter:label1\" content=\"Gesch\u00e4tzte Lesezeit\" \/>\n\t<meta name=\"twitter:data1\" content=\"2\u00a0Minuten\" \/>\n<script type=\"application\/ld+json\" class=\"yoast-schema-graph\">{\"@context\":\"https:\\\/\\\/schema.org\",\"@graph\":[{\"@type\":\"WebPage\",\"@id\":\"https:\\\/\\\/forbabyboss.com\\\/product\\\/baby-pushchair-bebetto-nico-stroller-estilo-08\\\/\",\"url\":\"https:\\\/\\\/forbabyboss.com\\\/product\\\/baby-pushchair-bebetto-nico-stroller-estilo-08\\\/\",\"name\":\"Baby Pushchair Bebetto Nico Stroller - Estilo 08 - For Baby Boss\",\"isPartOf\":{\"@id\":\"https:\\\/\\\/powderblue-seahorse-496884.hostingersite.com\\\/#website\"},\"primaryImageOfPage\":{\"@id\":\"https:\\\/\\\/forbabyboss.com\\\/product\\\/baby-pushchair-bebetto-nico-stroller-estilo-08\\\/#primaryimage\"},\"image\":{\"@id\":\"https:\\\/\\\/forbabyboss.com\\\/product\\\/baby-pushchair-bebetto-nico-stroller-estilo-08\\\/#primaryimage\"},\"thumbnailUrl\":\"https:\\\/\\\/forbabyboss.com\\\/wp-content\\\/uploads\\\/2022\\\/09\\\/Baby-Pushchair-Bebetto-Nico-Estilo-Stroller-Buggie-accessories-Estilo-08_MAIN.jpg\",\"datePublished\":\"2022-09-09T07:58:52+00:00\",\"dateModified\":\"2026-02-21T16:11:52+00:00\",\"description\":\"Baby Pushchair Bebetto Nico Stroller - Estilo 08\",\"breadcrumb\":{\"@id\":\"https:\\\/\\\/forbabyboss.com\\\/product\\\/baby-pushchair-bebetto-nico-stroller-estilo-08\\\/#breadcrumb\"},\"inLanguage\":\"de\",\"potentialAction\":[{\"@type\":\"ReadAction\",\"target\":[\"https:\\\/\\\/forbabyboss.com\\\/product\\\/baby-pushchair-bebetto-nico-stroller-estilo-08\\\/\"]}]},{\"@type\":\"ImageObject\",\"inLanguage\":\"de\",\"@id\":\"https:\\\/\\\/forbabyboss.com\\\/product\\\/baby-pushchair-bebetto-nico-stroller-estilo-08\\\/#primaryimage\",\"url\":\"https:\\\/\\\/forbabyboss.com\\\/wp-content\\\/uploads\\\/2022\\\/09\\\/Baby-Pushchair-Bebetto-Nico-Estilo-Stroller-Buggie-accessories-Estilo-08_MAIN.jpg\",\"contentUrl\":\"https:\\\/\\\/forbabyboss.com\\\/wp-content\\\/uploads\\\/2022\\\/09\\\/Baby-Pushchair-Bebetto-Nico-Estilo-Stroller-Buggie-accessories-Estilo-08_MAIN.jpg\",\"width\":1000,\"height\":1000},{\"@type\":\"BreadcrumbList\",\"@id\":\"https:\\\/\\\/forbabyboss.com\\\/product\\\/baby-pushchair-bebetto-nico-stroller-estilo-08\\\/#breadcrumb\",\"itemListElement\":[{\"@type\":\"ListItem\",\"position\":1,\"name\":\"Home\",\"item\":\"https:\\\/\\\/forbabyboss.com\\\/\"},{\"@type\":\"ListItem\",\"position\":2,\"name\":\"Shop\",\"item\":\"https:\\\/\\\/forbabyboss.com\\\/shop\\\/\"},{\"@type\":\"ListItem\",\"position\":3,\"name\":\"Baby Pushchair Bebetto Nico Stroller &#8211; Estilo 08\"}]},{\"@type\":\"WebSite\",\"@id\":\"https:\\\/\\\/powderblue-seahorse-496884.hostingersite.com\\\/#website\",\"url\":\"https:\\\/\\\/powderblue-seahorse-496884.hostingersite.com\\\/\",\"name\":\"For Baby Boss\",\"description\":\"Beautiful gifts and accessories for your baby boss\",\"potentialAction\":[{\"@type\":\"SearchAction\",\"target\":{\"@type\":\"EntryPoint\",\"urlTemplate\":\"https:\\\/\\\/powderblue-seahorse-496884.hostingersite.com\\\/?s={search_term_string}\"},\"query-input\":{\"@type\":\"PropertyValueSpecification\",\"valueRequired\":true,\"valueName\":\"search_term_string\"}}],\"inLanguage\":\"de\"}]}<\/script>\n<!-- \/ Yoast SEO plugin. -->","yoast_head_json":{"title":"Kinderwagen Bebetto Nico Stroller - Stil 08 - F\u00fcr Baby Boss","description":"Kinderwagen Bebetto Nico Kinderwagen - Estilo 08","robots":{"index":"index","follow":"follow","max-snippet":"max-snippet:-1","max-image-preview":"max-image-preview:large","max-video-preview":"max-video-preview:-1"},"canonical":"https:\/\/forbabyboss.com\/de\/product\/kinderwagen-bebetto-nico-kinderwagen-stilo-08\/","og_locale":"de_DE","og_type":"article","og_title":"Baby Pushchair Bebetto Nico Stroller - Estilo 08 - For Baby Boss","og_description":"Baby Pushchair Bebetto Nico Stroller - Estilo 08","og_url":"https:\/\/forbabyboss.com\/de\/product\/kinderwagen-bebetto-nico-kinderwagen-stilo-08\/","og_site_name":"For Baby Boss","article_modified_time":"2026-02-21T16:11:52+00:00","og_image":[{"width":1000,"height":1000,"url":"https:\/\/forbabyboss.com\/wp-content\/uploads\/2022\/09\/Baby-Pushchair-Bebetto-Nico-Estilo-Stroller-Buggie-accessories-Estilo-08_MAIN.jpg","type":"image\/jpeg"}],"twitter_card":"summary_large_image","twitter_misc":{"Gesch\u00e4tzte Lesezeit":"2\u00a0Minuten"},"schema":{"@context":"https:\/\/schema.org","@graph":[{"@type":"WebPage","@id":"https:\/\/forbabyboss.com\/product\/baby-pushchair-bebetto-nico-stroller-estilo-08\/","url":"https:\/\/forbabyboss.com\/product\/baby-pushchair-bebetto-nico-stroller-estilo-08\/","name":"Kinderwagen Bebetto Nico Stroller - Stil 08 - F\u00fcr Baby Boss","isPartOf":{"@id":"https:\/\/powderblue-seahorse-496884.hostingersite.com\/#website"},"primaryImageOfPage":{"@id":"https:\/\/forbabyboss.com\/product\/baby-pushchair-bebetto-nico-stroller-estilo-08\/#primaryimage"},"image":{"@id":"https:\/\/forbabyboss.com\/product\/baby-pushchair-bebetto-nico-stroller-estilo-08\/#primaryimage"},"thumbnailUrl":"https:\/\/forbabyboss.com\/wp-content\/uploads\/2022\/09\/Baby-Pushchair-Bebetto-Nico-Estilo-Stroller-Buggie-accessories-Estilo-08_MAIN.jpg","datePublished":"2022-09-09T07:58:52+00:00","dateModified":"2026-02-21T16:11:52+00:00","description":"Kinderwagen Bebetto Nico Kinderwagen - Estilo 08","breadcrumb":{"@id":"https:\/\/forbabyboss.com\/product\/baby-pushchair-bebetto-nico-stroller-estilo-08\/#breadcrumb"},"inLanguage":"de","potentialAction":[{"@type":"ReadAction","target":["https:\/\/forbabyboss.com\/product\/baby-pushchair-bebetto-nico-stroller-estilo-08\/"]}]},{"@type":"ImageObject","inLanguage":"de","@id":"https:\/\/forbabyboss.com\/product\/baby-pushchair-bebetto-nico-stroller-estilo-08\/#primaryimage","url":"https:\/\/forbabyboss.com\/wp-content\/uploads\/2022\/09\/Baby-Pushchair-Bebetto-Nico-Estilo-Stroller-Buggie-accessories-Estilo-08_MAIN.jpg","contentUrl":"https:\/\/forbabyboss.com\/wp-content\/uploads\/2022\/09\/Baby-Pushchair-Bebetto-Nico-Estilo-Stroller-Buggie-accessories-Estilo-08_MAIN.jpg","width":1000,"height":1000},{"@type":"BreadcrumbList","@id":"https:\/\/forbabyboss.com\/product\/baby-pushchair-bebetto-nico-stroller-estilo-08\/#breadcrumb","itemListElement":[{"@type":"ListItem","position":1,"name":"Home","item":"https:\/\/forbabyboss.com\/"},{"@type":"ListItem","position":2,"name":"Shop","item":"https:\/\/forbabyboss.com\/shop\/"},{"@type":"ListItem","position":3,"name":"Baby Pushchair Bebetto Nico Stroller &#8211; Estilo 08"}]},{"@type":"WebSite","@id":"https:\/\/powderblue-seahorse-496884.hostingersite.com\/#website","url":"https:\/\/powderblue-seahorse-496884.hostingersite.com\/","name":"F\u00fcr Baby Boss","description":"Wundersch\u00f6ne Geschenke und Accessoires f\u00fcr Ihren kleinen Chef","potentialAction":[{"@type":"SearchAction","target":{"@type":"EntryPoint","urlTemplate":"https:\/\/powderblue-seahorse-496884.hostingersite.com\/?s={search_term_string}"},"query-input":{"@type":"PropertyValueSpecification","valueRequired":true,"valueName":"search_term_string"}}],"inLanguage":"de"}]}},"_links":{"self":[{"href":"https:\/\/forbabyboss.com\/de\/wp-json\/wp\/v2\/product\/4549","targetHints":{"allow":["GET"]}}],"collection":[{"href":"https:\/\/forbabyboss.com\/de\/wp-json\/wp\/v2\/product"}],"about":[{"href":"https:\/\/forbabyboss.com\/de\/wp-json\/wp\/v2\/types\/product"}],"wp:featuredmedia":[{"embeddable":true,"href":"https:\/\/forbabyboss.com\/de\/wp-json\/wp\/v2\/media\/4551"}],"wp:attachment":[{"href":"https:\/\/forbabyboss.com\/de\/wp-json\/wp\/v2\/media?parent=4549"}],"wp:term":[{"taxonomy":"product_brand","embeddable":true,"href":"https:\/\/forbabyboss.com\/de\/wp-json\/wp\/v2\/product_brand?post=4549"},{"taxonomy":"product_cat","embeddable":true,"href":"https:\/\/forbabyboss.com\/de\/wp-json\/wp\/v2\/product_cat?post=4549"},{"taxonomy":"product_tag","embeddable":true,"href":"https:\/\/forbabyboss.com\/de\/wp-json\/wp\/v2\/product_tag?post=4549"}],"curies":[{"name":"wp","href":"https:\/\/api.w.org\/{rel}","templated":true}]}}