{"id":4647,"date":"2022-09-09T13:06:11","date_gmt":"2022-09-09T13:06:11","guid":{"rendered":"http:\/\/forbabyboss.com\/?post_type=product&#038;p=4647"},"modified":"2026-02-21T16:22:00","modified_gmt":"2026-02-21T16:22:00","slug":"baby-parm-mirror-satin-kinderwagen-4-in-1-reisesystem-in-weis-und-silber","status":"publish","type":"product","link":"https:\/\/forbabyboss.com\/de\/product\/baby-parm-mirror-satin-stroller-4in1-travel-system-in-white-and-silver\/","title":{"rendered":"Baby Parm Mirror Satin Kinderwagen 4-in-1 Reisesystem in Wei\u00df und Silber"},"content":{"rendered":"<p style=\"text-align: justify;\"><strong>Zarter und eleganter Satin feiert sein Comeback. Die Mirror Satin Kollektion besticht durch einen vielschichtigen, gleichm\u00e4\u00dfigen Satin mit leicht schimmerndem Gondelmuster und kreiert so eine ganze Kollektion anspruchsvoller Looks.<\/strong><\/p>\n<p style=\"text-align: justify;\"><strong><span style=\"color: #ff0000;\">Produktmerkmale:<\/span><\/strong><\/p>\n<p style=\"text-align: left;\" align=\"center\"><strong><span style=\"font-family: Arial;\">\u00a0MAX-CLICK-Stecksystem<\/span><\/strong><\/p>\n<p style=\"text-align: left;\" align=\"center\"><strong><span style=\"font-family: Arial;\">\u2013 \u201cAnti-Schock\u201d-Sto\u00dfd\u00e4mpfungssystem<\/span><\/strong><\/p>\n<p style=\"text-align: left;\" align=\"center\"><strong><span style=\"font-family: Arial;\">\u2013 Zentralbremse<\/span><\/strong><\/p>\n<p style=\"text-align: left;\" align=\"center\"><strong><span style=\"font-family: Arial;\">\u2013 Gelr\u00e4der<\/span><\/strong><\/p>\n<p style=\"text-align: left;\" align=\"center\"><strong><span style=\"font-family: Arial;\">\u2013 6-Punkte-Bauabschreibung<\/span><\/strong><\/p>\n<p style=\"text-align: left;\" align=\"center\"><strong><span style=\"font-family: Arial;\">\u2013 Regulierung des Kunstledergriffs<\/span><\/strong><\/p>\n<p style=\"text-align: left;\" align=\"center\"><strong><span style=\"font-family: Arial;\">\u2013 Babywanne aus 3D-Material<\/span><\/strong><\/p>\n<p style=\"text-align: left;\" align=\"center\"><strong><span style=\"font-family: Arial;\">\u2013 Regelung f\u00fcr Babywannen<\/span><\/strong><\/p>\n<p style=\"text-align: left;\" align=\"center\"><strong><span style=\"font-family: Arial;\">\u2013 Bequeme, weiche Matratze<\/span><\/strong><\/p>\n<p style=\"text-align: left;\" align=\"center\"><strong><span style=\"font-family: Arial;\">\u2013 Polsterung und Matratze aus 100% Baumwolle<\/span><\/strong><\/p>\n<p style=\"text-align: left;\" align=\"center\"><strong><span style=\"font-family: Arial;\">\u2013 Abnehmbare Trennwand im Kinderwagen aus Kunstleder<\/span><\/strong><\/p>\n<p style=\"text-align: left;\" align=\"center\"><strong><span style=\"font-family: Arial;\">\u2013 Innovatives Bel\u00fcftungssystem in Kinderwagen und Buggy<\/span><\/strong><\/p>\n<p style=\"text-align: left;\" align=\"center\"><strong><span style=\"font-family: Arial;\">\u2013 Wasserdichtes und UV-best\u00e4ndiges Gewebe<\/span><\/strong><\/p>\n<p style=\"text-align: left;\" align=\"center\"><strong><span style=\"color: #ff0000;\"><span style=\"font-family: Arial;\">Im Preis inbegriffen:<\/span><\/span><\/strong><\/p>\n<p style=\"text-align: left;\" align=\"center\"><strong><span style=\"font-family: Arial; color: #ff0000;\">2 in 1 enth\u00e4lt:<\/span><\/strong><\/p>\n<p style=\"text-align: left;\" align=\"center\"><strong><span style=\"font-family: Arial;\">\u2013 Aluminiumrahmen plus Gelr\u00e4der<\/span><\/strong><\/p>\n<p style=\"text-align: left;\" align=\"center\"><strong>\u2013 Babywanne<\/strong><\/p>\n<p style=\"text-align: left;\" align=\"center\"><strong><span style=\"font-family: Arial;\">\u2013 Matratze<\/span><\/strong><\/p>\n<p style=\"text-align: left;\" align=\"center\"><strong>\u2013 Abdeckung f\u00fcr Babywanne<\/strong><\/p>\n<p style=\"text-align: left;\" align=\"center\"><strong><span style=\"font-family: Arial;\">\u2013 Sitzeinheit (Kinderwagen)<\/span><\/strong><\/p>\n<p style=\"text-align: left;\" align=\"center\"><strong><span style=\"font-family: Arial;\">\u2013 Fu\u00dfsack<\/span><\/strong><\/p>\n<p style=\"text-align: left;\" align=\"center\"><strong><span style=\"font-family: Arial;\">\u2013 Tasche mit Wickelunterlage<\/span><\/strong><\/p>\n<p style=\"text-align: left;\" align=\"center\"><strong><span style=\"font-family: Arial;\">\u2013 Ger\u00e4umiger Einkaufskorb<\/span><\/strong><\/p>\n<p style=\"text-align: left;\" align=\"center\"><strong><span style=\"font-family: Arial;\">\u2013 Regenschutz<\/span><\/strong><\/p>\n<p style=\"text-align: left;\" align=\"center\"><strong><span style=\"font-family: Arial;\">\u2013 Moskitonetz<\/span><\/strong><\/p>\n<p style=\"text-align: left;\" align=\"center\"><strong><span style=\"font-family: Arial;\">\u2013 Getr\u00e4nkehalter<\/span><\/strong><\/p>\n<p style=\"text-align: left;\" align=\"center\"><strong><span style=\"font-family: Arial;\">Weitere Optionen:<\/span><\/strong><\/p>\n<p style=\"text-align: left;\" align=\"center\"><strong><span style=\"font-family: Arial;\">\u2013 Adapter\u00a0<\/span><\/strong><\/p>\n<p style=\"text-align: left;\" align=\"center\"><strong><span style=\"font-family: Arial;\">\u2013 Schlafsack\u00a0<\/span><\/strong><\/p>\n<p style=\"text-align: left;\" align=\"center\"><strong><span style=\"font-family: Arial;\">- Regenschirm<\/span><\/strong><\/p>\n<p style=\"text-align: left;\" align=\"center\"><strong><span style=\"font-family: Arial;\">- Handschuhe<\/span><\/strong><\/p>\n<p style=\"text-align: left;\" align=\"center\"><strong><span style=\"font-family: Arial;\">*Autositz (optional)<\/span><\/strong><\/p>\n<p style=\"text-align: left;\" align=\"center\"><strong>*ISOFIX-Basis (optional)<\/strong><\/p>\n<p><strong><span style=\"color: #ff0000;\">Abmessungen\u00a0<\/span><\/strong><\/p>\n<p style=\"text-align: left;\" align=\"center\"><strong><span style=\"color: #000000;\"><span style=\"font-family: Arial;\"><img decoding=\"async\" src=\"https:\/\/ppg4kids.com\/img\/cms\/wymiary.PNG\" \/><\/span><\/span><\/strong><\/p>\n<p style=\"text-align: left;\" align=\"center\"><a href=\"http:\/\/forbabyboss.com\/wp-content\/uploads\/2022\/09\/checkout.png\"><img loading=\"lazy\" decoding=\"async\" class=\"alignnone size-full wp-image-5965\" src=\"http:\/\/forbabyboss.com\/wp-content\/uploads\/2022\/09\/checkout.png\" alt=\"\" width=\"750\" height=\"276\" srcset=\"https:\/\/forbabyboss.com\/wp-content\/uploads\/2022\/09\/checkout.png 750w, https:\/\/forbabyboss.com\/wp-content\/uploads\/2022\/09\/checkout-600x221.png 600w\" sizes=\"auto, (max-width: 750px) 100vw, 750px\" \/><\/a><\/p>","protected":false},"excerpt":{"rendered":"<p><a href=\"http:\/\/forbabyboss.com\/wp-content\/uploads\/2022\/09\/Star-Rating-5.png\"><img loading=\"lazy\" decoding=\"async\" class=\"alignnone size-full wp-image-5973 aligncenter\" src=\"http:\/\/forbabyboss.com\/wp-content\/uploads\/2022\/09\/Star-Rating-5.png\" alt=\"\" width=\"275\" height=\"45\" \/><\/a><\/p>\n<p style=\"text-align: center;\"><span style=\"color: #ed1c24; font-size: 120%;\"><b>PREISGARANTIE<\/b><\/span><\/p>\n<p style=\"text-align: center;\"><span style=\"font-size: 115%;\"><span style=\"font-weight: 400; color: #4f4fa7;\">Kostenloser Versand<\/span><span style=\"font-weight: 400;\"> \u2013 2 \u2013 7 Tage<\/span><\/span><\/p>\n<p style=\"text-align: center;\"><strong><span style=\"color: #29606b;\">Gratisgeschenk ab einem Einkaufswert von 100 \u00a3<\/span><\/strong><\/p>","protected":false},"featured_media":4653,"template":"","meta":[],"product_brand":[584],"product_cat":[156,197,305,130,209,221,211,229],"product_tag":[163,200,199],"class_list":{"0":"post-4647","1":"product","2":"type-product","3":"status-publish","4":"has-post-thumbnail","6":"product_brand-junama","7":"product_cat-3-in-1","8":"product_cat-4-in-1-pram","9":"product_cat-colour","10":"product_cat-prams","11":"product_cat-push-chairs","12":"product_cat-silver-colour","13":"product_cat-stroller","14":"product_cat-white","15":"product_tag-3-in-1-prams","16":"product_tag-4-in-1-pram","17":"product_tag-prams","19":"first","20":"instock","21":"sale","22":"shipping-taxable","23":"purchasable","24":"product-type-simple"},"yoast_head":"<!-- This site is optimized with the Yoast SEO plugin v27.5 - https:\/\/yoast.com\/product\/yoast-seo-wordpress\/ -->\n<title>Baby Parm Mirror Satin Stroller 4in1 Travel System In White and Silver - For Baby Boss<\/title>\n<meta name=\"description\" content=\"Baby Parm Mirror Satin Stroller 4in1 Travel System In White and Silver\" \/>\n<meta name=\"robots\" content=\"index, follow, max-snippet:-1, max-image-preview:large, max-video-preview:-1\" \/>\n<link rel=\"canonical\" href=\"https:\/\/forbabyboss.com\/de\/product\/baby-parm-mirror-satin-kinderwagen-4-in-1-reisesystem-in-weis-und-silber\/\" \/>\n<meta property=\"og:locale\" content=\"de_DE\" \/>\n<meta property=\"og:type\" content=\"article\" \/>\n<meta property=\"og:title\" content=\"Baby Parm Mirror Satin Stroller 4in1 Travel System In White and Silver - For Baby Boss\" \/>\n<meta property=\"og:description\" content=\"Baby Parm Mirror Satin Stroller 4in1 Travel System In White and Silver\" \/>\n<meta property=\"og:url\" content=\"https:\/\/forbabyboss.com\/de\/product\/baby-parm-mirror-satin-kinderwagen-4-in-1-reisesystem-in-weis-und-silber\/\" \/>\n<meta property=\"og:site_name\" content=\"For Baby Boss\" \/>\n<meta property=\"article:modified_time\" content=\"2026-02-21T16:22:00+00:00\" \/>\n<meta property=\"og:image\" content=\"https:\/\/forbabyboss.com\/wp-content\/uploads\/2022\/09\/Baby-Pram-Pushchair-Junama-Mirror-Satin-Travel-System-2in1-3in1-4in1-Car-Seat-4in13in1isofix-base-04_MAIN.jpg\" \/>\n\t<meta property=\"og:image:width\" content=\"1020\" \/>\n\t<meta property=\"og:image:height\" content=\"1020\" \/>\n\t<meta property=\"og:image:type\" content=\"image\/jpeg\" \/>\n<meta name=\"twitter:card\" content=\"summary_large_image\" \/>\n<meta name=\"twitter:label1\" content=\"Gesch\u00e4tzte Lesezeit\" \/>\n\t<meta name=\"twitter:data1\" content=\"1\u00a0Minute\" \/>\n<script type=\"application\/ld+json\" class=\"yoast-schema-graph\">{\"@context\":\"https:\\\/\\\/schema.org\",\"@graph\":[{\"@type\":\"WebPage\",\"@id\":\"https:\\\/\\\/forbabyboss.com\\\/product\\\/baby-parm-mirror-satin-stroller-4in1-travel-system-in-white-and-silver\\\/\",\"url\":\"https:\\\/\\\/forbabyboss.com\\\/product\\\/baby-parm-mirror-satin-stroller-4in1-travel-system-in-white-and-silver\\\/\",\"name\":\"Baby Parm Mirror Satin Stroller 4in1 Travel System In White and Silver - For Baby Boss\",\"isPartOf\":{\"@id\":\"https:\\\/\\\/powderblue-seahorse-496884.hostingersite.com\\\/#website\"},\"primaryImageOfPage\":{\"@id\":\"https:\\\/\\\/forbabyboss.com\\\/product\\\/baby-parm-mirror-satin-stroller-4in1-travel-system-in-white-and-silver\\\/#primaryimage\"},\"image\":{\"@id\":\"https:\\\/\\\/forbabyboss.com\\\/product\\\/baby-parm-mirror-satin-stroller-4in1-travel-system-in-white-and-silver\\\/#primaryimage\"},\"thumbnailUrl\":\"https:\\\/\\\/forbabyboss.com\\\/wp-content\\\/uploads\\\/2022\\\/09\\\/Baby-Pram-Pushchair-Junama-Mirror-Satin-Travel-System-2in1-3in1-4in1-Car-Seat-4in13in1isofix-base-04_MAIN.jpg\",\"datePublished\":\"2022-09-09T13:06:11+00:00\",\"dateModified\":\"2026-02-21T16:22:00+00:00\",\"description\":\"Baby Parm Mirror Satin Stroller 4in1 Travel System In White and Silver\",\"breadcrumb\":{\"@id\":\"https:\\\/\\\/forbabyboss.com\\\/product\\\/baby-parm-mirror-satin-stroller-4in1-travel-system-in-white-and-silver\\\/#breadcrumb\"},\"inLanguage\":\"de\",\"potentialAction\":[{\"@type\":\"ReadAction\",\"target\":[\"https:\\\/\\\/forbabyboss.com\\\/product\\\/baby-parm-mirror-satin-stroller-4in1-travel-system-in-white-and-silver\\\/\"]}]},{\"@type\":\"ImageObject\",\"inLanguage\":\"de\",\"@id\":\"https:\\\/\\\/forbabyboss.com\\\/product\\\/baby-parm-mirror-satin-stroller-4in1-travel-system-in-white-and-silver\\\/#primaryimage\",\"url\":\"https:\\\/\\\/forbabyboss.com\\\/wp-content\\\/uploads\\\/2022\\\/09\\\/Baby-Pram-Pushchair-Junama-Mirror-Satin-Travel-System-2in1-3in1-4in1-Car-Seat-4in13in1isofix-base-04_MAIN.jpg\",\"contentUrl\":\"https:\\\/\\\/forbabyboss.com\\\/wp-content\\\/uploads\\\/2022\\\/09\\\/Baby-Pram-Pushchair-Junama-Mirror-Satin-Travel-System-2in1-3in1-4in1-Car-Seat-4in13in1isofix-base-04_MAIN.jpg\",\"width\":1020,\"height\":1020},{\"@type\":\"BreadcrumbList\",\"@id\":\"https:\\\/\\\/forbabyboss.com\\\/product\\\/baby-parm-mirror-satin-stroller-4in1-travel-system-in-white-and-silver\\\/#breadcrumb\",\"itemListElement\":[{\"@type\":\"ListItem\",\"position\":1,\"name\":\"Home\",\"item\":\"https:\\\/\\\/forbabyboss.com\\\/\"},{\"@type\":\"ListItem\",\"position\":2,\"name\":\"Shop\",\"item\":\"https:\\\/\\\/forbabyboss.com\\\/shop\\\/\"},{\"@type\":\"ListItem\",\"position\":3,\"name\":\"Baby Parm Mirror Satin Stroller 4in1 Travel System In White and Silver\"}]},{\"@type\":\"WebSite\",\"@id\":\"https:\\\/\\\/powderblue-seahorse-496884.hostingersite.com\\\/#website\",\"url\":\"https:\\\/\\\/powderblue-seahorse-496884.hostingersite.com\\\/\",\"name\":\"For Baby Boss\",\"description\":\"Beautiful gifts and accessories for your baby boss\",\"potentialAction\":[{\"@type\":\"SearchAction\",\"target\":{\"@type\":\"EntryPoint\",\"urlTemplate\":\"https:\\\/\\\/powderblue-seahorse-496884.hostingersite.com\\\/?s={search_term_string}\"},\"query-input\":{\"@type\":\"PropertyValueSpecification\",\"valueRequired\":true,\"valueName\":\"search_term_string\"}}],\"inLanguage\":\"de\"}]}<\/script>\n<!-- \/ Yoast SEO plugin. -->","yoast_head_json":{"title":"Baby Parm Mirror Satin Kinderwagen 4-in-1 Reisesystem in Wei\u00df und Silber - F\u00fcr Baby Boss","description":"Baby Parm Mirror Satin Kinderwagen 4-in-1 Reisesystem in Wei\u00df und Silber","robots":{"index":"index","follow":"follow","max-snippet":"max-snippet:-1","max-image-preview":"max-image-preview:large","max-video-preview":"max-video-preview:-1"},"canonical":"https:\/\/forbabyboss.com\/de\/product\/baby-parm-mirror-satin-kinderwagen-4-in-1-reisesystem-in-weis-und-silber\/","og_locale":"de_DE","og_type":"article","og_title":"Baby Parm Mirror Satin Stroller 4in1 Travel System In White and Silver - For Baby Boss","og_description":"Baby Parm Mirror Satin Stroller 4in1 Travel System In White and Silver","og_url":"https:\/\/forbabyboss.com\/de\/product\/baby-parm-mirror-satin-kinderwagen-4-in-1-reisesystem-in-weis-und-silber\/","og_site_name":"For Baby Boss","article_modified_time":"2026-02-21T16:22:00+00:00","og_image":[{"width":1020,"height":1020,"url":"https:\/\/forbabyboss.com\/wp-content\/uploads\/2022\/09\/Baby-Pram-Pushchair-Junama-Mirror-Satin-Travel-System-2in1-3in1-4in1-Car-Seat-4in13in1isofix-base-04_MAIN.jpg","type":"image\/jpeg"}],"twitter_card":"summary_large_image","twitter_misc":{"Gesch\u00e4tzte Lesezeit":"1\u00a0Minute"},"schema":{"@context":"https:\/\/schema.org","@graph":[{"@type":"WebPage","@id":"https:\/\/forbabyboss.com\/product\/baby-parm-mirror-satin-stroller-4in1-travel-system-in-white-and-silver\/","url":"https:\/\/forbabyboss.com\/product\/baby-parm-mirror-satin-stroller-4in1-travel-system-in-white-and-silver\/","name":"Baby Parm Mirror Satin Kinderwagen 4-in-1 Reisesystem in Wei\u00df und Silber - F\u00fcr Baby Boss","isPartOf":{"@id":"https:\/\/powderblue-seahorse-496884.hostingersite.com\/#website"},"primaryImageOfPage":{"@id":"https:\/\/forbabyboss.com\/product\/baby-parm-mirror-satin-stroller-4in1-travel-system-in-white-and-silver\/#primaryimage"},"image":{"@id":"https:\/\/forbabyboss.com\/product\/baby-parm-mirror-satin-stroller-4in1-travel-system-in-white-and-silver\/#primaryimage"},"thumbnailUrl":"https:\/\/forbabyboss.com\/wp-content\/uploads\/2022\/09\/Baby-Pram-Pushchair-Junama-Mirror-Satin-Travel-System-2in1-3in1-4in1-Car-Seat-4in13in1isofix-base-04_MAIN.jpg","datePublished":"2022-09-09T13:06:11+00:00","dateModified":"2026-02-21T16:22:00+00:00","description":"Baby Parm Mirror Satin Kinderwagen 4-in-1 Reisesystem in Wei\u00df und Silber","breadcrumb":{"@id":"https:\/\/forbabyboss.com\/product\/baby-parm-mirror-satin-stroller-4in1-travel-system-in-white-and-silver\/#breadcrumb"},"inLanguage":"de","potentialAction":[{"@type":"ReadAction","target":["https:\/\/forbabyboss.com\/product\/baby-parm-mirror-satin-stroller-4in1-travel-system-in-white-and-silver\/"]}]},{"@type":"ImageObject","inLanguage":"de","@id":"https:\/\/forbabyboss.com\/product\/baby-parm-mirror-satin-stroller-4in1-travel-system-in-white-and-silver\/#primaryimage","url":"https:\/\/forbabyboss.com\/wp-content\/uploads\/2022\/09\/Baby-Pram-Pushchair-Junama-Mirror-Satin-Travel-System-2in1-3in1-4in1-Car-Seat-4in13in1isofix-base-04_MAIN.jpg","contentUrl":"https:\/\/forbabyboss.com\/wp-content\/uploads\/2022\/09\/Baby-Pram-Pushchair-Junama-Mirror-Satin-Travel-System-2in1-3in1-4in1-Car-Seat-4in13in1isofix-base-04_MAIN.jpg","width":1020,"height":1020},{"@type":"BreadcrumbList","@id":"https:\/\/forbabyboss.com\/product\/baby-parm-mirror-satin-stroller-4in1-travel-system-in-white-and-silver\/#breadcrumb","itemListElement":[{"@type":"ListItem","position":1,"name":"Home","item":"https:\/\/forbabyboss.com\/"},{"@type":"ListItem","position":2,"name":"Shop","item":"https:\/\/forbabyboss.com\/shop\/"},{"@type":"ListItem","position":3,"name":"Baby Parm Mirror Satin Stroller 4in1 Travel System In White and Silver"}]},{"@type":"WebSite","@id":"https:\/\/powderblue-seahorse-496884.hostingersite.com\/#website","url":"https:\/\/powderblue-seahorse-496884.hostingersite.com\/","name":"F\u00fcr Baby Boss","description":"Wundersch\u00f6ne Geschenke und Accessoires f\u00fcr Ihren kleinen Chef","potentialAction":[{"@type":"SearchAction","target":{"@type":"EntryPoint","urlTemplate":"https:\/\/powderblue-seahorse-496884.hostingersite.com\/?s={search_term_string}"},"query-input":{"@type":"PropertyValueSpecification","valueRequired":true,"valueName":"search_term_string"}}],"inLanguage":"de"}]}},"_links":{"self":[{"href":"https:\/\/forbabyboss.com\/de\/wp-json\/wp\/v2\/product\/4647","targetHints":{"allow":["GET"]}}],"collection":[{"href":"https:\/\/forbabyboss.com\/de\/wp-json\/wp\/v2\/product"}],"about":[{"href":"https:\/\/forbabyboss.com\/de\/wp-json\/wp\/v2\/types\/product"}],"wp:featuredmedia":[{"embeddable":true,"href":"https:\/\/forbabyboss.com\/de\/wp-json\/wp\/v2\/media\/4653"}],"wp:attachment":[{"href":"https:\/\/forbabyboss.com\/de\/wp-json\/wp\/v2\/media?parent=4647"}],"wp:term":[{"taxonomy":"product_brand","embeddable":true,"href":"https:\/\/forbabyboss.com\/de\/wp-json\/wp\/v2\/product_brand?post=4647"},{"taxonomy":"product_cat","embeddable":true,"href":"https:\/\/forbabyboss.com\/de\/wp-json\/wp\/v2\/product_cat?post=4647"},{"taxonomy":"product_tag","embeddable":true,"href":"https:\/\/forbabyboss.com\/de\/wp-json\/wp\/v2\/product_tag?post=4647"}],"curies":[{"name":"wp","href":"https:\/\/api.w.org\/{rel}","templated":true}]}}