{"id":4679,"date":"2022-09-09T14:01:33","date_gmt":"2022-09-09T14:01:33","guid":{"rendered":"http:\/\/forbabyboss.com\/?post_type=product&#038;p=4679"},"modified":"2026-02-21T16:23:57","modified_gmt":"2026-02-21T16:23:57","slug":"kinderwagen-4in1-pro-07-oko-lederbuggy-in-grau","status":"publish","type":"product","link":"https:\/\/forbabyboss.com\/de\/product\/baby-pram-pushchair-4in1-pro-07-eco-leather-stroller-in-grey\/","title":{"rendered":"Kinderwagen 4in1 Pro 07 aus \u00d6ko-Leder in Grau"},"content":{"rendered":"<p><strong><span style=\"font-size: 120%;\"><span style=\"color: #e14d43;\">Exklusiver Begleiter f\u00fcr ein komfortables Erlebnis<\/span><\/span><\/strong><\/p>\n<p><strong><span style=\"color: #e14d43;\">NEUER LUCA!<\/span><\/strong><\/p>\n<p style=\"text-align: justify;\"><strong><span style=\"color: #808080;\">M\u00f6chten Sie sehen, was es Neues in unserer Kollektion gibt?<\/span><\/strong><\/p>\n<p style=\"text-align: justify;\"><strong><span style=\"color: #808080;\">Werfen Sie einen genaueren Blick auf Luca PRO. Die Babywanne aus \u00d6ko-Leder und die stilvolle Stickerei machen sie zu einer wirklich einzigartigen L\u00f6sung. In der Luca VERO Kollektion finden Sie einzigartige Materialkombinationen mit verschiedenen \u00d6ko-Ledersorten.<\/span><\/strong><\/p>\n<h4 style=\"text-align: justify;\"><strong><span style=\"color: #808080;\"><span style=\"color: #e14d43;\">PREIS INKLUSIVE<\/span>:<\/span><\/strong><\/h4>\n<p style=\"text-align: justify;\" align=\"center\"><strong><span style=\"font-family: Arial; color: #808080;\">\u2013 Aluminiumrahmen<\/span><\/strong><\/p>\n<p style=\"text-align: justify;\" align=\"center\"><strong><span style=\"font-family: Arial; color: #808080;\">\u2013 4 R\u00e4der<\/span><\/strong><\/p>\n<p style=\"text-align: justify;\" align=\"center\"><strong><span style=\"font-family: Arial; color: #808080;\">\u2013 Babywanne<\/span><\/strong><\/p>\n<p style=\"text-align: justify;\" align=\"center\"><strong><span style=\"font-family: Arial; color: #808080;\">\u2013 Kinderwagenabdeckung und Matratze<\/span><\/strong><\/p>\n<p style=\"text-align: justify;\" align=\"center\"><strong><span style=\"font-family: Arial; color: #808080;\">\u2013 Regenschutz<\/span><\/strong><\/p>\n<p style=\"text-align: justify;\" align=\"center\"><strong><span style=\"font-family: Arial; color: #808080;\">\u2013 Moskitonetz<\/span><\/strong><\/p>\n<p style=\"text-align: justify;\" align=\"center\"><strong><span style=\"font-family: Arial; color: #808080;\">\u2013 Moderne Tasche<\/span><\/strong><\/p>\n<p style=\"text-align: justify;\" align=\"center\"><strong><span style=\"font-family: Arial; color: #808080;\">\u2013 Warenkorb<\/span><\/strong><\/p>\n<p style=\"text-align: justify;\" align=\"center\"><strong><span style=\"font-family: Arial; color: #808080;\">\u2013 Getr\u00e4nkehalter<\/span><\/strong><\/p>\n<p style=\"text-align: justify;\" align=\"center\"><strong><span style=\"font-family: Arial; color: #808080;\">\u2013 24 Monate Garantie<\/span><\/strong><\/p>\n<p style=\"text-align: justify;\" align=\"center\"><strong><span style=\"font-family: Arial; color: #808080;\">\u2013 Kinderwagen<\/span><\/strong><\/p>\n<p style=\"text-align: justify;\" align=\"center\"><strong><span style=\"font-family: Arial; color: #808080;\">\u2013 *Kindersitz (optional)<\/span><\/strong><\/p>\n<p style=\"text-align: justify;\" align=\"center\"><strong><span style=\"font-family: Arial; color: #808080;\">\u2013 *Isofix-Basis (optional_<\/span><\/strong><\/p>\n<div>\n<div><strong><span style=\"color: #808080;\">Zusammengefaltet passt es in folgendes Fach: 75 x 59 x 36 cm<\/span><\/strong><\/div>\n<div><\/div>\n<div><strong><span style=\"color: #808080;\">*Abmessungen: L\u00e4nge, Breite, H\u00f6he, Gewicht.<\/span><\/strong><\/div>\n<div><\/div>\n<div><strong><span style=\"color: #808080;\"><img loading=\"lazy\" decoding=\"async\" class=\"aligncenter\" src=\"https:\/\/i.ebayimg.com\/images\/g\/7vAAAOSwpmximeQ5\/s-l1600.png\" alt=\"Bild 81 \u2013 Kinderwagen Bebetto Luca PRO eco Reisesystem 2in1 3in1 4in1 Autositz\" width=\"972\" height=\"99\" \/><\/span><\/strong><\/div>\n<div><\/div>\n<div><\/div>\n<div><\/div>\n<div><strong><span style=\"color: #808080;\"><img loading=\"lazy\" decoding=\"async\" class=\"\" src=\"https:\/\/i.ebayimg.com\/images\/g\/dAIAAOSwBeBilzyx\/s-l1600.jpg\" alt=\"Bild 3 \u2013 Kinderwagen Bebetto Luca PRO eco Reisesystem 2-in-1, 3-in-1, 4-in-1 Autositz\" width=\"954\" height=\"288\" \/><img loading=\"lazy\" decoding=\"async\" class=\"\" src=\"https:\/\/i.ebayimg.com\/images\/g\/gXsAAOSwWvlilzyy\/s-l1600.jpg\" alt=\"Bild 4 \u2013 Kinderwagen Bebetto Luca PRO eco Reisesystem 2-in-1, 3-in-1, 4-in-1 Autositz\" width=\"941\" height=\"258\" \/><\/span><\/strong><\/div>\n<\/div>\n<div><\/div>\n<div><a href=\"http:\/\/forbabyboss.com\/wp-content\/uploads\/2022\/09\/checkout.png\"><img loading=\"lazy\" decoding=\"async\" class=\"alignnone size-full wp-image-5965\" src=\"http:\/\/forbabyboss.com\/wp-content\/uploads\/2022\/09\/checkout.png\" alt=\"\" width=\"750\" height=\"276\" srcset=\"https:\/\/forbabyboss.com\/wp-content\/uploads\/2022\/09\/checkout.png 750w, https:\/\/forbabyboss.com\/wp-content\/uploads\/2022\/09\/checkout-600x221.png 600w\" sizes=\"auto, (max-width: 750px) 100vw, 750px\" \/><\/a><\/div>","protected":false},"excerpt":{"rendered":"<p><a href=\"http:\/\/forbabyboss.com\/wp-content\/uploads\/2022\/09\/Star-Rating-5.png\"><img loading=\"lazy\" decoding=\"async\" class=\"alignnone size-full wp-image-5973 aligncenter\" src=\"http:\/\/forbabyboss.com\/wp-content\/uploads\/2022\/09\/Star-Rating-5.png\" alt=\"\" width=\"275\" height=\"45\" \/><\/a><\/p>\n<p style=\"text-align: center;\"><span style=\"color: #ed1c24; font-size: 120%;\"><b>PREISGARANTIE<\/b><\/span><\/p>\n<p style=\"text-align: center;\"><span style=\"font-size: 115%;\"><span style=\"font-weight: 400; color: #4f4fa7;\">Kostenloser Versand<\/span><span style=\"font-weight: 400;\"> \u2013 2 \u2013 7 Tage<\/span><\/span><\/p>\n<p style=\"text-align: center;\"><strong><span style=\"color: #29606b;\">Gratisgeschenk ab einem Einkaufswert von 100 \u00a3<\/span><\/strong><\/p>","protected":false},"featured_media":4681,"template":"","meta":[],"product_brand":[583],"product_cat":[339,156,197,305,210,130,211],"product_tag":[202,200,199],"class_list":{"0":"post-4679","1":"product","2":"type-product","3":"status-publish","4":"has-post-thumbnail","6":"product_brand-bebetto","7":"product_cat-700-to-800","8":"product_cat-3-in-1","9":"product_cat-4-in-1-pram","10":"product_cat-colour","11":"product_cat-grey","12":"product_cat-prams","13":"product_cat-stroller","14":"product_tag-3-in-1-pram","15":"product_tag-4-in-1-pram","16":"product_tag-prams","18":"first","19":"instock","20":"sale","21":"shipping-taxable","22":"purchasable","23":"product-type-simple"},"yoast_head":"<!-- This site is optimized with the Yoast SEO plugin v27.5 - https:\/\/yoast.com\/product\/yoast-seo-wordpress\/ -->\n<title>Baby Pram Pushchair 4in1 Pro 07 Eco-leather Stroller in Grey - For Baby Boss<\/title>\n<meta name=\"description\" content=\"Baby Pram Pushchair 4in1 Pro 07 Eco-leather Stroller in Grey\" \/>\n<meta name=\"robots\" content=\"index, follow, max-snippet:-1, max-image-preview:large, max-video-preview:-1\" \/>\n<link rel=\"canonical\" href=\"https:\/\/forbabyboss.com\/de\/product\/kinderwagen-4in1-pro-07-oko-lederbuggy-in-grau\/\" \/>\n<meta property=\"og:locale\" content=\"de_DE\" \/>\n<meta property=\"og:type\" content=\"article\" \/>\n<meta property=\"og:title\" content=\"Baby Pram Pushchair 4in1 Pro 07 Eco-leather Stroller in Grey - For Baby Boss\" \/>\n<meta property=\"og:description\" content=\"Baby Pram Pushchair 4in1 Pro 07 Eco-leather Stroller in Grey\" \/>\n<meta property=\"og:url\" content=\"https:\/\/forbabyboss.com\/de\/product\/kinderwagen-4in1-pro-07-oko-lederbuggy-in-grau\/\" \/>\n<meta property=\"og:site_name\" content=\"For Baby Boss\" \/>\n<meta property=\"article:modified_time\" content=\"2026-02-21T16:23:57+00:00\" \/>\n<meta property=\"og:image\" content=\"https:\/\/forbabyboss.com\/wp-content\/uploads\/2022\/09\/Baby-Pram-Pushchair-Bebetto-Luca-PRO-eco-Travel-System-2in1-3in1-4in1-Car-Seat-PRO-07-4in13in1isofix-base_MAIN.png\" \/>\n\t<meta property=\"og:image:width\" content=\"1000\" \/>\n\t<meta property=\"og:image:height\" content=\"1000\" \/>\n\t<meta property=\"og:image:type\" content=\"image\/png\" \/>\n<meta name=\"twitter:card\" content=\"summary_large_image\" \/>\n<meta name=\"twitter:label1\" content=\"Gesch\u00e4tzte Lesezeit\" \/>\n\t<meta name=\"twitter:data1\" content=\"2\u00a0Minuten\" \/>\n<script type=\"application\/ld+json\" class=\"yoast-schema-graph\">{\"@context\":\"https:\\\/\\\/schema.org\",\"@graph\":[{\"@type\":\"WebPage\",\"@id\":\"https:\\\/\\\/forbabyboss.com\\\/product\\\/baby-pram-pushchair-4in1-pro-07-eco-leather-stroller-in-grey\\\/\",\"url\":\"https:\\\/\\\/forbabyboss.com\\\/product\\\/baby-pram-pushchair-4in1-pro-07-eco-leather-stroller-in-grey\\\/\",\"name\":\"Baby Pram Pushchair 4in1 Pro 07 Eco-leather Stroller in Grey - For Baby Boss\",\"isPartOf\":{\"@id\":\"https:\\\/\\\/powderblue-seahorse-496884.hostingersite.com\\\/#website\"},\"primaryImageOfPage\":{\"@id\":\"https:\\\/\\\/forbabyboss.com\\\/product\\\/baby-pram-pushchair-4in1-pro-07-eco-leather-stroller-in-grey\\\/#primaryimage\"},\"image\":{\"@id\":\"https:\\\/\\\/forbabyboss.com\\\/product\\\/baby-pram-pushchair-4in1-pro-07-eco-leather-stroller-in-grey\\\/#primaryimage\"},\"thumbnailUrl\":\"https:\\\/\\\/forbabyboss.com\\\/wp-content\\\/uploads\\\/2022\\\/09\\\/Baby-Pram-Pushchair-Bebetto-Luca-PRO-eco-Travel-System-2in1-3in1-4in1-Car-Seat-PRO-07-4in13in1isofix-base_MAIN.png\",\"datePublished\":\"2022-09-09T14:01:33+00:00\",\"dateModified\":\"2026-02-21T16:23:57+00:00\",\"description\":\"Baby Pram Pushchair 4in1 Pro 07 Eco-leather Stroller in Grey\",\"breadcrumb\":{\"@id\":\"https:\\\/\\\/forbabyboss.com\\\/product\\\/baby-pram-pushchair-4in1-pro-07-eco-leather-stroller-in-grey\\\/#breadcrumb\"},\"inLanguage\":\"de\",\"potentialAction\":[{\"@type\":\"ReadAction\",\"target\":[\"https:\\\/\\\/forbabyboss.com\\\/product\\\/baby-pram-pushchair-4in1-pro-07-eco-leather-stroller-in-grey\\\/\"]}]},{\"@type\":\"ImageObject\",\"inLanguage\":\"de\",\"@id\":\"https:\\\/\\\/forbabyboss.com\\\/product\\\/baby-pram-pushchair-4in1-pro-07-eco-leather-stroller-in-grey\\\/#primaryimage\",\"url\":\"https:\\\/\\\/forbabyboss.com\\\/wp-content\\\/uploads\\\/2022\\\/09\\\/Baby-Pram-Pushchair-Bebetto-Luca-PRO-eco-Travel-System-2in1-3in1-4in1-Car-Seat-PRO-07-4in13in1isofix-base_MAIN.png\",\"contentUrl\":\"https:\\\/\\\/forbabyboss.com\\\/wp-content\\\/uploads\\\/2022\\\/09\\\/Baby-Pram-Pushchair-Bebetto-Luca-PRO-eco-Travel-System-2in1-3in1-4in1-Car-Seat-PRO-07-4in13in1isofix-base_MAIN.png\",\"width\":1000,\"height\":1000},{\"@type\":\"BreadcrumbList\",\"@id\":\"https:\\\/\\\/forbabyboss.com\\\/product\\\/baby-pram-pushchair-4in1-pro-07-eco-leather-stroller-in-grey\\\/#breadcrumb\",\"itemListElement\":[{\"@type\":\"ListItem\",\"position\":1,\"name\":\"Home\",\"item\":\"https:\\\/\\\/forbabyboss.com\\\/\"},{\"@type\":\"ListItem\",\"position\":2,\"name\":\"Shop\",\"item\":\"https:\\\/\\\/forbabyboss.com\\\/shop\\\/\"},{\"@type\":\"ListItem\",\"position\":3,\"name\":\"Baby Pram Pushchair 4in1 Pro 07 Eco-leather Stroller in Grey\"}]},{\"@type\":\"WebSite\",\"@id\":\"https:\\\/\\\/powderblue-seahorse-496884.hostingersite.com\\\/#website\",\"url\":\"https:\\\/\\\/powderblue-seahorse-496884.hostingersite.com\\\/\",\"name\":\"For Baby Boss\",\"description\":\"Beautiful gifts and accessories for your baby boss\",\"potentialAction\":[{\"@type\":\"SearchAction\",\"target\":{\"@type\":\"EntryPoint\",\"urlTemplate\":\"https:\\\/\\\/powderblue-seahorse-496884.hostingersite.com\\\/?s={search_term_string}\"},\"query-input\":{\"@type\":\"PropertyValueSpecification\",\"valueRequired\":true,\"valueName\":\"search_term_string\"}}],\"inLanguage\":\"de\"}]}<\/script>\n<!-- \/ Yoast SEO plugin. -->","yoast_head_json":{"title":"Baby Buggy 4in1 Pro 07 \u00d6ko-Leder-Kinderwagen in Grau - F\u00fcr Baby Boss","description":"Kinderwagen 4in1 Pro 07 aus \u00d6ko-Leder in Grau","robots":{"index":"index","follow":"follow","max-snippet":"max-snippet:-1","max-image-preview":"max-image-preview:large","max-video-preview":"max-video-preview:-1"},"canonical":"https:\/\/forbabyboss.com\/de\/product\/kinderwagen-4in1-pro-07-oko-lederbuggy-in-grau\/","og_locale":"de_DE","og_type":"article","og_title":"Baby Pram Pushchair 4in1 Pro 07 Eco-leather Stroller in Grey - For Baby Boss","og_description":"Baby Pram Pushchair 4in1 Pro 07 Eco-leather Stroller in Grey","og_url":"https:\/\/forbabyboss.com\/de\/product\/kinderwagen-4in1-pro-07-oko-lederbuggy-in-grau\/","og_site_name":"For Baby Boss","article_modified_time":"2026-02-21T16:23:57+00:00","og_image":[{"width":1000,"height":1000,"url":"https:\/\/forbabyboss.com\/wp-content\/uploads\/2022\/09\/Baby-Pram-Pushchair-Bebetto-Luca-PRO-eco-Travel-System-2in1-3in1-4in1-Car-Seat-PRO-07-4in13in1isofix-base_MAIN.png","type":"image\/png"}],"twitter_card":"summary_large_image","twitter_misc":{"Gesch\u00e4tzte Lesezeit":"2\u00a0Minuten"},"schema":{"@context":"https:\/\/schema.org","@graph":[{"@type":"WebPage","@id":"https:\/\/forbabyboss.com\/product\/baby-pram-pushchair-4in1-pro-07-eco-leather-stroller-in-grey\/","url":"https:\/\/forbabyboss.com\/product\/baby-pram-pushchair-4in1-pro-07-eco-leather-stroller-in-grey\/","name":"Baby Buggy 4in1 Pro 07 \u00d6ko-Leder-Kinderwagen in Grau - F\u00fcr Baby Boss","isPartOf":{"@id":"https:\/\/powderblue-seahorse-496884.hostingersite.com\/#website"},"primaryImageOfPage":{"@id":"https:\/\/forbabyboss.com\/product\/baby-pram-pushchair-4in1-pro-07-eco-leather-stroller-in-grey\/#primaryimage"},"image":{"@id":"https:\/\/forbabyboss.com\/product\/baby-pram-pushchair-4in1-pro-07-eco-leather-stroller-in-grey\/#primaryimage"},"thumbnailUrl":"https:\/\/forbabyboss.com\/wp-content\/uploads\/2022\/09\/Baby-Pram-Pushchair-Bebetto-Luca-PRO-eco-Travel-System-2in1-3in1-4in1-Car-Seat-PRO-07-4in13in1isofix-base_MAIN.png","datePublished":"2022-09-09T14:01:33+00:00","dateModified":"2026-02-21T16:23:57+00:00","description":"Kinderwagen 4in1 Pro 07 aus \u00d6ko-Leder in Grau","breadcrumb":{"@id":"https:\/\/forbabyboss.com\/product\/baby-pram-pushchair-4in1-pro-07-eco-leather-stroller-in-grey\/#breadcrumb"},"inLanguage":"de","potentialAction":[{"@type":"ReadAction","target":["https:\/\/forbabyboss.com\/product\/baby-pram-pushchair-4in1-pro-07-eco-leather-stroller-in-grey\/"]}]},{"@type":"ImageObject","inLanguage":"de","@id":"https:\/\/forbabyboss.com\/product\/baby-pram-pushchair-4in1-pro-07-eco-leather-stroller-in-grey\/#primaryimage","url":"https:\/\/forbabyboss.com\/wp-content\/uploads\/2022\/09\/Baby-Pram-Pushchair-Bebetto-Luca-PRO-eco-Travel-System-2in1-3in1-4in1-Car-Seat-PRO-07-4in13in1isofix-base_MAIN.png","contentUrl":"https:\/\/forbabyboss.com\/wp-content\/uploads\/2022\/09\/Baby-Pram-Pushchair-Bebetto-Luca-PRO-eco-Travel-System-2in1-3in1-4in1-Car-Seat-PRO-07-4in13in1isofix-base_MAIN.png","width":1000,"height":1000},{"@type":"BreadcrumbList","@id":"https:\/\/forbabyboss.com\/product\/baby-pram-pushchair-4in1-pro-07-eco-leather-stroller-in-grey\/#breadcrumb","itemListElement":[{"@type":"ListItem","position":1,"name":"Home","item":"https:\/\/forbabyboss.com\/"},{"@type":"ListItem","position":2,"name":"Shop","item":"https:\/\/forbabyboss.com\/shop\/"},{"@type":"ListItem","position":3,"name":"Baby Pram Pushchair 4in1 Pro 07 Eco-leather Stroller in Grey"}]},{"@type":"WebSite","@id":"https:\/\/powderblue-seahorse-496884.hostingersite.com\/#website","url":"https:\/\/powderblue-seahorse-496884.hostingersite.com\/","name":"F\u00fcr Baby Boss","description":"Wundersch\u00f6ne Geschenke und Accessoires f\u00fcr Ihren kleinen Chef","potentialAction":[{"@type":"SearchAction","target":{"@type":"EntryPoint","urlTemplate":"https:\/\/powderblue-seahorse-496884.hostingersite.com\/?s={search_term_string}"},"query-input":{"@type":"PropertyValueSpecification","valueRequired":true,"valueName":"search_term_string"}}],"inLanguage":"de"}]}},"_links":{"self":[{"href":"https:\/\/forbabyboss.com\/de\/wp-json\/wp\/v2\/product\/4679","targetHints":{"allow":["GET"]}}],"collection":[{"href":"https:\/\/forbabyboss.com\/de\/wp-json\/wp\/v2\/product"}],"about":[{"href":"https:\/\/forbabyboss.com\/de\/wp-json\/wp\/v2\/types\/product"}],"wp:featuredmedia":[{"embeddable":true,"href":"https:\/\/forbabyboss.com\/de\/wp-json\/wp\/v2\/media\/4681"}],"wp:attachment":[{"href":"https:\/\/forbabyboss.com\/de\/wp-json\/wp\/v2\/media?parent=4679"}],"wp:term":[{"taxonomy":"product_brand","embeddable":true,"href":"https:\/\/forbabyboss.com\/de\/wp-json\/wp\/v2\/product_brand?post=4679"},{"taxonomy":"product_cat","embeddable":true,"href":"https:\/\/forbabyboss.com\/de\/wp-json\/wp\/v2\/product_cat?post=4679"},{"taxonomy":"product_tag","embeddable":true,"href":"https:\/\/forbabyboss.com\/de\/wp-json\/wp\/v2\/product_tag?post=4679"}],"curies":[{"name":"wp","href":"https:\/\/api.w.org\/{rel}","templated":true}]}}