{"id":4705,"date":"2022-09-09T14:55:48","date_gmt":"2022-09-09T14:55:48","guid":{"rendered":"http:\/\/forbabyboss.com\/?post_type=product&#038;p=4705"},"modified":"2026-02-18T21:34:40","modified_gmt":"2026-02-18T21:34:40","slug":"fx-kinderwagen-buggy-4in1-fx-02","status":"publish","type":"product","link":"https:\/\/forbabyboss.com\/de\/product\/fx-pram-stroller-puschair-4in1-fx-02\/","title":{"rendered":"FX Kinderwagen Buggy 4in1 FX 02"},"content":{"rendered":"<p style=\"text-align: justify;\" align=\"center\"><strong><span style=\"font-size: medium; color: #808080;\">Hergestellt in Europa aus hochwertigen Materialien, leichter Aluminiumrahmen, modernes Design.<br \/>\n<\/span><\/strong><\/p>\n<p style=\"text-align: justify;\" align=\"center\"><strong><span style=\"font-family: Arial; color: #808080;\">FX ist ein multifunktionales Reisesystem f\u00fcr Kinder 2in1 \/ 3in1 \/ 4in1. Es ist eine gro\u00dfartige Kombination aus Minimalismus und universeller Funktionalit\u00e4t im 21. Jahrhundert.<\/span><\/strong><\/p>\n<p style=\"text-align: justify;\" align=\"center\"><strong><span style=\"font-family: Arial; color: #808080;\">Dieses Reisesystem besticht durch sein elegantes Design und seine kleinen, aber stabilen R\u00e4der entsprechen voll und ganz den neuesten europ\u00e4ischen Designtrends. Es wurde f\u00fcr Eltern entwickelt, die ein langlebiges Produkt suchen. Der leichte Aluminiumrahmen mit verstellbarem Sto\u00dfd\u00e4mpfer sorgt f\u00fcr ein besonders komfortables Fahrgef\u00fchl.<\/span><\/strong><\/p>\n<h4 style=\"text-align: justify;\" align=\"center\"><strong><span style=\"color: #808080;\"><span style=\"font-family: Arial;\"><span style=\"color: #e14d43;\">Das Set beinhaltet<\/span>:<\/span><\/span><\/strong><\/h4>\n<p><strong><span style=\"color: #808080;\"><span style=\"font-family: Arial;\"> Muffe, Beinschutz, Becherhalter und vieles mehr.<\/span><\/span><\/strong><\/p>\n<p><strong><span style=\"color: #808080;\"><span style=\"font-family: Arial;\"> Schau mal!<\/span><\/span><\/strong><\/p>\n<p><strong><span style=\"color: #808080;\"><span style=\"font-family: Arial;\">Es gibt verschiedene Optionen, aus denen Sie w\u00e4hlen k\u00f6nnen:\u00a0<\/span><\/span><\/strong><\/p>\n<p style=\"text-align: justify;\" align=\"center\"><strong><span style=\"font-family: Arial; color: #808080;\">\u2013 2-in-1-Option, bestehend aus Gestell, Babywanne und Kinderwagen (siehe unsere anderen Angebote)<\/span><\/strong><\/p>\n<p style=\"text-align: justify;\" align=\"center\"><strong><span style=\"font-family: Arial; color: #808080;\">\u2013 3-in-1-Option inklusive Gestell, Babywanne, Kinderwagen und Autositz (siehe unsere anderen Angebote).<\/span><\/strong><\/p>\n<p style=\"text-align: justify;\" align=\"center\"><strong><span style=\"color: #808080;\"><span style=\"font-family: Arial;\">\u2013\u00a0 \u00a0<\/span><span style=\"font-family: Arial;\">Die 4-in-1-Option umfasst alle oben genannten Funktionen und verf\u00fcgt \u00fcber eine ISOFIX-Basis, die Stabilit\u00e4t und Sicherheit f\u00fcr Ihr Baby w\u00e4hrend der Autofahrt bietet.<\/span><\/span><\/strong><\/p>\n<h4 style=\"text-align: justify;\" align=\"center\"><strong><span style=\"font-family: Arial; color: #808080;\"><span style=\"color: #e14d43;\">Produktmerkmale<\/span>:<\/span><\/strong><\/h4>\n<p style=\"text-align: justify;\" align=\"center\"><strong><span style=\"font-family: Arial; color: #808080;\">\u2013 Elegante, leichte und langlebige Konstruktion aus Aluminium<\/span><\/strong><\/p>\n<p style=\"text-align: justify;\" align=\"center\"><strong><span style=\"font-family: Arial; color: #808080;\">\u2013 Stilvoller Rahmen<\/span><\/strong><\/p>\n<p style=\"text-align: justify;\" align=\"center\"><strong><span style=\"font-family: Arial; color: #808080;\">\u2013 Einfaches und praktisches Faltsystem \u2013 bis zur Position \u201c0\u201d<\/span><\/strong><\/p>\n<p style=\"text-align: justify;\" align=\"center\"><strong><span style=\"font-family: Arial; color: #808080;\">\u2013 Verstellbare R\u00fcckenlehne<\/span><\/strong><\/p>\n<p style=\"text-align: justify;\" align=\"center\"><strong><span style=\"font-family: Arial; color: #808080;\">\u2013 Schaumstoffr\u00e4der (Gelr\u00e4der), die genauso weich sind wie luftgef\u00fcllte R\u00e4der (aber nicht pannensicher), und Ihrem Kind einen sehr hohen Fahrkomfort bieten.<\/span><\/strong><\/p>\n<p style=\"text-align: justify;\" align=\"center\"><strong><span style=\"font-family: Arial; color: #808080;\">\u2013 360-Grad-Drehsystemr\u00e4der<\/span><\/strong><\/p>\n<p style=\"text-align: justify;\" align=\"center\"><strong><span style=\"font-family: Arial; color: #808080;\">\u2013 Anti-Schock-System<\/span><\/strong><\/p>\n<p style=\"text-align: justify;\" align=\"center\"><strong><span style=\"font-family: Arial; color: #808080;\">\u2013 Verstellbarer Griff, dessen H\u00f6he an die H\u00f6he der Eltern angepasst werden kann.<\/span><\/strong><\/p>\n<p><strong><span style=\"color: #808080;\"><span style=\"font-size: large;\"><span style=\"color: #e14d43;\">Preis inklusive<\/span>:<\/span><\/span><\/strong><\/p>\n<p style=\"text-align: justify;\" align=\"center\"><strong><span style=\"font-family: Arial; color: #808080;\">- Rahmen aus Aluminium<\/span><\/strong><\/p>\n<p style=\"text-align: justify;\" align=\"center\"><strong><span style=\"font-family: Arial; color: #808080;\">\u2013 4 Schaumstoff-\/Gelr\u00e4der<\/span><\/strong><\/p>\n<p style=\"text-align: justify;\" align=\"center\"><strong><span style=\"font-family: Arial; color: #808080;\">\u2013 Babywanne<\/span><\/strong><\/p>\n<p style=\"text-align: justify;\" align=\"center\"><strong><span style=\"font-family: Arial; color: #808080;\">\u2013 Kinderwagen<\/span><\/strong><\/p>\n<p style=\"text-align: justify;\" align=\"center\"><strong><span style=\"font-family: Arial; color: #808080;\">\u2013 Regenschutz<\/span><\/strong><\/p>\n<p style=\"text-align: justify;\" align=\"center\"><strong><span style=\"font-family: Arial; color: #808080;\">\u2013 Moskitonetz<\/span><\/strong><\/p>\n<p style=\"text-align: justify;\" align=\"center\"><strong><span style=\"font-family: Arial; color: #808080;\">- Tasche<\/span><\/strong><\/p>\n<p style=\"text-align: justify;\" align=\"center\"><strong><span style=\"font-family: Arial; color: #808080;\">\u2013 Warenkorb<\/span><\/strong><\/p>\n<p style=\"text-align: justify;\" align=\"center\"><strong><span style=\"font-family: Arial; color: #808080;\">\u2013 Fu\u00dfsack<\/span><\/strong><\/p>\n<p style=\"text-align: justify;\" align=\"center\"><strong><span style=\"font-family: Arial; color: #808080;\">\u2013 Handmuff<\/span><\/strong><\/p>\n<p style=\"text-align: justify;\" align=\"center\"><strong><span style=\"font-family: Arial; color: #808080;\">- Becher<\/span><\/strong><\/p>\n<p style=\"text-align: justify;\" align=\"center\"><strong><span style=\"color: #808080;\"><span style=\"font-family: Arial;\">\u2013 24 Monate Garantie<\/span><\/span><\/strong><\/p>\n<p style=\"text-align: justify;\" align=\"center\"><strong><span style=\"color: #808080;\"><span style=\"font-family: Arial;\">\u2013 *Autositz KITE (optional)<\/span><\/span><\/strong><\/p>\n<p style=\"text-align: justify;\" align=\"center\"><strong><span style=\"color: #808080;\"><span style=\"font-family: Arial;\">\u2013 *ISOFIX-Basis (optional)<\/span><\/span><\/strong><\/p>\n<h4 style=\"text-align: justify;\" align=\"center\"><strong><span style=\"font-family: Arial; font-size: large; color: #808080;\"><span style=\"color: #e14d43;\">Kindersitz KITE<\/span>*<\/span><\/strong><\/h4>\n<p style=\"text-align: justify;\" align=\"center\"><strong><span style=\"font-family: Arial; color: #808080;\">Gruppe 0-13 kg<\/span><\/strong><\/p>\n<p style=\"text-align: justify;\" align=\"center\"><strong><span style=\"font-family: Arial; color: #808080;\">Europ\u00e4ische Zulassung ECE R44 \/ 04<\/span><\/strong><\/p>\n<p style=\"text-align: justify;\" align=\"center\"><strong><span style=\"font-family: Arial; color: #808080;\">Mit Adaptern am Kinderwagengestell befestigt<\/span><\/strong><\/p>\n<p style=\"text-align: justify;\" align=\"center\"><strong><span style=\"font-family: Arial; color: #808080;\">3-Punkt-Gurt<\/span><\/strong><\/p>\n<p style=\"text-align: justify;\" align=\"center\"><strong><span style=\"font-family: Arial; color: #808080;\">Zus\u00e4tzliche Polsterung f\u00fcr Neugeborene<\/span><\/strong><\/p>\n<p style=\"text-align: justify;\" align=\"center\"><strong><span style=\"font-family: Arial; color: #808080;\">Fu\u00dfbedeckung<\/span><\/strong><\/p>\n<p style=\"text-align: justify;\" align=\"center\"><strong><span style=\"font-family: Arial; color: #808080;\">Verstellbarer Tragegriff<\/span><\/strong><\/p>\n<p style=\"text-align: justify;\" align=\"center\"><strong><span style=\"font-family: Arial; color: #808080;\">Abnehmbare Motorhaubenabdeckung<\/span><\/strong><\/p>\n<p style=\"text-align: justify;\" align=\"center\"><strong><span style=\"font-family: Arial; color: #808080;\">H\u00f6henverstellbare Sicherheitsgurte<\/span><\/strong><\/p>\n<p style=\"text-align: justify;\" align=\"center\"><strong><span style=\"font-family: Arial; color: #808080;\">Vorw\u00e4rts- oder r\u00fcckw\u00e4rtsgerichteter Modus<\/span><\/strong><\/p>\n<p style=\"font-weight: 400;\"><strong><span style=\"color: #e14d43;\">ABMESSUNGEN<\/span><\/strong><\/p>\n<p style=\"font-weight: 400;\"><strong><span style=\"color: #e14d43;\">Babywanne<\/span><\/strong><\/p>\n<p style=\"font-weight: 400;\"><strong>L\u00e4nge 84 cm<\/strong><\/p>\n<p style=\"font-weight: 400;\"><strong>H\u00f6he 58 cm<\/strong><\/p>\n<p style=\"font-weight: 400;\"><strong>Breite 36 cm<\/strong><\/p>\n<p style=\"font-weight: 400;\"><strong><span style=\"color: #e14d43;\">Kindersitz<\/span><\/strong><\/p>\n<ul>\n<li style=\"font-weight: 400;\"><strong>Gewicht: 3,3 kg<\/strong><\/li>\n<li style=\"font-weight: 400;\"><strong>f\u00fcr Kinder mit einem Gewicht von 0-13 kg<\/strong><\/li>\n<\/ul>\n<p style=\"font-weight: 400;\"><strong><span style=\"color: #e14d43;\">Rahmen<\/span><\/strong><\/p>\n<ul>\n<li style=\"font-weight: 400;\"><strong>Gewicht \u2013 6 kg<\/strong><\/li>\n<li style=\"font-weight: 400;\"><strong>ge\u00f6ffnet 98 x 60 x 125,5 cm<\/strong><\/li>\n<li style=\"font-weight: 400;\"><strong>geschlossen 82,5 x 40,5 cm<\/strong><\/li>\n<\/ul>\n<p style=\"text-align: left;\" align=\"center\"><a href=\"http:\/\/forbabyboss.com\/wp-content\/uploads\/2022\/09\/checkout.png\"><img loading=\"lazy\" decoding=\"async\" class=\"alignnone size-full wp-image-5965\" src=\"http:\/\/forbabyboss.com\/wp-content\/uploads\/2022\/09\/checkout.png\" alt=\"\" width=\"750\" height=\"276\" srcset=\"https:\/\/forbabyboss.com\/wp-content\/uploads\/2022\/09\/checkout.png 750w, https:\/\/forbabyboss.com\/wp-content\/uploads\/2022\/09\/checkout-600x221.png 600w\" sizes=\"auto, (max-width: 750px) 100vw, 750px\" \/><\/a><\/p>","protected":false},"excerpt":{"rendered":"<p><a href=\"http:\/\/forbabyboss.com\/wp-content\/uploads\/2022\/09\/Star-Rating-5.png\"><img loading=\"lazy\" decoding=\"async\" class=\"alignnone size-full wp-image-5973 aligncenter\" src=\"http:\/\/forbabyboss.com\/wp-content\/uploads\/2022\/09\/Star-Rating-5.png\" alt=\"\" width=\"275\" height=\"45\" \/><\/a><\/p>\n<p style=\"text-align: center;\"><span style=\"color: #ed1c24; font-size: 120%;\"><b>PREISGARANTIE<\/b><\/span><\/p>\n<p style=\"text-align: center;\"><span style=\"font-size: 115%;\"><span style=\"font-weight: 400; color: #4f4fa7;\">Kostenloser Versand<\/span><span style=\"font-weight: 400;\"> \u2013 2 \u2013 7 Tage<\/span><\/span><\/p>\n<p style=\"text-align: center;\"><strong><span style=\"color: #29606b;\">Gratisgeschenk ab einem Einkaufswert von 100 \u00a3<\/span><\/strong><\/p>","protected":false},"featured_media":4709,"template":"","meta":[],"product_brand":[582],"product_cat":[340,157,156,197,305,130,211],"product_tag":[202,199],"class_list":{"0":"post-4705","1":"product","2":"type-product","3":"status-publish","4":"has-post-thumbnail","6":"product_brand-paradise-b","7":"product_cat-800-to-900","8":"product_cat-2-in-1","9":"product_cat-3-in-1","10":"product_cat-4-in-1-pram","11":"product_cat-colour","12":"product_cat-prams","13":"product_cat-stroller","14":"product_tag-3-in-1-pram","15":"product_tag-prams","17":"first","18":"instock","19":"sale","20":"shipping-taxable","21":"purchasable","22":"product-type-simple"},"yoast_head":"<!-- This site is optimized with the Yoast SEO plugin v27.5 - https:\/\/yoast.com\/product\/yoast-seo-wordpress\/ -->\n<title>FX Pram Stroller Puschair 4in1 FX 02 - For Baby Boss<\/title>\n<meta name=\"description\" content=\"FX Pram Stroller Puschair 4in1 FX 02\" \/>\n<meta name=\"robots\" content=\"index, follow, max-snippet:-1, max-image-preview:large, max-video-preview:-1\" \/>\n<link rel=\"canonical\" href=\"https:\/\/forbabyboss.com\/de\/product\/fx-kinderwagen-buggy-4in1-fx-02\/\" \/>\n<meta property=\"og:locale\" content=\"de_DE\" \/>\n<meta property=\"og:type\" content=\"article\" \/>\n<meta property=\"og:title\" content=\"FX Pram Stroller Puschair 4in1 FX 02 - For Baby Boss\" \/>\n<meta property=\"og:description\" content=\"FX Pram Stroller Puschair 4in1 FX 02\" \/>\n<meta property=\"og:url\" content=\"https:\/\/forbabyboss.com\/de\/product\/fx-kinderwagen-buggy-4in1-fx-02\/\" \/>\n<meta property=\"og:site_name\" content=\"For Baby Boss\" \/>\n<meta property=\"article:modified_time\" content=\"2026-02-18T21:34:40+00:00\" \/>\n<meta property=\"og:image\" content=\"https:\/\/forbabyboss.com\/wp-content\/uploads\/2022\/09\/Paradise-Baby-FX-Pram-Stroller-Puschair-Travel-system-2in1-3in1-Car-Seat-ISOFIX-FX-02-3in12in1-and-carseat_main.jpg\" \/>\n\t<meta property=\"og:image:width\" content=\"1200\" \/>\n\t<meta property=\"og:image:height\" content=\"1372\" \/>\n\t<meta property=\"og:image:type\" content=\"image\/jpeg\" \/>\n<meta name=\"twitter:card\" content=\"summary_large_image\" \/>\n<meta name=\"twitter:label1\" content=\"Gesch\u00e4tzte Lesezeit\" \/>\n\t<meta name=\"twitter:data1\" content=\"2\u00a0Minuten\" \/>\n<script type=\"application\/ld+json\" class=\"yoast-schema-graph\">{\"@context\":\"https:\\\/\\\/schema.org\",\"@graph\":[{\"@type\":\"WebPage\",\"@id\":\"https:\\\/\\\/forbabyboss.com\\\/product\\\/fx-pram-stroller-puschair-4in1-fx-02\\\/\",\"url\":\"https:\\\/\\\/forbabyboss.com\\\/product\\\/fx-pram-stroller-puschair-4in1-fx-02\\\/\",\"name\":\"FX Pram Stroller Puschair 4in1 FX 02 - For Baby Boss\",\"isPartOf\":{\"@id\":\"https:\\\/\\\/powderblue-seahorse-496884.hostingersite.com\\\/#website\"},\"primaryImageOfPage\":{\"@id\":\"https:\\\/\\\/forbabyboss.com\\\/product\\\/fx-pram-stroller-puschair-4in1-fx-02\\\/#primaryimage\"},\"image\":{\"@id\":\"https:\\\/\\\/forbabyboss.com\\\/product\\\/fx-pram-stroller-puschair-4in1-fx-02\\\/#primaryimage\"},\"thumbnailUrl\":\"https:\\\/\\\/forbabyboss.com\\\/wp-content\\\/uploads\\\/2022\\\/09\\\/Paradise-Baby-FX-Pram-Stroller-Puschair-Travel-system-2in1-3in1-Car-Seat-ISOFIX-FX-02-3in12in1-and-carseat_main.jpg\",\"datePublished\":\"2022-09-09T14:55:48+00:00\",\"dateModified\":\"2026-02-18T21:34:40+00:00\",\"description\":\"FX Pram Stroller Puschair 4in1 FX 02\",\"breadcrumb\":{\"@id\":\"https:\\\/\\\/forbabyboss.com\\\/product\\\/fx-pram-stroller-puschair-4in1-fx-02\\\/#breadcrumb\"},\"inLanguage\":\"de\",\"potentialAction\":[{\"@type\":\"ReadAction\",\"target\":[\"https:\\\/\\\/forbabyboss.com\\\/product\\\/fx-pram-stroller-puschair-4in1-fx-02\\\/\"]}]},{\"@type\":\"ImageObject\",\"inLanguage\":\"de\",\"@id\":\"https:\\\/\\\/forbabyboss.com\\\/product\\\/fx-pram-stroller-puschair-4in1-fx-02\\\/#primaryimage\",\"url\":\"https:\\\/\\\/forbabyboss.com\\\/wp-content\\\/uploads\\\/2022\\\/09\\\/Paradise-Baby-FX-Pram-Stroller-Puschair-Travel-system-2in1-3in1-Car-Seat-ISOFIX-FX-02-3in12in1-and-carseat_main.jpg\",\"contentUrl\":\"https:\\\/\\\/forbabyboss.com\\\/wp-content\\\/uploads\\\/2022\\\/09\\\/Paradise-Baby-FX-Pram-Stroller-Puschair-Travel-system-2in1-3in1-Car-Seat-ISOFIX-FX-02-3in12in1-and-carseat_main.jpg\",\"width\":1200,\"height\":1372},{\"@type\":\"BreadcrumbList\",\"@id\":\"https:\\\/\\\/forbabyboss.com\\\/product\\\/fx-pram-stroller-puschair-4in1-fx-02\\\/#breadcrumb\",\"itemListElement\":[{\"@type\":\"ListItem\",\"position\":1,\"name\":\"Home\",\"item\":\"https:\\\/\\\/forbabyboss.com\\\/\"},{\"@type\":\"ListItem\",\"position\":2,\"name\":\"Shop\",\"item\":\"https:\\\/\\\/forbabyboss.com\\\/shop\\\/\"},{\"@type\":\"ListItem\",\"position\":3,\"name\":\"FX Pram Stroller Puschair 4in1 FX 02\"}]},{\"@type\":\"WebSite\",\"@id\":\"https:\\\/\\\/powderblue-seahorse-496884.hostingersite.com\\\/#website\",\"url\":\"https:\\\/\\\/powderblue-seahorse-496884.hostingersite.com\\\/\",\"name\":\"For Baby Boss\",\"description\":\"Beautiful gifts and accessories for your baby boss\",\"potentialAction\":[{\"@type\":\"SearchAction\",\"target\":{\"@type\":\"EntryPoint\",\"urlTemplate\":\"https:\\\/\\\/powderblue-seahorse-496884.hostingersite.com\\\/?s={search_term_string}\"},\"query-input\":{\"@type\":\"PropertyValueSpecification\",\"valueRequired\":true,\"valueName\":\"search_term_string\"}}],\"inLanguage\":\"de\"}]}<\/script>\n<!-- \/ Yoast SEO plugin. -->","yoast_head_json":{"title":"FX Kinderwagen Buggy 4in1 FX 02 - F\u00fcr Baby Boss","description":"FX Kinderwagen Buggy 4in1 FX 02","robots":{"index":"index","follow":"follow","max-snippet":"max-snippet:-1","max-image-preview":"max-image-preview:large","max-video-preview":"max-video-preview:-1"},"canonical":"https:\/\/forbabyboss.com\/de\/product\/fx-kinderwagen-buggy-4in1-fx-02\/","og_locale":"de_DE","og_type":"article","og_title":"FX Pram Stroller Puschair 4in1 FX 02 - For Baby Boss","og_description":"FX Pram Stroller Puschair 4in1 FX 02","og_url":"https:\/\/forbabyboss.com\/de\/product\/fx-kinderwagen-buggy-4in1-fx-02\/","og_site_name":"For Baby Boss","article_modified_time":"2026-02-18T21:34:40+00:00","og_image":[{"width":1200,"height":1372,"url":"https:\/\/forbabyboss.com\/wp-content\/uploads\/2022\/09\/Paradise-Baby-FX-Pram-Stroller-Puschair-Travel-system-2in1-3in1-Car-Seat-ISOFIX-FX-02-3in12in1-and-carseat_main.jpg","type":"image\/jpeg"}],"twitter_card":"summary_large_image","twitter_misc":{"Gesch\u00e4tzte Lesezeit":"2\u00a0Minuten"},"schema":{"@context":"https:\/\/schema.org","@graph":[{"@type":"WebPage","@id":"https:\/\/forbabyboss.com\/product\/fx-pram-stroller-puschair-4in1-fx-02\/","url":"https:\/\/forbabyboss.com\/product\/fx-pram-stroller-puschair-4in1-fx-02\/","name":"FX Kinderwagen Buggy 4in1 FX 02 - F\u00fcr Baby Boss","isPartOf":{"@id":"https:\/\/powderblue-seahorse-496884.hostingersite.com\/#website"},"primaryImageOfPage":{"@id":"https:\/\/forbabyboss.com\/product\/fx-pram-stroller-puschair-4in1-fx-02\/#primaryimage"},"image":{"@id":"https:\/\/forbabyboss.com\/product\/fx-pram-stroller-puschair-4in1-fx-02\/#primaryimage"},"thumbnailUrl":"https:\/\/forbabyboss.com\/wp-content\/uploads\/2022\/09\/Paradise-Baby-FX-Pram-Stroller-Puschair-Travel-system-2in1-3in1-Car-Seat-ISOFIX-FX-02-3in12in1-and-carseat_main.jpg","datePublished":"2022-09-09T14:55:48+00:00","dateModified":"2026-02-18T21:34:40+00:00","description":"FX Kinderwagen Buggy 4in1 FX 02","breadcrumb":{"@id":"https:\/\/forbabyboss.com\/product\/fx-pram-stroller-puschair-4in1-fx-02\/#breadcrumb"},"inLanguage":"de","potentialAction":[{"@type":"ReadAction","target":["https:\/\/forbabyboss.com\/product\/fx-pram-stroller-puschair-4in1-fx-02\/"]}]},{"@type":"ImageObject","inLanguage":"de","@id":"https:\/\/forbabyboss.com\/product\/fx-pram-stroller-puschair-4in1-fx-02\/#primaryimage","url":"https:\/\/forbabyboss.com\/wp-content\/uploads\/2022\/09\/Paradise-Baby-FX-Pram-Stroller-Puschair-Travel-system-2in1-3in1-Car-Seat-ISOFIX-FX-02-3in12in1-and-carseat_main.jpg","contentUrl":"https:\/\/forbabyboss.com\/wp-content\/uploads\/2022\/09\/Paradise-Baby-FX-Pram-Stroller-Puschair-Travel-system-2in1-3in1-Car-Seat-ISOFIX-FX-02-3in12in1-and-carseat_main.jpg","width":1200,"height":1372},{"@type":"BreadcrumbList","@id":"https:\/\/forbabyboss.com\/product\/fx-pram-stroller-puschair-4in1-fx-02\/#breadcrumb","itemListElement":[{"@type":"ListItem","position":1,"name":"Home","item":"https:\/\/forbabyboss.com\/"},{"@type":"ListItem","position":2,"name":"Shop","item":"https:\/\/forbabyboss.com\/shop\/"},{"@type":"ListItem","position":3,"name":"FX Pram Stroller Puschair 4in1 FX 02"}]},{"@type":"WebSite","@id":"https:\/\/powderblue-seahorse-496884.hostingersite.com\/#website","url":"https:\/\/powderblue-seahorse-496884.hostingersite.com\/","name":"F\u00fcr Baby Boss","description":"Wundersch\u00f6ne Geschenke und Accessoires f\u00fcr Ihren kleinen Chef","potentialAction":[{"@type":"SearchAction","target":{"@type":"EntryPoint","urlTemplate":"https:\/\/powderblue-seahorse-496884.hostingersite.com\/?s={search_term_string}"},"query-input":{"@type":"PropertyValueSpecification","valueRequired":true,"valueName":"search_term_string"}}],"inLanguage":"de"}]}},"_links":{"self":[{"href":"https:\/\/forbabyboss.com\/de\/wp-json\/wp\/v2\/product\/4705","targetHints":{"allow":["GET"]}}],"collection":[{"href":"https:\/\/forbabyboss.com\/de\/wp-json\/wp\/v2\/product"}],"about":[{"href":"https:\/\/forbabyboss.com\/de\/wp-json\/wp\/v2\/types\/product"}],"wp:featuredmedia":[{"embeddable":true,"href":"https:\/\/forbabyboss.com\/de\/wp-json\/wp\/v2\/media\/4709"}],"wp:attachment":[{"href":"https:\/\/forbabyboss.com\/de\/wp-json\/wp\/v2\/media?parent=4705"}],"wp:term":[{"taxonomy":"product_brand","embeddable":true,"href":"https:\/\/forbabyboss.com\/de\/wp-json\/wp\/v2\/product_brand?post=4705"},{"taxonomy":"product_cat","embeddable":true,"href":"https:\/\/forbabyboss.com\/de\/wp-json\/wp\/v2\/product_cat?post=4705"},{"taxonomy":"product_tag","embeddable":true,"href":"https:\/\/forbabyboss.com\/de\/wp-json\/wp\/v2\/product_tag?post=4705"}],"curies":[{"name":"wp","href":"https:\/\/api.w.org\/{rel}","templated":true}]}}