{"id":5124,"date":"2022-09-11T11:51:02","date_gmt":"2022-09-11T11:51:02","guid":{"rendered":"http:\/\/forbabyboss.com\/?post_type=product&#038;p=5124"},"modified":"2026-02-21T12:49:43","modified_gmt":"2026-02-21T12:49:43","slug":"gold-wings-kinderwagen-reisesystem-3-in-1-kinderwagen-autositz-kleinkind","status":"publish","type":"product","link":"https:\/\/forbabyboss.com\/de\/product\/gold-wings-baby-pram-travel-system-3-in-1-pushchair-car-seat-toddler\/","title":{"rendered":"Gold Wings Kinderwagen-Reisesystem 3 in 1 Kinderwagen Autositz Kleinkind"},"content":{"rendered":"<p style=\"text-align: justify;\"><span style=\"color: #282828;\">Wir haben den Kinderwagen so konzipiert, dass er Eltern und Kinder von der Geburt bis zum dritten Lebensjahr optimal unterst\u00fctzt. Er passt sich den Bed\u00fcrfnissen Ihres wachsenden Kindes perfekt an \u2013 Sie beginnen mit einer Babywanne auf dem Kinderwagengestell. Sobald Ihr Kind gro\u00df genug ist und bei Spazierg\u00e4ngen selbstst\u00e4ndig sitzen m\u00f6chte, montieren Sie einfach einen bequemen Sitz, der entweder entgegen der Fahrtrichtung oder vorw\u00e4rtsgerichtet montiert werden kann. Was will man mehr?<\/span><\/p>\n<p style=\"text-align: justify;\"><span style=\"color: #e14d43;\"><strong>Merkmale:<\/strong><\/span><\/p>\n<p style=\"text-align: justify;\"><span style=\"color: #282828;\">-vorw\u00e4rts- und r\u00fcckw\u00e4rtsgerichteter Modus<br \/>\n-Autositz, der am Fahrgestell befestigt werden kann<br \/>\n-L\u00fcftungsfenster an der R\u00fcckseite der Motorhaube<br \/>\nDie Gondel hat ein weiches Futter, das zum Waschen herausgenommen werden kann.<br \/>\nDie Gondelabdeckung kann hochgeklappt werden, um einen Windf\u00e4nger zu bilden.<br \/>\n-verl\u00e4ngerte, abnehmbare Kapuze<br \/>\n-5-Punkt-Sicherheitsgurt<br \/>\n-laminierte Fu\u00dfst\u00fctze<br \/>\n-mehrstufig verstellbarer Griff<br \/>\n-einstellbare Federung<br \/>\n-stabiler Rahmen<br \/>\n-verstellbare Bein- und R\u00fcckenlehne<br \/>\n-Zentralbremse EASY STOP<br \/>\n-gro\u00dfer Einkaufskorb<br \/>\nEignung des Kinderwagens f\u00fcr Kinder von 0-3 Jahren<br \/>\nAutositz bis 10 kg<\/span><\/p>\n<p style=\"text-align: justify;\"><span style=\"color: #e14d43;\"><strong>Merkmale des Autositzes:<\/strong><\/span><\/p>\n<p style=\"text-align: justify;\"><span style=\"color: #282828;\">-zus\u00e4tzlicher Einsatz f\u00fcr S\u00e4uglinge<br \/>\n-verstellbarer Griff<br \/>\n-Fu\u00dfabdeckung<br \/>\n-abnehmbare Kapuze<br \/>\n-Dreipunkt-Sicherheitsgurte<\/span><\/p>\n<p style=\"text-align: justify;\"><span style=\"color: #e14d43;\"><strong>Das Set enth\u00e4lt:<\/strong><\/span><\/p>\n<p><span style=\"color: #282828;\">-Rahmen mit Griff aus \u00d6ko-Leder<br \/>\n-Gondel mit verstellbarer R\u00fcckenlehne<br \/>\n-Sitzeinheit<br \/>\n-zwei Fu\u00df\u00fcberz\u00fcge (f\u00fcr Kinderwagen und Gondel)<br \/>\n-Multifunktionaler Autositz mit Adaptern<br \/>\n-Regenschutz<br \/>\n-Moskitonetz<br \/>\n-Tasche und Wickelunterlage<br \/>\n-weiche, pannensichere Gel-R\u00e4der (f\u00fcr jedes Gel\u00e4nde)<br \/>\n-Flaschengriff<br \/>\n- eine gro\u00dfe Tasche auf der R\u00fcckseite und zwei kleine an den Seiten<\/span><\/p>\n<p style=\"text-align: justify;\"><span style=\"color: #282828;\">Zusammengeklappter Rahmen mit R\u00e4dern (L\u00e4nge x Breite x H\u00f6he): 85 x 60 x 40 cm<br \/>\nZusammengebauter Kinderwagen (H\u00f6he x Breite x L\u00e4nge): 115 x 60 x 95 cm<br \/>\nGondel innen (Breite x L\u00e4nge x H\u00f6he): 36 x 80 x 20 cm<br \/>\nInnenma\u00dfe des Kinderwagens (Breite x L\u00e4nge der R\u00fcckenlehne x L\u00e4nge der Sitzfl\u00e4che x L\u00e4nge der Fu\u00dfst\u00fctze): 34 x 48 x 26 x 23 cm<br \/>\nRahmen mit R\u00e4dern: 10 kg<br \/>\nKinderwagen: 15 kg<br \/>\nTiefer Kinderwagen: 16 kg<br \/>\nVerstellbarer Griffbereich: 70 cm bis 115 cm<br \/>\nKinderwagen: Sicherheitsgepr\u00fcft nach EN 1888:2019<br \/>\nKindersitz ECE 44-04 Sicherheitsgepr\u00fcft<br \/>\n12-monatige Garantie<\/span><\/p>\n<p style=\"text-align: justify;\"><span style=\"color: #282828;\">Unser Kinderwagen umfasst Gestell, Babywanne, Sportsitz, Wickeltasche, Wickelauflage, Getr\u00e4nkehalter, Verdeck, Armlehnen, Sitzbez\u00fcge, Einkaufskorb, Untersetzer, Regenschutz, Moskitonetz, Sicherheitsb\u00fcgel und eine atmungsaktive, hypoallergene Matratze. Ab 6 Monaten kann er als Buggy genutzt werden. Der Buggy verf\u00fcgt \u00fcber einen wendbaren Sitz, der in beide Richtungen verwendet werden kann. Das ausziehbare Verdeck ist mit einem wasserabweisenden System ausgestattet.<\/span><br \/>\n<span style=\"color: #282828;\">Dieser Kinderwagen ist perfekt f\u00fcr alle, die Wert auf \u00c4sthetik legen und einen au\u00dfergew\u00f6hnlichen ersten Buggy f\u00fcr ihre Kleinen suchen. Largo ist eine Kollektion funktionaler, sicherer und farbenfroher Kinderwagen.<\/span><br \/>\n<span style=\"color: #282828;\">F\u00fcr ein besonders luxuri\u00f6ses Gef\u00fchl ist der Griff mit weichem \u00d6ko-Leder bezogen. Ein weiterer Vorteil dieses Kinderwagens ist sein komfortables, gut gefedertes Gestell, das sich besonders einfach bedienen l\u00e4sst.<\/span><\/p>\n<p style=\"text-align: justify;\"><span style=\"color: #282828;\">Das einfache Montagesystem wird von allen Eltern gesch\u00e4tzt werden. Die Polsterung des Kinderwagens besteht aus hochwertigen, impr\u00e4gnierten und kinderfreundlichen Stoffen.<\/span><br \/>\n<span style=\"color: #282828;\">Die Gondel ist innen mit hypoallergenem Baumwollstoff ausgekleidet. Der Bezug ist abnehmbar und waschbar. Au\u00dferdem verf\u00fcgt sie \u00fcber ein Sonnendach mit UVA-30+-Schutz.<\/span><br \/>\n<span style=\"color: #282828;\">Wir haben den Kinderwagen so konzipiert, dass er Eltern und Kinder von der Geburt bis zum 3. Lebensjahr unterst\u00fctzt. Er ist optimal an die Bed\u00fcrfnisse Ihres wachsenden Kindes angepasst \u2013 Sie beginnen mit einer Babywanne auf dem Kinderwagengestell.<\/span><br \/>\n<span style=\"color: #282828;\">Wenn Sie der Meinung sind, dass das Kind gro\u00df genug ist und bereit, bei Spazierg\u00e4ngen zu sitzen, montieren Sie einen bequemen Kindersitz, der entweder nach hinten oder nach vorne gerichtet ist.<\/span><br \/>\n<span style=\"color: #282828;\">H\u00e4ttest du gern noch mehr?<\/span><\/p>\n<p style=\"text-align: justify;\"><span style=\"color: #282828;\"><strong><img decoding=\"async\" src=\"https:\/\/bayobay.co.uk\/ebay\/zdjecia-aukcyjne\/rafpol\/largo\/zdjecia%20podwojne\/gif1.gif\" \/><\/strong><\/span><\/p>\n<p style=\"text-align: justify;\"><span style=\"color: #282828;\"><strong><img decoding=\"async\" src=\"https:\/\/bayobay.co.uk\/\/ebay\/zdjecia-aukcyjne\/rafpol\/largo\/zdjecia%20podwojne\/gif2.gif\" \/><\/strong><\/span><\/p>\n<p style=\"text-align: justify;\"><span style=\"color: #282828;\"><strong><img decoding=\"async\" src=\"https:\/\/bayobay.co.uk\/ebay\/zdjecia-aukcyjne\/rafpol\/largo\/zdjecia%20podwojne\/1.png\" \/><\/strong><\/span><\/p>\n<p style=\"text-align: justify;\"><span style=\"color: #282828;\"><strong>Unsere Kinderwagen sind mit allen innovativen Technologien ausgestattet.<br \/>\nBabywanne, Sportsitz und Autositz lassen sich sowohl entgegen der Fahrtrichtung als auch vorw\u00e4rtsgerichtet befestigen. Die Federung sorgt f\u00fcr eine ruckfreie Fahrt und erm\u00f6glicht Ihrem Baby einen ruhigen Schlaf.<br \/>\nDas in unseren Kinderwagen verwendete Shock-Stop-System reduziert unangenehme Vibrationen. Es besteht aus zwei Elementen: einer Hinterradfederung und einer zus\u00e4tzlichen Seitenfederung. Der Kinderwagen ist praktisch sofort nach dem Auspacken einsatzbereit (einfach das Gestell aufklappen, die R\u00e4der montieren und die Babywanne anbringen) \u2013 Sie m\u00fcssen keine einzige Schraube anziehen.<\/strong><\/span><\/p>\n<p style=\"text-align: justify;\"><span style=\"color: #282828;\"><strong><img decoding=\"async\" src=\"https:\/\/bayobay.co.uk\/ebay\/zdjecia-aukcyjne\/rafpol\/largo\/zdjecia%20podwojne\/2.png\" \/><\/strong><\/span><\/p>\n<p style=\"text-align: justify;\"><span style=\"color: #282828;\"><strong>Der Kinderwagen ist mit einem gro\u00dfen Einkaufskorb, einem verstellbaren Griff aus \u00d6ko-Leder und einem Sonnenschutz ausgestattet.<br \/>\nDie Zentralbremse ist einfach zu bedienen \u2013 sie kann mit nur einer Bewegung bet\u00e4tigt oder gel\u00f6st werden.<\/strong><\/span><\/p>\n<p style=\"text-align: justify;\"><span style=\"color: #282828;\"><strong><img decoding=\"async\" src=\"https:\/\/bayobay.co.uk\/ebay\/zdjecia-aukcyjne\/rafpol\/largo\/zdjecia%20podwojne\/3.png\" \/><\/strong><\/span><\/p>\n<p style=\"text-align: justify;\"><span style=\"color: #282828;\"><strong>Der Kindersitz verf\u00fcgt \u00fcber ein abnehmbares Verdeck und einen abnehmbaren Fu\u00dfbezug und kann auch als Babywiege verwendet werden.<\/strong><\/span><\/p>\n<p style=\"text-align: justify;\"><span style=\"color: #282828;\"><strong><img decoding=\"async\" src=\"https:\/\/bayobay.co.uk\/ebay\/zdjecia-aukcyjne\/rafpol\/largo\/zdjecia%20podwojne\/4.png\" \/><\/strong><\/span><\/p>\n<p style=\"text-align: justify;\"><span style=\"color: #282828;\"><strong>Faltbares und bel\u00fcftetes Verdeck der Babywanne.<br \/>\nEine ger\u00e4umige Tasche mit Rei\u00dfverschluss \u2013 man kann sie am Kinderwagengestell befestigen oder mitnehmen.<\/strong><\/span><\/p>\n<p style=\"text-align: justify;\"><span style=\"color: #282828;\"><strong><img decoding=\"async\" src=\"https:\/\/bayobay.co.uk\/ebay\/zdjecia-aukcyjne\/rafpol\/largo\/zdjecia%20podwojne\/5.png\" \/><\/strong><\/span><\/p>\n<p style=\"text-align: justify;\"><span style=\"color: #282828;\"><strong>Robuste und leicht zu reinigende Fu\u00dfst\u00fctze.<br \/>\nVerstellbare R\u00fcckenlehne.<br \/>\nAbnehmbares Verdeck des Sportsitzes.<\/strong><\/span><\/p>\n<p style=\"text-align: justify;\"><span style=\"color: #282828;\"><strong><img decoding=\"async\" src=\"https:\/\/bayobay.co.uk\/ebay\/zdjecia-aukcyjne\/rafpol\/largo\/zdjecia%20podwojne\/6.png\" \/><\/strong><\/span><\/p>\n<p style=\"text-align: justify;\"><span style=\"color: #282828;\"><strong>Der Sportsitz kann sowohl entgegen der Fahrtrichtung als auch entgegen der Fahrtrichtung montiert werden. Ihr Baby kann entweder Ihnen zugewandt sitzen (damit Sie mit ihm sprechen und es im Auge behalten k\u00f6nnen) oder entgegen der Fahrtrichtung und von vorne seine Umgebung betrachten (wenn es \u00e4lter wird und sich mehr f\u00fcr die Welt um es herum interessiert).<br \/>\nDas Verdeck verf\u00fcgt \u00fcber ein Bel\u00fcftungsfenster.<br \/>\nDurch eine ordnungsgem\u00e4\u00dfe Bel\u00fcftung des Kinderwagens sch\u00fctzen Sie Ihr Kind vor \u00dcberhitzung bei hei\u00dfem Wetter und sorgen f\u00fcr ausreichend Bel\u00fcftung und frische Luft.<\/strong><\/span><\/p>\n<p style=\"text-align: justify;\"><span style=\"color: #282828;\"><strong><img decoding=\"async\" src=\"https:\/\/bayobay.co.uk\/ebay\/zdjecia-aukcyjne\/rafpol\/largo\/zdjecia%20podwojne\/7.png\" \/><\/strong><\/span><\/p>\n<p style=\"text-align: justify;\"><span style=\"color: #282828;\"><strong>Eine zus\u00e4tzliche Sch\u00fcrze h\u00e4lt Ihr Baby an k\u00e4lteren Tagen warm.<br \/>\nDer Kinderwagen verf\u00fcgt \u00fcber weiche Gel-R\u00e4der mit Pannenschutz, sodass er in jedem Gel\u00e4nde eingesetzt werden kann.<br \/>\nDie feststellbaren Vorderr\u00e4der erm\u00f6glichen ein besonders einfaches Kurvenfahren.<\/strong><\/span><\/p>\n<p style=\"text-align: justify;\"><span style=\"color: #282828;\"><strong><img decoding=\"async\" src=\"https:\/\/bayobay.co.uk\/ebay\/zdjecia-aukcyjne\/rafpol\/largo\/zdjecia%20podwojne\/8.png\" \/><\/strong><\/span><\/p>\n<p style=\"text-align: justify;\"><span style=\"color: #282828;\"><strong>Regenschutz und Insektenschutz.<\/strong><\/span><\/p>\n<p style=\"text-align: justify;\"><span style=\"color: #282828;\"><strong><img decoding=\"async\" src=\"https:\/\/bayobay.co.uk\/ebay\/zdjecia-aukcyjne\/rafpol\/largo\/zdjecia%20podwojne\/9.png\" \/><\/strong><\/span><\/p>\n<p style=\"text-align: justify;\"><span style=\"color: #282828;\"><strong>Die Babywanne verf\u00fcgt \u00fcber eine weiche und bequeme, waschbare Matratze und eine vierfach verstellbare R\u00fcckenlehne.<\/strong><\/span><\/p>\n<p style=\"text-align: justify;\"><span style=\"color: #282828;\"><strong><img decoding=\"async\" src=\"https:\/\/bayobay.co.uk\/ebay\/zdjecia-aukcyjne\/rafpol\/largo\/zdjecia%20podwojne\/10.png\" \/><\/strong><\/span><\/p>\n<p style=\"text-align: justify;\"><span style=\"color: #282828;\"><strong>Wickeltasche, Wickelunterlage, Autositzadapter, Getr\u00e4nkehalter, Regen- und Insektenschutz.<\/strong><\/span><\/p>\n<p style=\"text-align: justify;\"><span style=\"color: #282828;\"><strong><img decoding=\"async\" src=\"https:\/\/bayobay.co.uk\/ebay\/zdjecia-aukcyjne\/rafpol\/largo\/zdjecia%20podwojne\/11.jpg\" \/><\/strong><\/span><\/p>\n<p style=\"text-align: justify;\"><span style=\"color: #282828;\"><strong><img decoding=\"async\" src=\"https:\/\/bayobay.co.uk\/ebay\/zdjecia-aukcyjne\/rafpol\/largo\/zdjecia%20podwojne\/12.png\" \/><\/strong><\/span><\/p>\n<p style=\"text-align: justify;\"><span style=\"color: #282828;\"><strong><img decoding=\"async\" src=\"https:\/\/bayobay.co.uk\/ebay\/zdjecia-aukcyjne\/rafpol\/largo\/zdjecia%20podwojne\/dimensions.png\" \/><\/strong><\/span><\/p>\n<p><span style=\"color: #282828;\"><a style=\"color: #282828;\" href=\"http:\/\/forbabyboss.com\/wp-content\/uploads\/2022\/09\/Easy-Fold.png\"><img loading=\"lazy\" decoding=\"async\" class=\"alignnone size-full wp-image-4925\" src=\"http:\/\/forbabyboss.com\/wp-content\/uploads\/2022\/09\/Easy-Fold.png\" alt=\"\" width=\"1141\" height=\"409\" srcset=\"https:\/\/forbabyboss.com\/wp-content\/uploads\/2022\/09\/Easy-Fold.png 1141w, https:\/\/forbabyboss.com\/wp-content\/uploads\/2022\/09\/Easy-Fold-800x287.png 800w, https:\/\/forbabyboss.com\/wp-content\/uploads\/2022\/09\/Easy-Fold-768x275.png 768w, https:\/\/forbabyboss.com\/wp-content\/uploads\/2022\/09\/Easy-Fold-600x215.png 600w\" sizes=\"auto, (max-width: 1141px) 100vw, 1141px\" \/><\/a><\/span><\/p>\n<p>&nbsp;<\/p>\n<p>&nbsp;<\/p>\n<p><a href=\"http:\/\/forbabyboss.com\/wp-content\/uploads\/2022\/09\/checkout.png\"><img loading=\"lazy\" decoding=\"async\" class=\"alignnone wp-image-5965\" src=\"http:\/\/forbabyboss.com\/wp-content\/uploads\/2022\/09\/checkout.png\" alt=\"\" width=\"989\" height=\"364\" srcset=\"https:\/\/forbabyboss.com\/wp-content\/uploads\/2022\/09\/checkout.png 750w, https:\/\/forbabyboss.com\/wp-content\/uploads\/2022\/09\/checkout-600x221.png 600w\" sizes=\"auto, (max-width: 989px) 100vw, 989px\" \/><\/a><\/p>\n<p style=\"text-align: justify;\">","protected":false},"excerpt":{"rendered":"<p><a href=\"http:\/\/forbabyboss.com\/wp-content\/uploads\/2022\/09\/Star-Rating-5.png\"><img loading=\"lazy\" decoding=\"async\" class=\"alignnone size-full wp-image-5973 aligncenter\" src=\"http:\/\/forbabyboss.com\/wp-content\/uploads\/2022\/09\/Star-Rating-5.png\" alt=\"\" width=\"275\" height=\"45\" \/><\/a><\/p>\n<p style=\"text-align: center;\"><span style=\"color: #ed1c24; font-size: 120%;\"><b>PREISGARANTIE<\/b><\/span><\/p>\n<p style=\"text-align: center;\"><span style=\"font-size: 115%;\"><span style=\"font-weight: 400; color: #4f4fa7;\">Kostenloser Versand<\/span><span style=\"font-weight: 400;\"> \u2013 2 \u2013 7 Tage<\/span><\/span><\/p>\n<p style=\"text-align: center;\"><strong><span style=\"color: #29606b;\">Gratisgeschenk ab einem Einkaufswert von 100 \u00a3<\/span><\/strong><\/p>","protected":false},"featured_media":5126,"template":"","meta":[],"product_brand":[370],"product_cat":[336,339,156,207,305,303,130,211],"product_tag":[202,199],"class_list":{"0":"post-5124","1":"product","2":"type-product","3":"status-publish","4":"has-post-thumbnail","6":"product_brand-babylux","7":"product_cat-400-to-500","8":"product_cat-700-to-800","9":"product_cat-3-in-1","10":"product_cat-black","11":"product_cat-colour","12":"product_cat-pattern","13":"product_cat-prams","14":"product_cat-stroller","15":"product_tag-3-in-1-pram","16":"product_tag-prams","18":"first","19":"instock","20":"sale","21":"shipping-taxable","22":"purchasable","23":"product-type-simple"},"yoast_head":"<!-- This site is optimized with the Yoast SEO plugin v27.5 - https:\/\/yoast.com\/product\/yoast-seo-wordpress\/ -->\n<title>Gold Wings Baby Pram Travel System 3 in 1 Pushchair Car Seat Toddler - For Baby Boss<\/title>\n<meta name=\"description\" content=\"Gold Wings Baby Pram Travel System 3 in 1 Pushchair Car Seat Toddler\" \/>\n<meta name=\"robots\" content=\"index, follow, max-snippet:-1, max-image-preview:large, max-video-preview:-1\" \/>\n<link rel=\"canonical\" href=\"https:\/\/forbabyboss.com\/de\/product\/gold-wings-kinderwagen-reisesystem-3-in-1-kinderwagen-autositz-kleinkind\/\" \/>\n<meta property=\"og:locale\" content=\"de_DE\" \/>\n<meta property=\"og:type\" content=\"article\" \/>\n<meta property=\"og:title\" content=\"Gold Wings Baby Pram Travel System 3 in 1 Pushchair Car Seat Toddler - For Baby Boss\" \/>\n<meta property=\"og:description\" content=\"Gold Wings Baby Pram Travel System 3 in 1 Pushchair Car Seat Toddler\" \/>\n<meta property=\"og:url\" content=\"https:\/\/forbabyboss.com\/de\/product\/gold-wings-kinderwagen-reisesystem-3-in-1-kinderwagen-autositz-kleinkind\/\" \/>\n<meta property=\"og:site_name\" content=\"For Baby Boss\" \/>\n<meta property=\"article:modified_time\" content=\"2026-02-21T12:49:43+00:00\" \/>\n<meta property=\"og:image\" content=\"https:\/\/forbabyboss.com\/wp-content\/uploads\/2022\/09\/Baby-Pram-Travel-System-3-in-1-Buggy-Pushchair-Car-Seat-Toddler-Bassinet-FREEBIE-Gold-Wings_main.png\" \/>\n\t<meta property=\"og:image:width\" content=\"1600\" \/>\n\t<meta property=\"og:image:height\" content=\"1600\" \/>\n\t<meta property=\"og:image:type\" content=\"image\/png\" \/>\n<meta name=\"twitter:card\" content=\"summary_large_image\" \/>\n<meta name=\"twitter:label1\" content=\"Gesch\u00e4tzte Lesezeit\" \/>\n\t<meta name=\"twitter:data1\" content=\"8\u00a0Minuten\" \/>\n<script type=\"application\/ld+json\" class=\"yoast-schema-graph\">{\"@context\":\"https:\\\/\\\/schema.org\",\"@graph\":[{\"@type\":\"WebPage\",\"@id\":\"https:\\\/\\\/forbabyboss.com\\\/product\\\/gold-wings-baby-pram-travel-system-3-in-1-pushchair-car-seat-toddler\\\/\",\"url\":\"https:\\\/\\\/forbabyboss.com\\\/product\\\/gold-wings-baby-pram-travel-system-3-in-1-pushchair-car-seat-toddler\\\/\",\"name\":\"Gold Wings Baby Pram Travel System 3 in 1 Pushchair Car Seat Toddler - For Baby Boss\",\"isPartOf\":{\"@id\":\"https:\\\/\\\/powderblue-seahorse-496884.hostingersite.com\\\/#website\"},\"primaryImageOfPage\":{\"@id\":\"https:\\\/\\\/forbabyboss.com\\\/product\\\/gold-wings-baby-pram-travel-system-3-in-1-pushchair-car-seat-toddler\\\/#primaryimage\"},\"image\":{\"@id\":\"https:\\\/\\\/forbabyboss.com\\\/product\\\/gold-wings-baby-pram-travel-system-3-in-1-pushchair-car-seat-toddler\\\/#primaryimage\"},\"thumbnailUrl\":\"https:\\\/\\\/forbabyboss.com\\\/wp-content\\\/uploads\\\/2022\\\/09\\\/Baby-Pram-Travel-System-3-in-1-Buggy-Pushchair-Car-Seat-Toddler-Bassinet-FREEBIE-Gold-Wings_main.png\",\"datePublished\":\"2022-09-11T11:51:02+00:00\",\"dateModified\":\"2026-02-21T12:49:43+00:00\",\"description\":\"Gold Wings Baby Pram Travel System 3 in 1 Pushchair Car Seat Toddler\",\"breadcrumb\":{\"@id\":\"https:\\\/\\\/forbabyboss.com\\\/product\\\/gold-wings-baby-pram-travel-system-3-in-1-pushchair-car-seat-toddler\\\/#breadcrumb\"},\"inLanguage\":\"de\",\"potentialAction\":[{\"@type\":\"ReadAction\",\"target\":[\"https:\\\/\\\/forbabyboss.com\\\/product\\\/gold-wings-baby-pram-travel-system-3-in-1-pushchair-car-seat-toddler\\\/\"]}]},{\"@type\":\"ImageObject\",\"inLanguage\":\"de\",\"@id\":\"https:\\\/\\\/forbabyboss.com\\\/product\\\/gold-wings-baby-pram-travel-system-3-in-1-pushchair-car-seat-toddler\\\/#primaryimage\",\"url\":\"https:\\\/\\\/forbabyboss.com\\\/wp-content\\\/uploads\\\/2022\\\/09\\\/Baby-Pram-Travel-System-3-in-1-Buggy-Pushchair-Car-Seat-Toddler-Bassinet-FREEBIE-Gold-Wings_main.png\",\"contentUrl\":\"https:\\\/\\\/forbabyboss.com\\\/wp-content\\\/uploads\\\/2022\\\/09\\\/Baby-Pram-Travel-System-3-in-1-Buggy-Pushchair-Car-Seat-Toddler-Bassinet-FREEBIE-Gold-Wings_main.png\",\"width\":1600,\"height\":1600},{\"@type\":\"BreadcrumbList\",\"@id\":\"https:\\\/\\\/forbabyboss.com\\\/product\\\/gold-wings-baby-pram-travel-system-3-in-1-pushchair-car-seat-toddler\\\/#breadcrumb\",\"itemListElement\":[{\"@type\":\"ListItem\",\"position\":1,\"name\":\"Home\",\"item\":\"https:\\\/\\\/forbabyboss.com\\\/\"},{\"@type\":\"ListItem\",\"position\":2,\"name\":\"Shop\",\"item\":\"https:\\\/\\\/forbabyboss.com\\\/shop\\\/\"},{\"@type\":\"ListItem\",\"position\":3,\"name\":\"Gold Wings Baby Pram Travel System 3 in 1 Pushchair Car Seat Toddler\"}]},{\"@type\":\"WebSite\",\"@id\":\"https:\\\/\\\/powderblue-seahorse-496884.hostingersite.com\\\/#website\",\"url\":\"https:\\\/\\\/powderblue-seahorse-496884.hostingersite.com\\\/\",\"name\":\"For Baby Boss\",\"description\":\"Beautiful gifts and accessories for your baby boss\",\"potentialAction\":[{\"@type\":\"SearchAction\",\"target\":{\"@type\":\"EntryPoint\",\"urlTemplate\":\"https:\\\/\\\/powderblue-seahorse-496884.hostingersite.com\\\/?s={search_term_string}\"},\"query-input\":{\"@type\":\"PropertyValueSpecification\",\"valueRequired\":true,\"valueName\":\"search_term_string\"}}],\"inLanguage\":\"de\"}]}<\/script>\n<!-- \/ Yoast SEO plugin. -->","yoast_head_json":{"title":"Gold Wings Kinderwagen-Reisesystem 3-in-1 Kinderwagen Autositz Kleinkind - F\u00fcr Baby Boss","description":"Gold Wings Kinderwagen-Reisesystem 3 in 1 Kinderwagen Autositz Kleinkind","robots":{"index":"index","follow":"follow","max-snippet":"max-snippet:-1","max-image-preview":"max-image-preview:large","max-video-preview":"max-video-preview:-1"},"canonical":"https:\/\/forbabyboss.com\/de\/product\/gold-wings-kinderwagen-reisesystem-3-in-1-kinderwagen-autositz-kleinkind\/","og_locale":"de_DE","og_type":"article","og_title":"Gold Wings Baby Pram Travel System 3 in 1 Pushchair Car Seat Toddler - For Baby Boss","og_description":"Gold Wings Baby Pram Travel System 3 in 1 Pushchair Car Seat Toddler","og_url":"https:\/\/forbabyboss.com\/de\/product\/gold-wings-kinderwagen-reisesystem-3-in-1-kinderwagen-autositz-kleinkind\/","og_site_name":"For Baby Boss","article_modified_time":"2026-02-21T12:49:43+00:00","og_image":[{"width":1600,"height":1600,"url":"https:\/\/forbabyboss.com\/wp-content\/uploads\/2022\/09\/Baby-Pram-Travel-System-3-in-1-Buggy-Pushchair-Car-Seat-Toddler-Bassinet-FREEBIE-Gold-Wings_main.png","type":"image\/png"}],"twitter_card":"summary_large_image","twitter_misc":{"Gesch\u00e4tzte Lesezeit":"8\u00a0Minuten"},"schema":{"@context":"https:\/\/schema.org","@graph":[{"@type":"WebPage","@id":"https:\/\/forbabyboss.com\/product\/gold-wings-baby-pram-travel-system-3-in-1-pushchair-car-seat-toddler\/","url":"https:\/\/forbabyboss.com\/product\/gold-wings-baby-pram-travel-system-3-in-1-pushchair-car-seat-toddler\/","name":"Gold Wings Kinderwagen-Reisesystem 3-in-1 Kinderwagen Autositz Kleinkind - F\u00fcr Baby Boss","isPartOf":{"@id":"https:\/\/powderblue-seahorse-496884.hostingersite.com\/#website"},"primaryImageOfPage":{"@id":"https:\/\/forbabyboss.com\/product\/gold-wings-baby-pram-travel-system-3-in-1-pushchair-car-seat-toddler\/#primaryimage"},"image":{"@id":"https:\/\/forbabyboss.com\/product\/gold-wings-baby-pram-travel-system-3-in-1-pushchair-car-seat-toddler\/#primaryimage"},"thumbnailUrl":"https:\/\/forbabyboss.com\/wp-content\/uploads\/2022\/09\/Baby-Pram-Travel-System-3-in-1-Buggy-Pushchair-Car-Seat-Toddler-Bassinet-FREEBIE-Gold-Wings_main.png","datePublished":"2022-09-11T11:51:02+00:00","dateModified":"2026-02-21T12:49:43+00:00","description":"Gold Wings Kinderwagen-Reisesystem 3 in 1 Kinderwagen Autositz Kleinkind","breadcrumb":{"@id":"https:\/\/forbabyboss.com\/product\/gold-wings-baby-pram-travel-system-3-in-1-pushchair-car-seat-toddler\/#breadcrumb"},"inLanguage":"de","potentialAction":[{"@type":"ReadAction","target":["https:\/\/forbabyboss.com\/product\/gold-wings-baby-pram-travel-system-3-in-1-pushchair-car-seat-toddler\/"]}]},{"@type":"ImageObject","inLanguage":"de","@id":"https:\/\/forbabyboss.com\/product\/gold-wings-baby-pram-travel-system-3-in-1-pushchair-car-seat-toddler\/#primaryimage","url":"https:\/\/forbabyboss.com\/wp-content\/uploads\/2022\/09\/Baby-Pram-Travel-System-3-in-1-Buggy-Pushchair-Car-Seat-Toddler-Bassinet-FREEBIE-Gold-Wings_main.png","contentUrl":"https:\/\/forbabyboss.com\/wp-content\/uploads\/2022\/09\/Baby-Pram-Travel-System-3-in-1-Buggy-Pushchair-Car-Seat-Toddler-Bassinet-FREEBIE-Gold-Wings_main.png","width":1600,"height":1600},{"@type":"BreadcrumbList","@id":"https:\/\/forbabyboss.com\/product\/gold-wings-baby-pram-travel-system-3-in-1-pushchair-car-seat-toddler\/#breadcrumb","itemListElement":[{"@type":"ListItem","position":1,"name":"Home","item":"https:\/\/forbabyboss.com\/"},{"@type":"ListItem","position":2,"name":"Shop","item":"https:\/\/forbabyboss.com\/shop\/"},{"@type":"ListItem","position":3,"name":"Gold Wings Baby Pram Travel System 3 in 1 Pushchair Car Seat Toddler"}]},{"@type":"WebSite","@id":"https:\/\/powderblue-seahorse-496884.hostingersite.com\/#website","url":"https:\/\/powderblue-seahorse-496884.hostingersite.com\/","name":"F\u00fcr Baby Boss","description":"Wundersch\u00f6ne Geschenke und Accessoires f\u00fcr Ihren kleinen Chef","potentialAction":[{"@type":"SearchAction","target":{"@type":"EntryPoint","urlTemplate":"https:\/\/powderblue-seahorse-496884.hostingersite.com\/?s={search_term_string}"},"query-input":{"@type":"PropertyValueSpecification","valueRequired":true,"valueName":"search_term_string"}}],"inLanguage":"de"}]}},"_links":{"self":[{"href":"https:\/\/forbabyboss.com\/de\/wp-json\/wp\/v2\/product\/5124","targetHints":{"allow":["GET"]}}],"collection":[{"href":"https:\/\/forbabyboss.com\/de\/wp-json\/wp\/v2\/product"}],"about":[{"href":"https:\/\/forbabyboss.com\/de\/wp-json\/wp\/v2\/types\/product"}],"wp:featuredmedia":[{"embeddable":true,"href":"https:\/\/forbabyboss.com\/de\/wp-json\/wp\/v2\/media\/5126"}],"wp:attachment":[{"href":"https:\/\/forbabyboss.com\/de\/wp-json\/wp\/v2\/media?parent=5124"}],"wp:term":[{"taxonomy":"product_brand","embeddable":true,"href":"https:\/\/forbabyboss.com\/de\/wp-json\/wp\/v2\/product_brand?post=5124"},{"taxonomy":"product_cat","embeddable":true,"href":"https:\/\/forbabyboss.com\/de\/wp-json\/wp\/v2\/product_cat?post=5124"},{"taxonomy":"product_tag","embeddable":true,"href":"https:\/\/forbabyboss.com\/de\/wp-json\/wp\/v2\/product_tag?post=5124"}],"curies":[{"name":"wp","href":"https:\/\/api.w.org\/{rel}","templated":true}]}}