{"id":5209,"date":"2022-09-11T14:08:15","date_gmt":"2022-09-11T14:08:15","guid":{"rendered":"http:\/\/forbabyboss.com\/?post_type=product&#038;p=5209"},"modified":"2026-02-21T12:43:39","modified_gmt":"2026-02-21T12:43:39","slug":"3-in-1-luxus-und-gemutlicher-faltkinderwagen-fur-neugeborene-und-kleinkinder-in-blau","status":"publish","type":"product","link":"https:\/\/forbabyboss.com\/de\/product\/3-in-1-luxury-cosy-folding-pushchair-for-newborns-toddlers-in-blue\/","title":{"rendered":"3-in-1 Luxus-Komfort-Kinderwagen zum Zusammenklappen f\u00fcr Neugeborene und Kleinkinder in Blau"},"content":{"rendered":"<h1><strong><span style=\"font-size: 190%; color: #e14d43;\">Stilvolles Kinderwagen-kompatibles Reisesystem<\/span><\/strong><\/h1>\n<p style=\"text-align: justify;\"><span style=\"color: #282828;\"><strong>Ein Kinderwagen besteht aus Gestell, Babywanne, Buggy-Aufsatz, Verdeck, Armlehnen, Sitzbez\u00fcgen, einer ger\u00e4umigen Tasche, einem Einkaufskorb, Untersetzern, Regenschutz, Moskitonetz, Sicherheitsb\u00fcgel, Wickelauflage, Getr\u00e4nkehalter und einer atmungsaktiven, hypoallergenen Matratze. Ab 6 Monaten kann er als Buggy genutzt werden. Der Buggy-Aufsatz verf\u00fcgt \u00fcber einen wendbaren Sitz, der in beide Richtungen verwendet werden kann. Das erweiterbare Verdeck ist wasserabweisend und mit einem Sonnenschutz mit UVA 30+ ausgestattet. Wir haben den Kinderwagen so konzipiert, dass er Eltern und Kinder von der Geburt bis zum 3. Lebensjahr optimal unterst\u00fctzt. Er passt sich den Bed\u00fcrfnissen Ihres wachsenden Kindes an \u2013 Sie beginnen mit der Babywanne auf dem Buggy-Gestell. Sobald Ihr Kind gro\u00df genug ist und selbstst\u00e4ndig sitzen m\u00f6chte, montieren Sie einen bequemen Sitz, der vorw\u00e4rts oder r\u00fcckw\u00e4rts gerichtet montiert werden kann. Was will man mehr?<\/strong><\/span><\/p>\n<p style=\"text-align: justify;\"><span style=\"color: #282828;\"><strong>Unsere Kinderwagen sind mit allen innovativen Technologien ausgestattet.<\/strong><\/span><br \/>\n<span style=\"color: #282828;\"><strong>Babywanne, Sportsitz und Autositz lassen sich sowohl entgegen der Fahrtrichtung als auch vorw\u00e4rtsgerichtet befestigen. Die Federung sorgt f\u00fcr eine ruckfreie Fahrt und erm\u00f6glicht Ihrem Baby einen ruhigen Schlaf.<\/strong><\/span><br \/>\n<span style=\"color: #282828;\"><strong>Das in unseren Kinderwagen verwendete Shock-Stop-System reduziert unangenehme Vibrationen. Es besteht aus zwei Elementen: einer Hinterradfederung und einer zus\u00e4tzlichen Seitenfederung. Der Kinderwagen ist praktisch sofort nach dem Auspacken einsatzbereit (einfach das Gestell aufklappen, die R\u00e4der montieren und die Babywanne anbringen) \u2013 Sie m\u00fcssen keine einzige Schraube anziehen.<\/strong><\/span><\/p>\n<p style=\"text-align: justify;\"><span style=\"color: #282828;\"><strong>Der Kinderwagen ist mit einem gro\u00dfen Einkaufskorb, einem verstellbaren Griff aus \u00d6ko-Leder und einem Sonnenschutz ausgestattet.<\/strong><\/span><br \/>\n<span style=\"color: #282828;\"><strong>Die Zentralbremse ist einfach zu bedienen \u2013 sie kann mit nur einer Bewegung bet\u00e4tigt oder gel\u00f6st werden.<\/strong><\/span><\/p>\n<p style=\"text-align: justify;\"><span style=\"color: #282828;\"><strong>Faltbares und bel\u00fcftetes Verdeck f\u00fcr die Babywanne. Eine ger\u00e4umige Tasche mit Rei\u00dfverschluss \u2013 sie kann am Kinderwagengestell befestigt oder mitgenommen werden.<\/strong><\/span><\/p>\n<p style=\"text-align: justify;\"><span style=\"color: #282828;\"><strong>Vorw\u00e4rts- und r\u00fcckw\u00e4rtsgerichteter Modus.<\/strong><\/span><br \/>\n<span style=\"color: #282828;\"><strong>Robuste und leicht zu reinigende Fu\u00dfst\u00fctze.<\/strong><\/span><\/p>\n<p style=\"text-align: justify;\"><span style=\"color: #282828;\"><strong>Die Babywanne ist mit einer weichen und bequemen, waschbaren Matratze und einer verstellbaren R\u00fcckenlehne ausgestattet.<\/strong><\/span><\/p>\n<p style=\"text-align: justify;\"><span style=\"color: #282828;\"><strong>Hochwertige Verarbeitung mit \u00d6ko-Leder.<\/strong><\/span><\/p>\n<p style=\"text-align: justify;\"><span style=\"color: #282828;\"><strong>Die Federung an den Hinterr\u00e4dern verf\u00fcgt \u00fcber eine dreistufige H\u00e4rteverstellung und gleicht das Gewicht des Kinderwagens aus, sodass er auch auf unebenen Stra\u00dfen sanft f\u00e4hrt.<\/strong><\/span><\/p>\n<h1><strong><span style=\"font-size: 160%; color: #e14d43;\">Unser 3-in-1-Kinderwagen ist ein gut durchdachtes Reisesystem.<\/span><\/strong><\/h1>\n<h3 style=\"text-align: justify;\"><strong><span style=\"color: #e14d43;\">Merkmale:<\/span><\/strong><\/h3>\n<p style=\"text-align: justify;\"><span style=\"color: #282828;\"><strong>-vorw\u00e4rts- und r\u00fcckw\u00e4rtsgerichteter Modus<\/strong><\/span><br \/>\n<span style=\"color: #282828;\"><strong>-Autositz, der am Fahrgestell befestigt werden kann<\/strong><\/span><br \/>\n<span style=\"color: #282828;\"><strong>-L\u00fcftungsfenster an der R\u00fcckseite der Motorhaube<\/strong><\/span><br \/>\n<span style=\"color: #282828;\"><strong>Die Gondel hat ein weiches Futter, das zum Waschen herausgenommen werden kann.<\/strong><\/span><br \/>\n<span style=\"color: #282828;\"><strong>Die Gondelabdeckung kann hochgeklappt werden, um einen Windf\u00e4nger zu bilden.<\/strong><\/span><br \/>\n<span style=\"color: #282828;\"><strong>-verl\u00e4ngerte, abnehmbare Motorhaube<\/strong><\/span><br \/>\n<span style=\"color: #282828;\"><strong>-F\u00fcnfpunkt-Sicherheitsgurt<\/strong><\/span><br \/>\n<span style=\"color: #282828;\"><strong>-laminierte Fu\u00dfst\u00fctze<\/strong><\/span><br \/>\n<span style=\"color: #282828;\"><strong>-mehrstufig verstellbarer Griff<\/strong><\/span><br \/>\n<span style=\"color: #282828;\"><strong>-einstellbare Federung<\/strong><\/span><br \/>\n<span style=\"color: #282828;\"><strong>-stabiler Rahmen<\/strong><\/span><br \/>\n<span style=\"color: #282828;\"><strong>-verstellbare Bein- und R\u00fcckenlehne<\/strong><\/span><br \/>\n<span style=\"color: #282828;\"><strong>-Zentralbremse EASY STOP<\/strong><\/span><br \/>\n<span style=\"color: #282828;\"><strong>-gro\u00dfer Einkaufskorb<\/strong><\/span><br \/>\n<span style=\"color: #282828;\"><strong>Eignung des Kinderwagens f\u00fcr Kinder von 0-3 Jahren<\/strong><\/span><br \/>\n<span style=\"color: #282828;\"><strong>Autositz bis 10 kg<\/strong><\/span><\/p>\n<h3 style=\"text-align: justify;\"><strong><span style=\"color: #e14d43;\">Merkmale des Autositzes:<\/span><\/strong><\/h3>\n<p style=\"text-align: justify;\"><span style=\"color: #282828;\"><strong>-zus\u00e4tzlicher Einsatz f\u00fcr S\u00e4uglinge<\/strong><\/span><br \/>\n<span style=\"color: #282828;\"><strong>-verstellbarer Griff<\/strong><\/span><br \/>\n<span style=\"color: #282828;\"><strong>-abnehmbare Fu\u00dfabdeckung<\/strong><\/span><br \/>\n<span style=\"color: #282828;\"><strong>-abnehmbare Kapuze<\/strong><\/span><br \/>\n<span style=\"color: #282828;\"><strong>-Dreipunkt-Sicherheitsgurte<\/strong><\/span><br \/>\n<span style=\"color: #282828;\"><strong>-Cradle-Option<\/strong><\/span><\/p>\n<h3 style=\"text-align: justify;\"><strong><span style=\"color: #e14d43;\">Das Set enth\u00e4lt:<\/span><\/strong><\/h3>\n<p style=\"text-align: justify;\"><span style=\"color: #282828;\"><strong>-Rahmen mit Griff aus \u00d6ko-Leder<\/strong><\/span><br \/>\n<span style=\"color: #282828;\"><strong>-Gondel mit verstellbarer R\u00fcckenlehne<\/strong><\/span><br \/>\n<span style=\"color: #282828;\"><strong>-Sitzeinheit<\/strong><\/span><br \/>\n<span style=\"color: #282828;\"><strong>-zwei Fu\u00df\u00fcberz\u00fcge (f\u00fcr Kinderwagen und Gondel)<\/strong><\/span><br \/>\n<span style=\"color: #282828;\"><strong>-Multifunktionaler Autositz mit Adaptern<\/strong><\/span><br \/>\n<span style=\"color: #282828;\"><strong>-Regenschutz<\/strong><\/span><br \/>\n<span style=\"color: #282828;\"><strong>-Moskitonetz<\/strong><\/span><br \/>\n<span style=\"color: #282828;\"><strong>-Tasche und Wickelunterlage<\/strong><\/span><br \/>\n<span style=\"color: #282828;\"><strong>-weiche, pannensichere Gelr\u00e4der (f\u00fcr jedes Gel\u00e4nde)<\/strong><\/span><br \/>\n<span style=\"color: #282828;\"><strong>-Flaschengriff<\/strong><\/span><br \/>\n<span style=\"color: #282828;\"><strong>- eine gro\u00dfe Tasche auf der R\u00fcckseite und zwei kleine an den Seiten<\/strong><\/span><\/p>\n<p style=\"text-align: justify;\"><span style=\"color: #282828;\"><strong>Zusammengeklappter Rahmen mit R\u00e4dern (L\u00e4nge x Breite x H\u00f6he): 85 x 60 x 40 cm<\/strong><\/span><br \/>\n<span style=\"color: #282828;\"><strong>Zusammengebauter Kinderwagen (H\u00f6he x Breite x L\u00e4nge): 115 x 60 x 95 cm<\/strong><\/span><br \/>\n<span style=\"color: #282828;\"><strong>Gondel innen (Breite x L\u00e4nge x H\u00f6he): 36 x 80 x 20 cm<\/strong><\/span><br \/>\n<span style=\"color: #282828;\"><strong>Innenma\u00dfe des Kinderwagens (Breite x L\u00e4nge der R\u00fcckenlehne x L\u00e4nge der Sitzfl\u00e4che x L\u00e4nge der Fu\u00dfst\u00fctze): 34 x 48 x 26 x 23 cm<\/strong><\/span><br \/>\n<span style=\"color: #282828;\"><strong>Rahmen mit R\u00e4dern: 10 kg<\/strong><\/span><br \/>\n<span style=\"color: #282828;\"><strong>Kinderwagen: 15 kg<\/strong><\/span><br \/>\n<span style=\"color: #282828;\"><strong>Tiefer Kinderwagen: 16 kg<\/strong><\/span><br \/>\n<span style=\"color: #282828;\"><strong>Verstellbarer Griffbereich: 70 cm bis 115 cm<\/strong><\/span><br \/>\n<span style=\"color: #282828;\"><strong>Kinderwagen: Sicherheitsgepr\u00fcft nach EN 1888:2018<\/strong><\/span><br \/>\n<span style=\"color: #282828;\"><strong>Kindersitz ECE 44-04 Sicherheitsgepr\u00fcft<\/strong><\/span><br \/>\n<span style=\"color: #282828;\"><strong>12-monatige Garantie<\/strong><\/span><\/p>\n<p><strong><a href=\"http:\/\/forbabyboss.com\/wp-content\/uploads\/2022\/09\/checkout.png\"><img loading=\"lazy\" decoding=\"async\" class=\"alignnone wp-image-5965\" src=\"http:\/\/forbabyboss.com\/wp-content\/uploads\/2022\/09\/checkout.png\" alt=\"\" width=\"973\" height=\"358\" srcset=\"https:\/\/forbabyboss.com\/wp-content\/uploads\/2022\/09\/checkout.png 750w, https:\/\/forbabyboss.com\/wp-content\/uploads\/2022\/09\/checkout-600x221.png 600w\" sizes=\"auto, (max-width: 973px) 100vw, 973px\" \/><\/a><\/strong><\/p>","protected":false},"excerpt":{"rendered":"<p><a href=\"http:\/\/forbabyboss.com\/wp-content\/uploads\/2022\/09\/Star-Rating-5.png\"><img loading=\"lazy\" decoding=\"async\" class=\"alignnone size-full wp-image-5973 aligncenter\" src=\"http:\/\/forbabyboss.com\/wp-content\/uploads\/2022\/09\/Star-Rating-5.png\" alt=\"\" width=\"275\" height=\"45\" \/><\/a><\/p>\n<p style=\"text-align: center;\"><span style=\"color: #ed1c24; font-size: 120%;\"><b>PREISGARANTIE<\/b><\/span><\/p>\n<p style=\"text-align: center;\"><span style=\"font-size: 115%;\"><span style=\"font-weight: 400; color: #4f4fa7;\">Kostenloser Versand<\/span><span style=\"font-weight: 400;\"> \u2013 2 \u2013 7 Tage<\/span><\/span><\/p>\n<p style=\"text-align: center;\"><strong><span style=\"color: #29606b;\">Gratisgeschenk ab einem Einkaufswert von 100 \u00a3<\/span><\/strong><\/p>","protected":false},"featured_media":5211,"template":"","meta":[],"product_brand":[370],"product_cat":[337,339,156,213,305,208,130,211],"product_tag":[202,199],"class_list":{"0":"post-5209","1":"product","2":"type-product","3":"status-publish","4":"has-post-thumbnail","6":"product_brand-babylux","7":"product_cat-500-to-600","8":"product_cat-700-to-800","9":"product_cat-3-in-1","10":"product_cat-blue","11":"product_cat-colour","12":"product_cat-gold","13":"product_cat-prams","14":"product_cat-stroller","15":"product_tag-3-in-1-pram","16":"product_tag-prams","18":"first","19":"instock","20":"sale","21":"shipping-taxable","22":"purchasable","23":"product-type-simple"},"yoast_head":"<!-- This site is optimized with the Yoast SEO plugin v27.5 - https:\/\/yoast.com\/product\/yoast-seo-wordpress\/ -->\n<title>3 in 1 Luxury Cosy Folding Pushchair For Newborns &amp; Toddlers in Blue - For Baby Boss<\/title>\n<meta name=\"description\" content=\"3 in 1 Luxury Cosy Folding Pushchair For Newborns &amp; Toddlers in Blue\" \/>\n<meta name=\"robots\" content=\"index, follow, max-snippet:-1, max-image-preview:large, max-video-preview:-1\" \/>\n<link rel=\"canonical\" href=\"https:\/\/forbabyboss.com\/de\/product\/3-in-1-luxus-und-gemutlicher-faltkinderwagen-fur-neugeborene-und-kleinkinder-in-blau\/\" \/>\n<meta property=\"og:locale\" content=\"de_DE\" \/>\n<meta property=\"og:type\" content=\"article\" \/>\n<meta property=\"og:title\" content=\"3 in 1 Luxury Cosy Folding Pushchair For Newborns &amp; Toddlers in Blue - For Baby Boss\" \/>\n<meta property=\"og:description\" content=\"3 in 1 Luxury Cosy Folding Pushchair For Newborns &amp; Toddlers in Blue\" \/>\n<meta property=\"og:url\" content=\"https:\/\/forbabyboss.com\/de\/product\/3-in-1-luxus-und-gemutlicher-faltkinderwagen-fur-neugeborene-und-kleinkinder-in-blau\/\" \/>\n<meta property=\"og:site_name\" content=\"For Baby Boss\" \/>\n<meta property=\"article:modified_time\" content=\"2026-02-21T12:43:39+00:00\" \/>\n<meta property=\"og:image\" content=\"https:\/\/forbabyboss.com\/wp-content\/uploads\/2022\/09\/Pram-Buggy-Luxury-Cosy-Folding-Pushchair-For-Newborns-Toddlers-Travel-Set-Blue_main.png\" \/>\n\t<meta property=\"og:image:width\" content=\"1600\" \/>\n\t<meta property=\"og:image:height\" content=\"1600\" \/>\n\t<meta property=\"og:image:type\" content=\"image\/png\" \/>\n<meta name=\"twitter:card\" content=\"summary_large_image\" \/>\n<meta name=\"twitter:label1\" content=\"Gesch\u00e4tzte Lesezeit\" \/>\n\t<meta name=\"twitter:data1\" content=\"3\u00a0Minuten\" \/>\n<script type=\"application\/ld+json\" class=\"yoast-schema-graph\">{\"@context\":\"https:\\\/\\\/schema.org\",\"@graph\":[{\"@type\":\"WebPage\",\"@id\":\"https:\\\/\\\/forbabyboss.com\\\/product\\\/3-in-1-luxury-cosy-folding-pushchair-for-newborns-toddlers-in-blue\\\/\",\"url\":\"https:\\\/\\\/forbabyboss.com\\\/product\\\/3-in-1-luxury-cosy-folding-pushchair-for-newborns-toddlers-in-blue\\\/\",\"name\":\"3 in 1 Luxury Cosy Folding Pushchair For Newborns & Toddlers in Blue - For Baby Boss\",\"isPartOf\":{\"@id\":\"https:\\\/\\\/powderblue-seahorse-496884.hostingersite.com\\\/#website\"},\"primaryImageOfPage\":{\"@id\":\"https:\\\/\\\/forbabyboss.com\\\/product\\\/3-in-1-luxury-cosy-folding-pushchair-for-newborns-toddlers-in-blue\\\/#primaryimage\"},\"image\":{\"@id\":\"https:\\\/\\\/forbabyboss.com\\\/product\\\/3-in-1-luxury-cosy-folding-pushchair-for-newborns-toddlers-in-blue\\\/#primaryimage\"},\"thumbnailUrl\":\"https:\\\/\\\/forbabyboss.com\\\/wp-content\\\/uploads\\\/2022\\\/09\\\/Pram-Buggy-Luxury-Cosy-Folding-Pushchair-For-Newborns-Toddlers-Travel-Set-Blue_main.png\",\"datePublished\":\"2022-09-11T14:08:15+00:00\",\"dateModified\":\"2026-02-21T12:43:39+00:00\",\"description\":\"3 in 1 Luxury Cosy Folding Pushchair For Newborns & Toddlers in Blue\",\"breadcrumb\":{\"@id\":\"https:\\\/\\\/forbabyboss.com\\\/product\\\/3-in-1-luxury-cosy-folding-pushchair-for-newborns-toddlers-in-blue\\\/#breadcrumb\"},\"inLanguage\":\"de\",\"potentialAction\":[{\"@type\":\"ReadAction\",\"target\":[\"https:\\\/\\\/forbabyboss.com\\\/product\\\/3-in-1-luxury-cosy-folding-pushchair-for-newborns-toddlers-in-blue\\\/\"]}]},{\"@type\":\"ImageObject\",\"inLanguage\":\"de\",\"@id\":\"https:\\\/\\\/forbabyboss.com\\\/product\\\/3-in-1-luxury-cosy-folding-pushchair-for-newborns-toddlers-in-blue\\\/#primaryimage\",\"url\":\"https:\\\/\\\/forbabyboss.com\\\/wp-content\\\/uploads\\\/2022\\\/09\\\/Pram-Buggy-Luxury-Cosy-Folding-Pushchair-For-Newborns-Toddlers-Travel-Set-Blue_main.png\",\"contentUrl\":\"https:\\\/\\\/forbabyboss.com\\\/wp-content\\\/uploads\\\/2022\\\/09\\\/Pram-Buggy-Luxury-Cosy-Folding-Pushchair-For-Newborns-Toddlers-Travel-Set-Blue_main.png\",\"width\":1600,\"height\":1600},{\"@type\":\"BreadcrumbList\",\"@id\":\"https:\\\/\\\/forbabyboss.com\\\/product\\\/3-in-1-luxury-cosy-folding-pushchair-for-newborns-toddlers-in-blue\\\/#breadcrumb\",\"itemListElement\":[{\"@type\":\"ListItem\",\"position\":1,\"name\":\"Home\",\"item\":\"https:\\\/\\\/forbabyboss.com\\\/\"},{\"@type\":\"ListItem\",\"position\":2,\"name\":\"Shop\",\"item\":\"https:\\\/\\\/forbabyboss.com\\\/shop\\\/\"},{\"@type\":\"ListItem\",\"position\":3,\"name\":\"3 in 1 Luxury Cosy Folding Pushchair For Newborns &#038; Toddlers in Blue\"}]},{\"@type\":\"WebSite\",\"@id\":\"https:\\\/\\\/powderblue-seahorse-496884.hostingersite.com\\\/#website\",\"url\":\"https:\\\/\\\/powderblue-seahorse-496884.hostingersite.com\\\/\",\"name\":\"For Baby Boss\",\"description\":\"Beautiful gifts and accessories for your baby boss\",\"potentialAction\":[{\"@type\":\"SearchAction\",\"target\":{\"@type\":\"EntryPoint\",\"urlTemplate\":\"https:\\\/\\\/powderblue-seahorse-496884.hostingersite.com\\\/?s={search_term_string}\"},\"query-input\":{\"@type\":\"PropertyValueSpecification\",\"valueRequired\":true,\"valueName\":\"search_term_string\"}}],\"inLanguage\":\"de\"}]}<\/script>\n<!-- \/ Yoast SEO plugin. -->","yoast_head_json":{"title":"3-in-1 Luxus-Kinderwagen zum Zusammenklappen f\u00fcr Neugeborene und Kleinkinder in Blau \u2013 F\u00fcr Baby Boss","description":"3-in-1 Luxus-Komfort-Kinderwagen zum Zusammenklappen f\u00fcr Neugeborene und Kleinkinder in Blau","robots":{"index":"index","follow":"follow","max-snippet":"max-snippet:-1","max-image-preview":"max-image-preview:large","max-video-preview":"max-video-preview:-1"},"canonical":"https:\/\/forbabyboss.com\/de\/product\/3-in-1-luxus-und-gemutlicher-faltkinderwagen-fur-neugeborene-und-kleinkinder-in-blau\/","og_locale":"de_DE","og_type":"article","og_title":"3 in 1 Luxury Cosy Folding Pushchair For Newborns & Toddlers in Blue - For Baby Boss","og_description":"3 in 1 Luxury Cosy Folding Pushchair For Newborns & Toddlers in Blue","og_url":"https:\/\/forbabyboss.com\/de\/product\/3-in-1-luxus-und-gemutlicher-faltkinderwagen-fur-neugeborene-und-kleinkinder-in-blau\/","og_site_name":"For Baby Boss","article_modified_time":"2026-02-21T12:43:39+00:00","og_image":[{"width":1600,"height":1600,"url":"https:\/\/forbabyboss.com\/wp-content\/uploads\/2022\/09\/Pram-Buggy-Luxury-Cosy-Folding-Pushchair-For-Newborns-Toddlers-Travel-Set-Blue_main.png","type":"image\/png"}],"twitter_card":"summary_large_image","twitter_misc":{"Gesch\u00e4tzte Lesezeit":"3\u00a0Minuten"},"schema":{"@context":"https:\/\/schema.org","@graph":[{"@type":"WebPage","@id":"https:\/\/forbabyboss.com\/product\/3-in-1-luxury-cosy-folding-pushchair-for-newborns-toddlers-in-blue\/","url":"https:\/\/forbabyboss.com\/product\/3-in-1-luxury-cosy-folding-pushchair-for-newborns-toddlers-in-blue\/","name":"3-in-1 Luxus-Kinderwagen zum Zusammenklappen f\u00fcr Neugeborene und Kleinkinder in Blau \u2013 F\u00fcr Baby Boss","isPartOf":{"@id":"https:\/\/powderblue-seahorse-496884.hostingersite.com\/#website"},"primaryImageOfPage":{"@id":"https:\/\/forbabyboss.com\/product\/3-in-1-luxury-cosy-folding-pushchair-for-newborns-toddlers-in-blue\/#primaryimage"},"image":{"@id":"https:\/\/forbabyboss.com\/product\/3-in-1-luxury-cosy-folding-pushchair-for-newborns-toddlers-in-blue\/#primaryimage"},"thumbnailUrl":"https:\/\/forbabyboss.com\/wp-content\/uploads\/2022\/09\/Pram-Buggy-Luxury-Cosy-Folding-Pushchair-For-Newborns-Toddlers-Travel-Set-Blue_main.png","datePublished":"2022-09-11T14:08:15+00:00","dateModified":"2026-02-21T12:43:39+00:00","description":"3-in-1 Luxus-Komfort-Kinderwagen zum Zusammenklappen f\u00fcr Neugeborene und Kleinkinder in Blau","breadcrumb":{"@id":"https:\/\/forbabyboss.com\/product\/3-in-1-luxury-cosy-folding-pushchair-for-newborns-toddlers-in-blue\/#breadcrumb"},"inLanguage":"de","potentialAction":[{"@type":"ReadAction","target":["https:\/\/forbabyboss.com\/product\/3-in-1-luxury-cosy-folding-pushchair-for-newborns-toddlers-in-blue\/"]}]},{"@type":"ImageObject","inLanguage":"de","@id":"https:\/\/forbabyboss.com\/product\/3-in-1-luxury-cosy-folding-pushchair-for-newborns-toddlers-in-blue\/#primaryimage","url":"https:\/\/forbabyboss.com\/wp-content\/uploads\/2022\/09\/Pram-Buggy-Luxury-Cosy-Folding-Pushchair-For-Newborns-Toddlers-Travel-Set-Blue_main.png","contentUrl":"https:\/\/forbabyboss.com\/wp-content\/uploads\/2022\/09\/Pram-Buggy-Luxury-Cosy-Folding-Pushchair-For-Newborns-Toddlers-Travel-Set-Blue_main.png","width":1600,"height":1600},{"@type":"BreadcrumbList","@id":"https:\/\/forbabyboss.com\/product\/3-in-1-luxury-cosy-folding-pushchair-for-newborns-toddlers-in-blue\/#breadcrumb","itemListElement":[{"@type":"ListItem","position":1,"name":"Home","item":"https:\/\/forbabyboss.com\/"},{"@type":"ListItem","position":2,"name":"Shop","item":"https:\/\/forbabyboss.com\/shop\/"},{"@type":"ListItem","position":3,"name":"3 in 1 Luxury Cosy Folding Pushchair For Newborns &#038; Toddlers in Blue"}]},{"@type":"WebSite","@id":"https:\/\/powderblue-seahorse-496884.hostingersite.com\/#website","url":"https:\/\/powderblue-seahorse-496884.hostingersite.com\/","name":"F\u00fcr Baby Boss","description":"Wundersch\u00f6ne Geschenke und Accessoires f\u00fcr Ihren kleinen Chef","potentialAction":[{"@type":"SearchAction","target":{"@type":"EntryPoint","urlTemplate":"https:\/\/powderblue-seahorse-496884.hostingersite.com\/?s={search_term_string}"},"query-input":{"@type":"PropertyValueSpecification","valueRequired":true,"valueName":"search_term_string"}}],"inLanguage":"de"}]}},"_links":{"self":[{"href":"https:\/\/forbabyboss.com\/de\/wp-json\/wp\/v2\/product\/5209","targetHints":{"allow":["GET"]}}],"collection":[{"href":"https:\/\/forbabyboss.com\/de\/wp-json\/wp\/v2\/product"}],"about":[{"href":"https:\/\/forbabyboss.com\/de\/wp-json\/wp\/v2\/types\/product"}],"wp:featuredmedia":[{"embeddable":true,"href":"https:\/\/forbabyboss.com\/de\/wp-json\/wp\/v2\/media\/5211"}],"wp:attachment":[{"href":"https:\/\/forbabyboss.com\/de\/wp-json\/wp\/v2\/media?parent=5209"}],"wp:term":[{"taxonomy":"product_brand","embeddable":true,"href":"https:\/\/forbabyboss.com\/de\/wp-json\/wp\/v2\/product_brand?post=5209"},{"taxonomy":"product_cat","embeddable":true,"href":"https:\/\/forbabyboss.com\/de\/wp-json\/wp\/v2\/product_cat?post=5209"},{"taxonomy":"product_tag","embeddable":true,"href":"https:\/\/forbabyboss.com\/de\/wp-json\/wp\/v2\/product_tag?post=5209"}],"curies":[{"name":"wp","href":"https:\/\/api.w.org\/{rel}","templated":true}]}}