{"id":5265,"date":"2022-09-11T15:47:09","date_gmt":"2022-09-11T15:47:09","guid":{"rendered":"http:\/\/forbabyboss.com\/?post_type=product&#038;p=5265"},"modified":"2026-02-21T12:37:12","modified_gmt":"2026-02-21T12:37:12","slug":"baby-pram-3in1-lightweight-travel-system-pushchair-isofix-base-in-black-multicoloured-silver-frame","status":"publish","type":"product","link":"https:\/\/forbabyboss.com\/de\/product\/baby-pram-3in1-lightweight-travel-system-pushchair-isofix-base-in-black-multicoloured-silver-frame\/","title":{"rendered":"Baby Pram 3in1 Lightweight Travel System Pushchair Isofix base in black multicoloured silver frame"},"content":{"rendered":"<div style=\"width: 1020px;\" class=\"wp-video\"><video class=\"wp-video-shortcode\" id=\"video-5265-1\" width=\"1020\" height=\"574\" preload=\"metadata\" controls=\"controls\"><source type=\"video\/mp4\" src=\"http:\/\/forbabyboss.com\/wp-content\/uploads\/2022\/09\/Baby-Buggy-Pram-Lightweight-Folding-3-in-1-Travel-System-Pushchair-Isofix-Base.mp4?_=1\" \/><a href=\"http:\/\/forbabyboss.com\/wp-content\/uploads\/2022\/09\/Baby-Buggy-Pram-Lightweight-Folding-3-in-1-Travel-System-Pushchair-Isofix-Base.mp4\">http:\/\/forbabyboss.com\/wp-content\/uploads\/2022\/09\/Baby-Buggy-Pram-Lightweight-Folding-3-in-1-Travel-System-Pushchair-Isofix-Base.mp4<\/a><\/video><\/div>\n<p>&nbsp;<\/p>\n<h1><\/h1>\n<p style=\"text-align: justify;\"><strong><span style=\"color: #282828;\"><span style=\"color: #e14d43;\">Lavado Premium<\/span> &#8211; a modern and functional baby stroller, which gives more pleasure during walking, and innovative design give a sense of uniqueness. The pushchair is suitable for children from 6 to 36 months. The lightweight frame and convenient design solution make having a stroller even more comfortable.<\/span><\/strong><\/p>\n<p style=\"text-align: justify;\"><strong><span style=\"color: #282828;\">\u2022Single pram for children weighing 1 to 15 kg<\/span><\/strong><br \/>\n<strong><span style=\"color: #282828;\">\u2022It has TUV NORD certification that guarantees the highest quality and safety for your child.<\/span><\/strong><br \/>\n<strong><span style=\"color: #282828;\">\u2022The pram complies with the latest stringent safety standard EN 1888-1:2018<\/span><\/strong><\/p>\n<h4 style=\"text-align: justify;\"><span style=\"color: #e14d43;\"><strong>Das Set enth\u00e4lt:<br \/>\n<\/strong><\/span><strong><span style=\"color: #282828;\">\u2022prame frame<\/span><\/strong><br \/>\n<strong><span style=\"color: #282828;\">\u2022carrycot<\/span><\/strong><br \/>\n<strong><span style=\"color: #282828;\">\u2022sport seat<\/span><\/strong><br \/>\n<strong><span style=\"color: #282828;\">\u2022shoulder bag<\/span><\/strong><br \/>\n<strong><span style=\"color: #282828;\">\u2022 umbrella<\/span><\/strong><br \/>\n<strong><span style=\"color: #282828;\">\u2022 changing mat<\/span><\/strong><br \/>\n<strong><span style=\"color: #282828;\">\u2022 cup holder<\/span><\/strong><br \/>\n<strong><span style=\"color: #282828;\">\u2022 coconut mattress<\/span><\/strong><br \/>\n<strong><span style=\"color: #282828;\">\u2022 rain cover<\/span><\/strong><br \/>\n<strong><span style=\"color: #282828;\">\u2022 insect cover<\/span><\/strong><br \/>\n<strong><span style=\"color: #282828;\">\u2022 shopping basket<\/span><\/strong><br \/>\n<strong><span style=\"color: #282828;\">\u2022car seat (in 3in1 set only)<\/span><\/strong><\/h4>\n<p style=\"text-align: justify;\"><span style=\"color: #e14d43;\"><strong>Prame frame:<br \/>\n<\/strong><\/span><strong><span style=\"color: #282828;\">\u2022aluminium frame \u2013 lightweight and durable<\/span><\/strong><br \/>\n<strong><span style=\"color: #282828;\">\u2022swivel, trouble-free gel wheels \u2013 they are puncture-free<\/span><\/strong><br \/>\n<strong><span style=\"color: #282828;\">\u2022the bearings in the wheels make it easier to push the pram<\/span><\/strong><br \/>\n<strong><span style=\"color: #282828;\">\u2022adjustable height of the handle covered with eco-leather<\/span><\/strong><br \/>\n<strong><span style=\"color: #282828;\">\u2022cushioned rear suspension \u2013 provides comfort during every walk<\/span><\/strong><br \/>\n<strong><span style=\"color: #282828;\">\u2022compact size when folded<\/span><\/strong><br \/>\n<strong><span style=\"color: #282828;\">\u2022simple system for attaching and detaching the carrycot, sport seat and car seat<\/span><\/strong><br \/>\n<strong><span style=\"color: #282828;\">\u2022equipped with a central brake for stability\u2022the additional side suspension of the pram frame allows locking, allowing even better absorption of shocks occurring while pushing as well as the pleasant swinging of your child<\/span><\/strong><\/p>\n<h3 style=\"text-align: justify;\"><span style=\"color: #e14d43;\"><strong>Carrycot:<br \/>\n<\/strong><\/span><strong style=\"color: #555555; font-size: 14.4px;\"><span style=\"color: #282828;\">\u2022large carrycot that can be used as a cradle<br \/>\n<\/span><\/strong><strong style=\"color: #555555; font-size: 14.4px;\"><span style=\"color: #282828;\">\u2022equipped with a fitted, detachable foot cover \u2013 protects your child from bad weather<br \/>\n<\/span><\/strong><strong style=\"color: #555555; font-size: 14.4px;\"><span style=\"color: #282828;\">\u2022ergonomic handle covered with eco-leather \u2013 makes it easy to carry the carrycot<br \/>\n<\/span><\/strong><strong style=\"color: #555555; font-size: 14.4px;\"><span style=\"color: #282828;\">\u2022elastic mattress and soft padding of the carrycot<br \/>\n<\/span><\/strong><strong style=\"color: #555555; font-size: 14.4px;\"><span style=\"color: #282828;\">\u2022adjustable headrest<br \/>\n<\/span><\/strong><strong style=\"color: #555555; font-size: 14.4px;\"><span style=\"color: #282828;\">\u2022ventilation in the carrycot compartment provides fresh air to prevent the baby from overheating<\/span><\/strong><\/h3>\n<h3 style=\"text-align: justify;\"><span style=\"color: #e14d43;\"><strong>Sport seat :<br \/>\n<\/strong><\/span><strong style=\"color: #555555; font-size: 14.4px;\"><span style=\"color: #282828;\">\u2022front or rear-facing installation is possible<br \/>\n<\/span><\/strong><strong style=\"color: #555555; font-size: 14.4px;\"><span style=\"color: #282828;\">\u2022five-point adjustable seat belts<br \/>\n<\/span><\/strong><strong style=\"color: #555555; font-size: 14.4px;\"><span style=\"color: #282828;\">\u2022detachable barrier covered with Eco-leather<br \/>\n<\/span><\/strong><strong style=\"color: #555555; font-size: 14.4px;\"><span style=\"color: #282828;\">\u2022convenient adjustable footrest<br \/>\n<\/span><\/strong><strong style=\"color: #555555; font-size: 14.4px;\"><span style=\"color: #282828;\">\u2022ventilation window on the back of the canopy<br \/>\n<\/span><\/strong><strong style=\"color: #555555; font-size: 14.4px;\"><span style=\"color: #282828;\">\u2022compact size when folded<br \/>\n<\/span><\/strong><strong style=\"color: #555555; font-size: 14.4px;\"><span style=\"color: #282828;\">\u2022backrest adjustment \u2013 up to a flat position, the healthiest position for your baby while sleeping<br \/>\n<\/span><\/strong><strong style=\"color: #555555; font-size: 14.4px;\"><span style=\"color: #282828;\">\u2022adjustable canopy that can be detached<br \/>\n<\/span><\/strong><strong style=\"color: #555555; font-size: 14.4px;\"><span style=\"color: #282828;\">\u2022fitted, detachable foot cover \u2013 protects your child from capricious weather<\/span><\/strong><\/h3>\n<h3 style=\"text-align: justify;\"><span style=\"color: #e14d43;\"><strong>Car seat :<\/strong><\/span><\/h3>\n<p style=\"text-align: justify;\"><strong><span style=\"color: #282828;\">\u2022includes easy-to-use adapters for quick mounting and dismounting on the pram frame<\/span><\/strong><br \/>\n<strong><span style=\"color: #282828;\">\u2022three-point seat belts<\/span><\/strong><br \/>\n<strong><span style=\"color: #282828;\">\u2022detachable canopy with a foot cover\u2022insert for infants that allows you to use your child&#8217;s car seat from the very first few moments of your child&#8217;s life<\/span><\/strong><br \/>\n<strong><span style=\"color: #282828;\">\u2022lockable cradle function<\/span><\/strong><br \/>\n<strong><span style=\"color: #282828;\">\u2022the adjustable handle makes it easy to carry the car seat, which weighs only 3 kg<\/span><\/strong><br \/>\n<strong><span style=\"color: #282828;\">\u2022adapted to transporting children in cars, ECE R44\/04 approval<\/span><\/strong><\/p>\n<h3 style=\"text-align: justify;\"><span style=\"color: #e14d43;\"><strong>Additionally:<\/strong><\/span><\/h3>\n<p style=\"text-align: justify;\"><strong><span style=\"color: #282828;\">\u2022large zippered shoulder bag, which can be attached to the pram frame<\/span><\/strong><br \/>\n<strong><span style=\"color: #282828;\">\u2022anti-allergy coconut mattress<\/span><\/strong><\/p>\n<p style=\"text-align: justify;\"><strong><span style=\"color: #282828;\">Anti-allergy coconut mattress<\/span><\/strong><br \/>\n<strong><span style=\"color: #282828;\">The mattress is made of coconut fibre which provides stable support. It remains flexible and resilient, thanks to a special manufacturing process.<\/span><\/strong><\/p>\n<p style=\"text-align: justify;\"><span style=\"color: #e14d43;\"><strong>Additionally:<\/strong><\/span><\/p>\n<p style=\"text-align: justify;\"><strong><span style=\"color: #282828;\">\u2022Ensures proper air circulation<\/span><\/strong><br \/>\n<strong><span style=\"color: #282828;\">\u2022Has a positive impact on the development of a suitable microclimate to protect your baby&#8217;s skin<\/span><\/strong><br \/>\n<strong><span style=\"color: #282828;\">\u2022You can remove the soft cotton cover and wash it at 30\u201340 degrees.<\/span><\/strong><br \/>\n<strong><span style=\"color: #282828;\">\u2022The approx. 2.5 cm thickness will give your child stable support and comfort while using on any terrain<\/span><\/strong><br \/>\n<strong><span style=\"color: #282828;\">\u2022Dimensions: 73 x 35 x 2.5 cm<\/span><\/strong><\/p>\n<p style=\"text-align: justify;\"><strong><span style=\"color: #282828;\"><a style=\"color: #282828;\" href=\"http:\/\/forbabyboss.com\/wp-content\/uploads\/2022\/09\/Baby-Buggy-Pram-Lightweight-Folding-3-in-1-Travel-System-Pushchair-Isofix-Base-Black-Gold-frame_1.png\"><img loading=\"lazy\" decoding=\"async\" class=\"alignnone size-full wp-image-5240\" src=\"http:\/\/forbabyboss.com\/wp-content\/uploads\/2022\/09\/Baby-Buggy-Pram-Lightweight-Folding-3-in-1-Travel-System-Pushchair-Isofix-Base-Black-Gold-frame_1.png\" alt=\"\" width=\"1600\" height=\"1233\" srcset=\"https:\/\/forbabyboss.com\/wp-content\/uploads\/2022\/09\/Baby-Buggy-Pram-Lightweight-Folding-3-in-1-Travel-System-Pushchair-Isofix-Base-Black-Gold-frame_1.png 1600w, https:\/\/forbabyboss.com\/wp-content\/uploads\/2022\/09\/Baby-Buggy-Pram-Lightweight-Folding-3-in-1-Travel-System-Pushchair-Isofix-Base-Black-Gold-frame_1-519x400.png 519w, https:\/\/forbabyboss.com\/wp-content\/uploads\/2022\/09\/Baby-Buggy-Pram-Lightweight-Folding-3-in-1-Travel-System-Pushchair-Isofix-Base-Black-Gold-frame_1-1038x800.png 1038w, https:\/\/forbabyboss.com\/wp-content\/uploads\/2022\/09\/Baby-Buggy-Pram-Lightweight-Folding-3-in-1-Travel-System-Pushchair-Isofix-Base-Black-Gold-frame_1-768x592.png 768w, https:\/\/forbabyboss.com\/wp-content\/uploads\/2022\/09\/Baby-Buggy-Pram-Lightweight-Folding-3-in-1-Travel-System-Pushchair-Isofix-Base-Black-Gold-frame_1-1536x1184.png 1536w, https:\/\/forbabyboss.com\/wp-content\/uploads\/2022\/09\/Baby-Buggy-Pram-Lightweight-Folding-3-in-1-Travel-System-Pushchair-Isofix-Base-Black-Gold-frame_1-600x462.png 600w\" sizes=\"auto, (max-width: 1600px) 100vw, 1600px\" \/><\/a><\/span><\/strong><\/p>\n<p>&nbsp;<\/p>\n<p><strong><a href=\"http:\/\/forbabyboss.com\/wp-content\/uploads\/2022\/09\/checkout.png\"><img loading=\"lazy\" decoding=\"async\" class=\"alignnone wp-image-5965\" src=\"http:\/\/forbabyboss.com\/wp-content\/uploads\/2022\/09\/checkout.png\" alt=\"\" width=\"1038\" height=\"382\" srcset=\"https:\/\/forbabyboss.com\/wp-content\/uploads\/2022\/09\/checkout.png 750w, https:\/\/forbabyboss.com\/wp-content\/uploads\/2022\/09\/checkout-600x221.png 600w\" sizes=\"auto, (max-width: 1038px) 100vw, 1038px\" \/><\/a><\/strong><\/p>\n<p style=\"text-align: justify;\">","protected":false},"excerpt":{"rendered":"<p><a href=\"http:\/\/forbabyboss.com\/wp-content\/uploads\/2022\/09\/Star-Rating-5.png\"><img loading=\"lazy\" decoding=\"async\" class=\"alignnone size-full wp-image-5973 aligncenter\" src=\"http:\/\/forbabyboss.com\/wp-content\/uploads\/2022\/09\/Star-Rating-5.png\" alt=\"\" width=\"275\" height=\"45\" \/><\/a><\/p>\n<p style=\"text-align: center;\"><span style=\"color: #ed1c24; font-size: 120%;\"><b>PRICE MATCH GUARANTEE<\/b><\/span><\/p>\n<p style=\"text-align: center;\"><span style=\"font-size: 115%;\"><span style=\"font-weight: 400; color: #4f4fa7;\">Free Delivery<\/span><span style=\"font-weight: 400;\"> \u2013 2 \u2013 7 days<\/span><\/span><\/p>\n<p style=\"text-align: center;\"><strong><span style=\"color: #29606b;\">Free gift with purchases over \u00a3100<\/span><\/strong><\/p>","protected":false},"featured_media":5266,"template":"","meta":[],"product_brand":[577],"product_cat":[339,156,207,305,270,130,221,211],"product_tag":[163,171],"class_list":{"0":"post-5265","1":"product","2":"type-product","3":"status-publish","4":"has-post-thumbnail","6":"product_brand-kunert","7":"product_cat-700-to-800","8":"product_cat-3-in-1","9":"product_cat-black","10":"product_cat-colour","11":"product_cat-multicolor","12":"product_cat-prams","13":"product_cat-silver-colour","14":"product_cat-stroller","15":"product_tag-3-in-1-prams","16":"product_tag-pram","18":"first","19":"instock","20":"sale","21":"shipping-taxable","22":"purchasable","23":"product-type-simple"},"yoast_head":"<!-- This site is optimized with the Yoast SEO plugin v27.0 - https:\/\/yoast.com\/product\/yoast-seo-wordpress\/ -->\n<title>Baby Pram 3in1 Lightweight Travel System Pushchair Isofix base in black multicoloured silver frame - For Baby Boss<\/title>\n<meta name=\"description\" content=\"Baby Pram 3in1 Lightweight Travel System Pushchair Isofix base in black multicoloured silver frame\" \/>\n<meta name=\"robots\" content=\"index, follow, max-snippet:-1, max-image-preview:large, max-video-preview:-1\" \/>\n<link rel=\"canonical\" href=\"https:\/\/forbabyboss.com\/de\/product\/baby-pram-3in1-lightweight-travel-system-pushchair-isofix-base-in-black-multicoloured-silver-frame\/\" \/>\n<meta property=\"og:locale\" content=\"de_DE\" \/>\n<meta property=\"og:type\" content=\"article\" \/>\n<meta property=\"og:title\" content=\"Baby Pram 3in1 Lightweight Travel System Pushchair Isofix base in black multicoloured silver frame - For Baby Boss\" \/>\n<meta property=\"og:description\" content=\"Baby Pram 3in1 Lightweight Travel System Pushchair Isofix base in black multicoloured silver frame\" \/>\n<meta property=\"og:url\" content=\"https:\/\/forbabyboss.com\/de\/product\/baby-pram-3in1-lightweight-travel-system-pushchair-isofix-base-in-black-multicoloured-silver-frame\/\" \/>\n<meta property=\"og:site_name\" content=\"For Baby Boss\" \/>\n<meta property=\"article:modified_time\" content=\"2026-02-21T12:37:12+00:00\" \/>\n<meta property=\"og:image\" content=\"https:\/\/forbabyboss.com\/wp-content\/uploads\/2022\/09\/Baby-Buggy-Pram-Lightweight-Folding-3-in-1-Travel-System-Pushchair-Isofix-Base-Black-Multicoloured-silver-frame.png\" \/>\n\t<meta property=\"og:image:width\" content=\"1309\" \/>\n\t<meta property=\"og:image:height\" content=\"900\" \/>\n\t<meta property=\"og:image:type\" content=\"image\/png\" \/>\n<meta name=\"twitter:card\" content=\"summary_large_image\" \/>\n<meta name=\"twitter:label1\" content=\"Gesch\u00e4tzte Lesezeit\" \/>\n\t<meta name=\"twitter:data1\" content=\"3\u00a0Minuten\" \/>\n<script type=\"application\/ld+json\" class=\"yoast-schema-graph\">{\"@context\":\"https:\/\/schema.org\",\"@graph\":[{\"@type\":\"WebPage\",\"@id\":\"https:\/\/forbabyboss.com\/product\/baby-pram-3in1-lightweight-travel-system-pushchair-isofix-base-in-black-multicoloured-silver-frame\/\",\"url\":\"https:\/\/forbabyboss.com\/product\/baby-pram-3in1-lightweight-travel-system-pushchair-isofix-base-in-black-multicoloured-silver-frame\/\",\"name\":\"Baby Pram 3in1 Lightweight Travel System Pushchair Isofix base in black multicoloured silver frame - For Baby Boss\",\"isPartOf\":{\"@id\":\"https:\/\/powderblue-seahorse-496884.hostingersite.com\/#website\"},\"primaryImageOfPage\":{\"@id\":\"https:\/\/forbabyboss.com\/product\/baby-pram-3in1-lightweight-travel-system-pushchair-isofix-base-in-black-multicoloured-silver-frame\/#primaryimage\"},\"image\":{\"@id\":\"https:\/\/forbabyboss.com\/product\/baby-pram-3in1-lightweight-travel-system-pushchair-isofix-base-in-black-multicoloured-silver-frame\/#primaryimage\"},\"thumbnailUrl\":\"https:\/\/forbabyboss.com\/wp-content\/uploads\/2022\/09\/Baby-Buggy-Pram-Lightweight-Folding-3-in-1-Travel-System-Pushchair-Isofix-Base-Black-Multicoloured-silver-frame.png\",\"datePublished\":\"2022-09-11T15:47:09+00:00\",\"dateModified\":\"2026-02-21T12:37:12+00:00\",\"description\":\"Baby Pram 3in1 Lightweight Travel System Pushchair Isofix base in black multicoloured silver frame\",\"breadcrumb\":{\"@id\":\"https:\/\/forbabyboss.com\/product\/baby-pram-3in1-lightweight-travel-system-pushchair-isofix-base-in-black-multicoloured-silver-frame\/#breadcrumb\"},\"inLanguage\":\"de\",\"potentialAction\":[{\"@type\":\"ReadAction\",\"target\":[\"https:\/\/forbabyboss.com\/product\/baby-pram-3in1-lightweight-travel-system-pushchair-isofix-base-in-black-multicoloured-silver-frame\/\"]}]},{\"@type\":\"ImageObject\",\"inLanguage\":\"de\",\"@id\":\"https:\/\/forbabyboss.com\/product\/baby-pram-3in1-lightweight-travel-system-pushchair-isofix-base-in-black-multicoloured-silver-frame\/#primaryimage\",\"url\":\"https:\/\/forbabyboss.com\/wp-content\/uploads\/2022\/09\/Baby-Buggy-Pram-Lightweight-Folding-3-in-1-Travel-System-Pushchair-Isofix-Base-Black-Multicoloured-silver-frame.png\",\"contentUrl\":\"https:\/\/forbabyboss.com\/wp-content\/uploads\/2022\/09\/Baby-Buggy-Pram-Lightweight-Folding-3-in-1-Travel-System-Pushchair-Isofix-Base-Black-Multicoloured-silver-frame.png\",\"width\":1309,\"height\":900},{\"@type\":\"BreadcrumbList\",\"@id\":\"https:\/\/forbabyboss.com\/product\/baby-pram-3in1-lightweight-travel-system-pushchair-isofix-base-in-black-multicoloured-silver-frame\/#breadcrumb\",\"itemListElement\":[{\"@type\":\"ListItem\",\"position\":1,\"name\":\"Home\",\"item\":\"https:\/\/forbabyboss.com\/\"},{\"@type\":\"ListItem\",\"position\":2,\"name\":\"Shop\",\"item\":\"https:\/\/forbabyboss.com\/shop\/\"},{\"@type\":\"ListItem\",\"position\":3,\"name\":\"Baby Pram 3in1 Lightweight Travel System Pushchair Isofix base in black multicoloured silver frame\"}]},{\"@type\":\"WebSite\",\"@id\":\"https:\/\/powderblue-seahorse-496884.hostingersite.com\/#website\",\"url\":\"https:\/\/powderblue-seahorse-496884.hostingersite.com\/\",\"name\":\"For Baby Boss\",\"description\":\"Beautiful gifts and accessories for your baby boss\",\"potentialAction\":[{\"@type\":\"SearchAction\",\"target\":{\"@type\":\"EntryPoint\",\"urlTemplate\":\"https:\/\/powderblue-seahorse-496884.hostingersite.com\/?s={search_term_string}\"},\"query-input\":{\"@type\":\"PropertyValueSpecification\",\"valueRequired\":true,\"valueName\":\"search_term_string\"}}],\"inLanguage\":\"de\"}]}<\/script>\n<!-- \/ Yoast SEO plugin. -->","yoast_head_json":{"title":"Baby Pram 3in1 Lightweight Travel System Pushchair Isofix base in black multicoloured silver frame - For Baby Boss","description":"Baby Pram 3in1 Lightweight Travel System Pushchair Isofix base in black multicoloured silver frame","robots":{"index":"index","follow":"follow","max-snippet":"max-snippet:-1","max-image-preview":"max-image-preview:large","max-video-preview":"max-video-preview:-1"},"canonical":"https:\/\/forbabyboss.com\/de\/product\/baby-pram-3in1-lightweight-travel-system-pushchair-isofix-base-in-black-multicoloured-silver-frame\/","og_locale":"de_DE","og_type":"article","og_title":"Baby Pram 3in1 Lightweight Travel System Pushchair Isofix base in black multicoloured silver frame - For Baby Boss","og_description":"Baby Pram 3in1 Lightweight Travel System Pushchair Isofix base in black multicoloured silver frame","og_url":"https:\/\/forbabyboss.com\/de\/product\/baby-pram-3in1-lightweight-travel-system-pushchair-isofix-base-in-black-multicoloured-silver-frame\/","og_site_name":"For Baby Boss","article_modified_time":"2026-02-21T12:37:12+00:00","og_image":[{"width":1309,"height":900,"url":"https:\/\/forbabyboss.com\/wp-content\/uploads\/2022\/09\/Baby-Buggy-Pram-Lightweight-Folding-3-in-1-Travel-System-Pushchair-Isofix-Base-Black-Multicoloured-silver-frame.png","type":"image\/png"}],"twitter_card":"summary_large_image","twitter_misc":{"Gesch\u00e4tzte Lesezeit":"3\u00a0Minuten"},"schema":{"@context":"https:\/\/schema.org","@graph":[{"@type":"WebPage","@id":"https:\/\/forbabyboss.com\/product\/baby-pram-3in1-lightweight-travel-system-pushchair-isofix-base-in-black-multicoloured-silver-frame\/","url":"https:\/\/forbabyboss.com\/product\/baby-pram-3in1-lightweight-travel-system-pushchair-isofix-base-in-black-multicoloured-silver-frame\/","name":"Baby Pram 3in1 Lightweight Travel System Pushchair Isofix base in black multicoloured silver frame - For Baby Boss","isPartOf":{"@id":"https:\/\/powderblue-seahorse-496884.hostingersite.com\/#website"},"primaryImageOfPage":{"@id":"https:\/\/forbabyboss.com\/product\/baby-pram-3in1-lightweight-travel-system-pushchair-isofix-base-in-black-multicoloured-silver-frame\/#primaryimage"},"image":{"@id":"https:\/\/forbabyboss.com\/product\/baby-pram-3in1-lightweight-travel-system-pushchair-isofix-base-in-black-multicoloured-silver-frame\/#primaryimage"},"thumbnailUrl":"https:\/\/forbabyboss.com\/wp-content\/uploads\/2022\/09\/Baby-Buggy-Pram-Lightweight-Folding-3-in-1-Travel-System-Pushchair-Isofix-Base-Black-Multicoloured-silver-frame.png","datePublished":"2022-09-11T15:47:09+00:00","dateModified":"2026-02-21T12:37:12+00:00","description":"Baby Pram 3in1 Lightweight Travel System Pushchair Isofix base in black multicoloured silver frame","breadcrumb":{"@id":"https:\/\/forbabyboss.com\/product\/baby-pram-3in1-lightweight-travel-system-pushchair-isofix-base-in-black-multicoloured-silver-frame\/#breadcrumb"},"inLanguage":"de","potentialAction":[{"@type":"ReadAction","target":["https:\/\/forbabyboss.com\/product\/baby-pram-3in1-lightweight-travel-system-pushchair-isofix-base-in-black-multicoloured-silver-frame\/"]}]},{"@type":"ImageObject","inLanguage":"de","@id":"https:\/\/forbabyboss.com\/product\/baby-pram-3in1-lightweight-travel-system-pushchair-isofix-base-in-black-multicoloured-silver-frame\/#primaryimage","url":"https:\/\/forbabyboss.com\/wp-content\/uploads\/2022\/09\/Baby-Buggy-Pram-Lightweight-Folding-3-in-1-Travel-System-Pushchair-Isofix-Base-Black-Multicoloured-silver-frame.png","contentUrl":"https:\/\/forbabyboss.com\/wp-content\/uploads\/2022\/09\/Baby-Buggy-Pram-Lightweight-Folding-3-in-1-Travel-System-Pushchair-Isofix-Base-Black-Multicoloured-silver-frame.png","width":1309,"height":900},{"@type":"BreadcrumbList","@id":"https:\/\/forbabyboss.com\/product\/baby-pram-3in1-lightweight-travel-system-pushchair-isofix-base-in-black-multicoloured-silver-frame\/#breadcrumb","itemListElement":[{"@type":"ListItem","position":1,"name":"Home","item":"https:\/\/forbabyboss.com\/"},{"@type":"ListItem","position":2,"name":"Shop","item":"https:\/\/forbabyboss.com\/shop\/"},{"@type":"ListItem","position":3,"name":"Baby Pram 3in1 Lightweight Travel System Pushchair Isofix base in black multicoloured silver frame"}]},{"@type":"WebSite","@id":"https:\/\/powderblue-seahorse-496884.hostingersite.com\/#website","url":"https:\/\/powderblue-seahorse-496884.hostingersite.com\/","name":"F\u00fcr Baby Boss","description":"Wundersch\u00f6ne Geschenke und Accessoires f\u00fcr Ihren kleinen Chef","potentialAction":[{"@type":"SearchAction","target":{"@type":"EntryPoint","urlTemplate":"https:\/\/powderblue-seahorse-496884.hostingersite.com\/?s={search_term_string}"},"query-input":{"@type":"PropertyValueSpecification","valueRequired":true,"valueName":"search_term_string"}}],"inLanguage":"de"}]}},"_links":{"self":[{"href":"https:\/\/forbabyboss.com\/de\/wp-json\/wp\/v2\/product\/5265","targetHints":{"allow":["GET"]}}],"collection":[{"href":"https:\/\/forbabyboss.com\/de\/wp-json\/wp\/v2\/product"}],"about":[{"href":"https:\/\/forbabyboss.com\/de\/wp-json\/wp\/v2\/types\/product"}],"wp:featuredmedia":[{"embeddable":true,"href":"https:\/\/forbabyboss.com\/de\/wp-json\/wp\/v2\/media\/5266"}],"wp:attachment":[{"href":"https:\/\/forbabyboss.com\/de\/wp-json\/wp\/v2\/media?parent=5265"}],"wp:term":[{"taxonomy":"product_brand","embeddable":true,"href":"https:\/\/forbabyboss.com\/de\/wp-json\/wp\/v2\/product_brand?post=5265"},{"taxonomy":"product_cat","embeddable":true,"href":"https:\/\/forbabyboss.com\/de\/wp-json\/wp\/v2\/product_cat?post=5265"},{"taxonomy":"product_tag","embeddable":true,"href":"https:\/\/forbabyboss.com\/de\/wp-json\/wp\/v2\/product_tag?post=5265"}],"curies":[{"name":"wp","href":"https:\/\/api.w.org\/{rel}","templated":true}]}}