{"id":5306,"date":"2022-09-11T16:41:46","date_gmt":"2022-09-11T16:41:46","guid":{"rendered":"http:\/\/forbabyboss.com\/?post_type=product&#038;p=5306"},"modified":"2026-02-21T12:31:40","modified_gmt":"2026-02-21T12:31:40","slug":"faltbarer-3-in-1-reisewagen-mit-wendefunktion-in-grau-und-tiermotiven","status":"publish","type":"product","link":"https:\/\/forbabyboss.com\/de\/product\/baby-pram-folding-3in1-reversible-travel-system-pushchair-in-grey-and-animals\/","title":{"rendered":"Kinderwagen, faltbar, 3-in-1, wendbar, Reisesystem, Buggy in Grau und Tiermotiven"},"content":{"rendered":"<h1 style=\"text-align: justify;\"><strong><span style=\"color: #e14d43;\">Tiefer Kinderwagen<\/span><\/strong><\/h1>\n<p style=\"text-align: justify;\"><strong><span style=\"color: #282828;\">Es handelt sich um einen leichten Aluminiumrahmen mit Gondel, der vor allem f\u00fcr den sicheren Transport von Neugeborenen und S\u00e4uglingen mit einem Gewicht von bis zu 9 kg vorgesehen ist.<\/span><\/strong><br \/>\n<strong><span style=\"color: #282828;\">Die Axel-Gondel verf\u00fcgt \u00fcber ein ausklappbares Verdeck und ein weiches Baumwollfutter, das zum Waschen leicht herausgenommen werden kann.<\/span><\/strong><br \/>\n<strong><span style=\"color: #282828;\">Die Kabine ist mit einem zu \u00f6ffnenden L\u00fcftungsfenster ausgestattet.<\/span><\/strong><br \/>\n<strong><span style=\"color: #282828;\">Dar\u00fcber hinaus dient die Gondelabdeckung als Windf\u00e4nger.<\/span><\/strong><br \/>\n<strong><span style=\"color: #282828;\">Die Gondel verf\u00fcgt au\u00dferdem \u00fcber eine R\u00fcckenlehne mit stufenloser H\u00f6henverstellung.<\/span><\/strong><\/p>\n<h2 style=\"text-align: justify;\"><strong><span style=\"color: #e14d43;\">Merkmale der Babywanne:<\/span><\/strong><\/h2>\n<p style=\"text-align: justify;\"><strong><span style=\"color: #282828;\">\u2705 Faltbares Verdeck \u2013 sch\u00fctzt das Kind vor Sonne und Regen<\/span><\/strong><br \/>\n<strong><span style=\"color: #282828;\">\u2705 Baumwollfutter \u2013 sorgt f\u00fcr maximalen Reisekomfort (kann zum Waschen leicht herausgenommen werden)<\/span><\/strong><br \/>\n<strong><span style=\"color: #282828;\">\u2705 Bel\u00fcftungsfenster \u2013 sorgt f\u00fcr Frischluft im Inneren des Wagens<\/span><\/strong><br \/>\n<strong><span style=\"color: #282828;\">\u2705 Abdeckung \u2013 sch\u00fctzt das Kind vor Wind und K\u00e4lte<\/span><\/strong><br \/>\n<strong><span style=\"color: #282828;\">\u2705 Babywanne mit Wiegenfunktion \u2013 erm\u00f6glicht das Schaukeln des Kindes (kann durch Ausklappen der Seitenbeine arretiert werden)<\/span><\/strong><br \/>\n<strong><span style=\"color: #282828;\">\u2705 Babywanne mit Griff aus \u00d6ko-Leder \u2013 f\u00fcr bequemes Tragen.<\/span><\/strong><\/p>\n<h2 style=\"text-align: justify;\"><strong><span style=\"color: #e14d43;\">Kindersitz<\/span><\/strong><\/h2>\n<p style=\"text-align: justify;\"><strong><span style=\"color: #282828;\">Der Kindersitz ist f\u00fcr Kinder bis 10 kg geeignet. Er tr\u00e4gt die ECE-R44\/04-Zulassung, die best\u00e4tigt, dass er strenge Sicherheitsstandards erf\u00fcllt und f\u00fcr den sicheren Transport von Kindern im Auto verwendet werden kann. Mithilfe der mitgelieferten Adapter l\u00e4sst sich der Kindersitz sowohl vorw\u00e4rts- als auch r\u00fcckw\u00e4rtsgerichtet auf dem Kinderwagengestell befestigen.<\/span><\/strong><\/p>\n<p style=\"text-align: justify;\"><strong><span style=\"color: #282828;\">\u2705 Zus\u00e4tzlicher Einsatz f\u00fcr Babys \u2013 erm\u00f6glicht den sicheren Transport von Neugeborenen<\/span><\/strong><br \/>\n<strong><span style=\"color: #282828;\">\u2705 Verstellbarer Griff \u2013 zeichnet sich durch h\u00f6chste Ergonomie aus (kann in St\u00fctzposition eingestellt werden)<\/span><\/strong><br \/>\n<strong><span style=\"color: #282828;\">\u2705 Wiegenfunktion \u2013 dank eines speziell profilierten Bodens<\/span><\/strong><br \/>\n<strong><span style=\"color: #282828;\">\u2705 Beinschutz mit reflektierenden Elementen \u2013 sch\u00fctzt vor K\u00e4lte (abnehmbar)<\/span><\/strong><br \/>\n<strong><span style=\"color: #282828;\">\u2705 Abnehmbarer Regen- und Sonnenschutz \u2013 sch\u00fctzt das Kind vor ung\u00fcnstigen Wetterbedingungen<\/span><\/strong><br \/>\n<strong><span style=\"color: #282828;\">\u2705 Dreipunkt-Sicherheitsgurte mit zentraler L\u00e4ngenverstellung \u2013 sorgen f\u00fcr Sicherheit w\u00e4hrend der Fahrt<\/span><\/strong><br \/>\n<strong><span style=\"color: #282828;\">\u2705 Zus\u00e4tzliche Schultergurtbez\u00fcge \u2013 f\u00fcr mehr Komfort auf Reisen<\/span><\/strong><br \/>\n<strong><span style=\"color: #282828;\">\u2705 Adapter \u2013 erm\u00f6glichen die Montage des Sitzes am Kinderwagengestell<\/span><\/strong><\/p>\n<h2 style=\"text-align: justify;\"><strong><span style=\"color: #e14d43;\">Kinderwagen<\/span><\/strong><\/h2>\n<p style=\"text-align: justify;\"><strong><span style=\"color: #282828;\">Der Kinderwagen eignet sich perfekt f\u00fcr etwas \u00e4ltere Kinder bis zu einem Gewicht von 15 kg. Axel bietet zwei Montagem\u00f6glichkeiten: vorw\u00e4rts oder r\u00fcckw\u00e4rts gerichtet \u2013 je nach Ihren Vorlieben.<\/span><\/strong><br \/>\n<strong><span style=\"color: #282828;\">Ein ausklappbares Sonnendach und eine Abdeckung mit Windfangfunktion sch\u00fctzen Ihr Kind vor ung\u00fcnstigen Wetterbedingungen.<\/span><\/strong><\/p>\n<p style=\"text-align: justify;\"><strong><span style=\"color: #282828;\">\u2705 F\u00fcnfpunkt-Sicherheitsgurte mit weichen Polstern \u2013 sch\u00fctzen und gew\u00e4hrleisten Komfort w\u00e4hrend der Reise<\/span><\/strong><br \/>\n<strong><span style=\"color: #282828;\">\u2705 Barriere und Fu\u00dfst\u00fctze aus \u00d6ko-Leder \u2013 strapazierf\u00e4hig und leicht zu reinigen<\/span><\/strong><br \/>\n<strong><span style=\"color: #282828;\">\u2705 Verstellbare Fu\u00dfst\u00fctze \u2013 f\u00fcr optimale Positionierung<\/span><\/strong><br \/>\n<strong><span style=\"color: #282828;\">\u2705 Verstellbare R\u00fcckenlehne in vier Positionen \u2013 sorgt f\u00fcr eine optimale Position und erh\u00f6ht den Komfort des Kindes<\/span><\/strong><br \/>\n<strong><span style=\"color: #282828;\">\u2705 Rahmen mit weicher Federung \u2013 sch\u00fctzt das Kind vor unangenehmen St\u00f6\u00dfen bei Fahrten auf unebenen Oberfl\u00e4chen<\/span><\/strong><\/p>\n<h2 style=\"text-align: justify;\"><strong><span style=\"color: #e14d43;\">Rahmen<\/span><\/strong><\/h2>\n<p style=\"text-align: justify;\"><strong><span style=\"color: #282828;\">\u2705 Stabile und leichte Aluminiumkonstruktion<\/span><\/strong><br \/>\n<strong><span style=\"color: #282828;\">\u2705 Verstellbare F\u00fchrung mit \u00d6ko-Lederbezug \u2013 erm\u00f6glicht die einfache Anpassung des Kinderwagens an Ihre K\u00f6rpergr\u00f6\u00dfe<\/span><\/strong><br \/>\n<strong><span style=\"color: #282828;\">\u2705 Weiche Federung \u2013 ein innovatives Sto\u00dfd\u00e4mpfungssystem, das maximalen Reisekomfort gew\u00e4hrleistet<\/span><\/strong><br \/>\n<strong><span style=\"color: #282828;\">\u2705 Zentralbremse (Easy Stop) \u2013 erm\u00f6glicht das schnelle Blockieren der Wagenr\u00e4der<\/span><\/strong><br \/>\n<strong><span style=\"color: #282828;\">\u2705 Die M\u00f6glichkeit, das Buggy Board zu montieren \u2013 diese Funktion erweist sich als n\u00fctzlich, wenn das Kind ein \u00e4lteres Geschwisterkind hat.<\/span><\/strong><br \/>\n<strong><span style=\"color: #282828;\">\u2705 Faltbarer Rahmen \u2013 zusammengeklappt ben\u00f6tigt er wenig Platz und passt in den Kofferraum.<\/span><\/strong><\/p>\n<p><strong><span style=\"color: #282828;\"><a style=\"color: #282828;\" href=\"http:\/\/forbabyboss.com\/wp-content\/uploads\/2022\/09\/1-6.png\"><img loading=\"lazy\" decoding=\"async\" class=\"alignnone size-full wp-image-5282\" src=\"http:\/\/forbabyboss.com\/wp-content\/uploads\/2022\/09\/1-6.png\" alt=\"\" width=\"1337\" height=\"431\" srcset=\"https:\/\/forbabyboss.com\/wp-content\/uploads\/2022\/09\/1-6.png 1337w, https:\/\/forbabyboss.com\/wp-content\/uploads\/2022\/09\/1-6-800x258.png 800w, https:\/\/forbabyboss.com\/wp-content\/uploads\/2022\/09\/1-6-768x248.png 768w, https:\/\/forbabyboss.com\/wp-content\/uploads\/2022\/09\/1-6-600x193.png 600w\" sizes=\"auto, (max-width: 1337px) 100vw, 1337px\" \/><\/a><\/span><\/strong><\/p>\n<p><strong><span style=\"color: #282828;\"><a style=\"color: #282828;\" href=\"http:\/\/forbabyboss.com\/wp-content\/uploads\/2022\/09\/2-4.png\"><img loading=\"lazy\" decoding=\"async\" class=\"alignnone size-full wp-image-5283\" src=\"http:\/\/forbabyboss.com\/wp-content\/uploads\/2022\/09\/2-4.png\" alt=\"\" width=\"1309\" height=\"504\" srcset=\"https:\/\/forbabyboss.com\/wp-content\/uploads\/2022\/09\/2-4.png 1309w, https:\/\/forbabyboss.com\/wp-content\/uploads\/2022\/09\/2-4-800x308.png 800w, https:\/\/forbabyboss.com\/wp-content\/uploads\/2022\/09\/2-4-768x296.png 768w, https:\/\/forbabyboss.com\/wp-content\/uploads\/2022\/09\/2-4-600x231.png 600w\" sizes=\"auto, (max-width: 1309px) 100vw, 1309px\" \/><\/a><\/span><\/strong><\/p>\n<p><strong><span style=\"color: #282828;\"><a style=\"color: #282828;\" href=\"http:\/\/forbabyboss.com\/wp-content\/uploads\/2022\/09\/3-2.png\"><img loading=\"lazy\" decoding=\"async\" class=\"alignnone size-full wp-image-5284\" src=\"http:\/\/forbabyboss.com\/wp-content\/uploads\/2022\/09\/3-2.png\" alt=\"\" width=\"1291\" height=\"418\" srcset=\"https:\/\/forbabyboss.com\/wp-content\/uploads\/2022\/09\/3-2.png 1291w, https:\/\/forbabyboss.com\/wp-content\/uploads\/2022\/09\/3-2-800x259.png 800w, https:\/\/forbabyboss.com\/wp-content\/uploads\/2022\/09\/3-2-768x249.png 768w, https:\/\/forbabyboss.com\/wp-content\/uploads\/2022\/09\/3-2-600x194.png 600w\" sizes=\"auto, (max-width: 1291px) 100vw, 1291px\" \/><\/a><\/span><\/strong><\/p>\n<p><strong><span style=\"color: #282828;\"><a style=\"color: #282828;\" href=\"http:\/\/forbabyboss.com\/wp-content\/uploads\/2022\/09\/4-2.png\"><img loading=\"lazy\" decoding=\"async\" class=\"alignnone size-full wp-image-5285\" src=\"http:\/\/forbabyboss.com\/wp-content\/uploads\/2022\/09\/4-2.png\" alt=\"\" width=\"1309\" height=\"431\" srcset=\"https:\/\/forbabyboss.com\/wp-content\/uploads\/2022\/09\/4-2.png 1309w, https:\/\/forbabyboss.com\/wp-content\/uploads\/2022\/09\/4-2-800x263.png 800w, https:\/\/forbabyboss.com\/wp-content\/uploads\/2022\/09\/4-2-768x253.png 768w, https:\/\/forbabyboss.com\/wp-content\/uploads\/2022\/09\/4-2-600x198.png 600w\" sizes=\"auto, (max-width: 1309px) 100vw, 1309px\" \/><\/a><\/span><\/strong><\/p>\n<p><strong><span style=\"color: #282828;\"><a style=\"color: #282828;\" href=\"http:\/\/forbabyboss.com\/wp-content\/uploads\/2022\/09\/5-2.png\"><img loading=\"lazy\" decoding=\"async\" class=\"alignnone size-full wp-image-5286\" src=\"http:\/\/forbabyboss.com\/wp-content\/uploads\/2022\/09\/5-2.png\" alt=\"\" width=\"1341\" height=\"438\" srcset=\"https:\/\/forbabyboss.com\/wp-content\/uploads\/2022\/09\/5-2.png 1341w, https:\/\/forbabyboss.com\/wp-content\/uploads\/2022\/09\/5-2-800x261.png 800w, https:\/\/forbabyboss.com\/wp-content\/uploads\/2022\/09\/5-2-768x251.png 768w, https:\/\/forbabyboss.com\/wp-content\/uploads\/2022\/09\/5-2-600x196.png 600w\" sizes=\"auto, (max-width: 1341px) 100vw, 1341px\" \/><\/a><\/span><\/strong><\/p>\n<p><strong><span style=\"color: #282828;\"><a style=\"color: #282828;\" href=\"http:\/\/forbabyboss.com\/wp-content\/uploads\/2022\/09\/Easy-Fold-1.png\"><img loading=\"lazy\" decoding=\"async\" class=\"alignnone size-full wp-image-5039\" src=\"http:\/\/forbabyboss.com\/wp-content\/uploads\/2022\/09\/Easy-Fold-1.png\" alt=\"\" width=\"1141\" height=\"409\" srcset=\"https:\/\/forbabyboss.com\/wp-content\/uploads\/2022\/09\/Easy-Fold-1.png 1141w, https:\/\/forbabyboss.com\/wp-content\/uploads\/2022\/09\/Easy-Fold-1-800x287.png 800w, https:\/\/forbabyboss.com\/wp-content\/uploads\/2022\/09\/Easy-Fold-1-768x275.png 768w, https:\/\/forbabyboss.com\/wp-content\/uploads\/2022\/09\/Easy-Fold-1-600x215.png 600w\" sizes=\"auto, (max-width: 1141px) 100vw, 1141px\" \/><\/a><\/span><\/strong><\/p>\n<p>&nbsp;<\/p>\n<p>&nbsp;<\/p>\n<p><strong><a href=\"http:\/\/forbabyboss.com\/wp-content\/uploads\/2022\/09\/checkout.png\"><img loading=\"lazy\" decoding=\"async\" class=\"alignnone wp-image-5965\" src=\"http:\/\/forbabyboss.com\/wp-content\/uploads\/2022\/09\/checkout.png\" alt=\"\" width=\"1022\" height=\"376\" srcset=\"https:\/\/forbabyboss.com\/wp-content\/uploads\/2022\/09\/checkout.png 750w, https:\/\/forbabyboss.com\/wp-content\/uploads\/2022\/09\/checkout-600x221.png 600w\" sizes=\"auto, (max-width: 1022px) 100vw, 1022px\" \/><\/a><\/strong><\/p>\n<p>&nbsp;<\/p>","protected":false},"excerpt":{"rendered":"<p><a href=\"http:\/\/forbabyboss.com\/wp-content\/uploads\/2022\/09\/Star-Rating-5.png\"><img loading=\"lazy\" decoding=\"async\" class=\"alignnone size-full wp-image-5973 aligncenter\" src=\"http:\/\/forbabyboss.com\/wp-content\/uploads\/2022\/09\/Star-Rating-5.png\" alt=\"\" width=\"275\" height=\"45\" \/><\/a><\/p>\n<p style=\"text-align: center;\"><span style=\"color: #ed1c24; font-size: 120%;\"><b>PREISGARANTIE<\/b><\/span><\/p>\n<p style=\"text-align: center;\"><span style=\"font-size: 115%;\"><span style=\"font-weight: 400; color: #4f4fa7;\">Kostenloser Versand<\/span><span style=\"font-weight: 400;\"> \u2013 2 \u2013 7 Tage<\/span><\/span><\/p>\n<p style=\"text-align: center;\"><strong><span style=\"color: #29606b;\">Gratisgeschenk ab einem Einkaufswert von 100 \u00a3<\/span><\/strong><\/p>","protected":false},"featured_media":5307,"template":"","meta":[],"product_brand":[370],"product_cat":[337,339,156,305,210,303,130,211],"product_tag":[202,199],"class_list":{"0":"post-5306","1":"product","2":"type-product","3":"status-publish","4":"has-post-thumbnail","6":"product_brand-babylux","7":"product_cat-500-to-600","8":"product_cat-700-to-800","9":"product_cat-3-in-1","10":"product_cat-colour","11":"product_cat-grey","12":"product_cat-pattern","13":"product_cat-prams","14":"product_cat-stroller","15":"product_tag-3-in-1-pram","16":"product_tag-prams","18":"first","19":"instock","20":"sale","21":"shipping-taxable","22":"purchasable","23":"product-type-simple"},"yoast_head":"<!-- This site is optimized with the Yoast SEO plugin v27.5 - https:\/\/yoast.com\/product\/yoast-seo-wordpress\/ -->\n<title>Baby Pram Folding 3in1 Reversible Travel System Pushchair in Grey and Animals - For Baby Boss<\/title>\n<meta name=\"description\" content=\"Baby Pram Folding 3in1 Reversible Travel System Pushchair in Grey and Animals\" \/>\n<meta name=\"robots\" content=\"index, follow, max-snippet:-1, max-image-preview:large, max-video-preview:-1\" \/>\n<link rel=\"canonical\" href=\"https:\/\/forbabyboss.com\/de\/product\/faltbarer-3-in-1-reisewagen-mit-wendefunktion-in-grau-und-tiermotiven\/\" \/>\n<meta property=\"og:locale\" content=\"de_DE\" \/>\n<meta property=\"og:type\" content=\"article\" \/>\n<meta property=\"og:title\" content=\"Baby Pram Folding 3in1 Reversible Travel System Pushchair in Grey and Animals - For Baby Boss\" \/>\n<meta property=\"og:description\" content=\"Baby Pram Folding 3in1 Reversible Travel System Pushchair in Grey and Animals\" \/>\n<meta property=\"og:url\" content=\"https:\/\/forbabyboss.com\/de\/product\/faltbarer-3-in-1-reisewagen-mit-wendefunktion-in-grau-und-tiermotiven\/\" \/>\n<meta property=\"og:site_name\" content=\"For Baby Boss\" \/>\n<meta property=\"article:modified_time\" content=\"2026-02-21T12:31:40+00:00\" \/>\n<meta property=\"og:image\" content=\"https:\/\/forbabyboss.com\/wp-content\/uploads\/2022\/09\/Pram-Buggy-Pushchair-3-in-1-Travel-System-Car-Seat-Bassinet-Folding-Reversible-Grey-Animals.png\" \/>\n\t<meta property=\"og:image:width\" content=\"1395\" \/>\n\t<meta property=\"og:image:height\" content=\"900\" \/>\n\t<meta property=\"og:image:type\" content=\"image\/png\" \/>\n<meta name=\"twitter:card\" content=\"summary_large_image\" \/>\n<meta name=\"twitter:label1\" content=\"Gesch\u00e4tzte Lesezeit\" \/>\n\t<meta name=\"twitter:data1\" content=\"4\u00a0Minuten\" \/>\n<script type=\"application\/ld+json\" class=\"yoast-schema-graph\">{\"@context\":\"https:\\\/\\\/schema.org\",\"@graph\":[{\"@type\":\"WebPage\",\"@id\":\"https:\\\/\\\/forbabyboss.com\\\/product\\\/baby-pram-folding-3in1-reversible-travel-system-pushchair-in-grey-and-animals\\\/\",\"url\":\"https:\\\/\\\/forbabyboss.com\\\/product\\\/baby-pram-folding-3in1-reversible-travel-system-pushchair-in-grey-and-animals\\\/\",\"name\":\"Baby Pram Folding 3in1 Reversible Travel System Pushchair in Grey and Animals - For Baby Boss\",\"isPartOf\":{\"@id\":\"https:\\\/\\\/powderblue-seahorse-496884.hostingersite.com\\\/#website\"},\"primaryImageOfPage\":{\"@id\":\"https:\\\/\\\/forbabyboss.com\\\/product\\\/baby-pram-folding-3in1-reversible-travel-system-pushchair-in-grey-and-animals\\\/#primaryimage\"},\"image\":{\"@id\":\"https:\\\/\\\/forbabyboss.com\\\/product\\\/baby-pram-folding-3in1-reversible-travel-system-pushchair-in-grey-and-animals\\\/#primaryimage\"},\"thumbnailUrl\":\"https:\\\/\\\/forbabyboss.com\\\/wp-content\\\/uploads\\\/2022\\\/09\\\/Pram-Buggy-Pushchair-3-in-1-Travel-System-Car-Seat-Bassinet-Folding-Reversible-Grey-Animals.png\",\"datePublished\":\"2022-09-11T16:41:46+00:00\",\"dateModified\":\"2026-02-21T12:31:40+00:00\",\"description\":\"Baby Pram Folding 3in1 Reversible Travel System Pushchair in Grey and Animals\",\"breadcrumb\":{\"@id\":\"https:\\\/\\\/forbabyboss.com\\\/product\\\/baby-pram-folding-3in1-reversible-travel-system-pushchair-in-grey-and-animals\\\/#breadcrumb\"},\"inLanguage\":\"de\",\"potentialAction\":[{\"@type\":\"ReadAction\",\"target\":[\"https:\\\/\\\/forbabyboss.com\\\/product\\\/baby-pram-folding-3in1-reversible-travel-system-pushchair-in-grey-and-animals\\\/\"]}]},{\"@type\":\"ImageObject\",\"inLanguage\":\"de\",\"@id\":\"https:\\\/\\\/forbabyboss.com\\\/product\\\/baby-pram-folding-3in1-reversible-travel-system-pushchair-in-grey-and-animals\\\/#primaryimage\",\"url\":\"https:\\\/\\\/forbabyboss.com\\\/wp-content\\\/uploads\\\/2022\\\/09\\\/Pram-Buggy-Pushchair-3-in-1-Travel-System-Car-Seat-Bassinet-Folding-Reversible-Grey-Animals.png\",\"contentUrl\":\"https:\\\/\\\/forbabyboss.com\\\/wp-content\\\/uploads\\\/2022\\\/09\\\/Pram-Buggy-Pushchair-3-in-1-Travel-System-Car-Seat-Bassinet-Folding-Reversible-Grey-Animals.png\",\"width\":1395,\"height\":900},{\"@type\":\"BreadcrumbList\",\"@id\":\"https:\\\/\\\/forbabyboss.com\\\/product\\\/baby-pram-folding-3in1-reversible-travel-system-pushchair-in-grey-and-animals\\\/#breadcrumb\",\"itemListElement\":[{\"@type\":\"ListItem\",\"position\":1,\"name\":\"Home\",\"item\":\"https:\\\/\\\/forbabyboss.com\\\/\"},{\"@type\":\"ListItem\",\"position\":2,\"name\":\"Shop\",\"item\":\"https:\\\/\\\/forbabyboss.com\\\/shop\\\/\"},{\"@type\":\"ListItem\",\"position\":3,\"name\":\"Baby Pram Folding 3in1 Reversible Travel System Pushchair in Grey and Animals\"}]},{\"@type\":\"WebSite\",\"@id\":\"https:\\\/\\\/powderblue-seahorse-496884.hostingersite.com\\\/#website\",\"url\":\"https:\\\/\\\/powderblue-seahorse-496884.hostingersite.com\\\/\",\"name\":\"For Baby Boss\",\"description\":\"Beautiful gifts and accessories for your baby boss\",\"potentialAction\":[{\"@type\":\"SearchAction\",\"target\":{\"@type\":\"EntryPoint\",\"urlTemplate\":\"https:\\\/\\\/powderblue-seahorse-496884.hostingersite.com\\\/?s={search_term_string}\"},\"query-input\":{\"@type\":\"PropertyValueSpecification\",\"valueRequired\":true,\"valueName\":\"search_term_string\"}}],\"inLanguage\":\"de\"}]}<\/script>\n<!-- \/ Yoast SEO plugin. -->","yoast_head_json":{"title":"Faltbarer 3-in-1-Reisebuggy mit Wendefunktion in Grau und Tiermotiven \u2013 f\u00fcr Baby Boss","description":"Kinderwagen, faltbar, 3-in-1, wendbar, Reisesystem, Buggy in Grau und Tiermotiven","robots":{"index":"index","follow":"follow","max-snippet":"max-snippet:-1","max-image-preview":"max-image-preview:large","max-video-preview":"max-video-preview:-1"},"canonical":"https:\/\/forbabyboss.com\/de\/product\/faltbarer-3-in-1-reisewagen-mit-wendefunktion-in-grau-und-tiermotiven\/","og_locale":"de_DE","og_type":"article","og_title":"Baby Pram Folding 3in1 Reversible Travel System Pushchair in Grey and Animals - For Baby Boss","og_description":"Baby Pram Folding 3in1 Reversible Travel System Pushchair in Grey and Animals","og_url":"https:\/\/forbabyboss.com\/de\/product\/faltbarer-3-in-1-reisewagen-mit-wendefunktion-in-grau-und-tiermotiven\/","og_site_name":"For Baby Boss","article_modified_time":"2026-02-21T12:31:40+00:00","og_image":[{"width":1395,"height":900,"url":"https:\/\/forbabyboss.com\/wp-content\/uploads\/2022\/09\/Pram-Buggy-Pushchair-3-in-1-Travel-System-Car-Seat-Bassinet-Folding-Reversible-Grey-Animals.png","type":"image\/png"}],"twitter_card":"summary_large_image","twitter_misc":{"Gesch\u00e4tzte Lesezeit":"4\u00a0Minuten"},"schema":{"@context":"https:\/\/schema.org","@graph":[{"@type":"WebPage","@id":"https:\/\/forbabyboss.com\/product\/baby-pram-folding-3in1-reversible-travel-system-pushchair-in-grey-and-animals\/","url":"https:\/\/forbabyboss.com\/product\/baby-pram-folding-3in1-reversible-travel-system-pushchair-in-grey-and-animals\/","name":"Faltbarer 3-in-1-Reisebuggy mit Wendefunktion in Grau und Tiermotiven \u2013 f\u00fcr Baby Boss","isPartOf":{"@id":"https:\/\/powderblue-seahorse-496884.hostingersite.com\/#website"},"primaryImageOfPage":{"@id":"https:\/\/forbabyboss.com\/product\/baby-pram-folding-3in1-reversible-travel-system-pushchair-in-grey-and-animals\/#primaryimage"},"image":{"@id":"https:\/\/forbabyboss.com\/product\/baby-pram-folding-3in1-reversible-travel-system-pushchair-in-grey-and-animals\/#primaryimage"},"thumbnailUrl":"https:\/\/forbabyboss.com\/wp-content\/uploads\/2022\/09\/Pram-Buggy-Pushchair-3-in-1-Travel-System-Car-Seat-Bassinet-Folding-Reversible-Grey-Animals.png","datePublished":"2022-09-11T16:41:46+00:00","dateModified":"2026-02-21T12:31:40+00:00","description":"Kinderwagen, faltbar, 3-in-1, wendbar, Reisesystem, Buggy in Grau und Tiermotiven","breadcrumb":{"@id":"https:\/\/forbabyboss.com\/product\/baby-pram-folding-3in1-reversible-travel-system-pushchair-in-grey-and-animals\/#breadcrumb"},"inLanguage":"de","potentialAction":[{"@type":"ReadAction","target":["https:\/\/forbabyboss.com\/product\/baby-pram-folding-3in1-reversible-travel-system-pushchair-in-grey-and-animals\/"]}]},{"@type":"ImageObject","inLanguage":"de","@id":"https:\/\/forbabyboss.com\/product\/baby-pram-folding-3in1-reversible-travel-system-pushchair-in-grey-and-animals\/#primaryimage","url":"https:\/\/forbabyboss.com\/wp-content\/uploads\/2022\/09\/Pram-Buggy-Pushchair-3-in-1-Travel-System-Car-Seat-Bassinet-Folding-Reversible-Grey-Animals.png","contentUrl":"https:\/\/forbabyboss.com\/wp-content\/uploads\/2022\/09\/Pram-Buggy-Pushchair-3-in-1-Travel-System-Car-Seat-Bassinet-Folding-Reversible-Grey-Animals.png","width":1395,"height":900},{"@type":"BreadcrumbList","@id":"https:\/\/forbabyboss.com\/product\/baby-pram-folding-3in1-reversible-travel-system-pushchair-in-grey-and-animals\/#breadcrumb","itemListElement":[{"@type":"ListItem","position":1,"name":"Home","item":"https:\/\/forbabyboss.com\/"},{"@type":"ListItem","position":2,"name":"Shop","item":"https:\/\/forbabyboss.com\/shop\/"},{"@type":"ListItem","position":3,"name":"Baby Pram Folding 3in1 Reversible Travel System Pushchair in Grey and Animals"}]},{"@type":"WebSite","@id":"https:\/\/powderblue-seahorse-496884.hostingersite.com\/#website","url":"https:\/\/powderblue-seahorse-496884.hostingersite.com\/","name":"F\u00fcr Baby Boss","description":"Wundersch\u00f6ne Geschenke und Accessoires f\u00fcr Ihren kleinen Chef","potentialAction":[{"@type":"SearchAction","target":{"@type":"EntryPoint","urlTemplate":"https:\/\/powderblue-seahorse-496884.hostingersite.com\/?s={search_term_string}"},"query-input":{"@type":"PropertyValueSpecification","valueRequired":true,"valueName":"search_term_string"}}],"inLanguage":"de"}]}},"_links":{"self":[{"href":"https:\/\/forbabyboss.com\/de\/wp-json\/wp\/v2\/product\/5306","targetHints":{"allow":["GET"]}}],"collection":[{"href":"https:\/\/forbabyboss.com\/de\/wp-json\/wp\/v2\/product"}],"about":[{"href":"https:\/\/forbabyboss.com\/de\/wp-json\/wp\/v2\/types\/product"}],"wp:featuredmedia":[{"embeddable":true,"href":"https:\/\/forbabyboss.com\/de\/wp-json\/wp\/v2\/media\/5307"}],"wp:attachment":[{"href":"https:\/\/forbabyboss.com\/de\/wp-json\/wp\/v2\/media?parent=5306"}],"wp:term":[{"taxonomy":"product_brand","embeddable":true,"href":"https:\/\/forbabyboss.com\/de\/wp-json\/wp\/v2\/product_brand?post=5306"},{"taxonomy":"product_cat","embeddable":true,"href":"https:\/\/forbabyboss.com\/de\/wp-json\/wp\/v2\/product_cat?post=5306"},{"taxonomy":"product_tag","embeddable":true,"href":"https:\/\/forbabyboss.com\/de\/wp-json\/wp\/v2\/product_tag?post=5306"}],"curies":[{"name":"wp","href":"https:\/\/api.w.org\/{rel}","templated":true}]}}