{"id":5423,"date":"2022-09-13T10:26:59","date_gmt":"2022-09-13T10:26:59","guid":{"rendered":"http:\/\/forbabyboss.com\/?post_type=product&#038;p=5423"},"modified":"2026-02-21T12:05:07","modified_gmt":"2026-02-21T12:05:07","slug":"kinderwagen-ab-geburt-buggy-3-in-1-reisesystem-fur-jungen-und-madchen-isofix-basis-portugiesische-fliesen-weises-gestell","status":"publish","type":"product","link":"https:\/\/forbabyboss.com\/de\/product\/baby-pram-from-birth-pushchair-buggy-3-in1-travel-system-boys-girls-isofix-base-portuguese-tiles-white-frame\/","title":{"rendered":"Kinderwagen ab Geburt, Buggy, 3-in-1-Reisesystem f\u00fcr Jungen und M\u00e4dchen mit ISOFIX-Basis \u2013 Portugiesische Fliesen \u2013 wei\u00dfes Gestell"},"content":{"rendered":"<p style=\"text-align: justify;\">Dieser Kinderwagen ist perfekt f\u00fcr alle, die einen sch\u00f6nen und au\u00dfergew\u00f6hnlichen ersten Buggy f\u00fcr ihre Kleinen suchen.<br \/>\nOptimal ist eine Kollektion funktionaler, sicherer und farbenfroher Kinderwagen.<br \/>\nDer Griff ist mit \u00d6ko-Leder \u00fcberzogen, das sich sehr weich anf\u00fchlt.<br \/>\nEin weiterer Vorteil dieses Kinderwagens ist sein komfortabler, gut gefederter Rahmen, der sich extrem einfach bedienen l\u00e4sst.<br \/>\nDer Kinderwagen selbst ist sehr leicht und f\u00e4hrt sich wunderbar.<br \/>\nDas einfache Montagesystem wird von allen Eltern gesch\u00e4tzt werden.<br \/>\nDer Kinderwagen ist kompakt, sodass Sie ihn problemlos auch in engen Passagen man\u00f6vrieren k\u00f6nnen.<br \/>\nWir m\u00f6chten Sie darauf hinweisen, dass die Gondel von au\u00dfen verstellbar ist und dass es ein Federungssystem in den R\u00e4dern gibt.<br \/>\nDie Polsterung des Kinderwagens besteht aus hochwertigen, impr\u00e4gnierten und kinderfreundlichen Stoffen.<br \/>\nDer Innenraum der Gondel ist mit hypoallergenem Baumwollstoff ausgekleidet.<br \/>\nDie Polsterbez\u00fcge k\u00f6nnen zum Waschen abgenommen werden.<\/p>\n<p style=\"text-align: justify;\">Rahmen mit Ledergriff,<br \/>\nGondel mit Griff aus \u00d6ko-Leder<br \/>\nKinderwagensystem<br \/>\nAutositzadapter zur Montage am Rahmen<br \/>\ngro\u00dfer Beutel<br \/>\npannensichere Gelr\u00e4der<br \/>\nKabine und isolierter Fu\u00df\u00fcberzug f\u00fcr die Kinderwagenoption<br \/>\nKabine und \u00dcberdachung f\u00fcr die Gondel<br \/>\nKabine und ein Fu\u00df\u00fcberzug f\u00fcr den Autositz<br \/>\nMatratze f\u00fcr Kinderwagen<\/p>\n<h3><strong>Kinderwagen:<\/strong><\/h3>\n<ul>\n<li>Verstellbare Kapuze \/ Luxus-Innenfutter \/ Tragegriff \/ Abnehmbarer Sto\u00dff\u00e4nger<\/li>\n<li>Bar<\/li>\n<li>Das Innenfutter besteht aus kinderfreundlicher, hypoallergener Baumwolle und ist atmungsaktiv.<\/li>\n<li>Feststellbare, um 360\u00b0 schwenkbare, aufpumpbare Vorderr\u00e4der mit Kugellagern,<br \/>\nZentralbremse \u201cStop &amp; Go\u201d;<\/li>\n<li>Auswechselbare Sonnenblende f\u00fcr besseren Sonnenschutz in der Sitzeinheit;<br \/>\nBabywanne mit 4-fach verstellbarer R\u00fcckenlehne<br \/>\nBabywanne und Sitzverdeck bel\u00fcftet;<\/li>\n<li>4-fach verstellbarer Griff mit \u00d6ko-Lederbezug;<br \/>\nein nach vorne und nach hinten gerichtetes System,<\/li>\n<\/ul>\n<h2><strong>Abmessungen:<\/strong><\/h2>\n<ul>\n<li style=\"text-align: justify;\">Babywanne<\/li>\n<li style=\"text-align: justify;\">Gewicht \u2013 4,2 kg<\/li>\n<li style=\"text-align: justify;\">Gesamtgewicht des Kinderwagens \u2013 14 kg<\/li>\n<li style=\"text-align: justify;\">Gestell mit Babywanne: H 126 cm x B 59,5 cm x L 100 cm<\/li>\n<li style=\"text-align: justify;\">Innenma\u00dfe: B 36 cm x L 91 cm x T 21 cm<\/li>\n<\/ul>\n<h3 style=\"text-align: justify;\"><strong>Kinderwagen:<\/strong><\/h3>\n<ul>\n<li style=\"text-align: justify;\">Rahmen mit R\u00e4dern: 13,7 kg<\/li>\n<li style=\"text-align: justify;\">Abmessungen des Kinderwagens: H 114 cm x B 59,5 cm x L 90 cm<\/li>\n<\/ul>\n<h3 style=\"text-align: justify;\"><strong>Kindersitz:<\/strong><\/h3>\n<ul>\n<li style=\"text-align: justify;\">Gewicht: 4,8 kg<\/li>\n<li style=\"text-align: justify;\">Kindersitz mit Gestell und R\u00e4dern: 14,8 kg<\/li>\n<li style=\"text-align: justify;\">Gestell mit Autositz: H 108 cm x B 63 cm x L 84 cm<\/li>\n<\/ul>\n<h4 style=\"text-align: justify;\"><strong>Rahmen:<\/strong><\/h4>\n<ul>\n<li style=\"text-align: justify;\">Rahmen mit R\u00e4dern: 9,8 kg<\/li>\n<li style=\"text-align: justify;\">Der Durchmesser der R\u00e4der: vorne 25 cm, hinten 31 cm<\/li>\n<\/ul>\n<h4 style=\"text-align: justify;\"><strong>Bequemer Autositz:<\/strong><\/h4>\n<ul>\n<li style=\"text-align: justify;\">Gruppe 0-10 kg:<\/li>\n<li style=\"text-align: justify;\">Mit dem Adapter am Wagen befestigt<\/li>\n<li style=\"text-align: justify;\">3-Punkt-Gurt<\/li>\n<li style=\"text-align: justify;\">Verstellbarer Tragegriff<\/li>\n<li style=\"text-align: justify;\">Abnehmbare Abdeckung<\/li>\n<li style=\"text-align: justify;\">H\u00f6henverstellbare Sicherheitsgurte<\/li>\n<li style=\"text-align: justify;\">Vorw\u00e4rts- oder r\u00fcckw\u00e4rtsgerichteter Modus<\/li>\n<\/ul>\n<p style=\"text-align: justify;\"><a href=\"http:\/\/forbabyboss.com\/wp-content\/uploads\/2022\/09\/checkout.png\"><img loading=\"lazy\" decoding=\"async\" class=\"alignnone size-full wp-image-5965\" src=\"http:\/\/forbabyboss.com\/wp-content\/uploads\/2022\/09\/checkout.png\" alt=\"\" width=\"750\" height=\"276\" srcset=\"https:\/\/forbabyboss.com\/wp-content\/uploads\/2022\/09\/checkout.png 750w, https:\/\/forbabyboss.com\/wp-content\/uploads\/2022\/09\/checkout-600x221.png 600w\" sizes=\"auto, (max-width: 750px) 100vw, 750px\" \/><\/a><\/p>","protected":false},"excerpt":{"rendered":"<p><a href=\"http:\/\/forbabyboss.com\/wp-content\/uploads\/2022\/09\/Star-Rating-5.png\"><img loading=\"lazy\" decoding=\"async\" class=\"alignnone size-full wp-image-5973 aligncenter\" src=\"http:\/\/forbabyboss.com\/wp-content\/uploads\/2022\/09\/Star-Rating-5.png\" alt=\"\" width=\"275\" height=\"45\" \/><\/a><\/p>\n<p style=\"text-align: center;\"><span style=\"color: #ed1c24; font-size: 120%;\"><b>PREISGARANTIE<\/b><\/span><\/p>\n<p style=\"text-align: center;\"><span style=\"font-size: 115%;\"><span style=\"font-weight: 400; color: #4f4fa7;\">Kostenloser Versand<\/span><span style=\"font-weight: 400;\"> \u2013 2 \u2013 7 Tage<\/span><\/span><\/p>\n<p style=\"text-align: center;\"><strong><span style=\"color: #29606b;\">Gratisgeschenk ab einem Einkaufswert von 100 \u00a3<\/span><\/strong><\/p>","protected":false},"featured_media":5424,"template":"","meta":[],"product_brand":[370],"product_cat":[338,339,156,213,305,303,130,209,211],"product_tag":[163,199],"class_list":{"0":"post-5423","1":"product","2":"type-product","3":"status-publish","4":"has-post-thumbnail","6":"product_brand-babylux","7":"product_cat-600-to-700","8":"product_cat-700-to-800","9":"product_cat-3-in-1","10":"product_cat-blue","11":"product_cat-colour","12":"product_cat-pattern","13":"product_cat-prams","14":"product_cat-push-chairs","15":"product_cat-stroller","16":"product_tag-3-in-1-prams","17":"product_tag-prams","19":"first","20":"instock","21":"sale","22":"shipping-taxable","23":"purchasable","24":"product-type-simple"},"yoast_head":"<!-- This site is optimized with the Yoast SEO plugin v27.5 - https:\/\/yoast.com\/product\/yoast-seo-wordpress\/ -->\n<title>Baby Pram From Birth Pushchair Buggy 3 in1 Travel System Boys Girls ISOFIX BASE -Portuguese Tiles - white frame - For Baby Boss<\/title>\n<meta name=\"description\" content=\"Baby Pram From Birth Pushchair Buggy 3 in1 Travel System Boys Girls ISOFIX BASE -Portuguese Tiles - white frame\" \/>\n<meta name=\"robots\" content=\"index, follow, max-snippet:-1, max-image-preview:large, max-video-preview:-1\" \/>\n<link rel=\"canonical\" href=\"https:\/\/forbabyboss.com\/de\/product\/kinderwagen-ab-geburt-buggy-3-in-1-reisesystem-fur-jungen-und-madchen-isofix-basis-portugiesische-fliesen-weises-gestell\/\" \/>\n<meta property=\"og:locale\" content=\"de_DE\" \/>\n<meta property=\"og:type\" content=\"article\" \/>\n<meta property=\"og:title\" content=\"Baby Pram From Birth Pushchair Buggy 3 in1 Travel System Boys Girls ISOFIX BASE -Portuguese Tiles - white frame - For Baby Boss\" \/>\n<meta property=\"og:description\" content=\"Baby Pram From Birth Pushchair Buggy 3 in1 Travel System Boys Girls ISOFIX BASE -Portuguese Tiles - white frame\" \/>\n<meta property=\"og:url\" content=\"https:\/\/forbabyboss.com\/de\/product\/kinderwagen-ab-geburt-buggy-3-in-1-reisesystem-fur-jungen-und-madchen-isofix-basis-portugiesische-fliesen-weises-gestell\/\" \/>\n<meta property=\"og:site_name\" content=\"For Baby Boss\" \/>\n<meta property=\"article:modified_time\" content=\"2026-02-21T12:05:07+00:00\" \/>\n<meta property=\"og:image\" content=\"https:\/\/forbabyboss.com\/wp-content\/uploads\/2022\/09\/Baby-Pram-From-Birth-Pushchair-Buggy-3-in1-Travel-System-Boys-Girls-ISOFIX-BASE-Portuguese-Tiles-white-frame-main.png\" \/>\n\t<meta property=\"og:image:width\" content=\"1600\" \/>\n\t<meta property=\"og:image:height\" content=\"1156\" \/>\n\t<meta property=\"og:image:type\" content=\"image\/png\" \/>\n<meta name=\"twitter:card\" content=\"summary_large_image\" \/>\n<meta name=\"twitter:label1\" content=\"Gesch\u00e4tzte Lesezeit\" \/>\n\t<meta name=\"twitter:data1\" content=\"2\u00a0Minuten\" \/>\n<script type=\"application\/ld+json\" class=\"yoast-schema-graph\">{\"@context\":\"https:\\\/\\\/schema.org\",\"@graph\":[{\"@type\":\"WebPage\",\"@id\":\"https:\\\/\\\/forbabyboss.com\\\/product\\\/baby-pram-from-birth-pushchair-buggy-3-in1-travel-system-boys-girls-isofix-base-portuguese-tiles-white-frame\\\/\",\"url\":\"https:\\\/\\\/forbabyboss.com\\\/product\\\/baby-pram-from-birth-pushchair-buggy-3-in1-travel-system-boys-girls-isofix-base-portuguese-tiles-white-frame\\\/\",\"name\":\"Baby Pram From Birth Pushchair Buggy 3 in1 Travel System Boys Girls ISOFIX BASE -Portuguese Tiles - white frame - For Baby Boss\",\"isPartOf\":{\"@id\":\"https:\\\/\\\/powderblue-seahorse-496884.hostingersite.com\\\/#website\"},\"primaryImageOfPage\":{\"@id\":\"https:\\\/\\\/forbabyboss.com\\\/product\\\/baby-pram-from-birth-pushchair-buggy-3-in1-travel-system-boys-girls-isofix-base-portuguese-tiles-white-frame\\\/#primaryimage\"},\"image\":{\"@id\":\"https:\\\/\\\/forbabyboss.com\\\/product\\\/baby-pram-from-birth-pushchair-buggy-3-in1-travel-system-boys-girls-isofix-base-portuguese-tiles-white-frame\\\/#primaryimage\"},\"thumbnailUrl\":\"https:\\\/\\\/forbabyboss.com\\\/wp-content\\\/uploads\\\/2022\\\/09\\\/Baby-Pram-From-Birth-Pushchair-Buggy-3-in1-Travel-System-Boys-Girls-ISOFIX-BASE-Portuguese-Tiles-white-frame-main.png\",\"datePublished\":\"2022-09-13T10:26:59+00:00\",\"dateModified\":\"2026-02-21T12:05:07+00:00\",\"description\":\"Baby Pram From Birth Pushchair Buggy 3 in1 Travel System Boys Girls ISOFIX BASE -Portuguese Tiles - white frame\",\"breadcrumb\":{\"@id\":\"https:\\\/\\\/forbabyboss.com\\\/product\\\/baby-pram-from-birth-pushchair-buggy-3-in1-travel-system-boys-girls-isofix-base-portuguese-tiles-white-frame\\\/#breadcrumb\"},\"inLanguage\":\"de\",\"potentialAction\":[{\"@type\":\"ReadAction\",\"target\":[\"https:\\\/\\\/forbabyboss.com\\\/product\\\/baby-pram-from-birth-pushchair-buggy-3-in1-travel-system-boys-girls-isofix-base-portuguese-tiles-white-frame\\\/\"]}]},{\"@type\":\"ImageObject\",\"inLanguage\":\"de\",\"@id\":\"https:\\\/\\\/forbabyboss.com\\\/product\\\/baby-pram-from-birth-pushchair-buggy-3-in1-travel-system-boys-girls-isofix-base-portuguese-tiles-white-frame\\\/#primaryimage\",\"url\":\"https:\\\/\\\/forbabyboss.com\\\/wp-content\\\/uploads\\\/2022\\\/09\\\/Baby-Pram-From-Birth-Pushchair-Buggy-3-in1-Travel-System-Boys-Girls-ISOFIX-BASE-Portuguese-Tiles-white-frame-main.png\",\"contentUrl\":\"https:\\\/\\\/forbabyboss.com\\\/wp-content\\\/uploads\\\/2022\\\/09\\\/Baby-Pram-From-Birth-Pushchair-Buggy-3-in1-Travel-System-Boys-Girls-ISOFIX-BASE-Portuguese-Tiles-white-frame-main.png\",\"width\":1600,\"height\":1156},{\"@type\":\"BreadcrumbList\",\"@id\":\"https:\\\/\\\/forbabyboss.com\\\/product\\\/baby-pram-from-birth-pushchair-buggy-3-in1-travel-system-boys-girls-isofix-base-portuguese-tiles-white-frame\\\/#breadcrumb\",\"itemListElement\":[{\"@type\":\"ListItem\",\"position\":1,\"name\":\"Home\",\"item\":\"https:\\\/\\\/forbabyboss.com\\\/\"},{\"@type\":\"ListItem\",\"position\":2,\"name\":\"Shop\",\"item\":\"https:\\\/\\\/forbabyboss.com\\\/shop\\\/\"},{\"@type\":\"ListItem\",\"position\":3,\"name\":\"Baby Pram From Birth Pushchair Buggy 3 in1 Travel System Boys Girls ISOFIX BASE -Portuguese Tiles &#8211; white frame\"}]},{\"@type\":\"WebSite\",\"@id\":\"https:\\\/\\\/powderblue-seahorse-496884.hostingersite.com\\\/#website\",\"url\":\"https:\\\/\\\/powderblue-seahorse-496884.hostingersite.com\\\/\",\"name\":\"For Baby Boss\",\"description\":\"Beautiful gifts and accessories for your baby boss\",\"potentialAction\":[{\"@type\":\"SearchAction\",\"target\":{\"@type\":\"EntryPoint\",\"urlTemplate\":\"https:\\\/\\\/powderblue-seahorse-496884.hostingersite.com\\\/?s={search_term_string}\"},\"query-input\":{\"@type\":\"PropertyValueSpecification\",\"valueRequired\":true,\"valueName\":\"search_term_string\"}}],\"inLanguage\":\"de\"}]}<\/script>\n<!-- \/ Yoast SEO plugin. -->","yoast_head_json":{"title":"Kinderwagen ab Geburt, Buggy, 3-in-1-Reisesystem f\u00fcr Jungen und M\u00e4dchen mit ISOFIX-Basis \u2013 Portugiesische Fliesen \u2013 wei\u00dfes Gestell \u2013 F\u00fcr Baby Boss","description":"Kinderwagen ab Geburt, Buggy, 3-in-1-Reisesystem f\u00fcr Jungen und M\u00e4dchen mit ISOFIX-Basis \u2013 Portugiesische Fliesen \u2013 wei\u00dfes Gestell","robots":{"index":"index","follow":"follow","max-snippet":"max-snippet:-1","max-image-preview":"max-image-preview:large","max-video-preview":"max-video-preview:-1"},"canonical":"https:\/\/forbabyboss.com\/de\/product\/kinderwagen-ab-geburt-buggy-3-in-1-reisesystem-fur-jungen-und-madchen-isofix-basis-portugiesische-fliesen-weises-gestell\/","og_locale":"de_DE","og_type":"article","og_title":"Baby Pram From Birth Pushchair Buggy 3 in1 Travel System Boys Girls ISOFIX BASE -Portuguese Tiles - white frame - For Baby Boss","og_description":"Baby Pram From Birth Pushchair Buggy 3 in1 Travel System Boys Girls ISOFIX BASE -Portuguese Tiles - white frame","og_url":"https:\/\/forbabyboss.com\/de\/product\/kinderwagen-ab-geburt-buggy-3-in-1-reisesystem-fur-jungen-und-madchen-isofix-basis-portugiesische-fliesen-weises-gestell\/","og_site_name":"For Baby Boss","article_modified_time":"2026-02-21T12:05:07+00:00","og_image":[{"width":1600,"height":1156,"url":"https:\/\/forbabyboss.com\/wp-content\/uploads\/2022\/09\/Baby-Pram-From-Birth-Pushchair-Buggy-3-in1-Travel-System-Boys-Girls-ISOFIX-BASE-Portuguese-Tiles-white-frame-main.png","type":"image\/png"}],"twitter_card":"summary_large_image","twitter_misc":{"Gesch\u00e4tzte Lesezeit":"2\u00a0Minuten"},"schema":{"@context":"https:\/\/schema.org","@graph":[{"@type":"WebPage","@id":"https:\/\/forbabyboss.com\/product\/baby-pram-from-birth-pushchair-buggy-3-in1-travel-system-boys-girls-isofix-base-portuguese-tiles-white-frame\/","url":"https:\/\/forbabyboss.com\/product\/baby-pram-from-birth-pushchair-buggy-3-in1-travel-system-boys-girls-isofix-base-portuguese-tiles-white-frame\/","name":"Kinderwagen ab Geburt, Buggy, 3-in-1-Reisesystem f\u00fcr Jungen und M\u00e4dchen mit ISOFIX-Basis \u2013 Portugiesische Fliesen \u2013 wei\u00dfes Gestell \u2013 F\u00fcr Baby Boss","isPartOf":{"@id":"https:\/\/powderblue-seahorse-496884.hostingersite.com\/#website"},"primaryImageOfPage":{"@id":"https:\/\/forbabyboss.com\/product\/baby-pram-from-birth-pushchair-buggy-3-in1-travel-system-boys-girls-isofix-base-portuguese-tiles-white-frame\/#primaryimage"},"image":{"@id":"https:\/\/forbabyboss.com\/product\/baby-pram-from-birth-pushchair-buggy-3-in1-travel-system-boys-girls-isofix-base-portuguese-tiles-white-frame\/#primaryimage"},"thumbnailUrl":"https:\/\/forbabyboss.com\/wp-content\/uploads\/2022\/09\/Baby-Pram-From-Birth-Pushchair-Buggy-3-in1-Travel-System-Boys-Girls-ISOFIX-BASE-Portuguese-Tiles-white-frame-main.png","datePublished":"2022-09-13T10:26:59+00:00","dateModified":"2026-02-21T12:05:07+00:00","description":"Kinderwagen ab Geburt, Buggy, 3-in-1-Reisesystem f\u00fcr Jungen und M\u00e4dchen mit ISOFIX-Basis \u2013 Portugiesische Fliesen \u2013 wei\u00dfes Gestell","breadcrumb":{"@id":"https:\/\/forbabyboss.com\/product\/baby-pram-from-birth-pushchair-buggy-3-in1-travel-system-boys-girls-isofix-base-portuguese-tiles-white-frame\/#breadcrumb"},"inLanguage":"de","potentialAction":[{"@type":"ReadAction","target":["https:\/\/forbabyboss.com\/product\/baby-pram-from-birth-pushchair-buggy-3-in1-travel-system-boys-girls-isofix-base-portuguese-tiles-white-frame\/"]}]},{"@type":"ImageObject","inLanguage":"de","@id":"https:\/\/forbabyboss.com\/product\/baby-pram-from-birth-pushchair-buggy-3-in1-travel-system-boys-girls-isofix-base-portuguese-tiles-white-frame\/#primaryimage","url":"https:\/\/forbabyboss.com\/wp-content\/uploads\/2022\/09\/Baby-Pram-From-Birth-Pushchair-Buggy-3-in1-Travel-System-Boys-Girls-ISOFIX-BASE-Portuguese-Tiles-white-frame-main.png","contentUrl":"https:\/\/forbabyboss.com\/wp-content\/uploads\/2022\/09\/Baby-Pram-From-Birth-Pushchair-Buggy-3-in1-Travel-System-Boys-Girls-ISOFIX-BASE-Portuguese-Tiles-white-frame-main.png","width":1600,"height":1156},{"@type":"BreadcrumbList","@id":"https:\/\/forbabyboss.com\/product\/baby-pram-from-birth-pushchair-buggy-3-in1-travel-system-boys-girls-isofix-base-portuguese-tiles-white-frame\/#breadcrumb","itemListElement":[{"@type":"ListItem","position":1,"name":"Home","item":"https:\/\/forbabyboss.com\/"},{"@type":"ListItem","position":2,"name":"Shop","item":"https:\/\/forbabyboss.com\/shop\/"},{"@type":"ListItem","position":3,"name":"Baby Pram From Birth Pushchair Buggy 3 in1 Travel System Boys Girls ISOFIX BASE -Portuguese Tiles &#8211; white frame"}]},{"@type":"WebSite","@id":"https:\/\/powderblue-seahorse-496884.hostingersite.com\/#website","url":"https:\/\/powderblue-seahorse-496884.hostingersite.com\/","name":"F\u00fcr Baby Boss","description":"Wundersch\u00f6ne Geschenke und Accessoires f\u00fcr Ihren kleinen Chef","potentialAction":[{"@type":"SearchAction","target":{"@type":"EntryPoint","urlTemplate":"https:\/\/powderblue-seahorse-496884.hostingersite.com\/?s={search_term_string}"},"query-input":{"@type":"PropertyValueSpecification","valueRequired":true,"valueName":"search_term_string"}}],"inLanguage":"de"}]}},"_links":{"self":[{"href":"https:\/\/forbabyboss.com\/de\/wp-json\/wp\/v2\/product\/5423","targetHints":{"allow":["GET"]}}],"collection":[{"href":"https:\/\/forbabyboss.com\/de\/wp-json\/wp\/v2\/product"}],"about":[{"href":"https:\/\/forbabyboss.com\/de\/wp-json\/wp\/v2\/types\/product"}],"wp:featuredmedia":[{"embeddable":true,"href":"https:\/\/forbabyboss.com\/de\/wp-json\/wp\/v2\/media\/5424"}],"wp:attachment":[{"href":"https:\/\/forbabyboss.com\/de\/wp-json\/wp\/v2\/media?parent=5423"}],"wp:term":[{"taxonomy":"product_brand","embeddable":true,"href":"https:\/\/forbabyboss.com\/de\/wp-json\/wp\/v2\/product_brand?post=5423"},{"taxonomy":"product_cat","embeddable":true,"href":"https:\/\/forbabyboss.com\/de\/wp-json\/wp\/v2\/product_cat?post=5423"},{"taxonomy":"product_tag","embeddable":true,"href":"https:\/\/forbabyboss.com\/de\/wp-json\/wp\/v2\/product_tag?post=5423"}],"curies":[{"name":"wp","href":"https:\/\/api.w.org\/{rel}","templated":true}]}}