{"id":5456,"date":"2022-09-13T11:49:11","date_gmt":"2022-09-13T11:49:11","guid":{"rendered":"http:\/\/forbabyboss.com\/?post_type=product&#038;p=5456"},"modified":"2026-02-21T12:02:21","modified_gmt":"2026-02-21T12:02:21","slug":"schwarzes-baby-kinderwagen-set-buggy-autositz-und-babywanne-3-in-1-reisesystem-ab-geburt","status":"publish","type":"product","link":"https:\/\/forbabyboss.com\/de\/product\/black-baby-pram-set-pushchair-car-seat-carrycot-3-in-1-travel-system-from-birth\/","title":{"rendered":"Schwarzes Baby-Kinderwagen-Set: Buggy, Autositz, Babywanne \u2013 3-in-1-Reisesystem ab Geburt"},"content":{"rendered":"<h1><span style=\"color: #e14d43;\"><strong><span style=\"font-size: 115%;\">Entdecken Sie das perfekte Reisesystem, das den Bed\u00fcrfnissen Ihrer Familie entspricht.<\/span><\/strong><\/span><\/h1>\n<p style=\"text-align: justify;\"><span style=\"color: #282828;\"><strong>Ein Baby-Reisesystem ist ein Kinderwagen mit integrierter, ab Geburt geeigneter Babyschale. Die Babyschale l\u00e4sst sich am Gestell des Kinderwagens befestigen. So m\u00fcssen Sie Ihr schlafendes Baby nicht wecken, indem Sie es herausnehmen \u2013 die Babyschale wird einfach am Kinderwagen angebracht. Experten empfehlen, dass Babys nicht l\u00e4nger als 90 Minuten am St\u00fcck in der Babyschale sitzen sollten. F\u00fcr kurze Fahrten ist dies jedoch die perfekte L\u00f6sung.<\/strong><\/span><\/p>\n<h3 style=\"text-align: justify;\"><span style=\"color: #e14d43;\"><strong><span style=\"font-size: 95%;\">Merkmale:<\/span><\/strong><\/span><\/h3>\n<p style=\"text-align: justify;\"><span style=\"color: #282828;\"><strong>-vorw\u00e4rts- und r\u00fcckw\u00e4rtsgerichteter Modus<\/strong><\/span><\/p>\n<p style=\"text-align: justify;\"><span style=\"color: #282828;\"><strong>-Autositz, der am Fahrgestell befestigt werden kann<\/strong><\/span><\/p>\n<p style=\"text-align: justify;\"><span style=\"color: #282828;\"><strong>-L\u00fcftungsfenster an der R\u00fcckseite der Motorhaube<\/strong><\/span><\/p>\n<p style=\"text-align: justify;\"><span style=\"color: #282828;\"><strong>Die Gondel hat ein weiches Futter, das zum Waschen herausgenommen werden kann.<\/strong><\/span><\/p>\n<p style=\"text-align: justify;\"><span style=\"color: #282828;\"><strong>Die Gondelabdeckung kann hochgeklappt werden, um einen Windf\u00e4nger zu bilden.<\/strong><\/span><\/p>\n<p style=\"text-align: justify;\"><span style=\"color: #282828;\"><strong>-verl\u00e4ngerte, abnehmbare Motorhaube<\/strong><\/span><\/p>\n<p style=\"text-align: justify;\"><span style=\"color: #282828;\"><strong>-5-Punkt-Sicherheitsgurt<\/strong><\/span><\/p>\n<p style=\"text-align: justify;\"><span style=\"color: #282828;\"><strong>-laminierte Fu\u00dfst\u00fctze<\/strong><\/span><\/p>\n<p style=\"text-align: justify;\"><span style=\"color: #282828;\"><strong>-mehrstufig verstellbarer Griff<\/strong><\/span><\/p>\n<p style=\"text-align: justify;\"><span style=\"color: #282828;\"><strong>-einstellbare Federung<\/strong><\/span><\/p>\n<p style=\"text-align: justify;\"><span style=\"color: #282828;\"><strong>-stabiler Rahmen<\/strong><\/span><\/p>\n<p style=\"text-align: justify;\"><span style=\"color: #282828;\"><strong>-verstellbare Bein- und R\u00fcckenlehne<\/strong><\/span><\/p>\n<p style=\"text-align: justify;\"><span style=\"color: #282828;\"><strong>-Zentralbremse EASY STOP<\/strong><\/span><\/p>\n<p style=\"text-align: justify;\"><span style=\"color: #282828;\"><strong>-gro\u00dfer Einkaufskorb<\/strong><\/span><\/p>\n<p style=\"text-align: justify;\"><span style=\"color: #282828;\"><strong>-Eignung f\u00fcr Kinderwagen von 0-3 Jahren<\/strong><\/span><\/p>\n<p style=\"text-align: justify;\"><span style=\"color: #282828;\"><strong>-Kindersitz bis 10 kg<\/strong><\/span><\/p>\n<h3 style=\"text-align: justify;\"><span style=\"color: #e14d43;\"><strong><span style=\"font-size: 95%;\">Merkmale des Autositzes:<\/span><\/strong><\/span><\/h3>\n<div><span style=\"color: #282828;\"><strong>-zus\u00e4tzlicher Einsatz f\u00fcr S\u00e4uglinge<\/strong><\/span><\/div>\n<div><\/div>\n<div><span style=\"color: #282828;\"><strong>-verstellbarer Griff<\/strong><\/span><\/div>\n<div><\/div>\n<div><span style=\"color: #282828;\"><strong>-Fu\u00dfabdeckung<\/strong><\/span><\/div>\n<div><\/div>\n<div><span style=\"color: #282828;\"><strong>-abnehmbare Kapuze<\/strong><\/span><\/div>\n<div><\/div>\n<div><span style=\"color: #282828;\"><strong>-3-Punkt-Sicherheitsgurte<\/strong><\/span><\/div>\n<div><\/div>\n<h3><span style=\"color: #e14d43;\"><strong><span style=\"font-size: 95%;\">Das Set enth\u00e4lt:<\/span><\/strong><\/span><\/h3>\n<div><\/div>\n<div><span style=\"color: #282828;\"><strong>-Rahmen mit Griff aus \u00d6ko-Leder<\/strong><\/span><\/div>\n<div><\/div>\n<div>\n<div><span style=\"color: #282828;\"><strong>-Gondel mit verstellbarer R\u00fcckenlehne<\/strong><\/span><\/div>\n<div><\/div>\n<div><span style=\"color: #282828;\"><strong>-Sitzeinheit<\/strong><\/span><\/div>\n<div><\/div>\n<div><span style=\"color: #282828;\"><strong>-zwei Fu\u00df\u00fcberz\u00fcge (f\u00fcr Kinderwagen und Gondel)<\/strong><\/span><\/div>\n<div><\/div>\n<div><span style=\"color: #282828;\"><strong>-Multifunktionaler Autositz mit Adaptern<\/strong><\/span><\/div>\n<div><\/div>\n<div><span style=\"color: #282828;\"><strong>-Regenschutz<\/strong><\/span><\/div>\n<div><\/div>\n<div><span style=\"color: #282828;\"><strong>-Moskitonetz<\/strong><\/span><\/div>\n<div><\/div>\n<div><span style=\"color: #282828;\"><strong>-Tasche und Wickelunterlage<\/strong><\/span><\/div>\n<div><\/div>\n<div><span style=\"color: #282828;\"><strong>-luft- oder schaumgef\u00fcllte Schwenkr\u00e4der<\/strong><\/span><\/div>\n<div><\/div>\n<div><span style=\"color: #282828;\"><strong>-Flaschengriff<\/strong><\/span><\/div>\n<div><\/div>\n<\/div>\n<div><span style=\"color: #282828;\"><strong>- eine gro\u00dfe Tasche auf der R\u00fcckseite und zwei kleine an den Seiten<\/strong><\/span><\/div>\n<div><\/div>\n<div><span style=\"color: #282828;\"><strong>Zusammengeklappter Rahmen mit R\u00e4dern (L\u00e4nge x Breite x H\u00f6he): 85 x 60 x 40 cm<\/strong><\/span><\/div>\n<div><\/div>\n<div><span style=\"color: #282828;\"><strong>Zusammengebauter Kinderwagen (H\u00f6he x Breite x L\u00e4nge): 115 x 60 x 95 cm<\/strong><\/span><\/div>\n<div><\/div>\n<div><span style=\"color: #282828;\"><strong>Gondel innen (Breite x L\u00e4nge x H\u00f6he): 36 x 80 x 20 cm<\/strong><\/span><\/div>\n<div><\/div>\n<div><span style=\"color: #282828;\"><strong>Kinderwagen innen (Breite x L\u00e4nge der R\u00fcckenlehne x L\u00e4nge des Sitzes x Fu\u00dfst\u00fctze)<\/strong><\/span><\/div>\n<div><\/div>\n<div><span style=\"color: #282828;\"><strong>L\u00e4nge): 34 x 48 x 26 x 23 cm<\/strong><\/span><\/div>\n<div><\/div>\n<div><span style=\"color: #282828;\"><strong>Rahmen mit R\u00e4dern: 10 kg<\/strong><\/span><\/div>\n<div><\/div>\n<div><span style=\"color: #282828;\"><strong>Kinderwagen: 15 kg<\/strong><\/span><\/div>\n<div><\/div>\n<div><span style=\"color: #282828;\"><strong>Tiefer Kinderwagen: 16 kg<\/strong><\/span><\/div>\n<div><\/div>\n<div><span style=\"color: #282828;\"><strong>Verstellbarer Griffbereich: 70 cm bis 115 cm<\/strong><\/span><\/div>\n<div><\/div>\n<div>\n<div><span style=\"color: #282828;\"><strong>-pram: EN 1888:2012 Sicherheitsgepr\u00fcft<\/strong><\/span><\/div>\n<div><\/div>\n<div><span style=\"color: #282828;\"><strong>-Kindersitz ECE 44-04 sicherheitsgepr\u00fcft\u00a0<\/strong><\/span><\/div>\n<div><\/div>\n<div><span style=\"color: #282828;\"><strong>-12 Monate Garantie<\/strong><\/span><\/div>\n<\/div>\n<div><\/div>\n<div><span style=\"color: #e14d43;\"><a href=\"http:\/\/forbabyboss.com\/wp-content\/uploads\/2022\/09\/checkout.png\"><img loading=\"lazy\" decoding=\"async\" class=\"alignnone wp-image-5965\" src=\"http:\/\/forbabyboss.com\/wp-content\/uploads\/2022\/09\/checkout.png\" alt=\"\" width=\"981\" height=\"361\" srcset=\"https:\/\/forbabyboss.com\/wp-content\/uploads\/2022\/09\/checkout.png 750w, https:\/\/forbabyboss.com\/wp-content\/uploads\/2022\/09\/checkout-600x221.png 600w\" sizes=\"auto, (max-width: 981px) 100vw, 981px\" \/><\/a><\/span><\/div>\n<p style=\"text-align: justify;\">","protected":false},"excerpt":{"rendered":"<p><a href=\"http:\/\/forbabyboss.com\/wp-content\/uploads\/2022\/09\/Star-Rating-5.png\"><img loading=\"lazy\" decoding=\"async\" class=\"alignnone size-full wp-image-5973 aligncenter\" src=\"http:\/\/forbabyboss.com\/wp-content\/uploads\/2022\/09\/Star-Rating-5.png\" alt=\"\" width=\"275\" height=\"45\" \/><\/a><\/p>\n<p style=\"text-align: center;\"><span style=\"color: #ed1c24; font-size: 120%;\"><b>PREISGARANTIE<\/b><\/span><\/p>\n<p style=\"text-align: center;\"><span style=\"font-size: 115%;\"><span style=\"font-weight: 400; color: #4f4fa7;\">Kostenloser Versand<\/span><span style=\"font-weight: 400;\"> \u2013 2 \u2013 7 Tage<\/span><\/span><\/p>\n<p style=\"text-align: center;\"><strong><span style=\"color: #29606b;\">Gratisgeschenk ab einem Einkaufswert von 100 \u00a3<\/span><\/strong><\/p>","protected":false},"featured_media":5457,"template":"","meta":[],"product_brand":[370],"product_cat":[336,339,156,207,305,130,209,211],"product_tag":[163,199],"class_list":{"0":"post-5456","1":"product","2":"type-product","3":"status-publish","4":"has-post-thumbnail","6":"product_brand-babylux","7":"product_cat-400-to-500","8":"product_cat-700-to-800","9":"product_cat-3-in-1","10":"product_cat-black","11":"product_cat-colour","12":"product_cat-prams","13":"product_cat-push-chairs","14":"product_cat-stroller","15":"product_tag-3-in-1-prams","16":"product_tag-prams","18":"first","19":"instock","20":"sale","21":"shipping-taxable","22":"purchasable","23":"product-type-simple"},"yoast_head":"<!-- This site is optimized with the Yoast SEO plugin v27.5 - https:\/\/yoast.com\/product\/yoast-seo-wordpress\/ -->\n<title>Black Baby Pram Set Pushchair Car Seat Carrycot 3 in 1 Travel System From Birth - For Baby Boss<\/title>\n<meta name=\"description\" content=\"Black Baby Pram Set Pushchair Car Seat Carrycot 3 in 1 Travel System From Birth\" \/>\n<meta name=\"robots\" content=\"index, follow, max-snippet:-1, max-image-preview:large, max-video-preview:-1\" \/>\n<link rel=\"canonical\" href=\"https:\/\/forbabyboss.com\/de\/product\/schwarzes-baby-kinderwagen-set-buggy-autositz-und-babywanne-3-in-1-reisesystem-ab-geburt\/\" \/>\n<meta property=\"og:locale\" content=\"de_DE\" \/>\n<meta property=\"og:type\" content=\"article\" \/>\n<meta property=\"og:title\" content=\"Black Baby Pram Set Pushchair Car Seat Carrycot 3 in 1 Travel System From Birth - For Baby Boss\" \/>\n<meta property=\"og:description\" content=\"Black Baby Pram Set Pushchair Car Seat Carrycot 3 in 1 Travel System From Birth\" \/>\n<meta property=\"og:url\" content=\"https:\/\/forbabyboss.com\/de\/product\/schwarzes-baby-kinderwagen-set-buggy-autositz-und-babywanne-3-in-1-reisesystem-ab-geburt\/\" \/>\n<meta property=\"og:site_name\" content=\"For Baby Boss\" \/>\n<meta property=\"article:modified_time\" content=\"2026-02-21T12:02:21+00:00\" \/>\n<meta property=\"og:image\" content=\"https:\/\/forbabyboss.com\/wp-content\/uploads\/2022\/09\/Baby-Buggy-Pram-Set-Pushchair-Car-Seat-Carrycot-3-in-1-Travel-System-From-Birth-Black-main.png\" \/>\n\t<meta property=\"og:image:width\" content=\"1600\" \/>\n\t<meta property=\"og:image:height\" content=\"1600\" \/>\n\t<meta property=\"og:image:type\" content=\"image\/png\" \/>\n<meta name=\"twitter:card\" content=\"summary_large_image\" \/>\n<meta name=\"twitter:label1\" content=\"Gesch\u00e4tzte Lesezeit\" \/>\n\t<meta name=\"twitter:data1\" content=\"2\u00a0Minuten\" \/>\n<script type=\"application\/ld+json\" class=\"yoast-schema-graph\">{\"@context\":\"https:\\\/\\\/schema.org\",\"@graph\":[{\"@type\":\"WebPage\",\"@id\":\"https:\\\/\\\/forbabyboss.com\\\/product\\\/black-baby-pram-set-pushchair-car-seat-carrycot-3-in-1-travel-system-from-birth\\\/\",\"url\":\"https:\\\/\\\/forbabyboss.com\\\/product\\\/black-baby-pram-set-pushchair-car-seat-carrycot-3-in-1-travel-system-from-birth\\\/\",\"name\":\"Black Baby Pram Set Pushchair Car Seat Carrycot 3 in 1 Travel System From Birth - For Baby Boss\",\"isPartOf\":{\"@id\":\"https:\\\/\\\/powderblue-seahorse-496884.hostingersite.com\\\/#website\"},\"primaryImageOfPage\":{\"@id\":\"https:\\\/\\\/forbabyboss.com\\\/product\\\/black-baby-pram-set-pushchair-car-seat-carrycot-3-in-1-travel-system-from-birth\\\/#primaryimage\"},\"image\":{\"@id\":\"https:\\\/\\\/forbabyboss.com\\\/product\\\/black-baby-pram-set-pushchair-car-seat-carrycot-3-in-1-travel-system-from-birth\\\/#primaryimage\"},\"thumbnailUrl\":\"https:\\\/\\\/forbabyboss.com\\\/wp-content\\\/uploads\\\/2022\\\/09\\\/Baby-Buggy-Pram-Set-Pushchair-Car-Seat-Carrycot-3-in-1-Travel-System-From-Birth-Black-main.png\",\"datePublished\":\"2022-09-13T11:49:11+00:00\",\"dateModified\":\"2026-02-21T12:02:21+00:00\",\"description\":\"Black Baby Pram Set Pushchair Car Seat Carrycot 3 in 1 Travel System From Birth\",\"breadcrumb\":{\"@id\":\"https:\\\/\\\/forbabyboss.com\\\/product\\\/black-baby-pram-set-pushchair-car-seat-carrycot-3-in-1-travel-system-from-birth\\\/#breadcrumb\"},\"inLanguage\":\"de\",\"potentialAction\":[{\"@type\":\"ReadAction\",\"target\":[\"https:\\\/\\\/forbabyboss.com\\\/product\\\/black-baby-pram-set-pushchair-car-seat-carrycot-3-in-1-travel-system-from-birth\\\/\"]}]},{\"@type\":\"ImageObject\",\"inLanguage\":\"de\",\"@id\":\"https:\\\/\\\/forbabyboss.com\\\/product\\\/black-baby-pram-set-pushchair-car-seat-carrycot-3-in-1-travel-system-from-birth\\\/#primaryimage\",\"url\":\"https:\\\/\\\/forbabyboss.com\\\/wp-content\\\/uploads\\\/2022\\\/09\\\/Baby-Buggy-Pram-Set-Pushchair-Car-Seat-Carrycot-3-in-1-Travel-System-From-Birth-Black-main.png\",\"contentUrl\":\"https:\\\/\\\/forbabyboss.com\\\/wp-content\\\/uploads\\\/2022\\\/09\\\/Baby-Buggy-Pram-Set-Pushchair-Car-Seat-Carrycot-3-in-1-Travel-System-From-Birth-Black-main.png\",\"width\":1600,\"height\":1600},{\"@type\":\"BreadcrumbList\",\"@id\":\"https:\\\/\\\/forbabyboss.com\\\/product\\\/black-baby-pram-set-pushchair-car-seat-carrycot-3-in-1-travel-system-from-birth\\\/#breadcrumb\",\"itemListElement\":[{\"@type\":\"ListItem\",\"position\":1,\"name\":\"Home\",\"item\":\"https:\\\/\\\/forbabyboss.com\\\/\"},{\"@type\":\"ListItem\",\"position\":2,\"name\":\"Shop\",\"item\":\"https:\\\/\\\/forbabyboss.com\\\/shop\\\/\"},{\"@type\":\"ListItem\",\"position\":3,\"name\":\"Black Baby Pram Set Pushchair Car Seat Carrycot 3 in 1 Travel System From Birth\"}]},{\"@type\":\"WebSite\",\"@id\":\"https:\\\/\\\/powderblue-seahorse-496884.hostingersite.com\\\/#website\",\"url\":\"https:\\\/\\\/powderblue-seahorse-496884.hostingersite.com\\\/\",\"name\":\"For Baby Boss\",\"description\":\"Beautiful gifts and accessories for your baby boss\",\"potentialAction\":[{\"@type\":\"SearchAction\",\"target\":{\"@type\":\"EntryPoint\",\"urlTemplate\":\"https:\\\/\\\/powderblue-seahorse-496884.hostingersite.com\\\/?s={search_term_string}\"},\"query-input\":{\"@type\":\"PropertyValueSpecification\",\"valueRequired\":true,\"valueName\":\"search_term_string\"}}],\"inLanguage\":\"de\"}]}<\/script>\n<!-- \/ Yoast SEO plugin. -->","yoast_head_json":{"title":"Schwarzes Kinderwagen-Set: Buggy, Autositz, Babywanne \u2013 3-in-1-Reisesystem ab Geburt \u2013 f\u00fcr Baby Boss","description":"Schwarzes Baby-Kinderwagen-Set: Buggy, Autositz, Babywanne \u2013 3-in-1-Reisesystem ab Geburt","robots":{"index":"index","follow":"follow","max-snippet":"max-snippet:-1","max-image-preview":"max-image-preview:large","max-video-preview":"max-video-preview:-1"},"canonical":"https:\/\/forbabyboss.com\/de\/product\/schwarzes-baby-kinderwagen-set-buggy-autositz-und-babywanne-3-in-1-reisesystem-ab-geburt\/","og_locale":"de_DE","og_type":"article","og_title":"Black Baby Pram Set Pushchair Car Seat Carrycot 3 in 1 Travel System From Birth - For Baby Boss","og_description":"Black Baby Pram Set Pushchair Car Seat Carrycot 3 in 1 Travel System From Birth","og_url":"https:\/\/forbabyboss.com\/de\/product\/schwarzes-baby-kinderwagen-set-buggy-autositz-und-babywanne-3-in-1-reisesystem-ab-geburt\/","og_site_name":"For Baby Boss","article_modified_time":"2026-02-21T12:02:21+00:00","og_image":[{"width":1600,"height":1600,"url":"https:\/\/forbabyboss.com\/wp-content\/uploads\/2022\/09\/Baby-Buggy-Pram-Set-Pushchair-Car-Seat-Carrycot-3-in-1-Travel-System-From-Birth-Black-main.png","type":"image\/png"}],"twitter_card":"summary_large_image","twitter_misc":{"Gesch\u00e4tzte Lesezeit":"2\u00a0Minuten"},"schema":{"@context":"https:\/\/schema.org","@graph":[{"@type":"WebPage","@id":"https:\/\/forbabyboss.com\/product\/black-baby-pram-set-pushchair-car-seat-carrycot-3-in-1-travel-system-from-birth\/","url":"https:\/\/forbabyboss.com\/product\/black-baby-pram-set-pushchair-car-seat-carrycot-3-in-1-travel-system-from-birth\/","name":"Schwarzes Kinderwagen-Set: Buggy, Autositz, Babywanne \u2013 3-in-1-Reisesystem ab Geburt \u2013 f\u00fcr Baby Boss","isPartOf":{"@id":"https:\/\/powderblue-seahorse-496884.hostingersite.com\/#website"},"primaryImageOfPage":{"@id":"https:\/\/forbabyboss.com\/product\/black-baby-pram-set-pushchair-car-seat-carrycot-3-in-1-travel-system-from-birth\/#primaryimage"},"image":{"@id":"https:\/\/forbabyboss.com\/product\/black-baby-pram-set-pushchair-car-seat-carrycot-3-in-1-travel-system-from-birth\/#primaryimage"},"thumbnailUrl":"https:\/\/forbabyboss.com\/wp-content\/uploads\/2022\/09\/Baby-Buggy-Pram-Set-Pushchair-Car-Seat-Carrycot-3-in-1-Travel-System-From-Birth-Black-main.png","datePublished":"2022-09-13T11:49:11+00:00","dateModified":"2026-02-21T12:02:21+00:00","description":"Schwarzes Baby-Kinderwagen-Set: Buggy, Autositz, Babywanne \u2013 3-in-1-Reisesystem ab Geburt","breadcrumb":{"@id":"https:\/\/forbabyboss.com\/product\/black-baby-pram-set-pushchair-car-seat-carrycot-3-in-1-travel-system-from-birth\/#breadcrumb"},"inLanguage":"de","potentialAction":[{"@type":"ReadAction","target":["https:\/\/forbabyboss.com\/product\/black-baby-pram-set-pushchair-car-seat-carrycot-3-in-1-travel-system-from-birth\/"]}]},{"@type":"ImageObject","inLanguage":"de","@id":"https:\/\/forbabyboss.com\/product\/black-baby-pram-set-pushchair-car-seat-carrycot-3-in-1-travel-system-from-birth\/#primaryimage","url":"https:\/\/forbabyboss.com\/wp-content\/uploads\/2022\/09\/Baby-Buggy-Pram-Set-Pushchair-Car-Seat-Carrycot-3-in-1-Travel-System-From-Birth-Black-main.png","contentUrl":"https:\/\/forbabyboss.com\/wp-content\/uploads\/2022\/09\/Baby-Buggy-Pram-Set-Pushchair-Car-Seat-Carrycot-3-in-1-Travel-System-From-Birth-Black-main.png","width":1600,"height":1600},{"@type":"BreadcrumbList","@id":"https:\/\/forbabyboss.com\/product\/black-baby-pram-set-pushchair-car-seat-carrycot-3-in-1-travel-system-from-birth\/#breadcrumb","itemListElement":[{"@type":"ListItem","position":1,"name":"Home","item":"https:\/\/forbabyboss.com\/"},{"@type":"ListItem","position":2,"name":"Shop","item":"https:\/\/forbabyboss.com\/shop\/"},{"@type":"ListItem","position":3,"name":"Black Baby Pram Set Pushchair Car Seat Carrycot 3 in 1 Travel System From Birth"}]},{"@type":"WebSite","@id":"https:\/\/powderblue-seahorse-496884.hostingersite.com\/#website","url":"https:\/\/powderblue-seahorse-496884.hostingersite.com\/","name":"F\u00fcr Baby Boss","description":"Wundersch\u00f6ne Geschenke und Accessoires f\u00fcr Ihren kleinen Chef","potentialAction":[{"@type":"SearchAction","target":{"@type":"EntryPoint","urlTemplate":"https:\/\/powderblue-seahorse-496884.hostingersite.com\/?s={search_term_string}"},"query-input":{"@type":"PropertyValueSpecification","valueRequired":true,"valueName":"search_term_string"}}],"inLanguage":"de"}]}},"_links":{"self":[{"href":"https:\/\/forbabyboss.com\/de\/wp-json\/wp\/v2\/product\/5456","targetHints":{"allow":["GET"]}}],"collection":[{"href":"https:\/\/forbabyboss.com\/de\/wp-json\/wp\/v2\/product"}],"about":[{"href":"https:\/\/forbabyboss.com\/de\/wp-json\/wp\/v2\/types\/product"}],"wp:featuredmedia":[{"embeddable":true,"href":"https:\/\/forbabyboss.com\/de\/wp-json\/wp\/v2\/media\/5457"}],"wp:attachment":[{"href":"https:\/\/forbabyboss.com\/de\/wp-json\/wp\/v2\/media?parent=5456"}],"wp:term":[{"taxonomy":"product_brand","embeddable":true,"href":"https:\/\/forbabyboss.com\/de\/wp-json\/wp\/v2\/product_brand?post=5456"},{"taxonomy":"product_cat","embeddable":true,"href":"https:\/\/forbabyboss.com\/de\/wp-json\/wp\/v2\/product_cat?post=5456"},{"taxonomy":"product_tag","embeddable":true,"href":"https:\/\/forbabyboss.com\/de\/wp-json\/wp\/v2\/product_tag?post=5456"}],"curies":[{"name":"wp","href":"https:\/\/api.w.org\/{rel}","templated":true}]}}