{"id":5510,"date":"2022-09-13T12:56:54","date_gmt":"2022-09-13T12:56:54","guid":{"rendered":"http:\/\/forbabyboss.com\/?post_type=product&#038;p=5510"},"modified":"2026-02-21T11:48:54","modified_gmt":"2026-02-21T11:48:54","slug":"3-in-1-kinderwagen-fur-babys-und-kleinkinder-ab-geburt-in-grau","status":"publish","type":"product","link":"https:\/\/forbabyboss.com\/de\/product\/baby-pram-3in1-pushchair-from-birth-toddlers-in-grey\/","title":{"rendered":"3-in-1-Kinderwagen f\u00fcr Babys ab Geburt und Kleinkinder in Grau"},"content":{"rendered":"<p style=\"text-align: justify;\"><strong><span style=\"font-family: Arial; font-size: 120%; color: #282828;\">Limousine unter den 3-in-1-Kinderwagen in voller Gr\u00f6\u00dfe. Gefertigt aus elegantem \u00d6ko-Leder kombiniert mit impr\u00e4gniertem Baumwollgewebe. F\u00fcr jede Jahreszeit, jedes Wetter und jeden Weg geeignet. Maximal ausgestattet mit Funktionen und Zubeh\u00f6r. Mit ger\u00e4umiger Babywanne. Der Sitz l\u00e4sst sich in Fahrtrichtung und entgegen der Fahrtrichtung positionieren.<\/span><\/strong><\/p>\n<h4 style=\"text-align: justify;\"><span style=\"color: #e14d43;\"><strong><span style=\"font-family: Arial; font-size: xx-large;\">Merkmale:<\/span><\/strong><\/span><\/h4>\n<p style=\"text-align: justify;\"><strong><span style=\"color: #282828; font-family: Arial; font-size: 105%;\">-Vorw\u00e4rts- und r\u00fcckw\u00e4rtsgerichteter Modus<\/span><\/strong><\/p>\n<p style=\"text-align: justify;\"><strong><span style=\"color: #282828; font-family: Arial; font-size: 105%;\">-L\u00fcftungsfenster an der R\u00fcckseite der Motorhaube<\/span><\/strong><\/p>\n<p style=\"text-align: justify;\"><strong><span style=\"color: #282828; font-family: Arial; font-size: 105%;\">Die Gondel hat ein weiches Futter, das zum Waschen herausgenommen werden kann.<\/span><\/strong><\/p>\n<p style=\"text-align: justify;\"><strong><span style=\"color: #282828; font-family: Arial; font-size: 105%;\">Die Gondelabdeckung kann hochgeklappt werden, um einen Windf\u00e4nger zu bilden.<\/span><\/strong><\/p>\n<p style=\"text-align: justify;\"><strong><span style=\"color: #282828; font-family: Arial; font-size: 105%;\">-verl\u00e4ngerte Motorhaube<\/span><\/strong><\/p>\n<p style=\"text-align: justify;\"><strong><span style=\"color: #282828; font-family: Arial; font-size: 105%;\">Der Kinderwagen ist mit 5-Punkt-Sicherheitsgurten ausgestattet.<\/span><\/strong><\/p>\n<p style=\"text-align: justify;\"><strong><span style=\"color: #282828; font-size: 105%;\"><span style=\"font-family: Arial;\">-Fu\u00dfst\u00fctze, Wind\u00a0<\/span>Schutzvorrichtung, Babywanne<span style=\"font-family: Arial;\">\u00a0und Sicherheitsb\u00fcgel mit \u00d6ko-Lederbezug<\/span><\/span><\/strong><\/p>\n<p style=\"text-align: justify;\"><strong><span style=\"color: #282828; font-family: Arial; font-size: 105%;\">-mehrstufig verstellbarer Griff<\/span><\/strong><\/p>\n<p style=\"text-align: justify;\"><strong><span style=\"color: #282828; font-family: Arial; font-size: 105%;\">-einstellbare Federung<\/span><\/strong><\/p>\n<p style=\"text-align: justify;\"><strong><span style=\"color: #282828; font-family: Arial; font-size: 105%;\">-verstellbare Bein- und R\u00fcckenlehne<\/span><\/strong><\/p>\n<p style=\"text-align: justify;\"><strong><span style=\"color: #282828; font-family: Arial; font-size: 105%;\">-stabiler Rahmen<\/span><\/strong><\/p>\n<p style=\"text-align: justify;\"><strong><span style=\"color: #282828; font-family: Arial; font-size: 105%;\">-Zentralbremse EASY STOP<\/span><\/strong><\/p>\n<p style=\"text-align: justify;\"><strong><span style=\"color: #282828; font-family: Arial; font-size: 105%;\">-gro\u00dfer Einkaufskorb<\/span><\/strong><\/p>\n<h4><span style=\"color: #e14d43;\"><strong><span style=\"font-family: Arial; font-size: xx-large;\">Merkmale des Autositzes:<\/span><\/strong><\/span><\/h4>\n<p><strong><span style=\"color: #282828; font-family: Arial; font-size: 105%;\">-zus\u00e4tzlicher Einsatz f\u00fcr S\u00e4uglinge<\/span><\/strong><\/p>\n<p><strong><span style=\"color: #282828; font-family: Arial; font-size: 105%;\">-verstellbarer Griff<\/span><\/strong><\/p>\n<p><strong><span style=\"color: #282828; font-family: Arial; font-size: 105%;\">-Beine abdecken<\/span><\/strong><\/p>\n<p><strong><span style=\"color: #282828; font-family: Arial; font-size: 105%;\">-abnehmbare Kapuze<\/span><\/strong><\/p>\n<p><strong><span style=\"color: #282828; font-family: Arial; font-size: 105%;\">-3-Punkt-Sicherheitsgurte<\/span><\/strong><\/p>\n<h4><span style=\"color: #e14d43;\"><strong><span style=\"font-family: Arial; font-size: xx-large;\">Ausr\u00fcstung:<\/span><\/strong><\/span><\/h4>\n<div class=\"p-5\">\n<h4><strong><span style=\"color: #282828; font-family: Arial; font-size: 105%;\">-Rahmen mit Griff aus \u00d6ko-Leder<\/span><\/strong><\/h4>\n<h4><strong><span style=\"color: #282828; font-family: Arial; font-size: 105%;\">-Gondel mit verstellbarer R\u00fcckenlehne<\/span><\/strong><\/h4>\n<h4><strong><span style=\"color: #282828; font-family: Arial; font-size: 105%;\">-Spazierg\u00e4nger<\/span><\/strong><\/h4>\n<h4><strong><span style=\"color: #282828; font-family: Arial; font-size: 105%;\">-zwei Abdeckungen (f\u00fcr Kinderwagen und Gondel)<\/span><\/strong><\/h4>\n<h4><strong><span style=\"color: #282828; font-family: Arial; font-size: 105%;\">-Multifunktionaler Autositz mit Adaptern<\/span><\/strong><\/h4>\n<h4><strong><span style=\"color: #282828; font-family: Arial; font-size: 105%;\">-Regenschutz<\/span><\/strong><\/h4>\n<h4><strong><span style=\"color: #282828; font-family: Arial; font-size: 105%;\">-Moskitonetz<\/span><\/strong><\/h4>\n<h4><strong><span style=\"color: #282828; font-family: Arial; font-size: 105%;\">-weiche, pannensichere Schwenkr\u00e4der<\/span><\/strong><\/h4>\n<h4><strong><span style=\"color: #282828; font-family: Arial; font-size: 105%;\">- eine gro\u00dfe Tasche auf der R\u00fcckseite und zwei kleine an den Seiten<\/span><\/strong><\/h4>\n<h4><strong><span style=\"color: #282828; font-family: Arial; font-size: 105%;\">Zusammengeklappter Rahmen mit R\u00e4dern (L\u00e4nge x Breite x H\u00f6he): 85 x 60 x 40 cm<\/span><\/strong><\/h4>\n<h4><strong><span style=\"color: #282828; font-family: Arial; font-size: 105%;\">Zusammengebauter Kinderwagen (H\u00f6he x Breite x L\u00e4nge): 115 x 60 x 95 cm<\/span><\/strong><\/h4>\n<h4><strong><span style=\"color: #282828; font-family: Arial; font-size: 105%;\">Gondel innen (Breite x L\u00e4nge x H\u00f6he): 36 x 80 x 20 cm<\/span><\/strong><\/h4>\n<h4><strong><span style=\"color: #282828; font-family: Arial; font-size: 105%;\">Innenma\u00dfe des Kinderwagens (Breite x L\u00e4nge der R\u00fcckenlehne x L\u00e4nge der Sitzfl\u00e4che x L\u00e4nge der Fu\u00dfst\u00fctze): 34 x 48 x 26 x 23 cm<\/span><\/strong><\/h4>\n<h4><strong><span style=\"color: #282828; font-family: Arial; font-size: 105%;\">Rahmen mit R\u00e4dern: 10 kg<\/span><\/strong><\/h4>\n<h4><strong><span style=\"color: #282828; font-family: Arial; font-size: 105%;\">Kinderwagen: 15 kg<\/span><\/strong><\/h4>\n<h4><strong><span style=\"color: #282828; font-family: Arial; font-size: 105%;\">Tiefer Kinderwagen: 16 kg<\/span><\/strong><\/h4>\n<h4><strong><span style=\"color: #282828; font-family: Arial; font-size: 105%;\">Verstellbarer Griffbereich: 70 cm bis 115 cm<\/span><\/strong><\/h4>\n<h4><strong><span style=\"color: #282828; font-family: Arial; font-size: 105%;\">12 Monate Garantie<\/span><\/strong><\/h4>\n<p><a href=\"http:\/\/forbabyboss.com\/wp-content\/uploads\/2022\/09\/checkout.png\"><img loading=\"lazy\" decoding=\"async\" class=\"alignnone wp-image-5965\" src=\"http:\/\/forbabyboss.com\/wp-content\/uploads\/2022\/09\/checkout.png\" alt=\"\" width=\"981\" height=\"361\" srcset=\"https:\/\/forbabyboss.com\/wp-content\/uploads\/2022\/09\/checkout.png 750w, https:\/\/forbabyboss.com\/wp-content\/uploads\/2022\/09\/checkout-600x221.png 600w\" sizes=\"auto, (max-width: 981px) 100vw, 981px\" \/><\/a><\/p>\n<\/div>","protected":false},"excerpt":{"rendered":"<p><a href=\"http:\/\/forbabyboss.com\/wp-content\/uploads\/2022\/09\/Star-Rating-5.png\"><img loading=\"lazy\" decoding=\"async\" class=\"alignnone size-full wp-image-5973 aligncenter\" src=\"http:\/\/forbabyboss.com\/wp-content\/uploads\/2022\/09\/Star-Rating-5.png\" alt=\"\" width=\"275\" height=\"45\" \/><\/a><\/p>\n<p style=\"text-align: center;\"><span style=\"color: #ed1c24; font-size: 120%;\"><b>PREISGARANTIE<\/b><\/span><\/p>\n<p style=\"text-align: center;\"><span style=\"font-size: 115%;\"><span style=\"font-weight: 400; color: #4f4fa7;\">Kostenloser Versand<\/span><span style=\"font-weight: 400;\"> \u2013 2 \u2013 7 Tage<\/span><\/span><\/p>\n<p style=\"text-align: center;\"><strong><span style=\"color: #29606b;\">Gratisgeschenk ab einem Einkaufswert von 100 \u00a3<\/span><\/strong><\/p>","protected":false},"featured_media":5511,"template":"","meta":[],"product_brand":[370],"product_cat":[337,339,156,305,210,130,209,211],"product_tag":[163,199],"class_list":{"0":"post-5510","1":"product","2":"type-product","3":"status-publish","4":"has-post-thumbnail","6":"product_brand-babylux","7":"product_cat-500-to-600","8":"product_cat-700-to-800","9":"product_cat-3-in-1","10":"product_cat-colour","11":"product_cat-grey","12":"product_cat-prams","13":"product_cat-push-chairs","14":"product_cat-stroller","15":"product_tag-3-in-1-prams","16":"product_tag-prams","18":"first","19":"instock","20":"sale","21":"shipping-taxable","22":"purchasable","23":"product-type-simple"},"yoast_head":"<!-- This site is optimized with the Yoast SEO plugin v27.5 - https:\/\/yoast.com\/product\/yoast-seo-wordpress\/ -->\n<title>Baby Pram 3in1 Pushchair From Birth &amp; Toddlers in Grey - For Baby Boss<\/title>\n<meta name=\"description\" content=\"Baby Pram 3in1 Pushchair From Birth &amp; Toddlers in Grey\" \/>\n<meta name=\"robots\" content=\"index, follow, max-snippet:-1, max-image-preview:large, max-video-preview:-1\" \/>\n<link rel=\"canonical\" href=\"https:\/\/forbabyboss.com\/de\/product\/3-in-1-kinderwagen-fur-babys-und-kleinkinder-ab-geburt-in-grau\/\" \/>\n<meta property=\"og:locale\" content=\"de_DE\" \/>\n<meta property=\"og:type\" content=\"article\" \/>\n<meta property=\"og:title\" content=\"Baby Pram 3in1 Pushchair From Birth &amp; Toddlers in Grey - For Baby Boss\" \/>\n<meta property=\"og:description\" content=\"Baby Pram 3in1 Pushchair From Birth &amp; Toddlers in Grey\" \/>\n<meta property=\"og:url\" content=\"https:\/\/forbabyboss.com\/de\/product\/3-in-1-kinderwagen-fur-babys-und-kleinkinder-ab-geburt-in-grau\/\" \/>\n<meta property=\"og:site_name\" content=\"For Baby Boss\" \/>\n<meta property=\"article:modified_time\" content=\"2026-02-21T11:48:54+00:00\" \/>\n<meta property=\"og:image\" content=\"https:\/\/forbabyboss.com\/wp-content\/uploads\/2022\/09\/Baby-pram-Buggy-3in1-Travel-System-Pushchair-Car-Seat-From-Birth-Toddlers-Grey-main.png\" \/>\n\t<meta property=\"og:image:width\" content=\"1600\" \/>\n\t<meta property=\"og:image:height\" content=\"1600\" \/>\n\t<meta property=\"og:image:type\" content=\"image\/png\" \/>\n<meta name=\"twitter:card\" content=\"summary_large_image\" \/>\n<meta name=\"twitter:label1\" content=\"Gesch\u00e4tzte Lesezeit\" \/>\n\t<meta name=\"twitter:data1\" content=\"2\u00a0Minuten\" \/>\n<script type=\"application\/ld+json\" class=\"yoast-schema-graph\">{\"@context\":\"https:\\\/\\\/schema.org\",\"@graph\":[{\"@type\":\"WebPage\",\"@id\":\"https:\\\/\\\/forbabyboss.com\\\/product\\\/baby-pram-3in1-pushchair-from-birth-toddlers-in-grey\\\/\",\"url\":\"https:\\\/\\\/forbabyboss.com\\\/product\\\/baby-pram-3in1-pushchair-from-birth-toddlers-in-grey\\\/\",\"name\":\"Baby Pram 3in1 Pushchair From Birth & Toddlers in Grey - For Baby Boss\",\"isPartOf\":{\"@id\":\"https:\\\/\\\/powderblue-seahorse-496884.hostingersite.com\\\/#website\"},\"primaryImageOfPage\":{\"@id\":\"https:\\\/\\\/forbabyboss.com\\\/product\\\/baby-pram-3in1-pushchair-from-birth-toddlers-in-grey\\\/#primaryimage\"},\"image\":{\"@id\":\"https:\\\/\\\/forbabyboss.com\\\/product\\\/baby-pram-3in1-pushchair-from-birth-toddlers-in-grey\\\/#primaryimage\"},\"thumbnailUrl\":\"https:\\\/\\\/forbabyboss.com\\\/wp-content\\\/uploads\\\/2022\\\/09\\\/Baby-pram-Buggy-3in1-Travel-System-Pushchair-Car-Seat-From-Birth-Toddlers-Grey-main.png\",\"datePublished\":\"2022-09-13T12:56:54+00:00\",\"dateModified\":\"2026-02-21T11:48:54+00:00\",\"description\":\"Baby Pram 3in1 Pushchair From Birth & Toddlers in Grey\",\"breadcrumb\":{\"@id\":\"https:\\\/\\\/forbabyboss.com\\\/product\\\/baby-pram-3in1-pushchair-from-birth-toddlers-in-grey\\\/#breadcrumb\"},\"inLanguage\":\"de\",\"potentialAction\":[{\"@type\":\"ReadAction\",\"target\":[\"https:\\\/\\\/forbabyboss.com\\\/product\\\/baby-pram-3in1-pushchair-from-birth-toddlers-in-grey\\\/\"]}]},{\"@type\":\"ImageObject\",\"inLanguage\":\"de\",\"@id\":\"https:\\\/\\\/forbabyboss.com\\\/product\\\/baby-pram-3in1-pushchair-from-birth-toddlers-in-grey\\\/#primaryimage\",\"url\":\"https:\\\/\\\/forbabyboss.com\\\/wp-content\\\/uploads\\\/2022\\\/09\\\/Baby-pram-Buggy-3in1-Travel-System-Pushchair-Car-Seat-From-Birth-Toddlers-Grey-main.png\",\"contentUrl\":\"https:\\\/\\\/forbabyboss.com\\\/wp-content\\\/uploads\\\/2022\\\/09\\\/Baby-pram-Buggy-3in1-Travel-System-Pushchair-Car-Seat-From-Birth-Toddlers-Grey-main.png\",\"width\":1600,\"height\":1600},{\"@type\":\"BreadcrumbList\",\"@id\":\"https:\\\/\\\/forbabyboss.com\\\/product\\\/baby-pram-3in1-pushchair-from-birth-toddlers-in-grey\\\/#breadcrumb\",\"itemListElement\":[{\"@type\":\"ListItem\",\"position\":1,\"name\":\"Home\",\"item\":\"https:\\\/\\\/forbabyboss.com\\\/\"},{\"@type\":\"ListItem\",\"position\":2,\"name\":\"Shop\",\"item\":\"https:\\\/\\\/forbabyboss.com\\\/shop\\\/\"},{\"@type\":\"ListItem\",\"position\":3,\"name\":\"Baby Pram 3in1 Pushchair From Birth &#038; Toddlers in Grey\"}]},{\"@type\":\"WebSite\",\"@id\":\"https:\\\/\\\/powderblue-seahorse-496884.hostingersite.com\\\/#website\",\"url\":\"https:\\\/\\\/powderblue-seahorse-496884.hostingersite.com\\\/\",\"name\":\"For Baby Boss\",\"description\":\"Beautiful gifts and accessories for your baby boss\",\"potentialAction\":[{\"@type\":\"SearchAction\",\"target\":{\"@type\":\"EntryPoint\",\"urlTemplate\":\"https:\\\/\\\/powderblue-seahorse-496884.hostingersite.com\\\/?s={search_term_string}\"},\"query-input\":{\"@type\":\"PropertyValueSpecification\",\"valueRequired\":true,\"valueName\":\"search_term_string\"}}],\"inLanguage\":\"de\"}]}<\/script>\n<!-- \/ Yoast SEO plugin. -->","yoast_head_json":{"title":"3-in-1-Kinderwagen f\u00fcr Babys ab Geburt und Kleinkinder in Grau \u2013 f\u00fcr Baby Boss","description":"3-in-1-Kinderwagen f\u00fcr Babys ab Geburt und Kleinkinder in Grau","robots":{"index":"index","follow":"follow","max-snippet":"max-snippet:-1","max-image-preview":"max-image-preview:large","max-video-preview":"max-video-preview:-1"},"canonical":"https:\/\/forbabyboss.com\/de\/product\/3-in-1-kinderwagen-fur-babys-und-kleinkinder-ab-geburt-in-grau\/","og_locale":"de_DE","og_type":"article","og_title":"Baby Pram 3in1 Pushchair From Birth & Toddlers in Grey - For Baby Boss","og_description":"Baby Pram 3in1 Pushchair From Birth & Toddlers in Grey","og_url":"https:\/\/forbabyboss.com\/de\/product\/3-in-1-kinderwagen-fur-babys-und-kleinkinder-ab-geburt-in-grau\/","og_site_name":"For Baby Boss","article_modified_time":"2026-02-21T11:48:54+00:00","og_image":[{"width":1600,"height":1600,"url":"https:\/\/forbabyboss.com\/wp-content\/uploads\/2022\/09\/Baby-pram-Buggy-3in1-Travel-System-Pushchair-Car-Seat-From-Birth-Toddlers-Grey-main.png","type":"image\/png"}],"twitter_card":"summary_large_image","twitter_misc":{"Gesch\u00e4tzte Lesezeit":"2\u00a0Minuten"},"schema":{"@context":"https:\/\/schema.org","@graph":[{"@type":"WebPage","@id":"https:\/\/forbabyboss.com\/product\/baby-pram-3in1-pushchair-from-birth-toddlers-in-grey\/","url":"https:\/\/forbabyboss.com\/product\/baby-pram-3in1-pushchair-from-birth-toddlers-in-grey\/","name":"3-in-1-Kinderwagen f\u00fcr Babys ab Geburt und Kleinkinder in Grau \u2013 f\u00fcr Baby Boss","isPartOf":{"@id":"https:\/\/powderblue-seahorse-496884.hostingersite.com\/#website"},"primaryImageOfPage":{"@id":"https:\/\/forbabyboss.com\/product\/baby-pram-3in1-pushchair-from-birth-toddlers-in-grey\/#primaryimage"},"image":{"@id":"https:\/\/forbabyboss.com\/product\/baby-pram-3in1-pushchair-from-birth-toddlers-in-grey\/#primaryimage"},"thumbnailUrl":"https:\/\/forbabyboss.com\/wp-content\/uploads\/2022\/09\/Baby-pram-Buggy-3in1-Travel-System-Pushchair-Car-Seat-From-Birth-Toddlers-Grey-main.png","datePublished":"2022-09-13T12:56:54+00:00","dateModified":"2026-02-21T11:48:54+00:00","description":"3-in-1-Kinderwagen f\u00fcr Babys ab Geburt und Kleinkinder in Grau","breadcrumb":{"@id":"https:\/\/forbabyboss.com\/product\/baby-pram-3in1-pushchair-from-birth-toddlers-in-grey\/#breadcrumb"},"inLanguage":"de","potentialAction":[{"@type":"ReadAction","target":["https:\/\/forbabyboss.com\/product\/baby-pram-3in1-pushchair-from-birth-toddlers-in-grey\/"]}]},{"@type":"ImageObject","inLanguage":"de","@id":"https:\/\/forbabyboss.com\/product\/baby-pram-3in1-pushchair-from-birth-toddlers-in-grey\/#primaryimage","url":"https:\/\/forbabyboss.com\/wp-content\/uploads\/2022\/09\/Baby-pram-Buggy-3in1-Travel-System-Pushchair-Car-Seat-From-Birth-Toddlers-Grey-main.png","contentUrl":"https:\/\/forbabyboss.com\/wp-content\/uploads\/2022\/09\/Baby-pram-Buggy-3in1-Travel-System-Pushchair-Car-Seat-From-Birth-Toddlers-Grey-main.png","width":1600,"height":1600},{"@type":"BreadcrumbList","@id":"https:\/\/forbabyboss.com\/product\/baby-pram-3in1-pushchair-from-birth-toddlers-in-grey\/#breadcrumb","itemListElement":[{"@type":"ListItem","position":1,"name":"Home","item":"https:\/\/forbabyboss.com\/"},{"@type":"ListItem","position":2,"name":"Shop","item":"https:\/\/forbabyboss.com\/shop\/"},{"@type":"ListItem","position":3,"name":"Baby Pram 3in1 Pushchair From Birth &#038; Toddlers in Grey"}]},{"@type":"WebSite","@id":"https:\/\/powderblue-seahorse-496884.hostingersite.com\/#website","url":"https:\/\/powderblue-seahorse-496884.hostingersite.com\/","name":"F\u00fcr Baby Boss","description":"Wundersch\u00f6ne Geschenke und Accessoires f\u00fcr Ihren kleinen Chef","potentialAction":[{"@type":"SearchAction","target":{"@type":"EntryPoint","urlTemplate":"https:\/\/powderblue-seahorse-496884.hostingersite.com\/?s={search_term_string}"},"query-input":{"@type":"PropertyValueSpecification","valueRequired":true,"valueName":"search_term_string"}}],"inLanguage":"de"}]}},"_links":{"self":[{"href":"https:\/\/forbabyboss.com\/de\/wp-json\/wp\/v2\/product\/5510","targetHints":{"allow":["GET"]}}],"collection":[{"href":"https:\/\/forbabyboss.com\/de\/wp-json\/wp\/v2\/product"}],"about":[{"href":"https:\/\/forbabyboss.com\/de\/wp-json\/wp\/v2\/types\/product"}],"wp:featuredmedia":[{"embeddable":true,"href":"https:\/\/forbabyboss.com\/de\/wp-json\/wp\/v2\/media\/5511"}],"wp:attachment":[{"href":"https:\/\/forbabyboss.com\/de\/wp-json\/wp\/v2\/media?parent=5510"}],"wp:term":[{"taxonomy":"product_brand","embeddable":true,"href":"https:\/\/forbabyboss.com\/de\/wp-json\/wp\/v2\/product_brand?post=5510"},{"taxonomy":"product_cat","embeddable":true,"href":"https:\/\/forbabyboss.com\/de\/wp-json\/wp\/v2\/product_cat?post=5510"},{"taxonomy":"product_tag","embeddable":true,"href":"https:\/\/forbabyboss.com\/de\/wp-json\/wp\/v2\/product_tag?post=5510"}],"curies":[{"name":"wp","href":"https:\/\/api.w.org\/{rel}","templated":true}]}}