{"id":5597,"date":"2022-09-13T15:47:22","date_gmt":"2022-09-13T15:47:22","guid":{"rendered":"http:\/\/forbabyboss.com\/?post_type=product&#038;p=5597"},"modified":"2026-02-21T11:14:50","modified_gmt":"2026-02-21T11:14:50","slug":"baby-reisesystem-3-in-1-autositz-faltbarer-kinderwagen-buggy-ab-geburt-mintgrun-mit-weisen-punkten-schwarzes-gestell","status":"publish","type":"product","link":"https:\/\/forbabyboss.com\/de\/product\/baby-travel-system-pushchair-3-in-1-car-seat-foldable-pram-buggy-from-birth-mint-white-dots-black-frame\/","title":{"rendered":"Baby-Reisesystem Kinderwagen 3 in 1 Autositz Faltbarer Kinderwagen Buggy Ab Geburt - Mint &amp; Wei\u00dfe Punkte (schwarzes Gestell)"},"content":{"rendered":"<div style=\"width: 1020px;\" class=\"wp-video\"><video class=\"wp-video-shortcode\" id=\"video-5597-1\" width=\"1020\" height=\"574\" preload=\"metadata\" controls=\"controls\"><source type=\"video\/mp4\" src=\"http:\/\/forbabyboss.com\/wp-content\/uploads\/2022\/09\/Baby-Travel-System-Pushchair-3-in-1-Car-seat-Foldable-Pram-Buggy-From-Birth.mp4?_=1\" \/><a href=\"http:\/\/forbabyboss.com\/wp-content\/uploads\/2022\/09\/Baby-Travel-System-Pushchair-3-in-1-Car-seat-Foldable-Pram-Buggy-From-Birth.mp4\">http:\/\/forbabyboss.com\/wp-content\/uploads\/2022\/09\/Baby-Travel-System-Pushchair-3-in-1-Car-seat-Foldable-Pram-Buggy-From-Birth.mp4<\/a><\/video><\/div>\n<h1><span style=\"font-size: 250%; color: #808080;\"><strong>Kinderwagen Mila<\/strong><\/span><\/h1>\n<p style=\"text-align: justify;\"><span style=\"color: #808080;\">MILA \u2013 ein moderner und funktionaler Kinderwagen, der mehr Freude beim Spazierengehen bietet und durch sein innovatives Design ein Gef\u00fchl von Einzigartigkeit vermittelt.<\/span><br \/>\n<span style=\"color: #808080;\">Der Kinderwagen ist f\u00fcr Kinder von 6 bis 36 Monaten geeignet. Dank des leichten Rahmens und der praktischen Designl\u00f6sung ist die Nutzung des Kinderwagens noch komfortabler.<\/span><\/p>\n<p style=\"text-align: justify;\"><span style=\"color: #808080;\">Einzelkinderwagen f\u00fcr Kinder mit einem Gewicht von 1 bis 15 kg<\/span><br \/>\n<span style=\"color: #808080;\">Es verf\u00fcgt \u00fcber die T\u00dcV NORD-Zertifizierung, die h\u00f6chste Qualit\u00e4t und Sicherheit f\u00fcr Ihr Kind garantiert.<\/span><br \/>\n<span style=\"color: #808080;\">Der Kinderwagen entspricht der neuesten strengen Sicherheitsnorm EN 1888-1:2018<\/span><\/p>\n<h3 style=\"text-align: justify;\"><span style=\"color: #808080;\"><strong>Das Set enth\u00e4lt:<\/strong><\/span><\/h3>\n<p style=\"text-align: justify;\"><span style=\"color: #808080;\">\u2022Prame-Rahmen<\/span><\/p>\n<p style=\"text-align: justify;\"><span style=\"color: #808080;\">\u2022Tragetasche<\/span><\/p>\n<p style=\"text-align: justify;\"><span style=\"color: #808080;\">\u2022Sportsitz<\/span><\/p>\n<p style=\"text-align: justify;\"><span style=\"color: #808080;\">\u2022Umh\u00e4ngetasche<\/span><\/p>\n<p style=\"text-align: justify;\"><span style=\"color: #808080;\">\u2022Autositz (nur im 3-in-1-Set)<\/span><\/p>\n<p style=\"text-align: justify;\"><span style=\"color: #808080;\">\u2022zus\u00e4tzlich: Regenschutz, Moskitonetz, Einkaufskorb<strong><br \/>\n<\/strong><\/span><\/p>\n<h3 style=\"text-align: justify;\"><span style=\"color: #808080;\"><strong>Kinderwagengestell:<\/strong><\/span><\/h3>\n<p style=\"text-align: justify;\"><span style=\"color: #808080;\">\u2022 Aluminiumrahmen \u2013 leicht und robust<\/span><\/p>\n<p style=\"text-align: justify;\"><span style=\"color: #808080;\">\u2022 Schwenkbare, problemlose Gelr\u00e4der \u2013 sie sind pannensicher<\/span><\/p>\n<p style=\"text-align: justify;\"><span style=\"color: #808080;\">\u2022Die Lager in den R\u00e4dern erleichtern das Schieben des Kinderwagens.<\/span><\/p>\n<p style=\"text-align: justify;\"><span style=\"color: #808080;\">\u2022 verstellbare H\u00f6he des mit \u00d6ko-Leder bezogenen Griffs<\/span><\/p>\n<p style=\"text-align: justify;\"><span style=\"color: #808080;\">\u2022 Gepolsterte Hinterradaufh\u00e4ngung \u2013 sorgt f\u00fcr Komfort bei jedem Gang<\/span><\/p>\n<p style=\"text-align: justify;\"><span style=\"color: #808080;\">\u2022Kompakte Gr\u00f6\u00dfe im zusammengeklappten Zustand<\/span><\/p>\n<p style=\"text-align: justify;\"><span style=\"color: #808080;\">\u2022 einfaches System zum Anbringen und Abnehmen der Babywanne, des Sportsitzes und des Autositzes<\/span><br \/>\n<span style=\"color: #808080;\">\u2022ausgestattet mit einer Zentralbremse f\u00fcr Stabilit\u00e4t<\/span><\/p>\n<p style=\"text-align: justify;\"><span style=\"color: #808080;\">\u2022Die zus\u00e4tzliche Seitenaufh\u00e4ngung des Kinderwagengestells erm\u00f6glicht eine Arretierung und sorgt so f\u00fcr eine noch bessere D\u00e4mpfung der beim Schieben auftretenden St\u00f6\u00dfe sowie f\u00fcr ein angenehmes Schaukeln Ihres Kindes.<\/span><\/p>\n<h3 style=\"text-align: justify;\"><span style=\"color: #808080;\"><strong>Babywanne:<\/strong><\/span><\/h3>\n<p style=\"text-align: justify;\"><span style=\"color: #808080;\">\u2022gro\u00dfe Babywanne, die auch als Wiege verwendet werden kann<\/span><\/p>\n<p style=\"text-align: justify;\"><span style=\"color: #808080;\">\u2022 Ausgestattet mit einem passgenauen, abnehmbaren Fu\u00df\u00fcberzug \u2013 sch\u00fctzt Ihr Kind vor schlechtem Wetter<\/span><\/p>\n<p style=\"text-align: justify;\"><span style=\"color: #808080;\">\u2022Ergonomischer Griff mit \u00d6ko-Lederbezug \u2013 erleichtert das Tragen der Babywanne<\/span><\/p>\n<p style=\"text-align: justify;\"><span style=\"color: #808080;\">\u2022elastische Matratze und weiche Polsterung der Babywanne<\/span><\/p>\n<p style=\"text-align: justify;\"><span style=\"color: #808080;\">\u2022verstellbare Kopfst\u00fctze<\/span><\/p>\n<p style=\"text-align: justify;\"><span style=\"color: #808080;\">\u2022Die Bel\u00fcftung im Babywannenfach sorgt f\u00fcr Frischluftzufuhr und verhindert so eine \u00dcberhitzung des Babys.<\/span><\/p>\n<h3 style=\"text-align: justify;\"><span style=\"color: #808080;\"><strong>Sportsitz:<\/strong><\/span><\/h3>\n<p style=\"text-align: justify;\"><span style=\"color: #808080;\">\u2022Eine Montage nach vorne oder nach hinten ist m\u00f6glich.<\/span><\/p>\n<p style=\"text-align: justify;\"><span style=\"color: #808080;\">\u2022 F\u00fcnfpunkt-Sicherheitsgurte, verstellbar<\/span><\/p>\n<p style=\"text-align: justify;\"><span style=\"color: #808080;\">\u2022abnehmbare Barriere, bezogen mit \u00d6ko-Leder<\/span><\/p>\n<p style=\"text-align: justify;\"><span style=\"color: #808080;\">\u2022 bequeme, verstellbare Fu\u00dfst\u00fctze<\/span><\/p>\n<p style=\"text-align: justify;\"><span style=\"color: #808080;\">\u2022 Bel\u00fcftungsfenster an der R\u00fcckseite des Verdecks<\/span><\/p>\n<p style=\"text-align: justify;\"><span style=\"color: #808080;\">\u2022Kompakte Gr\u00f6\u00dfe im zusammengeklappten Zustand<\/span><\/p>\n<p style=\"text-align: justify;\"><span style=\"color: #808080;\">\u2022 Verstellbare R\u00fcckenlehne \u2013 bis hin zur flachen Position, der ges\u00fcndesten Position f\u00fcr Ihr Baby beim Schlafen<\/span><\/p>\n<p style=\"text-align: justify;\"><span style=\"color: #808080;\">\u2022 verstellbares, abnehmbares Verdeck<\/span><\/p>\n<p style=\"text-align: justify;\"><span style=\"color: #808080;\">\u2022 Angepasster, abnehmbarer Fu\u00df\u00fcberzug \u2013 sch\u00fctzt Ihr Kind vor unbest\u00e4ndigem Wetter<\/span><\/p>\n<p style=\"text-align: justify;\"><a href=\"http:\/\/forbabyboss.com\/wp-content\/uploads\/2022\/09\/checkout.png\"><img loading=\"lazy\" decoding=\"async\" class=\"alignnone size-full wp-image-5965\" src=\"http:\/\/forbabyboss.com\/wp-content\/uploads\/2022\/09\/checkout.png\" alt=\"\" width=\"750\" height=\"276\" srcset=\"https:\/\/forbabyboss.com\/wp-content\/uploads\/2022\/09\/checkout.png 750w, https:\/\/forbabyboss.com\/wp-content\/uploads\/2022\/09\/checkout-600x221.png 600w\" sizes=\"auto, (max-width: 750px) 100vw, 750px\" \/><\/a><\/p>","protected":false},"excerpt":{"rendered":"<p><a href=\"http:\/\/forbabyboss.com\/wp-content\/uploads\/2022\/09\/Star-Rating-5.png\"><img loading=\"lazy\" decoding=\"async\" class=\"alignnone size-full wp-image-5973 aligncenter\" src=\"http:\/\/forbabyboss.com\/wp-content\/uploads\/2022\/09\/Star-Rating-5.png\" alt=\"\" width=\"275\" height=\"45\" \/><\/a><\/p>\n<p style=\"text-align: center;\"><span style=\"color: #ed1c24; font-size: 120%;\"><b>PREISGARANTIE<\/b><\/span><\/p>\n<p style=\"text-align: center;\"><span style=\"font-size: 115%;\"><span style=\"font-weight: 400; color: #4f4fa7;\">Kostenloser Versand<\/span><span style=\"font-weight: 400;\"> \u2013 2 \u2013 7 Tage<\/span><\/span><\/p>\n<p style=\"text-align: center;\"><strong><span style=\"color: #29606b;\">Gratisgeschenk ab einem Einkaufswert von 100 \u00a3<\/span><\/strong><\/p>","protected":false},"featured_media":5598,"template":"","meta":[],"product_brand":[577],"product_cat":[339,156,207,305,310,303,130,209,211],"product_tag":[163,199],"class_list":{"0":"post-5597","1":"product","2":"type-product","3":"status-publish","4":"has-post-thumbnail","6":"product_brand-kunert","7":"product_cat-700-to-800","8":"product_cat-3-in-1","9":"product_cat-black","10":"product_cat-colour","11":"product_cat-mint","12":"product_cat-pattern","13":"product_cat-prams","14":"product_cat-push-chairs","15":"product_cat-stroller","16":"product_tag-3-in-1-prams","17":"product_tag-prams","19":"first","20":"instock","21":"sale","22":"shipping-taxable","23":"purchasable","24":"product-type-simple"},"yoast_head":"<!-- This site is optimized with the Yoast SEO plugin v27.5 - https:\/\/yoast.com\/product\/yoast-seo-wordpress\/ -->\n<title>Baby Travel System Pushchair 3 in 1 Car seat Foldable Pram Buggy From Birth -Mint &amp; White Dots (black frame) - For Baby Boss<\/title>\n<meta name=\"robots\" content=\"index, follow, max-snippet:-1, max-image-preview:large, max-video-preview:-1\" \/>\n<link rel=\"canonical\" href=\"https:\/\/forbabyboss.com\/de\/product\/baby-reisesystem-3-in-1-autositz-faltbarer-kinderwagen-buggy-ab-geburt-mintgrun-mit-weisen-punkten-schwarzes-gestell\/\" \/>\n<meta property=\"og:locale\" content=\"de_DE\" \/>\n<meta property=\"og:type\" content=\"article\" \/>\n<meta property=\"og:title\" content=\"Baby Travel System Pushchair 3 in 1 Car seat Foldable Pram Buggy From Birth -Mint &amp; White Dots (black frame) - For Baby Boss\" \/>\n<meta property=\"og:description\" content=\"PRICE MATCH GUARANTEE Free Delivery \u2013 2 \u2013 7 days Free gift with purchases over \u00a3100\" \/>\n<meta property=\"og:url\" content=\"https:\/\/forbabyboss.com\/de\/product\/baby-reisesystem-3-in-1-autositz-faltbarer-kinderwagen-buggy-ab-geburt-mintgrun-mit-weisen-punkten-schwarzes-gestell\/\" \/>\n<meta property=\"og:site_name\" content=\"For Baby Boss\" \/>\n<meta property=\"article:modified_time\" content=\"2026-02-21T11:14:50+00:00\" \/>\n<meta property=\"og:image\" content=\"https:\/\/forbabyboss.com\/wp-content\/uploads\/2022\/09\/Baby-Travel-System-Pushchair-3-in-1-Car-seat-Foldable-Pram-Buggy-From-Birth-Mint-White-Dots-black-frame-main.png\" \/>\n\t<meta property=\"og:image:width\" content=\"1309\" \/>\n\t<meta property=\"og:image:height\" content=\"900\" \/>\n\t<meta property=\"og:image:type\" content=\"image\/png\" \/>\n<meta name=\"twitter:card\" content=\"summary_large_image\" \/>\n<meta name=\"twitter:label1\" content=\"Gesch\u00e4tzte Lesezeit\" \/>\n\t<meta name=\"twitter:data1\" content=\"2\u00a0Minuten\" \/>\n<script type=\"application\/ld+json\" class=\"yoast-schema-graph\">{\"@context\":\"https:\\\/\\\/schema.org\",\"@graph\":[{\"@type\":\"WebPage\",\"@id\":\"https:\\\/\\\/forbabyboss.com\\\/product\\\/baby-travel-system-pushchair-3-in-1-car-seat-foldable-pram-buggy-from-birth-mint-white-dots-black-frame\\\/\",\"url\":\"https:\\\/\\\/forbabyboss.com\\\/product\\\/baby-travel-system-pushchair-3-in-1-car-seat-foldable-pram-buggy-from-birth-mint-white-dots-black-frame\\\/\",\"name\":\"Baby Travel System Pushchair 3 in 1 Car seat Foldable Pram Buggy From Birth -Mint & White Dots (black frame) - For Baby Boss\",\"isPartOf\":{\"@id\":\"https:\\\/\\\/powderblue-seahorse-496884.hostingersite.com\\\/#website\"},\"primaryImageOfPage\":{\"@id\":\"https:\\\/\\\/forbabyboss.com\\\/product\\\/baby-travel-system-pushchair-3-in-1-car-seat-foldable-pram-buggy-from-birth-mint-white-dots-black-frame\\\/#primaryimage\"},\"image\":{\"@id\":\"https:\\\/\\\/forbabyboss.com\\\/product\\\/baby-travel-system-pushchair-3-in-1-car-seat-foldable-pram-buggy-from-birth-mint-white-dots-black-frame\\\/#primaryimage\"},\"thumbnailUrl\":\"https:\\\/\\\/forbabyboss.com\\\/wp-content\\\/uploads\\\/2022\\\/09\\\/Baby-Travel-System-Pushchair-3-in-1-Car-seat-Foldable-Pram-Buggy-From-Birth-Mint-White-Dots-black-frame-main.png\",\"datePublished\":\"2022-09-13T15:47:22+00:00\",\"dateModified\":\"2026-02-21T11:14:50+00:00\",\"breadcrumb\":{\"@id\":\"https:\\\/\\\/forbabyboss.com\\\/product\\\/baby-travel-system-pushchair-3-in-1-car-seat-foldable-pram-buggy-from-birth-mint-white-dots-black-frame\\\/#breadcrumb\"},\"inLanguage\":\"de\",\"potentialAction\":[{\"@type\":\"ReadAction\",\"target\":[\"https:\\\/\\\/forbabyboss.com\\\/product\\\/baby-travel-system-pushchair-3-in-1-car-seat-foldable-pram-buggy-from-birth-mint-white-dots-black-frame\\\/\"]}]},{\"@type\":\"ImageObject\",\"inLanguage\":\"de\",\"@id\":\"https:\\\/\\\/forbabyboss.com\\\/product\\\/baby-travel-system-pushchair-3-in-1-car-seat-foldable-pram-buggy-from-birth-mint-white-dots-black-frame\\\/#primaryimage\",\"url\":\"https:\\\/\\\/forbabyboss.com\\\/wp-content\\\/uploads\\\/2022\\\/09\\\/Baby-Travel-System-Pushchair-3-in-1-Car-seat-Foldable-Pram-Buggy-From-Birth-Mint-White-Dots-black-frame-main.png\",\"contentUrl\":\"https:\\\/\\\/forbabyboss.com\\\/wp-content\\\/uploads\\\/2022\\\/09\\\/Baby-Travel-System-Pushchair-3-in-1-Car-seat-Foldable-Pram-Buggy-From-Birth-Mint-White-Dots-black-frame-main.png\",\"width\":1309,\"height\":900},{\"@type\":\"BreadcrumbList\",\"@id\":\"https:\\\/\\\/forbabyboss.com\\\/product\\\/baby-travel-system-pushchair-3-in-1-car-seat-foldable-pram-buggy-from-birth-mint-white-dots-black-frame\\\/#breadcrumb\",\"itemListElement\":[{\"@type\":\"ListItem\",\"position\":1,\"name\":\"Home\",\"item\":\"https:\\\/\\\/forbabyboss.com\\\/\"},{\"@type\":\"ListItem\",\"position\":2,\"name\":\"Shop\",\"item\":\"https:\\\/\\\/forbabyboss.com\\\/shop\\\/\"},{\"@type\":\"ListItem\",\"position\":3,\"name\":\"Baby Travel System Pushchair 3 in 1 Car seat Foldable Pram Buggy From Birth -Mint &#038; White Dots (black frame)\"}]},{\"@type\":\"WebSite\",\"@id\":\"https:\\\/\\\/powderblue-seahorse-496884.hostingersite.com\\\/#website\",\"url\":\"https:\\\/\\\/powderblue-seahorse-496884.hostingersite.com\\\/\",\"name\":\"For Baby Boss\",\"description\":\"Beautiful gifts and accessories for your baby boss\",\"potentialAction\":[{\"@type\":\"SearchAction\",\"target\":{\"@type\":\"EntryPoint\",\"urlTemplate\":\"https:\\\/\\\/powderblue-seahorse-496884.hostingersite.com\\\/?s={search_term_string}\"},\"query-input\":{\"@type\":\"PropertyValueSpecification\",\"valueRequired\":true,\"valueName\":\"search_term_string\"}}],\"inLanguage\":\"de\"}]}<\/script>\n<!-- \/ Yoast SEO plugin. -->","yoast_head_json":{"title":"Baby-Reisesystem: 3-in-1-Autositz, faltbarer Kinderwagen ab Geburt \u2013 Mintgr\u00fcn mit wei\u00dfen Punkten (schwarzes Gestell) \u2013 F\u00fcr Baby Boss","robots":{"index":"index","follow":"follow","max-snippet":"max-snippet:-1","max-image-preview":"max-image-preview:large","max-video-preview":"max-video-preview:-1"},"canonical":"https:\/\/forbabyboss.com\/de\/product\/baby-reisesystem-3-in-1-autositz-faltbarer-kinderwagen-buggy-ab-geburt-mintgrun-mit-weisen-punkten-schwarzes-gestell\/","og_locale":"de_DE","og_type":"article","og_title":"Baby Travel System Pushchair 3 in 1 Car seat Foldable Pram Buggy From Birth -Mint & White Dots (black frame) - For Baby Boss","og_description":"PRICE MATCH GUARANTEE Free Delivery \u2013 2 \u2013 7 days Free gift with purchases over \u00a3100","og_url":"https:\/\/forbabyboss.com\/de\/product\/baby-reisesystem-3-in-1-autositz-faltbarer-kinderwagen-buggy-ab-geburt-mintgrun-mit-weisen-punkten-schwarzes-gestell\/","og_site_name":"For Baby Boss","article_modified_time":"2026-02-21T11:14:50+00:00","og_image":[{"width":1309,"height":900,"url":"https:\/\/forbabyboss.com\/wp-content\/uploads\/2022\/09\/Baby-Travel-System-Pushchair-3-in-1-Car-seat-Foldable-Pram-Buggy-From-Birth-Mint-White-Dots-black-frame-main.png","type":"image\/png"}],"twitter_card":"summary_large_image","twitter_misc":{"Gesch\u00e4tzte Lesezeit":"2\u00a0Minuten"},"schema":{"@context":"https:\/\/schema.org","@graph":[{"@type":"WebPage","@id":"https:\/\/forbabyboss.com\/product\/baby-travel-system-pushchair-3-in-1-car-seat-foldable-pram-buggy-from-birth-mint-white-dots-black-frame\/","url":"https:\/\/forbabyboss.com\/product\/baby-travel-system-pushchair-3-in-1-car-seat-foldable-pram-buggy-from-birth-mint-white-dots-black-frame\/","name":"Baby-Reisesystem: 3-in-1-Autositz, faltbarer Kinderwagen ab Geburt \u2013 Mintgr\u00fcn mit wei\u00dfen Punkten (schwarzes Gestell) \u2013 F\u00fcr Baby Boss","isPartOf":{"@id":"https:\/\/powderblue-seahorse-496884.hostingersite.com\/#website"},"primaryImageOfPage":{"@id":"https:\/\/forbabyboss.com\/product\/baby-travel-system-pushchair-3-in-1-car-seat-foldable-pram-buggy-from-birth-mint-white-dots-black-frame\/#primaryimage"},"image":{"@id":"https:\/\/forbabyboss.com\/product\/baby-travel-system-pushchair-3-in-1-car-seat-foldable-pram-buggy-from-birth-mint-white-dots-black-frame\/#primaryimage"},"thumbnailUrl":"https:\/\/forbabyboss.com\/wp-content\/uploads\/2022\/09\/Baby-Travel-System-Pushchair-3-in-1-Car-seat-Foldable-Pram-Buggy-From-Birth-Mint-White-Dots-black-frame-main.png","datePublished":"2022-09-13T15:47:22+00:00","dateModified":"2026-02-21T11:14:50+00:00","breadcrumb":{"@id":"https:\/\/forbabyboss.com\/product\/baby-travel-system-pushchair-3-in-1-car-seat-foldable-pram-buggy-from-birth-mint-white-dots-black-frame\/#breadcrumb"},"inLanguage":"de","potentialAction":[{"@type":"ReadAction","target":["https:\/\/forbabyboss.com\/product\/baby-travel-system-pushchair-3-in-1-car-seat-foldable-pram-buggy-from-birth-mint-white-dots-black-frame\/"]}]},{"@type":"ImageObject","inLanguage":"de","@id":"https:\/\/forbabyboss.com\/product\/baby-travel-system-pushchair-3-in-1-car-seat-foldable-pram-buggy-from-birth-mint-white-dots-black-frame\/#primaryimage","url":"https:\/\/forbabyboss.com\/wp-content\/uploads\/2022\/09\/Baby-Travel-System-Pushchair-3-in-1-Car-seat-Foldable-Pram-Buggy-From-Birth-Mint-White-Dots-black-frame-main.png","contentUrl":"https:\/\/forbabyboss.com\/wp-content\/uploads\/2022\/09\/Baby-Travel-System-Pushchair-3-in-1-Car-seat-Foldable-Pram-Buggy-From-Birth-Mint-White-Dots-black-frame-main.png","width":1309,"height":900},{"@type":"BreadcrumbList","@id":"https:\/\/forbabyboss.com\/product\/baby-travel-system-pushchair-3-in-1-car-seat-foldable-pram-buggy-from-birth-mint-white-dots-black-frame\/#breadcrumb","itemListElement":[{"@type":"ListItem","position":1,"name":"Home","item":"https:\/\/forbabyboss.com\/"},{"@type":"ListItem","position":2,"name":"Shop","item":"https:\/\/forbabyboss.com\/shop\/"},{"@type":"ListItem","position":3,"name":"Baby Travel System Pushchair 3 in 1 Car seat Foldable Pram Buggy From Birth -Mint &#038; White Dots (black frame)"}]},{"@type":"WebSite","@id":"https:\/\/powderblue-seahorse-496884.hostingersite.com\/#website","url":"https:\/\/powderblue-seahorse-496884.hostingersite.com\/","name":"F\u00fcr Baby Boss","description":"Wundersch\u00f6ne Geschenke und Accessoires f\u00fcr Ihren kleinen Chef","potentialAction":[{"@type":"SearchAction","target":{"@type":"EntryPoint","urlTemplate":"https:\/\/powderblue-seahorse-496884.hostingersite.com\/?s={search_term_string}"},"query-input":{"@type":"PropertyValueSpecification","valueRequired":true,"valueName":"search_term_string"}}],"inLanguage":"de"}]}},"_links":{"self":[{"href":"https:\/\/forbabyboss.com\/de\/wp-json\/wp\/v2\/product\/5597","targetHints":{"allow":["GET"]}}],"collection":[{"href":"https:\/\/forbabyboss.com\/de\/wp-json\/wp\/v2\/product"}],"about":[{"href":"https:\/\/forbabyboss.com\/de\/wp-json\/wp\/v2\/types\/product"}],"wp:featuredmedia":[{"embeddable":true,"href":"https:\/\/forbabyboss.com\/de\/wp-json\/wp\/v2\/media\/5598"}],"wp:attachment":[{"href":"https:\/\/forbabyboss.com\/de\/wp-json\/wp\/v2\/media?parent=5597"}],"wp:term":[{"taxonomy":"product_brand","embeddable":true,"href":"https:\/\/forbabyboss.com\/de\/wp-json\/wp\/v2\/product_brand?post=5597"},{"taxonomy":"product_cat","embeddable":true,"href":"https:\/\/forbabyboss.com\/de\/wp-json\/wp\/v2\/product_cat?post=5597"},{"taxonomy":"product_tag","embeddable":true,"href":"https:\/\/forbabyboss.com\/de\/wp-json\/wp\/v2\/product_tag?post=5597"}],"curies":[{"name":"wp","href":"https:\/\/api.w.org\/{rel}","templated":true}]}}