{"id":5672,"date":"2022-09-13T17:45:57","date_gmt":"2022-09-13T17:45:57","guid":{"rendered":"http:\/\/forbabyboss.com\/?post_type=product&#038;p=5672"},"modified":"2026-02-18T19:52:38","modified_gmt":"2026-02-18T19:52:38","slug":"kinderwagen-set-im-retro-klassik-stil-3-in-1-reisesystem-oko-leder-hellblau-silbernes-gestell","status":"publish","type":"product","link":"https:\/\/forbabyboss.com\/de\/product\/baby-pram-retro-classic-buggy-set-3in1travel-system-eco-leather-light-blue-silver-frame\/","title":{"rendered":"Kinderwagen Retro Classic Buggy Set 3in1 Reisesystem \u00d6ko-Leder - Hellblau (silbernes Gestell)"},"content":{"rendered":"<div style=\"width: 1020px;\" class=\"wp-video\"><video class=\"wp-video-shortcode\" id=\"video-5672-1\" width=\"1020\" height=\"574\" preload=\"metadata\" controls=\"controls\"><source type=\"video\/mp4\" src=\"http:\/\/forbabyboss.com\/wp-content\/uploads\/2022\/09\/romantic-vid.mp4?_=1\" \/><a href=\"http:\/\/forbabyboss.com\/wp-content\/uploads\/2022\/09\/romantic-vid.mp4\">http:\/\/forbabyboss.com\/wp-content\/uploads\/2022\/09\/romantic-vid.mp4<\/a><\/video><\/div>\n<h1><span style=\"font-size: 200%; color: #808080;\">Romantisch und exklusiv<\/span><\/h1>\n<p style=\"text-align: justify;\"><span style=\"color: #808080;\">Die Kinderwagen unseres Unternehmens werden aus hochwertigsten Materialien und Stoffen gefertigt, die \u00fcber die notwendigen Zulassungen und Zertifikate verf\u00fcgen und somit die Einhaltung der europ\u00e4ischen Gesundheits- und Sicherheitsstandards gew\u00e4hrleisten.<\/span><br \/>\n<span style=\"color: #808080;\">Der ROMANTIC Buggy vereint Komfort und Modernit\u00e4t perfekt. Vom ersten Lebensmoment an, bis das Kind selbstst\u00e4ndig sitzen kann, dient die komfortable und leichte Babywanne mit Beinauflage. Sp\u00e4ter, wenn das Kind selbstst\u00e4ndig sitzen kann, kommt der Buggy zum Einsatz. Hilfreich ist dabei die verstellbare Fu\u00dfst\u00fctze, mit der sich die Position an Alter und Bed\u00fcrfnisse des Kindes anpassen l\u00e4sst. Sicherheitsb\u00fcgel, F\u00fcnfpunkt-Sicherheitsgurte und der Schrittgurt erh\u00f6hen Komfort und Sicherheit zus\u00e4tzlich.<\/span><\/p>\n<p style=\"text-align: justify;\"><span style=\"color: #808080;\">Die von uns angebotenen Kinderwagen werden gem\u00e4\u00df der europ\u00e4ischen Norm PN-EN 1888:2018 hergestellt und verf\u00fcgen \u00fcber Zertifikate von renommierten Institutionen, die h\u00f6chste Produktqualit\u00e4t und Sicherheit gew\u00e4hrleisten.<\/span><\/p>\n<p style=\"text-align: justify;\"><span style=\"color: #808080;\">Romantische Kinderwagen sind mit Sicherheits- und Qualit\u00e4tszertifikaten ausgestattet.<\/span><\/p>\n<h4 style=\"text-align: justify;\"><span style=\"color: #808080;\"><strong>Kinderwagenstruktur:<\/strong><\/span><\/h4>\n<p><span style=\"color: #808080;\">\u2022 Hochwertige Verarbeitung aus \u00d6ko-Leder \u2022 Platzierung von Babywanne, Kinderwagen und Autositz in vorw\u00e4rts- und r\u00fcckw\u00e4rtsgerichteter Position<\/span><\/p>\n<p><span style=\"color: #808080;\">\u2022 Jedes Rad verf\u00fcgt \u00fcber ein Lager, was den Komfort verbessert.<\/span><\/p>\n<p><span style=\"color: #808080;\">\u2022 gro\u00dfer Korb, der unter dem Kinderwagen h\u00e4ngt<\/span><\/p>\n<p><span style=\"color: #808080;\">\u2022 verstellbare Griffh\u00f6he<\/span><\/p>\n<p><span style=\"color: #808080;\">\u2022 Leicht zusammenklappbarer Rahmen und geringe Gr\u00f6\u00dfe im zusammengeklappten Zustand<\/span><\/p>\n<p><span style=\"color: #808080;\">\u2022 Abmessungen des zusammengeklappten Rahmens mit R\u00e4dern:<\/span><\/p>\n<p><span style=\"color: #808080;\">\u2022 L\u00e4nge 85 cm<\/span><\/p>\n<p><span style=\"color: #808080;\">\u2022 Breite 60 cm<\/span><\/p>\n<p><span style=\"color: #808080;\">\u2022 H\u00f6he 41 cm<\/span><\/p>\n<p><span style=\"color: #808080;\">\u2022 Rahmengewicht 11 kg<\/span><\/p>\n<p><span style=\"color: #808080;\">\u2022 Gewicht des Kinderwagens mit Babywanne oder Buggy: 15 kg<\/span><\/p>\n<p><span style=\"color: #808080;\">\u2022 Dimension Kinderwagen mit Babywanne:<\/span><\/p>\n<p><span style=\"color: #808080;\">\u2022 Breite 60 cm<\/span><\/p>\n<p><span style=\"color: #808080;\">\u2022 H\u00f6he bis Kapuze 128 cm<\/span><\/p>\n<p><span style=\"color: #808080;\">\u2022 H\u00f6he bis zum Griff 103 cm<\/span><\/p>\n<h4><span style=\"color: #808080;\"><strong>Babywanne:<\/strong><\/span><\/h4>\n<p><span style=\"color: #808080;\">\u2022 Babywanne mit Wiegenfunktion und deren Blockierfunktion<\/span><\/p>\n<p><span style=\"color: #808080;\">\u2022 verstellbare H\u00f6he der R\u00fcckenlehne der Babywanne<\/span><\/p>\n<p><span style=\"color: #808080;\">\u2022 angepasste Abdeckung zum Schutz vor widrigen Wetterbedingungen<\/span><\/p>\n<p><span style=\"color: #808080;\">\u2022 Der Griff an der Haube erm\u00f6glicht es, die Babywanne zusammen mit dem Baby zu tragen<\/span><\/p>\n<p><span style=\"color: #808080;\">\u2022 Regenschutz<\/span><\/p>\n<p><span style=\"color: #808080;\">\u2022 Matratze und empfindliche Babywannenauskleidung<\/span><\/p>\n<p><span style=\"color: #808080;\">\u2022 Innenma\u00dfe: 86L x 44B x 21H<\/span><\/p>\n<p><span style=\"color: #808080;\">\u2022 Gewicht 4 kg<\/span><\/p>\n<h4><span style=\"color: #808080;\"><strong>Sportsitz:<\/strong><\/span><\/h4>\n<p><span style=\"color: #808080;\">\u2022 Beinschutz<\/span><\/p>\n<p><span style=\"color: #808080;\">\u2022 abnehmbare, verstellbare Kapuze<\/span><\/p>\n<p><span style=\"color: #808080;\">\u2022 abnehmbarer Sicherheitsb\u00fcgel<\/span><\/p>\n<p><span style=\"color: #808080;\">\u2022 4-fach verstellbare R\u00fcckenlehne<\/span><\/p>\n<p><span style=\"color: #808080;\">\u2022 verstellbare Fu\u00dfst\u00fctze<\/span><\/p>\n<p><span style=\"color: #808080;\">\u2022 flache Liegeposition f\u00fcr das Kind<\/span><\/p>\n<p><span style=\"color: #808080;\">\u2022 F\u00fcnfpunkt-Gurt, verstellbar<\/span><\/p>\n<p><span style=\"color: #808080;\">\u2022 Tasche an der R\u00fcckseite der Kapuze<\/span><\/p>\n<p><span style=\"color: #808080;\">\u2022 Abmessungen von innen:<\/span><\/p>\n<p><span style=\"color: #808080;\">\u2022 L\u00e4nge 90 cm (R\u00fcckenlehne 47, Sitzfl\u00e4che 23, Fu\u00dfst\u00fctze 21)<\/span><\/p>\n<p><span style=\"color: #808080;\">\u2022 Breite 42 cm<\/span><\/p>\n<p><span style=\"color: #808080;\">\u2022 Gewicht 3,7 kg<\/span><\/p>\n<p><span style=\"color: #808080;\"><strong>Autositz mit Adapter:<\/strong><\/span><\/p>\n<p><span style=\"color: #808080;\">\u2022 Dreipunkt-Sicherheitsgurt mit verstellbaren Protektoren<\/span><\/p>\n<p><span style=\"color: #808080;\">\u2022 abnehmbare Kapuze und Abdeckung<\/span><\/p>\n<p><span style=\"color: #808080;\">\u2022 Beilage f\u00fcr Babys<\/span><\/p>\n<p><span style=\"color: #808080;\">\u2022 verstellbarer Griff<\/span><\/p>\n<p><span style=\"color: #808080;\">\u2022 Wiegenfunktion mit Verriegelung<\/span><\/p>\n<p><span style=\"color: #808080;\">\u2022 Der Kindersitz ist f\u00fcr den Transport von Kindern im Auto geeignet.<\/span><\/p>\n<p><span style=\"color: #808080;\">\u2022 Homologation ECE R44\/04<\/span><\/p>\n<p><span style=\"color: #808080;\"><strong>DAS SET BEINHALTET:<\/strong><\/span><\/p>\n<p><span style=\"color: #808080;\">1. Rahmen mit aufblasbaren R\u00e4dern<\/span><\/p>\n<p><span style=\"color: #808080;\">2. TRAGETASCHE (KAPUZE UND ABDECKUNG)<\/span><\/p>\n<p><span style=\"color: #808080;\">3. Kinderwagen (mit Kapuze und Abdeckung), ), Kinderwagen mit Kapuze und Abdeckung, mit verstellbarer R\u00fcckenlehne und Fu\u00dfst\u00fctze<\/span><\/p>\n<p><span style=\"color: #808080;\">4. KINDERSITZ (OPTIONAL) MIT VERDECK UND BEZUG<\/span><\/p>\n<p><span style=\"color: #808080;\">5. F\u00dcNF-PUNKT-SICHERHEITSGURTE.<\/span><\/p>\n<p><span style=\"color: #808080;\">5. GROSSE TASCHE<\/span><\/p>\n<p><span style=\"color: #808080;\">6. EINKAUFSKORB<\/span><\/p>\n<p><span style=\"color: #808080;\">7. Regenschutz<\/span><\/p>\n<p><span style=\"color: #808080;\">8. WASSERDICHTE FOLIE<\/span><\/p>\n<p><span style=\"color: #808080;\">9. Moskitonetz<\/span><\/p>\n<p><span style=\"color: #808080;\">10. BABY-AUTOSITZ MIT VERDECK UND BEINENABDECKUNG, DAS AUTO<\/span><\/p>\n<p><span style=\"color: #808080;\">Der Sitz ist f\u00fcr Kinder bis 13 kg geeignet.<\/span><\/p>\n<p><span style=\"color: #808080;\">VERSTELLBARER GRIFF, EINSATZ F\u00dcR BABY UND WIEGE<\/span><\/p>\n<p><a href=\"http:\/\/forbabyboss.com\/wp-content\/uploads\/2022\/09\/checkout.png\"><img loading=\"lazy\" decoding=\"async\" class=\"alignnone size-full wp-image-5965\" src=\"http:\/\/forbabyboss.com\/wp-content\/uploads\/2022\/09\/checkout.png\" alt=\"\" width=\"750\" height=\"276\" srcset=\"https:\/\/forbabyboss.com\/wp-content\/uploads\/2022\/09\/checkout.png 750w, https:\/\/forbabyboss.com\/wp-content\/uploads\/2022\/09\/checkout-600x221.png 600w\" sizes=\"auto, (max-width: 750px) 100vw, 750px\" \/><\/a><\/p>","protected":false},"excerpt":{"rendered":"<p><a href=\"http:\/\/forbabyboss.com\/wp-content\/uploads\/2022\/09\/Star-Rating-5.png\"><img loading=\"lazy\" decoding=\"async\" class=\"alignnone size-full wp-image-5973 aligncenter\" src=\"http:\/\/forbabyboss.com\/wp-content\/uploads\/2022\/09\/Star-Rating-5.png\" alt=\"\" width=\"275\" height=\"45\" \/><\/a><\/p>\n<p style=\"text-align: center;\"><span style=\"color: #ed1c24; font-size: 120%;\"><b>PREISGARANTIE<\/b><\/span><\/p>\n<p style=\"text-align: center;\"><span style=\"font-size: 115%;\"><span style=\"font-weight: 400; color: #4f4fa7;\">Kostenloser Versand<\/span><span style=\"font-weight: 400;\"> \u2013 2 \u2013 7 Tage<\/span><\/span><\/p>\n<p style=\"text-align: center;\"><strong><span style=\"color: #29606b;\">Gratisgeschenk ab einem Einkaufswert von 100 \u00a3<\/span><\/strong><\/p>","protected":false},"featured_media":5674,"template":"","meta":[],"product_brand":[577],"product_cat":[338,339,156,305,307,130,209,221,211],"product_tag":[202],"class_list":{"0":"post-5672","1":"product","2":"type-product","3":"status-publish","4":"has-post-thumbnail","6":"product_brand-kunert","7":"product_cat-600-to-700","8":"product_cat-700-to-800","9":"product_cat-3-in-1","10":"product_cat-colour","11":"product_cat-light-blue","12":"product_cat-prams","13":"product_cat-push-chairs","14":"product_cat-silver-colour","15":"product_cat-stroller","16":"product_tag-3-in-1-pram","18":"first","19":"instock","20":"sale","21":"shipping-taxable","22":"purchasable","23":"product-type-simple"},"yoast_head":"<!-- This site is optimized with the Yoast SEO plugin v27.5 - https:\/\/yoast.com\/product\/yoast-seo-wordpress\/ -->\n<title>Baby Pram Retro Classic Buggy Set 3in1Travel System Eco Leather -Light Blue (silver frame) - For Baby Boss<\/title>\n<meta name=\"description\" content=\"Baby Pram Retro Classic Buggy Set 3in1Travel System Eco Leather NEW 2022 -Light Blue (silver frame)\" \/>\n<meta name=\"robots\" content=\"index, follow, max-snippet:-1, max-image-preview:large, max-video-preview:-1\" \/>\n<link rel=\"canonical\" href=\"https:\/\/forbabyboss.com\/de\/product\/kinderwagen-set-im-retro-klassik-stil-3-in-1-reisesystem-oko-leder-hellblau-silbernes-gestell\/\" \/>\n<meta property=\"og:locale\" content=\"de_DE\" \/>\n<meta property=\"og:type\" content=\"article\" \/>\n<meta property=\"og:title\" content=\"Baby Pram Retro Classic Buggy Set 3in1Travel System Eco Leather -Light Blue (silver frame) - For Baby Boss\" \/>\n<meta property=\"og:description\" content=\"Baby Pram Retro Classic Buggy Set 3in1Travel System Eco Leather NEW 2022 -Light Blue (silver frame)\" \/>\n<meta property=\"og:url\" content=\"https:\/\/forbabyboss.com\/de\/product\/kinderwagen-set-im-retro-klassik-stil-3-in-1-reisesystem-oko-leder-hellblau-silbernes-gestell\/\" \/>\n<meta property=\"og:site_name\" content=\"For Baby Boss\" \/>\n<meta property=\"article:modified_time\" content=\"2026-02-18T19:52:38+00:00\" \/>\n<meta property=\"og:image\" content=\"https:\/\/forbabyboss.com\/wp-content\/uploads\/2022\/09\/Baby-Pram-Retro-Classic-Buggy-Set-3in1Travel-System-Eco-Leather-NEW-2022-Light-Blue-silver-frame-main.png\" \/>\n\t<meta property=\"og:image:width\" content=\"1600\" \/>\n\t<meta property=\"og:image:height\" content=\"1600\" \/>\n\t<meta property=\"og:image:type\" content=\"image\/png\" \/>\n<meta name=\"twitter:card\" content=\"summary_large_image\" \/>\n<meta name=\"twitter:label1\" content=\"Gesch\u00e4tzte Lesezeit\" \/>\n\t<meta name=\"twitter:data1\" content=\"3\u00a0Minuten\" \/>\n<script type=\"application\/ld+json\" class=\"yoast-schema-graph\">{\"@context\":\"https:\\\/\\\/schema.org\",\"@graph\":[{\"@type\":\"WebPage\",\"@id\":\"https:\\\/\\\/forbabyboss.com\\\/product\\\/baby-pram-retro-classic-buggy-set-3in1travel-system-eco-leather-light-blue-silver-frame\\\/\",\"url\":\"https:\\\/\\\/forbabyboss.com\\\/product\\\/baby-pram-retro-classic-buggy-set-3in1travel-system-eco-leather-light-blue-silver-frame\\\/\",\"name\":\"Baby Pram Retro Classic Buggy Set 3in1Travel System Eco Leather -Light Blue (silver frame) - For Baby Boss\",\"isPartOf\":{\"@id\":\"https:\\\/\\\/powderblue-seahorse-496884.hostingersite.com\\\/#website\"},\"primaryImageOfPage\":{\"@id\":\"https:\\\/\\\/forbabyboss.com\\\/product\\\/baby-pram-retro-classic-buggy-set-3in1travel-system-eco-leather-light-blue-silver-frame\\\/#primaryimage\"},\"image\":{\"@id\":\"https:\\\/\\\/forbabyboss.com\\\/product\\\/baby-pram-retro-classic-buggy-set-3in1travel-system-eco-leather-light-blue-silver-frame\\\/#primaryimage\"},\"thumbnailUrl\":\"https:\\\/\\\/forbabyboss.com\\\/wp-content\\\/uploads\\\/2022\\\/09\\\/Baby-Pram-Retro-Classic-Buggy-Set-3in1Travel-System-Eco-Leather-NEW-2022-Light-Blue-silver-frame-main.png\",\"datePublished\":\"2022-09-13T17:45:57+00:00\",\"dateModified\":\"2026-02-18T19:52:38+00:00\",\"description\":\"Baby Pram Retro Classic Buggy Set 3in1Travel System Eco Leather NEW 2022 -Light Blue (silver frame)\",\"breadcrumb\":{\"@id\":\"https:\\\/\\\/forbabyboss.com\\\/product\\\/baby-pram-retro-classic-buggy-set-3in1travel-system-eco-leather-light-blue-silver-frame\\\/#breadcrumb\"},\"inLanguage\":\"de\",\"potentialAction\":[{\"@type\":\"ReadAction\",\"target\":[\"https:\\\/\\\/forbabyboss.com\\\/product\\\/baby-pram-retro-classic-buggy-set-3in1travel-system-eco-leather-light-blue-silver-frame\\\/\"]}]},{\"@type\":\"ImageObject\",\"inLanguage\":\"de\",\"@id\":\"https:\\\/\\\/forbabyboss.com\\\/product\\\/baby-pram-retro-classic-buggy-set-3in1travel-system-eco-leather-light-blue-silver-frame\\\/#primaryimage\",\"url\":\"https:\\\/\\\/forbabyboss.com\\\/wp-content\\\/uploads\\\/2022\\\/09\\\/Baby-Pram-Retro-Classic-Buggy-Set-3in1Travel-System-Eco-Leather-NEW-2022-Light-Blue-silver-frame-main.png\",\"contentUrl\":\"https:\\\/\\\/forbabyboss.com\\\/wp-content\\\/uploads\\\/2022\\\/09\\\/Baby-Pram-Retro-Classic-Buggy-Set-3in1Travel-System-Eco-Leather-NEW-2022-Light-Blue-silver-frame-main.png\",\"width\":1600,\"height\":1600},{\"@type\":\"BreadcrumbList\",\"@id\":\"https:\\\/\\\/forbabyboss.com\\\/product\\\/baby-pram-retro-classic-buggy-set-3in1travel-system-eco-leather-light-blue-silver-frame\\\/#breadcrumb\",\"itemListElement\":[{\"@type\":\"ListItem\",\"position\":1,\"name\":\"Home\",\"item\":\"https:\\\/\\\/forbabyboss.com\\\/\"},{\"@type\":\"ListItem\",\"position\":2,\"name\":\"Shop\",\"item\":\"https:\\\/\\\/forbabyboss.com\\\/shop\\\/\"},{\"@type\":\"ListItem\",\"position\":3,\"name\":\"Baby Pram Retro Classic Buggy Set 3in1Travel System Eco Leather -Light Blue (silver frame)\"}]},{\"@type\":\"WebSite\",\"@id\":\"https:\\\/\\\/powderblue-seahorse-496884.hostingersite.com\\\/#website\",\"url\":\"https:\\\/\\\/powderblue-seahorse-496884.hostingersite.com\\\/\",\"name\":\"For Baby Boss\",\"description\":\"Beautiful gifts and accessories for your baby boss\",\"potentialAction\":[{\"@type\":\"SearchAction\",\"target\":{\"@type\":\"EntryPoint\",\"urlTemplate\":\"https:\\\/\\\/powderblue-seahorse-496884.hostingersite.com\\\/?s={search_term_string}\"},\"query-input\":{\"@type\":\"PropertyValueSpecification\",\"valueRequired\":true,\"valueName\":\"search_term_string\"}}],\"inLanguage\":\"de\"}]}<\/script>\n<!-- \/ Yoast SEO plugin. -->","yoast_head_json":{"title":"Kinderwagen Retro Classic Buggy Set 3-in-1 Reisesystem \u00d6ko-Leder \u2013 Hellblau (silbernes Gestell) \u2013 F\u00fcr Baby Boss","description":"Kinderwagen Retro Classic Buggy Set 3in1 Reisesystem \u00d6ko-Leder NEU 2022 -Hellblau (silbernes Gestell)","robots":{"index":"index","follow":"follow","max-snippet":"max-snippet:-1","max-image-preview":"max-image-preview:large","max-video-preview":"max-video-preview:-1"},"canonical":"https:\/\/forbabyboss.com\/de\/product\/kinderwagen-set-im-retro-klassik-stil-3-in-1-reisesystem-oko-leder-hellblau-silbernes-gestell\/","og_locale":"de_DE","og_type":"article","og_title":"Baby Pram Retro Classic Buggy Set 3in1Travel System Eco Leather -Light Blue (silver frame) - For Baby Boss","og_description":"Baby Pram Retro Classic Buggy Set 3in1Travel System Eco Leather NEW 2022 -Light Blue (silver frame)","og_url":"https:\/\/forbabyboss.com\/de\/product\/kinderwagen-set-im-retro-klassik-stil-3-in-1-reisesystem-oko-leder-hellblau-silbernes-gestell\/","og_site_name":"For Baby Boss","article_modified_time":"2026-02-18T19:52:38+00:00","og_image":[{"width":1600,"height":1600,"url":"https:\/\/forbabyboss.com\/wp-content\/uploads\/2022\/09\/Baby-Pram-Retro-Classic-Buggy-Set-3in1Travel-System-Eco-Leather-NEW-2022-Light-Blue-silver-frame-main.png","type":"image\/png"}],"twitter_card":"summary_large_image","twitter_misc":{"Gesch\u00e4tzte Lesezeit":"3\u00a0Minuten"},"schema":{"@context":"https:\/\/schema.org","@graph":[{"@type":"WebPage","@id":"https:\/\/forbabyboss.com\/product\/baby-pram-retro-classic-buggy-set-3in1travel-system-eco-leather-light-blue-silver-frame\/","url":"https:\/\/forbabyboss.com\/product\/baby-pram-retro-classic-buggy-set-3in1travel-system-eco-leather-light-blue-silver-frame\/","name":"Kinderwagen Retro Classic Buggy Set 3-in-1 Reisesystem \u00d6ko-Leder \u2013 Hellblau (silbernes Gestell) \u2013 F\u00fcr Baby Boss","isPartOf":{"@id":"https:\/\/powderblue-seahorse-496884.hostingersite.com\/#website"},"primaryImageOfPage":{"@id":"https:\/\/forbabyboss.com\/product\/baby-pram-retro-classic-buggy-set-3in1travel-system-eco-leather-light-blue-silver-frame\/#primaryimage"},"image":{"@id":"https:\/\/forbabyboss.com\/product\/baby-pram-retro-classic-buggy-set-3in1travel-system-eco-leather-light-blue-silver-frame\/#primaryimage"},"thumbnailUrl":"https:\/\/forbabyboss.com\/wp-content\/uploads\/2022\/09\/Baby-Pram-Retro-Classic-Buggy-Set-3in1Travel-System-Eco-Leather-NEW-2022-Light-Blue-silver-frame-main.png","datePublished":"2022-09-13T17:45:57+00:00","dateModified":"2026-02-18T19:52:38+00:00","description":"Kinderwagen Retro Classic Buggy Set 3in1 Reisesystem \u00d6ko-Leder NEU 2022 -Hellblau (silbernes Gestell)","breadcrumb":{"@id":"https:\/\/forbabyboss.com\/product\/baby-pram-retro-classic-buggy-set-3in1travel-system-eco-leather-light-blue-silver-frame\/#breadcrumb"},"inLanguage":"de","potentialAction":[{"@type":"ReadAction","target":["https:\/\/forbabyboss.com\/product\/baby-pram-retro-classic-buggy-set-3in1travel-system-eco-leather-light-blue-silver-frame\/"]}]},{"@type":"ImageObject","inLanguage":"de","@id":"https:\/\/forbabyboss.com\/product\/baby-pram-retro-classic-buggy-set-3in1travel-system-eco-leather-light-blue-silver-frame\/#primaryimage","url":"https:\/\/forbabyboss.com\/wp-content\/uploads\/2022\/09\/Baby-Pram-Retro-Classic-Buggy-Set-3in1Travel-System-Eco-Leather-NEW-2022-Light-Blue-silver-frame-main.png","contentUrl":"https:\/\/forbabyboss.com\/wp-content\/uploads\/2022\/09\/Baby-Pram-Retro-Classic-Buggy-Set-3in1Travel-System-Eco-Leather-NEW-2022-Light-Blue-silver-frame-main.png","width":1600,"height":1600},{"@type":"BreadcrumbList","@id":"https:\/\/forbabyboss.com\/product\/baby-pram-retro-classic-buggy-set-3in1travel-system-eco-leather-light-blue-silver-frame\/#breadcrumb","itemListElement":[{"@type":"ListItem","position":1,"name":"Home","item":"https:\/\/forbabyboss.com\/"},{"@type":"ListItem","position":2,"name":"Shop","item":"https:\/\/forbabyboss.com\/shop\/"},{"@type":"ListItem","position":3,"name":"Baby Pram Retro Classic Buggy Set 3in1Travel System Eco Leather -Light Blue (silver frame)"}]},{"@type":"WebSite","@id":"https:\/\/powderblue-seahorse-496884.hostingersite.com\/#website","url":"https:\/\/powderblue-seahorse-496884.hostingersite.com\/","name":"F\u00fcr Baby Boss","description":"Wundersch\u00f6ne Geschenke und Accessoires f\u00fcr Ihren kleinen Chef","potentialAction":[{"@type":"SearchAction","target":{"@type":"EntryPoint","urlTemplate":"https:\/\/powderblue-seahorse-496884.hostingersite.com\/?s={search_term_string}"},"query-input":{"@type":"PropertyValueSpecification","valueRequired":true,"valueName":"search_term_string"}}],"inLanguage":"de"}]}},"_links":{"self":[{"href":"https:\/\/forbabyboss.com\/de\/wp-json\/wp\/v2\/product\/5672","targetHints":{"allow":["GET"]}}],"collection":[{"href":"https:\/\/forbabyboss.com\/de\/wp-json\/wp\/v2\/product"}],"about":[{"href":"https:\/\/forbabyboss.com\/de\/wp-json\/wp\/v2\/types\/product"}],"wp:featuredmedia":[{"embeddable":true,"href":"https:\/\/forbabyboss.com\/de\/wp-json\/wp\/v2\/media\/5674"}],"wp:attachment":[{"href":"https:\/\/forbabyboss.com\/de\/wp-json\/wp\/v2\/media?parent=5672"}],"wp:term":[{"taxonomy":"product_brand","embeddable":true,"href":"https:\/\/forbabyboss.com\/de\/wp-json\/wp\/v2\/product_brand?post=5672"},{"taxonomy":"product_cat","embeddable":true,"href":"https:\/\/forbabyboss.com\/de\/wp-json\/wp\/v2\/product_cat?post=5672"},{"taxonomy":"product_tag","embeddable":true,"href":"https:\/\/forbabyboss.com\/de\/wp-json\/wp\/v2\/product_tag?post=5672"}],"curies":[{"name":"wp","href":"https:\/\/api.w.org\/{rel}","templated":true}]}}